{"id":355,"date":"2020-07-06T01:28:00","date_gmt":"2020-07-05T23:28:00","guid":{"rendered":"https:\/\/locsshop.eu\/?page_id=355"},"modified":"2023-01-30T12:27:41","modified_gmt":"2023-01-30T11:27:41","slug":"om-os","status":"publish","type":"page","link":"https:\/\/locsshop.eu\/de\/om-os\/","title":{"rendered":"\u00dcber uns"},"content":{"rendered":"<div class=\"banner has-hover\" id=\"banner-970584542\">\n          <div class=\"banner-inner fill\">\n        <div class=\"banner-bg fill\" >\n            <img loading=\"lazy\" decoding=\"async\" width=\"2048\" height=\"1152\" src=\"https:\/\/locsshop.eu\/wp-content\/uploads\/2022\/02\/pexels-kaique-rocha-242138.jpg\" class=\"bg attachment-original size-original\" alt=\"\" \/>                        <div class=\"overlay\"><\/div>            \n                    <\/div>\n\t\t\n        <div class=\"banner-layers container\">\n            <div class=\"fill banner-link\"><\/div>            \n\n   <div id=\"text-box-1854156459\" class=\"text-box banner-layer x50 md-x50 lg-x50 y50 md-y50 lg-y50 res-text\">\n                                <div class=\"text-box-content text dark\">\n              \n              <div class=\"text-inner text-center\">\n                  \n\n<h3 class=\"uppercase\"><strong>\u00dcber uns<\/strong><\/h3>\n<div class=\"kvgmc6g5 cxmmr5t8 oygrvhab hcukyx3x c1et5uql\">\n<div dir=\"auto\">\n<p>Locsshop.eu ist ein Webshop mit der vielleicht gr\u00f6\u00dften Auswahl an LOCS-Sonnenbrillen in der EU zu wirklich g\u00fcnstigen Preisen und schneller Lieferung in der EU.<br \/>Wir befinden uns in D\u00e4nemark und unser Lager befindet sich auch hier. Alle unsere Pakete werden aus D\u00e4nemark verschickt, das sich innerhalb der EU befindet.<br \/>Wir importieren die Sonnenbrillen aus den USA, weshalb wir eine gro\u00dfe Auswahl der coolsten LOCS Sonnenbrillen haben.<\/p>\n<p>Wir haben Locsshop.eu gegr\u00fcndet, weil wir eine gro\u00dfe Leidenschaft f\u00fcr LOCS-Sonnenbrillen haben, sie sind mega cool, altmodisch und ikonisch. Wir kennen sie aus amerikanischen Gangsterfilmen und LOCS-Sonnenbrillen sind knallhart!. Es ist super cool, dass LOCS-Sonnenbrillen diesen rohen Ausdruck haben, wir lieben es!<\/p>\n<p>Wir m\u00f6chten, dass alle unsere Kunden ein gutes Einkaufserlebnis haben und in unser Gesch\u00e4ft zur\u00fcckkehren, wenn sie weitere Sonnenbrillen kaufen m\u00fcssen.<br \/>Deshalb stellen wir unsere Kunden in den Mittelpunkt und sind per E-Mail immer f\u00fcr Sie da.<br \/>Wir bem\u00fchen uns, die Ware so schnell wie m\u00f6glich an die Kunden zu versenden und freuen uns darauf, Ihre Bestellung zu bearbeiten.<\/p>\n<\/div>\n<\/div>\n\n              <\/div>\n           <\/div>\n                            \n<style>\n#text-box-1854156459 {\n  width: 60%;\n}\n#text-box-1854156459 .text-box-content {\n  font-size: 100%;\n}\n<\/style>\n    <\/div>\n \n\n        <\/div>\n      <\/div>\n\n            \n<style>\n#banner-970584542 {\n  padding-top: 500px;\n}\n#banner-970584542 .overlay {\n  background-color: rgba(0,0,0,.5);\n}\n<\/style>\n  <\/div>","protected":false},"excerpt":{"rendered":"","protected":false},"author":1,"featured_media":0,"parent":0,"menu_order":0,"comment_status":"closed","ping_status":"closed","template":"","meta":{"om_disable_all_campaigns":false,"_monsterinsights_skip_tracking":false,"_monsterinsights_sitenote_active":false,"_monsterinsights_sitenote_note":"","_monsterinsights_sitenote_category":0,"footnotes":""},"class_list":["post-355","page","type-page","status-publish","hentry"],"yoast_head":"<!-- This site is optimized with the Yoast SEO plugin v27.5 - https:\/\/yoast.com\/product\/yoast-seo-wordpress\/ -->\n<title>Om os | En webshop, der specialiserer sig i at s\u00e6lge Locs solbriller<\/title>\n<meta name=\"description\" content=\"EU&#039;s bedste webshop n\u00e5r du skal k\u00f8be billige Locs solbriller. Vi har et bredt udvalg af forskellige fede Locs solbriller til meget lave priser\" \/>\n<meta name=\"robots\" content=\"index, follow, max-snippet:-1, max-image-preview:large, max-video-preview:-1\" \/>\n<link rel=\"canonical\" href=\"https:\/\/locsshop.eu\/de\/om-os\/\" \/>\n<meta property=\"og:locale\" content=\"de_DE\" \/>\n<meta property=\"og:type\" content=\"article\" \/>\n<meta property=\"og:title\" content=\"Om os | En webshop, der specialiserer sig i at s\u00e6lge Locs solbriller\" \/>\n<meta property=\"og:description\" content=\"EU&#039;s bedste webshop n\u00e5r du skal k\u00f8be billige Locs solbriller. Vi har et bredt udvalg af forskellige fede Locs solbriller til meget lave priser\" \/>\n<meta property=\"og:url\" content=\"https:\/\/locsshop.eu\/de\/om-os\/\" \/>\n<meta property=\"og:site_name\" content=\"Locs Sunglasses - LOCS Supplier in EU\" \/>\n<meta property=\"article:modified_time\" content=\"2023-01-30T11:27:41+00:00\" \/>\n<meta property=\"og:image\" content=\"https:\/\/locsshop.eu\/wp-content\/uploads\/2022\/01\/Locs.png\" \/>\n\t<meta property=\"og:image:width\" content=\"600\" \/>\n\t<meta property=\"og:image:height\" content=\"200\" \/>\n\t<meta property=\"og:image:type\" content=\"image\/png\" \/>\n<meta name=\"twitter:card\" content=\"summary_large_image\" \/>\n<meta name=\"twitter:label1\" content=\"Gesch\u00e4tzte Lesezeit\" \/>\n\t<meta name=\"twitter:data1\" content=\"1\u00a0Minute\" \/>\n<script type=\"application\/ld+json\" class=\"yoast-schema-graph\">{\"@context\":\"https:\\\/\\\/schema.org\",\"@graph\":[{\"@type\":\"WebPage\",\"@id\":\"https:\\\/\\\/locsshop.eu\\\/om-os\\\/\",\"url\":\"https:\\\/\\\/locsshop.eu\\\/om-os\\\/\",\"name\":\"Om os | En webshop, der specialiserer sig i at s\u00e6lge Locs solbriller\",\"isPartOf\":{\"@id\":\"https:\\\/\\\/locsshop.eu\\\/#website\"},\"datePublished\":\"2020-07-05T23:28:00+00:00\",\"dateModified\":\"2023-01-30T11:27:41+00:00\",\"description\":\"EU's bedste webshop n\u00e5r du skal k\u00f8be billige Locs solbriller. Vi har et bredt udvalg af forskellige fede Locs solbriller til meget lave priser\",\"breadcrumb\":{\"@id\":\"https:\\\/\\\/locsshop.eu\\\/om-os\\\/#breadcrumb\"},\"inLanguage\":\"de\",\"potentialAction\":[{\"@type\":\"ReadAction\",\"target\":[\"https:\\\/\\\/locsshop.eu\\\/om-os\\\/\"]}]},{\"@type\":\"BreadcrumbList\",\"@id\":\"https:\\\/\\\/locsshop.eu\\\/om-os\\\/#breadcrumb\",\"itemListElement\":[{\"@type\":\"ListItem\",\"position\":1,\"name\":\"Hjem\",\"item\":\"https:\\\/\\\/locsshop.eu\\\/\"},{\"@type\":\"ListItem\",\"position\":2,\"name\":\"Om os\"}]},{\"@type\":\"WebSite\",\"@id\":\"https:\\\/\\\/locsshop.eu\\\/#website\",\"url\":\"https:\\\/\\\/locsshop.eu\\\/\",\"name\":\"Locs Sunglasses - LOCS Supplier in EU\",\"description\":\"We sell cheap LOCS Sunglasses\",\"publisher\":{\"@id\":\"https:\\\/\\\/locsshop.eu\\\/#organization\"},\"potentialAction\":[{\"@type\":\"SearchAction\",\"target\":{\"@type\":\"EntryPoint\",\"urlTemplate\":\"https:\\\/\\\/locsshop.eu\\\/?s={search_term_string}\"},\"query-input\":{\"@type\":\"PropertyValueSpecification\",\"valueRequired\":true,\"valueName\":\"search_term_string\"}}],\"inLanguage\":\"de\"},{\"@type\":\"Organization\",\"@id\":\"https:\\\/\\\/locsshop.eu\\\/#organization\",\"name\":\"Locsshop.eu\",\"url\":\"https:\\\/\\\/locsshop.eu\\\/\",\"logo\":{\"@type\":\"ImageObject\",\"inLanguage\":\"de\",\"@id\":\"https:\\\/\\\/locsshop.eu\\\/#\\\/schema\\\/logo\\\/image\\\/\",\"url\":\"https:\\\/\\\/locsshop.eu\\\/wp-content\\\/uploads\\\/2022\\\/02\\\/Locsshop-logo.png\",\"contentUrl\":\"https:\\\/\\\/locsshop.eu\\\/wp-content\\\/uploads\\\/2022\\\/02\\\/Locsshop-logo.png\",\"width\":930,\"height\":200,\"caption\":\"Locsshop.eu\"},\"image\":{\"@id\":\"https:\\\/\\\/locsshop.eu\\\/#\\\/schema\\\/logo\\\/image\\\/\"}}]}<\/script>\n<!-- \/ Yoast SEO plugin. -->","yoast_head_json":{"title":"\u00dcber uns | Ein Webshop, der sich auf den Verkauf von Locs-Sonnenbrillen spezialisiert hat","description":"Der beste Webshop der EU, wenn Sie g\u00fcnstige Locs-Sonnenbrillen kaufen m\u00fcssen. Wir haben eine gro\u00dfe Auswahl an verschiedenen coolen Locs Sonnenbrillen zu sehr g\u00fcnstigen Preisen","robots":{"index":"index","follow":"follow","max-snippet":"max-snippet:-1","max-image-preview":"max-image-preview:large","max-video-preview":"max-video-preview:-1"},"canonical":"https:\/\/locsshop.eu\/de\/om-os\/","og_locale":"de_DE","og_type":"article","og_title":"Om os | En webshop, der specialiserer sig i at s\u00e6lge Locs solbriller","og_description":"EU's bedste webshop n\u00e5r du skal k\u00f8be billige Locs solbriller. Vi har et bredt udvalg af forskellige fede Locs solbriller til meget lave priser","og_url":"https:\/\/locsshop.eu\/de\/om-os\/","og_site_name":"Locs Sunglasses - LOCS Supplier in EU","article_modified_time":"2023-01-30T11:27:41+00:00","og_image":[{"width":600,"height":200,"url":"https:\/\/locsshop.eu\/wp-content\/uploads\/2022\/01\/Locs.png","type":"image\/png"}],"twitter_card":"summary_large_image","twitter_misc":{"Gesch\u00e4tzte Lesezeit":"1\u00a0Minute"},"schema":{"@context":"https:\/\/schema.org","@graph":[{"@type":"WebPage","@id":"https:\/\/locsshop.eu\/om-os\/","url":"https:\/\/locsshop.eu\/om-os\/","name":"\u00dcber uns | Ein Webshop, der sich auf den Verkauf von Locs-Sonnenbrillen spezialisiert hat","isPartOf":{"@id":"https:\/\/locsshop.eu\/#website"},"datePublished":"2020-07-05T23:28:00+00:00","dateModified":"2023-01-30T11:27:41+00:00","description":"Der beste Webshop der EU, wenn Sie g\u00fcnstige Locs-Sonnenbrillen kaufen m\u00fcssen. Wir haben eine gro\u00dfe Auswahl an verschiedenen coolen Locs Sonnenbrillen zu sehr g\u00fcnstigen Preisen","breadcrumb":{"@id":"https:\/\/locsshop.eu\/om-os\/#breadcrumb"},"inLanguage":"de","potentialAction":[{"@type":"ReadAction","target":["https:\/\/locsshop.eu\/om-os\/"]}]},{"@type":"BreadcrumbList","@id":"https:\/\/locsshop.eu\/om-os\/#breadcrumb","itemListElement":[{"@type":"ListItem","position":1,"name":"Hjem","item":"https:\/\/locsshop.eu\/"},{"@type":"ListItem","position":2,"name":"Om os"}]},{"@type":"WebSite","@id":"https:\/\/locsshop.eu\/#website","url":"https:\/\/locsshop.eu\/","name":"Locs Sonnenbrillen \u2013 LOCS-Lieferant in der EU","description":"Wir verkaufen g\u00fcnstige LOCS Sonnenbrillen","publisher":{"@id":"https:\/\/locsshop.eu\/#organization"},"potentialAction":[{"@type":"SearchAction","target":{"@type":"EntryPoint","urlTemplate":"https:\/\/locsshop.eu\/?s={search_term_string}"},"query-input":{"@type":"PropertyValueSpecification","valueRequired":true,"valueName":"search_term_string"}}],"inLanguage":"de"},{"@type":"Organization","@id":"https:\/\/locsshop.eu\/#organization","name":"Locsshop.eu","url":"https:\/\/locsshop.eu\/","logo":{"@type":"ImageObject","inLanguage":"de","@id":"https:\/\/locsshop.eu\/#\/schema\/logo\/image\/","url":"https:\/\/locsshop.eu\/wp-content\/uploads\/2022\/02\/Locsshop-logo.png","contentUrl":"https:\/\/locsshop.eu\/wp-content\/uploads\/2022\/02\/Locsshop-logo.png","width":930,"height":200,"caption":"Locsshop.eu"},"image":{"@id":"https:\/\/locsshop.eu\/#\/schema\/logo\/image\/"}}]}},"_links":{"self":[{"href":"https:\/\/locsshop.eu\/de\/wp-json\/wp\/v2\/pages\/355","targetHints":{"allow":["GET"]}}],"collection":[{"href":"https:\/\/locsshop.eu\/de\/wp-json\/wp\/v2\/pages"}],"about":[{"href":"https:\/\/locsshop.eu\/de\/wp-json\/wp\/v2\/types\/page"}],"author":[{"embeddable":true,"href":"https:\/\/locsshop.eu\/de\/wp-json\/wp\/v2\/users\/1"}],"replies":[{"embeddable":true,"href":"https:\/\/locsshop.eu\/de\/wp-json\/wp\/v2\/comments?post=355"}],"version-history":[{"count":15,"href":"https:\/\/locsshop.eu\/de\/wp-json\/wp\/v2\/pages\/355\/revisions"}],"predecessor-version":[{"id":9357,"href":"https:\/\/locsshop.eu\/de\/wp-json\/wp\/v2\/pages\/355\/revisions\/9357"}],"wp:attachment":[{"href":"https:\/\/locsshop.eu\/de\/wp-json\/wp\/v2\/media?parent=355"}],"curies":[{"name":"wp","href":"https:\/\/api.w.org\/{rel}","templated":true}]}}