{"id":10000,"date":"2023-05-06T16:49:51","date_gmt":"2023-05-06T14:49:51","guid":{"rendered":"https:\/\/locsshop.eu\/shop\/sikkerhedssolbriller-med-justerbare-arme-moerke-glas\/"},"modified":"2026-03-17T17:03:41","modified_gmt":"2026-03-17T16:03:41","slug":"sikkerhedssolbriller-med-justerbare-arme-moerke-glas","status":"publish","type":"product","link":"https:\/\/locsshop.eu\/de\/shop\/sikkerhedssolbriller-med-justerbare-arme-moerke-glas\/","title":{"rendered":"Schutzbrille mit verstellbaren B\u00fcgeln | Dunkle Brille"},"content":{"rendered":"<h2>Schutzbrille mit verstellbaren B\u00fcgeln | Dunkle Brille<\/h2>\n<p>Diese Schutzbrille ist ideal f\u00fcr den Einsatz beim Drehen, Fr\u00e4sen, Schleifen, Montieren usw.<br \/>\nDie Schutzbrille verf\u00fcgt \u00fcber verstellbare B\u00fcgel \u2013 optimales Sichtfeld \u2013 integrierter Seitenschutz und Augenbrauenschutz \u2013 Scheibe mit spezieller Hartbeschichtung.<\/p>\n<p>Am Ende der Stangen befinden sich kleine L\u00f6cher, in die man z.B. etwas hineinstecken kann. Sie k\u00f6nnen eine Schnur anbringen, damit Sie die Brille um Ihren Hals h\u00e4ngen k\u00f6nnen.<br \/>\nSie sollen die Augen vor Spritzern fester Stoffe sch\u00fctzen, die bei der manuellen und maschinellen Bearbeitung von Metallen, Holz, Kunststoffen, Keramik, Bergbau usw. entstehen.<br \/>\nerf\u00fcllt die Anforderungen von <strong>EN166<\/p>\n<p><\/strong>H\u00f6he: 5,1 cm.<br \/>\nInnenbreite: 13,4 cm.<br \/>\nSeitenl\u00e4nge: 11 cm. \u2013 13,15 cm.<\/p>\n<p><em>Schutzbrillen sind eine Art Schutzbrille, die dazu dient, die Augen vor gef\u00e4hrlichen Materialien oder Aktivit\u00e4ten zu sch\u00fctzen. Sie bestehen aus sto\u00dfabsorbierenden Materialien und verf\u00fcgen \u00fcber Linsen, die sto\u00df-, kratz- und chemikalienbest\u00e4ndig sind. Schutzbrillen k\u00f6nnen in vielen verschiedenen Situationen eingesetzt werden, darunter in Industrie- und Laborumgebungen, auf Baustellen, bei sportlichen Aktivit\u00e4ten, bei Feuerwerken und sogar zu Hause. <\/em><br \/>\n<em>Sie sind wichtig, um das Sehverm\u00f6gen zu sch\u00fctzen und schwere Augensch\u00e4den zu verhindern.<\/em><\/p>","protected":false},"excerpt":{"rendered":"<p><strong>Sicherheitssonnenbrille mit dunklen Gl\u00e4sern<br \/>\n<\/strong>Seitenschutz<br \/>\nVerstellbare Stangen<br \/>\nerf\u00fcllt die Anforderungen der EN166 und EN172<br \/>\nCE-gepr\u00fcft<\/p>","protected":false},"featured_media":10001,"comment_status":"open","ping_status":"closed","template":"","meta":{"om_disable_all_campaigns":false,"_monsterinsights_skip_tracking":false,"_monsterinsights_sitenote_active":false,"_monsterinsights_sitenote_note":"","_monsterinsights_sitenote_category":0},"product_brand":[],"product_cat":[1026,1029,1027,1047,1025,1033,1050],"product_tag":[1303,653,1304],"class_list":{"0":"post-10000","1":"product","2":"type-product","3":"status-publish","4":"has-post-thumbnail","6":"product_cat-dame-solbriller","7":"product_cat-herre-solbriller","8":"product_cat-andre-dame-solbriller","9":"product_cat-andre-herre-solbriller","10":"product_cat-billige-solbriller","11":"product_cat-briller","12":"product_cat-sikkerhedsbriller","13":"product_tag-gog-framber-dark","14":"product_tag-sikkerhedsbriller","15":"product_tag-sikkerhedssolbriller","17":"first","18":"instock","19":"shipping-taxable","20":"purchasable","21":"product-type-simple"},"yoast_head":"<!-- This site is optimized with the Yoast SEO plugin v27.2 - https:\/\/yoast.com\/product\/yoast-seo-wordpress\/ -->\n<title>Sikkerhedssolbriller med justerbare arme | M\u00f8rke glas | K\u00f8b online her | LOCS<\/title>\n<meta name=\"description\" content=\"K\u00f8b Sikkerhedssolbriller med justerbare arme | M\u00f8rke glas her | EU&#039;s st\u00f8rste udvalg af LOCS solbriller | Vi sender fra EU - Ingen ekstra import udgifter\" \/>\n<meta name=\"robots\" content=\"index, follow, max-snippet:-1, max-image-preview:large, max-video-preview:-1\" \/>\n<link rel=\"canonical\" href=\"https:\/\/locsshop.eu\/de\/shop\/sikkerhedssolbriller-med-justerbare-arme-moerke-glas\/\" \/>\n<meta property=\"og:locale\" content=\"de_DE\" \/>\n<meta property=\"og:type\" content=\"article\" \/>\n<meta property=\"og:title\" content=\"Sikkerhedssolbriller med justerbare arme | M\u00f8rke glas | K\u00f8b online her | LOCS\" \/>\n<meta property=\"og:description\" content=\"K\u00f8b Sikkerhedssolbriller med justerbare arme | M\u00f8rke glas her | EU&#039;s st\u00f8rste udvalg af LOCS solbriller | Vi sender fra EU - Ingen ekstra import udgifter\" \/>\n<meta property=\"og:url\" content=\"https:\/\/locsshop.eu\/de\/shop\/sikkerhedssolbriller-med-justerbare-arme-moerke-glas\/\" \/>\n<meta property=\"og:site_name\" content=\"Locs Sunglasses - LOCS Supplier in EU\" \/>\n<meta property=\"article:modified_time\" content=\"2026-03-17T16:03:41+00:00\" \/>\n<meta property=\"og:image\" content=\"https:\/\/locsshop.eu\/wp-content\/uploads\/2023\/05\/085501.jpg\" \/>\n\t<meta property=\"og:image:width\" content=\"800\" \/>\n\t<meta property=\"og:image:height\" content=\"800\" \/>\n\t<meta property=\"og:image:type\" content=\"image\/jpeg\" \/>\n<meta name=\"twitter:card\" content=\"summary_large_image\" \/>\n<meta name=\"twitter:label1\" content=\"Gesch\u00e4tzte Lesezeit\" \/>\n\t<meta name=\"twitter:data1\" content=\"1\u00a0Minute\" \/>\n<script type=\"application\/ld+json\" class=\"yoast-schema-graph\">{\"@context\":\"https:\/\/schema.org\",\"@graph\":[{\"@type\":\"WebPage\",\"@id\":\"https:\/\/locsshop.eu\/shop\/sikkerhedssolbriller-med-justerbare-arme-moerke-glas\/\",\"url\":\"https:\/\/locsshop.eu\/shop\/sikkerhedssolbriller-med-justerbare-arme-moerke-glas\/\",\"name\":\"Sikkerhedssolbriller med justerbare arme | M\u00f8rke glas | K\u00f8b online her | LOCS\",\"isPartOf\":{\"@id\":\"https:\/\/locsshop.eu\/#website\"},\"primaryImageOfPage\":{\"@id\":\"https:\/\/locsshop.eu\/shop\/sikkerhedssolbriller-med-justerbare-arme-moerke-glas\/#primaryimage\"},\"image\":{\"@id\":\"https:\/\/locsshop.eu\/shop\/sikkerhedssolbriller-med-justerbare-arme-moerke-glas\/#primaryimage\"},\"thumbnailUrl\":\"https:\/\/locsshop.eu\/wp-content\/uploads\/2023\/05\/085501.jpg\",\"datePublished\":\"2023-05-06T14:49:51+00:00\",\"dateModified\":\"2026-03-17T16:03:41+00:00\",\"description\":\"K\u00f8b Sikkerhedssolbriller med justerbare arme | M\u00f8rke glas her | EU's st\u00f8rste udvalg af LOCS solbriller | Vi sender fra EU - Ingen ekstra import udgifter\",\"breadcrumb\":{\"@id\":\"https:\/\/locsshop.eu\/shop\/sikkerhedssolbriller-med-justerbare-arme-moerke-glas\/#breadcrumb\"},\"inLanguage\":\"de\",\"potentialAction\":[{\"@type\":\"ReadAction\",\"target\":[\"https:\/\/locsshop.eu\/shop\/sikkerhedssolbriller-med-justerbare-arme-moerke-glas\/\"]}]},{\"@type\":\"ImageObject\",\"inLanguage\":\"de\",\"@id\":\"https:\/\/locsshop.eu\/shop\/sikkerhedssolbriller-med-justerbare-arme-moerke-glas\/#primaryimage\",\"url\":\"https:\/\/locsshop.eu\/wp-content\/uploads\/2023\/05\/085501.jpg\",\"contentUrl\":\"https:\/\/locsshop.eu\/wp-content\/uploads\/2023\/05\/085501.jpg\",\"width\":800,\"height\":800},{\"@type\":\"BreadcrumbList\",\"@id\":\"https:\/\/locsshop.eu\/shop\/sikkerhedssolbriller-med-justerbare-arme-moerke-glas\/#breadcrumb\",\"itemListElement\":[{\"@type\":\"ListItem\",\"position\":1,\"name\":\"Hjem\",\"item\":\"https:\/\/locsshop.eu\/\"},{\"@type\":\"ListItem\",\"position\":2,\"name\":\"Shop\",\"item\":\"https:\/\/locsshop.eu\/shop\/\"},{\"@type\":\"ListItem\",\"position\":3,\"name\":\"Sikkerhedssolbriller med justerbare arme | M\u00f8rke glas\"}]},{\"@type\":\"WebSite\",\"@id\":\"https:\/\/locsshop.eu\/#website\",\"url\":\"https:\/\/locsshop.eu\/\",\"name\":\"Locs Sunglasses - LOCS Supplier in EU\",\"description\":\"We sell cheap LOCS Sunglasses\",\"publisher\":{\"@id\":\"https:\/\/locsshop.eu\/#organization\"},\"potentialAction\":[{\"@type\":\"SearchAction\",\"target\":{\"@type\":\"EntryPoint\",\"urlTemplate\":\"https:\/\/locsshop.eu\/?s={search_term_string}\"},\"query-input\":{\"@type\":\"PropertyValueSpecification\",\"valueRequired\":true,\"valueName\":\"search_term_string\"}}],\"inLanguage\":\"de\"},{\"@type\":\"Organization\",\"@id\":\"https:\/\/locsshop.eu\/#organization\",\"name\":\"Locsshop.eu\",\"url\":\"https:\/\/locsshop.eu\/\",\"logo\":{\"@type\":\"ImageObject\",\"inLanguage\":\"de\",\"@id\":\"https:\/\/locsshop.eu\/#\/schema\/logo\/image\/\",\"url\":\"https:\/\/locsshop.eu\/wp-content\/uploads\/2022\/02\/Locsshop-logo.png\",\"contentUrl\":\"https:\/\/locsshop.eu\/wp-content\/uploads\/2022\/02\/Locsshop-logo.png\",\"width\":930,\"height\":200,\"caption\":\"Locsshop.eu\"},\"image\":{\"@id\":\"https:\/\/locsshop.eu\/#\/schema\/logo\/image\/\"}}]}<\/script>\n<!-- \/ Yoast SEO plugin. -->","yoast_head_json":{"title":"Schutzbrille mit verstellbaren B\u00fcgeln | Dunkle Brille | Hier online kaufen | LOCS","description":"Kaufen Sie Sicherheitssonnenbrillen mit verstellbaren B\u00fcgeln | Dunkle Brille hier | Die gr\u00f6\u00dfte Auswahl an LOCS-Sonnenbrillen in der EU | Wir versenden aus der EU \u2013 keine zus\u00e4tzlichen Importkosten","robots":{"index":"index","follow":"follow","max-snippet":"max-snippet:-1","max-image-preview":"max-image-preview:large","max-video-preview":"max-video-preview:-1"},"canonical":"https:\/\/locsshop.eu\/de\/shop\/sikkerhedssolbriller-med-justerbare-arme-moerke-glas\/","og_locale":"de_DE","og_type":"article","og_title":"Sikkerhedssolbriller med justerbare arme | M\u00f8rke glas | K\u00f8b online her | LOCS","og_description":"K\u00f8b Sikkerhedssolbriller med justerbare arme | M\u00f8rke glas her | EU's st\u00f8rste udvalg af LOCS solbriller | Vi sender fra EU - Ingen ekstra import udgifter","og_url":"https:\/\/locsshop.eu\/de\/shop\/sikkerhedssolbriller-med-justerbare-arme-moerke-glas\/","og_site_name":"Locs Sunglasses - LOCS Supplier in EU","article_modified_time":"2026-03-17T16:03:41+00:00","og_image":[{"width":800,"height":800,"url":"https:\/\/locsshop.eu\/wp-content\/uploads\/2023\/05\/085501.jpg","type":"image\/jpeg"}],"twitter_card":"summary_large_image","twitter_misc":{"Gesch\u00e4tzte Lesezeit":"1\u00a0Minute"},"schema":{"@context":"https:\/\/schema.org","@graph":[{"@type":"WebPage","@id":"https:\/\/locsshop.eu\/shop\/sikkerhedssolbriller-med-justerbare-arme-moerke-glas\/","url":"https:\/\/locsshop.eu\/shop\/sikkerhedssolbriller-med-justerbare-arme-moerke-glas\/","name":"Schutzbrille mit verstellbaren B\u00fcgeln | Dunkle Brille | Hier online kaufen | LOCS","isPartOf":{"@id":"https:\/\/locsshop.eu\/#website"},"primaryImageOfPage":{"@id":"https:\/\/locsshop.eu\/shop\/sikkerhedssolbriller-med-justerbare-arme-moerke-glas\/#primaryimage"},"image":{"@id":"https:\/\/locsshop.eu\/shop\/sikkerhedssolbriller-med-justerbare-arme-moerke-glas\/#primaryimage"},"thumbnailUrl":"https:\/\/locsshop.eu\/wp-content\/uploads\/2023\/05\/085501.jpg","datePublished":"2023-05-06T14:49:51+00:00","dateModified":"2026-03-17T16:03:41+00:00","description":"Kaufen Sie Sicherheitssonnenbrillen mit verstellbaren B\u00fcgeln | Dunkle Brille hier | Die gr\u00f6\u00dfte Auswahl an LOCS-Sonnenbrillen in der EU | Wir versenden aus der EU \u2013 keine zus\u00e4tzlichen Importkosten","breadcrumb":{"@id":"https:\/\/locsshop.eu\/shop\/sikkerhedssolbriller-med-justerbare-arme-moerke-glas\/#breadcrumb"},"inLanguage":"de","potentialAction":[{"@type":"ReadAction","target":["https:\/\/locsshop.eu\/shop\/sikkerhedssolbriller-med-justerbare-arme-moerke-glas\/"]}]},{"@type":"ImageObject","inLanguage":"de","@id":"https:\/\/locsshop.eu\/shop\/sikkerhedssolbriller-med-justerbare-arme-moerke-glas\/#primaryimage","url":"https:\/\/locsshop.eu\/wp-content\/uploads\/2023\/05\/085501.jpg","contentUrl":"https:\/\/locsshop.eu\/wp-content\/uploads\/2023\/05\/085501.jpg","width":800,"height":800},{"@type":"BreadcrumbList","@id":"https:\/\/locsshop.eu\/shop\/sikkerhedssolbriller-med-justerbare-arme-moerke-glas\/#breadcrumb","itemListElement":[{"@type":"ListItem","position":1,"name":"Hjem","item":"https:\/\/locsshop.eu\/"},{"@type":"ListItem","position":2,"name":"Shop","item":"https:\/\/locsshop.eu\/shop\/"},{"@type":"ListItem","position":3,"name":"Sikkerhedssolbriller med justerbare arme | M\u00f8rke glas"}]},{"@type":"WebSite","@id":"https:\/\/locsshop.eu\/#website","url":"https:\/\/locsshop.eu\/","name":"Locs Sonnenbrillen \u2013 LOCS-Lieferant in der EU","description":"Wir verkaufen g\u00fcnstige LOCS Sonnenbrillen","publisher":{"@id":"https:\/\/locsshop.eu\/#organization"},"potentialAction":[{"@type":"SearchAction","target":{"@type":"EntryPoint","urlTemplate":"https:\/\/locsshop.eu\/?s={search_term_string}"},"query-input":{"@type":"PropertyValueSpecification","valueRequired":true,"valueName":"search_term_string"}}],"inLanguage":"de"},{"@type":"Organization","@id":"https:\/\/locsshop.eu\/#organization","name":"Locsshop.eu","url":"https:\/\/locsshop.eu\/","logo":{"@type":"ImageObject","inLanguage":"de","@id":"https:\/\/locsshop.eu\/#\/schema\/logo\/image\/","url":"https:\/\/locsshop.eu\/wp-content\/uploads\/2022\/02\/Locsshop-logo.png","contentUrl":"https:\/\/locsshop.eu\/wp-content\/uploads\/2022\/02\/Locsshop-logo.png","width":930,"height":200,"caption":"Locsshop.eu"},"image":{"@id":"https:\/\/locsshop.eu\/#\/schema\/logo\/image\/"}}]}},"_links":{"self":[{"href":"https:\/\/locsshop.eu\/de\/wp-json\/wp\/v2\/product\/10000","targetHints":{"allow":["GET"]}}],"collection":[{"href":"https:\/\/locsshop.eu\/de\/wp-json\/wp\/v2\/product"}],"about":[{"href":"https:\/\/locsshop.eu\/de\/wp-json\/wp\/v2\/types\/product"}],"replies":[{"embeddable":true,"href":"https:\/\/locsshop.eu\/de\/wp-json\/wp\/v2\/comments?post=10000"}],"wp:featuredmedia":[{"embeddable":true,"href":"https:\/\/locsshop.eu\/de\/wp-json\/wp\/v2\/media\/10001"}],"wp:attachment":[{"href":"https:\/\/locsshop.eu\/de\/wp-json\/wp\/v2\/media?parent=10000"}],"wp:term":[{"taxonomy":"product_brand","embeddable":true,"href":"https:\/\/locsshop.eu\/de\/wp-json\/wp\/v2\/product_brand?post=10000"},{"taxonomy":"product_cat","embeddable":true,"href":"https:\/\/locsshop.eu\/de\/wp-json\/wp\/v2\/product_cat?post=10000"},{"taxonomy":"product_tag","embeddable":true,"href":"https:\/\/locsshop.eu\/de\/wp-json\/wp\/v2\/product_tag?post=10000"}],"curies":[{"name":"wp","href":"https:\/\/api.w.org\/{rel}","templated":true}]}}