{"id":10493,"date":"2023-05-27T11:53:31","date_gmt":"2023-05-27T09:53:31","guid":{"rendered":"https:\/\/locsshop.eu\/shop\/store-firkantede-damesolbriller-maria-lilla-fade-glas\/"},"modified":"2023-08-31T15:02:53","modified_gmt":"2023-08-31T13:02:53","slug":"store-firkantede-damesolbriller-maria-lilla-fade-glas","status":"publish","type":"product","link":"https:\/\/locsshop.eu\/de\/shop\/store-firkantede-damesolbriller-maria-lilla-fade-glas\/","title":{"rendered":"Gro\u00dfe quadratische Damensonnenbrille | Maria \u2013 Lila Glasschale"},"content":{"rendered":"<h2>Gro\u00dfe quadratische Damensonnenbrille | Maria \u2013 Lila Glasschale<\/h2>\n<p>Coole Damensonnenbrille f\u00fcr den sch\u00f6nsten Sommer.<br \/>\nSilberfarbene Metallsonnenbrille mit quadratischen Gl\u00e4sern und Flexb\u00fcgeln f\u00fcr optimalen Komfort<br \/>\nSie haben auch angenehm violette Stielgl\u00e4ser<\/p>\n<p>Absolut perfekt f\u00fcr den Alltag, Shoppingtouren, Caf\u00e9besuche, den Strand und den Urlaub.<\/p>\n<p>Innenbreite: 13,2 cm.<br \/>\nH\u00f6he: 5,5 cm.<br \/>\nInnenseitenl\u00e4nge: 13,4 cm.<\/p>\n<p>Material: Metall<br \/>\nUV-Schutz<br \/>\nCE-gepr\u00fcft<\/p>","protected":false},"excerpt":{"rendered":"<p>Gro\u00dfe quadratische Damensonnenbrille \u2013 Lila mattierte Gl\u00e4ser<\/p>\n<p>Silberfarbene Metallsonnenbrille mit quadratischen Gl\u00e4sern und Flexb\u00fcgeln f\u00fcr optimalen Komfort<br \/>\nSie haben auch angenehm violette Stielgl\u00e4ser<\/p>\n<p>Perfekt f\u00fcr den Alltag und den Urlaub<\/p>\n<p>UV400-Schutz.<br \/>\nCE-gepr\u00fcft.<\/p>","protected":false},"featured_media":10494,"comment_status":"open","ping_status":"closed","template":"","meta":{"om_disable_all_campaigns":false,"_monsterinsights_skip_tracking":false,"_monsterinsights_sitenote_active":false,"_monsterinsights_sitenote_note":"","_monsterinsights_sitenote_category":0},"product_brand":[],"product_cat":[1026,1027,1025,1291],"product_tag":[1340,870,1352],"class_list":{"0":"post-10493","1":"product","2":"type-product","3":"status-publish","4":"has-post-thumbnail","6":"product_cat-dame-solbriller","7":"product_cat-andre-dame-solbriller","8":"product_cat-billige-solbriller","9":"product_cat-firkantede-dame-solbriller","10":"product_tag-damesolbriller","11":"product_tag-p693","12":"product_tag-p777","14":"first","15":"instock","16":"shipping-taxable","17":"purchasable","18":"product-type-simple"},"yoast_head":"<!-- This site is optimized with the Yoast SEO plugin v27.2 - https:\/\/yoast.com\/product\/yoast-seo-wordpress\/ -->\n<title>Store Firkantede damesolbriller | Maria - Lilla fade glas | K\u00f8b online her | LOCS<\/title>\n<meta name=\"description\" content=\"K\u00f8b Store Firkantede damesolbriller | Maria - Lilla fade glas her | EU&#039;s st\u00f8rste udvalg af LOCS solbriller | Vi sender fra EU - Ingen ekstra import udgifter\" \/>\n<meta name=\"robots\" content=\"index, follow, max-snippet:-1, max-image-preview:large, max-video-preview:-1\" \/>\n<link rel=\"canonical\" href=\"https:\/\/locsshop.eu\/de\/shop\/store-firkantede-damesolbriller-maria-lilla-fade-glas\/\" \/>\n<meta property=\"og:locale\" content=\"de_DE\" \/>\n<meta property=\"og:type\" content=\"article\" \/>\n<meta property=\"og:title\" content=\"Store Firkantede damesolbriller | Maria - Lilla fade glas | K\u00f8b online her | LOCS\" \/>\n<meta property=\"og:description\" content=\"K\u00f8b Store Firkantede damesolbriller | Maria - Lilla fade glas her | EU&#039;s st\u00f8rste udvalg af LOCS solbriller | Vi sender fra EU - Ingen ekstra import udgifter\" \/>\n<meta property=\"og:url\" content=\"https:\/\/locsshop.eu\/de\/shop\/store-firkantede-damesolbriller-maria-lilla-fade-glas\/\" \/>\n<meta property=\"og:site_name\" content=\"Locs Sunglasses - LOCS Supplier in EU\" \/>\n<meta property=\"article:modified_time\" content=\"2023-08-31T13:02:53+00:00\" \/>\n<meta property=\"og:image\" content=\"https:\/\/locsshop.eu\/wp-content\/uploads\/2023\/05\/P777-BK3.jpg\" \/>\n\t<meta property=\"og:image:width\" content=\"800\" \/>\n\t<meta property=\"og:image:height\" content=\"800\" \/>\n\t<meta property=\"og:image:type\" content=\"image\/jpeg\" \/>\n<meta name=\"twitter:card\" content=\"summary_large_image\" \/>\n<script type=\"application\/ld+json\" class=\"yoast-schema-graph\">{\"@context\":\"https:\/\/schema.org\",\"@graph\":[{\"@type\":\"WebPage\",\"@id\":\"https:\/\/locsshop.eu\/shop\/store-firkantede-damesolbriller-maria-lilla-fade-glas\/\",\"url\":\"https:\/\/locsshop.eu\/shop\/store-firkantede-damesolbriller-maria-lilla-fade-glas\/\",\"name\":\"Store Firkantede damesolbriller | Maria - Lilla fade glas | K\u00f8b online her | LOCS\",\"isPartOf\":{\"@id\":\"https:\/\/locsshop.eu\/#website\"},\"primaryImageOfPage\":{\"@id\":\"https:\/\/locsshop.eu\/shop\/store-firkantede-damesolbriller-maria-lilla-fade-glas\/#primaryimage\"},\"image\":{\"@id\":\"https:\/\/locsshop.eu\/shop\/store-firkantede-damesolbriller-maria-lilla-fade-glas\/#primaryimage\"},\"thumbnailUrl\":\"https:\/\/locsshop.eu\/wp-content\/uploads\/2023\/05\/P777-BK3.jpg\",\"datePublished\":\"2023-05-27T09:53:31+00:00\",\"dateModified\":\"2023-08-31T13:02:53+00:00\",\"description\":\"K\u00f8b Store Firkantede damesolbriller | Maria - Lilla fade glas her | EU's st\u00f8rste udvalg af LOCS solbriller | Vi sender fra EU - Ingen ekstra import udgifter\",\"breadcrumb\":{\"@id\":\"https:\/\/locsshop.eu\/shop\/store-firkantede-damesolbriller-maria-lilla-fade-glas\/#breadcrumb\"},\"inLanguage\":\"de\",\"potentialAction\":[{\"@type\":\"ReadAction\",\"target\":[\"https:\/\/locsshop.eu\/shop\/store-firkantede-damesolbriller-maria-lilla-fade-glas\/\"]}]},{\"@type\":\"ImageObject\",\"inLanguage\":\"de\",\"@id\":\"https:\/\/locsshop.eu\/shop\/store-firkantede-damesolbriller-maria-lilla-fade-glas\/#primaryimage\",\"url\":\"https:\/\/locsshop.eu\/wp-content\/uploads\/2023\/05\/P777-BK3.jpg\",\"contentUrl\":\"https:\/\/locsshop.eu\/wp-content\/uploads\/2023\/05\/P777-BK3.jpg\",\"width\":800,\"height\":800},{\"@type\":\"BreadcrumbList\",\"@id\":\"https:\/\/locsshop.eu\/shop\/store-firkantede-damesolbriller-maria-lilla-fade-glas\/#breadcrumb\",\"itemListElement\":[{\"@type\":\"ListItem\",\"position\":1,\"name\":\"Hjem\",\"item\":\"https:\/\/locsshop.eu\/\"},{\"@type\":\"ListItem\",\"position\":2,\"name\":\"Shop\",\"item\":\"https:\/\/locsshop.eu\/shop\/\"},{\"@type\":\"ListItem\",\"position\":3,\"name\":\"Store Firkantede damesolbriller | Maria &#8211; Lilla fade glas\"}]},{\"@type\":\"WebSite\",\"@id\":\"https:\/\/locsshop.eu\/#website\",\"url\":\"https:\/\/locsshop.eu\/\",\"name\":\"Locs Sunglasses - LOCS Supplier in EU\",\"description\":\"We sell cheap LOCS Sunglasses\",\"publisher\":{\"@id\":\"https:\/\/locsshop.eu\/#organization\"},\"potentialAction\":[{\"@type\":\"SearchAction\",\"target\":{\"@type\":\"EntryPoint\",\"urlTemplate\":\"https:\/\/locsshop.eu\/?s={search_term_string}\"},\"query-input\":{\"@type\":\"PropertyValueSpecification\",\"valueRequired\":true,\"valueName\":\"search_term_string\"}}],\"inLanguage\":\"de\"},{\"@type\":\"Organization\",\"@id\":\"https:\/\/locsshop.eu\/#organization\",\"name\":\"Locsshop.eu\",\"url\":\"https:\/\/locsshop.eu\/\",\"logo\":{\"@type\":\"ImageObject\",\"inLanguage\":\"de\",\"@id\":\"https:\/\/locsshop.eu\/#\/schema\/logo\/image\/\",\"url\":\"https:\/\/locsshop.eu\/wp-content\/uploads\/2022\/02\/Locsshop-logo.png\",\"contentUrl\":\"https:\/\/locsshop.eu\/wp-content\/uploads\/2022\/02\/Locsshop-logo.png\",\"width\":930,\"height\":200,\"caption\":\"Locsshop.eu\"},\"image\":{\"@id\":\"https:\/\/locsshop.eu\/#\/schema\/logo\/image\/\"}}]}<\/script>\n<!-- \/ Yoast SEO plugin. -->","yoast_head_json":{"title":"Gro\u00dfe quadratische Damensonnenbrille | Maria - Lila Sch\u00fcsselglas | Hier online kaufen | LOCS","description":"Kaufen Sie gro\u00dfe quadratische Damen-Sonnenbrillen | Maria - Lila Sch\u00fcsselglas hier | Die gr\u00f6\u00dfte Auswahl an LOCS-Sonnenbrillen in der EU | Wir versenden aus der EU \u2013 keine zus\u00e4tzlichen Importkosten","robots":{"index":"index","follow":"follow","max-snippet":"max-snippet:-1","max-image-preview":"max-image-preview:large","max-video-preview":"max-video-preview:-1"},"canonical":"https:\/\/locsshop.eu\/de\/shop\/store-firkantede-damesolbriller-maria-lilla-fade-glas\/","og_locale":"de_DE","og_type":"article","og_title":"Store Firkantede damesolbriller | Maria - Lilla fade glas | K\u00f8b online her | LOCS","og_description":"K\u00f8b Store Firkantede damesolbriller | Maria - Lilla fade glas her | EU's st\u00f8rste udvalg af LOCS solbriller | Vi sender fra EU - Ingen ekstra import udgifter","og_url":"https:\/\/locsshop.eu\/de\/shop\/store-firkantede-damesolbriller-maria-lilla-fade-glas\/","og_site_name":"Locs Sunglasses - LOCS Supplier in EU","article_modified_time":"2023-08-31T13:02:53+00:00","og_image":[{"width":800,"height":800,"url":"https:\/\/locsshop.eu\/wp-content\/uploads\/2023\/05\/P777-BK3.jpg","type":"image\/jpeg"}],"twitter_card":"summary_large_image","schema":{"@context":"https:\/\/schema.org","@graph":[{"@type":"WebPage","@id":"https:\/\/locsshop.eu\/shop\/store-firkantede-damesolbriller-maria-lilla-fade-glas\/","url":"https:\/\/locsshop.eu\/shop\/store-firkantede-damesolbriller-maria-lilla-fade-glas\/","name":"Gro\u00dfe quadratische Damensonnenbrille | Maria - Lila Sch\u00fcsselglas | Hier online kaufen | LOCS","isPartOf":{"@id":"https:\/\/locsshop.eu\/#website"},"primaryImageOfPage":{"@id":"https:\/\/locsshop.eu\/shop\/store-firkantede-damesolbriller-maria-lilla-fade-glas\/#primaryimage"},"image":{"@id":"https:\/\/locsshop.eu\/shop\/store-firkantede-damesolbriller-maria-lilla-fade-glas\/#primaryimage"},"thumbnailUrl":"https:\/\/locsshop.eu\/wp-content\/uploads\/2023\/05\/P777-BK3.jpg","datePublished":"2023-05-27T09:53:31+00:00","dateModified":"2023-08-31T13:02:53+00:00","description":"Kaufen Sie gro\u00dfe quadratische Damen-Sonnenbrillen | Maria - Lila Sch\u00fcsselglas hier | Die gr\u00f6\u00dfte Auswahl an LOCS-Sonnenbrillen in der EU | Wir versenden aus der EU \u2013 keine zus\u00e4tzlichen Importkosten","breadcrumb":{"@id":"https:\/\/locsshop.eu\/shop\/store-firkantede-damesolbriller-maria-lilla-fade-glas\/#breadcrumb"},"inLanguage":"de","potentialAction":[{"@type":"ReadAction","target":["https:\/\/locsshop.eu\/shop\/store-firkantede-damesolbriller-maria-lilla-fade-glas\/"]}]},{"@type":"ImageObject","inLanguage":"de","@id":"https:\/\/locsshop.eu\/shop\/store-firkantede-damesolbriller-maria-lilla-fade-glas\/#primaryimage","url":"https:\/\/locsshop.eu\/wp-content\/uploads\/2023\/05\/P777-BK3.jpg","contentUrl":"https:\/\/locsshop.eu\/wp-content\/uploads\/2023\/05\/P777-BK3.jpg","width":800,"height":800},{"@type":"BreadcrumbList","@id":"https:\/\/locsshop.eu\/shop\/store-firkantede-damesolbriller-maria-lilla-fade-glas\/#breadcrumb","itemListElement":[{"@type":"ListItem","position":1,"name":"Hjem","item":"https:\/\/locsshop.eu\/"},{"@type":"ListItem","position":2,"name":"Shop","item":"https:\/\/locsshop.eu\/shop\/"},{"@type":"ListItem","position":3,"name":"Store Firkantede damesolbriller | Maria &#8211; Lilla fade glas"}]},{"@type":"WebSite","@id":"https:\/\/locsshop.eu\/#website","url":"https:\/\/locsshop.eu\/","name":"Locs Sonnenbrillen \u2013 LOCS-Lieferant in der EU","description":"Wir verkaufen g\u00fcnstige LOCS Sonnenbrillen","publisher":{"@id":"https:\/\/locsshop.eu\/#organization"},"potentialAction":[{"@type":"SearchAction","target":{"@type":"EntryPoint","urlTemplate":"https:\/\/locsshop.eu\/?s={search_term_string}"},"query-input":{"@type":"PropertyValueSpecification","valueRequired":true,"valueName":"search_term_string"}}],"inLanguage":"de"},{"@type":"Organization","@id":"https:\/\/locsshop.eu\/#organization","name":"Locsshop.eu","url":"https:\/\/locsshop.eu\/","logo":{"@type":"ImageObject","inLanguage":"de","@id":"https:\/\/locsshop.eu\/#\/schema\/logo\/image\/","url":"https:\/\/locsshop.eu\/wp-content\/uploads\/2022\/02\/Locsshop-logo.png","contentUrl":"https:\/\/locsshop.eu\/wp-content\/uploads\/2022\/02\/Locsshop-logo.png","width":930,"height":200,"caption":"Locsshop.eu"},"image":{"@id":"https:\/\/locsshop.eu\/#\/schema\/logo\/image\/"}}]}},"_links":{"self":[{"href":"https:\/\/locsshop.eu\/de\/wp-json\/wp\/v2\/product\/10493","targetHints":{"allow":["GET"]}}],"collection":[{"href":"https:\/\/locsshop.eu\/de\/wp-json\/wp\/v2\/product"}],"about":[{"href":"https:\/\/locsshop.eu\/de\/wp-json\/wp\/v2\/types\/product"}],"replies":[{"embeddable":true,"href":"https:\/\/locsshop.eu\/de\/wp-json\/wp\/v2\/comments?post=10493"}],"wp:featuredmedia":[{"embeddable":true,"href":"https:\/\/locsshop.eu\/de\/wp-json\/wp\/v2\/media\/10494"}],"wp:attachment":[{"href":"https:\/\/locsshop.eu\/de\/wp-json\/wp\/v2\/media?parent=10493"}],"wp:term":[{"taxonomy":"product_brand","embeddable":true,"href":"https:\/\/locsshop.eu\/de\/wp-json\/wp\/v2\/product_brand?post=10493"},{"taxonomy":"product_cat","embeddable":true,"href":"https:\/\/locsshop.eu\/de\/wp-json\/wp\/v2\/product_cat?post=10493"},{"taxonomy":"product_tag","embeddable":true,"href":"https:\/\/locsshop.eu\/de\/wp-json\/wp\/v2\/product_tag?post=10493"}],"curies":[{"name":"wp","href":"https:\/\/api.w.org\/{rel}","templated":true}]}}