{"id":10644,"date":"2023-06-20T23:24:00","date_gmt":"2023-06-20T21:24:00","guid":{"rendered":"https:\/\/locsshop.eu\/shop\/capraia-nasco-guld-stel-og-groenne-glas\/"},"modified":"2023-08-31T14:53:49","modified_gmt":"2023-08-31T12:53:49","slug":"capraia-nasco-guld-stel-og-groenne-glas","status":"publish","type":"product","link":"https:\/\/locsshop.eu\/de\/shop\/capraia-nasco-guld-stel-og-groenne-glas\/","title":{"rendered":"Capraia Nasco \u2013 Goldrahmen und gr\u00fcne Brille"},"content":{"rendered":"<h2><strong>Stilvolle goldene Pilotensonnenbrille mit gr\u00fcnen Gl\u00e4sern<\/strong><\/h2>\n<p>&nbsp;<\/p>\n<h4>Das Nasco-Modell von Capraia ist eine klassische und elegante Piloten-Sonnenbrille aus Metall f\u00fcr M\u00e4nner und Frauen.<\/h4>\n<h4>Dieses Modell hat einen goldenen Metallrahmen und gr\u00fcne Gl\u00e4ser. Dar\u00fcber hinaus befindet sich auf einem Glas das goldene Logo von Capraia, was der Sonnenbrille ein wirklich sch\u00f6nes Finish und einen exklusiven Look verleiht.<\/h4>\n<h4>Capraia Sonnenbrillen sind gute Sonnenbrillen aus Materialien, die in teuren Designerbrillen verwendet werden. Die Sonnenbrille wird in einer sch\u00f6nen Box geliefert, die ein faltbares Etui enth\u00e4lt, das nicht viel Platz einnimmt, wenn die Sonnenbrille verwendet wird. Ein Reinigungstuch ist ebenfalls enthalten. So k\u00f6nnen Sie Ihre Sonnenbrille richtig pflegen. Es erh\u00f6ht die Lebensdauer.<\/h4>\n<h4>Kaufen Sie eine Capraia Sonnenbrille - Sie bekommen wirklich viel f\u00fcr Ihr Geld.<\/h4>\n<h4><\/h4>\n<p>&nbsp;<\/p>\n<h4><strong><em>Einzelheiten:<\/em><\/strong><\/h4>\n<p>Breite: 13,5 cm.<br \/>\nH\u00f6he: 5 cm.<br \/>\nArml\u00e4nge: 14,8 cm.<br \/>\nMaterial: Metall<br \/>\nPolarisierte Brille<br \/>\nUV400-Schutz<br \/>\nCE-gepr\u00fcft<br \/>\n<img loading=\"lazy\" decoding=\"async\" class=\"alignnone size-full wp-image-4007\" src=\"https:\/\/billigsolbrille.dk\/wp-content\/uploads\/2020\/04\/capraia-logo.jpg\" alt=\"\" width=\"200\" height=\"200\" \/><\/p>","protected":false},"excerpt":{"rendered":"<p><strong>Capraia Nasco<\/strong><br \/>\nGoldrahmen \u2013 Gr\u00fcne Brille<br \/>\nMetallrahmen<br \/>\nPolarisierte Brille<br \/>\nUV400<br \/>\nCE-gepr\u00fcft<br \/>\n<img loading=\"lazy\" decoding=\"async\" class=\"alignnone size-full wp-image-4017\" src=\"https:\/\/billigsolbrille.dk\/wp-content\/uploads\/2020\/04\/Capraia-logo-black.jpg\" alt=\"\" width=\"200\" height=\"98\" \/><\/p>","protected":false},"featured_media":10645,"comment_status":"open","ping_status":"closed","template":"","meta":{"om_disable_all_campaigns":false,"_monsterinsights_skip_tracking":false,"_monsterinsights_sitenote_active":false,"_monsterinsights_sitenote_note":"","_monsterinsights_sitenote_category":0},"product_brand":[],"product_cat":[1206,1049],"product_tag":[777,1367,635,634],"class_list":{"0":"post-10644","1":"product","2":"type-product","3":"status-publish","4":"has-post-thumbnail","6":"product_cat-capraia-solbriller","7":"product_cat-premium-solbriller","8":"product_tag-dkny","9":"product_tag-nasco2","10":"product_tag-s2829","11":"product_tag-s2869","13":"first","14":"instock","15":"shipping-taxable","16":"purchasable","17":"product-type-simple"},"yoast_head":"<!-- This site is optimized with the Yoast SEO plugin v27.2 - https:\/\/yoast.com\/product\/yoast-seo-wordpress\/ -->\n<title>Capraia Nasco - Guld stel og gr\u00f8nne glas | K\u00f8b online her | LOCS<\/title>\n<meta name=\"description\" content=\"K\u00f8b Capraia Nasco - Guld stel og gr\u00f8nne glas her | EU&#039;s st\u00f8rste udvalg af LOCS solbriller | Vi sender fra EU - Ingen ekstra import udgifter\" \/>\n<meta name=\"robots\" content=\"index, follow, max-snippet:-1, max-image-preview:large, max-video-preview:-1\" \/>\n<link rel=\"canonical\" href=\"https:\/\/locsshop.eu\/de\/shop\/capraia-nasco-guld-stel-og-groenne-glas\/\" \/>\n<meta property=\"og:locale\" content=\"de_DE\" \/>\n<meta property=\"og:type\" content=\"article\" \/>\n<meta property=\"og:title\" content=\"Capraia Nasco - Guld stel og gr\u00f8nne glas | K\u00f8b online her | LOCS\" \/>\n<meta property=\"og:description\" content=\"K\u00f8b Capraia Nasco - Guld stel og gr\u00f8nne glas her | EU&#039;s st\u00f8rste udvalg af LOCS solbriller | Vi sender fra EU - Ingen ekstra import udgifter\" \/>\n<meta property=\"og:url\" content=\"https:\/\/locsshop.eu\/de\/shop\/capraia-nasco-guld-stel-og-groenne-glas\/\" \/>\n<meta property=\"og:site_name\" content=\"Locs Sunglasses - LOCS Supplier in EU\" \/>\n<meta property=\"article:modified_time\" content=\"2023-08-31T12:53:49+00:00\" \/>\n<meta property=\"og:image\" content=\"https:\/\/locsshop.eu\/wp-content\/uploads\/2023\/06\/Nasco2-1.jpg\" \/>\n\t<meta property=\"og:image:width\" content=\"800\" \/>\n\t<meta property=\"og:image:height\" content=\"800\" \/>\n\t<meta property=\"og:image:type\" content=\"image\/jpeg\" \/>\n<meta name=\"twitter:card\" content=\"summary_large_image\" \/>\n<meta name=\"twitter:label1\" content=\"Gesch\u00e4tzte Lesezeit\" \/>\n\t<meta name=\"twitter:data1\" content=\"1\u00a0Minute\" \/>\n<script type=\"application\/ld+json\" class=\"yoast-schema-graph\">{\"@context\":\"https:\/\/schema.org\",\"@graph\":[{\"@type\":\"WebPage\",\"@id\":\"https:\/\/locsshop.eu\/shop\/capraia-nasco-guld-stel-og-groenne-glas\/\",\"url\":\"https:\/\/locsshop.eu\/shop\/capraia-nasco-guld-stel-og-groenne-glas\/\",\"name\":\"Capraia Nasco - Guld stel og gr\u00f8nne glas | K\u00f8b online her | LOCS\",\"isPartOf\":{\"@id\":\"https:\/\/locsshop.eu\/#website\"},\"primaryImageOfPage\":{\"@id\":\"https:\/\/locsshop.eu\/shop\/capraia-nasco-guld-stel-og-groenne-glas\/#primaryimage\"},\"image\":{\"@id\":\"https:\/\/locsshop.eu\/shop\/capraia-nasco-guld-stel-og-groenne-glas\/#primaryimage\"},\"thumbnailUrl\":\"https:\/\/locsshop.eu\/wp-content\/uploads\/2023\/06\/Nasco2-1.jpg\",\"datePublished\":\"2023-06-20T21:24:00+00:00\",\"dateModified\":\"2023-08-31T12:53:49+00:00\",\"description\":\"K\u00f8b Capraia Nasco - Guld stel og gr\u00f8nne glas her | EU's st\u00f8rste udvalg af LOCS solbriller | Vi sender fra EU - Ingen ekstra import udgifter\",\"breadcrumb\":{\"@id\":\"https:\/\/locsshop.eu\/shop\/capraia-nasco-guld-stel-og-groenne-glas\/#breadcrumb\"},\"inLanguage\":\"de\",\"potentialAction\":[{\"@type\":\"ReadAction\",\"target\":[\"https:\/\/locsshop.eu\/shop\/capraia-nasco-guld-stel-og-groenne-glas\/\"]}]},{\"@type\":\"ImageObject\",\"inLanguage\":\"de\",\"@id\":\"https:\/\/locsshop.eu\/shop\/capraia-nasco-guld-stel-og-groenne-glas\/#primaryimage\",\"url\":\"https:\/\/locsshop.eu\/wp-content\/uploads\/2023\/06\/Nasco2-1.jpg\",\"contentUrl\":\"https:\/\/locsshop.eu\/wp-content\/uploads\/2023\/06\/Nasco2-1.jpg\",\"width\":800,\"height\":800},{\"@type\":\"BreadcrumbList\",\"@id\":\"https:\/\/locsshop.eu\/shop\/capraia-nasco-guld-stel-og-groenne-glas\/#breadcrumb\",\"itemListElement\":[{\"@type\":\"ListItem\",\"position\":1,\"name\":\"Hjem\",\"item\":\"https:\/\/locsshop.eu\/\"},{\"@type\":\"ListItem\",\"position\":2,\"name\":\"Shop\",\"item\":\"https:\/\/locsshop.eu\/shop\/\"},{\"@type\":\"ListItem\",\"position\":3,\"name\":\"Capraia Nasco &#8211; Guld stel og gr\u00f8nne glas\"}]},{\"@type\":\"WebSite\",\"@id\":\"https:\/\/locsshop.eu\/#website\",\"url\":\"https:\/\/locsshop.eu\/\",\"name\":\"Locs Sunglasses - LOCS Supplier in EU\",\"description\":\"We sell cheap LOCS Sunglasses\",\"publisher\":{\"@id\":\"https:\/\/locsshop.eu\/#organization\"},\"potentialAction\":[{\"@type\":\"SearchAction\",\"target\":{\"@type\":\"EntryPoint\",\"urlTemplate\":\"https:\/\/locsshop.eu\/?s={search_term_string}\"},\"query-input\":{\"@type\":\"PropertyValueSpecification\",\"valueRequired\":true,\"valueName\":\"search_term_string\"}}],\"inLanguage\":\"de\"},{\"@type\":\"Organization\",\"@id\":\"https:\/\/locsshop.eu\/#organization\",\"name\":\"Locsshop.eu\",\"url\":\"https:\/\/locsshop.eu\/\",\"logo\":{\"@type\":\"ImageObject\",\"inLanguage\":\"de\",\"@id\":\"https:\/\/locsshop.eu\/#\/schema\/logo\/image\/\",\"url\":\"https:\/\/locsshop.eu\/wp-content\/uploads\/2022\/02\/Locsshop-logo.png\",\"contentUrl\":\"https:\/\/locsshop.eu\/wp-content\/uploads\/2022\/02\/Locsshop-logo.png\",\"width\":930,\"height\":200,\"caption\":\"Locsshop.eu\"},\"image\":{\"@id\":\"https:\/\/locsshop.eu\/#\/schema\/logo\/image\/\"}}]}<\/script>\n<!-- \/ Yoast SEO plugin. -->","yoast_head_json":{"title":"Capraia Nasco - Goldrahmen und gr\u00fcne Brille | Hier online kaufen | LOCS","description":"Kaufen Sie hier Capraia Nasco \u2013 Goldrahmen und gr\u00fcne Brille | Die gr\u00f6\u00dfte Auswahl an LOCS-Sonnenbrillen in der EU | Wir versenden aus der EU \u2013 keine zus\u00e4tzlichen Importkosten","robots":{"index":"index","follow":"follow","max-snippet":"max-snippet:-1","max-image-preview":"max-image-preview:large","max-video-preview":"max-video-preview:-1"},"canonical":"https:\/\/locsshop.eu\/de\/shop\/capraia-nasco-guld-stel-og-groenne-glas\/","og_locale":"de_DE","og_type":"article","og_title":"Capraia Nasco - Guld stel og gr\u00f8nne glas | K\u00f8b online her | LOCS","og_description":"K\u00f8b Capraia Nasco - Guld stel og gr\u00f8nne glas her | EU's st\u00f8rste udvalg af LOCS solbriller | Vi sender fra EU - Ingen ekstra import udgifter","og_url":"https:\/\/locsshop.eu\/de\/shop\/capraia-nasco-guld-stel-og-groenne-glas\/","og_site_name":"Locs Sunglasses - LOCS Supplier in EU","article_modified_time":"2023-08-31T12:53:49+00:00","og_image":[{"width":800,"height":800,"url":"https:\/\/locsshop.eu\/wp-content\/uploads\/2023\/06\/Nasco2-1.jpg","type":"image\/jpeg"}],"twitter_card":"summary_large_image","twitter_misc":{"Gesch\u00e4tzte Lesezeit":"1\u00a0Minute"},"schema":{"@context":"https:\/\/schema.org","@graph":[{"@type":"WebPage","@id":"https:\/\/locsshop.eu\/shop\/capraia-nasco-guld-stel-og-groenne-glas\/","url":"https:\/\/locsshop.eu\/shop\/capraia-nasco-guld-stel-og-groenne-glas\/","name":"Capraia Nasco - Goldrahmen und gr\u00fcne Brille | Hier online kaufen | LOCS","isPartOf":{"@id":"https:\/\/locsshop.eu\/#website"},"primaryImageOfPage":{"@id":"https:\/\/locsshop.eu\/shop\/capraia-nasco-guld-stel-og-groenne-glas\/#primaryimage"},"image":{"@id":"https:\/\/locsshop.eu\/shop\/capraia-nasco-guld-stel-og-groenne-glas\/#primaryimage"},"thumbnailUrl":"https:\/\/locsshop.eu\/wp-content\/uploads\/2023\/06\/Nasco2-1.jpg","datePublished":"2023-06-20T21:24:00+00:00","dateModified":"2023-08-31T12:53:49+00:00","description":"Kaufen Sie hier Capraia Nasco \u2013 Goldrahmen und gr\u00fcne Brille | Die gr\u00f6\u00dfte Auswahl an LOCS-Sonnenbrillen in der EU | Wir versenden aus der EU \u2013 keine zus\u00e4tzlichen Importkosten","breadcrumb":{"@id":"https:\/\/locsshop.eu\/shop\/capraia-nasco-guld-stel-og-groenne-glas\/#breadcrumb"},"inLanguage":"de","potentialAction":[{"@type":"ReadAction","target":["https:\/\/locsshop.eu\/shop\/capraia-nasco-guld-stel-og-groenne-glas\/"]}]},{"@type":"ImageObject","inLanguage":"de","@id":"https:\/\/locsshop.eu\/shop\/capraia-nasco-guld-stel-og-groenne-glas\/#primaryimage","url":"https:\/\/locsshop.eu\/wp-content\/uploads\/2023\/06\/Nasco2-1.jpg","contentUrl":"https:\/\/locsshop.eu\/wp-content\/uploads\/2023\/06\/Nasco2-1.jpg","width":800,"height":800},{"@type":"BreadcrumbList","@id":"https:\/\/locsshop.eu\/shop\/capraia-nasco-guld-stel-og-groenne-glas\/#breadcrumb","itemListElement":[{"@type":"ListItem","position":1,"name":"Hjem","item":"https:\/\/locsshop.eu\/"},{"@type":"ListItem","position":2,"name":"Shop","item":"https:\/\/locsshop.eu\/shop\/"},{"@type":"ListItem","position":3,"name":"Capraia Nasco &#8211; Guld stel og gr\u00f8nne glas"}]},{"@type":"WebSite","@id":"https:\/\/locsshop.eu\/#website","url":"https:\/\/locsshop.eu\/","name":"Locs Sonnenbrillen \u2013 LOCS-Lieferant in der EU","description":"Wir verkaufen g\u00fcnstige LOCS Sonnenbrillen","publisher":{"@id":"https:\/\/locsshop.eu\/#organization"},"potentialAction":[{"@type":"SearchAction","target":{"@type":"EntryPoint","urlTemplate":"https:\/\/locsshop.eu\/?s={search_term_string}"},"query-input":{"@type":"PropertyValueSpecification","valueRequired":true,"valueName":"search_term_string"}}],"inLanguage":"de"},{"@type":"Organization","@id":"https:\/\/locsshop.eu\/#organization","name":"Locsshop.eu","url":"https:\/\/locsshop.eu\/","logo":{"@type":"ImageObject","inLanguage":"de","@id":"https:\/\/locsshop.eu\/#\/schema\/logo\/image\/","url":"https:\/\/locsshop.eu\/wp-content\/uploads\/2022\/02\/Locsshop-logo.png","contentUrl":"https:\/\/locsshop.eu\/wp-content\/uploads\/2022\/02\/Locsshop-logo.png","width":930,"height":200,"caption":"Locsshop.eu"},"image":{"@id":"https:\/\/locsshop.eu\/#\/schema\/logo\/image\/"}}]}},"_links":{"self":[{"href":"https:\/\/locsshop.eu\/de\/wp-json\/wp\/v2\/product\/10644","targetHints":{"allow":["GET"]}}],"collection":[{"href":"https:\/\/locsshop.eu\/de\/wp-json\/wp\/v2\/product"}],"about":[{"href":"https:\/\/locsshop.eu\/de\/wp-json\/wp\/v2\/types\/product"}],"replies":[{"embeddable":true,"href":"https:\/\/locsshop.eu\/de\/wp-json\/wp\/v2\/comments?post=10644"}],"wp:featuredmedia":[{"embeddable":true,"href":"https:\/\/locsshop.eu\/de\/wp-json\/wp\/v2\/media\/10645"}],"wp:attachment":[{"href":"https:\/\/locsshop.eu\/de\/wp-json\/wp\/v2\/media?parent=10644"}],"wp:term":[{"taxonomy":"product_brand","embeddable":true,"href":"https:\/\/locsshop.eu\/de\/wp-json\/wp\/v2\/product_brand?post=10644"},{"taxonomy":"product_cat","embeddable":true,"href":"https:\/\/locsshop.eu\/de\/wp-json\/wp\/v2\/product_cat?post=10644"},{"taxonomy":"product_tag","embeddable":true,"href":"https:\/\/locsshop.eu\/de\/wp-json\/wp\/v2\/product_tag?post=10644"}],"curies":[{"name":"wp","href":"https:\/\/api.w.org\/{rel}","templated":true}]}}