{"id":10685,"date":"2023-06-21T15:03:44","date_gmt":"2023-06-21T13:03:44","guid":{"rendered":"https:\/\/locsshop.eu\/shop\/baeredygtige-pink-purple-fade-aviator-solbriller-sunrise-soelv-stel\/"},"modified":"2026-01-23T14:31:04","modified_gmt":"2026-01-23T13:31:04","slug":"baeredygtige-pink-purple-fade-aviator-solbriller-sunrise-soelv-stel","status":"publish","type":"product","link":"https:\/\/locsshop.eu\/de\/shop\/baeredygtige-pink-purple-fade-aviator-solbriller-sunrise-soelv-stel\/","title":{"rendered":"\ud83c\udf43Nachhaltige Aviator-Sonnenbrille in Rosa-Lila-Fade | Sonnenaufgang \u2013 Silberner Rahmen"},"content":{"rendered":"<h2>Rosa-lila verblassende Pilotensonnenbrille | Sonnenaufgang \u2013 Silberner Rahmen<\/h2>\n<p>Wundersch\u00f6ne Pilotensonnenbrille mit hellen Gl\u00e4sern, die zun\u00e4chst rosa sind und dann in einen violetten Farbton \u00fcbergehen.<br \/>\nSuper gute Sonnenbrille f\u00fcr ged\u00e4mpftes Licht, wodurch man sie auch abends gut tragen kann.<br \/>\nDie Sonnenbrille ist sowohl f\u00fcr M\u00e4nner als auch f\u00fcr Frauen geeignet und das ganze Jahr \u00fcber super cool.<\/p>\n<h4>Material Rahmen: <strong>Metall<br \/>\n<\/strong>Material Glas: <strong>Recyceltes Polyester<\/strong><\/h4>\n<p>&nbsp;<\/p>\n<h3 style=\"text-align: center\"><strong><em>\ud83c\udf43Das sind nachhaltige Sonnenbrillen<\/em><\/strong><\/h3>\n<table style=\"height: 226px;width: 100%;border-collapse: collapse;border-style: hidden;margin-left: auto;margin-right: auto\" border=\"1\">\n<caption>\u00a0<\/caption>\n<tbody>\n<tr style=\"height: 162px\" data-wp-editing=\"1\">\n<td style=\"width: 25%;height: 162px\"><img loading=\"lazy\" decoding=\"async\" class=\"alignnone size-full wp-image-12245 aligncenter\" style=\"margin-left: auto;margin-right: auto\" src=\"https:\/\/bazarsalg.dk\/wp-content\/uploads\/hand.png\" alt=\"\" width=\"80\" height=\"80\" \/><\/td>\n<td style=\"width: 25%;height: 162px\"><img loading=\"lazy\" decoding=\"async\" class=\"wp-image-12250 size-full aligncenter\" style=\"margin-left: auto;margin-right: auto\" src=\"https:\/\/bazarsalg.dk\/wp-content\/uploads\/bottles3.png\" alt=\"\" width=\"80\" height=\"80\" \/><\/td>\n<td style=\"width: 25%;height: 162px\"><img loading=\"lazy\" decoding=\"async\" class=\"size-full wp-image-12248 aligncenter\" style=\"margin-left: auto;margin-right: auto\" src=\"https:\/\/bazarsalg.dk\/wp-content\/uploads\/earth.png\" alt=\"\" width=\"80\" height=\"80\" \/><\/td>\n<\/tr>\n<tr style=\"height: 64px\">\n<td style=\"width: 25%;height: 64px;text-align: center\"><strong>Hergestellt aus recyceltem Polyester aus Meer und Land<\/strong><\/td>\n<td style=\"width: 25%;height: 64px;text-align: center\">\n<p style=\"text-align: center\"><strong>Hergestellt aus nachwachsenden Rohstoffen<\/strong><\/p>\n<\/td>\n<td style=\"width: 25%;height: 64px;text-align: center\">\n<p style=\"text-align: center\"><strong>F\u00f6rdert eine nachhaltige Entwicklung<\/strong><\/p>\n<\/td>\n<\/tr>\n<\/tbody>\n<\/table>\n<p><em>Nachhaltige Sonnenbrillen sind Sonnenbrillen, die mit Fokus auf Umweltfreundlichkeit und soziale Verantwortung hergestellt werden. Dazu geh\u00f6rt die Verwendung von wiederverwertbaren Materialien, organischem oder biologisch abbaubarem Material sowie ein Produktionssystem, das Abfall minimiert und weniger Energie verbraucht. Nachhaltige Sonnenbrillen werden mit dem Ziel hergestellt, die negativen Auswirkungen auf die Umwelt zu reduzieren. Sie sind f\u00fcr den Tr\u00e4ger funktional und dabei genauso cool wie normal hergestellte Sonnenbrillen. Sie sind ideal f\u00fcr diejenigen, die eine Wahl treffen m\u00f6chten, die den Planeten respektiert und eine nachhaltige Entwicklung unterst\u00fctzt.<\/em><\/p>\n<p>&nbsp;<\/p>\n<table style=\"width: 100%;border-collapse: collapse;border-style: dashed\" border=\"1\">\n<tbody>\n<tr>\n<td style=\"width: 100%\">\n<h2 style=\"text-align: center\"><strong>Die Gr\u00f6\u00dfe der Sonnenbrille<\/strong><\/h2>\n<\/td>\n<\/tr>\n<\/tbody>\n<\/table>\n<table style=\"width: 100%;border-collapse: collapse;border-style: hidden;margin-left: auto;margin-right: auto\" border=\"1\" cellspacing=\"20\" cellpadding=\"20\">\n<tbody>\n<tr>\n<td style=\"width: 33.3333%;text-align: center\"><strong><img decoding=\"async\" src=\"https:\/\/bazarsalg.dk\/wp-content\/uploads\/bredde.png\" \/><\/strong><\/td>\n<td style=\"width: 33.3333%;text-align: center\"><strong>Breite<\/strong><\/td>\n<td style=\"width: 33.3333%;text-align: center\"><strong>13,6 cm.<\/strong><\/td>\n<\/tr>\n<tr>\n<td style=\"width: 33.3333%;text-align: center\"><strong><img decoding=\"async\" src=\"https:\/\/bazarsalg.dk\/wp-content\/uploads\/hoejde.png\" \/><\/strong><\/td>\n<td style=\"width: 33.3333%;text-align: center\"><strong>H\u00f6he<\/strong><\/td>\n<td style=\"width: 33.3333%;text-align: center\"><strong>5,4 cm.<\/strong><\/td>\n<\/tr>\n<tr>\n<td style=\"width: 33.3333%;text-align: center\"><strong><img decoding=\"async\" src=\"https:\/\/bazarsalg.dk\/wp-content\/uploads\/stang.png\" \/><\/strong><\/td>\n<td style=\"width: 33.3333%;text-align: center\"><strong>Linsenl\u00e4nge<\/strong><\/td>\n<td style=\"width: 33.3333%;text-align: center\"><strong>13,3 cm.<\/strong><\/td>\n<\/tr>\n<tr>\n<td style=\"width: 33.3333%;text-align: center\"><strong><img decoding=\"async\" src=\"https:\/\/bazarsalg.dk\/wp-content\/uploads\/glas-bredde.png\" \/><\/strong><\/td>\n<td style=\"width: 33.3333%;text-align: center\"><strong>Glasbreite<\/strong><\/td>\n<td style=\"width: 33.3333%;text-align: center\"><strong>5,8 cm.<\/strong><\/td>\n<\/tr>\n<tr>\n<td style=\"width: 33.3333%;text-align: center\"><strong><img decoding=\"async\" src=\"https:\/\/bazarsalg.dk\/wp-content\/uploads\/bredde-naese.png\" \/><\/strong><\/td>\n<td style=\"width: 33.3333%;text-align: center\"><strong>Raum zwischen Glas<\/strong><\/td>\n<td style=\"width: 33.3333%;text-align: center\"><strong>1,7 cm.<\/strong><\/td>\n<\/tr>\n<\/tbody>\n<\/table>\n<p>&nbsp;<\/p>\n<p><strong>\u00a0<\/strong><\/p>\n<table style=\"width: 100%;border-collapse: collapse;border-style: hidden;margin-left: auto;margin-right: auto\" border=\"1\" cellspacing=\"50\" cellpadding=\"20\">\n<caption>\u00a0<\/caption>\n<caption>\u00a0<\/caption>\n<tbody>\n<tr>\n<td style=\"width: 25%;text-align: center\"><img decoding=\"async\" class=\"aligncenter\" src=\"https:\/\/bazarsalg.dk\/wp-content\/uploads\/UV.png\" \/><\/td>\n<td style=\"width: 25%;text-align: center\"><img decoding=\"async\" src=\"https:\/\/bazarsalg.dk\/wp-content\/uploads\/ce.png\" \/><\/td>\n<td style=\"width: 25%;text-align: center\"><img decoding=\"async\" src=\"https:\/\/bazarsalg.dk\/wp-content\/uploads\/box.png\" \/><\/td>\n<\/tr>\n<tr>\n<td style=\"width: 25%;text-align: center\"><strong>Die Sonnenbrille verf\u00fcgt \u00fcber einen UV400-Schutz<\/strong><\/p>\n<p>Blockiert 99 bis 100 Prozent aller UVA- und UVB-Strahlen und sch\u00fctzt Ihre Augen vor Sonnenstrahlen.<\/td>\n<td style=\"width: 25%;text-align: center\"><strong>CE-gepr\u00fcft <\/strong><\/p>\n<p>Die Sonnenbrille erf\u00fcllt alle gesetzlichen Anforderungen in der EU, wodurch gew\u00e4hrleistet ist, dass Ihre Sonnenbrille gepr\u00fcft und zugelassen ist.<\/td>\n<td style=\"width: 25%;text-align: center\"><strong>Wird in einem Karton verschickt, damit sie nicht kaputt gehen <\/strong><\/p>\n<p>Wir verpacken Sonnenbrillen immer sicher, damit sie in gutem Zustand bei Ihnen ankommen.<\/td>\n<\/tr>\n<\/tbody>\n<\/table>","protected":false},"excerpt":{"rendered":"<p><img loading=\"lazy\" decoding=\"async\" class=\"alignnone size-full wp-image-11257\" src=\"https:\/\/bazarsalg.dk\/wp-content\/uploads\/Earth-Friendly.png\" alt=\"\" width=\"113\" height=\"148\" \/><br \/>\nCE-gepr\u00fcft<br \/>\nUV400-Schutz<\/p>","protected":false},"featured_media":10686,"comment_status":"open","ping_status":"closed","template":"","meta":{"om_disable_all_campaigns":false,"_monsterinsights_skip_tracking":false,"_monsterinsights_sitenote_active":false,"_monsterinsights_sitenote_note":"","_monsterinsights_sitenote_category":0},"product_brand":[],"product_cat":[1026,1029,1030,1025],"product_tag":[777,870,1007,1159,1372,1373],"class_list":{"0":"post-10685","1":"product","2":"type-product","3":"status-publish","4":"has-post-thumbnail","6":"product_cat-dame-solbriller","7":"product_cat-herre-solbriller","8":"product_cat-aviator","9":"product_cat-billige-solbriller","10":"product_tag-dkny","11":"product_tag-p693","12":"product_tag-p875","13":"product_tag-purple","14":"product_tag-s2134","15":"product_tag-sunrise","17":"first","18":"instock","19":"shipping-taxable","20":"purchasable","21":"product-type-simple"},"yoast_head":"<!-- This site is optimized with the Yoast SEO plugin v27.2 - https:\/\/yoast.com\/product\/yoast-seo-wordpress\/ -->\n<title>\ud83c\udf43B\u00e6redygtige Pink purple fade Aviator solbriller | Sunrise - S\u00f8lv stel | K\u00f8b online her | LOCS<\/title>\n<meta name=\"description\" content=\"K\u00f8b \ud83c\udf43B\u00e6redygtige Pink purple fade Aviator solbriller | Sunrise - S\u00f8lv stel her | EU&#039;s st\u00f8rste udvalg af LOCS solbriller | Vi sender fra EU - Ingen ekstra import udgifter\" \/>\n<meta name=\"robots\" content=\"index, follow, max-snippet:-1, max-image-preview:large, max-video-preview:-1\" \/>\n<link rel=\"canonical\" href=\"https:\/\/locsshop.eu\/de\/shop\/baeredygtige-pink-purple-fade-aviator-solbriller-sunrise-soelv-stel\/\" \/>\n<meta property=\"og:locale\" content=\"de_DE\" \/>\n<meta property=\"og:type\" content=\"article\" \/>\n<meta property=\"og:title\" content=\"\ud83c\udf43B\u00e6redygtige Pink purple fade Aviator solbriller | Sunrise - S\u00f8lv stel | K\u00f8b online her | LOCS\" \/>\n<meta property=\"og:description\" content=\"K\u00f8b \ud83c\udf43B\u00e6redygtige Pink purple fade Aviator solbriller | Sunrise - S\u00f8lv stel her | EU&#039;s st\u00f8rste udvalg af LOCS solbriller | Vi sender fra EU - Ingen ekstra import udgifter\" \/>\n<meta property=\"og:url\" content=\"https:\/\/locsshop.eu\/de\/shop\/baeredygtige-pink-purple-fade-aviator-solbriller-sunrise-soelv-stel\/\" \/>\n<meta property=\"og:site_name\" content=\"Locs Sunglasses - LOCS Supplier in EU\" \/>\n<meta property=\"article:modified_time\" content=\"2026-01-23T13:31:04+00:00\" \/>\n<meta property=\"og:image\" content=\"https:\/\/locsshop.eu\/wp-content\/uploads\/2023\/06\/2134_b.jpg\" \/>\n\t<meta property=\"og:image:width\" content=\"800\" \/>\n\t<meta property=\"og:image:height\" content=\"800\" \/>\n\t<meta property=\"og:image:type\" content=\"image\/jpeg\" \/>\n<meta name=\"twitter:card\" content=\"summary_large_image\" \/>\n<meta name=\"twitter:label1\" content=\"Gesch\u00e4tzte Lesezeit\" \/>\n\t<meta name=\"twitter:data1\" content=\"1\u00a0Minute\" \/>\n<script type=\"application\/ld+json\" class=\"yoast-schema-graph\">{\"@context\":\"https:\/\/schema.org\",\"@graph\":[{\"@type\":\"WebPage\",\"@id\":\"https:\/\/locsshop.eu\/shop\/baeredygtige-pink-purple-fade-aviator-solbriller-sunrise-soelv-stel\/\",\"url\":\"https:\/\/locsshop.eu\/shop\/baeredygtige-pink-purple-fade-aviator-solbriller-sunrise-soelv-stel\/\",\"name\":\"\ud83c\udf43B\u00e6redygtige Pink purple fade Aviator solbriller | Sunrise - S\u00f8lv stel | K\u00f8b online her | LOCS\",\"isPartOf\":{\"@id\":\"https:\/\/locsshop.eu\/#website\"},\"primaryImageOfPage\":{\"@id\":\"https:\/\/locsshop.eu\/shop\/baeredygtige-pink-purple-fade-aviator-solbriller-sunrise-soelv-stel\/#primaryimage\"},\"image\":{\"@id\":\"https:\/\/locsshop.eu\/shop\/baeredygtige-pink-purple-fade-aviator-solbriller-sunrise-soelv-stel\/#primaryimage\"},\"thumbnailUrl\":\"https:\/\/locsshop.eu\/wp-content\/uploads\/2023\/06\/2134_b.jpg\",\"datePublished\":\"2023-06-21T13:03:44+00:00\",\"dateModified\":\"2026-01-23T13:31:04+00:00\",\"description\":\"K\u00f8b \ud83c\udf43B\u00e6redygtige Pink purple fade Aviator solbriller | Sunrise - S\u00f8lv stel her | EU's st\u00f8rste udvalg af LOCS solbriller | Vi sender fra EU - Ingen ekstra import udgifter\",\"breadcrumb\":{\"@id\":\"https:\/\/locsshop.eu\/shop\/baeredygtige-pink-purple-fade-aviator-solbriller-sunrise-soelv-stel\/#breadcrumb\"},\"inLanguage\":\"de\",\"potentialAction\":[{\"@type\":\"ReadAction\",\"target\":[\"https:\/\/locsshop.eu\/shop\/baeredygtige-pink-purple-fade-aviator-solbriller-sunrise-soelv-stel\/\"]}]},{\"@type\":\"ImageObject\",\"inLanguage\":\"de\",\"@id\":\"https:\/\/locsshop.eu\/shop\/baeredygtige-pink-purple-fade-aviator-solbriller-sunrise-soelv-stel\/#primaryimage\",\"url\":\"https:\/\/locsshop.eu\/wp-content\/uploads\/2023\/06\/2134_b.jpg\",\"contentUrl\":\"https:\/\/locsshop.eu\/wp-content\/uploads\/2023\/06\/2134_b.jpg\",\"width\":800,\"height\":800},{\"@type\":\"BreadcrumbList\",\"@id\":\"https:\/\/locsshop.eu\/shop\/baeredygtige-pink-purple-fade-aviator-solbriller-sunrise-soelv-stel\/#breadcrumb\",\"itemListElement\":[{\"@type\":\"ListItem\",\"position\":1,\"name\":\"Hjem\",\"item\":\"https:\/\/locsshop.eu\/\"},{\"@type\":\"ListItem\",\"position\":2,\"name\":\"Shop\",\"item\":\"https:\/\/locsshop.eu\/shop\/\"},{\"@type\":\"ListItem\",\"position\":3,\"name\":\"\ud83c\udf43B\u00e6redygtige Pink purple fade Aviator solbriller | Sunrise &#8211; S\u00f8lv stel\"}]},{\"@type\":\"WebSite\",\"@id\":\"https:\/\/locsshop.eu\/#website\",\"url\":\"https:\/\/locsshop.eu\/\",\"name\":\"Locs Sunglasses - LOCS Supplier in EU\",\"description\":\"We sell cheap LOCS Sunglasses\",\"publisher\":{\"@id\":\"https:\/\/locsshop.eu\/#organization\"},\"potentialAction\":[{\"@type\":\"SearchAction\",\"target\":{\"@type\":\"EntryPoint\",\"urlTemplate\":\"https:\/\/locsshop.eu\/?s={search_term_string}\"},\"query-input\":{\"@type\":\"PropertyValueSpecification\",\"valueRequired\":true,\"valueName\":\"search_term_string\"}}],\"inLanguage\":\"de\"},{\"@type\":\"Organization\",\"@id\":\"https:\/\/locsshop.eu\/#organization\",\"name\":\"Locsshop.eu\",\"url\":\"https:\/\/locsshop.eu\/\",\"logo\":{\"@type\":\"ImageObject\",\"inLanguage\":\"de\",\"@id\":\"https:\/\/locsshop.eu\/#\/schema\/logo\/image\/\",\"url\":\"https:\/\/locsshop.eu\/wp-content\/uploads\/2022\/02\/Locsshop-logo.png\",\"contentUrl\":\"https:\/\/locsshop.eu\/wp-content\/uploads\/2022\/02\/Locsshop-logo.png\",\"width\":930,\"height\":200,\"caption\":\"Locsshop.eu\"},\"image\":{\"@id\":\"https:\/\/locsshop.eu\/#\/schema\/logo\/image\/\"}}]}<\/script>\n<!-- \/ Yoast SEO plugin. -->","yoast_head_json":{"title":"\ud83c\udf43Nachhaltige Aviator-Sonnenbrille in Rosa-Lila-Fade | Sonnenaufgang - Silberner Rahmen | Hier online kaufen | LOCS","description":"Kaufen Sie \ud83c\udf43Nachhaltige Aviator-Sonnenbrille in Rosa-Lila-Fade | Sunrise - Silberner Rahmen hier | Die gr\u00f6\u00dfte Auswahl an LOCS-Sonnenbrillen in der EU | Wir versenden aus der EU \u2013 keine zus\u00e4tzlichen Importkosten","robots":{"index":"index","follow":"follow","max-snippet":"max-snippet:-1","max-image-preview":"max-image-preview:large","max-video-preview":"max-video-preview:-1"},"canonical":"https:\/\/locsshop.eu\/de\/shop\/baeredygtige-pink-purple-fade-aviator-solbriller-sunrise-soelv-stel\/","og_locale":"de_DE","og_type":"article","og_title":"\ud83c\udf43B\u00e6redygtige Pink purple fade Aviator solbriller | Sunrise - S\u00f8lv stel | K\u00f8b online her | LOCS","og_description":"K\u00f8b \ud83c\udf43B\u00e6redygtige Pink purple fade Aviator solbriller | Sunrise - S\u00f8lv stel her | EU's st\u00f8rste udvalg af LOCS solbriller | Vi sender fra EU - Ingen ekstra import udgifter","og_url":"https:\/\/locsshop.eu\/de\/shop\/baeredygtige-pink-purple-fade-aviator-solbriller-sunrise-soelv-stel\/","og_site_name":"Locs Sunglasses - LOCS Supplier in EU","article_modified_time":"2026-01-23T13:31:04+00:00","og_image":[{"width":800,"height":800,"url":"https:\/\/locsshop.eu\/wp-content\/uploads\/2023\/06\/2134_b.jpg","type":"image\/jpeg"}],"twitter_card":"summary_large_image","twitter_misc":{"Gesch\u00e4tzte Lesezeit":"1\u00a0Minute"},"schema":{"@context":"https:\/\/schema.org","@graph":[{"@type":"WebPage","@id":"https:\/\/locsshop.eu\/shop\/baeredygtige-pink-purple-fade-aviator-solbriller-sunrise-soelv-stel\/","url":"https:\/\/locsshop.eu\/shop\/baeredygtige-pink-purple-fade-aviator-solbriller-sunrise-soelv-stel\/","name":"\ud83c\udf43Nachhaltige Aviator-Sonnenbrille in Rosa-Lila-Fade | Sonnenaufgang - Silberner Rahmen | Hier online kaufen | LOCS","isPartOf":{"@id":"https:\/\/locsshop.eu\/#website"},"primaryImageOfPage":{"@id":"https:\/\/locsshop.eu\/shop\/baeredygtige-pink-purple-fade-aviator-solbriller-sunrise-soelv-stel\/#primaryimage"},"image":{"@id":"https:\/\/locsshop.eu\/shop\/baeredygtige-pink-purple-fade-aviator-solbriller-sunrise-soelv-stel\/#primaryimage"},"thumbnailUrl":"https:\/\/locsshop.eu\/wp-content\/uploads\/2023\/06\/2134_b.jpg","datePublished":"2023-06-21T13:03:44+00:00","dateModified":"2026-01-23T13:31:04+00:00","description":"Kaufen Sie \ud83c\udf43Nachhaltige Aviator-Sonnenbrille in Rosa-Lila-Fade | Sunrise - Silberner Rahmen hier | Die gr\u00f6\u00dfte Auswahl an LOCS-Sonnenbrillen in der EU | Wir versenden aus der EU \u2013 keine zus\u00e4tzlichen Importkosten","breadcrumb":{"@id":"https:\/\/locsshop.eu\/shop\/baeredygtige-pink-purple-fade-aviator-solbriller-sunrise-soelv-stel\/#breadcrumb"},"inLanguage":"de","potentialAction":[{"@type":"ReadAction","target":["https:\/\/locsshop.eu\/shop\/baeredygtige-pink-purple-fade-aviator-solbriller-sunrise-soelv-stel\/"]}]},{"@type":"ImageObject","inLanguage":"de","@id":"https:\/\/locsshop.eu\/shop\/baeredygtige-pink-purple-fade-aviator-solbriller-sunrise-soelv-stel\/#primaryimage","url":"https:\/\/locsshop.eu\/wp-content\/uploads\/2023\/06\/2134_b.jpg","contentUrl":"https:\/\/locsshop.eu\/wp-content\/uploads\/2023\/06\/2134_b.jpg","width":800,"height":800},{"@type":"BreadcrumbList","@id":"https:\/\/locsshop.eu\/shop\/baeredygtige-pink-purple-fade-aviator-solbriller-sunrise-soelv-stel\/#breadcrumb","itemListElement":[{"@type":"ListItem","position":1,"name":"Hjem","item":"https:\/\/locsshop.eu\/"},{"@type":"ListItem","position":2,"name":"Shop","item":"https:\/\/locsshop.eu\/shop\/"},{"@type":"ListItem","position":3,"name":"\ud83c\udf43B\u00e6redygtige Pink purple fade Aviator solbriller | Sunrise &#8211; S\u00f8lv stel"}]},{"@type":"WebSite","@id":"https:\/\/locsshop.eu\/#website","url":"https:\/\/locsshop.eu\/","name":"Locs Sonnenbrillen \u2013 LOCS-Lieferant in der EU","description":"Wir verkaufen g\u00fcnstige LOCS Sonnenbrillen","publisher":{"@id":"https:\/\/locsshop.eu\/#organization"},"potentialAction":[{"@type":"SearchAction","target":{"@type":"EntryPoint","urlTemplate":"https:\/\/locsshop.eu\/?s={search_term_string}"},"query-input":{"@type":"PropertyValueSpecification","valueRequired":true,"valueName":"search_term_string"}}],"inLanguage":"de"},{"@type":"Organization","@id":"https:\/\/locsshop.eu\/#organization","name":"Locsshop.eu","url":"https:\/\/locsshop.eu\/","logo":{"@type":"ImageObject","inLanguage":"de","@id":"https:\/\/locsshop.eu\/#\/schema\/logo\/image\/","url":"https:\/\/locsshop.eu\/wp-content\/uploads\/2022\/02\/Locsshop-logo.png","contentUrl":"https:\/\/locsshop.eu\/wp-content\/uploads\/2022\/02\/Locsshop-logo.png","width":930,"height":200,"caption":"Locsshop.eu"},"image":{"@id":"https:\/\/locsshop.eu\/#\/schema\/logo\/image\/"}}]}},"_links":{"self":[{"href":"https:\/\/locsshop.eu\/de\/wp-json\/wp\/v2\/product\/10685","targetHints":{"allow":["GET"]}}],"collection":[{"href":"https:\/\/locsshop.eu\/de\/wp-json\/wp\/v2\/product"}],"about":[{"href":"https:\/\/locsshop.eu\/de\/wp-json\/wp\/v2\/types\/product"}],"replies":[{"embeddable":true,"href":"https:\/\/locsshop.eu\/de\/wp-json\/wp\/v2\/comments?post=10685"}],"wp:featuredmedia":[{"embeddable":true,"href":"https:\/\/locsshop.eu\/de\/wp-json\/wp\/v2\/media\/10686"}],"wp:attachment":[{"href":"https:\/\/locsshop.eu\/de\/wp-json\/wp\/v2\/media?parent=10685"}],"wp:term":[{"taxonomy":"product_brand","embeddable":true,"href":"https:\/\/locsshop.eu\/de\/wp-json\/wp\/v2\/product_brand?post=10685"},{"taxonomy":"product_cat","embeddable":true,"href":"https:\/\/locsshop.eu\/de\/wp-json\/wp\/v2\/product_cat?post=10685"},{"taxonomy":"product_tag","embeddable":true,"href":"https:\/\/locsshop.eu\/de\/wp-json\/wp\/v2\/product_tag?post=10685"}],"curies":[{"name":"wp","href":"https:\/\/api.w.org\/{rel}","templated":true}]}}