{"id":10881,"date":"2023-07-06T18:20:27","date_gmt":"2023-07-06T16:20:27","guid":{"rendered":"https:\/\/locsshop.eu\/da\/shop\/vaerktoejssaet-til-ure-bigstren\/"},"modified":"2025-09-11T15:04:43","modified_gmt":"2025-09-11T13:04:43","slug":"vaerktoejssaet-til-ure-bigstren","status":"publish","type":"product","link":"https:\/\/locsshop.eu\/de\/shop\/vaerktoejssaet-til-ure-bigstren\/","title":{"rendered":"Werkzeugset f\u00fcr Uhren - Bigstern"},"content":{"rendered":"<h2>Reparaturset f\u00fcr Armbanduhren<\/h2>\n<p>WERKZEUGSATZ F\u00dcR UHRENREPARATUR UND BATTERIEWECHSEL<\/p>\n<p>13 ELEMENTE \u2013 eine Reihe von Spezialwerkzeugen eignet sich gut f\u00fcr kleinere und komplexere Reparaturen.<br \/>\nSCH\u00d6NE TASCHE - Jedes Werkzeug hat seinen Platz in der mitgelieferten Tasche, sodass Sie leicht alles in Ordnung halten k\u00f6nnen.<br \/>\nF\u00dcR AMATEURE UND PROFIS - Das Set ist so zusammengestellt, dass es sowohl f\u00fcr die Amateurreparatur zu Hause als auch f\u00fcr die professionelle Reparatur in einer Uhrmacherwerkstatt geeignet ist.<br \/>\nKOMPAKTE GR\u00d6SSE \u2013 das Ganze l\u00e4sst sich problemlos in einem Schrank\/Schublade verstauen und leicht transportieren.<br \/>\nSPEZIFIKATION - Ma\u00dfe (L\u00e4nge\/Breite\/Tiefe): 20\/10\/5 cm, Gewicht: 510 g, im Set: verstellbarer Schraubenschl\u00fcssel \/ Dreh\u00f6ffner verstellbar f\u00fcr Schraubsockel, Satz mit 18 Spitzen f\u00fcr \u00d6ffner \/ Drehschraubendreher, verstellbare Klemme ( Halter) zum Befestigen von Uhren, 3x Locher f\u00fcr Armb\u00e4nder 0,70mm \/ 0,80mm \/ 1,00mm, Pr\u00e4zisionspinzette mit spitzer Spitze, Satz aus 3x Flachschraubendreher mit auswechselbarer Klinge, Teleskopauszieher, Armbandk\u00fcrzer, Brechmesser f\u00fcr Uhrengeh\u00e4useb\u00f6den.<\/p>","protected":false},"excerpt":{"rendered":"<ul>\n<li><strong>Werkzeugsatz zum Reparieren und Austauschen von Batterien bei Armbanduhren.<\/strong><\/li>\n<li><strong>Werkzeug zum K\u00fcrzen des Uhrenarmbandes.<\/strong><\/li>\n<li><strong>Sparen Sie viel Geld beim Batteriewechsel.<\/strong><\/li>\n<\/ul>","protected":false},"featured_media":10882,"comment_status":"open","ping_status":"closed","template":"","meta":{"om_disable_all_campaigns":false,"_monsterinsights_skip_tracking":false,"_monsterinsights_sitenote_active":false,"_monsterinsights_sitenote_note":"","_monsterinsights_sitenote_category":0},"product_brand":[],"product_cat":[1041],"product_tag":[837,940,1102],"class_list":{"0":"post-10881","1":"product","2":"type-product","3":"status-publish","4":"has-post-thumbnail","6":"product_cat-etuier-tilbehoer","7":"product_tag-s1363","8":"product_tag-saet","9":"product_tag-vaerktoej","11":"first","12":"instock","13":"shipping-taxable","14":"purchasable","15":"product-type-simple"},"yoast_head":"<!-- This site is optimized with the Yoast SEO plugin v27.2 - https:\/\/yoast.com\/product\/yoast-seo-wordpress\/ -->\n<title>V\u00e6rkt\u00f8jss\u00e6t til ure - Bigstren | K\u00f8b online her | LOCS<\/title>\n<meta name=\"description\" content=\"K\u00f8b V\u00e6rkt\u00f8jss\u00e6t til ure - Bigstren her | EU&#039;s st\u00f8rste udvalg af LOCS solbriller | Vi sender fra EU - Ingen ekstra import udgifter\" \/>\n<meta name=\"robots\" content=\"index, follow, max-snippet:-1, max-image-preview:large, max-video-preview:-1\" \/>\n<link rel=\"canonical\" href=\"https:\/\/locsshop.eu\/de\/shop\/vaerktoejssaet-til-ure-bigstren\/\" \/>\n<meta property=\"og:locale\" content=\"de_DE\" \/>\n<meta property=\"og:type\" content=\"article\" \/>\n<meta property=\"og:title\" content=\"V\u00e6rkt\u00f8jss\u00e6t til ure - Bigstren | K\u00f8b online her | LOCS\" \/>\n<meta property=\"og:description\" content=\"K\u00f8b V\u00e6rkt\u00f8jss\u00e6t til ure - Bigstren her | EU&#039;s st\u00f8rste udvalg af LOCS solbriller | Vi sender fra EU - Ingen ekstra import udgifter\" \/>\n<meta property=\"og:url\" content=\"https:\/\/locsshop.eu\/de\/shop\/vaerktoejssaet-til-ure-bigstren\/\" \/>\n<meta property=\"og:site_name\" content=\"Locs Sunglasses - LOCS Supplier in EU\" \/>\n<meta property=\"article:modified_time\" content=\"2025-09-11T13:04:43+00:00\" \/>\n<meta property=\"og:image\" content=\"https:\/\/locsshop.eu\/wp-content\/uploads\/2023\/07\/11401_1.jpg\" \/>\n\t<meta property=\"og:image:width\" content=\"800\" \/>\n\t<meta property=\"og:image:height\" content=\"800\" \/>\n\t<meta property=\"og:image:type\" content=\"image\/jpeg\" \/>\n<meta name=\"twitter:card\" content=\"summary_large_image\" \/>\n<meta name=\"twitter:label1\" content=\"Gesch\u00e4tzte Lesezeit\" \/>\n\t<meta name=\"twitter:data1\" content=\"1\u00a0Minute\" \/>\n<script type=\"application\/ld+json\" class=\"yoast-schema-graph\">{\"@context\":\"https:\/\/schema.org\",\"@graph\":[{\"@type\":\"WebPage\",\"@id\":\"https:\/\/locsshop.eu\/shop\/vaerktoejssaet-til-ure-bigstren\/\",\"url\":\"https:\/\/locsshop.eu\/shop\/vaerktoejssaet-til-ure-bigstren\/\",\"name\":\"V\u00e6rkt\u00f8jss\u00e6t til ure - Bigstren | K\u00f8b online her | LOCS\",\"isPartOf\":{\"@id\":\"https:\/\/locsshop.eu\/#website\"},\"primaryImageOfPage\":{\"@id\":\"https:\/\/locsshop.eu\/shop\/vaerktoejssaet-til-ure-bigstren\/#primaryimage\"},\"image\":{\"@id\":\"https:\/\/locsshop.eu\/shop\/vaerktoejssaet-til-ure-bigstren\/#primaryimage\"},\"thumbnailUrl\":\"https:\/\/locsshop.eu\/wp-content\/uploads\/2023\/07\/11401_1.jpg\",\"datePublished\":\"2023-07-06T16:20:27+00:00\",\"dateModified\":\"2025-09-11T13:04:43+00:00\",\"description\":\"K\u00f8b V\u00e6rkt\u00f8jss\u00e6t til ure - Bigstren her | EU's st\u00f8rste udvalg af LOCS solbriller | Vi sender fra EU - Ingen ekstra import udgifter\",\"breadcrumb\":{\"@id\":\"https:\/\/locsshop.eu\/shop\/vaerktoejssaet-til-ure-bigstren\/#breadcrumb\"},\"inLanguage\":\"de\",\"potentialAction\":[{\"@type\":\"ReadAction\",\"target\":[\"https:\/\/locsshop.eu\/shop\/vaerktoejssaet-til-ure-bigstren\/\"]}]},{\"@type\":\"ImageObject\",\"inLanguage\":\"de\",\"@id\":\"https:\/\/locsshop.eu\/shop\/vaerktoejssaet-til-ure-bigstren\/#primaryimage\",\"url\":\"https:\/\/locsshop.eu\/wp-content\/uploads\/2023\/07\/11401_1.jpg\",\"contentUrl\":\"https:\/\/locsshop.eu\/wp-content\/uploads\/2023\/07\/11401_1.jpg\",\"width\":800,\"height\":800},{\"@type\":\"BreadcrumbList\",\"@id\":\"https:\/\/locsshop.eu\/shop\/vaerktoejssaet-til-ure-bigstren\/#breadcrumb\",\"itemListElement\":[{\"@type\":\"ListItem\",\"position\":1,\"name\":\"Hjem\",\"item\":\"https:\/\/locsshop.eu\/\"},{\"@type\":\"ListItem\",\"position\":2,\"name\":\"Shop\",\"item\":\"https:\/\/locsshop.eu\/shop\/\"},{\"@type\":\"ListItem\",\"position\":3,\"name\":\"V\u00e6rkt\u00f8jss\u00e6t til ure &#8211; Bigstren\"}]},{\"@type\":\"WebSite\",\"@id\":\"https:\/\/locsshop.eu\/#website\",\"url\":\"https:\/\/locsshop.eu\/\",\"name\":\"Locs Sunglasses - LOCS Supplier in EU\",\"description\":\"We sell cheap LOCS Sunglasses\",\"publisher\":{\"@id\":\"https:\/\/locsshop.eu\/#organization\"},\"potentialAction\":[{\"@type\":\"SearchAction\",\"target\":{\"@type\":\"EntryPoint\",\"urlTemplate\":\"https:\/\/locsshop.eu\/?s={search_term_string}\"},\"query-input\":{\"@type\":\"PropertyValueSpecification\",\"valueRequired\":true,\"valueName\":\"search_term_string\"}}],\"inLanguage\":\"de\"},{\"@type\":\"Organization\",\"@id\":\"https:\/\/locsshop.eu\/#organization\",\"name\":\"Locsshop.eu\",\"url\":\"https:\/\/locsshop.eu\/\",\"logo\":{\"@type\":\"ImageObject\",\"inLanguage\":\"de\",\"@id\":\"https:\/\/locsshop.eu\/#\/schema\/logo\/image\/\",\"url\":\"https:\/\/locsshop.eu\/wp-content\/uploads\/2022\/02\/Locsshop-logo.png\",\"contentUrl\":\"https:\/\/locsshop.eu\/wp-content\/uploads\/2022\/02\/Locsshop-logo.png\",\"width\":930,\"height\":200,\"caption\":\"Locsshop.eu\"},\"image\":{\"@id\":\"https:\/\/locsshop.eu\/#\/schema\/logo\/image\/\"}}]}<\/script>\n<!-- \/ Yoast SEO plugin. -->","yoast_head_json":{"title":"Werkzeugset f\u00fcr Uhren - Bigstren | Hier online kaufen | LOCS","description":"Kaufen Sie hier Werkzeugset f\u00fcr Uhren - Bigstern | Die gr\u00f6\u00dfte Auswahl an LOCS-Sonnenbrillen in der EU | Wir versenden aus der EU \u2013 keine zus\u00e4tzlichen Importkosten","robots":{"index":"index","follow":"follow","max-snippet":"max-snippet:-1","max-image-preview":"max-image-preview:large","max-video-preview":"max-video-preview:-1"},"canonical":"https:\/\/locsshop.eu\/de\/shop\/vaerktoejssaet-til-ure-bigstren\/","og_locale":"de_DE","og_type":"article","og_title":"V\u00e6rkt\u00f8jss\u00e6t til ure - Bigstren | K\u00f8b online her | LOCS","og_description":"K\u00f8b V\u00e6rkt\u00f8jss\u00e6t til ure - Bigstren her | EU's st\u00f8rste udvalg af LOCS solbriller | Vi sender fra EU - Ingen ekstra import udgifter","og_url":"https:\/\/locsshop.eu\/de\/shop\/vaerktoejssaet-til-ure-bigstren\/","og_site_name":"Locs Sunglasses - LOCS Supplier in EU","article_modified_time":"2025-09-11T13:04:43+00:00","og_image":[{"width":800,"height":800,"url":"https:\/\/locsshop.eu\/wp-content\/uploads\/2023\/07\/11401_1.jpg","type":"image\/jpeg"}],"twitter_card":"summary_large_image","twitter_misc":{"Gesch\u00e4tzte Lesezeit":"1\u00a0Minute"},"schema":{"@context":"https:\/\/schema.org","@graph":[{"@type":"WebPage","@id":"https:\/\/locsshop.eu\/shop\/vaerktoejssaet-til-ure-bigstren\/","url":"https:\/\/locsshop.eu\/shop\/vaerktoejssaet-til-ure-bigstren\/","name":"Werkzeugset f\u00fcr Uhren - Bigstren | Hier online kaufen | LOCS","isPartOf":{"@id":"https:\/\/locsshop.eu\/#website"},"primaryImageOfPage":{"@id":"https:\/\/locsshop.eu\/shop\/vaerktoejssaet-til-ure-bigstren\/#primaryimage"},"image":{"@id":"https:\/\/locsshop.eu\/shop\/vaerktoejssaet-til-ure-bigstren\/#primaryimage"},"thumbnailUrl":"https:\/\/locsshop.eu\/wp-content\/uploads\/2023\/07\/11401_1.jpg","datePublished":"2023-07-06T16:20:27+00:00","dateModified":"2025-09-11T13:04:43+00:00","description":"Kaufen Sie hier Werkzeugset f\u00fcr Uhren - Bigstern | Die gr\u00f6\u00dfte Auswahl an LOCS-Sonnenbrillen in der EU | Wir versenden aus der EU \u2013 keine zus\u00e4tzlichen Importkosten","breadcrumb":{"@id":"https:\/\/locsshop.eu\/shop\/vaerktoejssaet-til-ure-bigstren\/#breadcrumb"},"inLanguage":"de","potentialAction":[{"@type":"ReadAction","target":["https:\/\/locsshop.eu\/shop\/vaerktoejssaet-til-ure-bigstren\/"]}]},{"@type":"ImageObject","inLanguage":"de","@id":"https:\/\/locsshop.eu\/shop\/vaerktoejssaet-til-ure-bigstren\/#primaryimage","url":"https:\/\/locsshop.eu\/wp-content\/uploads\/2023\/07\/11401_1.jpg","contentUrl":"https:\/\/locsshop.eu\/wp-content\/uploads\/2023\/07\/11401_1.jpg","width":800,"height":800},{"@type":"BreadcrumbList","@id":"https:\/\/locsshop.eu\/shop\/vaerktoejssaet-til-ure-bigstren\/#breadcrumb","itemListElement":[{"@type":"ListItem","position":1,"name":"Hjem","item":"https:\/\/locsshop.eu\/"},{"@type":"ListItem","position":2,"name":"Shop","item":"https:\/\/locsshop.eu\/shop\/"},{"@type":"ListItem","position":3,"name":"V\u00e6rkt\u00f8jss\u00e6t til ure &#8211; Bigstren"}]},{"@type":"WebSite","@id":"https:\/\/locsshop.eu\/#website","url":"https:\/\/locsshop.eu\/","name":"Locs Sonnenbrillen \u2013 LOCS-Lieferant in der EU","description":"Wir verkaufen g\u00fcnstige LOCS Sonnenbrillen","publisher":{"@id":"https:\/\/locsshop.eu\/#organization"},"potentialAction":[{"@type":"SearchAction","target":{"@type":"EntryPoint","urlTemplate":"https:\/\/locsshop.eu\/?s={search_term_string}"},"query-input":{"@type":"PropertyValueSpecification","valueRequired":true,"valueName":"search_term_string"}}],"inLanguage":"de"},{"@type":"Organization","@id":"https:\/\/locsshop.eu\/#organization","name":"Locsshop.eu","url":"https:\/\/locsshop.eu\/","logo":{"@type":"ImageObject","inLanguage":"de","@id":"https:\/\/locsshop.eu\/#\/schema\/logo\/image\/","url":"https:\/\/locsshop.eu\/wp-content\/uploads\/2022\/02\/Locsshop-logo.png","contentUrl":"https:\/\/locsshop.eu\/wp-content\/uploads\/2022\/02\/Locsshop-logo.png","width":930,"height":200,"caption":"Locsshop.eu"},"image":{"@id":"https:\/\/locsshop.eu\/#\/schema\/logo\/image\/"}}]}},"_links":{"self":[{"href":"https:\/\/locsshop.eu\/de\/wp-json\/wp\/v2\/product\/10881","targetHints":{"allow":["GET"]}}],"collection":[{"href":"https:\/\/locsshop.eu\/de\/wp-json\/wp\/v2\/product"}],"about":[{"href":"https:\/\/locsshop.eu\/de\/wp-json\/wp\/v2\/types\/product"}],"replies":[{"embeddable":true,"href":"https:\/\/locsshop.eu\/de\/wp-json\/wp\/v2\/comments?post=10881"}],"wp:featuredmedia":[{"embeddable":true,"href":"https:\/\/locsshop.eu\/de\/wp-json\/wp\/v2\/media\/10882"}],"wp:attachment":[{"href":"https:\/\/locsshop.eu\/de\/wp-json\/wp\/v2\/media?parent=10881"}],"wp:term":[{"taxonomy":"product_brand","embeddable":true,"href":"https:\/\/locsshop.eu\/de\/wp-json\/wp\/v2\/product_brand?post=10881"},{"taxonomy":"product_cat","embeddable":true,"href":"https:\/\/locsshop.eu\/de\/wp-json\/wp\/v2\/product_cat?post=10881"},{"taxonomy":"product_tag","embeddable":true,"href":"https:\/\/locsshop.eu\/de\/wp-json\/wp\/v2\/product_tag?post=10881"}],"curies":[{"name":"wp","href":"https:\/\/api.w.org\/{rel}","templated":true}]}}