{"id":11223,"date":"2023-09-25T09:37:26","date_gmt":"2023-09-25T07:37:26","guid":{"rendered":"https:\/\/locsshop.eu\/da\/shop\/lyseroede-og-hvide-fit-over-solbriller-alicante-moerke-glas\/"},"modified":"2025-05-17T14:40:49","modified_gmt":"2025-05-17T12:40:49","slug":"lyseroede-og-hvide-fit-over-solbriller-alicante-moerke-glas","status":"publish","type":"product","link":"https:\/\/locsshop.eu\/de\/shop\/lyseroede-og-hvide-fit-over-solbriller-alicante-moerke-glas\/","title":{"rendered":"Rosa und wei\u00dfe \u00dcberzieh-Sonnenbrille \u2013 Alicante | Dunkle Brille"},"content":{"rendered":"<h2>Rosafarbene Fit-Over-Sonnenbrille, die Sie auch au\u00dferhalb Ihrer normalen Sonnenbrille tragen k\u00f6nnen. Gl\u00e4ser<\/h2>\n<p>Wenn Sie eine Brille tragen und eine Sonnenbrille w\u00fcnschen, die Sie zus\u00e4tzlich zu Ihrer Brille aufsetzen k\u00f6nnen, m\u00fcssen Sie eine Sonnenbrille zum \u00dcberziehen kaufen.<br \/>\nDiese sind mit angenehm dunklen Gl\u00e4sern ausgestattet<\/p>\n<p><strong>Die \u00dcberbrille ist so konzipiert, dass Sie sie \u00fcber Ihrer normalen Brille tragen k\u00f6nnen.<br \/>\nVerwenden Sie die Ma\u00dfe unten und sehen Sie, ob sie zu Ihrer Brille passen<\/strong><\/p>\n<p>Innenbreite: 12 cm.<br \/>\nInnenh\u00f6he: 3,6 cm.<br \/>\nInnenseitenl\u00e4nge: 13,5 cm.<\/p>\n<p>Material Rahmen: Kunststoff<br \/>\nUV400-Schutz<\/p>\n<h3><strong>Die Sonnenbrille ist polarisiert<br \/>\n<img loading=\"lazy\" decoding=\"async\" class=\"alignnone size-full wp-image-11712\" src=\"https:\/\/bazarsalg.dk\/wp-content\/uploads\/polarized-logo.jpg\" alt=\"\" width=\"200\" height=\"108\" \/><br \/>\n<\/strong><\/h3>\n<p><em>Polarisierte Sonnenbrillen sind eine beliebte Art von Sonnenbrillen, die entwickelt wurden, um Blendung durch reflektierende Oberfl\u00e4chen wie Wasser, Schnee oder Stra\u00dfenoberfl\u00e4chen zu reduzieren. Dies wird durch einen Polarisationsfilm erreicht, der Lichtwellen blockiert, die sich auf einer bestimmten Achse ausbreiten. Dies reduziert Reflexionen und sorgt f\u00fcr eine klarere und detailliertere Sicht, insbesondere bei hellem Sonnenlicht. Es ist eine gute Idee, eine polarisierte Sonnenbrille zu w\u00e4hlen, wenn Sie viel Zeit im Freien verbringen, insbesondere in der N\u00e4he von Wasser oder bei Aktivit\u00e4ten wie Skifahren oder Radfahren.<\/em><\/p>","protected":false},"excerpt":{"rendered":"<ul>\n<li>Drau\u00dfen auf Ihrem General getragen. Brille<\/li>\n<li>Gl\u00e4nzende Oberfl\u00e4che<\/li>\n<li>Polarisierte Gl\u00e4ser f\u00fcr optimale Sicht<\/li>\n<\/ul>","protected":false},"featured_media":11222,"comment_status":"open","ping_status":"closed","template":"","meta":{"om_disable_all_campaigns":false,"_monsterinsights_skip_tracking":false,"_monsterinsights_sitenote_active":false,"_monsterinsights_sitenote_note":"","_monsterinsights_sitenote_category":0},"product_brand":[],"product_cat":[1026,1029,1025,1032],"product_tag":[445,1297,1409,447,870],"class_list":{"0":"post-11223","1":"product","2":"type-product","3":"status-publish","4":"has-post-thumbnail","6":"product_cat-dame-solbriller","7":"product_cat-herre-solbriller","8":"product_cat-billige-solbriller","9":"product_cat-fit-over-solbriller","10":"product_tag-fit","11":"product_tag-fit-over","12":"product_tag-k2016a","13":"product_tag-over","14":"product_tag-p693","16":"first","17":"instock","18":"shipping-taxable","19":"purchasable","20":"product-type-simple"},"yoast_head":"<!-- This site is optimized with the Yoast SEO plugin v27.5 - https:\/\/yoast.com\/product\/yoast-seo-wordpress\/ -->\n<title>Lyser\u00f8de og hvide Fit-Over Solbriller - Alicante | M\u00f8rke glas | K\u00f8b online her | LOCS<\/title>\n<meta name=\"description\" content=\"K\u00f8b Lyser\u00f8de og hvide Fit-Over Solbriller - Alicante | M\u00f8rke glas her | EU&#039;s st\u00f8rste udvalg af LOCS solbriller | Vi sender fra EU - Ingen ekstra import udgifter\" \/>\n<meta name=\"robots\" content=\"index, follow, max-snippet:-1, max-image-preview:large, max-video-preview:-1\" \/>\n<link rel=\"canonical\" href=\"https:\/\/locsshop.eu\/de\/shop\/lyseroede-og-hvide-fit-over-solbriller-alicante-moerke-glas\/\" \/>\n<meta property=\"og:locale\" content=\"de_DE\" \/>\n<meta property=\"og:type\" content=\"article\" \/>\n<meta property=\"og:title\" content=\"Lyser\u00f8de og hvide Fit-Over Solbriller - Alicante | M\u00f8rke glas | K\u00f8b online her | LOCS\" \/>\n<meta property=\"og:description\" content=\"K\u00f8b Lyser\u00f8de og hvide Fit-Over Solbriller - Alicante | M\u00f8rke glas her | EU&#039;s st\u00f8rste udvalg af LOCS solbriller | Vi sender fra EU - Ingen ekstra import udgifter\" \/>\n<meta property=\"og:url\" content=\"https:\/\/locsshop.eu\/de\/shop\/lyseroede-og-hvide-fit-over-solbriller-alicante-moerke-glas\/\" \/>\n<meta property=\"og:site_name\" content=\"Locs Sunglasses - LOCS Supplier in EU\" \/>\n<meta property=\"article:modified_time\" content=\"2025-05-17T12:40:49+00:00\" \/>\n<meta property=\"og:image\" content=\"https:\/\/locsshop.eu\/wp-content\/uploads\/2023\/09\/K2016A-LPK.jpg\" \/>\n\t<meta property=\"og:image:width\" content=\"800\" \/>\n\t<meta property=\"og:image:height\" content=\"800\" \/>\n\t<meta property=\"og:image:type\" content=\"image\/jpeg\" \/>\n<meta name=\"twitter:card\" content=\"summary_large_image\" \/>\n<meta name=\"twitter:label1\" content=\"Gesch\u00e4tzte Lesezeit\" \/>\n\t<meta name=\"twitter:data1\" content=\"1\u00a0Minute\" \/>\n<script type=\"application\/ld+json\" class=\"yoast-schema-graph\">{\"@context\":\"https:\\\/\\\/schema.org\",\"@graph\":[{\"@type\":\"WebPage\",\"@id\":\"https:\\\/\\\/locsshop.eu\\\/shop\\\/lyseroede-og-hvide-fit-over-solbriller-alicante-moerke-glas\\\/\",\"url\":\"https:\\\/\\\/locsshop.eu\\\/shop\\\/lyseroede-og-hvide-fit-over-solbriller-alicante-moerke-glas\\\/\",\"name\":\"Lyser\u00f8de og hvide Fit-Over Solbriller - Alicante | M\u00f8rke glas | K\u00f8b online her | LOCS\",\"isPartOf\":{\"@id\":\"https:\\\/\\\/locsshop.eu\\\/#website\"},\"primaryImageOfPage\":{\"@id\":\"https:\\\/\\\/locsshop.eu\\\/shop\\\/lyseroede-og-hvide-fit-over-solbriller-alicante-moerke-glas\\\/#primaryimage\"},\"image\":{\"@id\":\"https:\\\/\\\/locsshop.eu\\\/shop\\\/lyseroede-og-hvide-fit-over-solbriller-alicante-moerke-glas\\\/#primaryimage\"},\"thumbnailUrl\":\"https:\\\/\\\/locsshop.eu\\\/wp-content\\\/uploads\\\/2023\\\/09\\\/K2016A-LPK.jpg\",\"datePublished\":\"2023-09-25T07:37:26+00:00\",\"dateModified\":\"2025-05-17T12:40:49+00:00\",\"description\":\"K\u00f8b Lyser\u00f8de og hvide Fit-Over Solbriller - Alicante | M\u00f8rke glas her | EU's st\u00f8rste udvalg af LOCS solbriller | Vi sender fra EU - Ingen ekstra import udgifter\",\"breadcrumb\":{\"@id\":\"https:\\\/\\\/locsshop.eu\\\/shop\\\/lyseroede-og-hvide-fit-over-solbriller-alicante-moerke-glas\\\/#breadcrumb\"},\"inLanguage\":\"de\",\"potentialAction\":[{\"@type\":\"ReadAction\",\"target\":[\"https:\\\/\\\/locsshop.eu\\\/shop\\\/lyseroede-og-hvide-fit-over-solbriller-alicante-moerke-glas\\\/\"]}]},{\"@type\":\"ImageObject\",\"inLanguage\":\"de\",\"@id\":\"https:\\\/\\\/locsshop.eu\\\/shop\\\/lyseroede-og-hvide-fit-over-solbriller-alicante-moerke-glas\\\/#primaryimage\",\"url\":\"https:\\\/\\\/locsshop.eu\\\/wp-content\\\/uploads\\\/2023\\\/09\\\/K2016A-LPK.jpg\",\"contentUrl\":\"https:\\\/\\\/locsshop.eu\\\/wp-content\\\/uploads\\\/2023\\\/09\\\/K2016A-LPK.jpg\",\"width\":800,\"height\":800},{\"@type\":\"BreadcrumbList\",\"@id\":\"https:\\\/\\\/locsshop.eu\\\/shop\\\/lyseroede-og-hvide-fit-over-solbriller-alicante-moerke-glas\\\/#breadcrumb\",\"itemListElement\":[{\"@type\":\"ListItem\",\"position\":1,\"name\":\"Hjem\",\"item\":\"https:\\\/\\\/locsshop.eu\\\/\"},{\"@type\":\"ListItem\",\"position\":2,\"name\":\"Shop\",\"item\":\"https:\\\/\\\/locsshop.eu\\\/shop\\\/\"},{\"@type\":\"ListItem\",\"position\":3,\"name\":\"Lyser\u00f8de og hvide Fit-Over Solbriller &#8211; Alicante | M\u00f8rke glas\"}]},{\"@type\":\"WebSite\",\"@id\":\"https:\\\/\\\/locsshop.eu\\\/#website\",\"url\":\"https:\\\/\\\/locsshop.eu\\\/\",\"name\":\"Locs Sunglasses - LOCS Supplier in EU\",\"description\":\"We sell cheap LOCS Sunglasses\",\"publisher\":{\"@id\":\"https:\\\/\\\/locsshop.eu\\\/#organization\"},\"potentialAction\":[{\"@type\":\"SearchAction\",\"target\":{\"@type\":\"EntryPoint\",\"urlTemplate\":\"https:\\\/\\\/locsshop.eu\\\/?s={search_term_string}\"},\"query-input\":{\"@type\":\"PropertyValueSpecification\",\"valueRequired\":true,\"valueName\":\"search_term_string\"}}],\"inLanguage\":\"de\"},{\"@type\":\"Organization\",\"@id\":\"https:\\\/\\\/locsshop.eu\\\/#organization\",\"name\":\"Locsshop.eu\",\"url\":\"https:\\\/\\\/locsshop.eu\\\/\",\"logo\":{\"@type\":\"ImageObject\",\"inLanguage\":\"de\",\"@id\":\"https:\\\/\\\/locsshop.eu\\\/#\\\/schema\\\/logo\\\/image\\\/\",\"url\":\"https:\\\/\\\/locsshop.eu\\\/wp-content\\\/uploads\\\/2022\\\/02\\\/Locsshop-logo.png\",\"contentUrl\":\"https:\\\/\\\/locsshop.eu\\\/wp-content\\\/uploads\\\/2022\\\/02\\\/Locsshop-logo.png\",\"width\":930,\"height\":200,\"caption\":\"Locsshop.eu\"},\"image\":{\"@id\":\"https:\\\/\\\/locsshop.eu\\\/#\\\/schema\\\/logo\\\/image\\\/\"}}]}<\/script>\n<!-- \/ Yoast SEO plugin. -->","yoast_head_json":{"title":"Rosa und wei\u00dfe \u00dcberzieh-Sonnenbrille \u2013 Alicante | Dunkle Brille | Hier online kaufen | LOCS","description":"Kaufen Sie rosa und wei\u00dfe \u00dcberzieh-Sonnenbrillen \u2013 Alicante | Dunkle Brille hier | Die gr\u00f6\u00dfte Auswahl an LOCS-Sonnenbrillen in der EU | Wir versenden aus der EU \u2013 keine zus\u00e4tzlichen Importkosten","robots":{"index":"index","follow":"follow","max-snippet":"max-snippet:-1","max-image-preview":"max-image-preview:large","max-video-preview":"max-video-preview:-1"},"canonical":"https:\/\/locsshop.eu\/de\/shop\/lyseroede-og-hvide-fit-over-solbriller-alicante-moerke-glas\/","og_locale":"de_DE","og_type":"article","og_title":"Lyser\u00f8de og hvide Fit-Over Solbriller - Alicante | M\u00f8rke glas | K\u00f8b online her | LOCS","og_description":"K\u00f8b Lyser\u00f8de og hvide Fit-Over Solbriller - Alicante | M\u00f8rke glas her | EU's st\u00f8rste udvalg af LOCS solbriller | Vi sender fra EU - Ingen ekstra import udgifter","og_url":"https:\/\/locsshop.eu\/de\/shop\/lyseroede-og-hvide-fit-over-solbriller-alicante-moerke-glas\/","og_site_name":"Locs Sunglasses - LOCS Supplier in EU","article_modified_time":"2025-05-17T12:40:49+00:00","og_image":[{"width":800,"height":800,"url":"https:\/\/locsshop.eu\/wp-content\/uploads\/2023\/09\/K2016A-LPK.jpg","type":"image\/jpeg"}],"twitter_card":"summary_large_image","twitter_misc":{"Gesch\u00e4tzte Lesezeit":"1\u00a0Minute"},"schema":{"@context":"https:\/\/schema.org","@graph":[{"@type":"WebPage","@id":"https:\/\/locsshop.eu\/shop\/lyseroede-og-hvide-fit-over-solbriller-alicante-moerke-glas\/","url":"https:\/\/locsshop.eu\/shop\/lyseroede-og-hvide-fit-over-solbriller-alicante-moerke-glas\/","name":"Rosa und wei\u00dfe \u00dcberzieh-Sonnenbrille \u2013 Alicante | Dunkle Brille | Hier online kaufen | LOCS","isPartOf":{"@id":"https:\/\/locsshop.eu\/#website"},"primaryImageOfPage":{"@id":"https:\/\/locsshop.eu\/shop\/lyseroede-og-hvide-fit-over-solbriller-alicante-moerke-glas\/#primaryimage"},"image":{"@id":"https:\/\/locsshop.eu\/shop\/lyseroede-og-hvide-fit-over-solbriller-alicante-moerke-glas\/#primaryimage"},"thumbnailUrl":"https:\/\/locsshop.eu\/wp-content\/uploads\/2023\/09\/K2016A-LPK.jpg","datePublished":"2023-09-25T07:37:26+00:00","dateModified":"2025-05-17T12:40:49+00:00","description":"Kaufen Sie rosa und wei\u00dfe \u00dcberzieh-Sonnenbrillen \u2013 Alicante | Dunkle Brille hier | Die gr\u00f6\u00dfte Auswahl an LOCS-Sonnenbrillen in der EU | Wir versenden aus der EU \u2013 keine zus\u00e4tzlichen Importkosten","breadcrumb":{"@id":"https:\/\/locsshop.eu\/shop\/lyseroede-og-hvide-fit-over-solbriller-alicante-moerke-glas\/#breadcrumb"},"inLanguage":"de","potentialAction":[{"@type":"ReadAction","target":["https:\/\/locsshop.eu\/shop\/lyseroede-og-hvide-fit-over-solbriller-alicante-moerke-glas\/"]}]},{"@type":"ImageObject","inLanguage":"de","@id":"https:\/\/locsshop.eu\/shop\/lyseroede-og-hvide-fit-over-solbriller-alicante-moerke-glas\/#primaryimage","url":"https:\/\/locsshop.eu\/wp-content\/uploads\/2023\/09\/K2016A-LPK.jpg","contentUrl":"https:\/\/locsshop.eu\/wp-content\/uploads\/2023\/09\/K2016A-LPK.jpg","width":800,"height":800},{"@type":"BreadcrumbList","@id":"https:\/\/locsshop.eu\/shop\/lyseroede-og-hvide-fit-over-solbriller-alicante-moerke-glas\/#breadcrumb","itemListElement":[{"@type":"ListItem","position":1,"name":"Hjem","item":"https:\/\/locsshop.eu\/"},{"@type":"ListItem","position":2,"name":"Shop","item":"https:\/\/locsshop.eu\/shop\/"},{"@type":"ListItem","position":3,"name":"Lyser\u00f8de og hvide Fit-Over Solbriller &#8211; Alicante | M\u00f8rke glas"}]},{"@type":"WebSite","@id":"https:\/\/locsshop.eu\/#website","url":"https:\/\/locsshop.eu\/","name":"Locs Sonnenbrillen \u2013 LOCS-Lieferant in der EU","description":"Wir verkaufen g\u00fcnstige LOCS Sonnenbrillen","publisher":{"@id":"https:\/\/locsshop.eu\/#organization"},"potentialAction":[{"@type":"SearchAction","target":{"@type":"EntryPoint","urlTemplate":"https:\/\/locsshop.eu\/?s={search_term_string}"},"query-input":{"@type":"PropertyValueSpecification","valueRequired":true,"valueName":"search_term_string"}}],"inLanguage":"de"},{"@type":"Organization","@id":"https:\/\/locsshop.eu\/#organization","name":"Locsshop.eu","url":"https:\/\/locsshop.eu\/","logo":{"@type":"ImageObject","inLanguage":"de","@id":"https:\/\/locsshop.eu\/#\/schema\/logo\/image\/","url":"https:\/\/locsshop.eu\/wp-content\/uploads\/2022\/02\/Locsshop-logo.png","contentUrl":"https:\/\/locsshop.eu\/wp-content\/uploads\/2022\/02\/Locsshop-logo.png","width":930,"height":200,"caption":"Locsshop.eu"},"image":{"@id":"https:\/\/locsshop.eu\/#\/schema\/logo\/image\/"}}]}},"_links":{"self":[{"href":"https:\/\/locsshop.eu\/de\/wp-json\/wp\/v2\/product\/11223","targetHints":{"allow":["GET"]}}],"collection":[{"href":"https:\/\/locsshop.eu\/de\/wp-json\/wp\/v2\/product"}],"about":[{"href":"https:\/\/locsshop.eu\/de\/wp-json\/wp\/v2\/types\/product"}],"replies":[{"embeddable":true,"href":"https:\/\/locsshop.eu\/de\/wp-json\/wp\/v2\/comments?post=11223"}],"wp:featuredmedia":[{"embeddable":true,"href":"https:\/\/locsshop.eu\/de\/wp-json\/wp\/v2\/media\/11222"}],"wp:attachment":[{"href":"https:\/\/locsshop.eu\/de\/wp-json\/wp\/v2\/media?parent=11223"}],"wp:term":[{"taxonomy":"product_brand","embeddable":true,"href":"https:\/\/locsshop.eu\/de\/wp-json\/wp\/v2\/product_brand?post=11223"},{"taxonomy":"product_cat","embeddable":true,"href":"https:\/\/locsshop.eu\/de\/wp-json\/wp\/v2\/product_cat?post=11223"},{"taxonomy":"product_tag","embeddable":true,"href":"https:\/\/locsshop.eu\/de\/wp-json\/wp\/v2\/product_tag?post=11223"}],"curies":[{"name":"wp","href":"https:\/\/api.w.org\/{rel}","templated":true}]}}