{"id":11251,"date":"2023-09-26T20:02:18","date_gmt":"2023-09-26T18:02:18","guid":{"rendered":"https:\/\/locsshop.eu\/da\/shop\/transparente-damesolbriller-med-roede-staenger-gul\/"},"modified":"2023-09-26T20:56:21","modified_gmt":"2023-09-26T18:56:21","slug":"transparente-damesolbriller-med-roede-staenger-gul","status":"publish","type":"product","link":"https:\/\/locsshop.eu\/de\/shop\/transparente-damesolbriller-med-roede-staenger-gul\/","title":{"rendered":"Transparente Damen-Sonnenbrille mit roten Stegen | Gelb"},"content":{"rendered":"<h2>Transparente Damen-Sonnenbrille mit roten Stegen | Gelb<\/h2>\n<p>Eine sch\u00f6ne Sonnenbrille f\u00fcr Damen, die zu allen Gelegenheiten getragen werden kann.<\/p>\n<p>Material: Kunststoff<br \/>\nUV400-Schutz<br \/>\nCE-gepr\u00fcft<\/p>","protected":false},"excerpt":{"rendered":"<p><strong>Angenehme dunkelviolette Brille<br \/>\nTransparente Vorderseite<br \/>\nRote St\u00e4be<\/strong><\/p>\n<p>Leerer Rahmen<br \/>\nCE-gepr\u00fcft<br \/>\nUV400-Schutz<\/p>","protected":false},"featured_media":11248,"comment_status":"open","ping_status":"closed","template":"","meta":{"om_disable_all_campaigns":false,"_monsterinsights_skip_tracking":false,"_monsterinsights_sitenote_active":false,"_monsterinsights_sitenote_note":"","_monsterinsights_sitenote_category":0},"product_brand":[],"product_cat":[1026,1027,1025],"product_tag":[436,870,1413],"class_list":{"0":"post-11251","1":"product","2":"type-product","3":"status-publish","4":"has-post-thumbnail","6":"product_cat-dame-solbriller","7":"product_cat-andre-dame-solbriller","8":"product_cat-billige-solbriller","9":"product_tag-dame","10":"product_tag-p693","11":"product_tag-p770","13":"first","14":"instock","15":"sale","16":"shipping-taxable","17":"purchasable","18":"product-type-simple"},"yoast_head":"<!-- This site is optimized with the Yoast SEO plugin v27.2 - https:\/\/yoast.com\/product\/yoast-seo-wordpress\/ -->\n<title>Transparente damesolbriller med r\u00f8de st\u00e6nger | Gul | K\u00f8b online her | LOCS<\/title>\n<meta name=\"description\" content=\"K\u00f8b Transparente damesolbriller med r\u00f8de st\u00e6nger | Gul her | EU&#039;s st\u00f8rste udvalg af LOCS solbriller | Vi sender fra EU - Ingen ekstra import udgifter\" \/>\n<meta name=\"robots\" content=\"index, follow, max-snippet:-1, max-image-preview:large, max-video-preview:-1\" \/>\n<link rel=\"canonical\" href=\"https:\/\/locsshop.eu\/de\/shop\/transparente-damesolbriller-med-roede-staenger-gul\/\" \/>\n<meta property=\"og:locale\" content=\"de_DE\" \/>\n<meta property=\"og:type\" content=\"article\" \/>\n<meta property=\"og:title\" content=\"Transparente damesolbriller med r\u00f8de st\u00e6nger | Gul | K\u00f8b online her | LOCS\" \/>\n<meta property=\"og:description\" content=\"K\u00f8b Transparente damesolbriller med r\u00f8de st\u00e6nger | Gul her | EU&#039;s st\u00f8rste udvalg af LOCS solbriller | Vi sender fra EU - Ingen ekstra import udgifter\" \/>\n<meta property=\"og:url\" content=\"https:\/\/locsshop.eu\/de\/shop\/transparente-damesolbriller-med-roede-staenger-gul\/\" \/>\n<meta property=\"og:site_name\" content=\"Locs Sunglasses - LOCS Supplier in EU\" \/>\n<meta property=\"article:modified_time\" content=\"2023-09-26T18:56:21+00:00\" \/>\n<meta property=\"og:image\" content=\"https:\/\/locsshop.eu\/wp-content\/uploads\/2023\/09\/P770-1.jpg\" \/>\n\t<meta property=\"og:image:width\" content=\"800\" \/>\n\t<meta property=\"og:image:height\" content=\"800\" \/>\n\t<meta property=\"og:image:type\" content=\"image\/jpeg\" \/>\n<meta name=\"twitter:card\" content=\"summary_large_image\" \/>\n<script type=\"application\/ld+json\" class=\"yoast-schema-graph\">{\"@context\":\"https:\/\/schema.org\",\"@graph\":[{\"@type\":\"WebPage\",\"@id\":\"https:\/\/locsshop.eu\/shop\/transparente-damesolbriller-med-roede-staenger-gul\/\",\"url\":\"https:\/\/locsshop.eu\/shop\/transparente-damesolbriller-med-roede-staenger-gul\/\",\"name\":\"Transparente damesolbriller med r\u00f8de st\u00e6nger | Gul | K\u00f8b online her | LOCS\",\"isPartOf\":{\"@id\":\"https:\/\/locsshop.eu\/#website\"},\"primaryImageOfPage\":{\"@id\":\"https:\/\/locsshop.eu\/shop\/transparente-damesolbriller-med-roede-staenger-gul\/#primaryimage\"},\"image\":{\"@id\":\"https:\/\/locsshop.eu\/shop\/transparente-damesolbriller-med-roede-staenger-gul\/#primaryimage\"},\"thumbnailUrl\":\"https:\/\/locsshop.eu\/wp-content\/uploads\/2023\/09\/P770-1.jpg\",\"datePublished\":\"2023-09-26T18:02:18+00:00\",\"dateModified\":\"2023-09-26T18:56:21+00:00\",\"description\":\"K\u00f8b Transparente damesolbriller med r\u00f8de st\u00e6nger | Gul her | EU's st\u00f8rste udvalg af LOCS solbriller | Vi sender fra EU - Ingen ekstra import udgifter\",\"breadcrumb\":{\"@id\":\"https:\/\/locsshop.eu\/shop\/transparente-damesolbriller-med-roede-staenger-gul\/#breadcrumb\"},\"inLanguage\":\"de\",\"potentialAction\":[{\"@type\":\"ReadAction\",\"target\":[\"https:\/\/locsshop.eu\/shop\/transparente-damesolbriller-med-roede-staenger-gul\/\"]}]},{\"@type\":\"ImageObject\",\"inLanguage\":\"de\",\"@id\":\"https:\/\/locsshop.eu\/shop\/transparente-damesolbriller-med-roede-staenger-gul\/#primaryimage\",\"url\":\"https:\/\/locsshop.eu\/wp-content\/uploads\/2023\/09\/P770-1.jpg\",\"contentUrl\":\"https:\/\/locsshop.eu\/wp-content\/uploads\/2023\/09\/P770-1.jpg\",\"width\":800,\"height\":800},{\"@type\":\"BreadcrumbList\",\"@id\":\"https:\/\/locsshop.eu\/shop\/transparente-damesolbriller-med-roede-staenger-gul\/#breadcrumb\",\"itemListElement\":[{\"@type\":\"ListItem\",\"position\":1,\"name\":\"Hjem\",\"item\":\"https:\/\/locsshop.eu\/\"},{\"@type\":\"ListItem\",\"position\":2,\"name\":\"Shop\",\"item\":\"https:\/\/locsshop.eu\/shop\/\"},{\"@type\":\"ListItem\",\"position\":3,\"name\":\"Transparente damesolbriller med r\u00f8de st\u00e6nger | Gul\"}]},{\"@type\":\"WebSite\",\"@id\":\"https:\/\/locsshop.eu\/#website\",\"url\":\"https:\/\/locsshop.eu\/\",\"name\":\"Locs Sunglasses - LOCS Supplier in EU\",\"description\":\"We sell cheap LOCS Sunglasses\",\"publisher\":{\"@id\":\"https:\/\/locsshop.eu\/#organization\"},\"potentialAction\":[{\"@type\":\"SearchAction\",\"target\":{\"@type\":\"EntryPoint\",\"urlTemplate\":\"https:\/\/locsshop.eu\/?s={search_term_string}\"},\"query-input\":{\"@type\":\"PropertyValueSpecification\",\"valueRequired\":true,\"valueName\":\"search_term_string\"}}],\"inLanguage\":\"de\"},{\"@type\":\"Organization\",\"@id\":\"https:\/\/locsshop.eu\/#organization\",\"name\":\"Locsshop.eu\",\"url\":\"https:\/\/locsshop.eu\/\",\"logo\":{\"@type\":\"ImageObject\",\"inLanguage\":\"de\",\"@id\":\"https:\/\/locsshop.eu\/#\/schema\/logo\/image\/\",\"url\":\"https:\/\/locsshop.eu\/wp-content\/uploads\/2022\/02\/Locsshop-logo.png\",\"contentUrl\":\"https:\/\/locsshop.eu\/wp-content\/uploads\/2022\/02\/Locsshop-logo.png\",\"width\":930,\"height\":200,\"caption\":\"Locsshop.eu\"},\"image\":{\"@id\":\"https:\/\/locsshop.eu\/#\/schema\/logo\/image\/\"}}]}<\/script>\n<!-- \/ Yoast SEO plugin. -->","yoast_head_json":{"title":"Transparente Damen-Sonnenbrille mit roten Stegen | Gelb | Hier online kaufen | LOCS","description":"Kaufen Sie transparente Damen-Sonnenbrillen mit roten Stegen | Gelb hier | Die gr\u00f6\u00dfte Auswahl an LOCS-Sonnenbrillen in der EU | Wir versenden aus der EU \u2013 keine zus\u00e4tzlichen Importkosten","robots":{"index":"index","follow":"follow","max-snippet":"max-snippet:-1","max-image-preview":"max-image-preview:large","max-video-preview":"max-video-preview:-1"},"canonical":"https:\/\/locsshop.eu\/de\/shop\/transparente-damesolbriller-med-roede-staenger-gul\/","og_locale":"de_DE","og_type":"article","og_title":"Transparente damesolbriller med r\u00f8de st\u00e6nger | Gul | K\u00f8b online her | LOCS","og_description":"K\u00f8b Transparente damesolbriller med r\u00f8de st\u00e6nger | Gul her | EU's st\u00f8rste udvalg af LOCS solbriller | Vi sender fra EU - Ingen ekstra import udgifter","og_url":"https:\/\/locsshop.eu\/de\/shop\/transparente-damesolbriller-med-roede-staenger-gul\/","og_site_name":"Locs Sunglasses - LOCS Supplier in EU","article_modified_time":"2023-09-26T18:56:21+00:00","og_image":[{"width":800,"height":800,"url":"https:\/\/locsshop.eu\/wp-content\/uploads\/2023\/09\/P770-1.jpg","type":"image\/jpeg"}],"twitter_card":"summary_large_image","schema":{"@context":"https:\/\/schema.org","@graph":[{"@type":"WebPage","@id":"https:\/\/locsshop.eu\/shop\/transparente-damesolbriller-med-roede-staenger-gul\/","url":"https:\/\/locsshop.eu\/shop\/transparente-damesolbriller-med-roede-staenger-gul\/","name":"Transparente Damen-Sonnenbrille mit roten Stegen | Gelb | Hier online kaufen | LOCS","isPartOf":{"@id":"https:\/\/locsshop.eu\/#website"},"primaryImageOfPage":{"@id":"https:\/\/locsshop.eu\/shop\/transparente-damesolbriller-med-roede-staenger-gul\/#primaryimage"},"image":{"@id":"https:\/\/locsshop.eu\/shop\/transparente-damesolbriller-med-roede-staenger-gul\/#primaryimage"},"thumbnailUrl":"https:\/\/locsshop.eu\/wp-content\/uploads\/2023\/09\/P770-1.jpg","datePublished":"2023-09-26T18:02:18+00:00","dateModified":"2023-09-26T18:56:21+00:00","description":"Kaufen Sie transparente Damen-Sonnenbrillen mit roten Stegen | Gelb hier | Die gr\u00f6\u00dfte Auswahl an LOCS-Sonnenbrillen in der EU | Wir versenden aus der EU \u2013 keine zus\u00e4tzlichen Importkosten","breadcrumb":{"@id":"https:\/\/locsshop.eu\/shop\/transparente-damesolbriller-med-roede-staenger-gul\/#breadcrumb"},"inLanguage":"de","potentialAction":[{"@type":"ReadAction","target":["https:\/\/locsshop.eu\/shop\/transparente-damesolbriller-med-roede-staenger-gul\/"]}]},{"@type":"ImageObject","inLanguage":"de","@id":"https:\/\/locsshop.eu\/shop\/transparente-damesolbriller-med-roede-staenger-gul\/#primaryimage","url":"https:\/\/locsshop.eu\/wp-content\/uploads\/2023\/09\/P770-1.jpg","contentUrl":"https:\/\/locsshop.eu\/wp-content\/uploads\/2023\/09\/P770-1.jpg","width":800,"height":800},{"@type":"BreadcrumbList","@id":"https:\/\/locsshop.eu\/shop\/transparente-damesolbriller-med-roede-staenger-gul\/#breadcrumb","itemListElement":[{"@type":"ListItem","position":1,"name":"Hjem","item":"https:\/\/locsshop.eu\/"},{"@type":"ListItem","position":2,"name":"Shop","item":"https:\/\/locsshop.eu\/shop\/"},{"@type":"ListItem","position":3,"name":"Transparente damesolbriller med r\u00f8de st\u00e6nger | Gul"}]},{"@type":"WebSite","@id":"https:\/\/locsshop.eu\/#website","url":"https:\/\/locsshop.eu\/","name":"Locs Sonnenbrillen \u2013 LOCS-Lieferant in der EU","description":"Wir verkaufen g\u00fcnstige LOCS Sonnenbrillen","publisher":{"@id":"https:\/\/locsshop.eu\/#organization"},"potentialAction":[{"@type":"SearchAction","target":{"@type":"EntryPoint","urlTemplate":"https:\/\/locsshop.eu\/?s={search_term_string}"},"query-input":{"@type":"PropertyValueSpecification","valueRequired":true,"valueName":"search_term_string"}}],"inLanguage":"de"},{"@type":"Organization","@id":"https:\/\/locsshop.eu\/#organization","name":"Locsshop.eu","url":"https:\/\/locsshop.eu\/","logo":{"@type":"ImageObject","inLanguage":"de","@id":"https:\/\/locsshop.eu\/#\/schema\/logo\/image\/","url":"https:\/\/locsshop.eu\/wp-content\/uploads\/2022\/02\/Locsshop-logo.png","contentUrl":"https:\/\/locsshop.eu\/wp-content\/uploads\/2022\/02\/Locsshop-logo.png","width":930,"height":200,"caption":"Locsshop.eu"},"image":{"@id":"https:\/\/locsshop.eu\/#\/schema\/logo\/image\/"}}]}},"_links":{"self":[{"href":"https:\/\/locsshop.eu\/de\/wp-json\/wp\/v2\/product\/11251","targetHints":{"allow":["GET"]}}],"collection":[{"href":"https:\/\/locsshop.eu\/de\/wp-json\/wp\/v2\/product"}],"about":[{"href":"https:\/\/locsshop.eu\/de\/wp-json\/wp\/v2\/types\/product"}],"replies":[{"embeddable":true,"href":"https:\/\/locsshop.eu\/de\/wp-json\/wp\/v2\/comments?post=11251"}],"wp:featuredmedia":[{"embeddable":true,"href":"https:\/\/locsshop.eu\/de\/wp-json\/wp\/v2\/media\/11248"}],"wp:attachment":[{"href":"https:\/\/locsshop.eu\/de\/wp-json\/wp\/v2\/media?parent=11251"}],"wp:term":[{"taxonomy":"product_brand","embeddable":true,"href":"https:\/\/locsshop.eu\/de\/wp-json\/wp\/v2\/product_brand?post=11251"},{"taxonomy":"product_cat","embeddable":true,"href":"https:\/\/locsshop.eu\/de\/wp-json\/wp\/v2\/product_cat?post=11251"},{"taxonomy":"product_tag","embeddable":true,"href":"https:\/\/locsshop.eu\/de\/wp-json\/wp\/v2\/product_tag?post=11251"}],"curies":[{"name":"wp","href":"https:\/\/api.w.org\/{rel}","templated":true}]}}