{"id":11903,"date":"2023-11-18T10:14:35","date_gmt":"2023-11-18T09:14:35","guid":{"rendered":"https:\/\/locsshop.eu\/da\/shop\/letvaegts-y2k-solbriller-med-moerke-glas-liverpool\/"},"modified":"2025-10-13T17:08:16","modified_gmt":"2025-10-13T15:08:16","slug":"letvaegts-y2k-solbriller-med-moerke-glas-liverpool","status":"publish","type":"product","link":"https:\/\/locsshop.eu\/de\/shop\/letvaegts-y2k-solbriller-med-moerke-glas-liverpool\/","title":{"rendered":"Leichte Y2K-Sonnenbrille mit dunklen Gl\u00e4sern | Liverpool"},"content":{"rendered":"<p><strong>Erleben Sie die Nostalgie mit Y2K-Sonnenbrillen<\/strong><\/p>\n<p>Kehren Sie zur\u00fcck in die ikonische Jahrtausendwende mit unserer Y2K-Sonnenbrille, die Retro-Stil mit modernem Flair verbindet. Diese Sonnenbrille ist eine Hommage an das futuristische Design, das die Mode\u00e4ra zu Beginn des 21. Jahrhunderts pr\u00e4gte.<\/p>\n<p><strong>Technologische Avantgarde:<\/strong> Mit ihrem einzigartigen Design verk\u00f6rpern diese Sonnenbrillen den technisch inspirierten Stil der Millennials. Die scharfe, futuristische \u00c4sthetik verleiht jedem Outfit einen Hauch von Spannung.<\/p>\n<p><strong>Schutz und Stil:<\/strong> Zus\u00e4tzlich zu ihrem trendigen Look bieten Y2K-Sonnenbrillen auch optimalen Augenschutz mit ihren UV400-Schutzgl\u00e4sern, die effektiv vor sch\u00e4dlichen Sonnenstrahlen sch\u00fctzen und gleichzeitig f\u00fcr Klarheit und klare Sicht sorgen.<\/p>\n<p><strong>Universelle Passform:<\/strong> Diese Sonnenbrille ist auf Komfort ausgelegt und passt zu den meisten Gesichtsformen und -gr\u00f6\u00dfen. Ihre leichte Konstruktion sorgt daf\u00fcr, dass sie den ganzen Tag ohne Beschwerden getragen werden k\u00f6nnen.<\/p>\n<p><strong>Stilikone f\u00fcr jeden Anlass:<\/strong> Ob f\u00fcr ein Festival, einen St\u00e4dtetrip oder als Statement-Accessoire, Y2K-Sonnenbrillen verleihen jedem Anlass ein einzigartiges Flair und unterstreichen Ihren pers\u00f6nlichen Stil mit einem Hauch nostalgischer Coolness.<\/p>\n<p><strong>Kaufen Sie noch heute Ihre Y2K-Sonnenbrille und genie\u00dfen Sie den futuristischen Retro-Look, der auch heute noch seinen Platz in der Mode hat!<\/strong><\/p>\n<p>&nbsp;<\/p>\n<h4>Material: <strong>Metall und Polycarbonat<\/strong><\/h4>\n<p><strong>\u00a0<\/strong><\/p>\n<h3>Die Sonnenbrille ist das ganze Jahr \u00fcber super cool und super trendy.<br \/>\nY2K-Sonnenbrillen \u2013 Vintage-Sonnenbrillen \u2013 Retro-Sonnenbrillen<\/h3>\n<p>&nbsp;<\/p>\n<p>&nbsp;<\/p>\n<table style=\"width: 100%;border-collapse: collapse;border-style: dashed\" border=\"1\">\n<tbody>\n<tr>\n<td style=\"width: 100%\">\n<h2 style=\"text-align: center\"><strong>Die Gr\u00f6\u00dfe der Sonnenbrille<\/strong><\/h2>\n<\/td>\n<\/tr>\n<\/tbody>\n<\/table>\n<table style=\"width: 100%;border-collapse: collapse;border-style: hidden;margin-left: auto;margin-right: auto\" border=\"1\" cellspacing=\"20\" cellpadding=\"20\">\n<tbody>\n<tr>\n<td style=\"width: 33.3333%;text-align: center\"><strong><img decoding=\"async\" src=\"https:\/\/bazarsalg.dk\/wp-content\/uploads\/bredde.png\" \/><\/strong><\/td>\n<td style=\"width: 33.3333%;text-align: center\"><strong>Breite<\/strong><\/td>\n<td style=\"width: 33.3333%;text-align: center\"><strong>13,7 cm.<\/strong><\/td>\n<\/tr>\n<tr>\n<td style=\"width: 33.3333%;text-align: center\"><strong><img decoding=\"async\" src=\"https:\/\/bazarsalg.dk\/wp-content\/uploads\/hoejde.png\" \/><\/strong><\/td>\n<td style=\"width: 33.3333%;text-align: center\"><strong>H\u00f6he<\/strong><\/td>\n<td style=\"width: 33.3333%;text-align: center\"><strong>3,5 cm.<\/strong><\/td>\n<\/tr>\n<tr>\n<td style=\"width: 33.3333%;text-align: center\"><strong><img decoding=\"async\" src=\"https:\/\/bazarsalg.dk\/wp-content\/uploads\/stang.png\" \/><\/strong><\/td>\n<td style=\"width: 33.3333%;text-align: center\"><strong>Linsenl\u00e4nge<\/strong><\/td>\n<td style=\"width: 33.3333%;text-align: center\"><strong>13 cm.<\/strong><\/td>\n<\/tr>\n<tr>\n<td style=\"width: 33.3333%;text-align: center\"><strong><img decoding=\"async\" src=\"https:\/\/bazarsalg.dk\/wp-content\/uploads\/glas-bredde.png\" \/><\/strong><\/td>\n<td style=\"width: 33.3333%;text-align: center\"><strong>Glasbreite<\/strong><\/td>\n<td style=\"width: 33.3333%;text-align: center\"><strong>6 cm.<\/strong><\/td>\n<\/tr>\n<tr>\n<td style=\"width: 33.3333%;text-align: center\"><strong><img decoding=\"async\" src=\"https:\/\/bazarsalg.dk\/wp-content\/uploads\/bredde-naese.png\" \/><\/strong><\/td>\n<td style=\"width: 33.3333%;text-align: center\"><strong>Raum zwischen Glas<\/strong><\/td>\n<td style=\"width: 33.3333%;text-align: center\"><strong>1,2 cm.<\/strong><\/td>\n<\/tr>\n<\/tbody>\n<\/table>\n<p>&nbsp;<\/p>\n<p><strong>\u00a0<\/strong><\/p>\n<table style=\"width: 100%;border-collapse: collapse;border-style: hidden;margin-left: auto;margin-right: auto\" border=\"1\" cellspacing=\"50\" cellpadding=\"20\">\n<caption>\u00a0<\/caption>\n<caption>\u00a0<\/caption>\n<tbody>\n<tr>\n<td style=\"width: 25%;text-align: center\"><img decoding=\"async\" class=\"aligncenter\" src=\"https:\/\/bazarsalg.dk\/wp-content\/uploads\/UV.png\" \/><\/td>\n<td style=\"width: 25%;text-align: center\"><img decoding=\"async\" src=\"https:\/\/bazarsalg.dk\/wp-content\/uploads\/ce.png\" \/><\/td>\n<td style=\"width: 25%;text-align: center\"><img decoding=\"async\" src=\"https:\/\/bazarsalg.dk\/wp-content\/uploads\/box.png\" \/><\/td>\n<\/tr>\n<tr>\n<td style=\"width: 25%;text-align: center\"><strong>Die Sonnenbrille verf\u00fcgt \u00fcber einen UV400-Schutz<\/strong><\/p>\n<p>Blockiert 99 bis 100 Prozent aller UVA- und UVB-Strahlen und sch\u00fctzt Ihre Augen vor Sonnenstrahlen.<\/td>\n<td style=\"width: 25%;text-align: center\"><strong>CE-gepr\u00fcft <\/strong><\/p>\n<p>Die Sonnenbrille erf\u00fcllt alle gesetzlichen Anforderungen in der EU, wodurch gew\u00e4hrleistet ist, dass Ihre Sonnenbrille gepr\u00fcft und zugelassen ist.<\/td>\n<td style=\"width: 25%;text-align: center\"><strong>Wird in einem Karton verschickt, damit sie nicht kaputt gehen <\/strong><\/p>\n<p>Wir verpacken Sonnenbrillen immer sicher, damit sie in gutem Zustand bei Ihnen ankommen.<\/td>\n<\/tr>\n<\/tbody>\n<\/table>","protected":false},"excerpt":{"rendered":"<p><img loading=\"lazy\" decoding=\"async\" class=\"alignnone size-full wp-image-12899\" src=\"https:\/\/bazarsalg.dk\/wp-content\/uploads\/Y2K.jpg\" alt=\"\" width=\"200\" height=\"130\" \/><br \/>\nCE-gepr\u00fcft<br \/>\nUV400-Schutz<\/p>","protected":false},"featured_media":11901,"comment_status":"open","ping_status":"closed","template":"","meta":{"om_disable_all_campaigns":false,"_monsterinsights_skip_tracking":false,"_monsterinsights_sitenote_active":false,"_monsterinsights_sitenote_note":"","_monsterinsights_sitenote_category":0},"product_brand":[],"product_cat":[1026,1029,1027,1047,1025,1031,1291,1292,1461],"product_tag":[1489,1463,870,1249,1251,1464],"class_list":{"0":"post-11903","1":"product","2":"type-product","3":"status-publish","4":"has-post-thumbnail","6":"product_cat-dame-solbriller","7":"product_cat-herre-solbriller","8":"product_cat-andre-dame-solbriller","9":"product_cat-andre-herre-solbriller","10":"product_cat-billige-solbriller","11":"product_cat-festbriller","12":"product_cat-firkantede-dame-solbriller","13":"product_cat-firkantede-solbriller","14":"product_cat-y2k-retro-vintage-solbriller","15":"product_tag-1489","16":"product_tag-gmg","17":"product_tag-p693","18":"product_tag-retro","19":"product_tag-vintage","20":"product_tag-y2k","22":"first","23":"instock","24":"shipping-taxable","25":"purchasable","26":"product-type-simple"},"yoast_head":"<!-- This site is optimized with the Yoast SEO plugin v27.2 - https:\/\/yoast.com\/product\/yoast-seo-wordpress\/ -->\n<title>Letv\u00e6gts Y2K Solbriller med m\u00f8rke glas | Liverpool | K\u00f8b online her | LOCS<\/title>\n<meta name=\"description\" content=\"K\u00f8b Letv\u00e6gts Y2K Solbriller med m\u00f8rke glas | Liverpool her | EU&#039;s st\u00f8rste udvalg af LOCS solbriller | Vi sender fra EU - Ingen ekstra import udgifter\" \/>\n<meta name=\"robots\" content=\"index, follow, max-snippet:-1, max-image-preview:large, max-video-preview:-1\" \/>\n<link rel=\"canonical\" href=\"https:\/\/locsshop.eu\/de\/shop\/letvaegts-y2k-solbriller-med-moerke-glas-liverpool\/\" \/>\n<meta property=\"og:locale\" content=\"de_DE\" \/>\n<meta property=\"og:type\" content=\"article\" \/>\n<meta property=\"og:title\" content=\"Letv\u00e6gts Y2K Solbriller med m\u00f8rke glas | Liverpool | K\u00f8b online her | LOCS\" \/>\n<meta property=\"og:description\" content=\"K\u00f8b Letv\u00e6gts Y2K Solbriller med m\u00f8rke glas | Liverpool her | EU&#039;s st\u00f8rste udvalg af LOCS solbriller | Vi sender fra EU - Ingen ekstra import udgifter\" \/>\n<meta property=\"og:url\" content=\"https:\/\/locsshop.eu\/de\/shop\/letvaegts-y2k-solbriller-med-moerke-glas-liverpool\/\" \/>\n<meta property=\"og:site_name\" content=\"Locs Sunglasses - LOCS Supplier in EU\" \/>\n<meta property=\"article:modified_time\" content=\"2025-10-13T15:08:16+00:00\" \/>\n<meta property=\"og:image\" content=\"https:\/\/locsshop.eu\/wp-content\/uploads\/2023\/11\/GMG-088-BK-2.jpg\" \/>\n\t<meta property=\"og:image:width\" content=\"800\" \/>\n\t<meta property=\"og:image:height\" content=\"800\" \/>\n\t<meta property=\"og:image:type\" content=\"image\/jpeg\" \/>\n<meta name=\"twitter:card\" content=\"summary_large_image\" \/>\n<meta name=\"twitter:label1\" content=\"Gesch\u00e4tzte Lesezeit\" \/>\n\t<meta name=\"twitter:data1\" content=\"2\u00a0Minuten\" \/>\n<script type=\"application\/ld+json\" class=\"yoast-schema-graph\">{\"@context\":\"https:\/\/schema.org\",\"@graph\":[{\"@type\":\"WebPage\",\"@id\":\"https:\/\/locsshop.eu\/shop\/letvaegts-y2k-solbriller-med-moerke-glas-liverpool\/\",\"url\":\"https:\/\/locsshop.eu\/shop\/letvaegts-y2k-solbriller-med-moerke-glas-liverpool\/\",\"name\":\"Letv\u00e6gts Y2K Solbriller med m\u00f8rke glas | Liverpool | K\u00f8b online her | LOCS\",\"isPartOf\":{\"@id\":\"https:\/\/locsshop.eu\/#website\"},\"primaryImageOfPage\":{\"@id\":\"https:\/\/locsshop.eu\/shop\/letvaegts-y2k-solbriller-med-moerke-glas-liverpool\/#primaryimage\"},\"image\":{\"@id\":\"https:\/\/locsshop.eu\/shop\/letvaegts-y2k-solbriller-med-moerke-glas-liverpool\/#primaryimage\"},\"thumbnailUrl\":\"https:\/\/locsshop.eu\/wp-content\/uploads\/2023\/11\/GMG-088-BK-2.jpg\",\"datePublished\":\"2023-11-18T09:14:35+00:00\",\"dateModified\":\"2025-10-13T15:08:16+00:00\",\"description\":\"K\u00f8b Letv\u00e6gts Y2K Solbriller med m\u00f8rke glas | Liverpool her | EU's st\u00f8rste udvalg af LOCS solbriller | Vi sender fra EU - Ingen ekstra import udgifter\",\"breadcrumb\":{\"@id\":\"https:\/\/locsshop.eu\/shop\/letvaegts-y2k-solbriller-med-moerke-glas-liverpool\/#breadcrumb\"},\"inLanguage\":\"de\",\"potentialAction\":[{\"@type\":\"ReadAction\",\"target\":[\"https:\/\/locsshop.eu\/shop\/letvaegts-y2k-solbriller-med-moerke-glas-liverpool\/\"]}]},{\"@type\":\"ImageObject\",\"inLanguage\":\"de\",\"@id\":\"https:\/\/locsshop.eu\/shop\/letvaegts-y2k-solbriller-med-moerke-glas-liverpool\/#primaryimage\",\"url\":\"https:\/\/locsshop.eu\/wp-content\/uploads\/2023\/11\/GMG-088-BK-2.jpg\",\"contentUrl\":\"https:\/\/locsshop.eu\/wp-content\/uploads\/2023\/11\/GMG-088-BK-2.jpg\",\"width\":800,\"height\":800},{\"@type\":\"BreadcrumbList\",\"@id\":\"https:\/\/locsshop.eu\/shop\/letvaegts-y2k-solbriller-med-moerke-glas-liverpool\/#breadcrumb\",\"itemListElement\":[{\"@type\":\"ListItem\",\"position\":1,\"name\":\"Hjem\",\"item\":\"https:\/\/locsshop.eu\/\"},{\"@type\":\"ListItem\",\"position\":2,\"name\":\"Shop\",\"item\":\"https:\/\/locsshop.eu\/shop\/\"},{\"@type\":\"ListItem\",\"position\":3,\"name\":\"Letv\u00e6gts Y2K Solbriller med m\u00f8rke glas | Liverpool\"}]},{\"@type\":\"WebSite\",\"@id\":\"https:\/\/locsshop.eu\/#website\",\"url\":\"https:\/\/locsshop.eu\/\",\"name\":\"Locs Sunglasses - LOCS Supplier in EU\",\"description\":\"We sell cheap LOCS Sunglasses\",\"publisher\":{\"@id\":\"https:\/\/locsshop.eu\/#organization\"},\"potentialAction\":[{\"@type\":\"SearchAction\",\"target\":{\"@type\":\"EntryPoint\",\"urlTemplate\":\"https:\/\/locsshop.eu\/?s={search_term_string}\"},\"query-input\":{\"@type\":\"PropertyValueSpecification\",\"valueRequired\":true,\"valueName\":\"search_term_string\"}}],\"inLanguage\":\"de\"},{\"@type\":\"Organization\",\"@id\":\"https:\/\/locsshop.eu\/#organization\",\"name\":\"Locsshop.eu\",\"url\":\"https:\/\/locsshop.eu\/\",\"logo\":{\"@type\":\"ImageObject\",\"inLanguage\":\"de\",\"@id\":\"https:\/\/locsshop.eu\/#\/schema\/logo\/image\/\",\"url\":\"https:\/\/locsshop.eu\/wp-content\/uploads\/2022\/02\/Locsshop-logo.png\",\"contentUrl\":\"https:\/\/locsshop.eu\/wp-content\/uploads\/2022\/02\/Locsshop-logo.png\",\"width\":930,\"height\":200,\"caption\":\"Locsshop.eu\"},\"image\":{\"@id\":\"https:\/\/locsshop.eu\/#\/schema\/logo\/image\/\"}}]}<\/script>\n<!-- \/ Yoast SEO plugin. -->","yoast_head_json":{"title":"Leichte Y2K-Sonnenbrille mit dunklen Gl\u00e4sern | Liverpool | Hier online kaufen | LOCS","description":"Kaufen Sie leichte Y2K-Sonnenbrille mit dunklen Gl\u00e4sern | Liverpool hier | Die gr\u00f6\u00dfte Auswahl an LOCS-Sonnenbrillen in der EU | Wir versenden aus der EU \u2013 keine zus\u00e4tzlichen Importkosten","robots":{"index":"index","follow":"follow","max-snippet":"max-snippet:-1","max-image-preview":"max-image-preview:large","max-video-preview":"max-video-preview:-1"},"canonical":"https:\/\/locsshop.eu\/de\/shop\/letvaegts-y2k-solbriller-med-moerke-glas-liverpool\/","og_locale":"de_DE","og_type":"article","og_title":"Letv\u00e6gts Y2K Solbriller med m\u00f8rke glas | Liverpool | K\u00f8b online her | LOCS","og_description":"K\u00f8b Letv\u00e6gts Y2K Solbriller med m\u00f8rke glas | Liverpool her | EU's st\u00f8rste udvalg af LOCS solbriller | Vi sender fra EU - Ingen ekstra import udgifter","og_url":"https:\/\/locsshop.eu\/de\/shop\/letvaegts-y2k-solbriller-med-moerke-glas-liverpool\/","og_site_name":"Locs Sunglasses - LOCS Supplier in EU","article_modified_time":"2025-10-13T15:08:16+00:00","og_image":[{"width":800,"height":800,"url":"https:\/\/locsshop.eu\/wp-content\/uploads\/2023\/11\/GMG-088-BK-2.jpg","type":"image\/jpeg"}],"twitter_card":"summary_large_image","twitter_misc":{"Gesch\u00e4tzte Lesezeit":"2\u00a0Minuten"},"schema":{"@context":"https:\/\/schema.org","@graph":[{"@type":"WebPage","@id":"https:\/\/locsshop.eu\/shop\/letvaegts-y2k-solbriller-med-moerke-glas-liverpool\/","url":"https:\/\/locsshop.eu\/shop\/letvaegts-y2k-solbriller-med-moerke-glas-liverpool\/","name":"Leichte Y2K-Sonnenbrille mit dunklen Gl\u00e4sern | Liverpool | Hier online kaufen | LOCS","isPartOf":{"@id":"https:\/\/locsshop.eu\/#website"},"primaryImageOfPage":{"@id":"https:\/\/locsshop.eu\/shop\/letvaegts-y2k-solbriller-med-moerke-glas-liverpool\/#primaryimage"},"image":{"@id":"https:\/\/locsshop.eu\/shop\/letvaegts-y2k-solbriller-med-moerke-glas-liverpool\/#primaryimage"},"thumbnailUrl":"https:\/\/locsshop.eu\/wp-content\/uploads\/2023\/11\/GMG-088-BK-2.jpg","datePublished":"2023-11-18T09:14:35+00:00","dateModified":"2025-10-13T15:08:16+00:00","description":"Kaufen Sie leichte Y2K-Sonnenbrille mit dunklen Gl\u00e4sern | Liverpool hier | Die gr\u00f6\u00dfte Auswahl an LOCS-Sonnenbrillen in der EU | Wir versenden aus der EU \u2013 keine zus\u00e4tzlichen Importkosten","breadcrumb":{"@id":"https:\/\/locsshop.eu\/shop\/letvaegts-y2k-solbriller-med-moerke-glas-liverpool\/#breadcrumb"},"inLanguage":"de","potentialAction":[{"@type":"ReadAction","target":["https:\/\/locsshop.eu\/shop\/letvaegts-y2k-solbriller-med-moerke-glas-liverpool\/"]}]},{"@type":"ImageObject","inLanguage":"de","@id":"https:\/\/locsshop.eu\/shop\/letvaegts-y2k-solbriller-med-moerke-glas-liverpool\/#primaryimage","url":"https:\/\/locsshop.eu\/wp-content\/uploads\/2023\/11\/GMG-088-BK-2.jpg","contentUrl":"https:\/\/locsshop.eu\/wp-content\/uploads\/2023\/11\/GMG-088-BK-2.jpg","width":800,"height":800},{"@type":"BreadcrumbList","@id":"https:\/\/locsshop.eu\/shop\/letvaegts-y2k-solbriller-med-moerke-glas-liverpool\/#breadcrumb","itemListElement":[{"@type":"ListItem","position":1,"name":"Hjem","item":"https:\/\/locsshop.eu\/"},{"@type":"ListItem","position":2,"name":"Shop","item":"https:\/\/locsshop.eu\/shop\/"},{"@type":"ListItem","position":3,"name":"Letv\u00e6gts Y2K Solbriller med m\u00f8rke glas | Liverpool"}]},{"@type":"WebSite","@id":"https:\/\/locsshop.eu\/#website","url":"https:\/\/locsshop.eu\/","name":"Locs Sonnenbrillen \u2013 LOCS-Lieferant in der EU","description":"Wir verkaufen g\u00fcnstige LOCS Sonnenbrillen","publisher":{"@id":"https:\/\/locsshop.eu\/#organization"},"potentialAction":[{"@type":"SearchAction","target":{"@type":"EntryPoint","urlTemplate":"https:\/\/locsshop.eu\/?s={search_term_string}"},"query-input":{"@type":"PropertyValueSpecification","valueRequired":true,"valueName":"search_term_string"}}],"inLanguage":"de"},{"@type":"Organization","@id":"https:\/\/locsshop.eu\/#organization","name":"Locsshop.eu","url":"https:\/\/locsshop.eu\/","logo":{"@type":"ImageObject","inLanguage":"de","@id":"https:\/\/locsshop.eu\/#\/schema\/logo\/image\/","url":"https:\/\/locsshop.eu\/wp-content\/uploads\/2022\/02\/Locsshop-logo.png","contentUrl":"https:\/\/locsshop.eu\/wp-content\/uploads\/2022\/02\/Locsshop-logo.png","width":930,"height":200,"caption":"Locsshop.eu"},"image":{"@id":"https:\/\/locsshop.eu\/#\/schema\/logo\/image\/"}}]}},"_links":{"self":[{"href":"https:\/\/locsshop.eu\/de\/wp-json\/wp\/v2\/product\/11903","targetHints":{"allow":["GET"]}}],"collection":[{"href":"https:\/\/locsshop.eu\/de\/wp-json\/wp\/v2\/product"}],"about":[{"href":"https:\/\/locsshop.eu\/de\/wp-json\/wp\/v2\/types\/product"}],"replies":[{"embeddable":true,"href":"https:\/\/locsshop.eu\/de\/wp-json\/wp\/v2\/comments?post=11903"}],"wp:featuredmedia":[{"embeddable":true,"href":"https:\/\/locsshop.eu\/de\/wp-json\/wp\/v2\/media\/11901"}],"wp:attachment":[{"href":"https:\/\/locsshop.eu\/de\/wp-json\/wp\/v2\/media?parent=11903"}],"wp:term":[{"taxonomy":"product_brand","embeddable":true,"href":"https:\/\/locsshop.eu\/de\/wp-json\/wp\/v2\/product_brand?post=11903"},{"taxonomy":"product_cat","embeddable":true,"href":"https:\/\/locsshop.eu\/de\/wp-json\/wp\/v2\/product_cat?post=11903"},{"taxonomy":"product_tag","embeddable":true,"href":"https:\/\/locsshop.eu\/de\/wp-json\/wp\/v2\/product_tag?post=11903"}],"curies":[{"name":"wp","href":"https:\/\/api.w.org\/{rel}","templated":true}]}}