{"id":12154,"date":"2024-03-03T12:38:14","date_gmt":"2024-03-03T11:38:14","guid":{"rendered":"https:\/\/locsshop.eu\/da\/shop\/elegant-perlearmbaand-med-2-kloever-guldbelagt-rustfrit-staal\/"},"modified":"2025-04-29T07:31:07","modified_gmt":"2025-04-29T05:31:07","slug":"elegant-perlearmbaand-med-2-kloever-guldbelagt-rustfrit-staal","status":"publish","type":"product","link":"https:\/\/locsshop.eu\/de\/shop\/elegant-perlearmbaand-med-2-kloever-guldbelagt-rustfrit-staal\/","title":{"rendered":"Elegantes Perlenarmband mit Kleeblatt | Vergoldeter Edelstahl"},"content":{"rendered":"<h1><strong>MODISCHES ARMBAND AUS EDELSTAHL, BESCHICHTET MIT 14 KARAT GOLD<\/strong><\/h1>\n<p>Sie eignen sich sowohl f\u00fcr elegante als auch f\u00fcr allt\u00e4gliche Stile<\/p>\n<p>Ein elegantes Accessoire f\u00fcr jeden Anlass, f\u00fcr Kleider, Pullover und Blusen<\/p>\n<h4><strong>Farbe: Gold<\/strong><br \/>\n<strong>Abmessungen: Armband auf Gummiband<\/strong><\/h4>\n<p><strong>Chirurgenstahl ist witterungsbest\u00e4ndig, korrodiert nicht, rostet nicht und hinterl\u00e4sst keine Flecken.<\/strong><\/p>\n<p>Unser Armband ist vielseitig einsetzbar und somit das ideale Accessoire sowohl f\u00fcr den Alltag als auch f\u00fcr besondere Momente. Es besteht aus langlebigen Materialien, die f\u00fcr langanhaltenden Glanz und Qualit\u00e4t sorgen. Ob alleine oder in Kombination mit anderem Schmuck getragen, dieses Armband verleiht jedem Outfit einen Hauch von Eleganz.<\/p>\n<p>Betonen Sie Ihre Individualit\u00e4t und kreieren Sie einen zeitlosen Stil mit diesem wundersch\u00f6nen Armband, das nicht nur ein Schmuckst\u00fcck, sondern auch Ausdruck Ihrer pers\u00f6nlichen Eleganz ist<\/p>\n<p><strong>Unser Schmuck<\/strong><\/p>\n<p><em>Willkommen in unserem exklusiven Schmuckuniversum, in dem Sch\u00f6nheit auf Zweck trifft. Unsere Schmuckauswahl ist eine Fundgrube an einzigartigem und bezauberndem Schmuck, der mit Leidenschaft und Fachwissen kreiert wurde. Mit einem breiten Sortiment an handgefertigtem Schmuck bieten wir ein Erlebnis, das \u00c4sthetik und Qualit\u00e4t auf einzigartige Weise vereint.<\/em><\/p>\n<p><em>Unsere Kollektionen sind sorgf\u00e4ltig ausgew\u00e4hlt, um f\u00fcr jeden Geschmack und Anlass etwas zu bieten. Von zeitlosen Klassikern bis hin zu trendigen und zeitgen\u00f6ssischen Designs spiegelt unsere Schmuckauswahl eine Sch\u00f6nheit wider, die den wechselnden Trends der Zeit standh\u00e4lt. Wir verstehen, dass ein Schmuckst\u00fcck nicht nur ein Accessoire ist, sondern eine Geschichte \u00fcber Stil, Emotionen und Bedeutung.<\/em><\/p>\n<p><em>Unser Engagement f\u00fcr Qualit\u00e4t geht \u00fcber das Visuelle hinaus. Wir konzentrieren uns auf hochwertige Handwerkskunst und Materialien und stellen sicher, dass jedes Schmuckst\u00fcck eine Investition in Sch\u00f6nheit und Haltbarkeit ist.<\/em><\/p>\n<p><em>Entdecken Sie unseren Schmuck und tauchen Sie ein in eine Welt der Eleganz, in der jedes St\u00fcck sorgf\u00e4ltig ausgew\u00e4hlt wird, um Ihrem pers\u00f6nlichen Stil Glanz und Sch\u00f6nheit zu verleihen<\/em><\/p>\n<p>&nbsp;<\/p>\n<p>&nbsp;<\/p>\n<p><strong>\u00a0<\/strong><\/p>\n<table style=\"width: 100%;border-collapse: collapse;border-style: hidden;margin-left: auto;margin-right: auto\" border=\"1\" cellspacing=\"50\" cellpadding=\"20\">\n<caption>\u00a0<\/caption>\n<caption>\u00a0<\/caption>\n<tbody>\n<tr>\n<td style=\"width: 25%;text-align: center\"><img loading=\"lazy\" decoding=\"async\" class=\"alignnone size-full wp-image-13135\" src=\"https:\/\/bazarsalg.dk\/wp-content\/uploads\/gave-80x80-1.png\" alt=\"\" width=\"80\" height=\"80\" \/><\/td>\n<td style=\"width: 25%;text-align: center\"><img decoding=\"async\" src=\"https:\/\/bazarsalg.dk\/wp-content\/uploads\/ce.png\" \/><\/td>\n<td style=\"width: 25%;text-align: center\"><img decoding=\"async\" src=\"https:\/\/bazarsalg.dk\/wp-content\/uploads\/box.png\" \/><\/td>\n<\/tr>\n<tr>\n<td style=\"width: 25%;text-align: center\"><strong><span style=\"color: #333333\">Lieferung im Schmuckk\u00e4stchen oder Schmuckbeutel<\/span><\/strong><\/p>\n<p><span style=\"color: #333333\">Wenn Sie Schmuck bei uns kaufen, k\u00f6nnen Sie ihn jemandem schenken, der Ihnen am Herzen liegt. Unser Schmuck wird in einem sch\u00f6nen Schmuckbeutel oder einer Schmuckschatulle geliefert.<\/span><\/td>\n<td style=\"width: 25%;text-align: center\"><strong><span style=\"color: #333333\">CE-gepr\u00fcft <\/span><\/strong><\/p>\n<p><span style=\"color: #333333\">Unser Schmuck erf\u00fcllt alle gesetzlichen Anforderungen in der EU, wodurch sichergestellt wird, dass Ihr Schmuck gepr\u00fcft und zugelassen ist.<\/span><\/td>\n<td style=\"width: 25%;text-align: center\"><strong><span style=\"color: #333333\">Wird in einem Karton verschickt, damit Ihr Schmuck nicht kaputt geht <\/span><\/strong><\/p>\n<p><span style=\"color: #333333\">Wir verpacken Ihre Bestellung immer sicher, damit sie sicher bei Ihnen ankommt.<\/span><\/td>\n<\/tr>\n<\/tbody>\n<\/table>","protected":false},"excerpt":{"rendered":"<p><strong>Elegantes Perlenarmband mit Kleeblatt | Vergoldeter Edelstahl<\/strong><\/p>","protected":false},"featured_media":12152,"comment_status":"open","ping_status":"closed","template":"","meta":{"om_disable_all_campaigns":false,"_monsterinsights_skip_tracking":false,"_monsterinsights_sitenote_active":false,"_monsterinsights_sitenote_note":"","_monsterinsights_sitenote_category":0},"product_brand":[],"product_cat":[1498,1497],"product_tag":[1499,654],"class_list":{"0":"post-12154","1":"product","2":"type-product","3":"status-publish","4":"has-post-thumbnail","6":"product_cat-armbaand","7":"product_cat-smykker","8":"product_tag-armbaand","9":"product_tag-smykker","11":"first","12":"instock","13":"shipping-taxable","14":"purchasable","15":"product-type-simple"},"yoast_head":"<!-- This site is optimized with the Yoast SEO plugin v27.2 - https:\/\/yoast.com\/product\/yoast-seo-wordpress\/ -->\n<title>Elegant perlearmb\u00e5nd med 2 kl\u00f8ver | Guldbelagt rustfrit st\u00e5l | K\u00f8b online her | LOCS<\/title>\n<meta name=\"description\" content=\"K\u00f8b Elegant perlearmb\u00e5nd med 2 kl\u00f8ver | Guldbelagt rustfrit st\u00e5l her | EU&#039;s st\u00f8rste udvalg af LOCS solbriller | Vi sender fra EU - Ingen ekstra import udgifter\" \/>\n<meta name=\"robots\" content=\"index, follow, max-snippet:-1, max-image-preview:large, max-video-preview:-1\" \/>\n<link rel=\"canonical\" href=\"https:\/\/locsshop.eu\/de\/shop\/elegant-perlearmbaand-med-2-kloever-guldbelagt-rustfrit-staal\/\" \/>\n<meta property=\"og:locale\" content=\"de_DE\" \/>\n<meta property=\"og:type\" content=\"article\" \/>\n<meta property=\"og:title\" content=\"Elegant perlearmb\u00e5nd med 2 kl\u00f8ver | Guldbelagt rustfrit st\u00e5l | K\u00f8b online her | LOCS\" \/>\n<meta property=\"og:description\" content=\"K\u00f8b Elegant perlearmb\u00e5nd med 2 kl\u00f8ver | Guldbelagt rustfrit st\u00e5l her | EU&#039;s st\u00f8rste udvalg af LOCS solbriller | Vi sender fra EU - Ingen ekstra import udgifter\" \/>\n<meta property=\"og:url\" content=\"https:\/\/locsshop.eu\/de\/shop\/elegant-perlearmbaand-med-2-kloever-guldbelagt-rustfrit-staal\/\" \/>\n<meta property=\"og:site_name\" content=\"Locs Sunglasses - LOCS Supplier in EU\" \/>\n<meta property=\"article:modified_time\" content=\"2025-04-29T05:31:07+00:00\" \/>\n<meta property=\"og:image\" content=\"https:\/\/locsshop.eu\/wp-content\/uploads\/2024\/03\/BST1412-1.jpg\" \/>\n\t<meta property=\"og:image:width\" content=\"800\" \/>\n\t<meta property=\"og:image:height\" content=\"800\" \/>\n\t<meta property=\"og:image:type\" content=\"image\/jpeg\" \/>\n<meta name=\"twitter:card\" content=\"summary_large_image\" \/>\n<meta name=\"twitter:label1\" content=\"Gesch\u00e4tzte Lesezeit\" \/>\n\t<meta name=\"twitter:data1\" content=\"2\u00a0Minuten\" \/>\n<script type=\"application\/ld+json\" class=\"yoast-schema-graph\">{\"@context\":\"https:\/\/schema.org\",\"@graph\":[{\"@type\":\"WebPage\",\"@id\":\"https:\/\/locsshop.eu\/shop\/elegant-perlearmbaand-med-2-kloever-guldbelagt-rustfrit-staal\/\",\"url\":\"https:\/\/locsshop.eu\/shop\/elegant-perlearmbaand-med-2-kloever-guldbelagt-rustfrit-staal\/\",\"name\":\"Elegant perlearmb\u00e5nd med 2 kl\u00f8ver | Guldbelagt rustfrit st\u00e5l | K\u00f8b online her | LOCS\",\"isPartOf\":{\"@id\":\"https:\/\/locsshop.eu\/#website\"},\"primaryImageOfPage\":{\"@id\":\"https:\/\/locsshop.eu\/shop\/elegant-perlearmbaand-med-2-kloever-guldbelagt-rustfrit-staal\/#primaryimage\"},\"image\":{\"@id\":\"https:\/\/locsshop.eu\/shop\/elegant-perlearmbaand-med-2-kloever-guldbelagt-rustfrit-staal\/#primaryimage\"},\"thumbnailUrl\":\"https:\/\/locsshop.eu\/wp-content\/uploads\/2024\/03\/BST1412-1.jpg\",\"datePublished\":\"2024-03-03T11:38:14+00:00\",\"dateModified\":\"2025-04-29T05:31:07+00:00\",\"description\":\"K\u00f8b Elegant perlearmb\u00e5nd med 2 kl\u00f8ver | Guldbelagt rustfrit st\u00e5l her | EU's st\u00f8rste udvalg af LOCS solbriller | Vi sender fra EU - Ingen ekstra import udgifter\",\"breadcrumb\":{\"@id\":\"https:\/\/locsshop.eu\/shop\/elegant-perlearmbaand-med-2-kloever-guldbelagt-rustfrit-staal\/#breadcrumb\"},\"inLanguage\":\"de\",\"potentialAction\":[{\"@type\":\"ReadAction\",\"target\":[\"https:\/\/locsshop.eu\/shop\/elegant-perlearmbaand-med-2-kloever-guldbelagt-rustfrit-staal\/\"]}]},{\"@type\":\"ImageObject\",\"inLanguage\":\"de\",\"@id\":\"https:\/\/locsshop.eu\/shop\/elegant-perlearmbaand-med-2-kloever-guldbelagt-rustfrit-staal\/#primaryimage\",\"url\":\"https:\/\/locsshop.eu\/wp-content\/uploads\/2024\/03\/BST1412-1.jpg\",\"contentUrl\":\"https:\/\/locsshop.eu\/wp-content\/uploads\/2024\/03\/BST1412-1.jpg\",\"width\":800,\"height\":800},{\"@type\":\"BreadcrumbList\",\"@id\":\"https:\/\/locsshop.eu\/shop\/elegant-perlearmbaand-med-2-kloever-guldbelagt-rustfrit-staal\/#breadcrumb\",\"itemListElement\":[{\"@type\":\"ListItem\",\"position\":1,\"name\":\"Hjem\",\"item\":\"https:\/\/locsshop.eu\/\"},{\"@type\":\"ListItem\",\"position\":2,\"name\":\"Shop\",\"item\":\"https:\/\/locsshop.eu\/shop\/\"},{\"@type\":\"ListItem\",\"position\":3,\"name\":\"Elegant perlearmb\u00e5nd med 2 kl\u00f8ver | Guldbelagt rustfrit st\u00e5l\"}]},{\"@type\":\"WebSite\",\"@id\":\"https:\/\/locsshop.eu\/#website\",\"url\":\"https:\/\/locsshop.eu\/\",\"name\":\"Locs Sunglasses - LOCS Supplier in EU\",\"description\":\"We sell cheap LOCS Sunglasses\",\"publisher\":{\"@id\":\"https:\/\/locsshop.eu\/#organization\"},\"potentialAction\":[{\"@type\":\"SearchAction\",\"target\":{\"@type\":\"EntryPoint\",\"urlTemplate\":\"https:\/\/locsshop.eu\/?s={search_term_string}\"},\"query-input\":{\"@type\":\"PropertyValueSpecification\",\"valueRequired\":true,\"valueName\":\"search_term_string\"}}],\"inLanguage\":\"de\"},{\"@type\":\"Organization\",\"@id\":\"https:\/\/locsshop.eu\/#organization\",\"name\":\"Locsshop.eu\",\"url\":\"https:\/\/locsshop.eu\/\",\"logo\":{\"@type\":\"ImageObject\",\"inLanguage\":\"de\",\"@id\":\"https:\/\/locsshop.eu\/#\/schema\/logo\/image\/\",\"url\":\"https:\/\/locsshop.eu\/wp-content\/uploads\/2022\/02\/Locsshop-logo.png\",\"contentUrl\":\"https:\/\/locsshop.eu\/wp-content\/uploads\/2022\/02\/Locsshop-logo.png\",\"width\":930,\"height\":200,\"caption\":\"Locsshop.eu\"},\"image\":{\"@id\":\"https:\/\/locsshop.eu\/#\/schema\/logo\/image\/\"}}]}<\/script>\n<!-- \/ Yoast SEO plugin. -->","yoast_head_json":{"title":"Elegantes Perlenarmband mit 2 Kleebl\u00e4ttern | Vergoldeter Edelstahl | Hier online kaufen | LOCS","description":"Kaufen Sie elegantes Perlenarmband mit 2 Kleebl\u00e4ttern | Vergoldeter Edelstahl hier | Die gr\u00f6\u00dfte Auswahl an LOCS-Sonnenbrillen in der EU | Wir versenden aus der EU \u2013 keine zus\u00e4tzlichen Importkosten","robots":{"index":"index","follow":"follow","max-snippet":"max-snippet:-1","max-image-preview":"max-image-preview:large","max-video-preview":"max-video-preview:-1"},"canonical":"https:\/\/locsshop.eu\/de\/shop\/elegant-perlearmbaand-med-2-kloever-guldbelagt-rustfrit-staal\/","og_locale":"de_DE","og_type":"article","og_title":"Elegant perlearmb\u00e5nd med 2 kl\u00f8ver | Guldbelagt rustfrit st\u00e5l | K\u00f8b online her | LOCS","og_description":"K\u00f8b Elegant perlearmb\u00e5nd med 2 kl\u00f8ver | Guldbelagt rustfrit st\u00e5l her | EU's st\u00f8rste udvalg af LOCS solbriller | Vi sender fra EU - Ingen ekstra import udgifter","og_url":"https:\/\/locsshop.eu\/de\/shop\/elegant-perlearmbaand-med-2-kloever-guldbelagt-rustfrit-staal\/","og_site_name":"Locs Sunglasses - LOCS Supplier in EU","article_modified_time":"2025-04-29T05:31:07+00:00","og_image":[{"width":800,"height":800,"url":"https:\/\/locsshop.eu\/wp-content\/uploads\/2024\/03\/BST1412-1.jpg","type":"image\/jpeg"}],"twitter_card":"summary_large_image","twitter_misc":{"Gesch\u00e4tzte Lesezeit":"2\u00a0Minuten"},"schema":{"@context":"https:\/\/schema.org","@graph":[{"@type":"WebPage","@id":"https:\/\/locsshop.eu\/shop\/elegant-perlearmbaand-med-2-kloever-guldbelagt-rustfrit-staal\/","url":"https:\/\/locsshop.eu\/shop\/elegant-perlearmbaand-med-2-kloever-guldbelagt-rustfrit-staal\/","name":"Elegantes Perlenarmband mit 2 Kleebl\u00e4ttern | Vergoldeter Edelstahl | Hier online kaufen | LOCS","isPartOf":{"@id":"https:\/\/locsshop.eu\/#website"},"primaryImageOfPage":{"@id":"https:\/\/locsshop.eu\/shop\/elegant-perlearmbaand-med-2-kloever-guldbelagt-rustfrit-staal\/#primaryimage"},"image":{"@id":"https:\/\/locsshop.eu\/shop\/elegant-perlearmbaand-med-2-kloever-guldbelagt-rustfrit-staal\/#primaryimage"},"thumbnailUrl":"https:\/\/locsshop.eu\/wp-content\/uploads\/2024\/03\/BST1412-1.jpg","datePublished":"2024-03-03T11:38:14+00:00","dateModified":"2025-04-29T05:31:07+00:00","description":"Kaufen Sie elegantes Perlenarmband mit 2 Kleebl\u00e4ttern | Vergoldeter Edelstahl hier | Die gr\u00f6\u00dfte Auswahl an LOCS-Sonnenbrillen in der EU | Wir versenden aus der EU \u2013 keine zus\u00e4tzlichen Importkosten","breadcrumb":{"@id":"https:\/\/locsshop.eu\/shop\/elegant-perlearmbaand-med-2-kloever-guldbelagt-rustfrit-staal\/#breadcrumb"},"inLanguage":"de","potentialAction":[{"@type":"ReadAction","target":["https:\/\/locsshop.eu\/shop\/elegant-perlearmbaand-med-2-kloever-guldbelagt-rustfrit-staal\/"]}]},{"@type":"ImageObject","inLanguage":"de","@id":"https:\/\/locsshop.eu\/shop\/elegant-perlearmbaand-med-2-kloever-guldbelagt-rustfrit-staal\/#primaryimage","url":"https:\/\/locsshop.eu\/wp-content\/uploads\/2024\/03\/BST1412-1.jpg","contentUrl":"https:\/\/locsshop.eu\/wp-content\/uploads\/2024\/03\/BST1412-1.jpg","width":800,"height":800},{"@type":"BreadcrumbList","@id":"https:\/\/locsshop.eu\/shop\/elegant-perlearmbaand-med-2-kloever-guldbelagt-rustfrit-staal\/#breadcrumb","itemListElement":[{"@type":"ListItem","position":1,"name":"Hjem","item":"https:\/\/locsshop.eu\/"},{"@type":"ListItem","position":2,"name":"Shop","item":"https:\/\/locsshop.eu\/shop\/"},{"@type":"ListItem","position":3,"name":"Elegant perlearmb\u00e5nd med 2 kl\u00f8ver | Guldbelagt rustfrit st\u00e5l"}]},{"@type":"WebSite","@id":"https:\/\/locsshop.eu\/#website","url":"https:\/\/locsshop.eu\/","name":"Locs Sonnenbrillen \u2013 LOCS-Lieferant in der EU","description":"Wir verkaufen g\u00fcnstige LOCS Sonnenbrillen","publisher":{"@id":"https:\/\/locsshop.eu\/#organization"},"potentialAction":[{"@type":"SearchAction","target":{"@type":"EntryPoint","urlTemplate":"https:\/\/locsshop.eu\/?s={search_term_string}"},"query-input":{"@type":"PropertyValueSpecification","valueRequired":true,"valueName":"search_term_string"}}],"inLanguage":"de"},{"@type":"Organization","@id":"https:\/\/locsshop.eu\/#organization","name":"Locsshop.eu","url":"https:\/\/locsshop.eu\/","logo":{"@type":"ImageObject","inLanguage":"de","@id":"https:\/\/locsshop.eu\/#\/schema\/logo\/image\/","url":"https:\/\/locsshop.eu\/wp-content\/uploads\/2022\/02\/Locsshop-logo.png","contentUrl":"https:\/\/locsshop.eu\/wp-content\/uploads\/2022\/02\/Locsshop-logo.png","width":930,"height":200,"caption":"Locsshop.eu"},"image":{"@id":"https:\/\/locsshop.eu\/#\/schema\/logo\/image\/"}}]}},"_links":{"self":[{"href":"https:\/\/locsshop.eu\/de\/wp-json\/wp\/v2\/product\/12154","targetHints":{"allow":["GET"]}}],"collection":[{"href":"https:\/\/locsshop.eu\/de\/wp-json\/wp\/v2\/product"}],"about":[{"href":"https:\/\/locsshop.eu\/de\/wp-json\/wp\/v2\/types\/product"}],"replies":[{"embeddable":true,"href":"https:\/\/locsshop.eu\/de\/wp-json\/wp\/v2\/comments?post=12154"}],"wp:featuredmedia":[{"embeddable":true,"href":"https:\/\/locsshop.eu\/de\/wp-json\/wp\/v2\/media\/12152"}],"wp:attachment":[{"href":"https:\/\/locsshop.eu\/de\/wp-json\/wp\/v2\/media?parent=12154"}],"wp:term":[{"taxonomy":"product_brand","embeddable":true,"href":"https:\/\/locsshop.eu\/de\/wp-json\/wp\/v2\/product_brand?post=12154"},{"taxonomy":"product_cat","embeddable":true,"href":"https:\/\/locsshop.eu\/de\/wp-json\/wp\/v2\/product_cat?post=12154"},{"taxonomy":"product_tag","embeddable":true,"href":"https:\/\/locsshop.eu\/de\/wp-json\/wp\/v2\/product_tag?post=12154"}],"curies":[{"name":"wp","href":"https:\/\/api.w.org\/{rel}","templated":true}]}}