{"id":12265,"date":"2024-03-20T23:11:14","date_gmt":"2024-03-20T22:11:14","guid":{"rendered":"https:\/\/locsshop.eu\/da\/shop\/matsorte-hurtigbriller-sportssolbriller-med-moerke-glas-lombardia\/"},"modified":"2025-05-17T15:30:50","modified_gmt":"2025-05-17T13:30:50","slug":"matsorte-hurtigbriller-sportssolbriller-med-moerke-glas-lombardia","status":"publish","type":"product","link":"https:\/\/locsshop.eu\/de\/shop\/matsorte-hurtigbriller-sportssolbriller-med-moerke-glas-lombardia\/","title":{"rendered":"Mattschwarze Speed-Brille \/ Sportsonnenbrille mit dunklen Gl\u00e4sern | Lombardei"},"content":{"rendered":"<p><strong>Optimale Leistung mit unserer Sport-Sonnenbrille \u2013 perfekte Sicht, wohin Sie auch gehen!<\/strong><\/p>\n<p>Machen Sie sich bereit, Ihre Leistung mit unserer hochwertigen Sport-Sonnenbrille auf ein neues Niveau zu heben. Ganz gleich, ob Sie Profisportler oder begeisterter Sportler sind oder einfach nur Outdoor-Aktivit\u00e4ten lieben: Unsere Sonnenbrillen bieten die ultimative Kombination aus Stil, Schutz und Leistung.<\/p>\n<p><strong>Warum sich unsere Sport-Sonnenbrillen von anderen abheben:<\/strong><\/p>\n<ol>\n<li><strong>Erweiterter Schutz:<\/strong> Sch\u00fctzen Sie Ihre Augen mit unserer fortschrittlichen Sportsonnenbrille vor sch\u00e4dlichen UV-Strahlen, Wind, Staub und Insekten. Wir legen gro\u00dfen Wert auf die Sicherheit und Gesundheit Ihrer Augen, damit Sie sich ungest\u00f6rt auf Ihre Leistung konzentrieren k\u00f6nnen.<\/li>\n<li><strong>Langlebige Konstruktion:<\/strong> Wir wissen, wie wichtig Haltbarkeit bei Sportger\u00e4ten ist. Unsere Sonnenbrillen bestehen aus langlebigen Materialien und einem leichten Design, das Ihnen den ganzen Tag \u00fcber Komfort und Zuverl\u00e4ssigkeit bietet.<\/li>\n<li><strong>Stylistisches Aussehen:<\/strong> Unsere Sportsonnenbrillen bieten nicht nur Spitzenleistungen, sondern sind auch stilvoll und modern gestaltet. Unabh\u00e4ngig von Ihrem Stil und Ihren Vorlieben haben wir Sonnenbrillen, die zu Ihrer Pers\u00f6nlichkeit passen und Ihnen beim Training oder in der Freizeit einen scharfen Look verleihen.<\/li>\n<\/ol>\n<p><strong>Warum sollten Sie sich f\u00fcr unsere Sport-Sonnenbrillen entscheiden?<\/strong><\/p>\n<ul>\n<li><strong>Verbesserte Sicht:<\/strong> Optimieren Sie Ihre Leistung mit scharfer Sicht und reduzierter Blendung.<\/li>\n<li><strong>Schutz:<\/strong> Sicherheit geht vor \u2013 sch\u00fctzen Sie Ihre Augen vor den sch\u00e4dlichen Strahlen der Sonne und \u00e4u\u00dferen Einfl\u00fcssen.<\/li>\n<li><strong>Komfort:<\/strong> Das leichte Design und die verstellbaren Funktionen sorgen den ganzen Tag \u00fcber f\u00fcr einen bequemen Sitz.<\/li>\n<li><strong>Stil:<\/strong> Setzen Sie ein modisches Statement mit unserer stilvollen Sportsonnenbrille, die zu Ihrem aktiven Lebensstil passt.<\/li>\n<\/ul>\n<p>Bringen Sie Ihr Training und Ihre Outdoor-Abenteuer mit unserer Sport-Sonnenbrille auf die n\u00e4chste Stufe. Erleben Sie die perfekte Kombination aus Stil, Schutz und Leistung und machen Sie sich bereit, die Welt in einem ganz neuen Licht zu sehen!<\/p>\n<p>&nbsp;<\/p>\n<h4>Material: <strong>Kunststoff und Polycarbonatglas<\/strong><\/h4>\n<p>&nbsp;<\/p>\n<h3><strong>Die Sonnenbrille ist polarisiert<br \/>\n<img loading=\"lazy\" decoding=\"async\" class=\"alignnone size-full wp-image-11712\" src=\"https:\/\/bazarsalg.dk\/wp-content\/uploads\/polarized-logo.jpg\" alt=\"\" width=\"200\" height=\"108\" \/><br \/>\n<\/strong><\/h3>\n<p><em>Polarisierte Sonnenbrillen sind eine beliebte Art von Sonnenbrillen, die entwickelt wurden, um Blendung durch reflektierende Oberfl\u00e4chen wie Wasser, Schnee oder Stra\u00dfenoberfl\u00e4chen zu reduzieren. Dies wird durch einen Polarisationsfilm erreicht, der Lichtwellen blockiert, die sich auf einer bestimmten Achse ausbreiten. Dies reduziert Reflexionen und sorgt f\u00fcr eine klarere und detailliertere Sicht, insbesondere bei hellem Sonnenlicht. Es ist eine gute Idee, eine polarisierte Sonnenbrille zu w\u00e4hlen, wenn Sie viel Zeit im Freien verbringen, insbesondere in der N\u00e4he von Wasser oder bei Aktivit\u00e4ten wie Skifahren oder Radfahren.<br \/>\nDaher eignet sich diese Sonnenbrille auch sehr gut zum Angeln, da man beim Rudern im Kajak oder anderen Segelfahrten das Wasser klarer und perfekter sehen kann.<\/em><\/p>\n<p>&nbsp;<\/p>\n<h3>Die Sonnenbrille ist das ganze Jahr \u00fcber super cool und super trendy.<br \/>\nSpeed-Sonnenbrillen \u2013 Fahrrad-Sonnenbrillen \u2013 Angel-Sonnenbrillen \u2013 Festival-Sonnenbrillen \u2013 Sport-Sonnenbrillen, ja, liebes Kind hat viele Namen\u2026<\/h3>\n<p>&nbsp;<\/p>\n<p>&nbsp;<\/p>\n<table style=\"width: 100%;border-collapse: collapse;border-style: dashed\" border=\"1\">\n<tbody>\n<tr>\n<td style=\"width: 100%\">\n<h2 style=\"text-align: center\"><strong>Die Gr\u00f6\u00dfe der Sonnenbrille<\/strong><\/h2>\n<\/td>\n<\/tr>\n<\/tbody>\n<\/table>\n<table style=\"width: 100%;border-collapse: collapse;border-style: hidden;margin-left: auto;margin-right: auto\" border=\"1\" cellspacing=\"20\" cellpadding=\"20\">\n<tbody>\n<tr>\n<td style=\"width: 33.3333%;text-align: center\"><strong><img decoding=\"async\" src=\"https:\/\/bazarsalg.dk\/wp-content\/uploads\/bredde.png\" \/><\/strong><\/td>\n<td style=\"width: 33.3333%;text-align: center\"><strong>Breite<\/strong><\/td>\n<td style=\"width: 33.3333%;text-align: center\"><strong>13,2 cm.<\/strong><\/td>\n<\/tr>\n<tr>\n<td style=\"width: 33.3333%;text-align: center\"><strong><img decoding=\"async\" src=\"https:\/\/bazarsalg.dk\/wp-content\/uploads\/hoejde.png\" \/><\/strong><\/td>\n<td style=\"width: 33.3333%;text-align: center\"><strong>H\u00f6he<\/strong><\/td>\n<td style=\"width: 33.3333%;text-align: center\"><strong>4,2 cm.<\/strong><\/td>\n<\/tr>\n<tr>\n<td style=\"width: 33.3333%;text-align: center\"><strong><img decoding=\"async\" src=\"https:\/\/bazarsalg.dk\/wp-content\/uploads\/stang.png\" \/><\/strong><\/td>\n<td style=\"width: 33.3333%;text-align: center\"><strong>Linsenl\u00e4nge<\/strong><\/td>\n<td style=\"width: 33.3333%;text-align: center\"><strong>12,9 cm.<\/strong><\/td>\n<\/tr>\n<tr>\n<td style=\"width: 33.3333%;text-align: center\"><strong><img decoding=\"async\" src=\"https:\/\/bazarsalg.dk\/wp-content\/uploads\/glas-bredde.png\" \/><\/strong><\/td>\n<td style=\"width: 33.3333%;text-align: center\"><strong>Glasbreite<\/strong><\/td>\n<td style=\"width: 33.3333%;text-align: center\"><strong>7 cm.<\/strong><\/td>\n<\/tr>\n<tr>\n<td style=\"width: 33.3333%;text-align: center\"><strong><img decoding=\"async\" src=\"https:\/\/bazarsalg.dk\/wp-content\/uploads\/bredde-naese.png\" \/><\/strong><\/td>\n<td style=\"width: 33.3333%;text-align: center\"><strong>Raum zwischen Glas<\/strong><\/td>\n<td style=\"width: 33.3333%;text-align: center\"><strong>2 cm.<\/strong><\/td>\n<\/tr>\n<\/tbody>\n<\/table>\n<p>&nbsp;<\/p>\n<p><strong>\u00a0<\/strong><\/p>\n<table style=\"width: 100%;border-collapse: collapse;border-style: hidden;margin-left: auto;margin-right: auto\" border=\"1\" cellspacing=\"50\" cellpadding=\"20\">\n<caption>\u00a0<\/caption>\n<caption>\u00a0<\/caption>\n<tbody>\n<tr>\n<td style=\"width: 25%;text-align: center\"><img decoding=\"async\" class=\"aligncenter\" src=\"https:\/\/bazarsalg.dk\/wp-content\/uploads\/UV.png\" \/><\/td>\n<td style=\"width: 25%;text-align: center\"><img decoding=\"async\" src=\"https:\/\/bazarsalg.dk\/wp-content\/uploads\/ce.png\" \/><\/td>\n<td style=\"width: 25%;text-align: center\"><img decoding=\"async\" src=\"https:\/\/bazarsalg.dk\/wp-content\/uploads\/box.png\" \/><\/td>\n<\/tr>\n<tr>\n<td style=\"width: 25%;text-align: center\"><strong>Die Sonnenbrille verf\u00fcgt \u00fcber einen UV400-Schutz<\/strong><\/p>\n<p>Blockiert 99 bis 100 Prozent aller UVA- und UVB-Strahlen und sch\u00fctzt Ihre Augen vor Sonnenstrahlen.<\/td>\n<td style=\"width: 25%;text-align: center\"><strong>CE-gepr\u00fcft <\/strong><\/p>\n<p>Die Sonnenbrille erf\u00fcllt alle gesetzlichen Anforderungen in der EU, wodurch gew\u00e4hrleistet ist, dass Ihre Sonnenbrille gepr\u00fcft und zugelassen ist.<\/td>\n<td style=\"width: 25%;text-align: center\"><strong>Wird in einem Karton verschickt, damit sie nicht kaputt gehen <\/strong><\/p>\n<p>Wir verpacken Sonnenbrillen immer sicher, damit sie in gutem Zustand bei Ihnen ankommen.<\/td>\n<\/tr>\n<\/tbody>\n<\/table>","protected":false},"excerpt":{"rendered":"<p><strong>Mattschwarzer Rahmen<\/strong><br \/>\n<strong>Gummi an der Stange, damit sie besser sitzen<br \/>\nPolarisiertes Glas f\u00fcr optimale Sicht<br \/>\nDunkle Brille<\/strong><\/p>\n<p><em>CE-gepr\u00fcft<\/em><br \/>\n<em>UV400-Schutz<\/em><\/p>","protected":false},"featured_media":12264,"comment_status":"open","ping_status":"closed","template":"","meta":{"om_disable_all_campaigns":false,"_monsterinsights_skip_tracking":false,"_monsterinsights_sitenote_active":false,"_monsterinsights_sitenote_note":"","_monsterinsights_sitenote_category":0},"product_brand":[],"product_cat":[1026,1029,1025,1046,1546],"product_tag":[1547,1548,870],"class_list":{"0":"post-12265","1":"product","2":"type-product","3":"status-publish","4":"has-post-thumbnail","6":"product_cat-dame-solbriller","7":"product_cat-herre-solbriller","8":"product_cat-billige-solbriller","9":"product_cat-cykelbriller","10":"product_cat-hurtigbriller","11":"product_tag-cykelsolbriller","12":"product_tag-hurtigbriller","13":"product_tag-p693","15":"first","16":"outofstock","17":"shipping-taxable","18":"purchasable","19":"product-type-simple"},"yoast_head":"<!-- This site is optimized with the Yoast SEO plugin v27.2 - https:\/\/yoast.com\/product\/yoast-seo-wordpress\/ -->\n<title>Matsorte hurtigbriller \/ sportssolbriller med m\u00f8rke glas | Lombardia | K\u00f8b online her | LOCS<\/title>\n<meta name=\"description\" content=\"K\u00f8b Matsorte hurtigbriller \/ sportssolbriller med m\u00f8rke glas | Lombardia her | EU&#039;s st\u00f8rste udvalg af LOCS solbriller | Vi sender fra EU - Ingen ekstra import udgifter\" \/>\n<meta name=\"robots\" content=\"index, follow, max-snippet:-1, max-image-preview:large, max-video-preview:-1\" \/>\n<link rel=\"canonical\" href=\"https:\/\/locsshop.eu\/de\/shop\/matsorte-hurtigbriller-sportssolbriller-med-moerke-glas-lombardia\/\" \/>\n<meta property=\"og:locale\" content=\"de_DE\" \/>\n<meta property=\"og:type\" content=\"article\" \/>\n<meta property=\"og:title\" content=\"Matsorte hurtigbriller \/ sportssolbriller med m\u00f8rke glas | Lombardia | K\u00f8b online her | LOCS\" \/>\n<meta property=\"og:description\" content=\"K\u00f8b Matsorte hurtigbriller \/ sportssolbriller med m\u00f8rke glas | Lombardia her | EU&#039;s st\u00f8rste udvalg af LOCS solbriller | Vi sender fra EU - Ingen ekstra import udgifter\" \/>\n<meta property=\"og:url\" content=\"https:\/\/locsshop.eu\/de\/shop\/matsorte-hurtigbriller-sportssolbriller-med-moerke-glas-lombardia\/\" \/>\n<meta property=\"og:site_name\" content=\"Locs Sunglasses - LOCS Supplier in EU\" \/>\n<meta property=\"article:modified_time\" content=\"2025-05-17T13:30:50+00:00\" \/>\n<meta property=\"og:image\" content=\"https:\/\/locsshop.eu\/wp-content\/uploads\/2024\/03\/BM6037A-BK.jpg\" \/>\n\t<meta property=\"og:image:width\" content=\"800\" \/>\n\t<meta property=\"og:image:height\" content=\"800\" \/>\n\t<meta property=\"og:image:type\" content=\"image\/jpeg\" \/>\n<meta name=\"twitter:card\" content=\"summary_large_image\" \/>\n<meta name=\"twitter:label1\" content=\"Gesch\u00e4tzte Lesezeit\" \/>\n\t<meta name=\"twitter:data1\" content=\"3\u00a0Minuten\" \/>\n<script type=\"application\/ld+json\" class=\"yoast-schema-graph\">{\"@context\":\"https:\/\/schema.org\",\"@graph\":[{\"@type\":\"WebPage\",\"@id\":\"https:\/\/locsshop.eu\/shop\/matsorte-hurtigbriller-sportssolbriller-med-moerke-glas-lombardia\/\",\"url\":\"https:\/\/locsshop.eu\/shop\/matsorte-hurtigbriller-sportssolbriller-med-moerke-glas-lombardia\/\",\"name\":\"Matsorte hurtigbriller \/ sportssolbriller med m\u00f8rke glas | Lombardia | K\u00f8b online her | LOCS\",\"isPartOf\":{\"@id\":\"https:\/\/locsshop.eu\/#website\"},\"primaryImageOfPage\":{\"@id\":\"https:\/\/locsshop.eu\/shop\/matsorte-hurtigbriller-sportssolbriller-med-moerke-glas-lombardia\/#primaryimage\"},\"image\":{\"@id\":\"https:\/\/locsshop.eu\/shop\/matsorte-hurtigbriller-sportssolbriller-med-moerke-glas-lombardia\/#primaryimage\"},\"thumbnailUrl\":\"https:\/\/locsshop.eu\/wp-content\/uploads\/2024\/03\/BM6037A-BK.jpg\",\"datePublished\":\"2024-03-20T22:11:14+00:00\",\"dateModified\":\"2025-05-17T13:30:50+00:00\",\"description\":\"K\u00f8b Matsorte hurtigbriller \/ sportssolbriller med m\u00f8rke glas | Lombardia her | EU's st\u00f8rste udvalg af LOCS solbriller | Vi sender fra EU - Ingen ekstra import udgifter\",\"breadcrumb\":{\"@id\":\"https:\/\/locsshop.eu\/shop\/matsorte-hurtigbriller-sportssolbriller-med-moerke-glas-lombardia\/#breadcrumb\"},\"inLanguage\":\"de\",\"potentialAction\":[{\"@type\":\"ReadAction\",\"target\":[\"https:\/\/locsshop.eu\/shop\/matsorte-hurtigbriller-sportssolbriller-med-moerke-glas-lombardia\/\"]}]},{\"@type\":\"ImageObject\",\"inLanguage\":\"de\",\"@id\":\"https:\/\/locsshop.eu\/shop\/matsorte-hurtigbriller-sportssolbriller-med-moerke-glas-lombardia\/#primaryimage\",\"url\":\"https:\/\/locsshop.eu\/wp-content\/uploads\/2024\/03\/BM6037A-BK.jpg\",\"contentUrl\":\"https:\/\/locsshop.eu\/wp-content\/uploads\/2024\/03\/BM6037A-BK.jpg\",\"width\":800,\"height\":800},{\"@type\":\"BreadcrumbList\",\"@id\":\"https:\/\/locsshop.eu\/shop\/matsorte-hurtigbriller-sportssolbriller-med-moerke-glas-lombardia\/#breadcrumb\",\"itemListElement\":[{\"@type\":\"ListItem\",\"position\":1,\"name\":\"Hjem\",\"item\":\"https:\/\/locsshop.eu\/\"},{\"@type\":\"ListItem\",\"position\":2,\"name\":\"Shop\",\"item\":\"https:\/\/locsshop.eu\/shop\/\"},{\"@type\":\"ListItem\",\"position\":3,\"name\":\"Matsorte hurtigbriller \/ sportssolbriller med m\u00f8rke glas | Lombardia\"}]},{\"@type\":\"WebSite\",\"@id\":\"https:\/\/locsshop.eu\/#website\",\"url\":\"https:\/\/locsshop.eu\/\",\"name\":\"Locs Sunglasses - LOCS Supplier in EU\",\"description\":\"We sell cheap LOCS Sunglasses\",\"publisher\":{\"@id\":\"https:\/\/locsshop.eu\/#organization\"},\"potentialAction\":[{\"@type\":\"SearchAction\",\"target\":{\"@type\":\"EntryPoint\",\"urlTemplate\":\"https:\/\/locsshop.eu\/?s={search_term_string}\"},\"query-input\":{\"@type\":\"PropertyValueSpecification\",\"valueRequired\":true,\"valueName\":\"search_term_string\"}}],\"inLanguage\":\"de\"},{\"@type\":\"Organization\",\"@id\":\"https:\/\/locsshop.eu\/#organization\",\"name\":\"Locsshop.eu\",\"url\":\"https:\/\/locsshop.eu\/\",\"logo\":{\"@type\":\"ImageObject\",\"inLanguage\":\"de\",\"@id\":\"https:\/\/locsshop.eu\/#\/schema\/logo\/image\/\",\"url\":\"https:\/\/locsshop.eu\/wp-content\/uploads\/2022\/02\/Locsshop-logo.png\",\"contentUrl\":\"https:\/\/locsshop.eu\/wp-content\/uploads\/2022\/02\/Locsshop-logo.png\",\"width\":930,\"height\":200,\"caption\":\"Locsshop.eu\"},\"image\":{\"@id\":\"https:\/\/locsshop.eu\/#\/schema\/logo\/image\/\"}}]}<\/script>\n<!-- \/ Yoast SEO plugin. -->","yoast_head_json":{"title":"Mattschwarze Speed-Brille \/ Sportsonnenbrille mit dunklen Gl\u00e4sern | Lombardei | Hier online kaufen | LOCS","description":"Mattschwarze Speed-Brille \/ Sport-Sonnenbrille mit dunklen Gl\u00e4sern kaufen | Lombardei hier | Die gr\u00f6\u00dfte Auswahl an LOCS-Sonnenbrillen in der EU | Wir versenden aus der EU \u2013 keine zus\u00e4tzlichen Importkosten","robots":{"index":"index","follow":"follow","max-snippet":"max-snippet:-1","max-image-preview":"max-image-preview:large","max-video-preview":"max-video-preview:-1"},"canonical":"https:\/\/locsshop.eu\/de\/shop\/matsorte-hurtigbriller-sportssolbriller-med-moerke-glas-lombardia\/","og_locale":"de_DE","og_type":"article","og_title":"Matsorte hurtigbriller \/ sportssolbriller med m\u00f8rke glas | Lombardia | K\u00f8b online her | LOCS","og_description":"K\u00f8b Matsorte hurtigbriller \/ sportssolbriller med m\u00f8rke glas | Lombardia her | EU's st\u00f8rste udvalg af LOCS solbriller | Vi sender fra EU - Ingen ekstra import udgifter","og_url":"https:\/\/locsshop.eu\/de\/shop\/matsorte-hurtigbriller-sportssolbriller-med-moerke-glas-lombardia\/","og_site_name":"Locs Sunglasses - LOCS Supplier in EU","article_modified_time":"2025-05-17T13:30:50+00:00","og_image":[{"width":800,"height":800,"url":"https:\/\/locsshop.eu\/wp-content\/uploads\/2024\/03\/BM6037A-BK.jpg","type":"image\/jpeg"}],"twitter_card":"summary_large_image","twitter_misc":{"Gesch\u00e4tzte Lesezeit":"3\u00a0Minuten"},"schema":{"@context":"https:\/\/schema.org","@graph":[{"@type":"WebPage","@id":"https:\/\/locsshop.eu\/shop\/matsorte-hurtigbriller-sportssolbriller-med-moerke-glas-lombardia\/","url":"https:\/\/locsshop.eu\/shop\/matsorte-hurtigbriller-sportssolbriller-med-moerke-glas-lombardia\/","name":"Mattschwarze Speed-Brille \/ Sportsonnenbrille mit dunklen Gl\u00e4sern | Lombardei | Hier online kaufen | LOCS","isPartOf":{"@id":"https:\/\/locsshop.eu\/#website"},"primaryImageOfPage":{"@id":"https:\/\/locsshop.eu\/shop\/matsorte-hurtigbriller-sportssolbriller-med-moerke-glas-lombardia\/#primaryimage"},"image":{"@id":"https:\/\/locsshop.eu\/shop\/matsorte-hurtigbriller-sportssolbriller-med-moerke-glas-lombardia\/#primaryimage"},"thumbnailUrl":"https:\/\/locsshop.eu\/wp-content\/uploads\/2024\/03\/BM6037A-BK.jpg","datePublished":"2024-03-20T22:11:14+00:00","dateModified":"2025-05-17T13:30:50+00:00","description":"Mattschwarze Speed-Brille \/ Sport-Sonnenbrille mit dunklen Gl\u00e4sern kaufen | Lombardei hier | Die gr\u00f6\u00dfte Auswahl an LOCS-Sonnenbrillen in der EU | Wir versenden aus der EU \u2013 keine zus\u00e4tzlichen Importkosten","breadcrumb":{"@id":"https:\/\/locsshop.eu\/shop\/matsorte-hurtigbriller-sportssolbriller-med-moerke-glas-lombardia\/#breadcrumb"},"inLanguage":"de","potentialAction":[{"@type":"ReadAction","target":["https:\/\/locsshop.eu\/shop\/matsorte-hurtigbriller-sportssolbriller-med-moerke-glas-lombardia\/"]}]},{"@type":"ImageObject","inLanguage":"de","@id":"https:\/\/locsshop.eu\/shop\/matsorte-hurtigbriller-sportssolbriller-med-moerke-glas-lombardia\/#primaryimage","url":"https:\/\/locsshop.eu\/wp-content\/uploads\/2024\/03\/BM6037A-BK.jpg","contentUrl":"https:\/\/locsshop.eu\/wp-content\/uploads\/2024\/03\/BM6037A-BK.jpg","width":800,"height":800},{"@type":"BreadcrumbList","@id":"https:\/\/locsshop.eu\/shop\/matsorte-hurtigbriller-sportssolbriller-med-moerke-glas-lombardia\/#breadcrumb","itemListElement":[{"@type":"ListItem","position":1,"name":"Hjem","item":"https:\/\/locsshop.eu\/"},{"@type":"ListItem","position":2,"name":"Shop","item":"https:\/\/locsshop.eu\/shop\/"},{"@type":"ListItem","position":3,"name":"Matsorte hurtigbriller \/ sportssolbriller med m\u00f8rke glas | Lombardia"}]},{"@type":"WebSite","@id":"https:\/\/locsshop.eu\/#website","url":"https:\/\/locsshop.eu\/","name":"Locs Sonnenbrillen \u2013 LOCS-Lieferant in der EU","description":"Wir verkaufen g\u00fcnstige LOCS Sonnenbrillen","publisher":{"@id":"https:\/\/locsshop.eu\/#organization"},"potentialAction":[{"@type":"SearchAction","target":{"@type":"EntryPoint","urlTemplate":"https:\/\/locsshop.eu\/?s={search_term_string}"},"query-input":{"@type":"PropertyValueSpecification","valueRequired":true,"valueName":"search_term_string"}}],"inLanguage":"de"},{"@type":"Organization","@id":"https:\/\/locsshop.eu\/#organization","name":"Locsshop.eu","url":"https:\/\/locsshop.eu\/","logo":{"@type":"ImageObject","inLanguage":"de","@id":"https:\/\/locsshop.eu\/#\/schema\/logo\/image\/","url":"https:\/\/locsshop.eu\/wp-content\/uploads\/2022\/02\/Locsshop-logo.png","contentUrl":"https:\/\/locsshop.eu\/wp-content\/uploads\/2022\/02\/Locsshop-logo.png","width":930,"height":200,"caption":"Locsshop.eu"},"image":{"@id":"https:\/\/locsshop.eu\/#\/schema\/logo\/image\/"}}]}},"_links":{"self":[{"href":"https:\/\/locsshop.eu\/de\/wp-json\/wp\/v2\/product\/12265","targetHints":{"allow":["GET"]}}],"collection":[{"href":"https:\/\/locsshop.eu\/de\/wp-json\/wp\/v2\/product"}],"about":[{"href":"https:\/\/locsshop.eu\/de\/wp-json\/wp\/v2\/types\/product"}],"replies":[{"embeddable":true,"href":"https:\/\/locsshop.eu\/de\/wp-json\/wp\/v2\/comments?post=12265"}],"wp:featuredmedia":[{"embeddable":true,"href":"https:\/\/locsshop.eu\/de\/wp-json\/wp\/v2\/media\/12264"}],"wp:attachment":[{"href":"https:\/\/locsshop.eu\/de\/wp-json\/wp\/v2\/media?parent=12265"}],"wp:term":[{"taxonomy":"product_brand","embeddable":true,"href":"https:\/\/locsshop.eu\/de\/wp-json\/wp\/v2\/product_brand?post=12265"},{"taxonomy":"product_cat","embeddable":true,"href":"https:\/\/locsshop.eu\/de\/wp-json\/wp\/v2\/product_cat?post=12265"},{"taxonomy":"product_tag","embeddable":true,"href":"https:\/\/locsshop.eu\/de\/wp-json\/wp\/v2\/product_tag?post=12265"}],"curies":[{"name":"wp","href":"https:\/\/api.w.org\/{rel}","templated":true}]}}