{"id":12274,"date":"2024-03-20T23:33:42","date_gmt":"2024-03-20T22:33:42","guid":{"rendered":"https:\/\/locsshop.eu\/da\/shop\/matsorte-fit-over-solbriller-der-kan-vippes-op-moerke-glas\/"},"modified":"2026-04-09T08:26:40","modified_gmt":"2026-04-09T06:26:40","slug":"matsorte-fit-over-solbriller-der-kan-vippes-op-moerke-glas","status":"publish","type":"product","link":"https:\/\/locsshop.eu\/de\/shop\/matsorte-fit-over-solbriller-der-kan-vippes-op-moerke-glas\/","title":{"rendered":"Mattschwarze Fit-Over-Sonnenbrille, die nach oben gekippt werden kann \u2013 dunkle Gl\u00e4ser"},"content":{"rendered":"<h2>Schwarze Fit-Over-Sonnenbrille, die Sie au\u00dferhalb Ihrer Almosen tragen k\u00f6nnen. Gl\u00e4ser<\/h2>\n<p>Wenn Sie eine Brille tragen und eine Sonnenbrille w\u00fcnschen, die Sie zus\u00e4tzlich zu Ihrer Brille aufsetzen k\u00f6nnen, m\u00fcssen Sie eine Sonnenbrille zum \u00dcberziehen kaufen.<br \/>\nDiese verf\u00fcgen \u00fcber bequeme dunkle Gl\u00e4ser mit einer intelligenten Kippfunktion, sodass Sie das Glas \u00f6ffnen k\u00f6nnen, wenn Sie den Sonnenbrilleneffekt nicht ben\u00f6tigen (z. B. wenn Sie in ein Gesch\u00e4ft gehen).<\/p>\n<p><strong>Die \u00dcberbrille ist so konzipiert, dass Sie sie \u00fcber Ihrer normalen Brille tragen k\u00f6nnen.<br \/>\nVerwenden Sie die Ma\u00dfe unten und sehen Sie, ob sie zu Ihrer Brille passen<\/strong><\/p>\n<p>Innenbreite: 13,7 cm.<br \/>\nInnenh\u00f6he: 4,1 cm.<br \/>\nInnenseitenl\u00e4nge: 15,2 cm.<\/p>\n<p>Material Rahmen: Kunststoff<br \/>\nUV400-Schutz<\/p>\n<h3><strong>Die Sonnenbrille ist polarisiert<br \/>\n<img loading=\"lazy\" decoding=\"async\" class=\"alignnone size-full wp-image-11712\" src=\"https:\/\/bazarsalg.dk\/wp-content\/uploads\/polarized-logo.jpg\" alt=\"\" width=\"200\" height=\"108\" \/><br \/>\n<\/strong><\/h3>\n<p><em>Polarisierte Sonnenbrillen sind eine beliebte Art von Sonnenbrillen, die entwickelt wurden, um Blendung durch reflektierende Oberfl\u00e4chen wie Wasser, Schnee oder Stra\u00dfenoberfl\u00e4chen zu reduzieren. Dies wird durch einen Polarisationsfilm erreicht, der Lichtwellen blockiert, die sich auf einer bestimmten Achse ausbreiten. Dies reduziert Reflexionen und sorgt f\u00fcr eine klarere und detailliertere Sicht, insbesondere bei hellem Sonnenlicht. Es ist eine gute Idee, eine polarisierte Sonnenbrille zu w\u00e4hlen, wenn Sie viel Zeit im Freien verbringen, insbesondere in der N\u00e4he von Wasser oder bei Aktivit\u00e4ten wie Skifahren oder Radfahren.<\/em><\/p>","protected":false},"excerpt":{"rendered":"<ul>\n<li><strong>Drau\u00dfen auf Ihrem General getragen. Brille<\/strong><\/li>\n<li><strong>Matte Oberfl\u00e4che<\/strong><\/li>\n<li><strong>Polarisierte Gl\u00e4ser f\u00fcr optimale Sicht<\/strong><\/li>\n<\/ul>","protected":false},"featured_media":12273,"comment_status":"open","ping_status":"closed","template":"","meta":{"om_disable_all_campaigns":false,"_monsterinsights_skip_tracking":false,"_monsterinsights_sitenote_active":false,"_monsterinsights_sitenote_note":"","_monsterinsights_sitenote_category":0},"product_brand":[],"product_cat":[1026,1029,1025,1032],"product_tag":[445,1297,447,870],"class_list":{"0":"post-12274","1":"product","2":"type-product","3":"status-publish","4":"has-post-thumbnail","6":"product_cat-dame-solbriller","7":"product_cat-herre-solbriller","8":"product_cat-billige-solbriller","9":"product_cat-fit-over-solbriller","10":"product_tag-fit","11":"product_tag-fit-over","12":"product_tag-over","13":"product_tag-p693","15":"first","16":"outofstock","17":"shipping-taxable","18":"purchasable","19":"product-type-simple"},"yoast_head":"<!-- This site is optimized with the Yoast SEO plugin v27.5 - https:\/\/yoast.com\/product\/yoast-seo-wordpress\/ -->\n<title>Matsorte Fit-Over solbriller der kan vippes op - M\u00f8rke glas | K\u00f8b online her | LOCS<\/title>\n<meta name=\"description\" content=\"K\u00f8b Matsorte Fit-Over solbriller der kan vippes op - M\u00f8rke glas her | EU&#039;s st\u00f8rste udvalg af LOCS solbriller | Vi sender fra EU - Ingen ekstra import udgifter\" \/>\n<meta name=\"robots\" content=\"index, follow, max-snippet:-1, max-image-preview:large, max-video-preview:-1\" \/>\n<link rel=\"canonical\" href=\"https:\/\/locsshop.eu\/de\/shop\/matsorte-fit-over-solbriller-der-kan-vippes-op-moerke-glas\/\" \/>\n<meta property=\"og:locale\" content=\"de_DE\" \/>\n<meta property=\"og:type\" content=\"article\" \/>\n<meta property=\"og:title\" content=\"Matsorte Fit-Over solbriller der kan vippes op - M\u00f8rke glas | K\u00f8b online her | LOCS\" \/>\n<meta property=\"og:description\" content=\"K\u00f8b Matsorte Fit-Over solbriller der kan vippes op - M\u00f8rke glas her | EU&#039;s st\u00f8rste udvalg af LOCS solbriller | Vi sender fra EU - Ingen ekstra import udgifter\" \/>\n<meta property=\"og:url\" content=\"https:\/\/locsshop.eu\/de\/shop\/matsorte-fit-over-solbriller-der-kan-vippes-op-moerke-glas\/\" \/>\n<meta property=\"og:site_name\" content=\"Locs Sunglasses - LOCS Supplier in EU\" \/>\n<meta property=\"article:modified_time\" content=\"2026-04-09T06:26:40+00:00\" \/>\n<meta property=\"og:image\" content=\"https:\/\/locsshop.eu\/wp-content\/uploads\/2024\/03\/Fit-over-Mat-sort.jpg\" \/>\n\t<meta property=\"og:image:width\" content=\"800\" \/>\n\t<meta property=\"og:image:height\" content=\"800\" \/>\n\t<meta property=\"og:image:type\" content=\"image\/jpeg\" \/>\n<meta name=\"twitter:card\" content=\"summary_large_image\" \/>\n<meta name=\"twitter:label1\" content=\"Gesch\u00e4tzte Lesezeit\" \/>\n\t<meta name=\"twitter:data1\" content=\"1\u00a0Minute\" \/>\n<script type=\"application\/ld+json\" class=\"yoast-schema-graph\">{\"@context\":\"https:\\\/\\\/schema.org\",\"@graph\":[{\"@type\":\"WebPage\",\"@id\":\"https:\\\/\\\/locsshop.eu\\\/shop\\\/matsorte-fit-over-solbriller-der-kan-vippes-op-moerke-glas\\\/\",\"url\":\"https:\\\/\\\/locsshop.eu\\\/shop\\\/matsorte-fit-over-solbriller-der-kan-vippes-op-moerke-glas\\\/\",\"name\":\"Matsorte Fit-Over solbriller der kan vippes op - M\u00f8rke glas | K\u00f8b online her | LOCS\",\"isPartOf\":{\"@id\":\"https:\\\/\\\/locsshop.eu\\\/#website\"},\"primaryImageOfPage\":{\"@id\":\"https:\\\/\\\/locsshop.eu\\\/shop\\\/matsorte-fit-over-solbriller-der-kan-vippes-op-moerke-glas\\\/#primaryimage\"},\"image\":{\"@id\":\"https:\\\/\\\/locsshop.eu\\\/shop\\\/matsorte-fit-over-solbriller-der-kan-vippes-op-moerke-glas\\\/#primaryimage\"},\"thumbnailUrl\":\"https:\\\/\\\/locsshop.eu\\\/wp-content\\\/uploads\\\/2024\\\/03\\\/Fit-over-Mat-sort.jpg\",\"datePublished\":\"2024-03-20T22:33:42+00:00\",\"dateModified\":\"2026-04-09T06:26:40+00:00\",\"description\":\"K\u00f8b Matsorte Fit-Over solbriller der kan vippes op - M\u00f8rke glas her | EU's st\u00f8rste udvalg af LOCS solbriller | Vi sender fra EU - Ingen ekstra import udgifter\",\"breadcrumb\":{\"@id\":\"https:\\\/\\\/locsshop.eu\\\/shop\\\/matsorte-fit-over-solbriller-der-kan-vippes-op-moerke-glas\\\/#breadcrumb\"},\"inLanguage\":\"de\",\"potentialAction\":[{\"@type\":\"ReadAction\",\"target\":[\"https:\\\/\\\/locsshop.eu\\\/shop\\\/matsorte-fit-over-solbriller-der-kan-vippes-op-moerke-glas\\\/\"]}]},{\"@type\":\"ImageObject\",\"inLanguage\":\"de\",\"@id\":\"https:\\\/\\\/locsshop.eu\\\/shop\\\/matsorte-fit-over-solbriller-der-kan-vippes-op-moerke-glas\\\/#primaryimage\",\"url\":\"https:\\\/\\\/locsshop.eu\\\/wp-content\\\/uploads\\\/2024\\\/03\\\/Fit-over-Mat-sort.jpg\",\"contentUrl\":\"https:\\\/\\\/locsshop.eu\\\/wp-content\\\/uploads\\\/2024\\\/03\\\/Fit-over-Mat-sort.jpg\",\"width\":800,\"height\":800},{\"@type\":\"BreadcrumbList\",\"@id\":\"https:\\\/\\\/locsshop.eu\\\/shop\\\/matsorte-fit-over-solbriller-der-kan-vippes-op-moerke-glas\\\/#breadcrumb\",\"itemListElement\":[{\"@type\":\"ListItem\",\"position\":1,\"name\":\"Hjem\",\"item\":\"https:\\\/\\\/locsshop.eu\\\/\"},{\"@type\":\"ListItem\",\"position\":2,\"name\":\"Shop\",\"item\":\"https:\\\/\\\/locsshop.eu\\\/shop\\\/\"},{\"@type\":\"ListItem\",\"position\":3,\"name\":\"Matsorte Fit-Over solbriller der kan vippes op &#8211; M\u00f8rke glas\"}]},{\"@type\":\"WebSite\",\"@id\":\"https:\\\/\\\/locsshop.eu\\\/#website\",\"url\":\"https:\\\/\\\/locsshop.eu\\\/\",\"name\":\"Locs Sunglasses - LOCS Supplier in EU\",\"description\":\"We sell cheap LOCS Sunglasses\",\"publisher\":{\"@id\":\"https:\\\/\\\/locsshop.eu\\\/#organization\"},\"potentialAction\":[{\"@type\":\"SearchAction\",\"target\":{\"@type\":\"EntryPoint\",\"urlTemplate\":\"https:\\\/\\\/locsshop.eu\\\/?s={search_term_string}\"},\"query-input\":{\"@type\":\"PropertyValueSpecification\",\"valueRequired\":true,\"valueName\":\"search_term_string\"}}],\"inLanguage\":\"de\"},{\"@type\":\"Organization\",\"@id\":\"https:\\\/\\\/locsshop.eu\\\/#organization\",\"name\":\"Locsshop.eu\",\"url\":\"https:\\\/\\\/locsshop.eu\\\/\",\"logo\":{\"@type\":\"ImageObject\",\"inLanguage\":\"de\",\"@id\":\"https:\\\/\\\/locsshop.eu\\\/#\\\/schema\\\/logo\\\/image\\\/\",\"url\":\"https:\\\/\\\/locsshop.eu\\\/wp-content\\\/uploads\\\/2022\\\/02\\\/Locsshop-logo.png\",\"contentUrl\":\"https:\\\/\\\/locsshop.eu\\\/wp-content\\\/uploads\\\/2022\\\/02\\\/Locsshop-logo.png\",\"width\":930,\"height\":200,\"caption\":\"Locsshop.eu\"},\"image\":{\"@id\":\"https:\\\/\\\/locsshop.eu\\\/#\\\/schema\\\/logo\\\/image\\\/\"}}]}<\/script>\n<!-- \/ Yoast SEO plugin. -->","yoast_head_json":{"title":"Gl\u00e4nzend schwarze, hochklappbare \u00dcberzieh-Sonnenbrille \u2013 dunkle Gl\u00e4ser | Hier online kaufen | LOCS","description":"Kaufen Sie hier eine gl\u00e4nzend schwarze \u00dcberzieh-Sonnenbrille, die nach oben gekippt werden kann \u2013 dunkle Gl\u00e4ser | Die gr\u00f6\u00dfte Auswahl an LOCS-Sonnenbrillen in der EU | Wir versenden aus der EU \u2013 keine zus\u00e4tzlichen Importkosten","robots":{"index":"index","follow":"follow","max-snippet":"max-snippet:-1","max-image-preview":"max-image-preview:large","max-video-preview":"max-video-preview:-1"},"canonical":"https:\/\/locsshop.eu\/de\/shop\/matsorte-fit-over-solbriller-der-kan-vippes-op-moerke-glas\/","og_locale":"de_DE","og_type":"article","og_title":"Matsorte Fit-Over solbriller der kan vippes op - M\u00f8rke glas | K\u00f8b online her | LOCS","og_description":"K\u00f8b Matsorte Fit-Over solbriller der kan vippes op - M\u00f8rke glas her | EU's st\u00f8rste udvalg af LOCS solbriller | Vi sender fra EU - Ingen ekstra import udgifter","og_url":"https:\/\/locsshop.eu\/de\/shop\/matsorte-fit-over-solbriller-der-kan-vippes-op-moerke-glas\/","og_site_name":"Locs Sunglasses - LOCS Supplier in EU","article_modified_time":"2026-04-09T06:26:40+00:00","og_image":[{"width":800,"height":800,"url":"https:\/\/locsshop.eu\/wp-content\/uploads\/2024\/03\/Fit-over-Mat-sort.jpg","type":"image\/jpeg"}],"twitter_card":"summary_large_image","twitter_misc":{"Gesch\u00e4tzte Lesezeit":"1\u00a0Minute"},"schema":{"@context":"https:\/\/schema.org","@graph":[{"@type":"WebPage","@id":"https:\/\/locsshop.eu\/shop\/matsorte-fit-over-solbriller-der-kan-vippes-op-moerke-glas\/","url":"https:\/\/locsshop.eu\/shop\/matsorte-fit-over-solbriller-der-kan-vippes-op-moerke-glas\/","name":"Gl\u00e4nzend schwarze, hochklappbare \u00dcberzieh-Sonnenbrille \u2013 dunkle Gl\u00e4ser | Hier online kaufen | LOCS","isPartOf":{"@id":"https:\/\/locsshop.eu\/#website"},"primaryImageOfPage":{"@id":"https:\/\/locsshop.eu\/shop\/matsorte-fit-over-solbriller-der-kan-vippes-op-moerke-glas\/#primaryimage"},"image":{"@id":"https:\/\/locsshop.eu\/shop\/matsorte-fit-over-solbriller-der-kan-vippes-op-moerke-glas\/#primaryimage"},"thumbnailUrl":"https:\/\/locsshop.eu\/wp-content\/uploads\/2024\/03\/Fit-over-Mat-sort.jpg","datePublished":"2024-03-20T22:33:42+00:00","dateModified":"2026-04-09T06:26:40+00:00","description":"Kaufen Sie hier eine gl\u00e4nzend schwarze \u00dcberzieh-Sonnenbrille, die nach oben gekippt werden kann \u2013 dunkle Gl\u00e4ser | Die gr\u00f6\u00dfte Auswahl an LOCS-Sonnenbrillen in der EU | Wir versenden aus der EU \u2013 keine zus\u00e4tzlichen Importkosten","breadcrumb":{"@id":"https:\/\/locsshop.eu\/shop\/matsorte-fit-over-solbriller-der-kan-vippes-op-moerke-glas\/#breadcrumb"},"inLanguage":"de","potentialAction":[{"@type":"ReadAction","target":["https:\/\/locsshop.eu\/shop\/matsorte-fit-over-solbriller-der-kan-vippes-op-moerke-glas\/"]}]},{"@type":"ImageObject","inLanguage":"de","@id":"https:\/\/locsshop.eu\/shop\/matsorte-fit-over-solbriller-der-kan-vippes-op-moerke-glas\/#primaryimage","url":"https:\/\/locsshop.eu\/wp-content\/uploads\/2024\/03\/Fit-over-Mat-sort.jpg","contentUrl":"https:\/\/locsshop.eu\/wp-content\/uploads\/2024\/03\/Fit-over-Mat-sort.jpg","width":800,"height":800},{"@type":"BreadcrumbList","@id":"https:\/\/locsshop.eu\/shop\/matsorte-fit-over-solbriller-der-kan-vippes-op-moerke-glas\/#breadcrumb","itemListElement":[{"@type":"ListItem","position":1,"name":"Hjem","item":"https:\/\/locsshop.eu\/"},{"@type":"ListItem","position":2,"name":"Shop","item":"https:\/\/locsshop.eu\/shop\/"},{"@type":"ListItem","position":3,"name":"Matsorte Fit-Over solbriller der kan vippes op &#8211; M\u00f8rke glas"}]},{"@type":"WebSite","@id":"https:\/\/locsshop.eu\/#website","url":"https:\/\/locsshop.eu\/","name":"Locs Sonnenbrillen \u2013 LOCS-Lieferant in der EU","description":"Wir verkaufen g\u00fcnstige LOCS Sonnenbrillen","publisher":{"@id":"https:\/\/locsshop.eu\/#organization"},"potentialAction":[{"@type":"SearchAction","target":{"@type":"EntryPoint","urlTemplate":"https:\/\/locsshop.eu\/?s={search_term_string}"},"query-input":{"@type":"PropertyValueSpecification","valueRequired":true,"valueName":"search_term_string"}}],"inLanguage":"de"},{"@type":"Organization","@id":"https:\/\/locsshop.eu\/#organization","name":"Locsshop.eu","url":"https:\/\/locsshop.eu\/","logo":{"@type":"ImageObject","inLanguage":"de","@id":"https:\/\/locsshop.eu\/#\/schema\/logo\/image\/","url":"https:\/\/locsshop.eu\/wp-content\/uploads\/2022\/02\/Locsshop-logo.png","contentUrl":"https:\/\/locsshop.eu\/wp-content\/uploads\/2022\/02\/Locsshop-logo.png","width":930,"height":200,"caption":"Locsshop.eu"},"image":{"@id":"https:\/\/locsshop.eu\/#\/schema\/logo\/image\/"}}]}},"_links":{"self":[{"href":"https:\/\/locsshop.eu\/de\/wp-json\/wp\/v2\/product\/12274","targetHints":{"allow":["GET"]}}],"collection":[{"href":"https:\/\/locsshop.eu\/de\/wp-json\/wp\/v2\/product"}],"about":[{"href":"https:\/\/locsshop.eu\/de\/wp-json\/wp\/v2\/types\/product"}],"replies":[{"embeddable":true,"href":"https:\/\/locsshop.eu\/de\/wp-json\/wp\/v2\/comments?post=12274"}],"wp:featuredmedia":[{"embeddable":true,"href":"https:\/\/locsshop.eu\/de\/wp-json\/wp\/v2\/media\/12273"}],"wp:attachment":[{"href":"https:\/\/locsshop.eu\/de\/wp-json\/wp\/v2\/media?parent=12274"}],"wp:term":[{"taxonomy":"product_brand","embeddable":true,"href":"https:\/\/locsshop.eu\/de\/wp-json\/wp\/v2\/product_brand?post=12274"},{"taxonomy":"product_cat","embeddable":true,"href":"https:\/\/locsshop.eu\/de\/wp-json\/wp\/v2\/product_cat?post=12274"},{"taxonomy":"product_tag","embeddable":true,"href":"https:\/\/locsshop.eu\/de\/wp-json\/wp\/v2\/product_tag?post=12274"}],"curies":[{"name":"wp","href":"https:\/\/api.w.org\/{rel}","templated":true}]}}