{"id":12302,"date":"2024-03-21T17:15:48","date_gmt":"2024-03-21T16:15:48","guid":{"rendered":"https:\/\/locsshop.eu\/da\/shop\/matsorte-wayfarer-solbriller-med-gummi-coating-blaa-spejlglas\/"},"modified":"2025-05-20T02:23:54","modified_gmt":"2025-05-20T00:23:54","slug":"matsorte-wayfarer-solbriller-med-gummi-coating-blaa-spejlglas","status":"publish","type":"product","link":"https:\/\/locsshop.eu\/de\/shop\/matsorte-wayfarer-solbriller-med-gummi-coating-blaa-spejlglas\/","title":{"rendered":"Mattschwarze Wayfarer-Sonnenbrille mit Gummibeschichtung | Blaues Spiegelglas"},"content":{"rendered":"<h2>Schwarze Wayfarer-Sonnenbrille mit weicher, matter Gummibeschichtung und sch\u00f6nen verspiegelten Gl\u00e4sern mit besonders kr\u00e4ftigen Farben.<\/h2>\n<p>Wundersch\u00f6ne schwarze Wayfarer-Sonnenbrille mit angenehm weicher Gummibeschichtung und Flexst\u00e4ben f\u00fcr optimale Passform<br \/>\nDie Sonnenbrille ist sowohl f\u00fcr M\u00e4nner als auch f\u00fcr Frauen geeignet und das ganze Jahr \u00fcber super cool.<\/p>\n<p>Eine wirklich sch\u00f6ne Sonnenbrille f\u00fcr alle, die das klassische Wayfarer-Modell lieben.<\/p>\n<h4>Material: <strong>Kunststoffrahmen und Polycarbonatglas<\/strong><\/h4>\n<p>&nbsp;<\/p>\n<p>&nbsp;<\/p>\n<table style=\"width: 100%;border-collapse: collapse;border-style: dashed\" border=\"1\">\n<tbody>\n<tr>\n<td style=\"width: 100%\">\n<h2 style=\"text-align: center\"><strong>Die Gr\u00f6\u00dfe der Sonnenbrille<\/strong><\/h2>\n<\/td>\n<\/tr>\n<\/tbody>\n<\/table>\n<table style=\"width: 100%;border-collapse: collapse;border-style: hidden;margin-left: auto;margin-right: auto\" border=\"1\" cellspacing=\"20\" cellpadding=\"20\">\n<tbody>\n<tr>\n<td style=\"width: 33.3333%;text-align: center\"><strong><img decoding=\"async\" src=\"https:\/\/bazarsalg.dk\/wp-content\/uploads\/bredde.png\" \/><\/strong><\/td>\n<td style=\"width: 33.3333%;text-align: center\"><strong>Breite<\/strong><\/td>\n<td style=\"width: 33.3333%;text-align: center\"><strong>13,6 cm.<\/strong><\/td>\n<\/tr>\n<tr>\n<td style=\"width: 33.3333%;text-align: center\"><strong><img decoding=\"async\" src=\"https:\/\/bazarsalg.dk\/wp-content\/uploads\/hoejde.png\" \/><\/strong><\/td>\n<td style=\"width: 33.3333%;text-align: center\"><strong>H\u00f6he<\/strong><\/td>\n<td style=\"width: 33.3333%;text-align: center\"><strong>5 cm.<\/strong><\/td>\n<\/tr>\n<tr>\n<td style=\"width: 33.3333%;text-align: center\"><strong><img decoding=\"async\" src=\"https:\/\/bazarsalg.dk\/wp-content\/uploads\/stang.png\" \/><\/strong><\/td>\n<td style=\"width: 33.3333%;text-align: center\"><strong>Linsenl\u00e4nge<\/strong><\/td>\n<td style=\"width: 33.3333%;text-align: center\"><strong>13,8 cm.<\/strong><\/td>\n<\/tr>\n<tr>\n<td style=\"width: 33.3333%;text-align: center\"><strong><img decoding=\"async\" src=\"https:\/\/bazarsalg.dk\/wp-content\/uploads\/glas-bredde.png\" \/><\/strong><\/td>\n<td style=\"width: 33.3333%;text-align: center\"><strong>Glasbreite<\/strong><\/td>\n<td style=\"width: 33.3333%;text-align: center\"><strong>5 cm.<\/strong><\/td>\n<\/tr>\n<tr>\n<td style=\"width: 33.3333%;text-align: center\"><strong><img decoding=\"async\" src=\"https:\/\/bazarsalg.dk\/wp-content\/uploads\/bredde-naese.png\" \/><\/strong><\/td>\n<td style=\"width: 33.3333%;text-align: center\"><strong>Raum zwischen Glas<\/strong><\/td>\n<td style=\"width: 33.3333%;text-align: center\"><strong>2 cm.<\/strong><\/td>\n<\/tr>\n<\/tbody>\n<\/table>\n<p>&nbsp;<\/p>\n<p><strong>\u00a0<\/strong><\/p>\n<table style=\"width: 100%;border-collapse: collapse;border-style: hidden;margin-left: auto;margin-right: auto\" border=\"1\" cellspacing=\"50\" cellpadding=\"20\">\n<caption>\u00a0<\/caption>\n<caption>\u00a0<\/caption>\n<tbody>\n<tr>\n<td style=\"width: 25%;text-align: center\"><img decoding=\"async\" class=\"aligncenter\" src=\"https:\/\/bazarsalg.dk\/wp-content\/uploads\/UV.png\" \/><\/td>\n<td style=\"width: 25%;text-align: center\"><img decoding=\"async\" src=\"https:\/\/bazarsalg.dk\/wp-content\/uploads\/ce.png\" \/><\/td>\n<td style=\"width: 25%;text-align: center\"><img decoding=\"async\" src=\"https:\/\/bazarsalg.dk\/wp-content\/uploads\/box.png\" \/><\/td>\n<\/tr>\n<tr>\n<td style=\"width: 25%;text-align: center\"><strong>Die Sonnenbrille verf\u00fcgt \u00fcber einen UV400-Schutz<\/strong><\/p>\n<p>Blockiert 99 bis 100 Prozent aller UVA- und UVB-Strahlen und sch\u00fctzt Ihre Augen vor Sonnenstrahlen.<\/td>\n<td style=\"width: 25%;text-align: center\"><strong>CE-gepr\u00fcft <\/strong><\/p>\n<p>Die Sonnenbrille erf\u00fcllt alle gesetzlichen Anforderungen in der EU, wodurch gew\u00e4hrleistet ist, dass Ihre Sonnenbrille gepr\u00fcft und zugelassen ist.<\/td>\n<td style=\"width: 25%;text-align: center\"><strong>Wird in einem Karton verschickt, damit sie nicht kaputt gehen <\/strong><\/p>\n<p>Wir verpacken Sonnenbrillen immer sicher, damit sie in gutem Zustand bei Ihnen ankommen.<\/td>\n<\/tr>\n<\/tbody>\n<\/table>","protected":false},"excerpt":{"rendered":"<p><strong>Blaues Spiegelglas mit extra kr\u00e4ftigen Farben (Premium-Spiegelglas)<\/strong><br \/>\n<strong>Mattschwarze Gummioberfl\u00e4che<\/strong><br \/>\n<strong>Flexst\u00e4be f\u00fcr optimale Passform<\/strong><\/p>\n<p>CE-gepr\u00fcft<br \/>\nUV400-Schutz<\/p>","protected":false},"featured_media":12301,"comment_status":"open","ping_status":"closed","template":"","meta":{"om_disable_all_campaigns":false,"_monsterinsights_skip_tracking":false,"_monsterinsights_sitenote_active":false,"_monsterinsights_sitenote_note":"","_monsterinsights_sitenote_category":0},"product_brand":[],"product_cat":[1026,1029,1025,1037],"product_tag":[870,769],"class_list":{"0":"post-12302","1":"product","2":"type-product","3":"status-publish","4":"has-post-thumbnail","6":"product_cat-dame-solbriller","7":"product_cat-herre-solbriller","8":"product_cat-billige-solbriller","9":"product_cat-wayfarer","10":"product_tag-p693","11":"product_tag-ph4131","13":"first","14":"instock","15":"shipping-taxable","16":"purchasable","17":"product-type-simple"},"yoast_head":"<!-- This site is optimized with the Yoast SEO plugin v27.2 - https:\/\/yoast.com\/product\/yoast-seo-wordpress\/ -->\n<title>Matsorte Wayfarer solbriller med gummi coating | Bl\u00e5 spejlglas | K\u00f8b online her | LOCS<\/title>\n<meta name=\"description\" content=\"K\u00f8b Matsorte Wayfarer solbriller med gummi coating | Bl\u00e5 spejlglas her | EU&#039;s st\u00f8rste udvalg af LOCS solbriller | Vi sender fra EU - Ingen ekstra import udgifter\" \/>\n<meta name=\"robots\" content=\"index, follow, max-snippet:-1, max-image-preview:large, max-video-preview:-1\" \/>\n<link rel=\"canonical\" href=\"https:\/\/locsshop.eu\/de\/shop\/matsorte-wayfarer-solbriller-med-gummi-coating-blaa-spejlglas\/\" \/>\n<meta property=\"og:locale\" content=\"de_DE\" \/>\n<meta property=\"og:type\" content=\"article\" \/>\n<meta property=\"og:title\" content=\"Matsorte Wayfarer solbriller med gummi coating | Bl\u00e5 spejlglas | K\u00f8b online her | LOCS\" \/>\n<meta property=\"og:description\" content=\"K\u00f8b Matsorte Wayfarer solbriller med gummi coating | Bl\u00e5 spejlglas her | EU&#039;s st\u00f8rste udvalg af LOCS solbriller | Vi sender fra EU - Ingen ekstra import udgifter\" \/>\n<meta property=\"og:url\" content=\"https:\/\/locsshop.eu\/de\/shop\/matsorte-wayfarer-solbriller-med-gummi-coating-blaa-spejlglas\/\" \/>\n<meta property=\"og:site_name\" content=\"Locs Sunglasses - LOCS Supplier in EU\" \/>\n<meta property=\"article:modified_time\" content=\"2025-05-20T00:23:54+00:00\" \/>\n<meta property=\"og:image\" content=\"https:\/\/locsshop.eu\/wp-content\/uploads\/2024\/03\/BM2057D-BE.jpg\" \/>\n\t<meta property=\"og:image:width\" content=\"800\" \/>\n\t<meta property=\"og:image:height\" content=\"800\" \/>\n\t<meta property=\"og:image:type\" content=\"image\/jpeg\" \/>\n<meta name=\"twitter:card\" content=\"summary_large_image\" \/>\n<meta name=\"twitter:label1\" content=\"Gesch\u00e4tzte Lesezeit\" \/>\n\t<meta name=\"twitter:data1\" content=\"1\u00a0Minute\" \/>\n<script type=\"application\/ld+json\" class=\"yoast-schema-graph\">{\"@context\":\"https:\/\/schema.org\",\"@graph\":[{\"@type\":\"WebPage\",\"@id\":\"https:\/\/locsshop.eu\/shop\/matsorte-wayfarer-solbriller-med-gummi-coating-blaa-spejlglas\/\",\"url\":\"https:\/\/locsshop.eu\/shop\/matsorte-wayfarer-solbriller-med-gummi-coating-blaa-spejlglas\/\",\"name\":\"Matsorte Wayfarer solbriller med gummi coating | Bl\u00e5 spejlglas | K\u00f8b online her | LOCS\",\"isPartOf\":{\"@id\":\"https:\/\/locsshop.eu\/#website\"},\"primaryImageOfPage\":{\"@id\":\"https:\/\/locsshop.eu\/shop\/matsorte-wayfarer-solbriller-med-gummi-coating-blaa-spejlglas\/#primaryimage\"},\"image\":{\"@id\":\"https:\/\/locsshop.eu\/shop\/matsorte-wayfarer-solbriller-med-gummi-coating-blaa-spejlglas\/#primaryimage\"},\"thumbnailUrl\":\"https:\/\/locsshop.eu\/wp-content\/uploads\/2024\/03\/BM2057D-BE.jpg\",\"datePublished\":\"2024-03-21T16:15:48+00:00\",\"dateModified\":\"2025-05-20T00:23:54+00:00\",\"description\":\"K\u00f8b Matsorte Wayfarer solbriller med gummi coating | Bl\u00e5 spejlglas her | EU's st\u00f8rste udvalg af LOCS solbriller | Vi sender fra EU - Ingen ekstra import udgifter\",\"breadcrumb\":{\"@id\":\"https:\/\/locsshop.eu\/shop\/matsorte-wayfarer-solbriller-med-gummi-coating-blaa-spejlglas\/#breadcrumb\"},\"inLanguage\":\"de\",\"potentialAction\":[{\"@type\":\"ReadAction\",\"target\":[\"https:\/\/locsshop.eu\/shop\/matsorte-wayfarer-solbriller-med-gummi-coating-blaa-spejlglas\/\"]}]},{\"@type\":\"ImageObject\",\"inLanguage\":\"de\",\"@id\":\"https:\/\/locsshop.eu\/shop\/matsorte-wayfarer-solbriller-med-gummi-coating-blaa-spejlglas\/#primaryimage\",\"url\":\"https:\/\/locsshop.eu\/wp-content\/uploads\/2024\/03\/BM2057D-BE.jpg\",\"contentUrl\":\"https:\/\/locsshop.eu\/wp-content\/uploads\/2024\/03\/BM2057D-BE.jpg\",\"width\":800,\"height\":800},{\"@type\":\"BreadcrumbList\",\"@id\":\"https:\/\/locsshop.eu\/shop\/matsorte-wayfarer-solbriller-med-gummi-coating-blaa-spejlglas\/#breadcrumb\",\"itemListElement\":[{\"@type\":\"ListItem\",\"position\":1,\"name\":\"Hjem\",\"item\":\"https:\/\/locsshop.eu\/\"},{\"@type\":\"ListItem\",\"position\":2,\"name\":\"Shop\",\"item\":\"https:\/\/locsshop.eu\/shop\/\"},{\"@type\":\"ListItem\",\"position\":3,\"name\":\"Matsorte Wayfarer solbriller med gummi coating | Bl\u00e5 spejlglas\"}]},{\"@type\":\"WebSite\",\"@id\":\"https:\/\/locsshop.eu\/#website\",\"url\":\"https:\/\/locsshop.eu\/\",\"name\":\"Locs Sunglasses - LOCS Supplier in EU\",\"description\":\"We sell cheap LOCS Sunglasses\",\"publisher\":{\"@id\":\"https:\/\/locsshop.eu\/#organization\"},\"potentialAction\":[{\"@type\":\"SearchAction\",\"target\":{\"@type\":\"EntryPoint\",\"urlTemplate\":\"https:\/\/locsshop.eu\/?s={search_term_string}\"},\"query-input\":{\"@type\":\"PropertyValueSpecification\",\"valueRequired\":true,\"valueName\":\"search_term_string\"}}],\"inLanguage\":\"de\"},{\"@type\":\"Organization\",\"@id\":\"https:\/\/locsshop.eu\/#organization\",\"name\":\"Locsshop.eu\",\"url\":\"https:\/\/locsshop.eu\/\",\"logo\":{\"@type\":\"ImageObject\",\"inLanguage\":\"de\",\"@id\":\"https:\/\/locsshop.eu\/#\/schema\/logo\/image\/\",\"url\":\"https:\/\/locsshop.eu\/wp-content\/uploads\/2022\/02\/Locsshop-logo.png\",\"contentUrl\":\"https:\/\/locsshop.eu\/wp-content\/uploads\/2022\/02\/Locsshop-logo.png\",\"width\":930,\"height\":200,\"caption\":\"Locsshop.eu\"},\"image\":{\"@id\":\"https:\/\/locsshop.eu\/#\/schema\/logo\/image\/\"}}]}<\/script>\n<!-- \/ Yoast SEO plugin. -->","yoast_head_json":{"title":"Mattschwarze Wayfarer-Sonnenbrille mit Gummibeschichtung | Blaugr\u00fcnes Spiegelglas | Hier online kaufen | LOCS","description":"Kaufen Sie mattschwarze Wayfarer-Sonnenbrille mit Gummibeschichtung | Blaugr\u00fcnes Spiegelglas hier | Die gr\u00f6\u00dfte Auswahl an LOCS-Sonnenbrillen in der EU | Wir versenden aus der EU \u2013 keine zus\u00e4tzlichen Importkosten","robots":{"index":"index","follow":"follow","max-snippet":"max-snippet:-1","max-image-preview":"max-image-preview:large","max-video-preview":"max-video-preview:-1"},"canonical":"https:\/\/locsshop.eu\/de\/shop\/matsorte-wayfarer-solbriller-med-gummi-coating-blaa-spejlglas\/","og_locale":"de_DE","og_type":"article","og_title":"Matsorte Wayfarer solbriller med gummi coating | Bl\u00e5 spejlglas | K\u00f8b online her | LOCS","og_description":"K\u00f8b Matsorte Wayfarer solbriller med gummi coating | Bl\u00e5 spejlglas her | EU's st\u00f8rste udvalg af LOCS solbriller | Vi sender fra EU - Ingen ekstra import udgifter","og_url":"https:\/\/locsshop.eu\/de\/shop\/matsorte-wayfarer-solbriller-med-gummi-coating-blaa-spejlglas\/","og_site_name":"Locs Sunglasses - LOCS Supplier in EU","article_modified_time":"2025-05-20T00:23:54+00:00","og_image":[{"width":800,"height":800,"url":"https:\/\/locsshop.eu\/wp-content\/uploads\/2024\/03\/BM2057D-BE.jpg","type":"image\/jpeg"}],"twitter_card":"summary_large_image","twitter_misc":{"Gesch\u00e4tzte Lesezeit":"1\u00a0Minute"},"schema":{"@context":"https:\/\/schema.org","@graph":[{"@type":"WebPage","@id":"https:\/\/locsshop.eu\/shop\/matsorte-wayfarer-solbriller-med-gummi-coating-blaa-spejlglas\/","url":"https:\/\/locsshop.eu\/shop\/matsorte-wayfarer-solbriller-med-gummi-coating-blaa-spejlglas\/","name":"Mattschwarze Wayfarer-Sonnenbrille mit Gummibeschichtung | Blaugr\u00fcnes Spiegelglas | Hier online kaufen | LOCS","isPartOf":{"@id":"https:\/\/locsshop.eu\/#website"},"primaryImageOfPage":{"@id":"https:\/\/locsshop.eu\/shop\/matsorte-wayfarer-solbriller-med-gummi-coating-blaa-spejlglas\/#primaryimage"},"image":{"@id":"https:\/\/locsshop.eu\/shop\/matsorte-wayfarer-solbriller-med-gummi-coating-blaa-spejlglas\/#primaryimage"},"thumbnailUrl":"https:\/\/locsshop.eu\/wp-content\/uploads\/2024\/03\/BM2057D-BE.jpg","datePublished":"2024-03-21T16:15:48+00:00","dateModified":"2025-05-20T00:23:54+00:00","description":"Kaufen Sie mattschwarze Wayfarer-Sonnenbrille mit Gummibeschichtung | Blaugr\u00fcnes Spiegelglas hier | Die gr\u00f6\u00dfte Auswahl an LOCS-Sonnenbrillen in der EU | Wir versenden aus der EU \u2013 keine zus\u00e4tzlichen Importkosten","breadcrumb":{"@id":"https:\/\/locsshop.eu\/shop\/matsorte-wayfarer-solbriller-med-gummi-coating-blaa-spejlglas\/#breadcrumb"},"inLanguage":"de","potentialAction":[{"@type":"ReadAction","target":["https:\/\/locsshop.eu\/shop\/matsorte-wayfarer-solbriller-med-gummi-coating-blaa-spejlglas\/"]}]},{"@type":"ImageObject","inLanguage":"de","@id":"https:\/\/locsshop.eu\/shop\/matsorte-wayfarer-solbriller-med-gummi-coating-blaa-spejlglas\/#primaryimage","url":"https:\/\/locsshop.eu\/wp-content\/uploads\/2024\/03\/BM2057D-BE.jpg","contentUrl":"https:\/\/locsshop.eu\/wp-content\/uploads\/2024\/03\/BM2057D-BE.jpg","width":800,"height":800},{"@type":"BreadcrumbList","@id":"https:\/\/locsshop.eu\/shop\/matsorte-wayfarer-solbriller-med-gummi-coating-blaa-spejlglas\/#breadcrumb","itemListElement":[{"@type":"ListItem","position":1,"name":"Hjem","item":"https:\/\/locsshop.eu\/"},{"@type":"ListItem","position":2,"name":"Shop","item":"https:\/\/locsshop.eu\/shop\/"},{"@type":"ListItem","position":3,"name":"Matsorte Wayfarer solbriller med gummi coating | Bl\u00e5 spejlglas"}]},{"@type":"WebSite","@id":"https:\/\/locsshop.eu\/#website","url":"https:\/\/locsshop.eu\/","name":"Locs Sonnenbrillen \u2013 LOCS-Lieferant in der EU","description":"Wir verkaufen g\u00fcnstige LOCS Sonnenbrillen","publisher":{"@id":"https:\/\/locsshop.eu\/#organization"},"potentialAction":[{"@type":"SearchAction","target":{"@type":"EntryPoint","urlTemplate":"https:\/\/locsshop.eu\/?s={search_term_string}"},"query-input":{"@type":"PropertyValueSpecification","valueRequired":true,"valueName":"search_term_string"}}],"inLanguage":"de"},{"@type":"Organization","@id":"https:\/\/locsshop.eu\/#organization","name":"Locsshop.eu","url":"https:\/\/locsshop.eu\/","logo":{"@type":"ImageObject","inLanguage":"de","@id":"https:\/\/locsshop.eu\/#\/schema\/logo\/image\/","url":"https:\/\/locsshop.eu\/wp-content\/uploads\/2022\/02\/Locsshop-logo.png","contentUrl":"https:\/\/locsshop.eu\/wp-content\/uploads\/2022\/02\/Locsshop-logo.png","width":930,"height":200,"caption":"Locsshop.eu"},"image":{"@id":"https:\/\/locsshop.eu\/#\/schema\/logo\/image\/"}}]}},"_links":{"self":[{"href":"https:\/\/locsshop.eu\/de\/wp-json\/wp\/v2\/product\/12302","targetHints":{"allow":["GET"]}}],"collection":[{"href":"https:\/\/locsshop.eu\/de\/wp-json\/wp\/v2\/product"}],"about":[{"href":"https:\/\/locsshop.eu\/de\/wp-json\/wp\/v2\/types\/product"}],"replies":[{"embeddable":true,"href":"https:\/\/locsshop.eu\/de\/wp-json\/wp\/v2\/comments?post=12302"}],"wp:featuredmedia":[{"embeddable":true,"href":"https:\/\/locsshop.eu\/de\/wp-json\/wp\/v2\/media\/12301"}],"wp:attachment":[{"href":"https:\/\/locsshop.eu\/de\/wp-json\/wp\/v2\/media?parent=12302"}],"wp:term":[{"taxonomy":"product_brand","embeddable":true,"href":"https:\/\/locsshop.eu\/de\/wp-json\/wp\/v2\/product_brand?post=12302"},{"taxonomy":"product_cat","embeddable":true,"href":"https:\/\/locsshop.eu\/de\/wp-json\/wp\/v2\/product_cat?post=12302"},{"taxonomy":"product_tag","embeddable":true,"href":"https:\/\/locsshop.eu\/de\/wp-json\/wp\/v2\/product_tag?post=12302"}],"curies":[{"name":"wp","href":"https:\/\/api.w.org\/{rel}","templated":true}]}}