{"id":12625,"date":"2024-04-16T13:10:39","date_gmt":"2024-04-16T11:10:39","guid":{"rendered":"https:\/\/locsshop.eu\/shop\/lille-multi-skruetraekker-til-solbriller-og-briller\/"},"modified":"2026-04-29T15:53:50","modified_gmt":"2026-04-29T13:53:50","slug":"lille-multi-skruetraekker-til-solbriller-og-briller","status":"publish","type":"product","link":"https:\/\/locsshop.eu\/de\/shop\/lille-multi-skruetraekker-til-solbriller-og-briller\/","title":{"rendered":"Kleiner Multi-Schraubendreher \u2013 F\u00fcr Sonnenbrillen und Brillen"},"content":{"rendered":"<h2>Superpfiffiger kleiner Schraubendreher zum Reparieren und Anziehen von Schrauben.<\/h2>\n<p>Dieser clevere kleine Schraubendreher ist perfekt, wenn Sie der Meinung sind, dass Ihre Stangen etwas fester sein sollten oder wenn sich eine Schraube gel\u00f6st hat.<\/p>\n<p>Mit dem intelligenten Schraubendreher k\u00f6nnen Sie Ihre Schrauben ganz einfach festziehen, wenn Sie feststellen, dass sie locker sind, bevor die Schraube vollst\u00e4ndig ausbrennt.<br \/>\nDie Schrauben an Sonnenbrillen k\u00f6nnen mit der Zeit etwas locker werden und daher ist ein kleiner Schraubenzieher einfach ein unverzichtbares Werkzeug und eine perfekte Anschaffung f\u00fcr Sie, die Wert darauf legen, dass Ihre Sonnenbrille in einwandfreiem Zustand ist.<br \/>\nEs verf\u00fcgt sowohl \u00fcber einen geraden, gekerbten als auch einen Sternkopf (Phillips), sodass Sie alle Arten von Schrauben festziehen k\u00f6nnen.<\/p>\n<p>Kaufen Sie jetzt Ihren Schraubendreher<\/p>","protected":false},"excerpt":{"rendered":"<p><b>Kleiner, intelligenter Multi-Schraubendreher<\/b><\/p>\n<p>Perfekt f\u00fcr Brillen und Sonnenbrillen<\/p>","protected":false},"featured_media":12620,"comment_status":"open","ping_status":"closed","template":"","meta":{"om_disable_all_campaigns":false,"_monsterinsights_skip_tracking":false,"_monsterinsights_sitenote_active":false,"_monsterinsights_sitenote_note":"","_monsterinsights_sitenote_category":0},"product_brand":[],"product_cat":[1041],"product_tag":[1084],"class_list":{"0":"post-12625","1":"product","2":"type-product","3":"status-publish","4":"has-post-thumbnail","6":"product_cat-etuier-tilbehoer","7":"product_tag-skruetraekker","9":"first","10":"instock","11":"shipping-taxable","12":"purchasable","13":"product-type-simple"},"yoast_head":"<!-- This site is optimized with the Yoast SEO plugin v27.5 - https:\/\/yoast.com\/product\/yoast-seo-wordpress\/ -->\n<title>Lille multi skruetr\u00e6kker - Til solbriller og briller | K\u00f8b online her | LOCS<\/title>\n<meta name=\"description\" content=\"K\u00f8b Lille multi skruetr\u00e6kker - Til solbriller og briller her | EU&#039;s st\u00f8rste udvalg af LOCS solbriller | Vi sender fra EU - Ingen ekstra import udgifter\" \/>\n<meta name=\"robots\" content=\"index, follow, max-snippet:-1, max-image-preview:large, max-video-preview:-1\" \/>\n<link rel=\"canonical\" href=\"https:\/\/locsshop.eu\/de\/shop\/lille-multi-skruetraekker-til-solbriller-og-briller\/\" \/>\n<meta property=\"og:locale\" content=\"de_DE\" \/>\n<meta property=\"og:type\" content=\"article\" \/>\n<meta property=\"og:title\" content=\"Lille multi skruetr\u00e6kker - Til solbriller og briller | K\u00f8b online her | LOCS\" \/>\n<meta property=\"og:description\" content=\"K\u00f8b Lille multi skruetr\u00e6kker - Til solbriller og briller her | EU&#039;s st\u00f8rste udvalg af LOCS solbriller | Vi sender fra EU - Ingen ekstra import udgifter\" \/>\n<meta property=\"og:url\" content=\"https:\/\/locsshop.eu\/de\/shop\/lille-multi-skruetraekker-til-solbriller-og-briller\/\" \/>\n<meta property=\"og:site_name\" content=\"Locs Sunglasses - LOCS Supplier in EU\" \/>\n<meta property=\"article:modified_time\" content=\"2026-04-29T13:53:50+00:00\" \/>\n<meta property=\"og:image\" content=\"https:\/\/locsshop.eu\/wp-content\/uploads\/2024\/04\/Solbrille-skruetraekker.jpg\" \/>\n\t<meta property=\"og:image:width\" content=\"800\" \/>\n\t<meta property=\"og:image:height\" content=\"800\" \/>\n\t<meta property=\"og:image:type\" content=\"image\/jpeg\" \/>\n<meta name=\"twitter:card\" content=\"summary_large_image\" \/>\n<meta name=\"twitter:label1\" content=\"Gesch\u00e4tzte Lesezeit\" \/>\n\t<meta name=\"twitter:data1\" content=\"1\u00a0Minute\" \/>\n<script type=\"application\/ld+json\" class=\"yoast-schema-graph\">{\"@context\":\"https:\\\/\\\/schema.org\",\"@graph\":[{\"@type\":\"WebPage\",\"@id\":\"https:\\\/\\\/locsshop.eu\\\/shop\\\/lille-multi-skruetraekker-til-solbriller-og-briller\\\/\",\"url\":\"https:\\\/\\\/locsshop.eu\\\/shop\\\/lille-multi-skruetraekker-til-solbriller-og-briller\\\/\",\"name\":\"Lille multi skruetr\u00e6kker - Til solbriller og briller | K\u00f8b online her | LOCS\",\"isPartOf\":{\"@id\":\"https:\\\/\\\/locsshop.eu\\\/#website\"},\"primaryImageOfPage\":{\"@id\":\"https:\\\/\\\/locsshop.eu\\\/shop\\\/lille-multi-skruetraekker-til-solbriller-og-briller\\\/#primaryimage\"},\"image\":{\"@id\":\"https:\\\/\\\/locsshop.eu\\\/shop\\\/lille-multi-skruetraekker-til-solbriller-og-briller\\\/#primaryimage\"},\"thumbnailUrl\":\"https:\\\/\\\/locsshop.eu\\\/wp-content\\\/uploads\\\/2024\\\/04\\\/Solbrille-skruetraekker.jpg\",\"datePublished\":\"2024-04-16T11:10:39+00:00\",\"dateModified\":\"2026-04-29T13:53:50+00:00\",\"description\":\"K\u00f8b Lille multi skruetr\u00e6kker - Til solbriller og briller her | EU's st\u00f8rste udvalg af LOCS solbriller | Vi sender fra EU - Ingen ekstra import udgifter\",\"breadcrumb\":{\"@id\":\"https:\\\/\\\/locsshop.eu\\\/shop\\\/lille-multi-skruetraekker-til-solbriller-og-briller\\\/#breadcrumb\"},\"inLanguage\":\"de\",\"potentialAction\":[{\"@type\":\"ReadAction\",\"target\":[\"https:\\\/\\\/locsshop.eu\\\/shop\\\/lille-multi-skruetraekker-til-solbriller-og-briller\\\/\"]}]},{\"@type\":\"ImageObject\",\"inLanguage\":\"de\",\"@id\":\"https:\\\/\\\/locsshop.eu\\\/shop\\\/lille-multi-skruetraekker-til-solbriller-og-briller\\\/#primaryimage\",\"url\":\"https:\\\/\\\/locsshop.eu\\\/wp-content\\\/uploads\\\/2024\\\/04\\\/Solbrille-skruetraekker.jpg\",\"contentUrl\":\"https:\\\/\\\/locsshop.eu\\\/wp-content\\\/uploads\\\/2024\\\/04\\\/Solbrille-skruetraekker.jpg\",\"width\":800,\"height\":800},{\"@type\":\"BreadcrumbList\",\"@id\":\"https:\\\/\\\/locsshop.eu\\\/shop\\\/lille-multi-skruetraekker-til-solbriller-og-briller\\\/#breadcrumb\",\"itemListElement\":[{\"@type\":\"ListItem\",\"position\":1,\"name\":\"Hjem\",\"item\":\"https:\\\/\\\/locsshop.eu\\\/\"},{\"@type\":\"ListItem\",\"position\":2,\"name\":\"Shop\",\"item\":\"https:\\\/\\\/locsshop.eu\\\/shop\\\/\"},{\"@type\":\"ListItem\",\"position\":3,\"name\":\"Lille multi skruetr\u00e6kker &#8211; Til solbriller og briller\"}]},{\"@type\":\"WebSite\",\"@id\":\"https:\\\/\\\/locsshop.eu\\\/#website\",\"url\":\"https:\\\/\\\/locsshop.eu\\\/\",\"name\":\"Locs Sunglasses - LOCS Supplier in EU\",\"description\":\"We sell cheap LOCS Sunglasses\",\"publisher\":{\"@id\":\"https:\\\/\\\/locsshop.eu\\\/#organization\"},\"potentialAction\":[{\"@type\":\"SearchAction\",\"target\":{\"@type\":\"EntryPoint\",\"urlTemplate\":\"https:\\\/\\\/locsshop.eu\\\/?s={search_term_string}\"},\"query-input\":{\"@type\":\"PropertyValueSpecification\",\"valueRequired\":true,\"valueName\":\"search_term_string\"}}],\"inLanguage\":\"de\"},{\"@type\":\"Organization\",\"@id\":\"https:\\\/\\\/locsshop.eu\\\/#organization\",\"name\":\"Locsshop.eu\",\"url\":\"https:\\\/\\\/locsshop.eu\\\/\",\"logo\":{\"@type\":\"ImageObject\",\"inLanguage\":\"de\",\"@id\":\"https:\\\/\\\/locsshop.eu\\\/#\\\/schema\\\/logo\\\/image\\\/\",\"url\":\"https:\\\/\\\/locsshop.eu\\\/wp-content\\\/uploads\\\/2022\\\/02\\\/Locsshop-logo.png\",\"contentUrl\":\"https:\\\/\\\/locsshop.eu\\\/wp-content\\\/uploads\\\/2022\\\/02\\\/Locsshop-logo.png\",\"width\":930,\"height\":200,\"caption\":\"Locsshop.eu\"},\"image\":{\"@id\":\"https:\\\/\\\/locsshop.eu\\\/#\\\/schema\\\/logo\\\/image\\\/\"}}]}<\/script>\n<!-- \/ Yoast SEO plugin. -->","yoast_head_json":{"title":"Kleiner Multi-Schraubendreher - F\u00fcr Sonnenbrillen und Brillen | Hier online kaufen | LOCS","description":"Kaufen Sie hier Kleinen Multi-Schraubendreher - F\u00fcr Sonnenbrillen und Brillen | Die gr\u00f6\u00dfte Auswahl an LOCS-Sonnenbrillen in der EU | Wir versenden aus der EU \u2013 keine zus\u00e4tzlichen Importkosten","robots":{"index":"index","follow":"follow","max-snippet":"max-snippet:-1","max-image-preview":"max-image-preview:large","max-video-preview":"max-video-preview:-1"},"canonical":"https:\/\/locsshop.eu\/de\/shop\/lille-multi-skruetraekker-til-solbriller-og-briller\/","og_locale":"de_DE","og_type":"article","og_title":"Lille multi skruetr\u00e6kker - Til solbriller og briller | K\u00f8b online her | LOCS","og_description":"K\u00f8b Lille multi skruetr\u00e6kker - Til solbriller og briller her | EU's st\u00f8rste udvalg af LOCS solbriller | Vi sender fra EU - Ingen ekstra import udgifter","og_url":"https:\/\/locsshop.eu\/de\/shop\/lille-multi-skruetraekker-til-solbriller-og-briller\/","og_site_name":"Locs Sunglasses - LOCS Supplier in EU","article_modified_time":"2026-04-29T13:53:50+00:00","og_image":[{"width":800,"height":800,"url":"https:\/\/locsshop.eu\/wp-content\/uploads\/2024\/04\/Solbrille-skruetraekker.jpg","type":"image\/jpeg"}],"twitter_card":"summary_large_image","twitter_misc":{"Gesch\u00e4tzte Lesezeit":"1\u00a0Minute"},"schema":{"@context":"https:\/\/schema.org","@graph":[{"@type":"WebPage","@id":"https:\/\/locsshop.eu\/shop\/lille-multi-skruetraekker-til-solbriller-og-briller\/","url":"https:\/\/locsshop.eu\/shop\/lille-multi-skruetraekker-til-solbriller-og-briller\/","name":"Kleiner Multi-Schraubendreher - F\u00fcr Sonnenbrillen und Brillen | Hier online kaufen | LOCS","isPartOf":{"@id":"https:\/\/locsshop.eu\/#website"},"primaryImageOfPage":{"@id":"https:\/\/locsshop.eu\/shop\/lille-multi-skruetraekker-til-solbriller-og-briller\/#primaryimage"},"image":{"@id":"https:\/\/locsshop.eu\/shop\/lille-multi-skruetraekker-til-solbriller-og-briller\/#primaryimage"},"thumbnailUrl":"https:\/\/locsshop.eu\/wp-content\/uploads\/2024\/04\/Solbrille-skruetraekker.jpg","datePublished":"2024-04-16T11:10:39+00:00","dateModified":"2026-04-29T13:53:50+00:00","description":"Kaufen Sie hier Kleinen Multi-Schraubendreher - F\u00fcr Sonnenbrillen und Brillen | Die gr\u00f6\u00dfte Auswahl an LOCS-Sonnenbrillen in der EU | Wir versenden aus der EU \u2013 keine zus\u00e4tzlichen Importkosten","breadcrumb":{"@id":"https:\/\/locsshop.eu\/shop\/lille-multi-skruetraekker-til-solbriller-og-briller\/#breadcrumb"},"inLanguage":"de","potentialAction":[{"@type":"ReadAction","target":["https:\/\/locsshop.eu\/shop\/lille-multi-skruetraekker-til-solbriller-og-briller\/"]}]},{"@type":"ImageObject","inLanguage":"de","@id":"https:\/\/locsshop.eu\/shop\/lille-multi-skruetraekker-til-solbriller-og-briller\/#primaryimage","url":"https:\/\/locsshop.eu\/wp-content\/uploads\/2024\/04\/Solbrille-skruetraekker.jpg","contentUrl":"https:\/\/locsshop.eu\/wp-content\/uploads\/2024\/04\/Solbrille-skruetraekker.jpg","width":800,"height":800},{"@type":"BreadcrumbList","@id":"https:\/\/locsshop.eu\/shop\/lille-multi-skruetraekker-til-solbriller-og-briller\/#breadcrumb","itemListElement":[{"@type":"ListItem","position":1,"name":"Hjem","item":"https:\/\/locsshop.eu\/"},{"@type":"ListItem","position":2,"name":"Shop","item":"https:\/\/locsshop.eu\/shop\/"},{"@type":"ListItem","position":3,"name":"Lille multi skruetr\u00e6kker &#8211; Til solbriller og briller"}]},{"@type":"WebSite","@id":"https:\/\/locsshop.eu\/#website","url":"https:\/\/locsshop.eu\/","name":"Locs Sonnenbrillen \u2013 LOCS-Lieferant in der EU","description":"Wir verkaufen g\u00fcnstige LOCS Sonnenbrillen","publisher":{"@id":"https:\/\/locsshop.eu\/#organization"},"potentialAction":[{"@type":"SearchAction","target":{"@type":"EntryPoint","urlTemplate":"https:\/\/locsshop.eu\/?s={search_term_string}"},"query-input":{"@type":"PropertyValueSpecification","valueRequired":true,"valueName":"search_term_string"}}],"inLanguage":"de"},{"@type":"Organization","@id":"https:\/\/locsshop.eu\/#organization","name":"Locsshop.eu","url":"https:\/\/locsshop.eu\/","logo":{"@type":"ImageObject","inLanguage":"de","@id":"https:\/\/locsshop.eu\/#\/schema\/logo\/image\/","url":"https:\/\/locsshop.eu\/wp-content\/uploads\/2022\/02\/Locsshop-logo.png","contentUrl":"https:\/\/locsshop.eu\/wp-content\/uploads\/2022\/02\/Locsshop-logo.png","width":930,"height":200,"caption":"Locsshop.eu"},"image":{"@id":"https:\/\/locsshop.eu\/#\/schema\/logo\/image\/"}}]}},"_links":{"self":[{"href":"https:\/\/locsshop.eu\/de\/wp-json\/wp\/v2\/product\/12625","targetHints":{"allow":["GET"]}}],"collection":[{"href":"https:\/\/locsshop.eu\/de\/wp-json\/wp\/v2\/product"}],"about":[{"href":"https:\/\/locsshop.eu\/de\/wp-json\/wp\/v2\/types\/product"}],"replies":[{"embeddable":true,"href":"https:\/\/locsshop.eu\/de\/wp-json\/wp\/v2\/comments?post=12625"}],"wp:featuredmedia":[{"embeddable":true,"href":"https:\/\/locsshop.eu\/de\/wp-json\/wp\/v2\/media\/12620"}],"wp:attachment":[{"href":"https:\/\/locsshop.eu\/de\/wp-json\/wp\/v2\/media?parent=12625"}],"wp:term":[{"taxonomy":"product_brand","embeddable":true,"href":"https:\/\/locsshop.eu\/de\/wp-json\/wp\/v2\/product_brand?post=12625"},{"taxonomy":"product_cat","embeddable":true,"href":"https:\/\/locsshop.eu\/de\/wp-json\/wp\/v2\/product_cat?post=12625"},{"taxonomy":"product_tag","embeddable":true,"href":"https:\/\/locsshop.eu\/de\/wp-json\/wp\/v2\/product_tag?post=12625"}],"curies":[{"name":"wp","href":"https:\/\/api.w.org\/{rel}","templated":true}]}}