{"id":12675,"date":"2024-04-24T09:48:55","date_gmt":"2024-04-24T07:48:55","guid":{"rendered":"https:\/\/locsshop.eu\/shop\/sorte-sport-champ-solbriller-hurtigbriller-med-blaagroenne-spejlglas\/"},"modified":"2025-06-20T12:27:17","modified_gmt":"2025-06-20T10:27:17","slug":"sorte-sport-champ-solbriller-hurtigbriller-med-blaagroenne-spejlglas","status":"publish","type":"product","link":"https:\/\/locsshop.eu\/de\/shop\/sorte-sport-champ-solbriller-hurtigbriller-med-blaagroenne-spejlglas\/","title":{"rendered":"Schwarze Sport Champ Sonnenbrille \/ Speedbrille mit blaugr\u00fcnen Spiegelgl\u00e4sern"},"content":{"rendered":"<h2><strong>Super coole Sportsonnenbrille AKA. Speedbrille im mega coolen Design.<br \/>\nAbsolut h\u00f6chste Mode und die richtige Sonnenbrille f\u00fcr den Moment.<\/strong><\/h2>\n<p>&nbsp;<\/p>\n<p><strong>Optimale Leistung mit unserer Sport-Sonnenbrille \u2013 perfekte Sicht, wohin Sie auch gehen!<\/strong><br \/>\nMachen Sie sich bereit, Ihre Leistung mit unserer hochwertigen Sport-Sonnenbrille auf ein neues Niveau zu heben. Ganz gleich, ob Sie Profisportler oder begeisterter Sportler sind oder einfach nur Outdoor-Aktivit\u00e4ten lieben: Unsere Sonnenbrillen bieten die ultimative Kombination aus Stil, Schutz und Leistung.<\/p>\n<p><strong>Warum sich unsere Sport-Sonnenbrillen von anderen abheben:<\/strong><\/p>\n<ol>\n<li><strong>Erweiterter Schutz:<\/strong> Sch\u00fctzen Sie Ihre Augen mit unserer fortschrittlichen Sportsonnenbrille vor sch\u00e4dlichen UV-Strahlen, Wind, Staub und Insekten. Wir legen gro\u00dfen Wert auf die Sicherheit und Gesundheit Ihrer Augen, damit Sie sich ungest\u00f6rt auf Ihre Leistung konzentrieren k\u00f6nnen.<\/li>\n<li><strong>Langlebige Konstruktion:<\/strong> Wir wissen, wie wichtig Haltbarkeit bei Sportger\u00e4ten ist. Unsere Sonnenbrillen bestehen aus langlebigen Materialien und einem leichten Design, das Ihnen den ganzen Tag \u00fcber Komfort und Zuverl\u00e4ssigkeit bietet.<\/li>\n<li><strong>Stylistisches Aussehen:<\/strong> Unsere Sportsonnenbrillen bieten nicht nur Spitzenleistungen, sondern sind auch stilvoll und modern gestaltet. Unabh\u00e4ngig von Ihrem Stil und Ihren Vorlieben haben wir Sonnenbrillen, die zu Ihrer Pers\u00f6nlichkeit passen und Ihnen beim Training oder in der Freizeit einen scharfen Look verleihen.<\/li>\n<\/ol>\n<p><strong>Warum sollten Sie sich f\u00fcr unsere Sport-Sonnenbrillen entscheiden?<\/strong><\/p>\n<ul>\n<li><strong>Verbesserte Sicht:<\/strong> Optimieren Sie Ihre Leistung mit scharfer Sicht und reduzierter Blendung.<\/li>\n<li><strong>Schutz:<\/strong> Sicherheit geht vor \u2013 sch\u00fctzen Sie Ihre Augen vor den sch\u00e4dlichen Strahlen der Sonne und \u00e4u\u00dferen Einfl\u00fcssen.<\/li>\n<li><strong>Komfort:<\/strong> Das leichte Design und die verstellbaren Funktionen sorgen den ganzen Tag \u00fcber f\u00fcr einen bequemen Sitz.<\/li>\n<li><strong>Stil:<\/strong> Sehen Sie cool aus mit unserer stilvollen Sportsonnenbrille, die zu Ihrem aktiven Lebensstil passt.<\/li>\n<\/ul>\n<p>Bringen Sie Ihr Training und Ihre Outdoor-Abenteuer mit unserer Sport-Sonnenbrille auf die n\u00e4chste Stufe. Erleben Sie die perfekte Kombination aus Stil, Schutz und Leistung und machen Sie sich bereit, die Welt in einem ganz neuen Licht zu sehen!<\/p>\n<p>&nbsp;<\/p>\n<h4>Material: <strong>Kunststoff und Polycarbonatglas<\/strong><\/h4>\n<p>&nbsp;<\/p>\n<h3>Die Sonnenbrille ist das ganze Jahr \u00fcber super cool und super trendy.<br \/>\nSchutzbrillen \u2013 Fahrradsonnenbrillen \u2013 Segelbrillen \u2013 Motorradsonnenbrillen<\/h3>\n<p>&nbsp;<\/p>\n<p>&nbsp;<\/p>\n<table style=\"width: 100%;border-collapse: collapse;border-style: dashed\" border=\"1\">\n<tbody>\n<tr>\n<td style=\"width: 100%\">\n<h2 style=\"text-align: center\"><strong>Die Gr\u00f6\u00dfe der Sonnenbrille<\/strong><\/h2>\n<\/td>\n<\/tr>\n<\/tbody>\n<\/table>\n<table style=\"width: 100%;border-collapse: collapse;border-style: hidden;margin-left: auto;margin-right: auto\" border=\"1\" cellspacing=\"20\" cellpadding=\"20\">\n<tbody>\n<tr>\n<td style=\"width: 33.3333%;text-align: center\"><strong><img decoding=\"async\" src=\"https:\/\/bazarsalg.dk\/wp-content\/uploads\/bredde.png\" \/><\/strong><\/td>\n<td style=\"width: 33.3333%;text-align: center\"><strong>Breite<\/strong><\/td>\n<td style=\"width: 33.3333%;text-align: center\"><strong>13,9 cm.<\/strong><\/td>\n<\/tr>\n<tr>\n<td style=\"width: 33.3333%;text-align: center\"><strong><img decoding=\"async\" src=\"https:\/\/bazarsalg.dk\/wp-content\/uploads\/hoejde.png\" \/><\/strong><\/td>\n<td style=\"width: 33.3333%;text-align: center\"><strong>H\u00f6he<\/strong><\/td>\n<td style=\"width: 33.3333%;text-align: center\"><strong>6,2 cm.<\/strong><\/td>\n<\/tr>\n<tr>\n<td style=\"width: 33.3333%;text-align: center\"><strong><img decoding=\"async\" src=\"https:\/\/bazarsalg.dk\/wp-content\/uploads\/stang.png\" \/><\/strong><\/td>\n<td style=\"width: 33.3333%;text-align: center\"><strong>Linsenl\u00e4nge<\/strong><\/td>\n<td style=\"width: 33.3333%;text-align: center\"><strong>14,4 cm.<\/strong><\/td>\n<\/tr>\n<tr>\n<td style=\"width: 33.3333%;text-align: center\"><strong><img decoding=\"async\" src=\"https:\/\/bazarsalg.dk\/wp-content\/uploads\/glas-bredde.png\" \/><\/strong><\/td>\n<td style=\"width: 33.3333%;text-align: center\"><strong>Glasbreite<\/strong><\/td>\n<td style=\"width: 33.3333%;text-align: center\"><strong>13,3 cm.<\/strong><\/td>\n<\/tr>\n<tr>\n<td style=\"width: 33.3333%;text-align: center\"><strong><img decoding=\"async\" src=\"https:\/\/bazarsalg.dk\/wp-content\/uploads\/bredde-naese.png\" \/><\/strong><\/td>\n<td style=\"width: 33.3333%;text-align: center\"><strong>Raum zwischen Glas<\/strong><\/td>\n<td style=\"width: 33.3333%;text-align: center\"><strong>1 cm.<\/strong><\/td>\n<\/tr>\n<\/tbody>\n<\/table>\n<p>&nbsp;<\/p>\n<p><strong>\u00a0<\/strong><\/p>\n<table style=\"width: 100%;border-collapse: collapse;border-style: hidden;margin-left: auto;margin-right: auto\" border=\"1\" cellspacing=\"50\" cellpadding=\"20\">\n<caption>\u00a0<\/caption>\n<caption>\u00a0<\/caption>\n<tbody>\n<tr>\n<td style=\"width: 25%;text-align: center\"><img decoding=\"async\" class=\"aligncenter\" src=\"https:\/\/bazarsalg.dk\/wp-content\/uploads\/UV.png\" \/><\/td>\n<td style=\"width: 25%;text-align: center\"><img decoding=\"async\" src=\"https:\/\/bazarsalg.dk\/wp-content\/uploads\/ce.png\" \/><\/td>\n<td style=\"width: 25%;text-align: center\"><img decoding=\"async\" src=\"https:\/\/bazarsalg.dk\/wp-content\/uploads\/box.png\" \/><\/td>\n<\/tr>\n<tr>\n<td style=\"width: 25%;text-align: center\"><strong>Die Sonnenbrille verf\u00fcgt \u00fcber einen UV400-Schutz<\/strong><\/p>\n<p>Blockiert 99 bis 100 Prozent aller UVA- und UVB-Strahlen und sch\u00fctzt Ihre Augen vor Sonnenstrahlen.<\/td>\n<td style=\"width: 25%;text-align: center\"><strong>CE-gepr\u00fcft <\/strong><\/p>\n<p>Die Sonnenbrille erf\u00fcllt alle gesetzlichen Anforderungen in der EU, wodurch gew\u00e4hrleistet ist, dass Ihre Sonnenbrille gepr\u00fcft und zugelassen ist.<\/td>\n<td style=\"width: 25%;text-align: center\"><strong>Wird in einem Karton verschickt, damit sie nicht kaputt gehen <\/strong><\/p>\n<p>Wir verpacken Sonnenbrillen immer sicher, damit sie in gutem Zustand bei Ihnen ankommen.<\/td>\n<\/tr>\n<\/tbody>\n<\/table>","protected":false},"excerpt":{"rendered":"<p><b>Spiegelglas in Blau- und Gr\u00fcnt\u00f6nen<br \/>\nSchwarzer, mattierter Rahmen<br \/>\nGummi-Nasenb\u00fcgel, damit sie fest an Ort und Stelle bleiben<br \/>\nEine der schnellsten Quick-Brillen<br \/>\nPerfekt f\u00fcr Festivals und Konzerte<br \/>\nGut f\u00fcr den Sport<\/b><\/p>\n<p>&nbsp;<\/p>\n<p><em>CE-gepr\u00fcft<\/em><br \/>\n<em>UV400-Schutz<\/em><\/p>","protected":false},"featured_media":12674,"comment_status":"open","ping_status":"closed","template":"","meta":{"om_disable_all_campaigns":false,"_monsterinsights_skip_tracking":false,"_monsterinsights_sitenote_active":false,"_monsterinsights_sitenote_note":"","_monsterinsights_sitenote_category":0},"product_brand":[],"product_cat":[1026,1029,1025,1046,1546],"product_tag":[1547,1548,870],"class_list":{"0":"post-12675","1":"product","2":"type-product","3":"status-publish","4":"has-post-thumbnail","6":"product_cat-dame-solbriller","7":"product_cat-herre-solbriller","8":"product_cat-billige-solbriller","9":"product_cat-cykelbriller","10":"product_cat-hurtigbriller","11":"product_tag-cykelsolbriller","12":"product_tag-hurtigbriller","13":"product_tag-p693","15":"first","16":"outofstock","17":"shipping-taxable","18":"purchasable","19":"product-type-simple"},"yoast_head":"<!-- This site is optimized with the Yoast SEO plugin v27.5 - https:\/\/yoast.com\/product\/yoast-seo-wordpress\/ -->\n<title>Sorte Sport Champ solbriller \/ hurtigbriller med bl\u00e5gr\u00f8nne spejlglas | K\u00f8b online her | LOCS<\/title>\n<meta name=\"description\" content=\"K\u00f8b Sorte Sport Champ solbriller \/ hurtigbriller med bl\u00e5gr\u00f8nne spejlglas her | EU&#039;s st\u00f8rste udvalg af LOCS solbriller | Vi sender fra EU - Ingen ekstra import udgifter\" \/>\n<meta name=\"robots\" content=\"index, follow, max-snippet:-1, max-image-preview:large, max-video-preview:-1\" \/>\n<link rel=\"canonical\" href=\"https:\/\/locsshop.eu\/de\/shop\/sorte-sport-champ-solbriller-hurtigbriller-med-blaagroenne-spejlglas\/\" \/>\n<meta property=\"og:locale\" content=\"de_DE\" \/>\n<meta property=\"og:type\" content=\"article\" \/>\n<meta property=\"og:title\" content=\"Sorte Sport Champ solbriller \/ hurtigbriller med bl\u00e5gr\u00f8nne spejlglas | K\u00f8b online her | LOCS\" \/>\n<meta property=\"og:description\" content=\"K\u00f8b Sorte Sport Champ solbriller \/ hurtigbriller med bl\u00e5gr\u00f8nne spejlglas her | EU&#039;s st\u00f8rste udvalg af LOCS solbriller | Vi sender fra EU - Ingen ekstra import udgifter\" \/>\n<meta property=\"og:url\" content=\"https:\/\/locsshop.eu\/de\/shop\/sorte-sport-champ-solbriller-hurtigbriller-med-blaagroenne-spejlglas\/\" \/>\n<meta property=\"og:site_name\" content=\"Locs Sunglasses - LOCS Supplier in EU\" \/>\n<meta property=\"article:modified_time\" content=\"2025-06-20T10:27:17+00:00\" \/>\n<meta property=\"og:image\" content=\"https:\/\/locsshop.eu\/wp-content\/uploads\/2024\/04\/20-201BKBEGNMR.jpg\" \/>\n\t<meta property=\"og:image:width\" content=\"800\" \/>\n\t<meta property=\"og:image:height\" content=\"800\" \/>\n\t<meta property=\"og:image:type\" content=\"image\/jpeg\" \/>\n<meta name=\"twitter:card\" content=\"summary_large_image\" \/>\n<meta name=\"twitter:label1\" content=\"Gesch\u00e4tzte Lesezeit\" \/>\n\t<meta name=\"twitter:data1\" content=\"2\u00a0Minuten\" \/>\n<script type=\"application\/ld+json\" class=\"yoast-schema-graph\">{\"@context\":\"https:\\\/\\\/schema.org\",\"@graph\":[{\"@type\":\"WebPage\",\"@id\":\"https:\\\/\\\/locsshop.eu\\\/shop\\\/sorte-sport-champ-solbriller-hurtigbriller-med-blaagroenne-spejlglas\\\/\",\"url\":\"https:\\\/\\\/locsshop.eu\\\/shop\\\/sorte-sport-champ-solbriller-hurtigbriller-med-blaagroenne-spejlglas\\\/\",\"name\":\"Sorte Sport Champ solbriller \\\/ hurtigbriller med bl\u00e5gr\u00f8nne spejlglas | K\u00f8b online her | LOCS\",\"isPartOf\":{\"@id\":\"https:\\\/\\\/locsshop.eu\\\/#website\"},\"primaryImageOfPage\":{\"@id\":\"https:\\\/\\\/locsshop.eu\\\/shop\\\/sorte-sport-champ-solbriller-hurtigbriller-med-blaagroenne-spejlglas\\\/#primaryimage\"},\"image\":{\"@id\":\"https:\\\/\\\/locsshop.eu\\\/shop\\\/sorte-sport-champ-solbriller-hurtigbriller-med-blaagroenne-spejlglas\\\/#primaryimage\"},\"thumbnailUrl\":\"https:\\\/\\\/locsshop.eu\\\/wp-content\\\/uploads\\\/2024\\\/04\\\/20-201BKBEGNMR.jpg\",\"datePublished\":\"2024-04-24T07:48:55+00:00\",\"dateModified\":\"2025-06-20T10:27:17+00:00\",\"description\":\"K\u00f8b Sorte Sport Champ solbriller \\\/ hurtigbriller med bl\u00e5gr\u00f8nne spejlglas her | EU's st\u00f8rste udvalg af LOCS solbriller | Vi sender fra EU - Ingen ekstra import udgifter\",\"breadcrumb\":{\"@id\":\"https:\\\/\\\/locsshop.eu\\\/shop\\\/sorte-sport-champ-solbriller-hurtigbriller-med-blaagroenne-spejlglas\\\/#breadcrumb\"},\"inLanguage\":\"de\",\"potentialAction\":[{\"@type\":\"ReadAction\",\"target\":[\"https:\\\/\\\/locsshop.eu\\\/shop\\\/sorte-sport-champ-solbriller-hurtigbriller-med-blaagroenne-spejlglas\\\/\"]}]},{\"@type\":\"ImageObject\",\"inLanguage\":\"de\",\"@id\":\"https:\\\/\\\/locsshop.eu\\\/shop\\\/sorte-sport-champ-solbriller-hurtigbriller-med-blaagroenne-spejlglas\\\/#primaryimage\",\"url\":\"https:\\\/\\\/locsshop.eu\\\/wp-content\\\/uploads\\\/2024\\\/04\\\/20-201BKBEGNMR.jpg\",\"contentUrl\":\"https:\\\/\\\/locsshop.eu\\\/wp-content\\\/uploads\\\/2024\\\/04\\\/20-201BKBEGNMR.jpg\",\"width\":800,\"height\":800},{\"@type\":\"BreadcrumbList\",\"@id\":\"https:\\\/\\\/locsshop.eu\\\/shop\\\/sorte-sport-champ-solbriller-hurtigbriller-med-blaagroenne-spejlglas\\\/#breadcrumb\",\"itemListElement\":[{\"@type\":\"ListItem\",\"position\":1,\"name\":\"Hjem\",\"item\":\"https:\\\/\\\/locsshop.eu\\\/\"},{\"@type\":\"ListItem\",\"position\":2,\"name\":\"Shop\",\"item\":\"https:\\\/\\\/locsshop.eu\\\/shop\\\/\"},{\"@type\":\"ListItem\",\"position\":3,\"name\":\"Sorte Sport Champ solbriller \\\/ hurtigbriller med bl\u00e5gr\u00f8nne spejlglas\"}]},{\"@type\":\"WebSite\",\"@id\":\"https:\\\/\\\/locsshop.eu\\\/#website\",\"url\":\"https:\\\/\\\/locsshop.eu\\\/\",\"name\":\"Locs Sunglasses - LOCS Supplier in EU\",\"description\":\"We sell cheap LOCS Sunglasses\",\"publisher\":{\"@id\":\"https:\\\/\\\/locsshop.eu\\\/#organization\"},\"potentialAction\":[{\"@type\":\"SearchAction\",\"target\":{\"@type\":\"EntryPoint\",\"urlTemplate\":\"https:\\\/\\\/locsshop.eu\\\/?s={search_term_string}\"},\"query-input\":{\"@type\":\"PropertyValueSpecification\",\"valueRequired\":true,\"valueName\":\"search_term_string\"}}],\"inLanguage\":\"de\"},{\"@type\":\"Organization\",\"@id\":\"https:\\\/\\\/locsshop.eu\\\/#organization\",\"name\":\"Locsshop.eu\",\"url\":\"https:\\\/\\\/locsshop.eu\\\/\",\"logo\":{\"@type\":\"ImageObject\",\"inLanguage\":\"de\",\"@id\":\"https:\\\/\\\/locsshop.eu\\\/#\\\/schema\\\/logo\\\/image\\\/\",\"url\":\"https:\\\/\\\/locsshop.eu\\\/wp-content\\\/uploads\\\/2022\\\/02\\\/Locsshop-logo.png\",\"contentUrl\":\"https:\\\/\\\/locsshop.eu\\\/wp-content\\\/uploads\\\/2022\\\/02\\\/Locsshop-logo.png\",\"width\":930,\"height\":200,\"caption\":\"Locsshop.eu\"},\"image\":{\"@id\":\"https:\\\/\\\/locsshop.eu\\\/#\\\/schema\\\/logo\\\/image\\\/\"}}]}<\/script>\n<!-- \/ Yoast SEO plugin. -->","yoast_head_json":{"title":"Schwarze Sport Champ-Sonnenbrille \/ Speed-Brille mit blaugr\u00fcnen verspiegelten Gl\u00e4sern | Hier online kaufen | LOCS","description":"Kaufen Sie hier eine schwarze Sport Champ-Sonnenbrille \/ Speed-Brille mit blauen Spiegelgl\u00e4sern | Die gr\u00f6\u00dfte Auswahl an LOCS-Sonnenbrillen in der EU | Wir versenden aus der EU \u2013 keine zus\u00e4tzlichen Importkosten","robots":{"index":"index","follow":"follow","max-snippet":"max-snippet:-1","max-image-preview":"max-image-preview:large","max-video-preview":"max-video-preview:-1"},"canonical":"https:\/\/locsshop.eu\/de\/shop\/sorte-sport-champ-solbriller-hurtigbriller-med-blaagroenne-spejlglas\/","og_locale":"de_DE","og_type":"article","og_title":"Sorte Sport Champ solbriller \/ hurtigbriller med bl\u00e5gr\u00f8nne spejlglas | K\u00f8b online her | LOCS","og_description":"K\u00f8b Sorte Sport Champ solbriller \/ hurtigbriller med bl\u00e5gr\u00f8nne spejlglas her | EU's st\u00f8rste udvalg af LOCS solbriller | Vi sender fra EU - Ingen ekstra import udgifter","og_url":"https:\/\/locsshop.eu\/de\/shop\/sorte-sport-champ-solbriller-hurtigbriller-med-blaagroenne-spejlglas\/","og_site_name":"Locs Sunglasses - LOCS Supplier in EU","article_modified_time":"2025-06-20T10:27:17+00:00","og_image":[{"width":800,"height":800,"url":"https:\/\/locsshop.eu\/wp-content\/uploads\/2024\/04\/20-201BKBEGNMR.jpg","type":"image\/jpeg"}],"twitter_card":"summary_large_image","twitter_misc":{"Gesch\u00e4tzte Lesezeit":"2\u00a0Minuten"},"schema":{"@context":"https:\/\/schema.org","@graph":[{"@type":"WebPage","@id":"https:\/\/locsshop.eu\/shop\/sorte-sport-champ-solbriller-hurtigbriller-med-blaagroenne-spejlglas\/","url":"https:\/\/locsshop.eu\/shop\/sorte-sport-champ-solbriller-hurtigbriller-med-blaagroenne-spejlglas\/","name":"Schwarze Sport Champ-Sonnenbrille \/ Speed-Brille mit blaugr\u00fcnen verspiegelten Gl\u00e4sern | Hier online kaufen | LOCS","isPartOf":{"@id":"https:\/\/locsshop.eu\/#website"},"primaryImageOfPage":{"@id":"https:\/\/locsshop.eu\/shop\/sorte-sport-champ-solbriller-hurtigbriller-med-blaagroenne-spejlglas\/#primaryimage"},"image":{"@id":"https:\/\/locsshop.eu\/shop\/sorte-sport-champ-solbriller-hurtigbriller-med-blaagroenne-spejlglas\/#primaryimage"},"thumbnailUrl":"https:\/\/locsshop.eu\/wp-content\/uploads\/2024\/04\/20-201BKBEGNMR.jpg","datePublished":"2024-04-24T07:48:55+00:00","dateModified":"2025-06-20T10:27:17+00:00","description":"Kaufen Sie hier eine schwarze Sport Champ-Sonnenbrille \/ Speed-Brille mit blauen Spiegelgl\u00e4sern | Die gr\u00f6\u00dfte Auswahl an LOCS-Sonnenbrillen in der EU | Wir versenden aus der EU \u2013 keine zus\u00e4tzlichen Importkosten","breadcrumb":{"@id":"https:\/\/locsshop.eu\/shop\/sorte-sport-champ-solbriller-hurtigbriller-med-blaagroenne-spejlglas\/#breadcrumb"},"inLanguage":"de","potentialAction":[{"@type":"ReadAction","target":["https:\/\/locsshop.eu\/shop\/sorte-sport-champ-solbriller-hurtigbriller-med-blaagroenne-spejlglas\/"]}]},{"@type":"ImageObject","inLanguage":"de","@id":"https:\/\/locsshop.eu\/shop\/sorte-sport-champ-solbriller-hurtigbriller-med-blaagroenne-spejlglas\/#primaryimage","url":"https:\/\/locsshop.eu\/wp-content\/uploads\/2024\/04\/20-201BKBEGNMR.jpg","contentUrl":"https:\/\/locsshop.eu\/wp-content\/uploads\/2024\/04\/20-201BKBEGNMR.jpg","width":800,"height":800},{"@type":"BreadcrumbList","@id":"https:\/\/locsshop.eu\/shop\/sorte-sport-champ-solbriller-hurtigbriller-med-blaagroenne-spejlglas\/#breadcrumb","itemListElement":[{"@type":"ListItem","position":1,"name":"Hjem","item":"https:\/\/locsshop.eu\/"},{"@type":"ListItem","position":2,"name":"Shop","item":"https:\/\/locsshop.eu\/shop\/"},{"@type":"ListItem","position":3,"name":"Sorte Sport Champ solbriller \/ hurtigbriller med bl\u00e5gr\u00f8nne spejlglas"}]},{"@type":"WebSite","@id":"https:\/\/locsshop.eu\/#website","url":"https:\/\/locsshop.eu\/","name":"Locs Sonnenbrillen \u2013 LOCS-Lieferant in der EU","description":"Wir verkaufen g\u00fcnstige LOCS Sonnenbrillen","publisher":{"@id":"https:\/\/locsshop.eu\/#organization"},"potentialAction":[{"@type":"SearchAction","target":{"@type":"EntryPoint","urlTemplate":"https:\/\/locsshop.eu\/?s={search_term_string}"},"query-input":{"@type":"PropertyValueSpecification","valueRequired":true,"valueName":"search_term_string"}}],"inLanguage":"de"},{"@type":"Organization","@id":"https:\/\/locsshop.eu\/#organization","name":"Locsshop.eu","url":"https:\/\/locsshop.eu\/","logo":{"@type":"ImageObject","inLanguage":"de","@id":"https:\/\/locsshop.eu\/#\/schema\/logo\/image\/","url":"https:\/\/locsshop.eu\/wp-content\/uploads\/2022\/02\/Locsshop-logo.png","contentUrl":"https:\/\/locsshop.eu\/wp-content\/uploads\/2022\/02\/Locsshop-logo.png","width":930,"height":200,"caption":"Locsshop.eu"},"image":{"@id":"https:\/\/locsshop.eu\/#\/schema\/logo\/image\/"}}]}},"_links":{"self":[{"href":"https:\/\/locsshop.eu\/de\/wp-json\/wp\/v2\/product\/12675","targetHints":{"allow":["GET"]}}],"collection":[{"href":"https:\/\/locsshop.eu\/de\/wp-json\/wp\/v2\/product"}],"about":[{"href":"https:\/\/locsshop.eu\/de\/wp-json\/wp\/v2\/types\/product"}],"replies":[{"embeddable":true,"href":"https:\/\/locsshop.eu\/de\/wp-json\/wp\/v2\/comments?post=12675"}],"wp:featuredmedia":[{"embeddable":true,"href":"https:\/\/locsshop.eu\/de\/wp-json\/wp\/v2\/media\/12674"}],"wp:attachment":[{"href":"https:\/\/locsshop.eu\/de\/wp-json\/wp\/v2\/media?parent=12675"}],"wp:term":[{"taxonomy":"product_brand","embeddable":true,"href":"https:\/\/locsshop.eu\/de\/wp-json\/wp\/v2\/product_brand?post=12675"},{"taxonomy":"product_cat","embeddable":true,"href":"https:\/\/locsshop.eu\/de\/wp-json\/wp\/v2\/product_cat?post=12675"},{"taxonomy":"product_tag","embeddable":true,"href":"https:\/\/locsshop.eu\/de\/wp-json\/wp\/v2\/product_tag?post=12675"}],"curies":[{"name":"wp","href":"https:\/\/api.w.org\/{rel}","templated":true}]}}