{"id":12887,"date":"2024-05-25T12:05:37","date_gmt":"2024-05-25T10:05:37","guid":{"rendered":"https:\/\/locsshop.eu\/shop\/frosty-transparent-solbriller-med-hvide-staenger-harderwijk-blaagroenne-spejlglas\/"},"modified":"2026-04-06T07:17:53","modified_gmt":"2026-04-06T05:17:53","slug":"frosty-transparent-solbriller-med-hvide-staenger-harderwijk-blaagroenne-spejlglas","status":"publish","type":"product","link":"https:\/\/locsshop.eu\/de\/shop\/frosty-transparent-solbriller-med-hvide-staenger-harderwijk-blaagroenne-spejlglas\/","title":{"rendered":"Frostige transparente Sonnenbrille mit wei\u00dfen B\u00fcgeln \u2013 Harderwijk | blaugr\u00fcnes Spiegelglas"},"content":{"rendered":"<h2><b>Super coole matte Sonnenbrille im Wayfarer-Stil, die zu allen Gelegenheiten passt.<br \/>\nWenn Sie coole Wayfarer-Sonnenbrillen m\u00f6gen, sind diese genau das Richtige f\u00fcr Sie!<\/b><\/h2>\n<p>Der coole matte Rahmen, dessen Vorderseite frosttransparent ist und die St\u00e4be eine k\u00f6stliche wei\u00dfe Farbe haben, sowie die coolen Spiegelgl\u00e4ser machen diese Sonnenbrille einzigartig, trendig und genau das, was Sie in Ihrer Sonnenbrillenkollektion vermisst haben.<\/p>\n<p>Wenn Sie Sonnenbrillen m\u00f6gen, die auffallen und bei deren Design auf einen coolen Look geachtet wurde, dann haben Sie die richtige Sonnenbrille f\u00fcr sich oder einen geliebten Menschen gefunden.<br \/>\nSie k\u00f6nnen diese Sonnenbrille sowohl im Alltag als auch zu festlichen Anl\u00e4ssen verwenden und sie passt zu allen Outfits.<br \/>\nLegen Sie diese also unbedingt in Ihren Warenkorb, bevor sie ausverkauft sind<\/p>\n<p>&nbsp;<\/p>\n<h4>Material: <strong>Kunststoff und Polycarbonatglas<\/strong><\/h4>\n<p>&nbsp;<\/p>\n<h3>Die Sonnenbrille ist das ganze Jahr \u00fcber super cool und super trendy.<\/h3>\n<p>&nbsp;<\/p>\n<table style=\"width: 100%;border-collapse: collapse;border-style: dashed\" border=\"1\">\n<tbody>\n<tr>\n<td style=\"width: 100%\">\n<h2 style=\"text-align: center\"><strong>Die Gr\u00f6\u00dfe der Sonnenbrille<\/strong><\/h2>\n<\/td>\n<\/tr>\n<\/tbody>\n<\/table>\n<table style=\"width: 100%;border-collapse: collapse;border-style: hidden;margin-left: auto;margin-right: auto\" border=\"1\" cellspacing=\"20\" cellpadding=\"20\">\n<tbody>\n<tr>\n<td style=\"width: 33.3333%;text-align: center\"><strong><img decoding=\"async\" src=\"https:\/\/bazarsalg.dk\/wp-content\/uploads\/bredde.png\" \/><\/strong><\/td>\n<td style=\"width: 33.3333%;text-align: center\"><strong>Innenbreite<\/strong><\/td>\n<td style=\"width: 33.3333%;text-align: center\"><strong>13,6 cm.<\/strong><\/td>\n<\/tr>\n<tr>\n<td style=\"width: 33.3333%;text-align: center\"><strong><img decoding=\"async\" src=\"https:\/\/bazarsalg.dk\/wp-content\/uploads\/hoejde.png\" \/><\/strong><\/td>\n<td style=\"width: 33.3333%;text-align: center\"><strong>H\u00f6he<\/strong><\/td>\n<td style=\"width: 33.3333%;text-align: center\"><strong>5 cm.<\/strong><\/td>\n<\/tr>\n<tr>\n<td style=\"width: 33.3333%;text-align: center\"><strong><img decoding=\"async\" src=\"https:\/\/bazarsalg.dk\/wp-content\/uploads\/stang.png\" \/><\/strong><\/td>\n<td style=\"width: 33.3333%;text-align: center\"><strong>Linsenl\u00e4nge<\/strong><\/td>\n<td style=\"width: 33.3333%;text-align: center\"><strong>13,4 cm.<\/strong><\/td>\n<\/tr>\n<tr>\n<td style=\"width: 33.3333%;text-align: center\"><strong><img decoding=\"async\" src=\"https:\/\/bazarsalg.dk\/wp-content\/uploads\/glas-bredde.png\" \/><\/strong><\/td>\n<td style=\"width: 33.3333%;text-align: center\"><strong>Glasbreite<\/strong><\/td>\n<td style=\"width: 33.3333%;text-align: center\"><strong>6 cm.<\/strong><\/td>\n<\/tr>\n<tr>\n<td style=\"width: 33.3333%;text-align: center\"><strong><img decoding=\"async\" src=\"https:\/\/bazarsalg.dk\/wp-content\/uploads\/bredde-naese.png\" \/><\/strong><\/td>\n<td style=\"width: 33.3333%;text-align: center\"><strong>Raum zwischen Glas<\/strong><\/td>\n<td style=\"width: 33.3333%;text-align: center\"><strong>1,5 cm.<\/strong><\/td>\n<\/tr>\n<\/tbody>\n<\/table>\n<p>&nbsp;<\/p>\n<p><strong>\u00a0<\/strong><\/p>\n<table style=\"width: 100%;border-collapse: collapse;border-style: hidden;margin-left: auto;margin-right: auto\" border=\"1\" cellspacing=\"50\" cellpadding=\"20\">\n<caption>\u00a0<\/caption>\n<caption>\u00a0<\/caption>\n<tbody>\n<tr>\n<td style=\"width: 25%;text-align: center\"><img decoding=\"async\" class=\"aligncenter\" src=\"https:\/\/bazarsalg.dk\/wp-content\/uploads\/UV.png\" \/><\/td>\n<td style=\"width: 25%;text-align: center\"><img decoding=\"async\" src=\"https:\/\/bazarsalg.dk\/wp-content\/uploads\/ce.png\" \/><\/td>\n<td style=\"width: 25%;text-align: center\"><img decoding=\"async\" src=\"https:\/\/bazarsalg.dk\/wp-content\/uploads\/box.png\" \/><\/td>\n<\/tr>\n<tr>\n<td style=\"width: 25%;text-align: center\"><strong>Die Sonnenbrille verf\u00fcgt \u00fcber einen UV400-Schutz<\/strong><\/p>\n<p>Blockiert 99 bis 100 Prozent aller UVA- und UVB-Strahlen und sch\u00fctzt Ihre Augen vor Sonnenstrahlen.<\/td>\n<td style=\"width: 25%;text-align: center\"><strong>CE-gepr\u00fcft <\/strong><\/p>\n<p>Die Sonnenbrille erf\u00fcllt alle gesetzlichen Anforderungen in der EU, wodurch gew\u00e4hrleistet ist, dass Ihre Sonnenbrille gepr\u00fcft und zugelassen ist.<\/td>\n<td style=\"width: 25%;text-align: center\"><strong>Wird in einem Karton verschickt, damit sie nicht kaputt gehen <\/strong><\/p>\n<p>Wir verpacken Sonnenbrillen immer sicher, damit sie in gutem Zustand bei Ihnen ankommen.<\/td>\n<\/tr>\n<\/tbody>\n<\/table>","protected":false},"excerpt":{"rendered":"<p><b>Wundersch\u00f6nes buntes Spiegelglas<br \/>\nMatter Rahmen im Wayfarer-Stil<br \/>\nFrostige transparente Vorderseite<br \/>\nWei\u00dfe Balken<br \/>\nPerfekt f\u00fcr den t\u00e4glichen Gebrauch, auf Festivals, im Garten und f\u00fcr alle Gelegenheiten<\/b><\/p>\n<p><em>CE-gepr\u00fcft<\/em><br \/>\n<em>UV400-Schutz<\/em><\/p>","protected":false},"featured_media":12885,"comment_status":"open","ping_status":"closed","template":"","meta":{"om_disable_all_campaigns":false,"_monsterinsights_skip_tracking":false,"_monsterinsights_sitenote_active":false,"_monsterinsights_sitenote_note":"","_monsterinsights_sitenote_category":0},"product_brand":[],"product_cat":[1026,1029,1027,1047,1025,1037],"product_tag":[870,525],"class_list":{"0":"post-12887","1":"product","2":"type-product","3":"status-publish","4":"has-post-thumbnail","6":"product_cat-dame-solbriller","7":"product_cat-herre-solbriller","8":"product_cat-andre-dame-solbriller","9":"product_cat-andre-herre-solbriller","10":"product_cat-billige-solbriller","11":"product_cat-wayfarer","12":"product_tag-p693","13":"product_tag-transparent","15":"first","16":"outofstock","17":"shipping-taxable","18":"purchasable","19":"product-type-simple"},"yoast_head":"<!-- This site is optimized with the Yoast SEO plugin v27.5 - https:\/\/yoast.com\/product\/yoast-seo-wordpress\/ -->\n<title>Frosty transparent solbriller med hvide st\u00e6nger - Harderwijk | bl\u00e5gr\u00f8nne Spejlglas | K\u00f8b online her | LOCS<\/title>\n<meta name=\"description\" content=\"K\u00f8b Frosty transparent solbriller med hvide st\u00e6nger - Harderwijk | bl\u00e5gr\u00f8nne Spejlglas her | EU&#039;s st\u00f8rste udvalg af LOCS solbriller | Vi sender fra EU - Ingen ekstra import udgifter\" \/>\n<meta name=\"robots\" content=\"index, follow, max-snippet:-1, max-image-preview:large, max-video-preview:-1\" \/>\n<link rel=\"canonical\" href=\"https:\/\/locsshop.eu\/de\/shop\/frosty-transparent-solbriller-med-hvide-staenger-harderwijk-blaagroenne-spejlglas\/\" \/>\n<meta property=\"og:locale\" content=\"de_DE\" \/>\n<meta property=\"og:type\" content=\"article\" \/>\n<meta property=\"og:title\" content=\"Frosty transparent solbriller med hvide st\u00e6nger - Harderwijk | bl\u00e5gr\u00f8nne Spejlglas | K\u00f8b online her | LOCS\" \/>\n<meta property=\"og:description\" content=\"K\u00f8b Frosty transparent solbriller med hvide st\u00e6nger - Harderwijk | bl\u00e5gr\u00f8nne Spejlglas her | EU&#039;s st\u00f8rste udvalg af LOCS solbriller | Vi sender fra EU - Ingen ekstra import udgifter\" \/>\n<meta property=\"og:url\" content=\"https:\/\/locsshop.eu\/de\/shop\/frosty-transparent-solbriller-med-hvide-staenger-harderwijk-blaagroenne-spejlglas\/\" \/>\n<meta property=\"og:site_name\" content=\"Locs Sunglasses - LOCS Supplier in EU\" \/>\n<meta property=\"article:modified_time\" content=\"2026-04-06T05:17:53+00:00\" \/>\n<meta property=\"og:image\" content=\"https:\/\/locsshop.eu\/wp-content\/uploads\/2024\/05\/3876-g3.jpg\" \/>\n\t<meta property=\"og:image:width\" content=\"800\" \/>\n\t<meta property=\"og:image:height\" content=\"800\" \/>\n\t<meta property=\"og:image:type\" content=\"image\/jpeg\" \/>\n<meta name=\"twitter:card\" content=\"summary_large_image\" \/>\n<meta name=\"twitter:label1\" content=\"Gesch\u00e4tzte Lesezeit\" \/>\n\t<meta name=\"twitter:data1\" content=\"1\u00a0Minute\" \/>\n<script type=\"application\/ld+json\" class=\"yoast-schema-graph\">{\"@context\":\"https:\\\/\\\/schema.org\",\"@graph\":[{\"@type\":\"WebPage\",\"@id\":\"https:\\\/\\\/locsshop.eu\\\/shop\\\/frosty-transparent-solbriller-med-hvide-staenger-harderwijk-blaagroenne-spejlglas\\\/\",\"url\":\"https:\\\/\\\/locsshop.eu\\\/shop\\\/frosty-transparent-solbriller-med-hvide-staenger-harderwijk-blaagroenne-spejlglas\\\/\",\"name\":\"Frosty transparent solbriller med hvide st\u00e6nger - Harderwijk | bl\u00e5gr\u00f8nne Spejlglas | K\u00f8b online her | LOCS\",\"isPartOf\":{\"@id\":\"https:\\\/\\\/locsshop.eu\\\/#website\"},\"primaryImageOfPage\":{\"@id\":\"https:\\\/\\\/locsshop.eu\\\/shop\\\/frosty-transparent-solbriller-med-hvide-staenger-harderwijk-blaagroenne-spejlglas\\\/#primaryimage\"},\"image\":{\"@id\":\"https:\\\/\\\/locsshop.eu\\\/shop\\\/frosty-transparent-solbriller-med-hvide-staenger-harderwijk-blaagroenne-spejlglas\\\/#primaryimage\"},\"thumbnailUrl\":\"https:\\\/\\\/locsshop.eu\\\/wp-content\\\/uploads\\\/2024\\\/05\\\/3876-g3.jpg\",\"datePublished\":\"2024-05-25T10:05:37+00:00\",\"dateModified\":\"2026-04-06T05:17:53+00:00\",\"description\":\"K\u00f8b Frosty transparent solbriller med hvide st\u00e6nger - Harderwijk | bl\u00e5gr\u00f8nne Spejlglas her | EU's st\u00f8rste udvalg af LOCS solbriller | Vi sender fra EU - Ingen ekstra import udgifter\",\"breadcrumb\":{\"@id\":\"https:\\\/\\\/locsshop.eu\\\/shop\\\/frosty-transparent-solbriller-med-hvide-staenger-harderwijk-blaagroenne-spejlglas\\\/#breadcrumb\"},\"inLanguage\":\"de\",\"potentialAction\":[{\"@type\":\"ReadAction\",\"target\":[\"https:\\\/\\\/locsshop.eu\\\/shop\\\/frosty-transparent-solbriller-med-hvide-staenger-harderwijk-blaagroenne-spejlglas\\\/\"]}]},{\"@type\":\"ImageObject\",\"inLanguage\":\"de\",\"@id\":\"https:\\\/\\\/locsshop.eu\\\/shop\\\/frosty-transparent-solbriller-med-hvide-staenger-harderwijk-blaagroenne-spejlglas\\\/#primaryimage\",\"url\":\"https:\\\/\\\/locsshop.eu\\\/wp-content\\\/uploads\\\/2024\\\/05\\\/3876-g3.jpg\",\"contentUrl\":\"https:\\\/\\\/locsshop.eu\\\/wp-content\\\/uploads\\\/2024\\\/05\\\/3876-g3.jpg\",\"width\":800,\"height\":800},{\"@type\":\"BreadcrumbList\",\"@id\":\"https:\\\/\\\/locsshop.eu\\\/shop\\\/frosty-transparent-solbriller-med-hvide-staenger-harderwijk-blaagroenne-spejlglas\\\/#breadcrumb\",\"itemListElement\":[{\"@type\":\"ListItem\",\"position\":1,\"name\":\"Hjem\",\"item\":\"https:\\\/\\\/locsshop.eu\\\/\"},{\"@type\":\"ListItem\",\"position\":2,\"name\":\"Shop\",\"item\":\"https:\\\/\\\/locsshop.eu\\\/shop\\\/\"},{\"@type\":\"ListItem\",\"position\":3,\"name\":\"Frosty transparent solbriller med hvide st\u00e6nger &#8211; Harderwijk | bl\u00e5gr\u00f8nne Spejlglas\"}]},{\"@type\":\"WebSite\",\"@id\":\"https:\\\/\\\/locsshop.eu\\\/#website\",\"url\":\"https:\\\/\\\/locsshop.eu\\\/\",\"name\":\"Locs Sunglasses - LOCS Supplier in EU\",\"description\":\"We sell cheap LOCS Sunglasses\",\"publisher\":{\"@id\":\"https:\\\/\\\/locsshop.eu\\\/#organization\"},\"potentialAction\":[{\"@type\":\"SearchAction\",\"target\":{\"@type\":\"EntryPoint\",\"urlTemplate\":\"https:\\\/\\\/locsshop.eu\\\/?s={search_term_string}\"},\"query-input\":{\"@type\":\"PropertyValueSpecification\",\"valueRequired\":true,\"valueName\":\"search_term_string\"}}],\"inLanguage\":\"de\"},{\"@type\":\"Organization\",\"@id\":\"https:\\\/\\\/locsshop.eu\\\/#organization\",\"name\":\"Locsshop.eu\",\"url\":\"https:\\\/\\\/locsshop.eu\\\/\",\"logo\":{\"@type\":\"ImageObject\",\"inLanguage\":\"de\",\"@id\":\"https:\\\/\\\/locsshop.eu\\\/#\\\/schema\\\/logo\\\/image\\\/\",\"url\":\"https:\\\/\\\/locsshop.eu\\\/wp-content\\\/uploads\\\/2022\\\/02\\\/Locsshop-logo.png\",\"contentUrl\":\"https:\\\/\\\/locsshop.eu\\\/wp-content\\\/uploads\\\/2022\\\/02\\\/Locsshop-logo.png\",\"width\":930,\"height\":200,\"caption\":\"Locsshop.eu\"},\"image\":{\"@id\":\"https:\\\/\\\/locsshop.eu\\\/#\\\/schema\\\/logo\\\/image\\\/\"}}]}<\/script>\n<!-- \/ Yoast SEO plugin. -->","yoast_head_json":{"title":"Frostige transparente Sonnenbrille mit wei\u00dfen B\u00fcgeln - Harderwijk | blaugr\u00fcnes Spiegelglas | Hier online kaufen | LOCS","description":"Kaufen Sie Frosty transparente Sonnenbrille mit wei\u00dfen B\u00fcgeln \u2013 Harderwijk | Orangefarbenes Spiegelglas hier | Die gr\u00f6\u00dfte Auswahl an LOCS-Sonnenbrillen in der EU | Wir versenden aus der EU \u2013 keine zus\u00e4tzlichen Importkosten","robots":{"index":"index","follow":"follow","max-snippet":"max-snippet:-1","max-image-preview":"max-image-preview:large","max-video-preview":"max-video-preview:-1"},"canonical":"https:\/\/locsshop.eu\/de\/shop\/frosty-transparent-solbriller-med-hvide-staenger-harderwijk-blaagroenne-spejlglas\/","og_locale":"de_DE","og_type":"article","og_title":"Frosty transparent solbriller med hvide st\u00e6nger - Harderwijk | bl\u00e5gr\u00f8nne Spejlglas | K\u00f8b online her | LOCS","og_description":"K\u00f8b Frosty transparent solbriller med hvide st\u00e6nger - Harderwijk | bl\u00e5gr\u00f8nne Spejlglas her | EU's st\u00f8rste udvalg af LOCS solbriller | Vi sender fra EU - Ingen ekstra import udgifter","og_url":"https:\/\/locsshop.eu\/de\/shop\/frosty-transparent-solbriller-med-hvide-staenger-harderwijk-blaagroenne-spejlglas\/","og_site_name":"Locs Sunglasses - LOCS Supplier in EU","article_modified_time":"2026-04-06T05:17:53+00:00","og_image":[{"width":800,"height":800,"url":"https:\/\/locsshop.eu\/wp-content\/uploads\/2024\/05\/3876-g3.jpg","type":"image\/jpeg"}],"twitter_card":"summary_large_image","twitter_misc":{"Gesch\u00e4tzte Lesezeit":"1\u00a0Minute"},"schema":{"@context":"https:\/\/schema.org","@graph":[{"@type":"WebPage","@id":"https:\/\/locsshop.eu\/shop\/frosty-transparent-solbriller-med-hvide-staenger-harderwijk-blaagroenne-spejlglas\/","url":"https:\/\/locsshop.eu\/shop\/frosty-transparent-solbriller-med-hvide-staenger-harderwijk-blaagroenne-spejlglas\/","name":"Frostige transparente Sonnenbrille mit wei\u00dfen B\u00fcgeln - Harderwijk | blaugr\u00fcnes Spiegelglas | Hier online kaufen | LOCS","isPartOf":{"@id":"https:\/\/locsshop.eu\/#website"},"primaryImageOfPage":{"@id":"https:\/\/locsshop.eu\/shop\/frosty-transparent-solbriller-med-hvide-staenger-harderwijk-blaagroenne-spejlglas\/#primaryimage"},"image":{"@id":"https:\/\/locsshop.eu\/shop\/frosty-transparent-solbriller-med-hvide-staenger-harderwijk-blaagroenne-spejlglas\/#primaryimage"},"thumbnailUrl":"https:\/\/locsshop.eu\/wp-content\/uploads\/2024\/05\/3876-g3.jpg","datePublished":"2024-05-25T10:05:37+00:00","dateModified":"2026-04-06T05:17:53+00:00","description":"Kaufen Sie Frosty transparente Sonnenbrille mit wei\u00dfen B\u00fcgeln \u2013 Harderwijk | Orangefarbenes Spiegelglas hier | Die gr\u00f6\u00dfte Auswahl an LOCS-Sonnenbrillen in der EU | Wir versenden aus der EU \u2013 keine zus\u00e4tzlichen Importkosten","breadcrumb":{"@id":"https:\/\/locsshop.eu\/shop\/frosty-transparent-solbriller-med-hvide-staenger-harderwijk-blaagroenne-spejlglas\/#breadcrumb"},"inLanguage":"de","potentialAction":[{"@type":"ReadAction","target":["https:\/\/locsshop.eu\/shop\/frosty-transparent-solbriller-med-hvide-staenger-harderwijk-blaagroenne-spejlglas\/"]}]},{"@type":"ImageObject","inLanguage":"de","@id":"https:\/\/locsshop.eu\/shop\/frosty-transparent-solbriller-med-hvide-staenger-harderwijk-blaagroenne-spejlglas\/#primaryimage","url":"https:\/\/locsshop.eu\/wp-content\/uploads\/2024\/05\/3876-g3.jpg","contentUrl":"https:\/\/locsshop.eu\/wp-content\/uploads\/2024\/05\/3876-g3.jpg","width":800,"height":800},{"@type":"BreadcrumbList","@id":"https:\/\/locsshop.eu\/shop\/frosty-transparent-solbriller-med-hvide-staenger-harderwijk-blaagroenne-spejlglas\/#breadcrumb","itemListElement":[{"@type":"ListItem","position":1,"name":"Hjem","item":"https:\/\/locsshop.eu\/"},{"@type":"ListItem","position":2,"name":"Shop","item":"https:\/\/locsshop.eu\/shop\/"},{"@type":"ListItem","position":3,"name":"Frosty transparent solbriller med hvide st\u00e6nger &#8211; Harderwijk | bl\u00e5gr\u00f8nne Spejlglas"}]},{"@type":"WebSite","@id":"https:\/\/locsshop.eu\/#website","url":"https:\/\/locsshop.eu\/","name":"Locs Sonnenbrillen \u2013 LOCS-Lieferant in der EU","description":"Wir verkaufen g\u00fcnstige LOCS Sonnenbrillen","publisher":{"@id":"https:\/\/locsshop.eu\/#organization"},"potentialAction":[{"@type":"SearchAction","target":{"@type":"EntryPoint","urlTemplate":"https:\/\/locsshop.eu\/?s={search_term_string}"},"query-input":{"@type":"PropertyValueSpecification","valueRequired":true,"valueName":"search_term_string"}}],"inLanguage":"de"},{"@type":"Organization","@id":"https:\/\/locsshop.eu\/#organization","name":"Locsshop.eu","url":"https:\/\/locsshop.eu\/","logo":{"@type":"ImageObject","inLanguage":"de","@id":"https:\/\/locsshop.eu\/#\/schema\/logo\/image\/","url":"https:\/\/locsshop.eu\/wp-content\/uploads\/2022\/02\/Locsshop-logo.png","contentUrl":"https:\/\/locsshop.eu\/wp-content\/uploads\/2022\/02\/Locsshop-logo.png","width":930,"height":200,"caption":"Locsshop.eu"},"image":{"@id":"https:\/\/locsshop.eu\/#\/schema\/logo\/image\/"}}]}},"_links":{"self":[{"href":"https:\/\/locsshop.eu\/de\/wp-json\/wp\/v2\/product\/12887","targetHints":{"allow":["GET"]}}],"collection":[{"href":"https:\/\/locsshop.eu\/de\/wp-json\/wp\/v2\/product"}],"about":[{"href":"https:\/\/locsshop.eu\/de\/wp-json\/wp\/v2\/types\/product"}],"replies":[{"embeddable":true,"href":"https:\/\/locsshop.eu\/de\/wp-json\/wp\/v2\/comments?post=12887"}],"wp:featuredmedia":[{"embeddable":true,"href":"https:\/\/locsshop.eu\/de\/wp-json\/wp\/v2\/media\/12885"}],"wp:attachment":[{"href":"https:\/\/locsshop.eu\/de\/wp-json\/wp\/v2\/media?parent=12887"}],"wp:term":[{"taxonomy":"product_brand","embeddable":true,"href":"https:\/\/locsshop.eu\/de\/wp-json\/wp\/v2\/product_brand?post=12887"},{"taxonomy":"product_cat","embeddable":true,"href":"https:\/\/locsshop.eu\/de\/wp-json\/wp\/v2\/product_cat?post=12887"},{"taxonomy":"product_tag","embeddable":true,"href":"https:\/\/locsshop.eu\/de\/wp-json\/wp\/v2\/product_tag?post=12887"}],"curies":[{"name":"wp","href":"https:\/\/api.w.org\/{rel}","templated":true}]}}