{"id":13701,"date":"2025-01-27T17:10:49","date_gmt":"2025-01-27T16:10:49","guid":{"rendered":"https:\/\/locsshop.eu\/shop\/upcycled-indiske-silkebukser-med-lommer-model-19\/"},"modified":"2025-04-13T07:11:08","modified_gmt":"2025-04-13T05:11:08","slug":"upcycled-indiske-silkebukser-med-lommer-model-19","status":"publish","type":"product","link":"https:\/\/locsshop.eu\/de\/shop\/upcycled-indiske-silkebukser-med-lommer-model-19\/","title":{"rendered":"Upcycling-Hose aus indischer Seide mit Taschen \u2013 Modell 24"},"content":{"rendered":"<h2><strong>Upcycling-Seidenhosen \u2013 Vom indischen Hochzeitssari zu einzigartigen Kreationen<\/strong><\/h2>\n<p>Verleihen Sie Ihrer Garderobe mit unseren Upcycling-Seidenhosen einen Hauch von Geschichte, Nachhaltigkeit und Luxus. Diese wundersch\u00f6nen Hosen sind aus recycelten indischen Hochzeitssaris gen\u00e4ht, die einst Teil gro\u00dfer Feiern waren. Jeder Sari erz\u00e4hlt eine Geschichte aus Tradition und Kultur und macht jede Hose zu einem absoluten Unikat.<\/p>\n<p>Die weiche, leichte Seide f\u00e4llt wundersch\u00f6n und bietet eine elegante und dennoch entspannte Passform. Beim Design der Hose wurde besonderer Wert auf Komfort gelegt, und sie verf\u00fcgt \u00fcber praktische Taschen, sodass sie sowohl stilvoll als auch funktional ist. Da es sich bei den Materialien um Upcycling handelt, kann es zu kleinen Sch\u00f6nheitsfehlern oder Abweichungen im Stoff kommen \u2013 diese zeugen einfach vom fr\u00fcheren Leben der Saris und tragen zu ihrem besonderen Charme bei.<\/p>\n<p>Wenn Sie sich f\u00fcr diese Hose entscheiden, investieren Sie nicht nur in zeitlose Sch\u00f6nheit, sondern auch in eine nachhaltigere Zukunft, in der vorhandene Materialien ein neues Leben erhalten, anstatt verschwendet zu werden. Jedes Paar ist eine Hommage an indische Handwerkskunst, Recycling und Slow Fashion.<\/p>\n<p>Machen Sie Ihr Outfit mit unseren Hosen aus Upcycling-Seide einzigartig und bedeutungsvoll \u2013 eine Kombination aus Geschichte, Eleganz und verantwortungsvoller Mode.<\/p>\n<p>&nbsp;<\/p>\n<h3><strong>Gr\u00f6\u00dfe:<\/strong><\/h3>\n<p><strong>EINE GR\u00d6SSE<\/strong> (Passt Personen mit den Gr\u00f6\u00dfen 36\u201344), da sie locker sitzen und der Gummizug in der Taille stark gedehnt werden kann.<\/p>\n<p>&nbsp;<\/p>\n<h3><strong>Materialbeschreibung:<\/strong><\/h3>\n<p>Da es sich bei der Hose um ein Upcycling-Produkt handelt und sie aus recycelten Textilien hergestellt ist, k\u00f6nnen im Stoff kleine \u201eSch\u00f6nheitsflecken\/M\u00e4ngel\u201c auftreten. Sie zeugen vom fr\u00fcheren Leben der Saris und tragen zu ihrem einzigartigen Charakter bei. Wir betrachten sie nicht als Makel, sondern als Teil der Geschichte und des Charmes des Kleidungsst\u00fccks.<\/p>\n<p>Da die Saris, aus denen die Hosen hergestellt werden, recycelt werden, k\u00f6nnen wir keine Garantie f\u00fcr die genaue Zusammensetzung des Materials jeder einzelnen Hose \u00fcbernehmen. Die meisten enthalten einen betr\u00e4chtlichen Anteil Seide und oft 100%, k\u00f6nnen aber auch synthetische Fasern enthalten und eine Mischung sein. Obwohl wir synthetische Stoffe lieber vermeiden, glauben wir dennoch, dass recycelte Saris eine nachhaltige Wahl sind, da der Stoff ein neues Leben erh\u00e4lt, anstatt verschwendet zu werden.<\/p>\n<p>Wir haben nicht die M\u00f6glichkeit, f\u00fcr jede einzelne Hose eine vollst\u00e4ndige Materialanalyse durchzuf\u00fchren. Die Etiketten in der Kleidung sind nicht immer korrekt. Daher ist es wichtig, dass Sie dies verstehen und es beim Einkauf in unserem Webshop akzeptieren.<\/p>\n<p><img loading=\"lazy\" decoding=\"async\" class=\"wp-image-14921 alignnone\" src=\"https:\/\/bazarsalg.dk\/wp-content\/uploads\/Tree-of-hands-Bagside-Hangtag.jpg\" alt=\"\" width=\"319\" height=\"478\" data-wp-editing=\"1\" \/> <img loading=\"lazy\" decoding=\"async\" class=\"wp-image-14922 alignnone\" src=\"https:\/\/bazarsalg.dk\/wp-content\/uploads\/Tree-of-hands-Forside-Hangtag.jpg\" alt=\"\" width=\"319\" height=\"478\" \/><\/p>\n<h3><strong>Was sind Upcycling-Seidenkleider und -Taschen von TREE OF HANDS?<\/strong><\/h3>\n<div>Beim Upcycling geht es darum, Materialien, die sonst weggeworfen w\u00fcrden, neues Leben einzuhauchen und etwas Wertvolles und Zeitloses zu schaffen. F\u00fcr unsere Kollektion recycelter Seidenkleidung verwenden wir Saris, die zuvor bei indischen Hochzeiten verwendet wurden. Diese Saris werden aus luxuri\u00f6ser Seide hergestellt und oft mit aufwendigen Stickereien und Details verziert, die die indische Kultur und Handwerkskunst widerspiegeln. Indem wir diese Saris in moderne Kleidung verwandeln, bewahren wir nicht nur die sch\u00f6nen Materialien und die Handwerkskunst, sondern verleihen ihnen auch eine neue Funktion und einen neuen Lebensstil.<\/div>\n<div><\/div>\n<div><strong>Nachhaltigkeit und Tradition in einem<\/strong><\/div>\n<div>Jeder Sari hat seine eigene, einzigartige Farbpalette, Stickerei und Geschichte. Durch das Upcycling dieser Saris haben wir die M\u00f6glichkeit, die urspr\u00fcngliche Handwerkskunst zu bewahren und gleichzeitig Kleidung herzustellen, die sowohl sch\u00f6n als auch nachhaltig ist. Das bedeutet, dass Sie ein St\u00fcck indischer Tradition tragen und gleichzeitig Ihren Beitrag zum Umweltschutz leisten k\u00f6nnen, indem Sie Wiederverwendung und Recycling unterst\u00fctzen.<\/div>\n<div><\/div>\n<div><strong>Was k\u00f6nnen Sie erwarten?<\/strong><\/div>\n<div>Beim Kauf von Kleidung und Taschen aus recycelter Seide von <strong>BAUM DER H\u00c4NDE<\/strong>erhalten Sie nicht nur ein sch\u00f6nes und exklusives Kleidungsst\u00fcck \u2013 Sie bekommen ein St\u00fcck Kulturgeschichte. Die Kleidung von TREE OF HANDS wird von erfahrenen Handwerkern gen\u00e4ht, die alte Hochzeitssaris sorgf\u00e4ltig ausw\u00e4hlen und in elegante Kleider, Hosen und Taschen verwandeln. Jedes Kleidungsst\u00fcck ist einzigartig und Sie k\u00f6nnen sicher sein, ein Kleidungsst\u00fcck zu erhalten, das sowohl sch\u00f6n als auch nachhaltig ist.<\/div>\n<div><\/div>\n<div><strong>Vorteile von Kleidung aus recycelter Seide:<\/strong><\/div>\n<div>Einzigartige Designs: Jede Kreation ist einzigartig und Sie werden nie die gleiche Kombination aus Farben und Mustern finden.<\/div>\n<div>Nachhaltigkeit: Indem Sie sich f\u00fcr Kleidung aus recycelter Seide entscheiden, tragen Sie zur Abfallreduzierung bei und unterst\u00fctzen umweltfreundliche Modeentscheidungen.<\/div>\n<div>Handwerkskunst und Tradition: Erleben Sie die reiche indische Handwerkskunst und Details, die jedem Kleidungsst\u00fcck einen besonderen Charme und eine besondere Geschichte verleihen.<\/div>\n<div>\n<p>Exklusivit\u00e4t: Da jeder Sari ein Unikat ist, erhalten Sie Kleidungsst\u00fccke und Taschen, die es nirgendwo sonst gibt \u2013 perfekt f\u00fcr alle, die mit etwas Besonderem auffallen m\u00f6chten.<\/p>\n<p><strong>Kreieren Sie Ihren eigenen, einzigartigen Look<\/strong><\/p>\n<\/div>\n<div>Kleidung und Taschen aus recycelter Seide sind f\u00fcr alle, die etwas Sch\u00f6nes und Bedeutungsvolles tragen m\u00f6chten. Egal, ob Sie ein spektakul\u00e4res Kleid f\u00fcr einen besonderen Anlass oder ein stilvolles Alltagsoutfit suchen, unsere Kleidung aus Upcycling-Seide bietet Ihnen eine sch\u00f6ne, exklusive und nachhaltige L\u00f6sung. Wenn Sie sich f\u00fcr ein St\u00fcck aus der TREE OF HANDS-Kollektion entscheiden, erhalten Sie nicht nur ein sch\u00f6nes Kleidungsst\u00fcck oder eine Tasche, sondern auch ein St\u00fcck Kultur und Geschichte mit auf den Weg.<\/div>\n<div><\/div>\n<h3><strong>Die Geschichte des Saris<\/strong><\/h3>\n<p>Eins <strong>Sari<\/strong> spielt bei einer indischen Hochzeit eine zentrale Rolle und symbolisiert Tradition, Eleganz und Kultur. Es ist mehr als nur ein Kleidungsst\u00fcck \u2013 es hat je nach Region und Familie historische, soziale und rituelle Bedeutungen.<\/p>\n<h3><strong>Die Braut und ihr Sari<\/strong><\/h3>\n<p>Die Braut tr\u00e4gt oft einen pr\u00e4chtigen Sari, typischerweise in Rot oder tiefem Gold, da Rot Liebe, Gl\u00fcck und Fruchtbarkeit symbolisiert. Der Sari besteht oft aus luxuri\u00f6sen Materialien wie Seide und ist mit Stickereien, Perlen oder Goldf\u00e4den verziert. In vielen Regionen erh\u00e4lt die Braut den Sari als Teil ihrer <em>Aussteuer<\/em> (Mitgift) von ihrer Familie und tr\u00e4gt es w\u00e4hrend der wichtigsten Hochzeitsrituale.<\/p>\n<h3><strong>Der Sari der G\u00e4ste<\/strong><\/h3>\n<p>Die an der Hochzeit teilnehmenden Frauen tragen farbenfrohe und kunstvolle Saris, um das Ereignis zu feiern. Die Wahl der Farbe und des Musters kann den Familienstand, die Zugeh\u00f6rigkeit oder pers\u00f6nliche Vorlieben widerspiegeln. Verwandte der Braut oder des Br\u00e4utigams k\u00f6nnen ihre Outfits aufeinander abstimmen, um Zusammengeh\u00f6rigkeit zu zeigen.<\/p>\n<h3><strong>Die Rolle des Saris in den Ritualen<\/strong><\/h3>\n<ul>\n<li>Bei bestimmten Hochzeitsritualen, wie zum Beispiel <em>Kanyadan<\/em> (wo die Eltern der Braut sie symbolisch verabschieden), kann ein Sari verwendet werden, um die Kleidung von Braut und Br\u00e4utigam zu verbinden und ihr neues gemeinsames Leben zu symbolisieren.<\/li>\n<li>In manchen Traditionen erh\u00e4lt die Braut im Rahmen der Hochzeitszeremonie einen besonderen Sari von der Familie des Br\u00e4utigams, um ihren \u00dcbergang in die neue Familie zu markieren.<\/li>\n<li>Viele Br\u00e4ute behalten ihren Hochzeitssari nach der Hochzeit als wertvolles Andenken oder verwenden ihn f\u00fcr besondere Anl\u00e4sse erneut.<\/li>\n<\/ul>\n<p>Der Sari ist daher nicht nur ein sch\u00f6nes Kleidungsst\u00fcck, sondern auch wichtiger Bestandteil der rituellen und emotionalen Bedeutung einer indischen Hochzeit.<\/p>\n<p><img loading=\"lazy\" decoding=\"async\" class=\"size-full wp-image-14907 aligncenter\" src=\"https:\/\/bazarsalg.dk\/wp-content\/uploads\/wedding-7333870_640.png\" alt=\"\" width=\"640\" height=\"378\" \/><br \/>\n<strong>\u00a0<\/strong><\/p>\n<p>&nbsp;<\/p>\n<p><strong>\u00a0<\/strong><\/p>\n<table style=\"width: 100%;border-collapse: collapse;border-style: hidden;margin-left: auto;margin-right: auto\" border=\"1\" cellspacing=\"50\" cellpadding=\"20\">\n<caption>\u00a0<\/caption>\n<caption>\u00a0<\/caption>\n<tbody>\n<tr>\n<td style=\"width: 25%;text-align: center\"><img loading=\"lazy\" decoding=\"async\" class=\"alignnone size-full wp-image-14904\" src=\"https:\/\/bazarsalg.dk\/wp-content\/uploads\/india.png\" alt=\"\" width=\"80\" height=\"80\" \/><\/td>\n<td style=\"width: 25%;text-align: center\"><img loading=\"lazy\" decoding=\"async\" class=\"alignnone size-full wp-image-14903\" src=\"https:\/\/bazarsalg.dk\/wp-content\/uploads\/genbrug-logo-80x80-1.png\" alt=\"\" width=\"80\" height=\"80\" \/><\/td>\n<td style=\"width: 25%;text-align: center\"><img loading=\"lazy\" decoding=\"async\" class=\"alignnone size-full wp-image-14908\" src=\"https:\/\/bazarsalg.dk\/wp-content\/uploads\/quality.png\" alt=\"\" width=\"80\" height=\"80\" \/><\/td>\n<\/tr>\n<tr>\n<td style=\"width: 25%;text-align: center\"><strong><span style=\"color: #333333\"><span style=\"color: #333333\">Produziert in Indien<\/span><\/span><\/strong><\/p>\n<p>Unsere Seidenkleidung und -taschen werden in Indien hergestellt.<\/td>\n<td style=\"width: 25%;text-align: center\"><strong><span style=\"color: #333333\"><span style=\"color: #333333\">Upcycling<\/span><\/span><\/strong><\/p>\n<p><span style=\"color: #333333\">Indem Sie Upcycling-Kleidung kaufen, unterst\u00fctzen Sie das Recycling und leisten einen Beitrag zum Umweltschutz und zu unserem Planeten.<\/span><\/td>\n<td style=\"width: 25%;text-align: center\"><strong><span style=\"color: #333333\"><span style=\"color: #333333\">Aus echter Seide<\/span><\/span><\/strong><\/p>\n<p><span style=\"color: #333333\">In unseren Kleidern und Taschen stecken bis zu 100 % echte Seide. Der Prozentsatz l\u00e4sst sich allerdings nicht ermitteln.<\/span><\/td>\n<\/tr>\n<\/tbody>\n<\/table>","protected":false},"excerpt":{"rendered":"<p><strong>EINZIGARTIGE HOSE \u2013 NUR 1 ST\u00dcCK. AUF LAGER<\/strong><\/p>\n<p>EINHEITSGR\u00d6SSE \u2013 F\u00e4llt der Gr\u00f6\u00dfe entsprechend aus. 36-44 ungef\u00e4hr.<\/p>\n<ul>\n<li><strong>100% recycelte Textilien.\ud83c\udf43<\/strong><\/li>\n<li><strong>2 Taschen auf der Vorderseite.<\/strong><\/li>\n<li><strong>Gummizug an Kn\u00f6cheln und Taille.<\/strong><\/li>\n<li><strong>F\u00fcr M\u00e4nner und Frauen<\/strong><\/li>\n<\/ul>","protected":false},"featured_media":13699,"comment_status":"open","ping_status":"closed","template":"","meta":{"om_disable_all_campaigns":false,"_monsterinsights_skip_tracking":false,"_monsterinsights_sitenote_active":false,"_monsterinsights_sitenote_note":"","_monsterinsights_sitenote_category":0},"product_brand":[],"product_cat":[1584,1550,1583],"product_tag":[1585,1586,1587],"class_list":{"0":"post-13701","1":"product","2":"type-product","3":"status-publish","4":"has-post-thumbnail","6":"product_cat-silkebukser-med-lommer","7":"product_cat-toej-accessories","8":"product_cat-upcycled-silketoej","9":"product_tag-indien","10":"product_tag-lommer","11":"product_tag-silkebukser","13":"first","14":"instock","15":"sale","16":"shipping-taxable","17":"purchasable","18":"product-type-simple"},"yoast_head":"<!-- This site is optimized with the Yoast SEO plugin v27.2 - https:\/\/yoast.com\/product\/yoast-seo-wordpress\/ -->\n<title>Upcycled indiske Silkebukser med lommer - Model 19 | K\u00f8b online her | LOCS<\/title>\n<meta name=\"description\" content=\"K\u00f8b Upcycled indiske Silkebukser med lommer - Model 19 her | EU&#039;s st\u00f8rste udvalg af LOCS solbriller | Vi sender fra EU - Ingen ekstra import udgifter\" \/>\n<meta name=\"robots\" content=\"index, follow, max-snippet:-1, max-image-preview:large, max-video-preview:-1\" \/>\n<link rel=\"canonical\" href=\"https:\/\/locsshop.eu\/de\/shop\/upcycled-indiske-silkebukser-med-lommer-model-19\/\" \/>\n<meta property=\"og:locale\" content=\"de_DE\" \/>\n<meta property=\"og:type\" content=\"article\" \/>\n<meta property=\"og:title\" content=\"Upcycled indiske Silkebukser med lommer - Model 19 | K\u00f8b online her | LOCS\" \/>\n<meta property=\"og:description\" content=\"K\u00f8b Upcycled indiske Silkebukser med lommer - Model 19 her | EU&#039;s st\u00f8rste udvalg af LOCS solbriller | Vi sender fra EU - Ingen ekstra import udgifter\" \/>\n<meta property=\"og:url\" content=\"https:\/\/locsshop.eu\/de\/shop\/upcycled-indiske-silkebukser-med-lommer-model-19\/\" \/>\n<meta property=\"og:site_name\" content=\"Locs Sunglasses - LOCS Supplier in EU\" \/>\n<meta property=\"article:modified_time\" content=\"2025-04-13T05:11:08+00:00\" \/>\n<meta property=\"og:image\" content=\"https:\/\/locsshop.eu\/wp-content\/uploads\/2025\/01\/19.jpg\" \/>\n\t<meta property=\"og:image:width\" content=\"800\" \/>\n\t<meta property=\"og:image:height\" content=\"800\" \/>\n\t<meta property=\"og:image:type\" content=\"image\/jpeg\" \/>\n<meta name=\"twitter:card\" content=\"summary_large_image\" \/>\n<meta name=\"twitter:label1\" content=\"Gesch\u00e4tzte Lesezeit\" \/>\n\t<meta name=\"twitter:data1\" content=\"6\u00a0Minuten\" \/>\n<script type=\"application\/ld+json\" class=\"yoast-schema-graph\">{\"@context\":\"https:\/\/schema.org\",\"@graph\":[{\"@type\":\"WebPage\",\"@id\":\"https:\/\/locsshop.eu\/shop\/upcycled-indiske-silkebukser-med-lommer-model-19\/\",\"url\":\"https:\/\/locsshop.eu\/shop\/upcycled-indiske-silkebukser-med-lommer-model-19\/\",\"name\":\"Upcycled indiske Silkebukser med lommer - Model 19 | K\u00f8b online her | LOCS\",\"isPartOf\":{\"@id\":\"https:\/\/locsshop.eu\/#website\"},\"primaryImageOfPage\":{\"@id\":\"https:\/\/locsshop.eu\/shop\/upcycled-indiske-silkebukser-med-lommer-model-19\/#primaryimage\"},\"image\":{\"@id\":\"https:\/\/locsshop.eu\/shop\/upcycled-indiske-silkebukser-med-lommer-model-19\/#primaryimage\"},\"thumbnailUrl\":\"https:\/\/locsshop.eu\/wp-content\/uploads\/2025\/01\/19.jpg\",\"datePublished\":\"2025-01-27T16:10:49+00:00\",\"dateModified\":\"2025-04-13T05:11:08+00:00\",\"description\":\"K\u00f8b Upcycled indiske Silkebukser med lommer - Model 19 her | EU's st\u00f8rste udvalg af LOCS solbriller | Vi sender fra EU - Ingen ekstra import udgifter\",\"breadcrumb\":{\"@id\":\"https:\/\/locsshop.eu\/shop\/upcycled-indiske-silkebukser-med-lommer-model-19\/#breadcrumb\"},\"inLanguage\":\"de\",\"potentialAction\":[{\"@type\":\"ReadAction\",\"target\":[\"https:\/\/locsshop.eu\/shop\/upcycled-indiske-silkebukser-med-lommer-model-19\/\"]}]},{\"@type\":\"ImageObject\",\"inLanguage\":\"de\",\"@id\":\"https:\/\/locsshop.eu\/shop\/upcycled-indiske-silkebukser-med-lommer-model-19\/#primaryimage\",\"url\":\"https:\/\/locsshop.eu\/wp-content\/uploads\/2025\/01\/19.jpg\",\"contentUrl\":\"https:\/\/locsshop.eu\/wp-content\/uploads\/2025\/01\/19.jpg\",\"width\":800,\"height\":800},{\"@type\":\"BreadcrumbList\",\"@id\":\"https:\/\/locsshop.eu\/shop\/upcycled-indiske-silkebukser-med-lommer-model-19\/#breadcrumb\",\"itemListElement\":[{\"@type\":\"ListItem\",\"position\":1,\"name\":\"Hjem\",\"item\":\"https:\/\/locsshop.eu\/\"},{\"@type\":\"ListItem\",\"position\":2,\"name\":\"Shop\",\"item\":\"https:\/\/locsshop.eu\/shop\/\"},{\"@type\":\"ListItem\",\"position\":3,\"name\":\"Upcycled indiske Silkebukser med lommer &#8211; Model 19\"}]},{\"@type\":\"WebSite\",\"@id\":\"https:\/\/locsshop.eu\/#website\",\"url\":\"https:\/\/locsshop.eu\/\",\"name\":\"Locs Sunglasses - LOCS Supplier in EU\",\"description\":\"We sell cheap LOCS Sunglasses\",\"publisher\":{\"@id\":\"https:\/\/locsshop.eu\/#organization\"},\"potentialAction\":[{\"@type\":\"SearchAction\",\"target\":{\"@type\":\"EntryPoint\",\"urlTemplate\":\"https:\/\/locsshop.eu\/?s={search_term_string}\"},\"query-input\":{\"@type\":\"PropertyValueSpecification\",\"valueRequired\":true,\"valueName\":\"search_term_string\"}}],\"inLanguage\":\"de\"},{\"@type\":\"Organization\",\"@id\":\"https:\/\/locsshop.eu\/#organization\",\"name\":\"Locsshop.eu\",\"url\":\"https:\/\/locsshop.eu\/\",\"logo\":{\"@type\":\"ImageObject\",\"inLanguage\":\"de\",\"@id\":\"https:\/\/locsshop.eu\/#\/schema\/logo\/image\/\",\"url\":\"https:\/\/locsshop.eu\/wp-content\/uploads\/2022\/02\/Locsshop-logo.png\",\"contentUrl\":\"https:\/\/locsshop.eu\/wp-content\/uploads\/2022\/02\/Locsshop-logo.png\",\"width\":930,\"height\":200,\"caption\":\"Locsshop.eu\"},\"image\":{\"@id\":\"https:\/\/locsshop.eu\/#\/schema\/logo\/image\/\"}}]}<\/script>\n<!-- \/ Yoast SEO plugin. -->","yoast_head_json":{"title":"Upcycling-Hose aus indischer Seide mit Taschen \u2013 Modell 24 | Hier online kaufen | LOCS","description":"Kaufen Sie hier Upcycling-Hosen aus indischer Seide mit Taschen \u2013 Modell 24 | Die gr\u00f6\u00dfte Auswahl an LOCS-Sonnenbrillen in der EU | Wir versenden aus der EU - Keine zus\u00e4tzlichen Importkosten","robots":{"index":"index","follow":"follow","max-snippet":"max-snippet:-1","max-image-preview":"max-image-preview:large","max-video-preview":"max-video-preview:-1"},"canonical":"https:\/\/locsshop.eu\/de\/shop\/upcycled-indiske-silkebukser-med-lommer-model-19\/","og_locale":"de_DE","og_type":"article","og_title":"Upcycled indiske Silkebukser med lommer - Model 19 | K\u00f8b online her | LOCS","og_description":"K\u00f8b Upcycled indiske Silkebukser med lommer - Model 19 her | EU's st\u00f8rste udvalg af LOCS solbriller | Vi sender fra EU - Ingen ekstra import udgifter","og_url":"https:\/\/locsshop.eu\/de\/shop\/upcycled-indiske-silkebukser-med-lommer-model-19\/","og_site_name":"Locs Sunglasses - LOCS Supplier in EU","article_modified_time":"2025-04-13T05:11:08+00:00","og_image":[{"width":800,"height":800,"url":"https:\/\/locsshop.eu\/wp-content\/uploads\/2025\/01\/19.jpg","type":"image\/jpeg"}],"twitter_card":"summary_large_image","twitter_misc":{"Gesch\u00e4tzte Lesezeit":"6\u00a0Minuten"},"schema":{"@context":"https:\/\/schema.org","@graph":[{"@type":"WebPage","@id":"https:\/\/locsshop.eu\/shop\/upcycled-indiske-silkebukser-med-lommer-model-19\/","url":"https:\/\/locsshop.eu\/shop\/upcycled-indiske-silkebukser-med-lommer-model-19\/","name":"Upcycling-Hose aus indischer Seide mit Taschen \u2013 Modell 24 | Hier online kaufen | LOCS","isPartOf":{"@id":"https:\/\/locsshop.eu\/#website"},"primaryImageOfPage":{"@id":"https:\/\/locsshop.eu\/shop\/upcycled-indiske-silkebukser-med-lommer-model-19\/#primaryimage"},"image":{"@id":"https:\/\/locsshop.eu\/shop\/upcycled-indiske-silkebukser-med-lommer-model-19\/#primaryimage"},"thumbnailUrl":"https:\/\/locsshop.eu\/wp-content\/uploads\/2025\/01\/19.jpg","datePublished":"2025-01-27T16:10:49+00:00","dateModified":"2025-04-13T05:11:08+00:00","description":"Kaufen Sie hier Upcycling-Hosen aus indischer Seide mit Taschen \u2013 Modell 24 | Die gr\u00f6\u00dfte Auswahl an LOCS-Sonnenbrillen in der EU | Wir versenden aus der EU - Keine zus\u00e4tzlichen Importkosten","breadcrumb":{"@id":"https:\/\/locsshop.eu\/shop\/upcycled-indiske-silkebukser-med-lommer-model-19\/#breadcrumb"},"inLanguage":"de","potentialAction":[{"@type":"ReadAction","target":["https:\/\/locsshop.eu\/shop\/upcycled-indiske-silkebukser-med-lommer-model-19\/"]}]},{"@type":"ImageObject","inLanguage":"de","@id":"https:\/\/locsshop.eu\/shop\/upcycled-indiske-silkebukser-med-lommer-model-19\/#primaryimage","url":"https:\/\/locsshop.eu\/wp-content\/uploads\/2025\/01\/19.jpg","contentUrl":"https:\/\/locsshop.eu\/wp-content\/uploads\/2025\/01\/19.jpg","width":800,"height":800},{"@type":"BreadcrumbList","@id":"https:\/\/locsshop.eu\/shop\/upcycled-indiske-silkebukser-med-lommer-model-19\/#breadcrumb","itemListElement":[{"@type":"ListItem","position":1,"name":"Hjem","item":"https:\/\/locsshop.eu\/"},{"@type":"ListItem","position":2,"name":"Shop","item":"https:\/\/locsshop.eu\/shop\/"},{"@type":"ListItem","position":3,"name":"Upcycled indiske Silkebukser med lommer &#8211; Model 19"}]},{"@type":"WebSite","@id":"https:\/\/locsshop.eu\/#website","url":"https:\/\/locsshop.eu\/","name":"Locs Sonnenbrillen \u2013 LOCS-Lieferant in der EU","description":"Wir verkaufen g\u00fcnstige LOCS Sonnenbrillen","publisher":{"@id":"https:\/\/locsshop.eu\/#organization"},"potentialAction":[{"@type":"SearchAction","target":{"@type":"EntryPoint","urlTemplate":"https:\/\/locsshop.eu\/?s={search_term_string}"},"query-input":{"@type":"PropertyValueSpecification","valueRequired":true,"valueName":"search_term_string"}}],"inLanguage":"de"},{"@type":"Organization","@id":"https:\/\/locsshop.eu\/#organization","name":"Locsshop.eu","url":"https:\/\/locsshop.eu\/","logo":{"@type":"ImageObject","inLanguage":"de","@id":"https:\/\/locsshop.eu\/#\/schema\/logo\/image\/","url":"https:\/\/locsshop.eu\/wp-content\/uploads\/2022\/02\/Locsshop-logo.png","contentUrl":"https:\/\/locsshop.eu\/wp-content\/uploads\/2022\/02\/Locsshop-logo.png","width":930,"height":200,"caption":"Locsshop.eu"},"image":{"@id":"https:\/\/locsshop.eu\/#\/schema\/logo\/image\/"}}]}},"_links":{"self":[{"href":"https:\/\/locsshop.eu\/de\/wp-json\/wp\/v2\/product\/13701","targetHints":{"allow":["GET"]}}],"collection":[{"href":"https:\/\/locsshop.eu\/de\/wp-json\/wp\/v2\/product"}],"about":[{"href":"https:\/\/locsshop.eu\/de\/wp-json\/wp\/v2\/types\/product"}],"replies":[{"embeddable":true,"href":"https:\/\/locsshop.eu\/de\/wp-json\/wp\/v2\/comments?post=13701"}],"wp:featuredmedia":[{"embeddable":true,"href":"https:\/\/locsshop.eu\/de\/wp-json\/wp\/v2\/media\/13699"}],"wp:attachment":[{"href":"https:\/\/locsshop.eu\/de\/wp-json\/wp\/v2\/media?parent=13701"}],"wp:term":[{"taxonomy":"product_brand","embeddable":true,"href":"https:\/\/locsshop.eu\/de\/wp-json\/wp\/v2\/product_brand?post=13701"},{"taxonomy":"product_cat","embeddable":true,"href":"https:\/\/locsshop.eu\/de\/wp-json\/wp\/v2\/product_cat?post=13701"},{"taxonomy":"product_tag","embeddable":true,"href":"https:\/\/locsshop.eu\/de\/wp-json\/wp\/v2\/product_tag?post=13701"}],"curies":[{"name":"wp","href":"https:\/\/api.w.org\/{rel}","templated":true}]}}