{"id":13729,"date":"2025-01-27T20:21:34","date_gmt":"2025-01-27T19:21:34","guid":{"rendered":"https:\/\/locsshop.eu\/shop\/moncler-skibriller-ml0130-91x-89-mat-moerkeblaa-fejl\/"},"modified":"2026-03-10T18:43:47","modified_gmt":"2026-03-10T17:43:47","slug":"moncler-skibriller-ml0130-91x-89-mat-moerkeblaa-fejl","status":"publish","type":"product","link":"https:\/\/locsshop.eu\/de\/shop\/moncler-skibriller-ml0130-91x-89-mat-moerkeblaa-fejl\/","title":{"rendered":"Moncler Skibrille \u2013 ML0130 91X 89 | Mattes Dunkelblau \u2013 Hat einen kleinen Fehler"},"content":{"rendered":"<h2><strong>Moncler Skibrille \u2013 ML0130 91X 89 | Mattes Dunkelblau mit blauer Spiegelreflexion.<br \/>\ninkl. sch\u00f6ne Moncler Tasche.<\/p>\n<p><span data-text-color=\"alert\">HINWEIS: Wir m\u00f6chten darauf hinweisen, dass diese Skibrille leider einen kleinen Fleck auf einer Linse aufweist, wie auf dem Bild zu sehen.<\/span><br \/>\n<span data-text-color=\"alert\">Die Skibrille ist daher von einer R\u00fcckgabe ausgeschlossen!!!<\/span><\/strong><\/h2>\n<h1><strong><br \/>\nDetails zur Skibrille<\/strong><\/h1>\n<ul>\n<li style=\"list-style-type: none\">\n<ul>\n<li><strong>Super coole Skibrille von Moncler<\/strong>. Die Linsen sind <strong>Objektive der Kategorie 3.<\/strong> Die dunklen Gl\u00e4ser sorgen daf\u00fcr, dass Sie nicht durch starkes Licht geblendet werden. Linsen der Kategorie 3 filtern 80-90% das einfallende Licht<\/li>\n<li>Die Skibrille sorgt daf\u00fcr <strong>100% UV-Schutz.<\/strong><\/li>\n<li><strong>Sch\u00f6ne Moncler-Tasche im Lieferumfang enthalten,<\/strong> So k\u00f6nnen Sie die Skibrille schonend verstauen.<\/li>\n<li><strong>Moncler<\/strong>\u00a0Das Bel\u00fcftungssystem bietet optimale Atmungsaktivit\u00e4t.<\/li>\n<li><b>Antibeschlag <\/b>was die Kondensation w\u00e4hrend des Gebrauchs reduziert.<\/li>\n<li><strong>Unisex<\/strong> Modell, das sowohl f\u00fcr M\u00e4nner als auch f\u00fcr Frauen geeignet ist.<\/li>\n<li><strong>Hergestellt in Italien.<\/strong><\/li>\n<li>Wir <strong>Garantien<\/strong> dass unsere Skibrillen sind <strong>100% echt<\/strong>, gekauft von unserem vertrauensw\u00fcrdigen Lieferanten in der EU.<\/li>\n<\/ul>\n<\/li>\n<\/ul>\n<h3><img loading=\"lazy\" decoding=\"async\" class=\"size-full wp-image-14882 aligncenter\" src=\"https:\/\/bazarsalg.dk\/wp-content\/uploads\/mocler-logo.png\" alt=\"\" width=\"300\" height=\"168\" \/><\/h3>\n<h3>___________________________________________________________________________________________________________________________________________<\/h3>\n<p>&nbsp;<\/p>\n<h3>Warum Sie Skibrillen verwenden sollten \u2013 und warum wir der beste Ort zum Einkaufen sind<\/h3>\n<p>Wenn Sie auf die Piste gehen, ist es wichtig, Ihre Augen vor Wind, Schnee und den scharfen UV-Strahlen zu sch\u00fctzen, die vom Schnee reflektiert werden. Skibrillen sind nicht nur ein stylisches Accessoire \u2013 sie sind ein Muss f\u00fcr jeden Skifahrer und Snowboarder. Aber warum sind Skibrillen so wichtig und warum sollten Sie sich bei Ihrem n\u00e4chsten Einkauf f\u00fcr uns entscheiden?<\/p>\n<h3><\/h3>\n<p>&nbsp;<\/p>\n<h3>Die Bedeutung von Skibrillen<\/h3>\n<ol>\n<li><strong>Sch\u00fctzt vor sch\u00e4dlichen UV-Strahlen:<\/strong> Schnee reflektiert bis zu 80% der UV-Strahlung der Sonne, was zur Schneeblindheit f\u00fchren kann. Eine Skibrille mit UV-Schutz beugt dem vor und sch\u00fctzt Ihre Augen wirksam.<\/li>\n<li><strong>Verbessert die Sicht:<\/strong> Mit der richtigen Skibrille erhalten Sie einen besseren Kontrast und eine bessere Klarheit, selbst bei schwierigen Wetterbedingungen wie Nebel oder starkem Schneefall. Das erh\u00f6ht Ihre Sicherheit auf der Piste.<\/li>\n<li><strong>Schirme gegen Wind und Schnee:<\/strong> Ohne Skibrille k\u00f6nnen kalte Luft und Schnee Ihre Augen reizen und das Sehen erschweren. Eine Skibrille h\u00e4lt Ihre Augen warm und trocken.<\/li>\n<li><strong>Reduziert Reflexionen durch den Schnee: <\/strong>Wenn die Sonne scheint, schneidet es in die Augen. Bei Schnee wird es noch problematischer, da die Sonne die Blendung verst\u00e4rkt und hier ist die Bedeutung einer Skibrille sehr hoch, da sie daf\u00fcr sorgt, dass die Augen eine angenehme Sicht haben und nicht in die Augen schneidet.<\/li>\n<\/ol>\n<p>&nbsp;<\/p>\n<h3>Warum uns w\u00e4hlen?<\/h3>\n<p>Mit <strong>uns<\/strong> Sie finden eine gro\u00dfe Auswahl an hochwertigen Skibrillen zu Preisen, die Ihr Budget nicht sprengen. Wir bieten Skibrillen mit modernster Technologie, inklusive Antibeschlagbeschichtung und verstellbaren Tr\u00e4gern f\u00fcr optimalen Komfort.<\/p>\n<ul>\n<li><strong>Qualit\u00e4t zu erschwinglichen Preisen:<\/strong> Wir w\u00e4hlen unser Sortiment sorgf\u00e4ltig aus, um sicherzustellen, dass Sie die beste Qualit\u00e4t zum niedrigsten Preis erhalten.<\/li>\n<li><strong>Schnelle Lieferung:<\/strong> Wenn Sie bei uns bestellen, k\u00f6nnen Sie eine schnelle Lieferung erwarten, sodass Sie im Handumdrehen startklar f\u00fcr die Piste sind.<\/li>\n<li><strong>Toller Kundenservice:<\/strong> Unser engagiertes Team ist immer bereit, Ihnen bei der Suche nach der perfekten Skibrille zu helfen.<\/li>\n<\/ul>\n<p>Egal, ob Sie ein erfahrener Skifahrer oder ein Neuling auf der Piste sind, haben Sie <strong>Wir<\/strong> die perfekte Skibrille f\u00fcr Sie. Sch\u00fctzen Sie Ihre Augen und genie\u00dfen Sie das Winterabenteuer mit Ihrer neuen Skibrille.<\/p>","protected":false},"excerpt":{"rendered":"<ul>\n<li>Mit breitem, verstellbarem Gummiband<\/li>\n<li>Zum Skifahren und Snowboarden<\/li>\n<li>inkl. Moncler-Koffertasche<\/li>\n<li>Objektive der Kategorie 3<\/li>\n<li>Blau-violette SLR<br \/>\n<strong><span data-text-color=\"alert\">HINWEIS: Wir m\u00f6chten darauf hinweisen, dass diese Skibrille leider einen kleinen Fleck auf einer Linse aufweist, wie auf dem Bild zu sehen.<\/span><br \/>\n<span data-text-color=\"alert\">Die Skibrille ist daher von einer R\u00fcckgabe ausgeschlossen!!!<\/span><\/strong><\/p>\n<p><img loading=\"lazy\" decoding=\"async\" class=\"alignnone wp-image-14882 size-thumbnail\" src=\"https:\/\/bazarsalg.dk\/wp-content\/uploads\/mocler-logo-280x168.png\" alt=\"\" width=\"280\" height=\"168\" \/><\/li>\n<\/ul>","protected":false},"featured_media":13723,"comment_status":"open","ping_status":"closed","template":"","meta":{"om_disable_all_campaigns":false,"_monsterinsights_skip_tracking":false,"_monsterinsights_sitenote_active":false,"_monsterinsights_sitenote_note":"","_monsterinsights_sitenote_category":0},"product_brand":[],"product_cat":[1560],"product_tag":[1582,1559],"class_list":{"0":"post-13729","1":"product","2":"type-product","3":"status-publish","4":"has-post-thumbnail","6":"product_cat-skibriller","7":"product_tag-moncler","8":"product_tag-skibriller","10":"first","11":"outofstock","12":"sale","13":"purchasable","14":"product-type-simple"},"yoast_head":"<!-- This site is optimized with the Yoast SEO plugin v27.5 - https:\/\/yoast.com\/product\/yoast-seo-wordpress\/ -->\n<title>Moncler skibriller - ML0130 91X 89 | Mat M\u00f8rkebl\u00e5 - Har en lille fejl | K\u00f8b online her | LOCS<\/title>\n<meta name=\"description\" content=\"K\u00f8b Moncler skibriller - ML0130 91X 89 | Mat M\u00f8rkebl\u00e5 - Har en lille fejl her | EU&#039;s st\u00f8rste udvalg af LOCS solbriller | Vi sender fra EU - Ingen ekstra import udgifter\" \/>\n<meta name=\"robots\" content=\"index, follow, max-snippet:-1, max-image-preview:large, max-video-preview:-1\" \/>\n<link rel=\"canonical\" href=\"https:\/\/locsshop.eu\/de\/shop\/moncler-skibriller-ml0130-91x-89-mat-moerkeblaa-fejl\/\" \/>\n<meta property=\"og:locale\" content=\"de_DE\" \/>\n<meta property=\"og:type\" content=\"article\" \/>\n<meta property=\"og:title\" content=\"Moncler skibriller - ML0130 91X 89 | Mat M\u00f8rkebl\u00e5 - Har en lille fejl | K\u00f8b online her | LOCS\" \/>\n<meta property=\"og:description\" content=\"K\u00f8b Moncler skibriller - ML0130 91X 89 | Mat M\u00f8rkebl\u00e5 - Har en lille fejl her | EU&#039;s st\u00f8rste udvalg af LOCS solbriller | Vi sender fra EU - Ingen ekstra import udgifter\" \/>\n<meta property=\"og:url\" content=\"https:\/\/locsshop.eu\/de\/shop\/moncler-skibriller-ml0130-91x-89-mat-moerkeblaa-fejl\/\" \/>\n<meta property=\"og:site_name\" content=\"Locs Sunglasses - LOCS Supplier in EU\" \/>\n<meta property=\"article:modified_time\" content=\"2026-03-10T17:43:47+00:00\" \/>\n<meta property=\"og:image\" content=\"https:\/\/locsshop.eu\/wp-content\/uploads\/2025\/01\/moncler3.jpg\" \/>\n\t<meta property=\"og:image:width\" content=\"800\" \/>\n\t<meta property=\"og:image:height\" content=\"800\" \/>\n\t<meta property=\"og:image:type\" content=\"image\/jpeg\" \/>\n<meta name=\"twitter:card\" content=\"summary_large_image\" \/>\n<meta name=\"twitter:label1\" content=\"Gesch\u00e4tzte Lesezeit\" \/>\n\t<meta name=\"twitter:data1\" content=\"3\u00a0Minuten\" \/>\n<script type=\"application\/ld+json\" class=\"yoast-schema-graph\">{\"@context\":\"https:\\\/\\\/schema.org\",\"@graph\":[{\"@type\":\"WebPage\",\"@id\":\"https:\\\/\\\/locsshop.eu\\\/shop\\\/moncler-skibriller-ml0130-91x-89-mat-moerkeblaa-fejl\\\/\",\"url\":\"https:\\\/\\\/locsshop.eu\\\/shop\\\/moncler-skibriller-ml0130-91x-89-mat-moerkeblaa-fejl\\\/\",\"name\":\"Moncler skibriller - ML0130 91X 89 | Mat M\u00f8rkebl\u00e5 - Har en lille fejl | K\u00f8b online her | LOCS\",\"isPartOf\":{\"@id\":\"https:\\\/\\\/locsshop.eu\\\/#website\"},\"primaryImageOfPage\":{\"@id\":\"https:\\\/\\\/locsshop.eu\\\/shop\\\/moncler-skibriller-ml0130-91x-89-mat-moerkeblaa-fejl\\\/#primaryimage\"},\"image\":{\"@id\":\"https:\\\/\\\/locsshop.eu\\\/shop\\\/moncler-skibriller-ml0130-91x-89-mat-moerkeblaa-fejl\\\/#primaryimage\"},\"thumbnailUrl\":\"https:\\\/\\\/locsshop.eu\\\/wp-content\\\/uploads\\\/2025\\\/01\\\/moncler3.jpg\",\"datePublished\":\"2025-01-27T19:21:34+00:00\",\"dateModified\":\"2026-03-10T17:43:47+00:00\",\"description\":\"K\u00f8b Moncler skibriller - ML0130 91X 89 | Mat M\u00f8rkebl\u00e5 - Har en lille fejl her | EU's st\u00f8rste udvalg af LOCS solbriller | Vi sender fra EU - Ingen ekstra import udgifter\",\"breadcrumb\":{\"@id\":\"https:\\\/\\\/locsshop.eu\\\/shop\\\/moncler-skibriller-ml0130-91x-89-mat-moerkeblaa-fejl\\\/#breadcrumb\"},\"inLanguage\":\"de\",\"potentialAction\":[{\"@type\":\"ReadAction\",\"target\":[\"https:\\\/\\\/locsshop.eu\\\/shop\\\/moncler-skibriller-ml0130-91x-89-mat-moerkeblaa-fejl\\\/\"]}]},{\"@type\":\"ImageObject\",\"inLanguage\":\"de\",\"@id\":\"https:\\\/\\\/locsshop.eu\\\/shop\\\/moncler-skibriller-ml0130-91x-89-mat-moerkeblaa-fejl\\\/#primaryimage\",\"url\":\"https:\\\/\\\/locsshop.eu\\\/wp-content\\\/uploads\\\/2025\\\/01\\\/moncler3.jpg\",\"contentUrl\":\"https:\\\/\\\/locsshop.eu\\\/wp-content\\\/uploads\\\/2025\\\/01\\\/moncler3.jpg\",\"width\":800,\"height\":800},{\"@type\":\"BreadcrumbList\",\"@id\":\"https:\\\/\\\/locsshop.eu\\\/shop\\\/moncler-skibriller-ml0130-91x-89-mat-moerkeblaa-fejl\\\/#breadcrumb\",\"itemListElement\":[{\"@type\":\"ListItem\",\"position\":1,\"name\":\"Hjem\",\"item\":\"https:\\\/\\\/locsshop.eu\\\/\"},{\"@type\":\"ListItem\",\"position\":2,\"name\":\"Shop\",\"item\":\"https:\\\/\\\/locsshop.eu\\\/shop\\\/\"},{\"@type\":\"ListItem\",\"position\":3,\"name\":\"Moncler skibriller &#8211; ML0130 91X 89 | Mat M\u00f8rkebl\u00e5 &#8211; Har en lille fejl\"}]},{\"@type\":\"WebSite\",\"@id\":\"https:\\\/\\\/locsshop.eu\\\/#website\",\"url\":\"https:\\\/\\\/locsshop.eu\\\/\",\"name\":\"Locs Sunglasses - LOCS Supplier in EU\",\"description\":\"We sell cheap LOCS Sunglasses\",\"publisher\":{\"@id\":\"https:\\\/\\\/locsshop.eu\\\/#organization\"},\"potentialAction\":[{\"@type\":\"SearchAction\",\"target\":{\"@type\":\"EntryPoint\",\"urlTemplate\":\"https:\\\/\\\/locsshop.eu\\\/?s={search_term_string}\"},\"query-input\":{\"@type\":\"PropertyValueSpecification\",\"valueRequired\":true,\"valueName\":\"search_term_string\"}}],\"inLanguage\":\"de\"},{\"@type\":\"Organization\",\"@id\":\"https:\\\/\\\/locsshop.eu\\\/#organization\",\"name\":\"Locsshop.eu\",\"url\":\"https:\\\/\\\/locsshop.eu\\\/\",\"logo\":{\"@type\":\"ImageObject\",\"inLanguage\":\"de\",\"@id\":\"https:\\\/\\\/locsshop.eu\\\/#\\\/schema\\\/logo\\\/image\\\/\",\"url\":\"https:\\\/\\\/locsshop.eu\\\/wp-content\\\/uploads\\\/2022\\\/02\\\/Locsshop-logo.png\",\"contentUrl\":\"https:\\\/\\\/locsshop.eu\\\/wp-content\\\/uploads\\\/2022\\\/02\\\/Locsshop-logo.png\",\"width\":930,\"height\":200,\"caption\":\"Locsshop.eu\"},\"image\":{\"@id\":\"https:\\\/\\\/locsshop.eu\\\/#\\\/schema\\\/logo\\\/image\\\/\"}}]}<\/script>\n<!-- \/ Yoast SEO plugin. -->","yoast_head_json":{"title":"Moncler Skibrille - ML0130 91X 89 | Matt Dunkelblau - Hat einen kleinen Makel | Hier online kaufen | LOCS","description":"Kaufen Sie Moncler Skibrillen - ML0130 91X 89 | Matt Dunkelblau \u2013 Hier ist ein kleiner Fehler | Die gr\u00f6\u00dfte Auswahl an LOCS-Sonnenbrillen in der EU | Wir versenden aus der EU - Keine zus\u00e4tzlichen Importkosten","robots":{"index":"index","follow":"follow","max-snippet":"max-snippet:-1","max-image-preview":"max-image-preview:large","max-video-preview":"max-video-preview:-1"},"canonical":"https:\/\/locsshop.eu\/de\/shop\/moncler-skibriller-ml0130-91x-89-mat-moerkeblaa-fejl\/","og_locale":"de_DE","og_type":"article","og_title":"Moncler skibriller - ML0130 91X 89 | Mat M\u00f8rkebl\u00e5 - Har en lille fejl | K\u00f8b online her | LOCS","og_description":"K\u00f8b Moncler skibriller - ML0130 91X 89 | Mat M\u00f8rkebl\u00e5 - Har en lille fejl her | EU's st\u00f8rste udvalg af LOCS solbriller | Vi sender fra EU - Ingen ekstra import udgifter","og_url":"https:\/\/locsshop.eu\/de\/shop\/moncler-skibriller-ml0130-91x-89-mat-moerkeblaa-fejl\/","og_site_name":"Locs Sunglasses - LOCS Supplier in EU","article_modified_time":"2026-03-10T17:43:47+00:00","og_image":[{"width":800,"height":800,"url":"https:\/\/locsshop.eu\/wp-content\/uploads\/2025\/01\/moncler3.jpg","type":"image\/jpeg"}],"twitter_card":"summary_large_image","twitter_misc":{"Gesch\u00e4tzte Lesezeit":"3\u00a0Minuten"},"schema":{"@context":"https:\/\/schema.org","@graph":[{"@type":"WebPage","@id":"https:\/\/locsshop.eu\/shop\/moncler-skibriller-ml0130-91x-89-mat-moerkeblaa-fejl\/","url":"https:\/\/locsshop.eu\/shop\/moncler-skibriller-ml0130-91x-89-mat-moerkeblaa-fejl\/","name":"Moncler Skibrille - ML0130 91X 89 | Matt Dunkelblau - Hat einen kleinen Makel | Hier online kaufen | LOCS","isPartOf":{"@id":"https:\/\/locsshop.eu\/#website"},"primaryImageOfPage":{"@id":"https:\/\/locsshop.eu\/shop\/moncler-skibriller-ml0130-91x-89-mat-moerkeblaa-fejl\/#primaryimage"},"image":{"@id":"https:\/\/locsshop.eu\/shop\/moncler-skibriller-ml0130-91x-89-mat-moerkeblaa-fejl\/#primaryimage"},"thumbnailUrl":"https:\/\/locsshop.eu\/wp-content\/uploads\/2025\/01\/moncler3.jpg","datePublished":"2025-01-27T19:21:34+00:00","dateModified":"2026-03-10T17:43:47+00:00","description":"Kaufen Sie Moncler Skibrillen - ML0130 91X 89 | Matt Dunkelblau \u2013 Hier ist ein kleiner Fehler | Die gr\u00f6\u00dfte Auswahl an LOCS-Sonnenbrillen in der EU | Wir versenden aus der EU - Keine zus\u00e4tzlichen Importkosten","breadcrumb":{"@id":"https:\/\/locsshop.eu\/shop\/moncler-skibriller-ml0130-91x-89-mat-moerkeblaa-fejl\/#breadcrumb"},"inLanguage":"de","potentialAction":[{"@type":"ReadAction","target":["https:\/\/locsshop.eu\/shop\/moncler-skibriller-ml0130-91x-89-mat-moerkeblaa-fejl\/"]}]},{"@type":"ImageObject","inLanguage":"de","@id":"https:\/\/locsshop.eu\/shop\/moncler-skibriller-ml0130-91x-89-mat-moerkeblaa-fejl\/#primaryimage","url":"https:\/\/locsshop.eu\/wp-content\/uploads\/2025\/01\/moncler3.jpg","contentUrl":"https:\/\/locsshop.eu\/wp-content\/uploads\/2025\/01\/moncler3.jpg","width":800,"height":800},{"@type":"BreadcrumbList","@id":"https:\/\/locsshop.eu\/shop\/moncler-skibriller-ml0130-91x-89-mat-moerkeblaa-fejl\/#breadcrumb","itemListElement":[{"@type":"ListItem","position":1,"name":"Hjem","item":"https:\/\/locsshop.eu\/"},{"@type":"ListItem","position":2,"name":"Shop","item":"https:\/\/locsshop.eu\/shop\/"},{"@type":"ListItem","position":3,"name":"Moncler skibriller &#8211; ML0130 91X 89 | Mat M\u00f8rkebl\u00e5 &#8211; Har en lille fejl"}]},{"@type":"WebSite","@id":"https:\/\/locsshop.eu\/#website","url":"https:\/\/locsshop.eu\/","name":"Locs Sonnenbrillen \u2013 LOCS-Lieferant in der EU","description":"Wir verkaufen g\u00fcnstige LOCS Sonnenbrillen","publisher":{"@id":"https:\/\/locsshop.eu\/#organization"},"potentialAction":[{"@type":"SearchAction","target":{"@type":"EntryPoint","urlTemplate":"https:\/\/locsshop.eu\/?s={search_term_string}"},"query-input":{"@type":"PropertyValueSpecification","valueRequired":true,"valueName":"search_term_string"}}],"inLanguage":"de"},{"@type":"Organization","@id":"https:\/\/locsshop.eu\/#organization","name":"Locsshop.eu","url":"https:\/\/locsshop.eu\/","logo":{"@type":"ImageObject","inLanguage":"de","@id":"https:\/\/locsshop.eu\/#\/schema\/logo\/image\/","url":"https:\/\/locsshop.eu\/wp-content\/uploads\/2022\/02\/Locsshop-logo.png","contentUrl":"https:\/\/locsshop.eu\/wp-content\/uploads\/2022\/02\/Locsshop-logo.png","width":930,"height":200,"caption":"Locsshop.eu"},"image":{"@id":"https:\/\/locsshop.eu\/#\/schema\/logo\/image\/"}}]}},"_links":{"self":[{"href":"https:\/\/locsshop.eu\/de\/wp-json\/wp\/v2\/product\/13729","targetHints":{"allow":["GET"]}}],"collection":[{"href":"https:\/\/locsshop.eu\/de\/wp-json\/wp\/v2\/product"}],"about":[{"href":"https:\/\/locsshop.eu\/de\/wp-json\/wp\/v2\/types\/product"}],"replies":[{"embeddable":true,"href":"https:\/\/locsshop.eu\/de\/wp-json\/wp\/v2\/comments?post=13729"}],"wp:featuredmedia":[{"embeddable":true,"href":"https:\/\/locsshop.eu\/de\/wp-json\/wp\/v2\/media\/13723"}],"wp:attachment":[{"href":"https:\/\/locsshop.eu\/de\/wp-json\/wp\/v2\/media?parent=13729"}],"wp:term":[{"taxonomy":"product_brand","embeddable":true,"href":"https:\/\/locsshop.eu\/de\/wp-json\/wp\/v2\/product_brand?post=13729"},{"taxonomy":"product_cat","embeddable":true,"href":"https:\/\/locsshop.eu\/de\/wp-json\/wp\/v2\/product_cat?post=13729"},{"taxonomy":"product_tag","embeddable":true,"href":"https:\/\/locsshop.eu\/de\/wp-json\/wp\/v2\/product_tag?post=13729"}],"curies":[{"name":"wp","href":"https:\/\/api.w.org\/{rel}","templated":true}]}}