{"id":14362,"date":"2025-07-17T12:03:00","date_gmt":"2025-07-17T10:03:00","guid":{"rendered":"https:\/\/locsshop.eu\/shop\/sorte-vg-solbriller-san-siro-brune-fade-glas\/"},"modified":"2025-07-17T18:48:36","modified_gmt":"2025-07-17T16:48:36","slug":"sorte-vg-solbriller-san-siro-brune-fade-glas","status":"publish","type":"product","link":"https:\/\/locsshop.eu\/de\/shop\/sorte-vg-solbriller-san-siro-brune-fade-glas\/","title":{"rendered":"Schwarze VG Sonnenbrille \u2013 San Siro | Braune Gl\u00e4ser"},"content":{"rendered":"<h2><strong>Gl\u00e4nzende VG-Sonnenbrille mit wundersch\u00f6nen goldenen Metalldetails und Leopardenlogos aus Metall<\/strong><\/h2>\n<h4>Stilvolle gro\u00dfe klassische Damen-Sonnenbrille mit goldenen Details an den B\u00fcgeln<br \/>\nDie wundersch\u00f6nen Golddetails verleihen der Sonnenbrille einen wirklich exklusiven Look.<br \/>\nDiese verf\u00fcgen \u00fcber Gl\u00e4ser mit UV400-Schutz, sodass Ihre Augen gut vor Sonnenstrahlen gesch\u00fctzt sind.<br \/>\nBei dem Modell handelt es sich um eine Damensonnenbrille.<\/h4>\n<h4>VG Sunglasses ist eine exklusive Marke f\u00fcr Designer-Sonnenbrillen aus den USA. VG Sonnenbrillen sind aufgrund ihrer hohen Qualit\u00e4t, sch\u00f6nen Designs und beliebten Variationen in der Sonnenbrillenindustrie sehr beliebt geworden.<br \/>\nDiese wundersch\u00f6nen Sonnenbrillen sind perfekt f\u00fcr modebewusste Frauen und M\u00e4nner, die exklusiv aussehen m\u00f6chten, ohne zu viel f\u00fcr eine teure Designermarke zu bezahlen.<\/h4>\n<p>&nbsp;<\/p>\n<h4><strong><em>Einzelheiten:<br \/>\n<\/em><\/strong><br \/>\nInnenbreite: 13,7 cm<br \/>\nH\u00f6he: 5,2 cm<br \/>\nStangenl\u00e4nge: 14,2 cm<br \/>\nOberfl\u00e4che: Gl\u00e4nzend<\/h4>\n<h4>Material: Kunststoff und Metall<br \/>\nUV400-Schutz<br \/>\nCE-gepr\u00fcft<\/h4>\n<h4><img loading=\"lazy\" decoding=\"async\" class=\"alignnone wp-image-11348 size-full\" src=\"https:\/\/bazarsalg.dk\/wp-content\/uploads\/VG-Logo.jpg\" alt=\"\" width=\"78\" height=\"62\" \/><\/h4>\n<h4><em>\u00dcber VG Sonnenbrille<\/em><\/h4>\n<p><strong><em>Sonnenbrillen in modischen Designs<\/em><\/strong><br \/>\n<em>VG Sunglasses ist eine amerikanische Sonnenbrillenmarke, die sich haupts\u00e4chlich an Frauen richtet, aber auch Designs f\u00fcr M\u00e4nner hat und ihre Inspiration in der Modebranche findet.<br \/>\nDies sind Sonnenbrillen in Designs, die den Designs der gro\u00dfen Modeh\u00e4user \u00e4hneln.<br \/>\nVG Sonnenbrillen sind wundersch\u00f6ne Sonnenbrillen, mit sch\u00f6nen Details und in einer Qualit\u00e4t, die f\u00fcr den Preis definitiv in Ordnung ist.<br \/>\nWenn Sie also eine Sonnenbrille suchen, die Stil und Exklusivit\u00e4t ausstrahlt, ohne zu viel zu bezahlen, kaufen Sie eine VG-Sonnenbrille, bevor sie ausverkauft ist.<\/em><\/p>","protected":false},"excerpt":{"rendered":"<p><strong>VG \u2013 8VG29708<\/strong><br \/>\nGl\u00e4nzender Rahmen<br \/>\nGoldfarbene Metalldetails und Logos<br \/>\nUV400<br \/>\nCE-gepr\u00fcft<\/p>\n<p><img loading=\"lazy\" decoding=\"async\" class=\"alignnone wp-image-11348 size-full\" src=\"https:\/\/bazarsalg.dk\/wp-content\/uploads\/VG-Logo.jpg\" alt=\"\" width=\"78\" height=\"62\" \/><\/p>","protected":false},"featured_media":14361,"comment_status":"open","ping_status":"closed","template":"","meta":{"om_disable_all_campaigns":false,"_monsterinsights_skip_tracking":false,"_monsterinsights_sitenote_active":false,"_monsterinsights_sitenote_note":"","_monsterinsights_sitenote_category":0},"product_brand":[],"product_cat":[1026,1027,1025,1291,1049,1236],"product_tag":[1636,870,1235],"class_list":{"0":"post-14362","1":"product","2":"type-product","3":"status-publish","4":"has-post-thumbnail","6":"product_cat-dame-solbriller","7":"product_cat-andre-dame-solbriller","8":"product_cat-billige-solbriller","9":"product_cat-firkantede-dame-solbriller","10":"product_cat-premium-solbriller","11":"product_cat-vg-solbriller","12":"product_tag-8vg29708","13":"product_tag-p693","14":"product_tag-vg","16":"first","17":"instock","18":"shipping-taxable","19":"purchasable","20":"product-type-simple"},"yoast_head":"<!-- This site is optimized with the Yoast SEO plugin v27.2 - https:\/\/yoast.com\/product\/yoast-seo-wordpress\/ -->\n<title>Sorte VG Solbriller - San Siro | Brune fade glas | K\u00f8b online her | LOCS<\/title>\n<meta name=\"description\" content=\"K\u00f8b Sorte VG Solbriller - San Siro | Brune fade glas her | EU&#039;s st\u00f8rste udvalg af LOCS solbriller | Vi sender fra EU - Ingen ekstra import udgifter\" \/>\n<meta name=\"robots\" content=\"index, follow, max-snippet:-1, max-image-preview:large, max-video-preview:-1\" \/>\n<link rel=\"canonical\" href=\"https:\/\/locsshop.eu\/de\/shop\/sorte-vg-solbriller-san-siro-brune-fade-glas\/\" \/>\n<meta property=\"og:locale\" content=\"de_DE\" \/>\n<meta property=\"og:type\" content=\"article\" \/>\n<meta property=\"og:title\" content=\"Sorte VG Solbriller - San Siro | Brune fade glas | K\u00f8b online her | LOCS\" \/>\n<meta property=\"og:description\" content=\"K\u00f8b Sorte VG Solbriller - San Siro | Brune fade glas her | EU&#039;s st\u00f8rste udvalg af LOCS solbriller | Vi sender fra EU - Ingen ekstra import udgifter\" \/>\n<meta property=\"og:url\" content=\"https:\/\/locsshop.eu\/de\/shop\/sorte-vg-solbriller-san-siro-brune-fade-glas\/\" \/>\n<meta property=\"og:site_name\" content=\"Locs Sunglasses - LOCS Supplier in EU\" \/>\n<meta property=\"article:modified_time\" content=\"2025-07-17T16:48:36+00:00\" \/>\n<meta property=\"og:image\" content=\"https:\/\/locsshop.eu\/wp-content\/uploads\/2025\/07\/8VG29708-BK-BNFE.jpg\" \/>\n\t<meta property=\"og:image:width\" content=\"800\" \/>\n\t<meta property=\"og:image:height\" content=\"800\" \/>\n\t<meta property=\"og:image:type\" content=\"image\/jpeg\" \/>\n<meta name=\"twitter:card\" content=\"summary_large_image\" \/>\n<meta name=\"twitter:label1\" content=\"Gesch\u00e4tzte Lesezeit\" \/>\n\t<meta name=\"twitter:data1\" content=\"1\u00a0Minute\" \/>\n<script type=\"application\/ld+json\" class=\"yoast-schema-graph\">{\"@context\":\"https:\/\/schema.org\",\"@graph\":[{\"@type\":\"WebPage\",\"@id\":\"https:\/\/locsshop.eu\/shop\/sorte-vg-solbriller-san-siro-brune-fade-glas\/\",\"url\":\"https:\/\/locsshop.eu\/shop\/sorte-vg-solbriller-san-siro-brune-fade-glas\/\",\"name\":\"Sorte VG Solbriller - San Siro | Brune fade glas | K\u00f8b online her | LOCS\",\"isPartOf\":{\"@id\":\"https:\/\/locsshop.eu\/#website\"},\"primaryImageOfPage\":{\"@id\":\"https:\/\/locsshop.eu\/shop\/sorte-vg-solbriller-san-siro-brune-fade-glas\/#primaryimage\"},\"image\":{\"@id\":\"https:\/\/locsshop.eu\/shop\/sorte-vg-solbriller-san-siro-brune-fade-glas\/#primaryimage\"},\"thumbnailUrl\":\"https:\/\/locsshop.eu\/wp-content\/uploads\/2025\/07\/8VG29708-BK-BNFE.jpg\",\"datePublished\":\"2025-07-17T10:03:00+00:00\",\"dateModified\":\"2025-07-17T16:48:36+00:00\",\"description\":\"K\u00f8b Sorte VG Solbriller - San Siro | Brune fade glas her | EU's st\u00f8rste udvalg af LOCS solbriller | Vi sender fra EU - Ingen ekstra import udgifter\",\"breadcrumb\":{\"@id\":\"https:\/\/locsshop.eu\/shop\/sorte-vg-solbriller-san-siro-brune-fade-glas\/#breadcrumb\"},\"inLanguage\":\"de\",\"potentialAction\":[{\"@type\":\"ReadAction\",\"target\":[\"https:\/\/locsshop.eu\/shop\/sorte-vg-solbriller-san-siro-brune-fade-glas\/\"]}]},{\"@type\":\"ImageObject\",\"inLanguage\":\"de\",\"@id\":\"https:\/\/locsshop.eu\/shop\/sorte-vg-solbriller-san-siro-brune-fade-glas\/#primaryimage\",\"url\":\"https:\/\/locsshop.eu\/wp-content\/uploads\/2025\/07\/8VG29708-BK-BNFE.jpg\",\"contentUrl\":\"https:\/\/locsshop.eu\/wp-content\/uploads\/2025\/07\/8VG29708-BK-BNFE.jpg\",\"width\":800,\"height\":800},{\"@type\":\"BreadcrumbList\",\"@id\":\"https:\/\/locsshop.eu\/shop\/sorte-vg-solbriller-san-siro-brune-fade-glas\/#breadcrumb\",\"itemListElement\":[{\"@type\":\"ListItem\",\"position\":1,\"name\":\"Hjem\",\"item\":\"https:\/\/locsshop.eu\/\"},{\"@type\":\"ListItem\",\"position\":2,\"name\":\"Shop\",\"item\":\"https:\/\/locsshop.eu\/shop\/\"},{\"@type\":\"ListItem\",\"position\":3,\"name\":\"Sorte VG Solbriller &#8211; San Siro | Brune fade glas\"}]},{\"@type\":\"WebSite\",\"@id\":\"https:\/\/locsshop.eu\/#website\",\"url\":\"https:\/\/locsshop.eu\/\",\"name\":\"Locs Sunglasses - LOCS Supplier in EU\",\"description\":\"We sell cheap LOCS Sunglasses\",\"publisher\":{\"@id\":\"https:\/\/locsshop.eu\/#organization\"},\"potentialAction\":[{\"@type\":\"SearchAction\",\"target\":{\"@type\":\"EntryPoint\",\"urlTemplate\":\"https:\/\/locsshop.eu\/?s={search_term_string}\"},\"query-input\":{\"@type\":\"PropertyValueSpecification\",\"valueRequired\":true,\"valueName\":\"search_term_string\"}}],\"inLanguage\":\"de\"},{\"@type\":\"Organization\",\"@id\":\"https:\/\/locsshop.eu\/#organization\",\"name\":\"Locsshop.eu\",\"url\":\"https:\/\/locsshop.eu\/\",\"logo\":{\"@type\":\"ImageObject\",\"inLanguage\":\"de\",\"@id\":\"https:\/\/locsshop.eu\/#\/schema\/logo\/image\/\",\"url\":\"https:\/\/locsshop.eu\/wp-content\/uploads\/2022\/02\/Locsshop-logo.png\",\"contentUrl\":\"https:\/\/locsshop.eu\/wp-content\/uploads\/2022\/02\/Locsshop-logo.png\",\"width\":930,\"height\":200,\"caption\":\"Locsshop.eu\"},\"image\":{\"@id\":\"https:\/\/locsshop.eu\/#\/schema\/logo\/image\/\"}}]}<\/script>\n<!-- \/ Yoast SEO plugin. -->","yoast_head_json":{"title":"Sorte VG Solbriller - San Siro | Brune fade glas | K\u00f8b online her | LOCS","description":"K\u00f8b Sorte VG Solbriller - San Siro | Brune fade glas her | EU's st\u00f8rste udvalg af LOCS solbriller | Vi sender fra EU - Ingen ekstra import udgifter","robots":{"index":"index","follow":"follow","max-snippet":"max-snippet:-1","max-image-preview":"max-image-preview:large","max-video-preview":"max-video-preview:-1"},"canonical":"https:\/\/locsshop.eu\/de\/shop\/sorte-vg-solbriller-san-siro-brune-fade-glas\/","og_locale":"de_DE","og_type":"article","og_title":"Sorte VG Solbriller - San Siro | Brune fade glas | K\u00f8b online her | LOCS","og_description":"K\u00f8b Sorte VG Solbriller - San Siro | Brune fade glas her | EU's st\u00f8rste udvalg af LOCS solbriller | Vi sender fra EU - Ingen ekstra import udgifter","og_url":"https:\/\/locsshop.eu\/de\/shop\/sorte-vg-solbriller-san-siro-brune-fade-glas\/","og_site_name":"Locs Sunglasses - LOCS Supplier in EU","article_modified_time":"2025-07-17T16:48:36+00:00","og_image":[{"width":800,"height":800,"url":"https:\/\/locsshop.eu\/wp-content\/uploads\/2025\/07\/8VG29708-BK-BNFE.jpg","type":"image\/jpeg"}],"twitter_card":"summary_large_image","twitter_misc":{"Gesch\u00e4tzte Lesezeit":"1\u00a0Minute"},"schema":{"@context":"https:\/\/schema.org","@graph":[{"@type":"WebPage","@id":"https:\/\/locsshop.eu\/shop\/sorte-vg-solbriller-san-siro-brune-fade-glas\/","url":"https:\/\/locsshop.eu\/shop\/sorte-vg-solbriller-san-siro-brune-fade-glas\/","name":"Sorte VG Solbriller - San Siro | Brune fade glas | K\u00f8b online her | LOCS","isPartOf":{"@id":"https:\/\/locsshop.eu\/#website"},"primaryImageOfPage":{"@id":"https:\/\/locsshop.eu\/shop\/sorte-vg-solbriller-san-siro-brune-fade-glas\/#primaryimage"},"image":{"@id":"https:\/\/locsshop.eu\/shop\/sorte-vg-solbriller-san-siro-brune-fade-glas\/#primaryimage"},"thumbnailUrl":"https:\/\/locsshop.eu\/wp-content\/uploads\/2025\/07\/8VG29708-BK-BNFE.jpg","datePublished":"2025-07-17T10:03:00+00:00","dateModified":"2025-07-17T16:48:36+00:00","description":"K\u00f8b Sorte VG Solbriller - San Siro | Brune fade glas her | EU's st\u00f8rste udvalg af LOCS solbriller | Vi sender fra EU - Ingen ekstra import udgifter","breadcrumb":{"@id":"https:\/\/locsshop.eu\/shop\/sorte-vg-solbriller-san-siro-brune-fade-glas\/#breadcrumb"},"inLanguage":"de","potentialAction":[{"@type":"ReadAction","target":["https:\/\/locsshop.eu\/shop\/sorte-vg-solbriller-san-siro-brune-fade-glas\/"]}]},{"@type":"ImageObject","inLanguage":"de","@id":"https:\/\/locsshop.eu\/shop\/sorte-vg-solbriller-san-siro-brune-fade-glas\/#primaryimage","url":"https:\/\/locsshop.eu\/wp-content\/uploads\/2025\/07\/8VG29708-BK-BNFE.jpg","contentUrl":"https:\/\/locsshop.eu\/wp-content\/uploads\/2025\/07\/8VG29708-BK-BNFE.jpg","width":800,"height":800},{"@type":"BreadcrumbList","@id":"https:\/\/locsshop.eu\/shop\/sorte-vg-solbriller-san-siro-brune-fade-glas\/#breadcrumb","itemListElement":[{"@type":"ListItem","position":1,"name":"Hjem","item":"https:\/\/locsshop.eu\/"},{"@type":"ListItem","position":2,"name":"Shop","item":"https:\/\/locsshop.eu\/shop\/"},{"@type":"ListItem","position":3,"name":"Sorte VG Solbriller &#8211; San Siro | Brune fade glas"}]},{"@type":"WebSite","@id":"https:\/\/locsshop.eu\/#website","url":"https:\/\/locsshop.eu\/","name":"Locs Sonnenbrillen \u2013 LOCS-Lieferant in der EU","description":"Wir verkaufen g\u00fcnstige LOCS Sonnenbrillen","publisher":{"@id":"https:\/\/locsshop.eu\/#organization"},"potentialAction":[{"@type":"SearchAction","target":{"@type":"EntryPoint","urlTemplate":"https:\/\/locsshop.eu\/?s={search_term_string}"},"query-input":{"@type":"PropertyValueSpecification","valueRequired":true,"valueName":"search_term_string"}}],"inLanguage":"de"},{"@type":"Organization","@id":"https:\/\/locsshop.eu\/#organization","name":"Locsshop.eu","url":"https:\/\/locsshop.eu\/","logo":{"@type":"ImageObject","inLanguage":"de","@id":"https:\/\/locsshop.eu\/#\/schema\/logo\/image\/","url":"https:\/\/locsshop.eu\/wp-content\/uploads\/2022\/02\/Locsshop-logo.png","contentUrl":"https:\/\/locsshop.eu\/wp-content\/uploads\/2022\/02\/Locsshop-logo.png","width":930,"height":200,"caption":"Locsshop.eu"},"image":{"@id":"https:\/\/locsshop.eu\/#\/schema\/logo\/image\/"}}]}},"_links":{"self":[{"href":"https:\/\/locsshop.eu\/de\/wp-json\/wp\/v2\/product\/14362","targetHints":{"allow":["GET"]}}],"collection":[{"href":"https:\/\/locsshop.eu\/de\/wp-json\/wp\/v2\/product"}],"about":[{"href":"https:\/\/locsshop.eu\/de\/wp-json\/wp\/v2\/types\/product"}],"replies":[{"embeddable":true,"href":"https:\/\/locsshop.eu\/de\/wp-json\/wp\/v2\/comments?post=14362"}],"wp:featuredmedia":[{"embeddable":true,"href":"https:\/\/locsshop.eu\/de\/wp-json\/wp\/v2\/media\/14361"}],"wp:attachment":[{"href":"https:\/\/locsshop.eu\/de\/wp-json\/wp\/v2\/media?parent=14362"}],"wp:term":[{"taxonomy":"product_brand","embeddable":true,"href":"https:\/\/locsshop.eu\/de\/wp-json\/wp\/v2\/product_brand?post=14362"},{"taxonomy":"product_cat","embeddable":true,"href":"https:\/\/locsshop.eu\/de\/wp-json\/wp\/v2\/product_cat?post=14362"},{"taxonomy":"product_tag","embeddable":true,"href":"https:\/\/locsshop.eu\/de\/wp-json\/wp\/v2\/product_tag?post=14362"}],"curies":[{"name":"wp","href":"https:\/\/api.w.org\/{rel}","templated":true}]}}