{"id":5493,"date":"2022-05-09T10:43:37","date_gmt":"2022-05-09T08:43:37","guid":{"rendered":"https:\/\/locsshop.eu\/shop\/diamant-cateye-solbriller-blaa\/"},"modified":"2026-04-06T10:20:48","modified_gmt":"2026-04-06T08:20:48","slug":"diamant-cateye-solbriller-blaa","status":"publish","type":"product","link":"https:\/\/locsshop.eu\/de\/shop\/diamant-cateye-solbriller-blaa\/","title":{"rendered":"Diamond Cateye-Sonnenbrille \u2013 Blau"},"content":{"rendered":"<h2>Coole Damensonnenbrille in blau verblasster Cateye-Fassung<\/h2>\n<p>Wundersch\u00f6ne Damensonnenbrille mit sch\u00f6nen diamant\u00e4hnlichen Steinen an der Seite und mit einem sch\u00f6nen Metalldetail in der Mitte.<br \/>\nHergestellt in einem sch\u00f6nen Cateye-Fade-Rahmen, der in der Mitte braun ist und in Braun \u00fcbergeht.<br \/>\nDiese elegante Sonnenbrille hat bequeme braune Gl\u00e4ser.<\/p>\n<p>Innenbreite: 12,7 cm<br \/>\nAu\u00dfenbreite: 14 cm<br \/>\nStangenl\u00e4nge: 14,2 cm<br \/>\nMaterial: Kunststoff<br \/>\nUV400-Schutz<br \/>\nCE-gepr\u00fcft<\/p>","protected":false},"excerpt":{"rendered":"<p><strong>Blaue Cateye-Fade-Sonnenbrille mit &quot;Diamanten&quot;<\/strong><br \/>\nF\u00fcr Damen<\/p>\n<p>Plastik Rahmen<br \/>\nCE-gepr\u00fcft<br \/>\nUV400-Schutz<\/p>","protected":false},"featured_media":7490,"comment_status":"open","ping_status":"closed","template":"","meta":{"om_disable_all_campaigns":false,"_monsterinsights_skip_tracking":false,"_monsterinsights_sitenote_active":false,"_monsterinsights_sitenote_note":"","_monsterinsights_sitenote_category":0},"product_brand":[],"product_cat":[1026,1027,1025],"product_tag":[435,436,437,438,439,870],"class_list":{"0":"post-5493","1":"product","2":"type-product","3":"status-publish","4":"has-post-thumbnail","6":"product_cat-dame-solbriller","7":"product_cat-andre-dame-solbriller","8":"product_cat-billige-solbriller","9":"product_tag-cateye","10":"product_tag-dame","11":"product_tag-damer","12":"product_tag-diamant","13":"product_tag-p10021","14":"product_tag-p693","16":"first","17":"instock","18":"shipping-taxable","19":"purchasable","20":"product-type-simple"},"yoast_head":"<!-- This site is optimized with the Yoast SEO plugin v27.5 - https:\/\/yoast.com\/product\/yoast-seo-wordpress\/ -->\n<title>Cool lady sunglasses in blue fade frame | With small &quot;diamonds&quot;<\/title>\n<meta name=\"description\" content=\"Beautiful lady sunglasses with nice stones on the side, Made in a nice shiny cateye fade frame. | See the selection of cheap sunglasses now\" \/>\n<meta name=\"robots\" content=\"index, follow, max-snippet:-1, max-image-preview:large, max-video-preview:-1\" \/>\n<link rel=\"canonical\" href=\"https:\/\/locsshop.eu\/de\/shop\/diamant-cateye-solbriller-blaa\/\" \/>\n<meta property=\"og:locale\" content=\"de_DE\" \/>\n<meta property=\"og:type\" content=\"article\" \/>\n<meta property=\"og:title\" content=\"Cool lady sunglasses in blue fade frame | With small &quot;diamonds&quot;\" \/>\n<meta property=\"og:description\" content=\"Beautiful lady sunglasses with nice stones on the side, Made in a nice shiny cateye fade frame. | See the selection of cheap sunglasses now\" \/>\n<meta property=\"og:url\" content=\"https:\/\/locsshop.eu\/de\/shop\/diamant-cateye-solbriller-blaa\/\" \/>\n<meta property=\"og:site_name\" content=\"Locs Sunglasses - LOCS Supplier in EU\" \/>\n<meta property=\"article:modified_time\" content=\"2026-04-06T08:20:48+00:00\" \/>\n<meta property=\"og:image\" content=\"https:\/\/locsshop.eu\/wp-content\/uploads\/2022\/05\/P10021BE-1.jpg\" \/>\n\t<meta property=\"og:image:width\" content=\"800\" \/>\n\t<meta property=\"og:image:height\" content=\"800\" \/>\n\t<meta property=\"og:image:type\" content=\"image\/jpeg\" \/>\n<meta name=\"twitter:card\" content=\"summary_large_image\" \/>\n<script type=\"application\/ld+json\" class=\"yoast-schema-graph\">{\"@context\":\"https:\\\/\\\/schema.org\",\"@graph\":[{\"@type\":\"WebPage\",\"@id\":\"https:\\\/\\\/locsshop.eu\\\/shop\\\/diamant-cateye-solbriller-blaa\\\/\",\"url\":\"https:\\\/\\\/locsshop.eu\\\/shop\\\/diamant-cateye-solbriller-blaa\\\/\",\"name\":\"Cool lady sunglasses in blue fade frame | With small \\\"diamonds\\\"\",\"isPartOf\":{\"@id\":\"https:\\\/\\\/locsshop.eu\\\/#website\"},\"primaryImageOfPage\":{\"@id\":\"https:\\\/\\\/locsshop.eu\\\/shop\\\/diamant-cateye-solbriller-blaa\\\/#primaryimage\"},\"image\":{\"@id\":\"https:\\\/\\\/locsshop.eu\\\/shop\\\/diamant-cateye-solbriller-blaa\\\/#primaryimage\"},\"thumbnailUrl\":\"https:\\\/\\\/locsshop.eu\\\/wp-content\\\/uploads\\\/2022\\\/05\\\/P10021BE-1.jpg\",\"datePublished\":\"2022-05-09T08:43:37+00:00\",\"dateModified\":\"2026-04-06T08:20:48+00:00\",\"description\":\"Beautiful lady sunglasses with nice stones on the side, Made in a nice shiny cateye fade frame. | See the selection of cheap sunglasses now\",\"breadcrumb\":{\"@id\":\"https:\\\/\\\/locsshop.eu\\\/shop\\\/diamant-cateye-solbriller-blaa\\\/#breadcrumb\"},\"inLanguage\":\"de\",\"potentialAction\":[{\"@type\":\"ReadAction\",\"target\":[\"https:\\\/\\\/locsshop.eu\\\/shop\\\/diamant-cateye-solbriller-blaa\\\/\"]}]},{\"@type\":\"ImageObject\",\"inLanguage\":\"de\",\"@id\":\"https:\\\/\\\/locsshop.eu\\\/shop\\\/diamant-cateye-solbriller-blaa\\\/#primaryimage\",\"url\":\"https:\\\/\\\/locsshop.eu\\\/wp-content\\\/uploads\\\/2022\\\/05\\\/P10021BE-1.jpg\",\"contentUrl\":\"https:\\\/\\\/locsshop.eu\\\/wp-content\\\/uploads\\\/2022\\\/05\\\/P10021BE-1.jpg\",\"width\":800,\"height\":800},{\"@type\":\"BreadcrumbList\",\"@id\":\"https:\\\/\\\/locsshop.eu\\\/shop\\\/diamant-cateye-solbriller-blaa\\\/#breadcrumb\",\"itemListElement\":[{\"@type\":\"ListItem\",\"position\":1,\"name\":\"Hjem\",\"item\":\"https:\\\/\\\/locsshop.eu\\\/\"},{\"@type\":\"ListItem\",\"position\":2,\"name\":\"Shop\",\"item\":\"https:\\\/\\\/locsshop.eu\\\/shop\\\/\"},{\"@type\":\"ListItem\",\"position\":3,\"name\":\"Diamant Cateye Solbriller &#8211; Bl\u00e5\"}]},{\"@type\":\"WebSite\",\"@id\":\"https:\\\/\\\/locsshop.eu\\\/#website\",\"url\":\"https:\\\/\\\/locsshop.eu\\\/\",\"name\":\"Locs Sunglasses - LOCS Supplier in EU\",\"description\":\"We sell cheap LOCS Sunglasses\",\"publisher\":{\"@id\":\"https:\\\/\\\/locsshop.eu\\\/#organization\"},\"potentialAction\":[{\"@type\":\"SearchAction\",\"target\":{\"@type\":\"EntryPoint\",\"urlTemplate\":\"https:\\\/\\\/locsshop.eu\\\/?s={search_term_string}\"},\"query-input\":{\"@type\":\"PropertyValueSpecification\",\"valueRequired\":true,\"valueName\":\"search_term_string\"}}],\"inLanguage\":\"de\"},{\"@type\":\"Organization\",\"@id\":\"https:\\\/\\\/locsshop.eu\\\/#organization\",\"name\":\"Locsshop.eu\",\"url\":\"https:\\\/\\\/locsshop.eu\\\/\",\"logo\":{\"@type\":\"ImageObject\",\"inLanguage\":\"de\",\"@id\":\"https:\\\/\\\/locsshop.eu\\\/#\\\/schema\\\/logo\\\/image\\\/\",\"url\":\"https:\\\/\\\/locsshop.eu\\\/wp-content\\\/uploads\\\/2022\\\/02\\\/Locsshop-logo.png\",\"contentUrl\":\"https:\\\/\\\/locsshop.eu\\\/wp-content\\\/uploads\\\/2022\\\/02\\\/Locsshop-logo.png\",\"width\":930,\"height\":200,\"caption\":\"Locsshop.eu\"},\"image\":{\"@id\":\"https:\\\/\\\/locsshop.eu\\\/#\\\/schema\\\/logo\\\/image\\\/\"}}]}<\/script>\n<!-- \/ Yoast SEO plugin. -->","yoast_head_json":{"title":"Coole Damensonnenbrille mit blauem Blendrahmen | Mit kleinen &quot;Diamanten&quot;","description":"Sch\u00f6ne Damensonnenbrille mit sch\u00f6nen Steinen an der Seite, hergestellt in einem sch\u00f6nen gl\u00e4nzenden Cateye-Fade-Rahmen. | Sehen Sie sich jetzt die Auswahl an g\u00fcnstigen Sonnenbrillen an","robots":{"index":"index","follow":"follow","max-snippet":"max-snippet:-1","max-image-preview":"max-image-preview:large","max-video-preview":"max-video-preview:-1"},"canonical":"https:\/\/locsshop.eu\/de\/shop\/diamant-cateye-solbriller-blaa\/","og_locale":"de_DE","og_type":"article","og_title":"Cool lady sunglasses in blue fade frame | With small \"diamonds\"","og_description":"Beautiful lady sunglasses with nice stones on the side, Made in a nice shiny cateye fade frame. | See the selection of cheap sunglasses now","og_url":"https:\/\/locsshop.eu\/de\/shop\/diamant-cateye-solbriller-blaa\/","og_site_name":"Locs Sunglasses - LOCS Supplier in EU","article_modified_time":"2026-04-06T08:20:48+00:00","og_image":[{"width":800,"height":800,"url":"https:\/\/locsshop.eu\/wp-content\/uploads\/2022\/05\/P10021BE-1.jpg","type":"image\/jpeg"}],"twitter_card":"summary_large_image","schema":{"@context":"https:\/\/schema.org","@graph":[{"@type":"WebPage","@id":"https:\/\/locsshop.eu\/shop\/diamant-cateye-solbriller-blaa\/","url":"https:\/\/locsshop.eu\/shop\/diamant-cateye-solbriller-blaa\/","name":"Coole Damensonnenbrille mit blauem Blendrahmen | Mit kleinen &quot;Diamanten&quot;","isPartOf":{"@id":"https:\/\/locsshop.eu\/#website"},"primaryImageOfPage":{"@id":"https:\/\/locsshop.eu\/shop\/diamant-cateye-solbriller-blaa\/#primaryimage"},"image":{"@id":"https:\/\/locsshop.eu\/shop\/diamant-cateye-solbriller-blaa\/#primaryimage"},"thumbnailUrl":"https:\/\/locsshop.eu\/wp-content\/uploads\/2022\/05\/P10021BE-1.jpg","datePublished":"2022-05-09T08:43:37+00:00","dateModified":"2026-04-06T08:20:48+00:00","description":"Sch\u00f6ne Damensonnenbrille mit sch\u00f6nen Steinen an der Seite, hergestellt in einem sch\u00f6nen gl\u00e4nzenden Cateye-Fade-Rahmen. | Sehen Sie sich jetzt die Auswahl an g\u00fcnstigen Sonnenbrillen an","breadcrumb":{"@id":"https:\/\/locsshop.eu\/shop\/diamant-cateye-solbriller-blaa\/#breadcrumb"},"inLanguage":"de","potentialAction":[{"@type":"ReadAction","target":["https:\/\/locsshop.eu\/shop\/diamant-cateye-solbriller-blaa\/"]}]},{"@type":"ImageObject","inLanguage":"de","@id":"https:\/\/locsshop.eu\/shop\/diamant-cateye-solbriller-blaa\/#primaryimage","url":"https:\/\/locsshop.eu\/wp-content\/uploads\/2022\/05\/P10021BE-1.jpg","contentUrl":"https:\/\/locsshop.eu\/wp-content\/uploads\/2022\/05\/P10021BE-1.jpg","width":800,"height":800},{"@type":"BreadcrumbList","@id":"https:\/\/locsshop.eu\/shop\/diamant-cateye-solbriller-blaa\/#breadcrumb","itemListElement":[{"@type":"ListItem","position":1,"name":"Hjem","item":"https:\/\/locsshop.eu\/"},{"@type":"ListItem","position":2,"name":"Shop","item":"https:\/\/locsshop.eu\/shop\/"},{"@type":"ListItem","position":3,"name":"Diamant Cateye Solbriller &#8211; Bl\u00e5"}]},{"@type":"WebSite","@id":"https:\/\/locsshop.eu\/#website","url":"https:\/\/locsshop.eu\/","name":"Locs Sonnenbrillen \u2013 LOCS-Lieferant in der EU","description":"Wir verkaufen g\u00fcnstige LOCS Sonnenbrillen","publisher":{"@id":"https:\/\/locsshop.eu\/#organization"},"potentialAction":[{"@type":"SearchAction","target":{"@type":"EntryPoint","urlTemplate":"https:\/\/locsshop.eu\/?s={search_term_string}"},"query-input":{"@type":"PropertyValueSpecification","valueRequired":true,"valueName":"search_term_string"}}],"inLanguage":"de"},{"@type":"Organization","@id":"https:\/\/locsshop.eu\/#organization","name":"Locsshop.eu","url":"https:\/\/locsshop.eu\/","logo":{"@type":"ImageObject","inLanguage":"de","@id":"https:\/\/locsshop.eu\/#\/schema\/logo\/image\/","url":"https:\/\/locsshop.eu\/wp-content\/uploads\/2022\/02\/Locsshop-logo.png","contentUrl":"https:\/\/locsshop.eu\/wp-content\/uploads\/2022\/02\/Locsshop-logo.png","width":930,"height":200,"caption":"Locsshop.eu"},"image":{"@id":"https:\/\/locsshop.eu\/#\/schema\/logo\/image\/"}}]}},"_links":{"self":[{"href":"https:\/\/locsshop.eu\/de\/wp-json\/wp\/v2\/product\/5493","targetHints":{"allow":["GET"]}}],"collection":[{"href":"https:\/\/locsshop.eu\/de\/wp-json\/wp\/v2\/product"}],"about":[{"href":"https:\/\/locsshop.eu\/de\/wp-json\/wp\/v2\/types\/product"}],"replies":[{"embeddable":true,"href":"https:\/\/locsshop.eu\/de\/wp-json\/wp\/v2\/comments?post=5493"}],"wp:featuredmedia":[{"embeddable":true,"href":"https:\/\/locsshop.eu\/de\/wp-json\/wp\/v2\/media\/7490"}],"wp:attachment":[{"href":"https:\/\/locsshop.eu\/de\/wp-json\/wp\/v2\/media?parent=5493"}],"wp:term":[{"taxonomy":"product_brand","embeddable":true,"href":"https:\/\/locsshop.eu\/de\/wp-json\/wp\/v2\/product_brand?post=5493"},{"taxonomy":"product_cat","embeddable":true,"href":"https:\/\/locsshop.eu\/de\/wp-json\/wp\/v2\/product_cat?post=5493"},{"taxonomy":"product_tag","embeddable":true,"href":"https:\/\/locsshop.eu\/de\/wp-json\/wp\/v2\/product_tag?post=5493"}],"curies":[{"name":"wp","href":"https:\/\/api.w.org\/{rel}","templated":true}]}}