{"id":5584,"date":"2022-02-17T14:26:15","date_gmt":"2022-02-17T13:26:15","guid":{"rendered":"https:\/\/locsshop.eu\/shop\/opbevaringskasse-til-10-ure\/"},"modified":"2024-07-13T20:19:07","modified_gmt":"2024-07-13T18:19:07","slug":"opbevaringskasse-til-10-ure-2","status":"publish","type":"product","link":"https:\/\/locsshop.eu\/de\/shop\/opbevaringskasse-til-10-ure-2\/","title":{"rendered":"Aufbewahrungsbox f\u00fcr 10 Uhren"},"content":{"rendered":"<h2>Sch\u00f6ne Aufbewahrungsbox f\u00fcr 6 Uhren und 3 Sonnenbrillen<\/h2>\n<p>Elegante Aufbewahrungsbox f\u00fcr Uhren mit Platz f\u00fcr 10 Uhren.<br \/>\nDie elegante Box f\u00fcr Uhren hat 10 F\u00e4cher, in denen Sie nicht nur Uhren, sondern auch anderen Schmuck aufbewahren k\u00f6nnen.<\/p>\n<p>Die Box hat eine elegante schwarze Farbe und sichtbare helle N\u00e4hte, die Eleganz und Stil verleihen. Der Deckel des Uhrenetuis ist transparent (Acrylglas), sodass das Uhrenetui nicht nur zur Aufbewahrung, sondern auch zur eleganten Pr\u00e4sentation Ihrer sch\u00f6nen Uhren verwendet werden kann. Die Uhrenbox wird ein echtes, n\u00fctzliches Geschenk sein, das jeder zu sch\u00e4tzen wissen wird. Sie k\u00f6nnen auch Armb\u00e4nder und anderen Schmuck in der Box aufbewahren. Die Trennw\u00e4nde haben spezielle Eins\u00e4tze, die in einem beliebigen Winkel eingestellt oder komplett entfernt werden k\u00f6nnen. Dank solcher Optionen eignet sich die Box f\u00fcr Uhren zur Aufbewahrung vieler verschiedener Arten von Schmuck und vielem mehr. Das Uhrenetui hat einen gepolsterten Innenraum mit einem speziellen, au\u00dfergew\u00f6hnlich weichen Material. Dieses Material sch\u00fctzt den Inhalt vor Kratzern. Die Trennw\u00e4nde sind durch h\u00f6here W\u00e4nde voneinander getrennt, was das aufbewahrte Zubeh\u00f6r vor unerw\u00fcnschtem Kontakt sch\u00fctzt, der zu Besch\u00e4digungen f\u00fchren k\u00f6nnte. Das Geh\u00e4use verf\u00fcgt au\u00dferdem \u00fcber einen speziellen Riemen, der den ge\u00f6ffneten Deckel st\u00fctzt und gleichzeitig das Innere und den Inhalt des Uhrengeh\u00e4uses sch\u00fctzt. Bevor Sie versehentlich den Inhalt der Box versch\u00fctten.<\/p>\n<p>\u00c4STHETISCH UND ELEGANT \u2013 Die Box ist mit Liebe zum Detail gefertigt, pr\u00e4sentiert sich sch\u00f6n und bringt ihren Inhalt wunderbar zur Geltung.<\/p>\n<p>UNIVERSAL \u2013 Verwenden Sie dies nicht nur f\u00fcr Uhren, sondern auch f\u00fcr Armb\u00e4nder und anderen Schmuck usw.<\/p>\n<p>SCHUTZBESCHICHTUNG \u2013 Die Innenseite der Box ist mit einem weichen Material gepolstert, sodass der Inhalt vor Kratzern gesch\u00fctzt ist.<\/p>\n<p>SPEZIFIKATION -<br \/>\nZimmeranzahl: 10<br \/>\nFarbe schwarz<br \/>\nMa\u00dfe (L\u00e4nge x Breite x H\u00f6he): 20,3 x 25,3 x 8,0 cm,<br \/>\nAbmessungen Trennwand (L\u00e4nge x Breite): 9 x 4,5 cm.<\/p>\n<p>(Ohne Uhren)<\/p>","protected":false},"excerpt":{"rendered":"<ul>\n<li><strong>Aufbewahrungsbox f\u00fcr Uhren.<\/strong><\/li>\n<li><strong>Kann 10 Uhren halten.<\/strong><\/li>\n<li><strong>Perfekt f\u00fcr zu Hause.<\/strong><\/li>\n<li><strong>Vermeiden Sie Kratzer und Staub auf Ihren Uhren.<\/strong><\/li>\n<li><strong>Perfekt f\u00fcr Ihren Walk-in<\/strong><\/li>\n<\/ul>","protected":false},"featured_media":7560,"comment_status":"open","ping_status":"closed","template":"","meta":{"om_disable_all_campaigns":false,"_monsterinsights_skip_tracking":false,"_monsterinsights_sitenote_active":false,"_monsterinsights_sitenote_note":"","_monsterinsights_sitenote_category":0},"product_brand":[],"product_cat":[1041],"product_tag":[504,505,506,507,837],"class_list":{"0":"post-5584","1":"product","2":"type-product","3":"status-publish","4":"has-post-thumbnail","6":"product_cat-etuier-tilbehoer","7":"product_tag-aeske","8":"product_tag-boks","9":"product_tag-kasse","10":"product_tag-opbevaring","11":"product_tag-s1363","13":"first","14":"outofstock","15":"shipping-taxable","16":"purchasable","17":"product-type-simple"},"yoast_head":"<!-- This site is optimized with the Yoast SEO plugin v27.5 - https:\/\/yoast.com\/product\/yoast-seo-wordpress\/ -->\n<title>Opbevaringskasse til 10 ure | K\u00f8b online her | LOCS<\/title>\n<meta name=\"description\" content=\"K\u00f8b Opbevaringskasse til 10 ure her | EU&#039;s st\u00f8rste udvalg af LOCS solbriller | Vi sender fra EU - Ingen ekstra import udgifter\" \/>\n<meta name=\"robots\" content=\"index, follow, max-snippet:-1, max-image-preview:large, max-video-preview:-1\" \/>\n<link rel=\"canonical\" href=\"https:\/\/locsshop.eu\/de\/shop\/opbevaringskasse-til-10-ure-2\/\" \/>\n<meta property=\"og:locale\" content=\"de_DE\" \/>\n<meta property=\"og:type\" content=\"article\" \/>\n<meta property=\"og:title\" content=\"Opbevaringskasse til 10 ure | K\u00f8b online her | LOCS\" \/>\n<meta property=\"og:description\" content=\"K\u00f8b Opbevaringskasse til 10 ure her | EU&#039;s st\u00f8rste udvalg af LOCS solbriller | Vi sender fra EU - Ingen ekstra import udgifter\" \/>\n<meta property=\"og:url\" content=\"https:\/\/locsshop.eu\/de\/shop\/opbevaringskasse-til-10-ure-2\/\" \/>\n<meta property=\"og:site_name\" content=\"Locs Sunglasses - LOCS Supplier in EU\" \/>\n<meta property=\"article:modified_time\" content=\"2024-07-13T18:19:07+00:00\" \/>\n<meta property=\"og:image\" content=\"https:\/\/locsshop.eu\/wp-content\/uploads\/2022\/02\/10789_4-1.jpg\" \/>\n\t<meta property=\"og:image:width\" content=\"800\" \/>\n\t<meta property=\"og:image:height\" content=\"800\" \/>\n\t<meta property=\"og:image:type\" content=\"image\/jpeg\" \/>\n<meta name=\"twitter:card\" content=\"summary_large_image\" \/>\n<meta name=\"twitter:label1\" content=\"Gesch\u00e4tzte Lesezeit\" \/>\n\t<meta name=\"twitter:data1\" content=\"2\u00a0Minuten\" \/>\n<script type=\"application\/ld+json\" class=\"yoast-schema-graph\">{\"@context\":\"https:\\\/\\\/schema.org\",\"@graph\":[{\"@type\":\"WebPage\",\"@id\":\"https:\\\/\\\/locsshop.eu\\\/shop\\\/opbevaringskasse-til-10-ure-2\\\/\",\"url\":\"https:\\\/\\\/locsshop.eu\\\/shop\\\/opbevaringskasse-til-10-ure-2\\\/\",\"name\":\"Opbevaringskasse til 10 ure | K\u00f8b online her | LOCS\",\"isPartOf\":{\"@id\":\"https:\\\/\\\/locsshop.eu\\\/#website\"},\"primaryImageOfPage\":{\"@id\":\"https:\\\/\\\/locsshop.eu\\\/shop\\\/opbevaringskasse-til-10-ure-2\\\/#primaryimage\"},\"image\":{\"@id\":\"https:\\\/\\\/locsshop.eu\\\/shop\\\/opbevaringskasse-til-10-ure-2\\\/#primaryimage\"},\"thumbnailUrl\":\"https:\\\/\\\/locsshop.eu\\\/wp-content\\\/uploads\\\/2022\\\/02\\\/10789_4-1.jpg\",\"datePublished\":\"2022-02-17T13:26:15+00:00\",\"dateModified\":\"2024-07-13T18:19:07+00:00\",\"description\":\"K\u00f8b Opbevaringskasse til 10 ure her | EU's st\u00f8rste udvalg af LOCS solbriller | Vi sender fra EU - Ingen ekstra import udgifter\",\"breadcrumb\":{\"@id\":\"https:\\\/\\\/locsshop.eu\\\/shop\\\/opbevaringskasse-til-10-ure-2\\\/#breadcrumb\"},\"inLanguage\":\"de\",\"potentialAction\":[{\"@type\":\"ReadAction\",\"target\":[\"https:\\\/\\\/locsshop.eu\\\/shop\\\/opbevaringskasse-til-10-ure-2\\\/\"]}]},{\"@type\":\"ImageObject\",\"inLanguage\":\"de\",\"@id\":\"https:\\\/\\\/locsshop.eu\\\/shop\\\/opbevaringskasse-til-10-ure-2\\\/#primaryimage\",\"url\":\"https:\\\/\\\/locsshop.eu\\\/wp-content\\\/uploads\\\/2022\\\/02\\\/10789_4-1.jpg\",\"contentUrl\":\"https:\\\/\\\/locsshop.eu\\\/wp-content\\\/uploads\\\/2022\\\/02\\\/10789_4-1.jpg\",\"width\":800,\"height\":800},{\"@type\":\"BreadcrumbList\",\"@id\":\"https:\\\/\\\/locsshop.eu\\\/shop\\\/opbevaringskasse-til-10-ure-2\\\/#breadcrumb\",\"itemListElement\":[{\"@type\":\"ListItem\",\"position\":1,\"name\":\"Hjem\",\"item\":\"https:\\\/\\\/locsshop.eu\\\/\"},{\"@type\":\"ListItem\",\"position\":2,\"name\":\"Shop\",\"item\":\"https:\\\/\\\/locsshop.eu\\\/shop\\\/\"},{\"@type\":\"ListItem\",\"position\":3,\"name\":\"Opbevaringskasse til 10 ure\"}]},{\"@type\":\"WebSite\",\"@id\":\"https:\\\/\\\/locsshop.eu\\\/#website\",\"url\":\"https:\\\/\\\/locsshop.eu\\\/\",\"name\":\"Locs Sunglasses - LOCS Supplier in EU\",\"description\":\"We sell cheap LOCS Sunglasses\",\"publisher\":{\"@id\":\"https:\\\/\\\/locsshop.eu\\\/#organization\"},\"potentialAction\":[{\"@type\":\"SearchAction\",\"target\":{\"@type\":\"EntryPoint\",\"urlTemplate\":\"https:\\\/\\\/locsshop.eu\\\/?s={search_term_string}\"},\"query-input\":{\"@type\":\"PropertyValueSpecification\",\"valueRequired\":true,\"valueName\":\"search_term_string\"}}],\"inLanguage\":\"de\"},{\"@type\":\"Organization\",\"@id\":\"https:\\\/\\\/locsshop.eu\\\/#organization\",\"name\":\"Locsshop.eu\",\"url\":\"https:\\\/\\\/locsshop.eu\\\/\",\"logo\":{\"@type\":\"ImageObject\",\"inLanguage\":\"de\",\"@id\":\"https:\\\/\\\/locsshop.eu\\\/#\\\/schema\\\/logo\\\/image\\\/\",\"url\":\"https:\\\/\\\/locsshop.eu\\\/wp-content\\\/uploads\\\/2022\\\/02\\\/Locsshop-logo.png\",\"contentUrl\":\"https:\\\/\\\/locsshop.eu\\\/wp-content\\\/uploads\\\/2022\\\/02\\\/Locsshop-logo.png\",\"width\":930,\"height\":200,\"caption\":\"Locsshop.eu\"},\"image\":{\"@id\":\"https:\\\/\\\/locsshop.eu\\\/#\\\/schema\\\/logo\\\/image\\\/\"}}]}<\/script>\n<!-- \/ Yoast SEO plugin. -->","yoast_head_json":{"title":"Aufbewahrungsbox f\u00fcr 10 Uhren | Hier online kaufen | LOK","description":"Kaufen Sie hier Aufbewahrungskoffer f\u00fcr 10 Uhren | Die gr\u00f6\u00dfte Auswahl an LOCS-Sonnenbrillen in der EU | Wir versenden aus der EU - Keine zus\u00e4tzlichen Importkosten","robots":{"index":"index","follow":"follow","max-snippet":"max-snippet:-1","max-image-preview":"max-image-preview:large","max-video-preview":"max-video-preview:-1"},"canonical":"https:\/\/locsshop.eu\/de\/shop\/opbevaringskasse-til-10-ure-2\/","og_locale":"de_DE","og_type":"article","og_title":"Opbevaringskasse til 10 ure | K\u00f8b online her | LOCS","og_description":"K\u00f8b Opbevaringskasse til 10 ure her | EU's st\u00f8rste udvalg af LOCS solbriller | Vi sender fra EU - Ingen ekstra import udgifter","og_url":"https:\/\/locsshop.eu\/de\/shop\/opbevaringskasse-til-10-ure-2\/","og_site_name":"Locs Sunglasses - LOCS Supplier in EU","article_modified_time":"2024-07-13T18:19:07+00:00","og_image":[{"width":800,"height":800,"url":"https:\/\/locsshop.eu\/wp-content\/uploads\/2022\/02\/10789_4-1.jpg","type":"image\/jpeg"}],"twitter_card":"summary_large_image","twitter_misc":{"Gesch\u00e4tzte Lesezeit":"2\u00a0Minuten"},"schema":{"@context":"https:\/\/schema.org","@graph":[{"@type":"WebPage","@id":"https:\/\/locsshop.eu\/shop\/opbevaringskasse-til-10-ure-2\/","url":"https:\/\/locsshop.eu\/shop\/opbevaringskasse-til-10-ure-2\/","name":"Aufbewahrungsbox f\u00fcr 10 Uhren | Hier online kaufen | LOK","isPartOf":{"@id":"https:\/\/locsshop.eu\/#website"},"primaryImageOfPage":{"@id":"https:\/\/locsshop.eu\/shop\/opbevaringskasse-til-10-ure-2\/#primaryimage"},"image":{"@id":"https:\/\/locsshop.eu\/shop\/opbevaringskasse-til-10-ure-2\/#primaryimage"},"thumbnailUrl":"https:\/\/locsshop.eu\/wp-content\/uploads\/2022\/02\/10789_4-1.jpg","datePublished":"2022-02-17T13:26:15+00:00","dateModified":"2024-07-13T18:19:07+00:00","description":"Kaufen Sie hier Aufbewahrungskoffer f\u00fcr 10 Uhren | Die gr\u00f6\u00dfte Auswahl an LOCS-Sonnenbrillen in der EU | Wir versenden aus der EU - Keine zus\u00e4tzlichen Importkosten","breadcrumb":{"@id":"https:\/\/locsshop.eu\/shop\/opbevaringskasse-til-10-ure-2\/#breadcrumb"},"inLanguage":"de","potentialAction":[{"@type":"ReadAction","target":["https:\/\/locsshop.eu\/shop\/opbevaringskasse-til-10-ure-2\/"]}]},{"@type":"ImageObject","inLanguage":"de","@id":"https:\/\/locsshop.eu\/shop\/opbevaringskasse-til-10-ure-2\/#primaryimage","url":"https:\/\/locsshop.eu\/wp-content\/uploads\/2022\/02\/10789_4-1.jpg","contentUrl":"https:\/\/locsshop.eu\/wp-content\/uploads\/2022\/02\/10789_4-1.jpg","width":800,"height":800},{"@type":"BreadcrumbList","@id":"https:\/\/locsshop.eu\/shop\/opbevaringskasse-til-10-ure-2\/#breadcrumb","itemListElement":[{"@type":"ListItem","position":1,"name":"Hjem","item":"https:\/\/locsshop.eu\/"},{"@type":"ListItem","position":2,"name":"Shop","item":"https:\/\/locsshop.eu\/shop\/"},{"@type":"ListItem","position":3,"name":"Opbevaringskasse til 10 ure"}]},{"@type":"WebSite","@id":"https:\/\/locsshop.eu\/#website","url":"https:\/\/locsshop.eu\/","name":"Locs Sonnenbrillen \u2013 LOCS-Lieferant in der EU","description":"Wir verkaufen g\u00fcnstige LOCS Sonnenbrillen","publisher":{"@id":"https:\/\/locsshop.eu\/#organization"},"potentialAction":[{"@type":"SearchAction","target":{"@type":"EntryPoint","urlTemplate":"https:\/\/locsshop.eu\/?s={search_term_string}"},"query-input":{"@type":"PropertyValueSpecification","valueRequired":true,"valueName":"search_term_string"}}],"inLanguage":"de"},{"@type":"Organization","@id":"https:\/\/locsshop.eu\/#organization","name":"Locsshop.eu","url":"https:\/\/locsshop.eu\/","logo":{"@type":"ImageObject","inLanguage":"de","@id":"https:\/\/locsshop.eu\/#\/schema\/logo\/image\/","url":"https:\/\/locsshop.eu\/wp-content\/uploads\/2022\/02\/Locsshop-logo.png","contentUrl":"https:\/\/locsshop.eu\/wp-content\/uploads\/2022\/02\/Locsshop-logo.png","width":930,"height":200,"caption":"Locsshop.eu"},"image":{"@id":"https:\/\/locsshop.eu\/#\/schema\/logo\/image\/"}}]}},"_links":{"self":[{"href":"https:\/\/locsshop.eu\/de\/wp-json\/wp\/v2\/product\/5584","targetHints":{"allow":["GET"]}}],"collection":[{"href":"https:\/\/locsshop.eu\/de\/wp-json\/wp\/v2\/product"}],"about":[{"href":"https:\/\/locsshop.eu\/de\/wp-json\/wp\/v2\/types\/product"}],"replies":[{"embeddable":true,"href":"https:\/\/locsshop.eu\/de\/wp-json\/wp\/v2\/comments?post=5584"}],"wp:featuredmedia":[{"embeddable":true,"href":"https:\/\/locsshop.eu\/de\/wp-json\/wp\/v2\/media\/7560"}],"wp:attachment":[{"href":"https:\/\/locsshop.eu\/de\/wp-json\/wp\/v2\/media?parent=5584"}],"wp:term":[{"taxonomy":"product_brand","embeddable":true,"href":"https:\/\/locsshop.eu\/de\/wp-json\/wp\/v2\/product_brand?post=5584"},{"taxonomy":"product_cat","embeddable":true,"href":"https:\/\/locsshop.eu\/de\/wp-json\/wp\/v2\/product_cat?post=5584"},{"taxonomy":"product_tag","embeddable":true,"href":"https:\/\/locsshop.eu\/de\/wp-json\/wp\/v2\/product_tag?post=5584"}],"curies":[{"name":"wp","href":"https:\/\/api.w.org\/{rel}","templated":true}]}}