{"id":7156,"date":"2019-04-30T14:12:34","date_gmt":"2019-04-30T12:12:34","guid":{"rendered":"https:\/\/locsshop.eu\/shop\/wayfarer-briller-uden-styrke-lyseroede\/"},"modified":"2025-09-24T10:15:49","modified_gmt":"2025-09-24T08:15:49","slug":"wayfarer-briller-uden-styrke-lyseroede","status":"publish","type":"product","link":"https:\/\/locsshop.eu\/de\/shop\/wayfarer-briller-uden-styrke-lyseroede\/","title":{"rendered":"Wayfarer Brille ohne Rezept - Pink"},"content":{"rendered":"<h1>Wayfarer-Brille mit klaren Gl\u00e4sern ohne St\u00e4rke. Rosa Rahmen<\/h1>\n<p>Coole Brille f\u00fcr den Alltag, Partys und Verkleidungen.<\/p>\n<p>Material: Kunststoff<br \/>\nCE-gepr\u00fcft<\/p>","protected":false},"excerpt":{"rendered":"<p>Wayfarer-Brille ohne St\u00e4rke<br \/>\nRosa<\/p>\n<p>CE-gepr\u00fcft<\/p>","protected":false},"featured_media":8440,"comment_status":"open","ping_status":"closed","template":"","meta":{"om_disable_all_campaigns":false,"_monsterinsights_skip_tracking":false,"_monsterinsights_sitenote_active":false,"_monsterinsights_sitenote_note":"","_monsterinsights_sitenote_category":0},"product_brand":[],"product_cat":[1042],"product_tag":[769,716,710,740,736,871,800],"class_list":{"0":"post-7156","1":"product","2":"type-product","3":"status-publish","4":"has-post-thumbnail","6":"product_cat-briller-uden-styrke","7":"product_tag-ph4131","8":"product_tag-rund","9":"product_tag-s1548","10":"product_tag-s542","11":"product_tag-s628","12":"product_tag-s725","13":"product_tag-timorasso3","15":"first","16":"instock","17":"shipping-taxable","18":"purchasable","19":"product-type-simple"},"yoast_head":"<!-- This site is optimized with the Yoast SEO plugin v27.5 - https:\/\/yoast.com\/product\/yoast-seo-wordpress\/ -->\n<title>Wayfarer briller uden styrke - Lyser\u00f8de | K\u00f8b online her | LOCS<\/title>\n<meta name=\"description\" content=\"K\u00f8b Wayfarer briller uden styrke - Lyser\u00f8de her | EU&#039;s st\u00f8rste udvalg af LOCS solbriller | Vi sender fra EU - Ingen ekstra import udgifter\" \/>\n<meta name=\"robots\" content=\"index, follow, max-snippet:-1, max-image-preview:large, max-video-preview:-1\" \/>\n<link rel=\"canonical\" href=\"https:\/\/locsshop.eu\/de\/shop\/wayfarer-briller-uden-styrke-lyseroede\/\" \/>\n<meta property=\"og:locale\" content=\"de_DE\" \/>\n<meta property=\"og:type\" content=\"article\" \/>\n<meta property=\"og:title\" content=\"Wayfarer briller uden styrke - Lyser\u00f8de | K\u00f8b online her | LOCS\" \/>\n<meta property=\"og:description\" content=\"K\u00f8b Wayfarer briller uden styrke - Lyser\u00f8de her | EU&#039;s st\u00f8rste udvalg af LOCS solbriller | Vi sender fra EU - Ingen ekstra import udgifter\" \/>\n<meta property=\"og:url\" content=\"https:\/\/locsshop.eu\/de\/shop\/wayfarer-briller-uden-styrke-lyseroede\/\" \/>\n<meta property=\"og:site_name\" content=\"Locs Sunglasses - LOCS Supplier in EU\" \/>\n<meta property=\"article:modified_time\" content=\"2025-09-24T08:15:49+00:00\" \/>\n<meta property=\"og:image\" content=\"https:\/\/locsshop.eu\/wp-content\/uploads\/2019\/04\/p767cL-PK-billig-brille-NY-1.jpg\" \/>\n\t<meta property=\"og:image:width\" content=\"800\" \/>\n\t<meta property=\"og:image:height\" content=\"800\" \/>\n\t<meta property=\"og:image:type\" content=\"image\/jpeg\" \/>\n<meta name=\"twitter:card\" content=\"summary_large_image\" \/>\n<script type=\"application\/ld+json\" class=\"yoast-schema-graph\">{\"@context\":\"https:\\\/\\\/schema.org\",\"@graph\":[{\"@type\":\"WebPage\",\"@id\":\"https:\\\/\\\/locsshop.eu\\\/shop\\\/wayfarer-briller-uden-styrke-lyseroede\\\/\",\"url\":\"https:\\\/\\\/locsshop.eu\\\/shop\\\/wayfarer-briller-uden-styrke-lyseroede\\\/\",\"name\":\"Wayfarer briller uden styrke - Lyser\u00f8de | K\u00f8b online her | LOCS\",\"isPartOf\":{\"@id\":\"https:\\\/\\\/locsshop.eu\\\/#website\"},\"primaryImageOfPage\":{\"@id\":\"https:\\\/\\\/locsshop.eu\\\/shop\\\/wayfarer-briller-uden-styrke-lyseroede\\\/#primaryimage\"},\"image\":{\"@id\":\"https:\\\/\\\/locsshop.eu\\\/shop\\\/wayfarer-briller-uden-styrke-lyseroede\\\/#primaryimage\"},\"thumbnailUrl\":\"https:\\\/\\\/locsshop.eu\\\/wp-content\\\/uploads\\\/2019\\\/04\\\/p767cL-PK-billig-brille-NY-1.jpg\",\"datePublished\":\"2019-04-30T12:12:34+00:00\",\"dateModified\":\"2025-09-24T08:15:49+00:00\",\"description\":\"K\u00f8b Wayfarer briller uden styrke - Lyser\u00f8de her | EU's st\u00f8rste udvalg af LOCS solbriller | Vi sender fra EU - Ingen ekstra import udgifter\",\"breadcrumb\":{\"@id\":\"https:\\\/\\\/locsshop.eu\\\/shop\\\/wayfarer-briller-uden-styrke-lyseroede\\\/#breadcrumb\"},\"inLanguage\":\"de\",\"potentialAction\":[{\"@type\":\"ReadAction\",\"target\":[\"https:\\\/\\\/locsshop.eu\\\/shop\\\/wayfarer-briller-uden-styrke-lyseroede\\\/\"]}]},{\"@type\":\"ImageObject\",\"inLanguage\":\"de\",\"@id\":\"https:\\\/\\\/locsshop.eu\\\/shop\\\/wayfarer-briller-uden-styrke-lyseroede\\\/#primaryimage\",\"url\":\"https:\\\/\\\/locsshop.eu\\\/wp-content\\\/uploads\\\/2019\\\/04\\\/p767cL-PK-billig-brille-NY-1.jpg\",\"contentUrl\":\"https:\\\/\\\/locsshop.eu\\\/wp-content\\\/uploads\\\/2019\\\/04\\\/p767cL-PK-billig-brille-NY-1.jpg\",\"width\":800,\"height\":800},{\"@type\":\"BreadcrumbList\",\"@id\":\"https:\\\/\\\/locsshop.eu\\\/shop\\\/wayfarer-briller-uden-styrke-lyseroede\\\/#breadcrumb\",\"itemListElement\":[{\"@type\":\"ListItem\",\"position\":1,\"name\":\"Hjem\",\"item\":\"https:\\\/\\\/locsshop.eu\\\/\"},{\"@type\":\"ListItem\",\"position\":2,\"name\":\"Shop\",\"item\":\"https:\\\/\\\/locsshop.eu\\\/shop\\\/\"},{\"@type\":\"ListItem\",\"position\":3,\"name\":\"Wayfarer briller uden styrke &#8211; Lyser\u00f8de\"}]},{\"@type\":\"WebSite\",\"@id\":\"https:\\\/\\\/locsshop.eu\\\/#website\",\"url\":\"https:\\\/\\\/locsshop.eu\\\/\",\"name\":\"Locs Sunglasses - LOCS Supplier in EU\",\"description\":\"We sell cheap LOCS Sunglasses\",\"publisher\":{\"@id\":\"https:\\\/\\\/locsshop.eu\\\/#organization\"},\"potentialAction\":[{\"@type\":\"SearchAction\",\"target\":{\"@type\":\"EntryPoint\",\"urlTemplate\":\"https:\\\/\\\/locsshop.eu\\\/?s={search_term_string}\"},\"query-input\":{\"@type\":\"PropertyValueSpecification\",\"valueRequired\":true,\"valueName\":\"search_term_string\"}}],\"inLanguage\":\"de\"},{\"@type\":\"Organization\",\"@id\":\"https:\\\/\\\/locsshop.eu\\\/#organization\",\"name\":\"Locsshop.eu\",\"url\":\"https:\\\/\\\/locsshop.eu\\\/\",\"logo\":{\"@type\":\"ImageObject\",\"inLanguage\":\"de\",\"@id\":\"https:\\\/\\\/locsshop.eu\\\/#\\\/schema\\\/logo\\\/image\\\/\",\"url\":\"https:\\\/\\\/locsshop.eu\\\/wp-content\\\/uploads\\\/2022\\\/02\\\/Locsshop-logo.png\",\"contentUrl\":\"https:\\\/\\\/locsshop.eu\\\/wp-content\\\/uploads\\\/2022\\\/02\\\/Locsshop-logo.png\",\"width\":930,\"height\":200,\"caption\":\"Locsshop.eu\"},\"image\":{\"@id\":\"https:\\\/\\\/locsshop.eu\\\/#\\\/schema\\\/logo\\\/image\\\/\"}}]}<\/script>\n<!-- \/ Yoast SEO plugin. -->","yoast_head_json":{"title":"Wayfarer-Brille ohne Rezept - Pink | Hier online kaufen | LOK","description":"Kaufen Sie Wayfarer Brille ohne Sehst\u00e4rke - Pink hier | Die gr\u00f6\u00dfte Auswahl an LOCS-Sonnenbrillen in der EU | Wir versenden aus der EU - Keine zus\u00e4tzlichen Importkosten","robots":{"index":"index","follow":"follow","max-snippet":"max-snippet:-1","max-image-preview":"max-image-preview:large","max-video-preview":"max-video-preview:-1"},"canonical":"https:\/\/locsshop.eu\/de\/shop\/wayfarer-briller-uden-styrke-lyseroede\/","og_locale":"de_DE","og_type":"article","og_title":"Wayfarer briller uden styrke - Lyser\u00f8de | K\u00f8b online her | LOCS","og_description":"K\u00f8b Wayfarer briller uden styrke - Lyser\u00f8de her | EU's st\u00f8rste udvalg af LOCS solbriller | Vi sender fra EU - Ingen ekstra import udgifter","og_url":"https:\/\/locsshop.eu\/de\/shop\/wayfarer-briller-uden-styrke-lyseroede\/","og_site_name":"Locs Sunglasses - LOCS Supplier in EU","article_modified_time":"2025-09-24T08:15:49+00:00","og_image":[{"width":800,"height":800,"url":"https:\/\/locsshop.eu\/wp-content\/uploads\/2019\/04\/p767cL-PK-billig-brille-NY-1.jpg","type":"image\/jpeg"}],"twitter_card":"summary_large_image","schema":{"@context":"https:\/\/schema.org","@graph":[{"@type":"WebPage","@id":"https:\/\/locsshop.eu\/shop\/wayfarer-briller-uden-styrke-lyseroede\/","url":"https:\/\/locsshop.eu\/shop\/wayfarer-briller-uden-styrke-lyseroede\/","name":"Wayfarer-Brille ohne Rezept - Pink | Hier online kaufen | LOK","isPartOf":{"@id":"https:\/\/locsshop.eu\/#website"},"primaryImageOfPage":{"@id":"https:\/\/locsshop.eu\/shop\/wayfarer-briller-uden-styrke-lyseroede\/#primaryimage"},"image":{"@id":"https:\/\/locsshop.eu\/shop\/wayfarer-briller-uden-styrke-lyseroede\/#primaryimage"},"thumbnailUrl":"https:\/\/locsshop.eu\/wp-content\/uploads\/2019\/04\/p767cL-PK-billig-brille-NY-1.jpg","datePublished":"2019-04-30T12:12:34+00:00","dateModified":"2025-09-24T08:15:49+00:00","description":"Kaufen Sie Wayfarer Brille ohne Sehst\u00e4rke - Pink hier | Die gr\u00f6\u00dfte Auswahl an LOCS-Sonnenbrillen in der EU | Wir versenden aus der EU - Keine zus\u00e4tzlichen Importkosten","breadcrumb":{"@id":"https:\/\/locsshop.eu\/shop\/wayfarer-briller-uden-styrke-lyseroede\/#breadcrumb"},"inLanguage":"de","potentialAction":[{"@type":"ReadAction","target":["https:\/\/locsshop.eu\/shop\/wayfarer-briller-uden-styrke-lyseroede\/"]}]},{"@type":"ImageObject","inLanguage":"de","@id":"https:\/\/locsshop.eu\/shop\/wayfarer-briller-uden-styrke-lyseroede\/#primaryimage","url":"https:\/\/locsshop.eu\/wp-content\/uploads\/2019\/04\/p767cL-PK-billig-brille-NY-1.jpg","contentUrl":"https:\/\/locsshop.eu\/wp-content\/uploads\/2019\/04\/p767cL-PK-billig-brille-NY-1.jpg","width":800,"height":800},{"@type":"BreadcrumbList","@id":"https:\/\/locsshop.eu\/shop\/wayfarer-briller-uden-styrke-lyseroede\/#breadcrumb","itemListElement":[{"@type":"ListItem","position":1,"name":"Hjem","item":"https:\/\/locsshop.eu\/"},{"@type":"ListItem","position":2,"name":"Shop","item":"https:\/\/locsshop.eu\/shop\/"},{"@type":"ListItem","position":3,"name":"Wayfarer briller uden styrke &#8211; Lyser\u00f8de"}]},{"@type":"WebSite","@id":"https:\/\/locsshop.eu\/#website","url":"https:\/\/locsshop.eu\/","name":"Locs Sonnenbrillen \u2013 LOCS-Lieferant in der EU","description":"Wir verkaufen g\u00fcnstige LOCS Sonnenbrillen","publisher":{"@id":"https:\/\/locsshop.eu\/#organization"},"potentialAction":[{"@type":"SearchAction","target":{"@type":"EntryPoint","urlTemplate":"https:\/\/locsshop.eu\/?s={search_term_string}"},"query-input":{"@type":"PropertyValueSpecification","valueRequired":true,"valueName":"search_term_string"}}],"inLanguage":"de"},{"@type":"Organization","@id":"https:\/\/locsshop.eu\/#organization","name":"Locsshop.eu","url":"https:\/\/locsshop.eu\/","logo":{"@type":"ImageObject","inLanguage":"de","@id":"https:\/\/locsshop.eu\/#\/schema\/logo\/image\/","url":"https:\/\/locsshop.eu\/wp-content\/uploads\/2022\/02\/Locsshop-logo.png","contentUrl":"https:\/\/locsshop.eu\/wp-content\/uploads\/2022\/02\/Locsshop-logo.png","width":930,"height":200,"caption":"Locsshop.eu"},"image":{"@id":"https:\/\/locsshop.eu\/#\/schema\/logo\/image\/"}}]}},"_links":{"self":[{"href":"https:\/\/locsshop.eu\/de\/wp-json\/wp\/v2\/product\/7156","targetHints":{"allow":["GET"]}}],"collection":[{"href":"https:\/\/locsshop.eu\/de\/wp-json\/wp\/v2\/product"}],"about":[{"href":"https:\/\/locsshop.eu\/de\/wp-json\/wp\/v2\/types\/product"}],"replies":[{"embeddable":true,"href":"https:\/\/locsshop.eu\/de\/wp-json\/wp\/v2\/comments?post=7156"}],"wp:featuredmedia":[{"embeddable":true,"href":"https:\/\/locsshop.eu\/de\/wp-json\/wp\/v2\/media\/8440"}],"wp:attachment":[{"href":"https:\/\/locsshop.eu\/de\/wp-json\/wp\/v2\/media?parent=7156"}],"wp:term":[{"taxonomy":"product_brand","embeddable":true,"href":"https:\/\/locsshop.eu\/de\/wp-json\/wp\/v2\/product_brand?post=7156"},{"taxonomy":"product_cat","embeddable":true,"href":"https:\/\/locsshop.eu\/de\/wp-json\/wp\/v2\/product_cat?post=7156"},{"taxonomy":"product_tag","embeddable":true,"href":"https:\/\/locsshop.eu\/de\/wp-json\/wp\/v2\/product_tag?post=7156"}],"curies":[{"name":"wp","href":"https:\/\/api.w.org\/{rel}","templated":true}]}}