{"id":9082,"date":"2022-10-15T22:17:30","date_gmt":"2022-10-15T20:17:30","guid":{"rendered":"https:\/\/locsshop.eu\/shop\/tykt-velour-brille-etui-med-klaplukning-koral\/"},"modified":"2026-04-22T03:55:29","modified_gmt":"2026-04-22T01:55:29","slug":"tykt-velour-brille-etui-med-klaplukning-koral","status":"publish","type":"product","link":"https:\/\/locsshop.eu\/de\/shop\/tykt-velour-brille-etui-med-klaplukning-koral\/","title":{"rendered":"Brillenetui aus dickem Velours mit Klappverschluss \u2013 Koralle"},"content":{"rendered":"<h2>Dickes Velours-Etui mit elegantem Klappverschluss f\u00fcr Ihre Brille und Sonnenbrille<\/h2>\n<p>Dieses Etui macht es unglaublich einfach, Ihre Brille oder Sonnenbrille zu verstauen, da es einen intelligenten Klappverschluss hat.<br \/>\nDas Case \u00f6ffnet sich durch seitliches Dr\u00fccken und schlie\u00dft sich wieder, wenn man es losl\u00e4sst.<br \/>\nEr ist aus Schaumstoff mit Velours-Oberfl\u00e4che, so sind Ihre Brille und Sonnenbrille im Urlaub, im Auto, in der Tasche etc. gut gesch\u00fctzt.<br \/>\nEs ist so schade, Kratzer auf der Brille zu bekommen. Wir empfehlen daher den Kauf eines Koffers.<\/p>\n<p>Farbe: Koralle<br \/>\nGr\u00f6\u00dfe: 9 x 17 cm.<\/p>","protected":false},"excerpt":{"rendered":"<p><strong>Korallefarbene Schaumstoffh\u00fclle mit Veloursoberfl\u00e4che f\u00fcr <\/strong><strong>Brillen und Sonnenbrillen<\/strong><\/p>\n<p>\u00d6ffnen Sie schnell mit einer einzigen Ber\u00fchrung.<br \/>\nSchlie\u00dft auch beim Loslassen.<\/p>\n<p>Farbe: Koralle<br \/>\nGr\u00f6\u00dfe: 9 x 17 cm.<\/p>","protected":false},"featured_media":9083,"comment_status":"open","ping_status":"closed","template":"","meta":{"om_disable_all_campaigns":false,"_monsterinsights_skip_tracking":false,"_monsterinsights_sitenote_active":false,"_monsterinsights_sitenote_note":"","_monsterinsights_sitenote_category":0},"product_brand":[],"product_cat":[1041],"product_tag":[1123,526,527,1124,529,530,531],"class_list":{"0":"post-9082","1":"product","2":"type-product","3":"status-publish","4":"has-post-thumbnail","6":"product_cat-etuier-tilbehoer","7":"product_tag-1123","8":"product_tag-etui","9":"product_tag-klaplukning","10":"product_tag-koral","11":"product_tag-skum","12":"product_tag-tilbehoer","13":"product_tag-velour","15":"first","16":"instock","17":"shipping-taxable","18":"purchasable","19":"product-type-simple"},"yoast_head":"<!-- This site is optimized with the Yoast SEO plugin v27.5 - https:\/\/yoast.com\/product\/yoast-seo-wordpress\/ -->\n<title>Tykt Velour brille etui med klaplukning - Koral | K\u00f8b online her | LOCS<\/title>\n<meta name=\"description\" content=\"K\u00f8b Tykt Velour brille etui med klaplukning - Koral her | EU&#039;s st\u00f8rste udvalg af LOCS solbriller | Vi sender fra EU - Ingen ekstra import udgifter\" \/>\n<meta name=\"robots\" content=\"index, follow, max-snippet:-1, max-image-preview:large, max-video-preview:-1\" \/>\n<link rel=\"canonical\" href=\"https:\/\/locsshop.eu\/de\/shop\/tykt-velour-brille-etui-med-klaplukning-koral\/\" \/>\n<meta property=\"og:locale\" content=\"de_DE\" \/>\n<meta property=\"og:type\" content=\"article\" \/>\n<meta property=\"og:title\" content=\"Tykt Velour brille etui med klaplukning - Koral | K\u00f8b online her | LOCS\" \/>\n<meta property=\"og:description\" content=\"K\u00f8b Tykt Velour brille etui med klaplukning - Koral her | EU&#039;s st\u00f8rste udvalg af LOCS solbriller | Vi sender fra EU - Ingen ekstra import udgifter\" \/>\n<meta property=\"og:url\" content=\"https:\/\/locsshop.eu\/de\/shop\/tykt-velour-brille-etui-med-klaplukning-koral\/\" \/>\n<meta property=\"og:site_name\" content=\"Locs Sunglasses - LOCS Supplier in EU\" \/>\n<meta property=\"article:modified_time\" content=\"2026-04-22T01:55:29+00:00\" \/>\n<meta property=\"og:image\" content=\"https:\/\/locsshop.eu\/wp-content\/uploads\/2022\/10\/3029.jpg\" \/>\n\t<meta property=\"og:image:width\" content=\"800\" \/>\n\t<meta property=\"og:image:height\" content=\"800\" \/>\n\t<meta property=\"og:image:type\" content=\"image\/jpeg\" \/>\n<meta name=\"twitter:card\" content=\"summary_large_image\" \/>\n<script type=\"application\/ld+json\" class=\"yoast-schema-graph\">{\"@context\":\"https:\\\/\\\/schema.org\",\"@graph\":[{\"@type\":\"WebPage\",\"@id\":\"https:\\\/\\\/locsshop.eu\\\/shop\\\/tykt-velour-brille-etui-med-klaplukning-koral\\\/\",\"url\":\"https:\\\/\\\/locsshop.eu\\\/shop\\\/tykt-velour-brille-etui-med-klaplukning-koral\\\/\",\"name\":\"Tykt Velour brille etui med klaplukning - Koral | K\u00f8b online her | LOCS\",\"isPartOf\":{\"@id\":\"https:\\\/\\\/locsshop.eu\\\/#website\"},\"primaryImageOfPage\":{\"@id\":\"https:\\\/\\\/locsshop.eu\\\/shop\\\/tykt-velour-brille-etui-med-klaplukning-koral\\\/#primaryimage\"},\"image\":{\"@id\":\"https:\\\/\\\/locsshop.eu\\\/shop\\\/tykt-velour-brille-etui-med-klaplukning-koral\\\/#primaryimage\"},\"thumbnailUrl\":\"https:\\\/\\\/locsshop.eu\\\/wp-content\\\/uploads\\\/2022\\\/10\\\/3029.jpg\",\"datePublished\":\"2022-10-15T20:17:30+00:00\",\"dateModified\":\"2026-04-22T01:55:29+00:00\",\"description\":\"K\u00f8b Tykt Velour brille etui med klaplukning - Koral her | EU's st\u00f8rste udvalg af LOCS solbriller | Vi sender fra EU - Ingen ekstra import udgifter\",\"breadcrumb\":{\"@id\":\"https:\\\/\\\/locsshop.eu\\\/shop\\\/tykt-velour-brille-etui-med-klaplukning-koral\\\/#breadcrumb\"},\"inLanguage\":\"de\",\"potentialAction\":[{\"@type\":\"ReadAction\",\"target\":[\"https:\\\/\\\/locsshop.eu\\\/shop\\\/tykt-velour-brille-etui-med-klaplukning-koral\\\/\"]}]},{\"@type\":\"ImageObject\",\"inLanguage\":\"de\",\"@id\":\"https:\\\/\\\/locsshop.eu\\\/shop\\\/tykt-velour-brille-etui-med-klaplukning-koral\\\/#primaryimage\",\"url\":\"https:\\\/\\\/locsshop.eu\\\/wp-content\\\/uploads\\\/2022\\\/10\\\/3029.jpg\",\"contentUrl\":\"https:\\\/\\\/locsshop.eu\\\/wp-content\\\/uploads\\\/2022\\\/10\\\/3029.jpg\",\"width\":800,\"height\":800},{\"@type\":\"BreadcrumbList\",\"@id\":\"https:\\\/\\\/locsshop.eu\\\/shop\\\/tykt-velour-brille-etui-med-klaplukning-koral\\\/#breadcrumb\",\"itemListElement\":[{\"@type\":\"ListItem\",\"position\":1,\"name\":\"Hjem\",\"item\":\"https:\\\/\\\/locsshop.eu\\\/\"},{\"@type\":\"ListItem\",\"position\":2,\"name\":\"Shop\",\"item\":\"https:\\\/\\\/locsshop.eu\\\/shop\\\/\"},{\"@type\":\"ListItem\",\"position\":3,\"name\":\"Tykt Velour brille etui med klaplukning &#8211; Koral\"}]},{\"@type\":\"WebSite\",\"@id\":\"https:\\\/\\\/locsshop.eu\\\/#website\",\"url\":\"https:\\\/\\\/locsshop.eu\\\/\",\"name\":\"Locs Sunglasses - LOCS Supplier in EU\",\"description\":\"We sell cheap LOCS Sunglasses\",\"publisher\":{\"@id\":\"https:\\\/\\\/locsshop.eu\\\/#organization\"},\"potentialAction\":[{\"@type\":\"SearchAction\",\"target\":{\"@type\":\"EntryPoint\",\"urlTemplate\":\"https:\\\/\\\/locsshop.eu\\\/?s={search_term_string}\"},\"query-input\":{\"@type\":\"PropertyValueSpecification\",\"valueRequired\":true,\"valueName\":\"search_term_string\"}}],\"inLanguage\":\"de\"},{\"@type\":\"Organization\",\"@id\":\"https:\\\/\\\/locsshop.eu\\\/#organization\",\"name\":\"Locsshop.eu\",\"url\":\"https:\\\/\\\/locsshop.eu\\\/\",\"logo\":{\"@type\":\"ImageObject\",\"inLanguage\":\"de\",\"@id\":\"https:\\\/\\\/locsshop.eu\\\/#\\\/schema\\\/logo\\\/image\\\/\",\"url\":\"https:\\\/\\\/locsshop.eu\\\/wp-content\\\/uploads\\\/2022\\\/02\\\/Locsshop-logo.png\",\"contentUrl\":\"https:\\\/\\\/locsshop.eu\\\/wp-content\\\/uploads\\\/2022\\\/02\\\/Locsshop-logo.png\",\"width\":930,\"height\":200,\"caption\":\"Locsshop.eu\"},\"image\":{\"@id\":\"https:\\\/\\\/locsshop.eu\\\/#\\\/schema\\\/logo\\\/image\\\/\"}}]}<\/script>\n<!-- \/ Yoast SEO plugin. -->","yoast_head_json":{"title":"Brillenetui aus dickem Velours mit Klappverschluss - Koralle | Hier online kaufen | LOK","description":"Kaufen Sie hier dickes Brillenetui aus Velours mit Klappverschluss - Koralle | Die gr\u00f6\u00dfte Auswahl an LOCS-Sonnenbrillen in der EU | Wir versenden aus der EU - Keine zus\u00e4tzlichen Importkosten","robots":{"index":"index","follow":"follow","max-snippet":"max-snippet:-1","max-image-preview":"max-image-preview:large","max-video-preview":"max-video-preview:-1"},"canonical":"https:\/\/locsshop.eu\/de\/shop\/tykt-velour-brille-etui-med-klaplukning-koral\/","og_locale":"de_DE","og_type":"article","og_title":"Tykt Velour brille etui med klaplukning - Koral | K\u00f8b online her | LOCS","og_description":"K\u00f8b Tykt Velour brille etui med klaplukning - Koral her | EU's st\u00f8rste udvalg af LOCS solbriller | Vi sender fra EU - Ingen ekstra import udgifter","og_url":"https:\/\/locsshop.eu\/de\/shop\/tykt-velour-brille-etui-med-klaplukning-koral\/","og_site_name":"Locs Sunglasses - LOCS Supplier in EU","article_modified_time":"2026-04-22T01:55:29+00:00","og_image":[{"width":800,"height":800,"url":"https:\/\/locsshop.eu\/wp-content\/uploads\/2022\/10\/3029.jpg","type":"image\/jpeg"}],"twitter_card":"summary_large_image","schema":{"@context":"https:\/\/schema.org","@graph":[{"@type":"WebPage","@id":"https:\/\/locsshop.eu\/shop\/tykt-velour-brille-etui-med-klaplukning-koral\/","url":"https:\/\/locsshop.eu\/shop\/tykt-velour-brille-etui-med-klaplukning-koral\/","name":"Brillenetui aus dickem Velours mit Klappverschluss - Koralle | Hier online kaufen | LOK","isPartOf":{"@id":"https:\/\/locsshop.eu\/#website"},"primaryImageOfPage":{"@id":"https:\/\/locsshop.eu\/shop\/tykt-velour-brille-etui-med-klaplukning-koral\/#primaryimage"},"image":{"@id":"https:\/\/locsshop.eu\/shop\/tykt-velour-brille-etui-med-klaplukning-koral\/#primaryimage"},"thumbnailUrl":"https:\/\/locsshop.eu\/wp-content\/uploads\/2022\/10\/3029.jpg","datePublished":"2022-10-15T20:17:30+00:00","dateModified":"2026-04-22T01:55:29+00:00","description":"Kaufen Sie hier dickes Brillenetui aus Velours mit Klappverschluss - Koralle | Die gr\u00f6\u00dfte Auswahl an LOCS-Sonnenbrillen in der EU | Wir versenden aus der EU - Keine zus\u00e4tzlichen Importkosten","breadcrumb":{"@id":"https:\/\/locsshop.eu\/shop\/tykt-velour-brille-etui-med-klaplukning-koral\/#breadcrumb"},"inLanguage":"de","potentialAction":[{"@type":"ReadAction","target":["https:\/\/locsshop.eu\/shop\/tykt-velour-brille-etui-med-klaplukning-koral\/"]}]},{"@type":"ImageObject","inLanguage":"de","@id":"https:\/\/locsshop.eu\/shop\/tykt-velour-brille-etui-med-klaplukning-koral\/#primaryimage","url":"https:\/\/locsshop.eu\/wp-content\/uploads\/2022\/10\/3029.jpg","contentUrl":"https:\/\/locsshop.eu\/wp-content\/uploads\/2022\/10\/3029.jpg","width":800,"height":800},{"@type":"BreadcrumbList","@id":"https:\/\/locsshop.eu\/shop\/tykt-velour-brille-etui-med-klaplukning-koral\/#breadcrumb","itemListElement":[{"@type":"ListItem","position":1,"name":"Hjem","item":"https:\/\/locsshop.eu\/"},{"@type":"ListItem","position":2,"name":"Shop","item":"https:\/\/locsshop.eu\/shop\/"},{"@type":"ListItem","position":3,"name":"Tykt Velour brille etui med klaplukning &#8211; Koral"}]},{"@type":"WebSite","@id":"https:\/\/locsshop.eu\/#website","url":"https:\/\/locsshop.eu\/","name":"Locs Sonnenbrillen \u2013 LOCS-Lieferant in der EU","description":"Wir verkaufen g\u00fcnstige LOCS Sonnenbrillen","publisher":{"@id":"https:\/\/locsshop.eu\/#organization"},"potentialAction":[{"@type":"SearchAction","target":{"@type":"EntryPoint","urlTemplate":"https:\/\/locsshop.eu\/?s={search_term_string}"},"query-input":{"@type":"PropertyValueSpecification","valueRequired":true,"valueName":"search_term_string"}}],"inLanguage":"de"},{"@type":"Organization","@id":"https:\/\/locsshop.eu\/#organization","name":"Locsshop.eu","url":"https:\/\/locsshop.eu\/","logo":{"@type":"ImageObject","inLanguage":"de","@id":"https:\/\/locsshop.eu\/#\/schema\/logo\/image\/","url":"https:\/\/locsshop.eu\/wp-content\/uploads\/2022\/02\/Locsshop-logo.png","contentUrl":"https:\/\/locsshop.eu\/wp-content\/uploads\/2022\/02\/Locsshop-logo.png","width":930,"height":200,"caption":"Locsshop.eu"},"image":{"@id":"https:\/\/locsshop.eu\/#\/schema\/logo\/image\/"}}]}},"_links":{"self":[{"href":"https:\/\/locsshop.eu\/de\/wp-json\/wp\/v2\/product\/9082","targetHints":{"allow":["GET"]}}],"collection":[{"href":"https:\/\/locsshop.eu\/de\/wp-json\/wp\/v2\/product"}],"about":[{"href":"https:\/\/locsshop.eu\/de\/wp-json\/wp\/v2\/types\/product"}],"replies":[{"embeddable":true,"href":"https:\/\/locsshop.eu\/de\/wp-json\/wp\/v2\/comments?post=9082"}],"wp:featuredmedia":[{"embeddable":true,"href":"https:\/\/locsshop.eu\/de\/wp-json\/wp\/v2\/media\/9083"}],"wp:attachment":[{"href":"https:\/\/locsshop.eu\/de\/wp-json\/wp\/v2\/media?parent=9082"}],"wp:term":[{"taxonomy":"product_brand","embeddable":true,"href":"https:\/\/locsshop.eu\/de\/wp-json\/wp\/v2\/product_brand?post=9082"},{"taxonomy":"product_cat","embeddable":true,"href":"https:\/\/locsshop.eu\/de\/wp-json\/wp\/v2\/product_cat?post=9082"},{"taxonomy":"product_tag","embeddable":true,"href":"https:\/\/locsshop.eu\/de\/wp-json\/wp\/v2\/product_tag?post=9082"}],"curies":[{"name":"wp","href":"https:\/\/api.w.org\/{rel}","templated":true}]}}