{"id":9375,"date":"2023-01-30T20:04:06","date_gmt":"2023-01-30T19:04:06","guid":{"rendered":"https:\/\/locsshop.eu\/shop\/locs-solbriller-padre-brun-woodlook\/"},"modified":"2025-07-02T13:43:03","modified_gmt":"2025-07-02T11:43:03","slug":"locs-solbriller-padre-brun-woodlook","status":"publish","type":"product","link":"https:\/\/locsshop.eu\/de\/shop\/locs-solbriller-padre-brun-woodlook\/","title":{"rendered":"Locs Sonnenbrille \u2013 Padre | Braune Holzoptik"},"content":{"rendered":"<h2><strong>Padre Locs Sonnenbrille mit B\u00fcgeln in Holzoptik und gro\u00dfen silbernen Logos an den B\u00fcgeln<\/strong><\/h2>\n<h4>Mattschwarze Sonnenbrille mit breiten B\u00fcgeln in brauner Holzoptik mit Holzstruktur, die sich wie Holz anf\u00fchlt. Interne Rillen, die einen etwas besseren Halt geben, wenn Sie schwitzen. Sch\u00f6ne silberne Locs-Logos, die dieser sch\u00f6nen Sonnenbrille einen exklusiven Look verleihen. Wirklich sch\u00f6ne Sonnenbrille!<\/h4>\n<h4>Locs Sunglasses ist eine beliebte amerikanische Sonnenbrillenmarke, die f\u00fcr ihre Hardcore-Attit\u00fcde bekannt ist. Als eine der begehrtesten Sonnenbrillenmarken in den USA und international hat Locs seine charakteristischen Designs und seinen wilden Stil \u00fcber die Jahre hinweg beibehalten.<br \/>\nLocs Sonnenbrillen haben coole Logos, sch\u00f6ne Details und einen Stil, der etwas h\u00e4rter ist als andere. Perfekt f\u00fcr diejenigen unter Ihnen, die eine gewisse Einstellung haben.<\/h4>\n<p>&nbsp;<\/p>\n<h4><strong><em>Einzelheiten:<br \/>\n<\/em><\/strong><br \/>\nInnenbreite: 13 cm<br \/>\nH\u00f6he: 4,8 cm<br \/>\nStangenl\u00e4nge: 13,4 cm<br \/>\nOberfl\u00e4che: Matt<\/h4>\n<h4>Material: Kunststoff<br \/>\nUV400-Schutz<br \/>\nCE-gepr\u00fcft<\/h4>\n<h4><img loading=\"lazy\" decoding=\"async\" class=\"alignnone wp-image-10637 size-thumbnail\" src=\"https:\/\/bazarsalg.dk\/wp-content\/uploads\/Locs-Logo-280x280.jpg\" alt=\"\" width=\"280\" height=\"280\" \/><\/h4>\n<h4><em>LOCS-Geschichte<\/em><\/h4>\n<p><em>In den 1970er und 80er Jahren waren Locs Sonnenbrillen bei jungen Leuten sehr beliebt und pr\u00e4gten den LA-Look. Beeinflusst von der lateinamerikanischen Kultur von Los Angeles und abgeleitet vom spanischen Wort \u201eloco\u201c (verr\u00fcckt), wurden sie urspr\u00fcnglich von Cholos getragen und wurden sp\u00e4ter bei allen Gangstern im Raum LA beliebt. Gangmitglieder bezeichneten einige ihrer wilderen und aktiveren oder tats\u00e4chlich geistig gest\u00f6rten Mitglieder als &quot;loco&quot;. Sp\u00e4ter wurden der Begriff und das damit verbundene Verhalten insbesondere bei den Crips und in geringerem Ma\u00dfe bei den Bloods sehr beliebt. Es war im Crip-Jargon so verbreitet, dass es zu Loc abgek\u00fcrzt und als Suffix in den Namen einiger Gangmitglieder verwendet wurde.<\/em><\/p>\n<p><em>In den 1990er Jahren trugen auch viele der gr\u00f6\u00dften Rapper Locs-Sonnenbrillen, zum Beispiel Eazy E, Snoop Dogg und viele andere bekannte Rapper. So wurde die Sonnenbrille bekannt und in vielen verschiedenen amerikanischen Gangsterfilmen getragen.<\/em><\/p>\n<p><em>Heute sind Locs-Sonnenbrillen nicht nur in Kalifornien beliebt, sondern inzwischen auch in den Vereinigten Staaten und dem Rest der Welt. Die Marke hat jetzt eine breitere Anziehungskraft auf alle Verbrauchergruppen. Einer der Gr\u00fcnde f\u00fcr diese Popularit\u00e4t ist die Verherrlichung des LA-Gangster-Profils durch Musik, Filme und nat\u00fcrlich die Medien. Da Gangster-Rapper st\u00e4ndig wegen negativer Presse in den Medien waren, wurden sie mit diesen Hardcore-Brillen gesehen und der Stil verbreitete sich schnell in den Stra\u00dfen von Los Angeles! Mit der zunehmenden Popularit\u00e4t verhalf es ihnen schnell zum \u00dcbergang in den Mainstream und ist heute bei ber\u00fchmten K\u00fcnstlern und Schauspielern beliebt.<\/em><\/p>","protected":false},"excerpt":{"rendered":"<p><strong>LOCS \u2013 8LOC91113-HOLZ<\/strong><br \/>\nSt\u00e4be, die wie Holz aussehen - Dunkle Gl\u00e4ser<br \/>\nRahmen aus mattem Kunststoff<br \/>\nUV400<br \/>\nCE-gepr\u00fcft<\/p>\n<p><img loading=\"lazy\" decoding=\"async\" class=\"alignnone wp-image-10637\" src=\"https:\/\/bazarsalg.dk\/wp-content\/uploads\/Locs-Logo.jpg\" alt=\"\" width=\"200\" height=\"200\" \/><\/p>","protected":false},"featured_media":9376,"comment_status":"open","ping_status":"closed","template":"","meta":{"om_disable_all_campaigns":false,"_monsterinsights_skip_tracking":false,"_monsterinsights_sitenote_active":false,"_monsterinsights_sitenote_note":"","_monsterinsights_sitenote_category":0},"product_brand":[],"product_cat":[1101,1049],"product_tag":[1111,1100,870],"class_list":{"0":"post-9375","1":"product","2":"type-product","3":"status-publish","4":"has-post-thumbnail","6":"product_cat-locs-solbriller","7":"product_cat-premium-solbriller","8":"product_tag-8loc91113-bk","9":"product_tag-locs","10":"product_tag-p693","12":"first","13":"instock","14":"shipping-taxable","15":"purchasable","16":"product-type-simple"},"yoast_head":"<!-- This site is optimized with the Yoast SEO plugin v27.2 - https:\/\/yoast.com\/product\/yoast-seo-wordpress\/ -->\n<title>Locs Solbriller - Padre | Brun Woodlook | K\u00f8b online her | LOCS<\/title>\n<meta name=\"description\" content=\"K\u00f8b Locs Solbriller - Padre | Brun Woodlook her | EU&#039;s st\u00f8rste udvalg af LOCS solbriller | Vi sender fra EU - Ingen ekstra import udgifter\" \/>\n<meta name=\"robots\" content=\"index, follow, max-snippet:-1, max-image-preview:large, max-video-preview:-1\" \/>\n<link rel=\"canonical\" href=\"https:\/\/locsshop.eu\/de\/shop\/locs-solbriller-padre-brun-woodlook\/\" \/>\n<meta property=\"og:locale\" content=\"de_DE\" \/>\n<meta property=\"og:type\" content=\"article\" \/>\n<meta property=\"og:title\" content=\"Locs Solbriller - Padre | Brun Woodlook | K\u00f8b online her | LOCS\" \/>\n<meta property=\"og:description\" content=\"K\u00f8b Locs Solbriller - Padre | Brun Woodlook her | EU&#039;s st\u00f8rste udvalg af LOCS solbriller | Vi sender fra EU - Ingen ekstra import udgifter\" \/>\n<meta property=\"og:url\" content=\"https:\/\/locsshop.eu\/de\/shop\/locs-solbriller-padre-brun-woodlook\/\" \/>\n<meta property=\"og:site_name\" content=\"Locs Sunglasses - LOCS Supplier in EU\" \/>\n<meta property=\"article:modified_time\" content=\"2025-07-02T11:43:03+00:00\" \/>\n<meta property=\"og:image\" content=\"https:\/\/locsshop.eu\/wp-content\/uploads\/2023\/01\/8LOC91113WOOD2.jpg\" \/>\n\t<meta property=\"og:image:width\" content=\"800\" \/>\n\t<meta property=\"og:image:height\" content=\"800\" \/>\n\t<meta property=\"og:image:type\" content=\"image\/jpeg\" \/>\n<meta name=\"twitter:card\" content=\"summary_large_image\" \/>\n<meta name=\"twitter:label1\" content=\"Gesch\u00e4tzte Lesezeit\" \/>\n\t<meta name=\"twitter:data1\" content=\"2\u00a0Minuten\" \/>\n<script type=\"application\/ld+json\" class=\"yoast-schema-graph\">{\"@context\":\"https:\/\/schema.org\",\"@graph\":[{\"@type\":\"WebPage\",\"@id\":\"https:\/\/locsshop.eu\/shop\/locs-solbriller-padre-brun-woodlook\/\",\"url\":\"https:\/\/locsshop.eu\/shop\/locs-solbriller-padre-brun-woodlook\/\",\"name\":\"Locs Solbriller - Padre | Brun Woodlook | K\u00f8b online her | LOCS\",\"isPartOf\":{\"@id\":\"https:\/\/locsshop.eu\/#website\"},\"primaryImageOfPage\":{\"@id\":\"https:\/\/locsshop.eu\/shop\/locs-solbriller-padre-brun-woodlook\/#primaryimage\"},\"image\":{\"@id\":\"https:\/\/locsshop.eu\/shop\/locs-solbriller-padre-brun-woodlook\/#primaryimage\"},\"thumbnailUrl\":\"https:\/\/locsshop.eu\/wp-content\/uploads\/2023\/01\/8LOC91113WOOD2.jpg\",\"datePublished\":\"2023-01-30T19:04:06+00:00\",\"dateModified\":\"2025-07-02T11:43:03+00:00\",\"description\":\"K\u00f8b Locs Solbriller - Padre | Brun Woodlook her | EU's st\u00f8rste udvalg af LOCS solbriller | Vi sender fra EU - Ingen ekstra import udgifter\",\"breadcrumb\":{\"@id\":\"https:\/\/locsshop.eu\/shop\/locs-solbriller-padre-brun-woodlook\/#breadcrumb\"},\"inLanguage\":\"de\",\"potentialAction\":[{\"@type\":\"ReadAction\",\"target\":[\"https:\/\/locsshop.eu\/shop\/locs-solbriller-padre-brun-woodlook\/\"]}]},{\"@type\":\"ImageObject\",\"inLanguage\":\"de\",\"@id\":\"https:\/\/locsshop.eu\/shop\/locs-solbriller-padre-brun-woodlook\/#primaryimage\",\"url\":\"https:\/\/locsshop.eu\/wp-content\/uploads\/2023\/01\/8LOC91113WOOD2.jpg\",\"contentUrl\":\"https:\/\/locsshop.eu\/wp-content\/uploads\/2023\/01\/8LOC91113WOOD2.jpg\",\"width\":800,\"height\":800},{\"@type\":\"BreadcrumbList\",\"@id\":\"https:\/\/locsshop.eu\/shop\/locs-solbriller-padre-brun-woodlook\/#breadcrumb\",\"itemListElement\":[{\"@type\":\"ListItem\",\"position\":1,\"name\":\"Hjem\",\"item\":\"https:\/\/locsshop.eu\/\"},{\"@type\":\"ListItem\",\"position\":2,\"name\":\"Shop\",\"item\":\"https:\/\/locsshop.eu\/shop\/\"},{\"@type\":\"ListItem\",\"position\":3,\"name\":\"Locs Solbriller &#8211; Padre | Brun Woodlook\"}]},{\"@type\":\"WebSite\",\"@id\":\"https:\/\/locsshop.eu\/#website\",\"url\":\"https:\/\/locsshop.eu\/\",\"name\":\"Locs Sunglasses - LOCS Supplier in EU\",\"description\":\"We sell cheap LOCS Sunglasses\",\"publisher\":{\"@id\":\"https:\/\/locsshop.eu\/#organization\"},\"potentialAction\":[{\"@type\":\"SearchAction\",\"target\":{\"@type\":\"EntryPoint\",\"urlTemplate\":\"https:\/\/locsshop.eu\/?s={search_term_string}\"},\"query-input\":{\"@type\":\"PropertyValueSpecification\",\"valueRequired\":true,\"valueName\":\"search_term_string\"}}],\"inLanguage\":\"de\"},{\"@type\":\"Organization\",\"@id\":\"https:\/\/locsshop.eu\/#organization\",\"name\":\"Locsshop.eu\",\"url\":\"https:\/\/locsshop.eu\/\",\"logo\":{\"@type\":\"ImageObject\",\"inLanguage\":\"de\",\"@id\":\"https:\/\/locsshop.eu\/#\/schema\/logo\/image\/\",\"url\":\"https:\/\/locsshop.eu\/wp-content\/uploads\/2022\/02\/Locsshop-logo.png\",\"contentUrl\":\"https:\/\/locsshop.eu\/wp-content\/uploads\/2022\/02\/Locsshop-logo.png\",\"width\":930,\"height\":200,\"caption\":\"Locsshop.eu\"},\"image\":{\"@id\":\"https:\/\/locsshop.eu\/#\/schema\/logo\/image\/\"}}]}<\/script>\n<!-- \/ Yoast SEO plugin. -->","yoast_head_json":{"title":"Locs Sonnenbrille - Padre | Braune Holzoptik | Hier online kaufen | LOK","description":"Kaufen Sie Locs Sonnenbrillen - Padre | Braune Holzoptik hier | Die gr\u00f6\u00dfte Auswahl an LOCS-Sonnenbrillen in der EU | Wir versenden aus der EU - Keine zus\u00e4tzlichen Importkosten","robots":{"index":"index","follow":"follow","max-snippet":"max-snippet:-1","max-image-preview":"max-image-preview:large","max-video-preview":"max-video-preview:-1"},"canonical":"https:\/\/locsshop.eu\/de\/shop\/locs-solbriller-padre-brun-woodlook\/","og_locale":"de_DE","og_type":"article","og_title":"Locs Solbriller - Padre | Brun Woodlook | K\u00f8b online her | LOCS","og_description":"K\u00f8b Locs Solbriller - Padre | Brun Woodlook her | EU's st\u00f8rste udvalg af LOCS solbriller | Vi sender fra EU - Ingen ekstra import udgifter","og_url":"https:\/\/locsshop.eu\/de\/shop\/locs-solbriller-padre-brun-woodlook\/","og_site_name":"Locs Sunglasses - LOCS Supplier in EU","article_modified_time":"2025-07-02T11:43:03+00:00","og_image":[{"width":800,"height":800,"url":"https:\/\/locsshop.eu\/wp-content\/uploads\/2023\/01\/8LOC91113WOOD2.jpg","type":"image\/jpeg"}],"twitter_card":"summary_large_image","twitter_misc":{"Gesch\u00e4tzte Lesezeit":"2\u00a0Minuten"},"schema":{"@context":"https:\/\/schema.org","@graph":[{"@type":"WebPage","@id":"https:\/\/locsshop.eu\/shop\/locs-solbriller-padre-brun-woodlook\/","url":"https:\/\/locsshop.eu\/shop\/locs-solbriller-padre-brun-woodlook\/","name":"Locs Sonnenbrille - Padre | Braune Holzoptik | Hier online kaufen | LOK","isPartOf":{"@id":"https:\/\/locsshop.eu\/#website"},"primaryImageOfPage":{"@id":"https:\/\/locsshop.eu\/shop\/locs-solbriller-padre-brun-woodlook\/#primaryimage"},"image":{"@id":"https:\/\/locsshop.eu\/shop\/locs-solbriller-padre-brun-woodlook\/#primaryimage"},"thumbnailUrl":"https:\/\/locsshop.eu\/wp-content\/uploads\/2023\/01\/8LOC91113WOOD2.jpg","datePublished":"2023-01-30T19:04:06+00:00","dateModified":"2025-07-02T11:43:03+00:00","description":"Kaufen Sie Locs Sonnenbrillen - Padre | Braune Holzoptik hier | Die gr\u00f6\u00dfte Auswahl an LOCS-Sonnenbrillen in der EU | Wir versenden aus der EU - Keine zus\u00e4tzlichen Importkosten","breadcrumb":{"@id":"https:\/\/locsshop.eu\/shop\/locs-solbriller-padre-brun-woodlook\/#breadcrumb"},"inLanguage":"de","potentialAction":[{"@type":"ReadAction","target":["https:\/\/locsshop.eu\/shop\/locs-solbriller-padre-brun-woodlook\/"]}]},{"@type":"ImageObject","inLanguage":"de","@id":"https:\/\/locsshop.eu\/shop\/locs-solbriller-padre-brun-woodlook\/#primaryimage","url":"https:\/\/locsshop.eu\/wp-content\/uploads\/2023\/01\/8LOC91113WOOD2.jpg","contentUrl":"https:\/\/locsshop.eu\/wp-content\/uploads\/2023\/01\/8LOC91113WOOD2.jpg","width":800,"height":800},{"@type":"BreadcrumbList","@id":"https:\/\/locsshop.eu\/shop\/locs-solbriller-padre-brun-woodlook\/#breadcrumb","itemListElement":[{"@type":"ListItem","position":1,"name":"Hjem","item":"https:\/\/locsshop.eu\/"},{"@type":"ListItem","position":2,"name":"Shop","item":"https:\/\/locsshop.eu\/shop\/"},{"@type":"ListItem","position":3,"name":"Locs Solbriller &#8211; Padre | Brun Woodlook"}]},{"@type":"WebSite","@id":"https:\/\/locsshop.eu\/#website","url":"https:\/\/locsshop.eu\/","name":"Locs Sonnenbrillen \u2013 LOCS-Lieferant in der EU","description":"Wir verkaufen g\u00fcnstige LOCS Sonnenbrillen","publisher":{"@id":"https:\/\/locsshop.eu\/#organization"},"potentialAction":[{"@type":"SearchAction","target":{"@type":"EntryPoint","urlTemplate":"https:\/\/locsshop.eu\/?s={search_term_string}"},"query-input":{"@type":"PropertyValueSpecification","valueRequired":true,"valueName":"search_term_string"}}],"inLanguage":"de"},{"@type":"Organization","@id":"https:\/\/locsshop.eu\/#organization","name":"Locsshop.eu","url":"https:\/\/locsshop.eu\/","logo":{"@type":"ImageObject","inLanguage":"de","@id":"https:\/\/locsshop.eu\/#\/schema\/logo\/image\/","url":"https:\/\/locsshop.eu\/wp-content\/uploads\/2022\/02\/Locsshop-logo.png","contentUrl":"https:\/\/locsshop.eu\/wp-content\/uploads\/2022\/02\/Locsshop-logo.png","width":930,"height":200,"caption":"Locsshop.eu"},"image":{"@id":"https:\/\/locsshop.eu\/#\/schema\/logo\/image\/"}}]}},"_links":{"self":[{"href":"https:\/\/locsshop.eu\/de\/wp-json\/wp\/v2\/product\/9375","targetHints":{"allow":["GET"]}}],"collection":[{"href":"https:\/\/locsshop.eu\/de\/wp-json\/wp\/v2\/product"}],"about":[{"href":"https:\/\/locsshop.eu\/de\/wp-json\/wp\/v2\/types\/product"}],"replies":[{"embeddable":true,"href":"https:\/\/locsshop.eu\/de\/wp-json\/wp\/v2\/comments?post=9375"}],"wp:featuredmedia":[{"embeddable":true,"href":"https:\/\/locsshop.eu\/de\/wp-json\/wp\/v2\/media\/9376"}],"wp:attachment":[{"href":"https:\/\/locsshop.eu\/de\/wp-json\/wp\/v2\/media?parent=9375"}],"wp:term":[{"taxonomy":"product_brand","embeddable":true,"href":"https:\/\/locsshop.eu\/de\/wp-json\/wp\/v2\/product_brand?post=9375"},{"taxonomy":"product_cat","embeddable":true,"href":"https:\/\/locsshop.eu\/de\/wp-json\/wp\/v2\/product_cat?post=9375"},{"taxonomy":"product_tag","embeddable":true,"href":"https:\/\/locsshop.eu\/de\/wp-json\/wp\/v2\/product_tag?post=9375"}],"curies":[{"name":"wp","href":"https:\/\/api.w.org\/{rel}","templated":true}]}}