{"id":9479,"date":"2023-02-06T10:36:12","date_gmt":"2023-02-06T09:36:12","guid":{"rendered":"https:\/\/locsshop.eu\/shop\/choppers-solbriller-los-angeles-soelv-spejlglas\/"},"modified":"2023-08-31T16:01:47","modified_gmt":"2023-08-31T14:01:47","slug":"choppers-solbriller-los-angeles-soelv-spejlglas","status":"publish","type":"product","link":"https:\/\/locsshop.eu\/de\/shop\/choppers-solbriller-los-angeles-soelv-spejlglas\/","title":{"rendered":"Choppers Sonnenbrille \u2013 Los Angeles | Silbernes Spiegelglas"},"content":{"rendered":"<h2><strong>Choppers-Sonnenbrille in gl\u00e4nzendem Schwarz mit gro\u00dfen coolen Metallemblemen \u2013 silbernes Spiegelglas<\/strong><\/h2>\n<h4>Super rohe Sonnenbrille, die viel Attit\u00fcde ausstrahlt. Sie sind gl\u00e4nzend schwarz mit silbernem Spiegelglas und haben besonders sch\u00f6ne Chopper-Embleme auf den Stangen.<br \/>\nDie coolen Logos und der komplett schwarze Rahmen mit silbernem Spiegelglas machen diese Sonnenbrille ultracool und sind einfach ein Must-Have f\u00fcr sommerliche Ausfahrten mit deinem Motorrad.<br \/>\nEs gibt Gummi-Nasenpads, die das Tragen \u00fcber einen l\u00e4ngeren Zeitraum angenehm machen und diese Sonnenbrille zu einer wirklich guten Wahl f\u00fcr Ihre neue Lieblingssonnenbrille machen.<\/h4>\n<h4>Choppers Sunglasses ist eine beliebte amerikanische Sonnenbrillenmarke, die sich in erster Linie an Biker und andere, die die Biker-Kultur m\u00f6gen, richtet.<br \/>\nChoppers Sonnenbrillen haben coole Logos und Embleme, sch\u00f6ne Details und einen Stil, der genau zu Ihrer Harley 100% passt. Perfekt f\u00fcr Sie, die eine gewisse Attit\u00fcde haben und ultra cool aussehen m\u00f6chten.<\/h4>\n<p>&nbsp;<\/p>\n<h4><strong><em>Einzelheiten:<br \/>\n<\/em><\/strong><br \/>\nInnenbreite: 13,4 cm<br \/>\nH\u00f6he: 4,3 cm<br \/>\nStangenl\u00e4nge: 12,6 cm<br \/>\nOberfl\u00e4che: Gl\u00e4nzend<\/h4>\n<h4>Material: Kunststoff und Metall<br \/>\nUV400-Schutz<br \/>\nCE-gepr\u00fcft<\/h4>\n<h4><img loading=\"lazy\" decoding=\"async\" class=\"alignnone wp-image-11154 size-full\" src=\"https:\/\/bazarsalg.dk\/wp-content\/uploads\/Stor-choppers-logo-280x280-1.jpg\" alt=\"\" width=\"280\" height=\"280\" \/><\/h4>\n<h4><em>\u00dcber Choppers Sonnenbrillen<\/em><\/h4>\n<p><strong><em>Sonnenbrille im Biker-Stil<\/em><\/strong><br \/>\n<em>Choppers Sonnenbrillen sind bei Motorradfahrern und Motorradfans auf der ganzen Welt und insbesondere in den USA sehr beliebt geworden. Es ist leicht zu verstehen, warum mit ihren einzigartigen rohen Designs und originellen Stilen sowie ihrer bequemen Passform, die zu Ihrer Harley passt. Choppers Sonnenbrillen gibt es in vielen beliebten Designs, die alle Blicke auf sich ziehen werden. Diese Chopper-Sonnenbrille wird mit dem aggressiven Styling garantiert der Hit bei deinen Freunden und Bekannten, die diesen Stil ebenfalls m\u00f6gen.<br \/>\nSie passen sehr gut zu Ihrem Motorrad, amerikanischen Auto oder Ihrer Lederweste. Kaufen Sie ein Paar, bevor sie ausverkauft sind.<\/em><\/p>","protected":false},"excerpt":{"rendered":"<p><strong>Zerhacker \u2013 8CP6707<\/strong><br \/>\nSchwarzer gl\u00e4nzender Rahmen mit silbernen Metalllogos - Silbernes Spiegelglas<br \/>\nPlastik Rahmen<br \/>\nUV400<br \/>\nCE-gepr\u00fcft<\/p>\n<p><img loading=\"lazy\" decoding=\"async\" class=\"alignnone wp-image-11155 size-full\" src=\"https:\/\/bazarsalg.dk\/wp-content\/uploads\/Lille-choppers-logo-200x200-1.jpg\" alt=\"\" width=\"200\" height=\"200\" \/><\/p>","protected":false},"featured_media":9480,"comment_status":"open","ping_status":"closed","template":"","meta":{"om_disable_all_campaigns":false,"_monsterinsights_skip_tracking":false,"_monsterinsights_sitenote_active":false,"_monsterinsights_sitenote_note":"","_monsterinsights_sitenote_category":0},"product_brand":[],"product_cat":[1209,1049],"product_tag":[1213,1208,870],"class_list":{"0":"post-9479","1":"product","2":"type-product","3":"status-publish","4":"has-post-thumbnail","6":"product_cat-choppers-solbriller","7":"product_cat-premium-solbriller","8":"product_tag-8cp6707","9":"product_tag-choppers","10":"product_tag-p693","12":"first","13":"outofstock","14":"sale","15":"shipping-taxable","16":"purchasable","17":"product-type-simple"},"yoast_head":"<!-- This site is optimized with the Yoast SEO plugin v27.5 - https:\/\/yoast.com\/product\/yoast-seo-wordpress\/ -->\n<title>Choppers Solbriller - Los Angeles | S\u00f8lv Spejlglas | K\u00f8b online her | LOCS<\/title>\n<meta name=\"description\" content=\"K\u00f8b Choppers Solbriller - Los Angeles | S\u00f8lv Spejlglas her | EU&#039;s st\u00f8rste udvalg af LOCS solbriller | Vi sender fra EU - Ingen ekstra import udgifter\" \/>\n<meta name=\"robots\" content=\"index, follow, max-snippet:-1, max-image-preview:large, max-video-preview:-1\" \/>\n<link rel=\"canonical\" href=\"https:\/\/locsshop.eu\/de\/shop\/choppers-solbriller-los-angeles-soelv-spejlglas\/\" \/>\n<meta property=\"og:locale\" content=\"de_DE\" \/>\n<meta property=\"og:type\" content=\"article\" \/>\n<meta property=\"og:title\" content=\"Choppers Solbriller - Los Angeles | S\u00f8lv Spejlglas | K\u00f8b online her | LOCS\" \/>\n<meta property=\"og:description\" content=\"K\u00f8b Choppers Solbriller - Los Angeles | S\u00f8lv Spejlglas her | EU&#039;s st\u00f8rste udvalg af LOCS solbriller | Vi sender fra EU - Ingen ekstra import udgifter\" \/>\n<meta property=\"og:url\" content=\"https:\/\/locsshop.eu\/de\/shop\/choppers-solbriller-los-angeles-soelv-spejlglas\/\" \/>\n<meta property=\"og:site_name\" content=\"Locs Sunglasses - LOCS Supplier in EU\" \/>\n<meta property=\"article:modified_time\" content=\"2023-08-31T14:01:47+00:00\" \/>\n<meta property=\"og:image\" content=\"https:\/\/locsshop.eu\/wp-content\/uploads\/2023\/02\/8CP67071.jpg\" \/>\n\t<meta property=\"og:image:width\" content=\"800\" \/>\n\t<meta property=\"og:image:height\" content=\"800\" \/>\n\t<meta property=\"og:image:type\" content=\"image\/jpeg\" \/>\n<meta name=\"twitter:card\" content=\"summary_large_image\" \/>\n<meta name=\"twitter:label1\" content=\"Gesch\u00e4tzte Lesezeit\" \/>\n\t<meta name=\"twitter:data1\" content=\"1\u00a0Minute\" \/>\n<script type=\"application\/ld+json\" class=\"yoast-schema-graph\">{\"@context\":\"https:\\\/\\\/schema.org\",\"@graph\":[{\"@type\":\"WebPage\",\"@id\":\"https:\\\/\\\/locsshop.eu\\\/shop\\\/choppers-solbriller-los-angeles-soelv-spejlglas\\\/\",\"url\":\"https:\\\/\\\/locsshop.eu\\\/shop\\\/choppers-solbriller-los-angeles-soelv-spejlglas\\\/\",\"name\":\"Choppers Solbriller - Los Angeles | S\u00f8lv Spejlglas | K\u00f8b online her | LOCS\",\"isPartOf\":{\"@id\":\"https:\\\/\\\/locsshop.eu\\\/#website\"},\"primaryImageOfPage\":{\"@id\":\"https:\\\/\\\/locsshop.eu\\\/shop\\\/choppers-solbriller-los-angeles-soelv-spejlglas\\\/#primaryimage\"},\"image\":{\"@id\":\"https:\\\/\\\/locsshop.eu\\\/shop\\\/choppers-solbriller-los-angeles-soelv-spejlglas\\\/#primaryimage\"},\"thumbnailUrl\":\"https:\\\/\\\/locsshop.eu\\\/wp-content\\\/uploads\\\/2023\\\/02\\\/8CP67071.jpg\",\"datePublished\":\"2023-02-06T09:36:12+00:00\",\"dateModified\":\"2023-08-31T14:01:47+00:00\",\"description\":\"K\u00f8b Choppers Solbriller - Los Angeles | S\u00f8lv Spejlglas her | EU's st\u00f8rste udvalg af LOCS solbriller | Vi sender fra EU - Ingen ekstra import udgifter\",\"breadcrumb\":{\"@id\":\"https:\\\/\\\/locsshop.eu\\\/shop\\\/choppers-solbriller-los-angeles-soelv-spejlglas\\\/#breadcrumb\"},\"inLanguage\":\"de\",\"potentialAction\":[{\"@type\":\"ReadAction\",\"target\":[\"https:\\\/\\\/locsshop.eu\\\/shop\\\/choppers-solbriller-los-angeles-soelv-spejlglas\\\/\"]}]},{\"@type\":\"ImageObject\",\"inLanguage\":\"de\",\"@id\":\"https:\\\/\\\/locsshop.eu\\\/shop\\\/choppers-solbriller-los-angeles-soelv-spejlglas\\\/#primaryimage\",\"url\":\"https:\\\/\\\/locsshop.eu\\\/wp-content\\\/uploads\\\/2023\\\/02\\\/8CP67071.jpg\",\"contentUrl\":\"https:\\\/\\\/locsshop.eu\\\/wp-content\\\/uploads\\\/2023\\\/02\\\/8CP67071.jpg\",\"width\":800,\"height\":800},{\"@type\":\"BreadcrumbList\",\"@id\":\"https:\\\/\\\/locsshop.eu\\\/shop\\\/choppers-solbriller-los-angeles-soelv-spejlglas\\\/#breadcrumb\",\"itemListElement\":[{\"@type\":\"ListItem\",\"position\":1,\"name\":\"Hjem\",\"item\":\"https:\\\/\\\/locsshop.eu\\\/\"},{\"@type\":\"ListItem\",\"position\":2,\"name\":\"Shop\",\"item\":\"https:\\\/\\\/locsshop.eu\\\/shop\\\/\"},{\"@type\":\"ListItem\",\"position\":3,\"name\":\"Choppers Solbriller &#8211; Los Angeles | S\u00f8lv Spejlglas\"}]},{\"@type\":\"WebSite\",\"@id\":\"https:\\\/\\\/locsshop.eu\\\/#website\",\"url\":\"https:\\\/\\\/locsshop.eu\\\/\",\"name\":\"Locs Sunglasses - LOCS Supplier in EU\",\"description\":\"We sell cheap LOCS Sunglasses\",\"publisher\":{\"@id\":\"https:\\\/\\\/locsshop.eu\\\/#organization\"},\"potentialAction\":[{\"@type\":\"SearchAction\",\"target\":{\"@type\":\"EntryPoint\",\"urlTemplate\":\"https:\\\/\\\/locsshop.eu\\\/?s={search_term_string}\"},\"query-input\":{\"@type\":\"PropertyValueSpecification\",\"valueRequired\":true,\"valueName\":\"search_term_string\"}}],\"inLanguage\":\"de\"},{\"@type\":\"Organization\",\"@id\":\"https:\\\/\\\/locsshop.eu\\\/#organization\",\"name\":\"Locsshop.eu\",\"url\":\"https:\\\/\\\/locsshop.eu\\\/\",\"logo\":{\"@type\":\"ImageObject\",\"inLanguage\":\"de\",\"@id\":\"https:\\\/\\\/locsshop.eu\\\/#\\\/schema\\\/logo\\\/image\\\/\",\"url\":\"https:\\\/\\\/locsshop.eu\\\/wp-content\\\/uploads\\\/2022\\\/02\\\/Locsshop-logo.png\",\"contentUrl\":\"https:\\\/\\\/locsshop.eu\\\/wp-content\\\/uploads\\\/2022\\\/02\\\/Locsshop-logo.png\",\"width\":930,\"height\":200,\"caption\":\"Locsshop.eu\"},\"image\":{\"@id\":\"https:\\\/\\\/locsshop.eu\\\/#\\\/schema\\\/logo\\\/image\\\/\"}}]}<\/script>\n<!-- \/ Yoast SEO plugin. -->","yoast_head_json":{"title":"Choppers Sonnenbrillen - Los Angeles | Silber Spiegelglas | Hier online kaufen | LOK","description":"Kaufen Sie Choppers Sonnenbrillen - Los Angeles | Silbernes Spiegelglas hier | Die gr\u00f6\u00dfte Auswahl an LOCS-Sonnenbrillen in der EU | Wir versenden aus der EU - Keine zus\u00e4tzlichen Importkosten","robots":{"index":"index","follow":"follow","max-snippet":"max-snippet:-1","max-image-preview":"max-image-preview:large","max-video-preview":"max-video-preview:-1"},"canonical":"https:\/\/locsshop.eu\/de\/shop\/choppers-solbriller-los-angeles-soelv-spejlglas\/","og_locale":"de_DE","og_type":"article","og_title":"Choppers Solbriller - Los Angeles | S\u00f8lv Spejlglas | K\u00f8b online her | LOCS","og_description":"K\u00f8b Choppers Solbriller - Los Angeles | S\u00f8lv Spejlglas her | EU's st\u00f8rste udvalg af LOCS solbriller | Vi sender fra EU - Ingen ekstra import udgifter","og_url":"https:\/\/locsshop.eu\/de\/shop\/choppers-solbriller-los-angeles-soelv-spejlglas\/","og_site_name":"Locs Sunglasses - LOCS Supplier in EU","article_modified_time":"2023-08-31T14:01:47+00:00","og_image":[{"width":800,"height":800,"url":"https:\/\/locsshop.eu\/wp-content\/uploads\/2023\/02\/8CP67071.jpg","type":"image\/jpeg"}],"twitter_card":"summary_large_image","twitter_misc":{"Gesch\u00e4tzte Lesezeit":"1\u00a0Minute"},"schema":{"@context":"https:\/\/schema.org","@graph":[{"@type":"WebPage","@id":"https:\/\/locsshop.eu\/shop\/choppers-solbriller-los-angeles-soelv-spejlglas\/","url":"https:\/\/locsshop.eu\/shop\/choppers-solbriller-los-angeles-soelv-spejlglas\/","name":"Choppers Sonnenbrillen - Los Angeles | Silber Spiegelglas | Hier online kaufen | LOK","isPartOf":{"@id":"https:\/\/locsshop.eu\/#website"},"primaryImageOfPage":{"@id":"https:\/\/locsshop.eu\/shop\/choppers-solbriller-los-angeles-soelv-spejlglas\/#primaryimage"},"image":{"@id":"https:\/\/locsshop.eu\/shop\/choppers-solbriller-los-angeles-soelv-spejlglas\/#primaryimage"},"thumbnailUrl":"https:\/\/locsshop.eu\/wp-content\/uploads\/2023\/02\/8CP67071.jpg","datePublished":"2023-02-06T09:36:12+00:00","dateModified":"2023-08-31T14:01:47+00:00","description":"Kaufen Sie Choppers Sonnenbrillen - Los Angeles | Silbernes Spiegelglas hier | Die gr\u00f6\u00dfte Auswahl an LOCS-Sonnenbrillen in der EU | Wir versenden aus der EU - Keine zus\u00e4tzlichen Importkosten","breadcrumb":{"@id":"https:\/\/locsshop.eu\/shop\/choppers-solbriller-los-angeles-soelv-spejlglas\/#breadcrumb"},"inLanguage":"de","potentialAction":[{"@type":"ReadAction","target":["https:\/\/locsshop.eu\/shop\/choppers-solbriller-los-angeles-soelv-spejlglas\/"]}]},{"@type":"ImageObject","inLanguage":"de","@id":"https:\/\/locsshop.eu\/shop\/choppers-solbriller-los-angeles-soelv-spejlglas\/#primaryimage","url":"https:\/\/locsshop.eu\/wp-content\/uploads\/2023\/02\/8CP67071.jpg","contentUrl":"https:\/\/locsshop.eu\/wp-content\/uploads\/2023\/02\/8CP67071.jpg","width":800,"height":800},{"@type":"BreadcrumbList","@id":"https:\/\/locsshop.eu\/shop\/choppers-solbriller-los-angeles-soelv-spejlglas\/#breadcrumb","itemListElement":[{"@type":"ListItem","position":1,"name":"Hjem","item":"https:\/\/locsshop.eu\/"},{"@type":"ListItem","position":2,"name":"Shop","item":"https:\/\/locsshop.eu\/shop\/"},{"@type":"ListItem","position":3,"name":"Choppers Solbriller &#8211; Los Angeles | S\u00f8lv Spejlglas"}]},{"@type":"WebSite","@id":"https:\/\/locsshop.eu\/#website","url":"https:\/\/locsshop.eu\/","name":"Locs Sonnenbrillen \u2013 LOCS-Lieferant in der EU","description":"Wir verkaufen g\u00fcnstige LOCS Sonnenbrillen","publisher":{"@id":"https:\/\/locsshop.eu\/#organization"},"potentialAction":[{"@type":"SearchAction","target":{"@type":"EntryPoint","urlTemplate":"https:\/\/locsshop.eu\/?s={search_term_string}"},"query-input":{"@type":"PropertyValueSpecification","valueRequired":true,"valueName":"search_term_string"}}],"inLanguage":"de"},{"@type":"Organization","@id":"https:\/\/locsshop.eu\/#organization","name":"Locsshop.eu","url":"https:\/\/locsshop.eu\/","logo":{"@type":"ImageObject","inLanguage":"de","@id":"https:\/\/locsshop.eu\/#\/schema\/logo\/image\/","url":"https:\/\/locsshop.eu\/wp-content\/uploads\/2022\/02\/Locsshop-logo.png","contentUrl":"https:\/\/locsshop.eu\/wp-content\/uploads\/2022\/02\/Locsshop-logo.png","width":930,"height":200,"caption":"Locsshop.eu"},"image":{"@id":"https:\/\/locsshop.eu\/#\/schema\/logo\/image\/"}}]}},"_links":{"self":[{"href":"https:\/\/locsshop.eu\/de\/wp-json\/wp\/v2\/product\/9479","targetHints":{"allow":["GET"]}}],"collection":[{"href":"https:\/\/locsshop.eu\/de\/wp-json\/wp\/v2\/product"}],"about":[{"href":"https:\/\/locsshop.eu\/de\/wp-json\/wp\/v2\/types\/product"}],"replies":[{"embeddable":true,"href":"https:\/\/locsshop.eu\/de\/wp-json\/wp\/v2\/comments?post=9479"}],"wp:featuredmedia":[{"embeddable":true,"href":"https:\/\/locsshop.eu\/de\/wp-json\/wp\/v2\/media\/9480"}],"wp:attachment":[{"href":"https:\/\/locsshop.eu\/de\/wp-json\/wp\/v2\/media?parent=9479"}],"wp:term":[{"taxonomy":"product_brand","embeddable":true,"href":"https:\/\/locsshop.eu\/de\/wp-json\/wp\/v2\/product_brand?post=9479"},{"taxonomy":"product_cat","embeddable":true,"href":"https:\/\/locsshop.eu\/de\/wp-json\/wp\/v2\/product_cat?post=9479"},{"taxonomy":"product_tag","embeddable":true,"href":"https:\/\/locsshop.eu\/de\/wp-json\/wp\/v2\/product_tag?post=9479"}],"curies":[{"name":"wp","href":"https:\/\/api.w.org\/{rel}","templated":true}]}}