{"id":9549,"date":"2023-03-02T19:21:41","date_gmt":"2023-03-02T18:21:41","guid":{"rendered":"https:\/\/locsshop.eu\/shop\/handout-apparel-bambus-solbriller-roed-og-neutral-wayfarer\/"},"modified":"2025-07-09T17:38:45","modified_gmt":"2025-07-09T15:38:45","slug":"handout-apparel-bambus-solbriller-roed-og-neutral-wayfarer","status":"publish","type":"product","link":"https:\/\/locsshop.eu\/de\/shop\/handout-apparel-bambus-solbriller-roed-og-neutral-wayfarer\/","title":{"rendered":"Handout Apparel Bambus-Sonnenbrillen | Roter und neutraler Wayfarer"},"content":{"rendered":"<h2><strong>Rohrote und neutrale Wayfarer-Sonnenbrille aus Bambus mit braunen Gl\u00e4sern - Inkl. Koffer aus Bambus<\/strong><\/h2>\n<h4>Diese Wayfarer-Sonnenbrille aus Bambus hat einen eleganten roten und neutralen Rahmen und braune Gl\u00e4ser. Diese stilvolle Sonnenbrille ist perfekt f\u00fcr jeden Anlass und wurde im Hinblick auf Komfort und Langlebigkeit entwickelt.<br \/>\nIhr geringes Gewicht macht sie einfach zu tragen und ihre zeitlose Form verleiht Ihrem Look ein cooles und stilvolles Upgrade. Mit 100 % UV-Schutz sch\u00fctzt Sie diese Sonnenbrille vor den sch\u00e4dlichen Sonnenstrahlen.<br \/>\nDie Sonnenbrille hat Flexst\u00e4be f\u00fcr einen optimalen Tragekomfort und perfekten Sitz.<br \/>\nDie eingravierten Handout Apparel-Logos auf den St\u00e4ben lassen die Sonnenbrille exklusiv aussehen und mit dem Herz-Logo signalisieren Sie, dass Sie unsere Natur lieben und sich bewusst daf\u00fcr entschieden haben, sie so gut wie m\u00f6glich zu pflegen, auch wenn Sie eine sch\u00f6ne Sonnenbrille tragen.<\/h4>\n<h4>Im Lieferumfang Ihrer neuen Handout Apparel Bambus-Sonnenbrille ist ein sch\u00f6nes Bambus-Etui enthalten, sodass Sie Ihre Bambus-Sonnenbrille \u00fcberall hin mitnehmen k\u00f6nnen, ohne dass sie besch\u00e4digt wird.<\/p>\n<p><span data-text-color=\"secondary\"><strong>Bitte beachten Sie, dass die Sonnenbrille einzigartig und aus verschiedenen H\u00f6lzern geschnitten ist und daher nicht mit den Bildern 100% \u00fcbereinstimmt, da die Textur des Holzes anders ist.<\/strong><\/span><br \/>\n<strong><br \/>\nDamit Ihre neue coole Sonnenbrille im Bambus-Etui nicht zerkratzt wird, empfehlen wir den Kauf einer zus\u00e4tzlichen Etuitasche.<\/strong><br \/>\n<strong>Finden Sie unsere Koffer in der Zubeh\u00f6rkategorie und kaufen Sie weitere auch ein Putztuch zur optimalen Reinigung der Brille.<\/strong><\/h4>\n<h4><\/h4>\n<p>&nbsp;<\/p>\n<h4><strong><em>Einzelheiten:<br \/>\n<\/em><\/strong><br \/>\nInnenbreite: 13,3 cm<br \/>\nH\u00f6he: 4,3 cm<br \/>\nStangenl\u00e4nge: 14,2 cm<\/h4>\n<p>Material: Bambus<br \/>\nUV400-Schutz<\/p>\n<h4><img loading=\"lazy\" decoding=\"async\" class=\"alignnone wp-image-11258 size-full\" src=\"https:\/\/bazarsalg.dk\/wp-content\/uploads\/handout-apparel-logo-lille.jpg\" alt=\"\" width=\"320\" height=\"218\" \/><\/h4>\n<h4><em>\u00dcber Handout Apparel Bambus-Sonnenbrille<\/em><\/h4>\n<p><strong><em>Sonnenbrillen aus nachhaltigen Materialien<\/em><\/strong><br \/>\nBambus-Sonnenbrillen sind eine nachhaltige, faire und bezahlbare Alternative zu Plastik-Sonnenbrillen.<br \/>\nBambus-Sonnenbrillen werden immer beliebter. Sie sind stylisch und leicht, wodurch sie auch \u00fcber l\u00e4ngere Zeit angenehm zu tragen sind. Sie sind von Natur aus umweltfreundlich, da Bambus ein nachwachsender Rohstoff ist. Sie bieten auch einen guten Sonnenschutz und sind \u00fcberraschend langlebig. Bambus-Sonnenbrillen sind wirklich einzigartig und in vielen verschiedenen Formen, Gr\u00f6\u00dfen und Farben erh\u00e4ltlich. Sie sind perfekt f\u00fcr alle Outdoor-Aktivit\u00e4ten, von einem Tag am Strand bis zu einem Nachmittagsspaziergang. Die robusten und modischen Rahmen machen sie zum perfekten Accessoire, um jedes Outfit zu vervollst\u00e4ndigen. Wenn Sie nach einer umweltfreundlichen, stilvollen Sonnenbrille suchen, ist Bambus die richtige L\u00f6sung f\u00fcr Sie.<\/p>","protected":false},"excerpt":{"rendered":"<p><strong>HANDOUT APPAREL \u2013 HA-3<\/strong><br \/>\nSchwarzer und neutraler Bambusrahmen mit eingravierten Logos - Braune Gl\u00e4ser<br \/>\nFlex Bars \u2013 F\u00fcr optimale Passform<br \/>\nLeichtes Material<br \/>\nInklusive Koffer aus Bambus<br \/>\nUV400-Schutz<\/p>\n<p><img loading=\"lazy\" decoding=\"async\" class=\"alignnone wp-image-11257 size-full\" src=\"https:\/\/bazarsalg.dk\/wp-content\/uploads\/Earth-Friendly.png\" alt=\"\" width=\"113\" height=\"148\" \/><\/p>","protected":false},"featured_media":9550,"comment_status":"open","ping_status":"closed","template":"","meta":{"om_disable_all_campaigns":false,"_monsterinsights_skip_tracking":false,"_monsterinsights_sitenote_active":false,"_monsterinsights_sitenote_note":"","_monsterinsights_sitenote_category":0},"product_brand":[],"product_cat":[1026,1029,1025,1227,1049,1037],"product_tag":[1224,503,1229,1226,769],"class_list":{"0":"post-9549","1":"product","2":"type-product","3":"status-publish","4":"has-post-thumbnail","6":"product_cat-dame-solbriller","7":"product_cat-herre-solbriller","8":"product_cat-billige-solbriller","9":"product_cat-handout-apparel","10":"product_cat-premium-solbriller","11":"product_cat-wayfarer","12":"product_tag-apparel","13":"product_tag-bambus","14":"product_tag-ha-3","15":"product_tag-handout","16":"product_tag-ph4131","18":"first","19":"instock","20":"shipping-taxable","21":"purchasable","22":"product-type-simple"},"yoast_head":"<!-- This site is optimized with the Yoast SEO plugin v27.5 - https:\/\/yoast.com\/product\/yoast-seo-wordpress\/ -->\n<title>Handout Apparel Bambus Solbriller | R\u00f8d og neutral Wayfarer | K\u00f8b online her | LOCS<\/title>\n<meta name=\"description\" content=\"K\u00f8b Handout Apparel Bambus Solbriller | R\u00f8d og neutral Wayfarer her | EU&#039;s st\u00f8rste udvalg af LOCS solbriller | Vi sender fra EU - Ingen ekstra import udgifter\" \/>\n<meta name=\"robots\" content=\"index, follow, max-snippet:-1, max-image-preview:large, max-video-preview:-1\" \/>\n<link rel=\"canonical\" href=\"https:\/\/locsshop.eu\/de\/shop\/handout-apparel-bambus-solbriller-roed-og-neutral-wayfarer\/\" \/>\n<meta property=\"og:locale\" content=\"de_DE\" \/>\n<meta property=\"og:type\" content=\"article\" \/>\n<meta property=\"og:title\" content=\"Handout Apparel Bambus Solbriller | R\u00f8d og neutral Wayfarer | K\u00f8b online her | LOCS\" \/>\n<meta property=\"og:description\" content=\"K\u00f8b Handout Apparel Bambus Solbriller | R\u00f8d og neutral Wayfarer her | EU&#039;s st\u00f8rste udvalg af LOCS solbriller | Vi sender fra EU - Ingen ekstra import udgifter\" \/>\n<meta property=\"og:url\" content=\"https:\/\/locsshop.eu\/de\/shop\/handout-apparel-bambus-solbriller-roed-og-neutral-wayfarer\/\" \/>\n<meta property=\"og:site_name\" content=\"Locs Sunglasses - LOCS Supplier in EU\" \/>\n<meta property=\"article:modified_time\" content=\"2025-07-09T15:38:45+00:00\" \/>\n<meta property=\"og:image\" content=\"https:\/\/locsshop.eu\/wp-content\/uploads\/2023\/03\/HA-3-Handout-Apparal-Black6.png\" \/>\n\t<meta property=\"og:image:width\" content=\"800\" \/>\n\t<meta property=\"og:image:height\" content=\"800\" \/>\n\t<meta property=\"og:image:type\" content=\"image\/png\" \/>\n<meta name=\"twitter:card\" content=\"summary_large_image\" \/>\n<meta name=\"twitter:label1\" content=\"Gesch\u00e4tzte Lesezeit\" \/>\n\t<meta name=\"twitter:data1\" content=\"2\u00a0Minuten\" \/>\n<script type=\"application\/ld+json\" class=\"yoast-schema-graph\">{\"@context\":\"https:\\\/\\\/schema.org\",\"@graph\":[{\"@type\":\"WebPage\",\"@id\":\"https:\\\/\\\/locsshop.eu\\\/shop\\\/handout-apparel-bambus-solbriller-roed-og-neutral-wayfarer\\\/\",\"url\":\"https:\\\/\\\/locsshop.eu\\\/shop\\\/handout-apparel-bambus-solbriller-roed-og-neutral-wayfarer\\\/\",\"name\":\"Handout Apparel Bambus Solbriller | R\u00f8d og neutral Wayfarer | K\u00f8b online her | LOCS\",\"isPartOf\":{\"@id\":\"https:\\\/\\\/locsshop.eu\\\/#website\"},\"primaryImageOfPage\":{\"@id\":\"https:\\\/\\\/locsshop.eu\\\/shop\\\/handout-apparel-bambus-solbriller-roed-og-neutral-wayfarer\\\/#primaryimage\"},\"image\":{\"@id\":\"https:\\\/\\\/locsshop.eu\\\/shop\\\/handout-apparel-bambus-solbriller-roed-og-neutral-wayfarer\\\/#primaryimage\"},\"thumbnailUrl\":\"https:\\\/\\\/locsshop.eu\\\/wp-content\\\/uploads\\\/2023\\\/03\\\/HA-3-Handout-Apparal-Black6.png\",\"datePublished\":\"2023-03-02T18:21:41+00:00\",\"dateModified\":\"2025-07-09T15:38:45+00:00\",\"description\":\"K\u00f8b Handout Apparel Bambus Solbriller | R\u00f8d og neutral Wayfarer her | EU's st\u00f8rste udvalg af LOCS solbriller | Vi sender fra EU - Ingen ekstra import udgifter\",\"breadcrumb\":{\"@id\":\"https:\\\/\\\/locsshop.eu\\\/shop\\\/handout-apparel-bambus-solbriller-roed-og-neutral-wayfarer\\\/#breadcrumb\"},\"inLanguage\":\"de\",\"potentialAction\":[{\"@type\":\"ReadAction\",\"target\":[\"https:\\\/\\\/locsshop.eu\\\/shop\\\/handout-apparel-bambus-solbriller-roed-og-neutral-wayfarer\\\/\"]}]},{\"@type\":\"ImageObject\",\"inLanguage\":\"de\",\"@id\":\"https:\\\/\\\/locsshop.eu\\\/shop\\\/handout-apparel-bambus-solbriller-roed-og-neutral-wayfarer\\\/#primaryimage\",\"url\":\"https:\\\/\\\/locsshop.eu\\\/wp-content\\\/uploads\\\/2023\\\/03\\\/HA-3-Handout-Apparal-Black6.png\",\"contentUrl\":\"https:\\\/\\\/locsshop.eu\\\/wp-content\\\/uploads\\\/2023\\\/03\\\/HA-3-Handout-Apparal-Black6.png\",\"width\":800,\"height\":800},{\"@type\":\"BreadcrumbList\",\"@id\":\"https:\\\/\\\/locsshop.eu\\\/shop\\\/handout-apparel-bambus-solbriller-roed-og-neutral-wayfarer\\\/#breadcrumb\",\"itemListElement\":[{\"@type\":\"ListItem\",\"position\":1,\"name\":\"Hjem\",\"item\":\"https:\\\/\\\/locsshop.eu\\\/\"},{\"@type\":\"ListItem\",\"position\":2,\"name\":\"Shop\",\"item\":\"https:\\\/\\\/locsshop.eu\\\/shop\\\/\"},{\"@type\":\"ListItem\",\"position\":3,\"name\":\"Handout Apparel Bambus Solbriller | R\u00f8d og neutral Wayfarer\"}]},{\"@type\":\"WebSite\",\"@id\":\"https:\\\/\\\/locsshop.eu\\\/#website\",\"url\":\"https:\\\/\\\/locsshop.eu\\\/\",\"name\":\"Locs Sunglasses - LOCS Supplier in EU\",\"description\":\"We sell cheap LOCS Sunglasses\",\"publisher\":{\"@id\":\"https:\\\/\\\/locsshop.eu\\\/#organization\"},\"potentialAction\":[{\"@type\":\"SearchAction\",\"target\":{\"@type\":\"EntryPoint\",\"urlTemplate\":\"https:\\\/\\\/locsshop.eu\\\/?s={search_term_string}\"},\"query-input\":{\"@type\":\"PropertyValueSpecification\",\"valueRequired\":true,\"valueName\":\"search_term_string\"}}],\"inLanguage\":\"de\"},{\"@type\":\"Organization\",\"@id\":\"https:\\\/\\\/locsshop.eu\\\/#organization\",\"name\":\"Locsshop.eu\",\"url\":\"https:\\\/\\\/locsshop.eu\\\/\",\"logo\":{\"@type\":\"ImageObject\",\"inLanguage\":\"de\",\"@id\":\"https:\\\/\\\/locsshop.eu\\\/#\\\/schema\\\/logo\\\/image\\\/\",\"url\":\"https:\\\/\\\/locsshop.eu\\\/wp-content\\\/uploads\\\/2022\\\/02\\\/Locsshop-logo.png\",\"contentUrl\":\"https:\\\/\\\/locsshop.eu\\\/wp-content\\\/uploads\\\/2022\\\/02\\\/Locsshop-logo.png\",\"width\":930,\"height\":200,\"caption\":\"Locsshop.eu\"},\"image\":{\"@id\":\"https:\\\/\\\/locsshop.eu\\\/#\\\/schema\\\/logo\\\/image\\\/\"}}]}<\/script>\n<!-- \/ Yoast SEO plugin. -->","yoast_head_json":{"title":"Handout Apparel Bamboo Sonnenbrille | Roter und neutraler Wayfarer | Hier online kaufen | LOK","description":"Handout Apparel Bamboo Sonnenbrille kaufen | Roter und neutraler Wayfarer hier | Die gr\u00f6\u00dfte Auswahl an LOCS-Sonnenbrillen in der EU | Wir versenden aus der EU - Keine zus\u00e4tzlichen Importkosten","robots":{"index":"index","follow":"follow","max-snippet":"max-snippet:-1","max-image-preview":"max-image-preview:large","max-video-preview":"max-video-preview:-1"},"canonical":"https:\/\/locsshop.eu\/de\/shop\/handout-apparel-bambus-solbriller-roed-og-neutral-wayfarer\/","og_locale":"de_DE","og_type":"article","og_title":"Handout Apparel Bambus Solbriller | R\u00f8d og neutral Wayfarer | K\u00f8b online her | LOCS","og_description":"K\u00f8b Handout Apparel Bambus Solbriller | R\u00f8d og neutral Wayfarer her | EU's st\u00f8rste udvalg af LOCS solbriller | Vi sender fra EU - Ingen ekstra import udgifter","og_url":"https:\/\/locsshop.eu\/de\/shop\/handout-apparel-bambus-solbriller-roed-og-neutral-wayfarer\/","og_site_name":"Locs Sunglasses - LOCS Supplier in EU","article_modified_time":"2025-07-09T15:38:45+00:00","og_image":[{"width":800,"height":800,"url":"https:\/\/locsshop.eu\/wp-content\/uploads\/2023\/03\/HA-3-Handout-Apparal-Black6.png","type":"image\/png"}],"twitter_card":"summary_large_image","twitter_misc":{"Gesch\u00e4tzte Lesezeit":"2\u00a0Minuten"},"schema":{"@context":"https:\/\/schema.org","@graph":[{"@type":"WebPage","@id":"https:\/\/locsshop.eu\/shop\/handout-apparel-bambus-solbriller-roed-og-neutral-wayfarer\/","url":"https:\/\/locsshop.eu\/shop\/handout-apparel-bambus-solbriller-roed-og-neutral-wayfarer\/","name":"Handout Apparel Bamboo Sonnenbrille | Roter und neutraler Wayfarer | Hier online kaufen | LOK","isPartOf":{"@id":"https:\/\/locsshop.eu\/#website"},"primaryImageOfPage":{"@id":"https:\/\/locsshop.eu\/shop\/handout-apparel-bambus-solbriller-roed-og-neutral-wayfarer\/#primaryimage"},"image":{"@id":"https:\/\/locsshop.eu\/shop\/handout-apparel-bambus-solbriller-roed-og-neutral-wayfarer\/#primaryimage"},"thumbnailUrl":"https:\/\/locsshop.eu\/wp-content\/uploads\/2023\/03\/HA-3-Handout-Apparal-Black6.png","datePublished":"2023-03-02T18:21:41+00:00","dateModified":"2025-07-09T15:38:45+00:00","description":"Handout Apparel Bamboo Sonnenbrille kaufen | Roter und neutraler Wayfarer hier | Die gr\u00f6\u00dfte Auswahl an LOCS-Sonnenbrillen in der EU | Wir versenden aus der EU - Keine zus\u00e4tzlichen Importkosten","breadcrumb":{"@id":"https:\/\/locsshop.eu\/shop\/handout-apparel-bambus-solbriller-roed-og-neutral-wayfarer\/#breadcrumb"},"inLanguage":"de","potentialAction":[{"@type":"ReadAction","target":["https:\/\/locsshop.eu\/shop\/handout-apparel-bambus-solbriller-roed-og-neutral-wayfarer\/"]}]},{"@type":"ImageObject","inLanguage":"de","@id":"https:\/\/locsshop.eu\/shop\/handout-apparel-bambus-solbriller-roed-og-neutral-wayfarer\/#primaryimage","url":"https:\/\/locsshop.eu\/wp-content\/uploads\/2023\/03\/HA-3-Handout-Apparal-Black6.png","contentUrl":"https:\/\/locsshop.eu\/wp-content\/uploads\/2023\/03\/HA-3-Handout-Apparal-Black6.png","width":800,"height":800},{"@type":"BreadcrumbList","@id":"https:\/\/locsshop.eu\/shop\/handout-apparel-bambus-solbriller-roed-og-neutral-wayfarer\/#breadcrumb","itemListElement":[{"@type":"ListItem","position":1,"name":"Hjem","item":"https:\/\/locsshop.eu\/"},{"@type":"ListItem","position":2,"name":"Shop","item":"https:\/\/locsshop.eu\/shop\/"},{"@type":"ListItem","position":3,"name":"Handout Apparel Bambus Solbriller | R\u00f8d og neutral Wayfarer"}]},{"@type":"WebSite","@id":"https:\/\/locsshop.eu\/#website","url":"https:\/\/locsshop.eu\/","name":"Locs Sonnenbrillen \u2013 LOCS-Lieferant in der EU","description":"Wir verkaufen g\u00fcnstige LOCS Sonnenbrillen","publisher":{"@id":"https:\/\/locsshop.eu\/#organization"},"potentialAction":[{"@type":"SearchAction","target":{"@type":"EntryPoint","urlTemplate":"https:\/\/locsshop.eu\/?s={search_term_string}"},"query-input":{"@type":"PropertyValueSpecification","valueRequired":true,"valueName":"search_term_string"}}],"inLanguage":"de"},{"@type":"Organization","@id":"https:\/\/locsshop.eu\/#organization","name":"Locsshop.eu","url":"https:\/\/locsshop.eu\/","logo":{"@type":"ImageObject","inLanguage":"de","@id":"https:\/\/locsshop.eu\/#\/schema\/logo\/image\/","url":"https:\/\/locsshop.eu\/wp-content\/uploads\/2022\/02\/Locsshop-logo.png","contentUrl":"https:\/\/locsshop.eu\/wp-content\/uploads\/2022\/02\/Locsshop-logo.png","width":930,"height":200,"caption":"Locsshop.eu"},"image":{"@id":"https:\/\/locsshop.eu\/#\/schema\/logo\/image\/"}}]}},"_links":{"self":[{"href":"https:\/\/locsshop.eu\/de\/wp-json\/wp\/v2\/product\/9549","targetHints":{"allow":["GET"]}}],"collection":[{"href":"https:\/\/locsshop.eu\/de\/wp-json\/wp\/v2\/product"}],"about":[{"href":"https:\/\/locsshop.eu\/de\/wp-json\/wp\/v2\/types\/product"}],"replies":[{"embeddable":true,"href":"https:\/\/locsshop.eu\/de\/wp-json\/wp\/v2\/comments?post=9549"}],"wp:featuredmedia":[{"embeddable":true,"href":"https:\/\/locsshop.eu\/de\/wp-json\/wp\/v2\/media\/9550"}],"wp:attachment":[{"href":"https:\/\/locsshop.eu\/de\/wp-json\/wp\/v2\/media?parent=9549"}],"wp:term":[{"taxonomy":"product_brand","embeddable":true,"href":"https:\/\/locsshop.eu\/de\/wp-json\/wp\/v2\/product_brand?post=9549"},{"taxonomy":"product_cat","embeddable":true,"href":"https:\/\/locsshop.eu\/de\/wp-json\/wp\/v2\/product_cat?post=9549"},{"taxonomy":"product_tag","embeddable":true,"href":"https:\/\/locsshop.eu\/de\/wp-json\/wp\/v2\/product_tag?post=9549"}],"curies":[{"name":"wp","href":"https:\/\/api.w.org\/{rel}","templated":true}]}}