{"id":9968,"date":"2023-05-01T10:41:29","date_gmt":"2023-05-01T08:41:29","guid":{"rendered":"https:\/\/locsshop.eu\/shop\/smalle-firkantede-matsorte-solbriller-med-guld-urrem-moerkegroenne-glas\/"},"modified":"2026-01-13T14:48:41","modified_gmt":"2026-01-13T13:48:41","slug":"smalle-firkantede-matsorte-solbriller-med-guld-urrem-moerkegroenne-glas","status":"publish","type":"product","link":"https:\/\/locsshop.eu\/de\/shop\/smalle-firkantede-matsorte-solbriller-med-guld-urrem-moerkegroenne-glas\/","title":{"rendered":"Schmale quadratische mattschwarze Sonnenbrille mit goldenem Riemen - dunkelgr\u00fcne Gl\u00e4ser"},"content":{"rendered":"<h2>Super trendige, schmale, eckige Sonnenbrille mit einem coolen goldenen Uhrenarmband an den B\u00fcgeln<\/h2>\n<p>Super coole quadratische Sonnenbrille mit einem sch\u00f6nen mattschwarzen Rahmen und dunkelgr\u00fcnen Gl\u00e4sern.<br \/>\nDie Riegel haben coole goldene Uhrenarmb\u00e4nder aus Metall. Dadurch wirkt diese Sonnenbrille recht exklusiv und sehr cool.<\/p>\n<p>Perfekt f\u00fcr deine TikTok- oder Instagram-Videos, Shopping-Trips, Caf\u00e9-Besuche, Strand und Urlaub.<\/p>\n<p>Innenbreite: 13,7 cm.<br \/>\nH\u00f6he. 4cm.<br \/>\nB\u00fcgell\u00e4nge: 14,4 cm.<\/p>\n<p>Material: Kunststoff und Metall<br \/>\nUV-Schutz<br \/>\nCE-gepr\u00fcft<\/p>","protected":false},"excerpt":{"rendered":"<p><strong>Schmale, quadratische schwarze Sonnenbrille mit wundersch\u00f6nen goldenen Uhrenarmb\u00e4ndern aus Metall.<\/strong><br \/>\nDie coolste Sonnenbrille mit extra Style.<br \/>\nMatte Oberfl\u00e4che<\/p>\n<p>UV400-Schutz.<br \/>\nCE-gepr\u00fcft.<\/p>","protected":false},"featured_media":9969,"comment_status":"open","ping_status":"closed","template":"","meta":{"om_disable_all_campaigns":false,"_monsterinsights_skip_tracking":false,"_monsterinsights_sitenote_active":false,"_monsterinsights_sitenote_note":"","_monsterinsights_sitenote_category":0},"product_brand":[],"product_cat":[1026,1029,1025,1291,1292],"product_tag":[1296,1070,1275,870,1277,609,1278],"class_list":{"0":"post-9968","1":"product","2":"type-product","3":"status-publish","4":"has-post-thumbnail","6":"product_cat-dame-solbriller","7":"product_cat-herre-solbriller","8":"product_cat-billige-solbriller","9":"product_cat-firkantede-dame-solbriller","10":"product_cat-firkantede-solbriller","11":"product_tag-23-003","12":"product_tag-firkantede","13":"product_tag-instagram","14":"product_tag-p693","15":"product_tag-snapchat","16":"product_tag-some","17":"product_tag-tiktok","19":"first","20":"instock","21":"shipping-taxable","22":"purchasable","23":"product-type-simple"},"yoast_head":"<!-- This site is optimized with the Yoast SEO plugin v27.5 - https:\/\/yoast.com\/product\/yoast-seo-wordpress\/ -->\n<title>Smalle firkantede matsorte solbriller med guld urrem - M\u00f8rkegr\u00f8nne glas | K\u00f8b online her | LOCS<\/title>\n<meta name=\"description\" content=\"K\u00f8b Smalle firkantede matsorte solbriller med guld urrem - M\u00f8rkegr\u00f8nne glas her | EU&#039;s st\u00f8rste udvalg af LOCS solbriller | Vi sender fra EU - Ingen ekstra import udgifter\" \/>\n<meta name=\"robots\" content=\"index, follow, max-snippet:-1, max-image-preview:large, max-video-preview:-1\" \/>\n<link rel=\"canonical\" href=\"https:\/\/locsshop.eu\/de\/shop\/smalle-firkantede-matsorte-solbriller-med-guld-urrem-moerkegroenne-glas\/\" \/>\n<meta property=\"og:locale\" content=\"de_DE\" \/>\n<meta property=\"og:type\" content=\"article\" \/>\n<meta property=\"og:title\" content=\"Smalle firkantede matsorte solbriller med guld urrem - M\u00f8rkegr\u00f8nne glas | K\u00f8b online her | LOCS\" \/>\n<meta property=\"og:description\" content=\"K\u00f8b Smalle firkantede matsorte solbriller med guld urrem - M\u00f8rkegr\u00f8nne glas her | EU&#039;s st\u00f8rste udvalg af LOCS solbriller | Vi sender fra EU - Ingen ekstra import udgifter\" \/>\n<meta property=\"og:url\" content=\"https:\/\/locsshop.eu\/de\/shop\/smalle-firkantede-matsorte-solbriller-med-guld-urrem-moerkegroenne-glas\/\" \/>\n<meta property=\"og:site_name\" content=\"Locs Sunglasses - LOCS Supplier in EU\" \/>\n<meta property=\"article:modified_time\" content=\"2026-01-13T13:48:41+00:00\" \/>\n<meta property=\"og:image\" content=\"https:\/\/locsshop.eu\/wp-content\/uploads\/2023\/05\/23-003GN2.jpg\" \/>\n\t<meta property=\"og:image:width\" content=\"800\" \/>\n\t<meta property=\"og:image:height\" content=\"800\" \/>\n\t<meta property=\"og:image:type\" content=\"image\/jpeg\" \/>\n<meta name=\"twitter:card\" content=\"summary_large_image\" \/>\n<script type=\"application\/ld+json\" class=\"yoast-schema-graph\">{\"@context\":\"https:\\\/\\\/schema.org\",\"@graph\":[{\"@type\":\"WebPage\",\"@id\":\"https:\\\/\\\/locsshop.eu\\\/shop\\\/smalle-firkantede-matsorte-solbriller-med-guld-urrem-moerkegroenne-glas\\\/\",\"url\":\"https:\\\/\\\/locsshop.eu\\\/shop\\\/smalle-firkantede-matsorte-solbriller-med-guld-urrem-moerkegroenne-glas\\\/\",\"name\":\"Smalle firkantede matsorte solbriller med guld urrem - M\u00f8rkegr\u00f8nne glas | K\u00f8b online her | LOCS\",\"isPartOf\":{\"@id\":\"https:\\\/\\\/locsshop.eu\\\/#website\"},\"primaryImageOfPage\":{\"@id\":\"https:\\\/\\\/locsshop.eu\\\/shop\\\/smalle-firkantede-matsorte-solbriller-med-guld-urrem-moerkegroenne-glas\\\/#primaryimage\"},\"image\":{\"@id\":\"https:\\\/\\\/locsshop.eu\\\/shop\\\/smalle-firkantede-matsorte-solbriller-med-guld-urrem-moerkegroenne-glas\\\/#primaryimage\"},\"thumbnailUrl\":\"https:\\\/\\\/locsshop.eu\\\/wp-content\\\/uploads\\\/2023\\\/05\\\/23-003GN2.jpg\",\"datePublished\":\"2023-05-01T08:41:29+00:00\",\"dateModified\":\"2026-01-13T13:48:41+00:00\",\"description\":\"K\u00f8b Smalle firkantede matsorte solbriller med guld urrem - M\u00f8rkegr\u00f8nne glas her | EU's st\u00f8rste udvalg af LOCS solbriller | Vi sender fra EU - Ingen ekstra import udgifter\",\"breadcrumb\":{\"@id\":\"https:\\\/\\\/locsshop.eu\\\/shop\\\/smalle-firkantede-matsorte-solbriller-med-guld-urrem-moerkegroenne-glas\\\/#breadcrumb\"},\"inLanguage\":\"de\",\"potentialAction\":[{\"@type\":\"ReadAction\",\"target\":[\"https:\\\/\\\/locsshop.eu\\\/shop\\\/smalle-firkantede-matsorte-solbriller-med-guld-urrem-moerkegroenne-glas\\\/\"]}]},{\"@type\":\"ImageObject\",\"inLanguage\":\"de\",\"@id\":\"https:\\\/\\\/locsshop.eu\\\/shop\\\/smalle-firkantede-matsorte-solbriller-med-guld-urrem-moerkegroenne-glas\\\/#primaryimage\",\"url\":\"https:\\\/\\\/locsshop.eu\\\/wp-content\\\/uploads\\\/2023\\\/05\\\/23-003GN2.jpg\",\"contentUrl\":\"https:\\\/\\\/locsshop.eu\\\/wp-content\\\/uploads\\\/2023\\\/05\\\/23-003GN2.jpg\",\"width\":800,\"height\":800},{\"@type\":\"BreadcrumbList\",\"@id\":\"https:\\\/\\\/locsshop.eu\\\/shop\\\/smalle-firkantede-matsorte-solbriller-med-guld-urrem-moerkegroenne-glas\\\/#breadcrumb\",\"itemListElement\":[{\"@type\":\"ListItem\",\"position\":1,\"name\":\"Hjem\",\"item\":\"https:\\\/\\\/locsshop.eu\\\/\"},{\"@type\":\"ListItem\",\"position\":2,\"name\":\"Shop\",\"item\":\"https:\\\/\\\/locsshop.eu\\\/shop\\\/\"},{\"@type\":\"ListItem\",\"position\":3,\"name\":\"Smalle firkantede matsorte solbriller med guld urrem &#8211; M\u00f8rkegr\u00f8nne glas\"}]},{\"@type\":\"WebSite\",\"@id\":\"https:\\\/\\\/locsshop.eu\\\/#website\",\"url\":\"https:\\\/\\\/locsshop.eu\\\/\",\"name\":\"Locs Sunglasses - LOCS Supplier in EU\",\"description\":\"We sell cheap LOCS Sunglasses\",\"publisher\":{\"@id\":\"https:\\\/\\\/locsshop.eu\\\/#organization\"},\"potentialAction\":[{\"@type\":\"SearchAction\",\"target\":{\"@type\":\"EntryPoint\",\"urlTemplate\":\"https:\\\/\\\/locsshop.eu\\\/?s={search_term_string}\"},\"query-input\":{\"@type\":\"PropertyValueSpecification\",\"valueRequired\":true,\"valueName\":\"search_term_string\"}}],\"inLanguage\":\"de\"},{\"@type\":\"Organization\",\"@id\":\"https:\\\/\\\/locsshop.eu\\\/#organization\",\"name\":\"Locsshop.eu\",\"url\":\"https:\\\/\\\/locsshop.eu\\\/\",\"logo\":{\"@type\":\"ImageObject\",\"inLanguage\":\"de\",\"@id\":\"https:\\\/\\\/locsshop.eu\\\/#\\\/schema\\\/logo\\\/image\\\/\",\"url\":\"https:\\\/\\\/locsshop.eu\\\/wp-content\\\/uploads\\\/2022\\\/02\\\/Locsshop-logo.png\",\"contentUrl\":\"https:\\\/\\\/locsshop.eu\\\/wp-content\\\/uploads\\\/2022\\\/02\\\/Locsshop-logo.png\",\"width\":930,\"height\":200,\"caption\":\"Locsshop.eu\"},\"image\":{\"@id\":\"https:\\\/\\\/locsshop.eu\\\/#\\\/schema\\\/logo\\\/image\\\/\"}}]}<\/script>\n<!-- \/ Yoast SEO plugin. -->","yoast_head_json":{"title":"Schmale, quadratische, mattschwarze Sonnenbrille mit goldenem Riemen \u2013 dunkelgr\u00fcne Gl\u00e4ser | Hier online kaufen | LOCS","description":"Kaufen Sie hier eine schmale, quadratische, mattschwarze Sonnenbrille mit goldenem Uhrenarmband und dunkelgr\u00fcnen Gl\u00e4sern | Die gr\u00f6\u00dfte Auswahl an LOCS-Sonnenbrillen in der EU | Wir versenden aus der EU \u2013 keine zus\u00e4tzlichen Importkosten","robots":{"index":"index","follow":"follow","max-snippet":"max-snippet:-1","max-image-preview":"max-image-preview:large","max-video-preview":"max-video-preview:-1"},"canonical":"https:\/\/locsshop.eu\/de\/shop\/smalle-firkantede-matsorte-solbriller-med-guld-urrem-moerkegroenne-glas\/","og_locale":"de_DE","og_type":"article","og_title":"Smalle firkantede matsorte solbriller med guld urrem - M\u00f8rkegr\u00f8nne glas | K\u00f8b online her | LOCS","og_description":"K\u00f8b Smalle firkantede matsorte solbriller med guld urrem - M\u00f8rkegr\u00f8nne glas her | EU's st\u00f8rste udvalg af LOCS solbriller | Vi sender fra EU - Ingen ekstra import udgifter","og_url":"https:\/\/locsshop.eu\/de\/shop\/smalle-firkantede-matsorte-solbriller-med-guld-urrem-moerkegroenne-glas\/","og_site_name":"Locs Sunglasses - LOCS Supplier in EU","article_modified_time":"2026-01-13T13:48:41+00:00","og_image":[{"width":800,"height":800,"url":"https:\/\/locsshop.eu\/wp-content\/uploads\/2023\/05\/23-003GN2.jpg","type":"image\/jpeg"}],"twitter_card":"summary_large_image","schema":{"@context":"https:\/\/schema.org","@graph":[{"@type":"WebPage","@id":"https:\/\/locsshop.eu\/shop\/smalle-firkantede-matsorte-solbriller-med-guld-urrem-moerkegroenne-glas\/","url":"https:\/\/locsshop.eu\/shop\/smalle-firkantede-matsorte-solbriller-med-guld-urrem-moerkegroenne-glas\/","name":"Schmale, quadratische, mattschwarze Sonnenbrille mit goldenem Riemen \u2013 dunkelgr\u00fcne Gl\u00e4ser | Hier online kaufen | LOCS","isPartOf":{"@id":"https:\/\/locsshop.eu\/#website"},"primaryImageOfPage":{"@id":"https:\/\/locsshop.eu\/shop\/smalle-firkantede-matsorte-solbriller-med-guld-urrem-moerkegroenne-glas\/#primaryimage"},"image":{"@id":"https:\/\/locsshop.eu\/shop\/smalle-firkantede-matsorte-solbriller-med-guld-urrem-moerkegroenne-glas\/#primaryimage"},"thumbnailUrl":"https:\/\/locsshop.eu\/wp-content\/uploads\/2023\/05\/23-003GN2.jpg","datePublished":"2023-05-01T08:41:29+00:00","dateModified":"2026-01-13T13:48:41+00:00","description":"Kaufen Sie hier eine schmale, quadratische, mattschwarze Sonnenbrille mit goldenem Uhrenarmband und dunkelgr\u00fcnen Gl\u00e4sern | Die gr\u00f6\u00dfte Auswahl an LOCS-Sonnenbrillen in der EU | Wir versenden aus der EU \u2013 keine zus\u00e4tzlichen Importkosten","breadcrumb":{"@id":"https:\/\/locsshop.eu\/shop\/smalle-firkantede-matsorte-solbriller-med-guld-urrem-moerkegroenne-glas\/#breadcrumb"},"inLanguage":"de","potentialAction":[{"@type":"ReadAction","target":["https:\/\/locsshop.eu\/shop\/smalle-firkantede-matsorte-solbriller-med-guld-urrem-moerkegroenne-glas\/"]}]},{"@type":"ImageObject","inLanguage":"de","@id":"https:\/\/locsshop.eu\/shop\/smalle-firkantede-matsorte-solbriller-med-guld-urrem-moerkegroenne-glas\/#primaryimage","url":"https:\/\/locsshop.eu\/wp-content\/uploads\/2023\/05\/23-003GN2.jpg","contentUrl":"https:\/\/locsshop.eu\/wp-content\/uploads\/2023\/05\/23-003GN2.jpg","width":800,"height":800},{"@type":"BreadcrumbList","@id":"https:\/\/locsshop.eu\/shop\/smalle-firkantede-matsorte-solbriller-med-guld-urrem-moerkegroenne-glas\/#breadcrumb","itemListElement":[{"@type":"ListItem","position":1,"name":"Hjem","item":"https:\/\/locsshop.eu\/"},{"@type":"ListItem","position":2,"name":"Shop","item":"https:\/\/locsshop.eu\/shop\/"},{"@type":"ListItem","position":3,"name":"Smalle firkantede matsorte solbriller med guld urrem &#8211; M\u00f8rkegr\u00f8nne glas"}]},{"@type":"WebSite","@id":"https:\/\/locsshop.eu\/#website","url":"https:\/\/locsshop.eu\/","name":"Locs Sonnenbrillen \u2013 LOCS-Lieferant in der EU","description":"Wir verkaufen g\u00fcnstige LOCS Sonnenbrillen","publisher":{"@id":"https:\/\/locsshop.eu\/#organization"},"potentialAction":[{"@type":"SearchAction","target":{"@type":"EntryPoint","urlTemplate":"https:\/\/locsshop.eu\/?s={search_term_string}"},"query-input":{"@type":"PropertyValueSpecification","valueRequired":true,"valueName":"search_term_string"}}],"inLanguage":"de"},{"@type":"Organization","@id":"https:\/\/locsshop.eu\/#organization","name":"Locsshop.eu","url":"https:\/\/locsshop.eu\/","logo":{"@type":"ImageObject","inLanguage":"de","@id":"https:\/\/locsshop.eu\/#\/schema\/logo\/image\/","url":"https:\/\/locsshop.eu\/wp-content\/uploads\/2022\/02\/Locsshop-logo.png","contentUrl":"https:\/\/locsshop.eu\/wp-content\/uploads\/2022\/02\/Locsshop-logo.png","width":930,"height":200,"caption":"Locsshop.eu"},"image":{"@id":"https:\/\/locsshop.eu\/#\/schema\/logo\/image\/"}}]}},"_links":{"self":[{"href":"https:\/\/locsshop.eu\/de\/wp-json\/wp\/v2\/product\/9968","targetHints":{"allow":["GET"]}}],"collection":[{"href":"https:\/\/locsshop.eu\/de\/wp-json\/wp\/v2\/product"}],"about":[{"href":"https:\/\/locsshop.eu\/de\/wp-json\/wp\/v2\/types\/product"}],"replies":[{"embeddable":true,"href":"https:\/\/locsshop.eu\/de\/wp-json\/wp\/v2\/comments?post=9968"}],"wp:featuredmedia":[{"embeddable":true,"href":"https:\/\/locsshop.eu\/de\/wp-json\/wp\/v2\/media\/9969"}],"wp:attachment":[{"href":"https:\/\/locsshop.eu\/de\/wp-json\/wp\/v2\/media?parent=9968"}],"wp:term":[{"taxonomy":"product_brand","embeddable":true,"href":"https:\/\/locsshop.eu\/de\/wp-json\/wp\/v2\/product_brand?post=9968"},{"taxonomy":"product_cat","embeddable":true,"href":"https:\/\/locsshop.eu\/de\/wp-json\/wp\/v2\/product_cat?post=9968"},{"taxonomy":"product_tag","embeddable":true,"href":"https:\/\/locsshop.eu\/de\/wp-json\/wp\/v2\/product_tag?post=9968"}],"curies":[{"name":"wp","href":"https:\/\/api.w.org\/{rel}","templated":true}]}}