{"id":69,"date":"2015-11-19T10:40:52","date_gmt":"2015-11-19T09:40:52","guid":{"rendered":"http:\/\/flatsome.dev\/my-account\/"},"modified":"2022-10-13T11:13:30","modified_gmt":"2022-10-13T09:13:30","slug":"min-konto","status":"publish","type":"page","link":"https:\/\/locsshop.eu\/en\/min-konto\/","title":{"rendered":"My account"},"content":{"rendered":"<div class=\"woocommerce\"><\/div>","protected":false},"excerpt":{"rendered":"","protected":false},"author":1,"featured_media":0,"parent":0,"menu_order":0,"comment_status":"closed","ping_status":"closed","template":"","meta":{"om_disable_all_campaigns":false,"_monsterinsights_skip_tracking":false,"_monsterinsights_sitenote_active":false,"_monsterinsights_sitenote_note":"","_monsterinsights_sitenote_category":0,"footnotes":""},"class_list":["post-69","page","type-page","status-publish","hentry"],"yoast_head":"<!-- This site is optimized with the Yoast SEO plugin v27.5 - https:\/\/yoast.com\/product\/yoast-seo-wordpress\/ -->\n<title>Min konto | Her er din konto p\u00e5 Locsshop.eu<\/title>\n<meta name=\"description\" content=\"Hvis du vil se din \u00f8nskeliste eller se, hvad du tidligere har k\u00f8bt, kan du g\u00f8re det her. Min konto p\u00e5 Locsshop.eu har smarte funktioner\" \/>\n<meta name=\"robots\" content=\"index, follow, max-snippet:-1, max-image-preview:large, max-video-preview:-1\" \/>\n<link rel=\"canonical\" href=\"https:\/\/locsshop.eu\/en\/min-konto\/\" \/>\n<meta property=\"og:locale\" content=\"en_GB\" \/>\n<meta property=\"og:type\" content=\"article\" \/>\n<meta property=\"og:title\" content=\"Min konto | Her er din konto p\u00e5 Locsshop.eu\" \/>\n<meta property=\"og:description\" content=\"Hvis du vil se din \u00f8nskeliste eller se, hvad du tidligere har k\u00f8bt, kan du g\u00f8re det her. Min konto p\u00e5 Locsshop.eu har smarte funktioner\" \/>\n<meta property=\"og:url\" content=\"https:\/\/locsshop.eu\/en\/min-konto\/\" \/>\n<meta property=\"og:site_name\" content=\"Locs Sunglasses - LOCS Supplier in EU\" \/>\n<meta property=\"article:modified_time\" content=\"2022-10-13T09:13:30+00:00\" \/>\n<meta property=\"og:image\" content=\"https:\/\/locsshop.eu\/wp-content\/uploads\/2022\/01\/Locs.png\" \/>\n\t<meta property=\"og:image:width\" content=\"600\" \/>\n\t<meta property=\"og:image:height\" content=\"200\" \/>\n\t<meta property=\"og:image:type\" content=\"image\/png\" \/>\n<meta name=\"twitter:card\" content=\"summary_large_image\" \/>\n<meta name=\"twitter:label1\" content=\"Estimated reading time\" \/>\n\t<meta name=\"twitter:data1\" content=\"1 minute\" \/>\n<script type=\"application\/ld+json\" class=\"yoast-schema-graph\">{\"@context\":\"https:\\\/\\\/schema.org\",\"@graph\":[{\"@type\":\"WebPage\",\"@id\":\"https:\\\/\\\/locsshop.eu\\\/min-konto\\\/\",\"url\":\"https:\\\/\\\/locsshop.eu\\\/min-konto\\\/\",\"name\":\"Min konto | Her er din konto p\u00e5 Locsshop.eu\",\"isPartOf\":{\"@id\":\"https:\\\/\\\/locsshop.eu\\\/#website\"},\"datePublished\":\"2015-11-19T09:40:52+00:00\",\"dateModified\":\"2022-10-13T09:13:30+00:00\",\"description\":\"Hvis du vil se din \u00f8nskeliste eller se, hvad du tidligere har k\u00f8bt, kan du g\u00f8re det her. Min konto p\u00e5 Locsshop.eu har smarte funktioner\",\"breadcrumb\":{\"@id\":\"https:\\\/\\\/locsshop.eu\\\/min-konto\\\/#breadcrumb\"},\"inLanguage\":\"en-GB\",\"potentialAction\":[{\"@type\":\"ReadAction\",\"target\":[\"https:\\\/\\\/locsshop.eu\\\/min-konto\\\/\"]}]},{\"@type\":\"BreadcrumbList\",\"@id\":\"https:\\\/\\\/locsshop.eu\\\/min-konto\\\/#breadcrumb\",\"itemListElement\":[{\"@type\":\"ListItem\",\"position\":1,\"name\":\"Hjem\",\"item\":\"https:\\\/\\\/locsshop.eu\\\/\"},{\"@type\":\"ListItem\",\"position\":2,\"name\":\"Min konto\"}]},{\"@type\":\"WebSite\",\"@id\":\"https:\\\/\\\/locsshop.eu\\\/#website\",\"url\":\"https:\\\/\\\/locsshop.eu\\\/\",\"name\":\"Locs Sunglasses - LOCS Supplier in EU\",\"description\":\"We sell cheap LOCS Sunglasses\",\"publisher\":{\"@id\":\"https:\\\/\\\/locsshop.eu\\\/#organization\"},\"potentialAction\":[{\"@type\":\"SearchAction\",\"target\":{\"@type\":\"EntryPoint\",\"urlTemplate\":\"https:\\\/\\\/locsshop.eu\\\/?s={search_term_string}\"},\"query-input\":{\"@type\":\"PropertyValueSpecification\",\"valueRequired\":true,\"valueName\":\"search_term_string\"}}],\"inLanguage\":\"en-GB\"},{\"@type\":\"Organization\",\"@id\":\"https:\\\/\\\/locsshop.eu\\\/#organization\",\"name\":\"Locsshop.eu\",\"url\":\"https:\\\/\\\/locsshop.eu\\\/\",\"logo\":{\"@type\":\"ImageObject\",\"inLanguage\":\"en-GB\",\"@id\":\"https:\\\/\\\/locsshop.eu\\\/#\\\/schema\\\/logo\\\/image\\\/\",\"url\":\"https:\\\/\\\/locsshop.eu\\\/wp-content\\\/uploads\\\/2022\\\/02\\\/Locsshop-logo.png\",\"contentUrl\":\"https:\\\/\\\/locsshop.eu\\\/wp-content\\\/uploads\\\/2022\\\/02\\\/Locsshop-logo.png\",\"width\":930,\"height\":200,\"caption\":\"Locsshop.eu\"},\"image\":{\"@id\":\"https:\\\/\\\/locsshop.eu\\\/#\\\/schema\\\/logo\\\/image\\\/\"}}]}<\/script>\n<!-- \/ Yoast SEO plugin. -->","yoast_head_json":{"title":"My Account | Here is your account on Locsshop.eu","description":"If you want to view your wish list or see what you have previously purchased, you can do so here. My account on Locsshop.eu has smart functions","robots":{"index":"index","follow":"follow","max-snippet":"max-snippet:-1","max-image-preview":"max-image-preview:large","max-video-preview":"max-video-preview:-1"},"canonical":"https:\/\/locsshop.eu\/en\/min-konto\/","og_locale":"en_GB","og_type":"article","og_title":"Min konto | Her er din konto p\u00e5 Locsshop.eu","og_description":"Hvis du vil se din \u00f8nskeliste eller se, hvad du tidligere har k\u00f8bt, kan du g\u00f8re det her. Min konto p\u00e5 Locsshop.eu har smarte funktioner","og_url":"https:\/\/locsshop.eu\/en\/min-konto\/","og_site_name":"Locs Sunglasses - LOCS Supplier in EU","article_modified_time":"2022-10-13T09:13:30+00:00","og_image":[{"width":600,"height":200,"url":"https:\/\/locsshop.eu\/wp-content\/uploads\/2022\/01\/Locs.png","type":"image\/png"}],"twitter_card":"summary_large_image","twitter_misc":{"Estimated reading time":"1 minute"},"schema":{"@context":"https:\/\/schema.org","@graph":[{"@type":"WebPage","@id":"https:\/\/locsshop.eu\/min-konto\/","url":"https:\/\/locsshop.eu\/min-konto\/","name":"My Account | Here is your account on Locsshop.eu","isPartOf":{"@id":"https:\/\/locsshop.eu\/#website"},"datePublished":"2015-11-19T09:40:52+00:00","dateModified":"2022-10-13T09:13:30+00:00","description":"If you want to view your wish list or see what you have previously purchased, you can do so here. My account on Locsshop.eu has smart functions","breadcrumb":{"@id":"https:\/\/locsshop.eu\/min-konto\/#breadcrumb"},"inLanguage":"en-GB","potentialAction":[{"@type":"ReadAction","target":["https:\/\/locsshop.eu\/min-konto\/"]}]},{"@type":"BreadcrumbList","@id":"https:\/\/locsshop.eu\/min-konto\/#breadcrumb","itemListElement":[{"@type":"ListItem","position":1,"name":"Hjem","item":"https:\/\/locsshop.eu\/"},{"@type":"ListItem","position":2,"name":"Min konto"}]},{"@type":"WebSite","@id":"https:\/\/locsshop.eu\/#website","url":"https:\/\/locsshop.eu\/","name":"Locs Sunglasses - LOCS Supplier in EU","description":"We sell cheap LOCS Sunglasses","publisher":{"@id":"https:\/\/locsshop.eu\/#organization"},"potentialAction":[{"@type":"SearchAction","target":{"@type":"EntryPoint","urlTemplate":"https:\/\/locsshop.eu\/?s={search_term_string}"},"query-input":{"@type":"PropertyValueSpecification","valueRequired":true,"valueName":"search_term_string"}}],"inLanguage":"en-GB"},{"@type":"Organization","@id":"https:\/\/locsshop.eu\/#organization","name":"Locsshop.eu","url":"https:\/\/locsshop.eu\/","logo":{"@type":"ImageObject","inLanguage":"en-GB","@id":"https:\/\/locsshop.eu\/#\/schema\/logo\/image\/","url":"https:\/\/locsshop.eu\/wp-content\/uploads\/2022\/02\/Locsshop-logo.png","contentUrl":"https:\/\/locsshop.eu\/wp-content\/uploads\/2022\/02\/Locsshop-logo.png","width":930,"height":200,"caption":"Locsshop.eu"},"image":{"@id":"https:\/\/locsshop.eu\/#\/schema\/logo\/image\/"}}]}},"_links":{"self":[{"href":"https:\/\/locsshop.eu\/en\/wp-json\/wp\/v2\/pages\/69","targetHints":{"allow":["GET"]}}],"collection":[{"href":"https:\/\/locsshop.eu\/en\/wp-json\/wp\/v2\/pages"}],"about":[{"href":"https:\/\/locsshop.eu\/en\/wp-json\/wp\/v2\/types\/page"}],"author":[{"embeddable":true,"href":"https:\/\/locsshop.eu\/en\/wp-json\/wp\/v2\/users\/1"}],"replies":[{"embeddable":true,"href":"https:\/\/locsshop.eu\/en\/wp-json\/wp\/v2\/comments?post=69"}],"version-history":[{"count":6,"href":"https:\/\/locsshop.eu\/en\/wp-json\/wp\/v2\/pages\/69\/revisions"}],"predecessor-version":[{"id":8567,"href":"https:\/\/locsshop.eu\/en\/wp-json\/wp\/v2\/pages\/69\/revisions\/8567"}],"wp:attachment":[{"href":"https:\/\/locsshop.eu\/en\/wp-json\/wp\/v2\/media?parent=69"}],"curies":[{"name":"wp","href":"https:\/\/api.w.org\/{rel}","templated":true}]}}