{"id":10005,"date":"2023-05-06T17:00:30","date_gmt":"2023-05-06T15:00:30","guid":{"rendered":"https:\/\/locsshop.eu\/shop\/taetsiddende-sikkerhedsbriller-med-bred-rem-og-ventilation\/"},"modified":"2023-08-31T15:23:12","modified_gmt":"2023-08-31T13:23:12","slug":"taetsiddende-sikkerhedsbriller-med-bred-rem-og-ventilation","status":"publish","type":"product","link":"https:\/\/locsshop.eu\/en\/shop\/taetsiddende-sikkerhedsbriller-med-bred-rem-og-ventilation\/","title":{"rendered":"Tight-fitting safety glasses with wide strap and ventilation"},"content":{"rendered":"<h2>Tight-fitting safety glasses with wide strap and ventilation<\/h2>\n<p>These safety glasses are ideal for turning, milling, grinding, assembly, fireworks and much more.<br \/>\nThe safety glasses close completely like ski goggles and are also the size of ski goggles.<br \/>\nThere is ventilation both at the top and bottom of the glasses.<br \/>\nThey are equipped with a wide strap so they always sit exactly as they should.<\/p>\n<p><em>Safety glasses are a type of protective eyewear used to protect the eyes from hazardous materials or activities. They are made of shock-absorbing materials and have lenses that are resistant to impacts, scratches and chemicals. Safety glasses can be used in many different situations, including in industrial and laboratory environments, construction sites, sporting activities, fireworks and even in the home. <\/em><br \/>\n<em>They are essential to protect vision and prevent serious eye damage.<\/em><\/p>","protected":false},"excerpt":{"rendered":"<p><strong>Tight-fitting safety glasses with a wide strap.<br \/>\n<\/strong>Side protection<br \/>\nTight fitting<br \/>\nVentilation<br \/>\nCE Approved<\/p>","protected":false},"featured_media":10006,"comment_status":"open","ping_status":"closed","template":"","meta":{"om_disable_all_campaigns":false,"_monsterinsights_skip_tracking":false,"_monsterinsights_sitenote_active":false,"_monsterinsights_sitenote_note":"","_monsterinsights_sitenote_category":0},"product_brand":[],"product_cat":[1033,1050],"product_tag":[1305,653],"class_list":{"0":"post-10005","1":"product","2":"type-product","3":"status-publish","4":"has-post-thumbnail","6":"product_cat-briller","7":"product_cat-sikkerhedsbriller","8":"product_tag-1305","9":"product_tag-sikkerhedsbriller","11":"first","12":"instock","13":"shipping-taxable","14":"purchasable","15":"product-type-simple"},"yoast_head":"<!-- This site is optimized with the Yoast SEO plugin v27.2 - https:\/\/yoast.com\/product\/yoast-seo-wordpress\/ -->\n<title>T\u00e6tsiddende sikkerhedsbriller med bred rem og ventilation | K\u00f8b online her | LOCS<\/title>\n<meta name=\"description\" content=\"K\u00f8b T\u00e6tsiddende sikkerhedsbriller med bred rem og ventilation her | EU&#039;s st\u00f8rste udvalg af LOCS solbriller | Vi sender fra EU - Ingen ekstra import udgifter\" \/>\n<meta name=\"robots\" content=\"index, follow, max-snippet:-1, max-image-preview:large, max-video-preview:-1\" \/>\n<link rel=\"canonical\" href=\"https:\/\/locsshop.eu\/en\/shop\/taetsiddende-sikkerhedsbriller-med-bred-rem-og-ventilation\/\" \/>\n<meta property=\"og:locale\" content=\"en_GB\" \/>\n<meta property=\"og:type\" content=\"article\" \/>\n<meta property=\"og:title\" content=\"T\u00e6tsiddende sikkerhedsbriller med bred rem og ventilation | K\u00f8b online her | LOCS\" \/>\n<meta property=\"og:description\" content=\"K\u00f8b T\u00e6tsiddende sikkerhedsbriller med bred rem og ventilation her | EU&#039;s st\u00f8rste udvalg af LOCS solbriller | Vi sender fra EU - Ingen ekstra import udgifter\" \/>\n<meta property=\"og:url\" content=\"https:\/\/locsshop.eu\/en\/shop\/taetsiddende-sikkerhedsbriller-med-bred-rem-og-ventilation\/\" \/>\n<meta property=\"og:site_name\" content=\"Locs Sunglasses - LOCS Supplier in EU\" \/>\n<meta property=\"article:modified_time\" content=\"2023-08-31T13:23:12+00:00\" \/>\n<meta property=\"og:image\" content=\"https:\/\/locsshop.eu\/wp-content\/uploads\/2023\/05\/013557-sikkerhedsbrille-med-rem.jpg\" \/>\n\t<meta property=\"og:image:width\" content=\"800\" \/>\n\t<meta property=\"og:image:height\" content=\"800\" \/>\n\t<meta property=\"og:image:type\" content=\"image\/jpeg\" \/>\n<meta name=\"twitter:card\" content=\"summary_large_image\" \/>\n<meta name=\"twitter:label1\" content=\"Estimated reading time\" \/>\n\t<meta name=\"twitter:data1\" content=\"1 minute\" \/>\n<script type=\"application\/ld+json\" class=\"yoast-schema-graph\">{\"@context\":\"https:\/\/schema.org\",\"@graph\":[{\"@type\":\"WebPage\",\"@id\":\"https:\/\/locsshop.eu\/shop\/taetsiddende-sikkerhedsbriller-med-bred-rem-og-ventilation\/\",\"url\":\"https:\/\/locsshop.eu\/shop\/taetsiddende-sikkerhedsbriller-med-bred-rem-og-ventilation\/\",\"name\":\"T\u00e6tsiddende sikkerhedsbriller med bred rem og ventilation | K\u00f8b online her | LOCS\",\"isPartOf\":{\"@id\":\"https:\/\/locsshop.eu\/#website\"},\"primaryImageOfPage\":{\"@id\":\"https:\/\/locsshop.eu\/shop\/taetsiddende-sikkerhedsbriller-med-bred-rem-og-ventilation\/#primaryimage\"},\"image\":{\"@id\":\"https:\/\/locsshop.eu\/shop\/taetsiddende-sikkerhedsbriller-med-bred-rem-og-ventilation\/#primaryimage\"},\"thumbnailUrl\":\"https:\/\/locsshop.eu\/wp-content\/uploads\/2023\/05\/013557-sikkerhedsbrille-med-rem.jpg\",\"datePublished\":\"2023-05-06T15:00:30+00:00\",\"dateModified\":\"2023-08-31T13:23:12+00:00\",\"description\":\"K\u00f8b T\u00e6tsiddende sikkerhedsbriller med bred rem og ventilation her | EU's st\u00f8rste udvalg af LOCS solbriller | Vi sender fra EU - Ingen ekstra import udgifter\",\"breadcrumb\":{\"@id\":\"https:\/\/locsshop.eu\/shop\/taetsiddende-sikkerhedsbriller-med-bred-rem-og-ventilation\/#breadcrumb\"},\"inLanguage\":\"en-GB\",\"potentialAction\":[{\"@type\":\"ReadAction\",\"target\":[\"https:\/\/locsshop.eu\/shop\/taetsiddende-sikkerhedsbriller-med-bred-rem-og-ventilation\/\"]}]},{\"@type\":\"ImageObject\",\"inLanguage\":\"en-GB\",\"@id\":\"https:\/\/locsshop.eu\/shop\/taetsiddende-sikkerhedsbriller-med-bred-rem-og-ventilation\/#primaryimage\",\"url\":\"https:\/\/locsshop.eu\/wp-content\/uploads\/2023\/05\/013557-sikkerhedsbrille-med-rem.jpg\",\"contentUrl\":\"https:\/\/locsshop.eu\/wp-content\/uploads\/2023\/05\/013557-sikkerhedsbrille-med-rem.jpg\",\"width\":800,\"height\":800},{\"@type\":\"BreadcrumbList\",\"@id\":\"https:\/\/locsshop.eu\/shop\/taetsiddende-sikkerhedsbriller-med-bred-rem-og-ventilation\/#breadcrumb\",\"itemListElement\":[{\"@type\":\"ListItem\",\"position\":1,\"name\":\"Hjem\",\"item\":\"https:\/\/locsshop.eu\/\"},{\"@type\":\"ListItem\",\"position\":2,\"name\":\"Shop\",\"item\":\"https:\/\/locsshop.eu\/shop\/\"},{\"@type\":\"ListItem\",\"position\":3,\"name\":\"T\u00e6tsiddende sikkerhedsbriller med bred rem og ventilation\"}]},{\"@type\":\"WebSite\",\"@id\":\"https:\/\/locsshop.eu\/#website\",\"url\":\"https:\/\/locsshop.eu\/\",\"name\":\"Locs Sunglasses - LOCS Supplier in EU\",\"description\":\"We sell cheap LOCS Sunglasses\",\"publisher\":{\"@id\":\"https:\/\/locsshop.eu\/#organization\"},\"potentialAction\":[{\"@type\":\"SearchAction\",\"target\":{\"@type\":\"EntryPoint\",\"urlTemplate\":\"https:\/\/locsshop.eu\/?s={search_term_string}\"},\"query-input\":{\"@type\":\"PropertyValueSpecification\",\"valueRequired\":true,\"valueName\":\"search_term_string\"}}],\"inLanguage\":\"en-GB\"},{\"@type\":\"Organization\",\"@id\":\"https:\/\/locsshop.eu\/#organization\",\"name\":\"Locsshop.eu\",\"url\":\"https:\/\/locsshop.eu\/\",\"logo\":{\"@type\":\"ImageObject\",\"inLanguage\":\"en-GB\",\"@id\":\"https:\/\/locsshop.eu\/#\/schema\/logo\/image\/\",\"url\":\"https:\/\/locsshop.eu\/wp-content\/uploads\/2022\/02\/Locsshop-logo.png\",\"contentUrl\":\"https:\/\/locsshop.eu\/wp-content\/uploads\/2022\/02\/Locsshop-logo.png\",\"width\":930,\"height\":200,\"caption\":\"Locsshop.eu\"},\"image\":{\"@id\":\"https:\/\/locsshop.eu\/#\/schema\/logo\/image\/\"}}]}<\/script>\n<!-- \/ Yoast SEO plugin. -->","yoast_head_json":{"title":"Tight-fitting safety glasses with wide strap and ventilation | Buy online here | LOCS","description":"Buy Tight-fitting safety glasses with wide strap and ventilation here | The EU&#039;s largest selection of LOCS sunglasses | We ship from the EU - No extra import costs","robots":{"index":"index","follow":"follow","max-snippet":"max-snippet:-1","max-image-preview":"max-image-preview:large","max-video-preview":"max-video-preview:-1"},"canonical":"https:\/\/locsshop.eu\/en\/shop\/taetsiddende-sikkerhedsbriller-med-bred-rem-og-ventilation\/","og_locale":"en_GB","og_type":"article","og_title":"T\u00e6tsiddende sikkerhedsbriller med bred rem og ventilation | K\u00f8b online her | LOCS","og_description":"K\u00f8b T\u00e6tsiddende sikkerhedsbriller med bred rem og ventilation her | EU's st\u00f8rste udvalg af LOCS solbriller | Vi sender fra EU - Ingen ekstra import udgifter","og_url":"https:\/\/locsshop.eu\/en\/shop\/taetsiddende-sikkerhedsbriller-med-bred-rem-og-ventilation\/","og_site_name":"Locs Sunglasses - LOCS Supplier in EU","article_modified_time":"2023-08-31T13:23:12+00:00","og_image":[{"width":800,"height":800,"url":"https:\/\/locsshop.eu\/wp-content\/uploads\/2023\/05\/013557-sikkerhedsbrille-med-rem.jpg","type":"image\/jpeg"}],"twitter_card":"summary_large_image","twitter_misc":{"Estimated reading time":"1 minute"},"schema":{"@context":"https:\/\/schema.org","@graph":[{"@type":"WebPage","@id":"https:\/\/locsshop.eu\/shop\/taetsiddende-sikkerhedsbriller-med-bred-rem-og-ventilation\/","url":"https:\/\/locsshop.eu\/shop\/taetsiddende-sikkerhedsbriller-med-bred-rem-og-ventilation\/","name":"Tight-fitting safety glasses with wide strap and ventilation | Buy online here | LOCS","isPartOf":{"@id":"https:\/\/locsshop.eu\/#website"},"primaryImageOfPage":{"@id":"https:\/\/locsshop.eu\/shop\/taetsiddende-sikkerhedsbriller-med-bred-rem-og-ventilation\/#primaryimage"},"image":{"@id":"https:\/\/locsshop.eu\/shop\/taetsiddende-sikkerhedsbriller-med-bred-rem-og-ventilation\/#primaryimage"},"thumbnailUrl":"https:\/\/locsshop.eu\/wp-content\/uploads\/2023\/05\/013557-sikkerhedsbrille-med-rem.jpg","datePublished":"2023-05-06T15:00:30+00:00","dateModified":"2023-08-31T13:23:12+00:00","description":"Buy Tight-fitting safety glasses with wide strap and ventilation here | The EU&#039;s largest selection of LOCS sunglasses | We ship from the EU - No extra import costs","breadcrumb":{"@id":"https:\/\/locsshop.eu\/shop\/taetsiddende-sikkerhedsbriller-med-bred-rem-og-ventilation\/#breadcrumb"},"inLanguage":"en-GB","potentialAction":[{"@type":"ReadAction","target":["https:\/\/locsshop.eu\/shop\/taetsiddende-sikkerhedsbriller-med-bred-rem-og-ventilation\/"]}]},{"@type":"ImageObject","inLanguage":"en-GB","@id":"https:\/\/locsshop.eu\/shop\/taetsiddende-sikkerhedsbriller-med-bred-rem-og-ventilation\/#primaryimage","url":"https:\/\/locsshop.eu\/wp-content\/uploads\/2023\/05\/013557-sikkerhedsbrille-med-rem.jpg","contentUrl":"https:\/\/locsshop.eu\/wp-content\/uploads\/2023\/05\/013557-sikkerhedsbrille-med-rem.jpg","width":800,"height":800},{"@type":"BreadcrumbList","@id":"https:\/\/locsshop.eu\/shop\/taetsiddende-sikkerhedsbriller-med-bred-rem-og-ventilation\/#breadcrumb","itemListElement":[{"@type":"ListItem","position":1,"name":"Hjem","item":"https:\/\/locsshop.eu\/"},{"@type":"ListItem","position":2,"name":"Shop","item":"https:\/\/locsshop.eu\/shop\/"},{"@type":"ListItem","position":3,"name":"T\u00e6tsiddende sikkerhedsbriller med bred rem og ventilation"}]},{"@type":"WebSite","@id":"https:\/\/locsshop.eu\/#website","url":"https:\/\/locsshop.eu\/","name":"Locs Sunglasses - LOCS Supplier in EU","description":"We sell cheap LOCS Sunglasses","publisher":{"@id":"https:\/\/locsshop.eu\/#organization"},"potentialAction":[{"@type":"SearchAction","target":{"@type":"EntryPoint","urlTemplate":"https:\/\/locsshop.eu\/?s={search_term_string}"},"query-input":{"@type":"PropertyValueSpecification","valueRequired":true,"valueName":"search_term_string"}}],"inLanguage":"en-GB"},{"@type":"Organization","@id":"https:\/\/locsshop.eu\/#organization","name":"Locsshop.eu","url":"https:\/\/locsshop.eu\/","logo":{"@type":"ImageObject","inLanguage":"en-GB","@id":"https:\/\/locsshop.eu\/#\/schema\/logo\/image\/","url":"https:\/\/locsshop.eu\/wp-content\/uploads\/2022\/02\/Locsshop-logo.png","contentUrl":"https:\/\/locsshop.eu\/wp-content\/uploads\/2022\/02\/Locsshop-logo.png","width":930,"height":200,"caption":"Locsshop.eu"},"image":{"@id":"https:\/\/locsshop.eu\/#\/schema\/logo\/image\/"}}]}},"_links":{"self":[{"href":"https:\/\/locsshop.eu\/en\/wp-json\/wp\/v2\/product\/10005","targetHints":{"allow":["GET"]}}],"collection":[{"href":"https:\/\/locsshop.eu\/en\/wp-json\/wp\/v2\/product"}],"about":[{"href":"https:\/\/locsshop.eu\/en\/wp-json\/wp\/v2\/types\/product"}],"replies":[{"embeddable":true,"href":"https:\/\/locsshop.eu\/en\/wp-json\/wp\/v2\/comments?post=10005"}],"wp:featuredmedia":[{"embeddable":true,"href":"https:\/\/locsshop.eu\/en\/wp-json\/wp\/v2\/media\/10006"}],"wp:attachment":[{"href":"https:\/\/locsshop.eu\/en\/wp-json\/wp\/v2\/media?parent=10005"}],"wp:term":[{"taxonomy":"product_brand","embeddable":true,"href":"https:\/\/locsshop.eu\/en\/wp-json\/wp\/v2\/product_brand?post=10005"},{"taxonomy":"product_cat","embeddable":true,"href":"https:\/\/locsshop.eu\/en\/wp-json\/wp\/v2\/product_cat?post=10005"},{"taxonomy":"product_tag","embeddable":true,"href":"https:\/\/locsshop.eu\/en\/wp-json\/wp\/v2\/product_tag?post=10005"}],"curies":[{"name":"wp","href":"https:\/\/api.w.org\/{rel}","templated":true}]}}