{"id":10072,"date":"2023-05-08T19:19:15","date_gmt":"2023-05-08T17:19:15","guid":{"rendered":"https:\/\/locsshop.eu\/shop\/wayfarer-laesebriller-brun-leopard\/"},"modified":"2025-08-11T11:29:58","modified_gmt":"2025-08-11T09:29:58","slug":"wayfarer-laesebriller-brun-leopard","status":"publish","type":"product","link":"https:\/\/locsshop.eu\/en\/shop\/wayfarer-laesebriller-brun-leopard\/","title":{"rendered":"Wayfarer Reading Glasses \u2013 Brown Leopard"},"content":{"rendered":"<h2>Glossy brown leopard Wayfarer reading glasses in various strengths<\/h2>\n<p>A stylish brown leopard Wayfarer reading glasses in a nice glossy frame. With flex hinges so the rods can be adapted to all head sizes. At the same time, it makes the glasses easy to put on and take off.<\/p>\n<p><strong>Use the measurements below and see if they suit you<\/strong><\/p>\n<p>Inner width: 13.3 cm.<br \/>\nHeight: 4.8 cm.<br \/>\nInner side length: 13.9 cm.<\/p>\n<p>Material: Plastic<br \/>\nCE approved<\/p>","protected":false},"excerpt":{"rendered":"<p><strong>Nice brown Wayfarer Reading Glasses<\/strong><\/p>\n<p>With Flex hinges<br \/>\nMore strengths<\/p>","protected":false},"featured_media":10073,"comment_status":"open","ping_status":"closed","template":"","meta":{"om_disable_all_campaigns":false,"_monsterinsights_skip_tracking":false,"_monsterinsights_sitenote_active":false,"_monsterinsights_sitenote_note":"","_monsterinsights_sitenote_category":0},"product_brand":[],"product_cat":[1035],"product_tag":[1315,769,645],"class_list":{"0":"post-10072","1":"product","2":"type-product","3":"status-publish","4":"has-post-thumbnail","6":"product_cat-laesebriller-laesesolbriller","7":"product_tag-1315","8":"product_tag-ph4131","9":"product_tag-vato","11":"first","12":"instock","13":"shipping-taxable","14":"product-type-variable"},"yoast_head":"<!-- This site is optimized with the Yoast SEO plugin v27.2 - https:\/\/yoast.com\/product\/yoast-seo-wordpress\/ -->\n<title>Wayfarer L\u00e6sebriller - Brun Leopard | K\u00f8b online her | LOCS<\/title>\n<meta name=\"description\" content=\"K\u00f8b Wayfarer L\u00e6sebriller - Brun Leopard her | EU&#039;s st\u00f8rste udvalg af LOCS solbriller | Vi sender fra EU - Ingen ekstra import udgifter\" \/>\n<meta name=\"robots\" content=\"index, follow, max-snippet:-1, max-image-preview:large, max-video-preview:-1\" \/>\n<link rel=\"canonical\" href=\"https:\/\/locsshop.eu\/en\/shop\/wayfarer-laesebriller-brun-leopard\/\" \/>\n<meta property=\"og:locale\" content=\"en_GB\" \/>\n<meta property=\"og:type\" content=\"article\" \/>\n<meta property=\"og:title\" content=\"Wayfarer L\u00e6sebriller - Brun Leopard | K\u00f8b online her | LOCS\" \/>\n<meta property=\"og:description\" content=\"K\u00f8b Wayfarer L\u00e6sebriller - Brun Leopard her | EU&#039;s st\u00f8rste udvalg af LOCS solbriller | Vi sender fra EU - Ingen ekstra import udgifter\" \/>\n<meta property=\"og:url\" content=\"https:\/\/locsshop.eu\/en\/shop\/wayfarer-laesebriller-brun-leopard\/\" \/>\n<meta property=\"og:site_name\" content=\"Locs Sunglasses - LOCS Supplier in EU\" \/>\n<meta property=\"article:modified_time\" content=\"2025-08-11T09:29:58+00:00\" \/>\n<meta property=\"og:image\" content=\"https:\/\/locsshop.eu\/wp-content\/uploads\/2023\/05\/008187-Wayfarer-Laesebrille-Brun-turtle3.jpg\" \/>\n\t<meta property=\"og:image:width\" content=\"800\" \/>\n\t<meta property=\"og:image:height\" content=\"800\" \/>\n\t<meta property=\"og:image:type\" content=\"image\/jpeg\" \/>\n<meta name=\"twitter:card\" content=\"summary_large_image\" \/>\n<meta name=\"twitter:label1\" content=\"Estimated reading time\" \/>\n\t<meta name=\"twitter:data1\" content=\"1 minute\" \/>\n<script type=\"application\/ld+json\" class=\"yoast-schema-graph\">{\"@context\":\"https:\/\/schema.org\",\"@graph\":[{\"@type\":\"WebPage\",\"@id\":\"https:\/\/locsshop.eu\/shop\/wayfarer-laesebriller-brun-leopard\/\",\"url\":\"https:\/\/locsshop.eu\/shop\/wayfarer-laesebriller-brun-leopard\/\",\"name\":\"Wayfarer L\u00e6sebriller - Brun Leopard | K\u00f8b online her | LOCS\",\"isPartOf\":{\"@id\":\"https:\/\/locsshop.eu\/#website\"},\"primaryImageOfPage\":{\"@id\":\"https:\/\/locsshop.eu\/shop\/wayfarer-laesebriller-brun-leopard\/#primaryimage\"},\"image\":{\"@id\":\"https:\/\/locsshop.eu\/shop\/wayfarer-laesebriller-brun-leopard\/#primaryimage\"},\"thumbnailUrl\":\"https:\/\/locsshop.eu\/wp-content\/uploads\/2023\/05\/008187-Wayfarer-Laesebrille-Brun-turtle3.jpg\",\"datePublished\":\"2023-05-08T17:19:15+00:00\",\"dateModified\":\"2025-08-11T09:29:58+00:00\",\"description\":\"K\u00f8b Wayfarer L\u00e6sebriller - Brun Leopard her | EU's st\u00f8rste udvalg af LOCS solbriller | Vi sender fra EU - Ingen ekstra import udgifter\",\"breadcrumb\":{\"@id\":\"https:\/\/locsshop.eu\/shop\/wayfarer-laesebriller-brun-leopard\/#breadcrumb\"},\"inLanguage\":\"en-GB\",\"potentialAction\":[{\"@type\":\"ReadAction\",\"target\":[\"https:\/\/locsshop.eu\/shop\/wayfarer-laesebriller-brun-leopard\/\"]}]},{\"@type\":\"ImageObject\",\"inLanguage\":\"en-GB\",\"@id\":\"https:\/\/locsshop.eu\/shop\/wayfarer-laesebriller-brun-leopard\/#primaryimage\",\"url\":\"https:\/\/locsshop.eu\/wp-content\/uploads\/2023\/05\/008187-Wayfarer-Laesebrille-Brun-turtle3.jpg\",\"contentUrl\":\"https:\/\/locsshop.eu\/wp-content\/uploads\/2023\/05\/008187-Wayfarer-Laesebrille-Brun-turtle3.jpg\",\"width\":800,\"height\":800},{\"@type\":\"BreadcrumbList\",\"@id\":\"https:\/\/locsshop.eu\/shop\/wayfarer-laesebriller-brun-leopard\/#breadcrumb\",\"itemListElement\":[{\"@type\":\"ListItem\",\"position\":1,\"name\":\"Hjem\",\"item\":\"https:\/\/locsshop.eu\/\"},{\"@type\":\"ListItem\",\"position\":2,\"name\":\"Shop\",\"item\":\"https:\/\/locsshop.eu\/shop\/\"},{\"@type\":\"ListItem\",\"position\":3,\"name\":\"Wayfarer L\u00e6sebriller &#8211; Brun Leopard\"}]},{\"@type\":\"WebSite\",\"@id\":\"https:\/\/locsshop.eu\/#website\",\"url\":\"https:\/\/locsshop.eu\/\",\"name\":\"Locs Sunglasses - LOCS Supplier in EU\",\"description\":\"We sell cheap LOCS Sunglasses\",\"publisher\":{\"@id\":\"https:\/\/locsshop.eu\/#organization\"},\"potentialAction\":[{\"@type\":\"SearchAction\",\"target\":{\"@type\":\"EntryPoint\",\"urlTemplate\":\"https:\/\/locsshop.eu\/?s={search_term_string}\"},\"query-input\":{\"@type\":\"PropertyValueSpecification\",\"valueRequired\":true,\"valueName\":\"search_term_string\"}}],\"inLanguage\":\"en-GB\"},{\"@type\":\"Organization\",\"@id\":\"https:\/\/locsshop.eu\/#organization\",\"name\":\"Locsshop.eu\",\"url\":\"https:\/\/locsshop.eu\/\",\"logo\":{\"@type\":\"ImageObject\",\"inLanguage\":\"en-GB\",\"@id\":\"https:\/\/locsshop.eu\/#\/schema\/logo\/image\/\",\"url\":\"https:\/\/locsshop.eu\/wp-content\/uploads\/2022\/02\/Locsshop-logo.png\",\"contentUrl\":\"https:\/\/locsshop.eu\/wp-content\/uploads\/2022\/02\/Locsshop-logo.png\",\"width\":930,\"height\":200,\"caption\":\"Locsshop.eu\"},\"image\":{\"@id\":\"https:\/\/locsshop.eu\/#\/schema\/logo\/image\/\"}}]}<\/script>\n<!-- \/ Yoast SEO plugin. -->","yoast_head_json":{"title":"Wayfarer Reading Glasses - Brown Leopard | Buy online here | LOCS","description":"Buy Wayfarer Reading Glasses - Brown Leopard here | The EU&#039;s largest selection of LOCS sunglasses | We ship from the EU - No extra import costs","robots":{"index":"index","follow":"follow","max-snippet":"max-snippet:-1","max-image-preview":"max-image-preview:large","max-video-preview":"max-video-preview:-1"},"canonical":"https:\/\/locsshop.eu\/en\/shop\/wayfarer-laesebriller-brun-leopard\/","og_locale":"en_GB","og_type":"article","og_title":"Wayfarer L\u00e6sebriller - Brun Leopard | K\u00f8b online her | LOCS","og_description":"K\u00f8b Wayfarer L\u00e6sebriller - Brun Leopard her | EU's st\u00f8rste udvalg af LOCS solbriller | Vi sender fra EU - Ingen ekstra import udgifter","og_url":"https:\/\/locsshop.eu\/en\/shop\/wayfarer-laesebriller-brun-leopard\/","og_site_name":"Locs Sunglasses - LOCS Supplier in EU","article_modified_time":"2025-08-11T09:29:58+00:00","og_image":[{"width":800,"height":800,"url":"https:\/\/locsshop.eu\/wp-content\/uploads\/2023\/05\/008187-Wayfarer-Laesebrille-Brun-turtle3.jpg","type":"image\/jpeg"}],"twitter_card":"summary_large_image","twitter_misc":{"Estimated reading time":"1 minute"},"schema":{"@context":"https:\/\/schema.org","@graph":[{"@type":"WebPage","@id":"https:\/\/locsshop.eu\/shop\/wayfarer-laesebriller-brun-leopard\/","url":"https:\/\/locsshop.eu\/shop\/wayfarer-laesebriller-brun-leopard\/","name":"Wayfarer Reading Glasses - Brown Leopard | Buy online here | LOCS","isPartOf":{"@id":"https:\/\/locsshop.eu\/#website"},"primaryImageOfPage":{"@id":"https:\/\/locsshop.eu\/shop\/wayfarer-laesebriller-brun-leopard\/#primaryimage"},"image":{"@id":"https:\/\/locsshop.eu\/shop\/wayfarer-laesebriller-brun-leopard\/#primaryimage"},"thumbnailUrl":"https:\/\/locsshop.eu\/wp-content\/uploads\/2023\/05\/008187-Wayfarer-Laesebrille-Brun-turtle3.jpg","datePublished":"2023-05-08T17:19:15+00:00","dateModified":"2025-08-11T09:29:58+00:00","description":"Buy Wayfarer Reading Glasses - Brown Leopard here | The EU&#039;s largest selection of LOCS sunglasses | We ship from the EU - No extra import costs","breadcrumb":{"@id":"https:\/\/locsshop.eu\/shop\/wayfarer-laesebriller-brun-leopard\/#breadcrumb"},"inLanguage":"en-GB","potentialAction":[{"@type":"ReadAction","target":["https:\/\/locsshop.eu\/shop\/wayfarer-laesebriller-brun-leopard\/"]}]},{"@type":"ImageObject","inLanguage":"en-GB","@id":"https:\/\/locsshop.eu\/shop\/wayfarer-laesebriller-brun-leopard\/#primaryimage","url":"https:\/\/locsshop.eu\/wp-content\/uploads\/2023\/05\/008187-Wayfarer-Laesebrille-Brun-turtle3.jpg","contentUrl":"https:\/\/locsshop.eu\/wp-content\/uploads\/2023\/05\/008187-Wayfarer-Laesebrille-Brun-turtle3.jpg","width":800,"height":800},{"@type":"BreadcrumbList","@id":"https:\/\/locsshop.eu\/shop\/wayfarer-laesebriller-brun-leopard\/#breadcrumb","itemListElement":[{"@type":"ListItem","position":1,"name":"Hjem","item":"https:\/\/locsshop.eu\/"},{"@type":"ListItem","position":2,"name":"Shop","item":"https:\/\/locsshop.eu\/shop\/"},{"@type":"ListItem","position":3,"name":"Wayfarer L\u00e6sebriller &#8211; Brun Leopard"}]},{"@type":"WebSite","@id":"https:\/\/locsshop.eu\/#website","url":"https:\/\/locsshop.eu\/","name":"Locs Sunglasses - LOCS Supplier in EU","description":"We sell cheap LOCS Sunglasses","publisher":{"@id":"https:\/\/locsshop.eu\/#organization"},"potentialAction":[{"@type":"SearchAction","target":{"@type":"EntryPoint","urlTemplate":"https:\/\/locsshop.eu\/?s={search_term_string}"},"query-input":{"@type":"PropertyValueSpecification","valueRequired":true,"valueName":"search_term_string"}}],"inLanguage":"en-GB"},{"@type":"Organization","@id":"https:\/\/locsshop.eu\/#organization","name":"Locsshop.eu","url":"https:\/\/locsshop.eu\/","logo":{"@type":"ImageObject","inLanguage":"en-GB","@id":"https:\/\/locsshop.eu\/#\/schema\/logo\/image\/","url":"https:\/\/locsshop.eu\/wp-content\/uploads\/2022\/02\/Locsshop-logo.png","contentUrl":"https:\/\/locsshop.eu\/wp-content\/uploads\/2022\/02\/Locsshop-logo.png","width":930,"height":200,"caption":"Locsshop.eu"},"image":{"@id":"https:\/\/locsshop.eu\/#\/schema\/logo\/image\/"}}]}},"_links":{"self":[{"href":"https:\/\/locsshop.eu\/en\/wp-json\/wp\/v2\/product\/10072","targetHints":{"allow":["GET"]}}],"collection":[{"href":"https:\/\/locsshop.eu\/en\/wp-json\/wp\/v2\/product"}],"about":[{"href":"https:\/\/locsshop.eu\/en\/wp-json\/wp\/v2\/types\/product"}],"replies":[{"embeddable":true,"href":"https:\/\/locsshop.eu\/en\/wp-json\/wp\/v2\/comments?post=10072"}],"wp:featuredmedia":[{"embeddable":true,"href":"https:\/\/locsshop.eu\/en\/wp-json\/wp\/v2\/media\/10073"}],"wp:attachment":[{"href":"https:\/\/locsshop.eu\/en\/wp-json\/wp\/v2\/media?parent=10072"}],"wp:term":[{"taxonomy":"product_brand","embeddable":true,"href":"https:\/\/locsshop.eu\/en\/wp-json\/wp\/v2\/product_brand?post=10072"},{"taxonomy":"product_cat","embeddable":true,"href":"https:\/\/locsshop.eu\/en\/wp-json\/wp\/v2\/product_cat?post=10072"},{"taxonomy":"product_tag","embeddable":true,"href":"https:\/\/locsshop.eu\/en\/wp-json\/wp\/v2\/product_tag?post=10072"}],"curies":[{"name":"wp","href":"https:\/\/api.w.org\/{rel}","templated":true}]}}