{"id":10240,"date":"2023-05-09T12:56:28","date_gmt":"2023-05-09T10:56:28","guid":{"rendered":"https:\/\/locsshop.eu\/shop\/smalle-firkantede-solbriller-med-guld-dekoration-sort-front-turtle-staenger\/"},"modified":"2025-08-05T22:35:21","modified_gmt":"2025-08-05T20:35:21","slug":"smalle-firkantede-solbriller-med-guld-dekoration-sort-front-turtle-staenger","status":"publish","type":"product","link":"https:\/\/locsshop.eu\/en\/shop\/smalle-firkantede-solbriller-med-guld-dekoration-sort-front-turtle-staenger\/","title":{"rendered":"Narrow square sunglasses with gold decoration | Black front \u2013 Turtle bars"},"content":{"rendered":"<h2>Super trendy narrow square sunglasses with beautiful gold decorations on the temples<\/h2>\n<p>Super cool square sunglasses in a nice shiny frame. Black front and brown turtle bars.<br \/>\nThe sunglasses have comfortable brown lenses.<br \/>\nThe bars have beautiful gold decorations in metal. This makes these sunglasses appear quite exclusive and very cool.<\/p>\n<p>Perfect for your tiktok or Instagram videos, shopping trips, cafe visits, the beach and holidays.<\/p>\n<p>Inner width: 14 cm.<br \/>\nHeight. 3.7 cm.<br \/>\nInner side length: 14 cm.<\/p>\n<p>Material: Plastic and metal<br \/>\nUV Protection<br \/>\nCE approved<\/p>","protected":false},"excerpt":{"rendered":"<p><strong>Narrow square sunglasses with beautiful gold decorations in metal<br \/>\n<\/strong>Black front and brown turtle bars.<\/p>\n<p>The coolest sunglasses, with extra style.<\/p>\n<p>UV400 Protection.<br \/>\nCE Approved.<\/p>","protected":false},"featured_media":10241,"comment_status":"open","ping_status":"closed","template":"","meta":{"om_disable_all_campaigns":false,"_monsterinsights_skip_tracking":false,"_monsterinsights_sitenote_active":false,"_monsterinsights_sitenote_note":"","_monsterinsights_sitenote_category":0},"product_brand":[],"product_cat":[1026,1029,1025,1291,1292],"product_tag":[1338,1070,1275,870,1277,609,1278],"class_list":{"0":"post-10240","1":"product","2":"type-product","3":"status-publish","4":"has-post-thumbnail","6":"product_cat-dame-solbriller","7":"product_cat-herre-solbriller","8":"product_cat-billige-solbriller","9":"product_cat-firkantede-dame-solbriller","10":"product_cat-firkantede-solbriller","11":"product_tag-23-008","12":"product_tag-firkantede","13":"product_tag-instagram","14":"product_tag-p693","15":"product_tag-snapchat","16":"product_tag-some","17":"product_tag-tiktok","19":"first","20":"outofstock","21":"shipping-taxable","22":"purchasable","23":"product-type-simple"},"yoast_head":"<!-- This site is optimized with the Yoast SEO plugin v27.2 - https:\/\/yoast.com\/product\/yoast-seo-wordpress\/ -->\n<title>Smalle firkantede solbriller med guld dekoration | Sort front - Turtle st\u00e6nger | K\u00f8b online her | LOCS<\/title>\n<meta name=\"description\" content=\"K\u00f8b Smalle firkantede solbriller med guld dekoration | Sort front - Turtle st\u00e6nger her | EU&#039;s st\u00f8rste udvalg af LOCS solbriller | Vi sender fra EU - Ingen ekstra import udgifter\" \/>\n<meta name=\"robots\" content=\"index, follow, max-snippet:-1, max-image-preview:large, max-video-preview:-1\" \/>\n<link rel=\"canonical\" href=\"https:\/\/locsshop.eu\/en\/shop\/smalle-firkantede-solbriller-med-guld-dekoration-sort-front-turtle-staenger\/\" \/>\n<meta property=\"og:locale\" content=\"en_GB\" \/>\n<meta property=\"og:type\" content=\"article\" \/>\n<meta property=\"og:title\" content=\"Smalle firkantede solbriller med guld dekoration | Sort front - Turtle st\u00e6nger | K\u00f8b online her | LOCS\" \/>\n<meta property=\"og:description\" content=\"K\u00f8b Smalle firkantede solbriller med guld dekoration | Sort front - Turtle st\u00e6nger her | EU&#039;s st\u00f8rste udvalg af LOCS solbriller | Vi sender fra EU - Ingen ekstra import udgifter\" \/>\n<meta property=\"og:url\" content=\"https:\/\/locsshop.eu\/en\/shop\/smalle-firkantede-solbriller-med-guld-dekoration-sort-front-turtle-staenger\/\" \/>\n<meta property=\"og:site_name\" content=\"Locs Sunglasses - LOCS Supplier in EU\" \/>\n<meta property=\"article:modified_time\" content=\"2025-08-05T20:35:21+00:00\" \/>\n<meta property=\"og:image\" content=\"https:\/\/locsshop.eu\/wp-content\/uploads\/2023\/05\/23-008BKFRONT-TESIDE.jpg\" \/>\n\t<meta property=\"og:image:width\" content=\"800\" \/>\n\t<meta property=\"og:image:height\" content=\"800\" \/>\n\t<meta property=\"og:image:type\" content=\"image\/jpeg\" \/>\n<meta name=\"twitter:card\" content=\"summary_large_image\" \/>\n<script type=\"application\/ld+json\" class=\"yoast-schema-graph\">{\"@context\":\"https:\/\/schema.org\",\"@graph\":[{\"@type\":\"WebPage\",\"@id\":\"https:\/\/locsshop.eu\/shop\/smalle-firkantede-solbriller-med-guld-dekoration-sort-front-turtle-staenger\/\",\"url\":\"https:\/\/locsshop.eu\/shop\/smalle-firkantede-solbriller-med-guld-dekoration-sort-front-turtle-staenger\/\",\"name\":\"Smalle firkantede solbriller med guld dekoration | Sort front - Turtle st\u00e6nger | K\u00f8b online her | LOCS\",\"isPartOf\":{\"@id\":\"https:\/\/locsshop.eu\/#website\"},\"primaryImageOfPage\":{\"@id\":\"https:\/\/locsshop.eu\/shop\/smalle-firkantede-solbriller-med-guld-dekoration-sort-front-turtle-staenger\/#primaryimage\"},\"image\":{\"@id\":\"https:\/\/locsshop.eu\/shop\/smalle-firkantede-solbriller-med-guld-dekoration-sort-front-turtle-staenger\/#primaryimage\"},\"thumbnailUrl\":\"https:\/\/locsshop.eu\/wp-content\/uploads\/2023\/05\/23-008BKFRONT-TESIDE.jpg\",\"datePublished\":\"2023-05-09T10:56:28+00:00\",\"dateModified\":\"2025-08-05T20:35:21+00:00\",\"description\":\"K\u00f8b Smalle firkantede solbriller med guld dekoration | Sort front - Turtle st\u00e6nger her | EU's st\u00f8rste udvalg af LOCS solbriller | Vi sender fra EU - Ingen ekstra import udgifter\",\"breadcrumb\":{\"@id\":\"https:\/\/locsshop.eu\/shop\/smalle-firkantede-solbriller-med-guld-dekoration-sort-front-turtle-staenger\/#breadcrumb\"},\"inLanguage\":\"en-GB\",\"potentialAction\":[{\"@type\":\"ReadAction\",\"target\":[\"https:\/\/locsshop.eu\/shop\/smalle-firkantede-solbriller-med-guld-dekoration-sort-front-turtle-staenger\/\"]}]},{\"@type\":\"ImageObject\",\"inLanguage\":\"en-GB\",\"@id\":\"https:\/\/locsshop.eu\/shop\/smalle-firkantede-solbriller-med-guld-dekoration-sort-front-turtle-staenger\/#primaryimage\",\"url\":\"https:\/\/locsshop.eu\/wp-content\/uploads\/2023\/05\/23-008BKFRONT-TESIDE.jpg\",\"contentUrl\":\"https:\/\/locsshop.eu\/wp-content\/uploads\/2023\/05\/23-008BKFRONT-TESIDE.jpg\",\"width\":800,\"height\":800},{\"@type\":\"BreadcrumbList\",\"@id\":\"https:\/\/locsshop.eu\/shop\/smalle-firkantede-solbriller-med-guld-dekoration-sort-front-turtle-staenger\/#breadcrumb\",\"itemListElement\":[{\"@type\":\"ListItem\",\"position\":1,\"name\":\"Hjem\",\"item\":\"https:\/\/locsshop.eu\/\"},{\"@type\":\"ListItem\",\"position\":2,\"name\":\"Shop\",\"item\":\"https:\/\/locsshop.eu\/shop\/\"},{\"@type\":\"ListItem\",\"position\":3,\"name\":\"Smalle firkantede solbriller med guld dekoration | Sort front &#8211; Turtle st\u00e6nger\"}]},{\"@type\":\"WebSite\",\"@id\":\"https:\/\/locsshop.eu\/#website\",\"url\":\"https:\/\/locsshop.eu\/\",\"name\":\"Locs Sunglasses - LOCS Supplier in EU\",\"description\":\"We sell cheap LOCS Sunglasses\",\"publisher\":{\"@id\":\"https:\/\/locsshop.eu\/#organization\"},\"potentialAction\":[{\"@type\":\"SearchAction\",\"target\":{\"@type\":\"EntryPoint\",\"urlTemplate\":\"https:\/\/locsshop.eu\/?s={search_term_string}\"},\"query-input\":{\"@type\":\"PropertyValueSpecification\",\"valueRequired\":true,\"valueName\":\"search_term_string\"}}],\"inLanguage\":\"en-GB\"},{\"@type\":\"Organization\",\"@id\":\"https:\/\/locsshop.eu\/#organization\",\"name\":\"Locsshop.eu\",\"url\":\"https:\/\/locsshop.eu\/\",\"logo\":{\"@type\":\"ImageObject\",\"inLanguage\":\"en-GB\",\"@id\":\"https:\/\/locsshop.eu\/#\/schema\/logo\/image\/\",\"url\":\"https:\/\/locsshop.eu\/wp-content\/uploads\/2022\/02\/Locsshop-logo.png\",\"contentUrl\":\"https:\/\/locsshop.eu\/wp-content\/uploads\/2022\/02\/Locsshop-logo.png\",\"width\":930,\"height\":200,\"caption\":\"Locsshop.eu\"},\"image\":{\"@id\":\"https:\/\/locsshop.eu\/#\/schema\/logo\/image\/\"}}]}<\/script>\n<!-- \/ Yoast SEO plugin. -->","yoast_head_json":{"title":"Narrow square sunglasses with gold decoration | Black front - Turtle bars | Buy online here | LOCS","description":"Buy Narrow square sunglasses with gold decoration | Black front - Turtle bars here | The EU&#039;s largest selection of LOCS sunglasses | We ship from the EU - No extra import costs","robots":{"index":"index","follow":"follow","max-snippet":"max-snippet:-1","max-image-preview":"max-image-preview:large","max-video-preview":"max-video-preview:-1"},"canonical":"https:\/\/locsshop.eu\/en\/shop\/smalle-firkantede-solbriller-med-guld-dekoration-sort-front-turtle-staenger\/","og_locale":"en_GB","og_type":"article","og_title":"Smalle firkantede solbriller med guld dekoration | Sort front - Turtle st\u00e6nger | K\u00f8b online her | LOCS","og_description":"K\u00f8b Smalle firkantede solbriller med guld dekoration | Sort front - Turtle st\u00e6nger her | EU's st\u00f8rste udvalg af LOCS solbriller | Vi sender fra EU - Ingen ekstra import udgifter","og_url":"https:\/\/locsshop.eu\/en\/shop\/smalle-firkantede-solbriller-med-guld-dekoration-sort-front-turtle-staenger\/","og_site_name":"Locs Sunglasses - LOCS Supplier in EU","article_modified_time":"2025-08-05T20:35:21+00:00","og_image":[{"width":800,"height":800,"url":"https:\/\/locsshop.eu\/wp-content\/uploads\/2023\/05\/23-008BKFRONT-TESIDE.jpg","type":"image\/jpeg"}],"twitter_card":"summary_large_image","schema":{"@context":"https:\/\/schema.org","@graph":[{"@type":"WebPage","@id":"https:\/\/locsshop.eu\/shop\/smalle-firkantede-solbriller-med-guld-dekoration-sort-front-turtle-staenger\/","url":"https:\/\/locsshop.eu\/shop\/smalle-firkantede-solbriller-med-guld-dekoration-sort-front-turtle-staenger\/","name":"Narrow square sunglasses with gold decoration | Black front - Turtle bars | Buy online here | LOCS","isPartOf":{"@id":"https:\/\/locsshop.eu\/#website"},"primaryImageOfPage":{"@id":"https:\/\/locsshop.eu\/shop\/smalle-firkantede-solbriller-med-guld-dekoration-sort-front-turtle-staenger\/#primaryimage"},"image":{"@id":"https:\/\/locsshop.eu\/shop\/smalle-firkantede-solbriller-med-guld-dekoration-sort-front-turtle-staenger\/#primaryimage"},"thumbnailUrl":"https:\/\/locsshop.eu\/wp-content\/uploads\/2023\/05\/23-008BKFRONT-TESIDE.jpg","datePublished":"2023-05-09T10:56:28+00:00","dateModified":"2025-08-05T20:35:21+00:00","description":"Buy Narrow square sunglasses with gold decoration | Black front - Turtle bars here | The EU&#039;s largest selection of LOCS sunglasses | We ship from the EU - No extra import costs","breadcrumb":{"@id":"https:\/\/locsshop.eu\/shop\/smalle-firkantede-solbriller-med-guld-dekoration-sort-front-turtle-staenger\/#breadcrumb"},"inLanguage":"en-GB","potentialAction":[{"@type":"ReadAction","target":["https:\/\/locsshop.eu\/shop\/smalle-firkantede-solbriller-med-guld-dekoration-sort-front-turtle-staenger\/"]}]},{"@type":"ImageObject","inLanguage":"en-GB","@id":"https:\/\/locsshop.eu\/shop\/smalle-firkantede-solbriller-med-guld-dekoration-sort-front-turtle-staenger\/#primaryimage","url":"https:\/\/locsshop.eu\/wp-content\/uploads\/2023\/05\/23-008BKFRONT-TESIDE.jpg","contentUrl":"https:\/\/locsshop.eu\/wp-content\/uploads\/2023\/05\/23-008BKFRONT-TESIDE.jpg","width":800,"height":800},{"@type":"BreadcrumbList","@id":"https:\/\/locsshop.eu\/shop\/smalle-firkantede-solbriller-med-guld-dekoration-sort-front-turtle-staenger\/#breadcrumb","itemListElement":[{"@type":"ListItem","position":1,"name":"Hjem","item":"https:\/\/locsshop.eu\/"},{"@type":"ListItem","position":2,"name":"Shop","item":"https:\/\/locsshop.eu\/shop\/"},{"@type":"ListItem","position":3,"name":"Smalle firkantede solbriller med guld dekoration | Sort front &#8211; Turtle st\u00e6nger"}]},{"@type":"WebSite","@id":"https:\/\/locsshop.eu\/#website","url":"https:\/\/locsshop.eu\/","name":"Locs Sunglasses - LOCS Supplier in EU","description":"We sell cheap LOCS Sunglasses","publisher":{"@id":"https:\/\/locsshop.eu\/#organization"},"potentialAction":[{"@type":"SearchAction","target":{"@type":"EntryPoint","urlTemplate":"https:\/\/locsshop.eu\/?s={search_term_string}"},"query-input":{"@type":"PropertyValueSpecification","valueRequired":true,"valueName":"search_term_string"}}],"inLanguage":"en-GB"},{"@type":"Organization","@id":"https:\/\/locsshop.eu\/#organization","name":"Locsshop.eu","url":"https:\/\/locsshop.eu\/","logo":{"@type":"ImageObject","inLanguage":"en-GB","@id":"https:\/\/locsshop.eu\/#\/schema\/logo\/image\/","url":"https:\/\/locsshop.eu\/wp-content\/uploads\/2022\/02\/Locsshop-logo.png","contentUrl":"https:\/\/locsshop.eu\/wp-content\/uploads\/2022\/02\/Locsshop-logo.png","width":930,"height":200,"caption":"Locsshop.eu"},"image":{"@id":"https:\/\/locsshop.eu\/#\/schema\/logo\/image\/"}}]}},"_links":{"self":[{"href":"https:\/\/locsshop.eu\/en\/wp-json\/wp\/v2\/product\/10240","targetHints":{"allow":["GET"]}}],"collection":[{"href":"https:\/\/locsshop.eu\/en\/wp-json\/wp\/v2\/product"}],"about":[{"href":"https:\/\/locsshop.eu\/en\/wp-json\/wp\/v2\/types\/product"}],"replies":[{"embeddable":true,"href":"https:\/\/locsshop.eu\/en\/wp-json\/wp\/v2\/comments?post=10240"}],"wp:featuredmedia":[{"embeddable":true,"href":"https:\/\/locsshop.eu\/en\/wp-json\/wp\/v2\/media\/10241"}],"wp:attachment":[{"href":"https:\/\/locsshop.eu\/en\/wp-json\/wp\/v2\/media?parent=10240"}],"wp:term":[{"taxonomy":"product_brand","embeddable":true,"href":"https:\/\/locsshop.eu\/en\/wp-json\/wp\/v2\/product_brand?post=10240"},{"taxonomy":"product_cat","embeddable":true,"href":"https:\/\/locsshop.eu\/en\/wp-json\/wp\/v2\/product_cat?post=10240"},{"taxonomy":"product_tag","embeddable":true,"href":"https:\/\/locsshop.eu\/en\/wp-json\/wp\/v2\/product_tag?post=10240"}],"curies":[{"name":"wp","href":"https:\/\/api.w.org\/{rel}","templated":true}]}}