{"id":10248,"date":"2023-05-09T13:29:41","date_gmt":"2023-05-09T11:29:41","guid":{"rendered":"https:\/\/locsshop.eu\/shop\/klassiske-damesolbriller-lilla-transparent-moerkelilla-fade-glas\/"},"modified":"2024-05-09T13:15:58","modified_gmt":"2024-05-09T11:15:58","slug":"klassiske-damesolbriller-lilla-transparent-moerkelilla-fade-glas","status":"publish","type":"product","link":"https:\/\/locsshop.eu\/en\/shop\/klassiske-damesolbriller-lilla-transparent-moerkelilla-fade-glas\/","title":{"rendered":"Classic women&#039;s sunglasses \u2013 Purple transparent | Dark purple flat glass"},"content":{"rendered":"<h2>Nice classic ladies&#039; sunglasses<\/h2>\n<p>Beautiful ladies&#039; sunglasses in a classic style.<br \/>\nThese are in a transparent frame where the center is transparent but fades into purple on the sides and on the bars<br \/>\nThey also have pleasant dark purple stemware<\/p>\n<p>Absolutely perfect for everyday use, shopping trips, cafe visits, the beach and holidays.<\/p>\n<p>Inner width: 13.7 cm.<br \/>\nHeight. 4.7 cm.<br \/>\nInner side length: 13.8 cm.<\/p>\n<p>Material: Plastic and metal<br \/>\nUV Protection<br \/>\nCE approved<\/p>","protected":false},"excerpt":{"rendered":"<p><strong>Classic women&#039;s sunglasses<br \/>\n<\/strong>Transparent frame where the center is transparent but fades into purple on the sides of the front and on the bars<br \/>\nDark purple flat glass<\/p>\n<p>Perfect for everyday and holidays<\/p>\n<p>UV400 Protection.<br \/>\nCE Approved.<\/p>","protected":false},"featured_media":10249,"comment_status":"open","ping_status":"closed","template":"","meta":{"om_disable_all_campaigns":false,"_monsterinsights_skip_tracking":false,"_monsterinsights_sitenote_active":false,"_monsterinsights_sitenote_note":"","_monsterinsights_sitenote_category":0},"product_brand":[],"product_cat":[1026,1027,1025],"product_tag":[1339,1340,870],"class_list":{"0":"post-10248","1":"product","2":"type-product","3":"status-publish","4":"has-post-thumbnail","6":"product_cat-dame-solbriller","7":"product_cat-andre-dame-solbriller","8":"product_cat-billige-solbriller","9":"product_tag-23-054","10":"product_tag-damesolbriller","11":"product_tag-p693","13":"first","14":"instock","15":"shipping-taxable","16":"purchasable","17":"product-type-simple"},"yoast_head":"<!-- This site is optimized with the Yoast SEO plugin v27.2 - https:\/\/yoast.com\/product\/yoast-seo-wordpress\/ -->\n<title>Klassiske damesolbriller - Lilla transparent | M\u00f8rkelilla fade glas | K\u00f8b online her | LOCS<\/title>\n<meta name=\"description\" content=\"K\u00f8b Klassiske damesolbriller - Lilla transparent | M\u00f8rkelilla fade glas her | EU&#039;s st\u00f8rste udvalg af LOCS solbriller | Vi sender fra EU - Ingen ekstra import udgifter\" \/>\n<meta name=\"robots\" content=\"index, follow, max-snippet:-1, max-image-preview:large, max-video-preview:-1\" \/>\n<link rel=\"canonical\" href=\"https:\/\/locsshop.eu\/en\/shop\/klassiske-damesolbriller-lilla-transparent-moerkelilla-fade-glas\/\" \/>\n<meta property=\"og:locale\" content=\"en_GB\" \/>\n<meta property=\"og:type\" content=\"article\" \/>\n<meta property=\"og:title\" content=\"Klassiske damesolbriller - Lilla transparent | M\u00f8rkelilla fade glas | K\u00f8b online her | LOCS\" \/>\n<meta property=\"og:description\" content=\"K\u00f8b Klassiske damesolbriller - Lilla transparent | M\u00f8rkelilla fade glas her | EU&#039;s st\u00f8rste udvalg af LOCS solbriller | Vi sender fra EU - Ingen ekstra import udgifter\" \/>\n<meta property=\"og:url\" content=\"https:\/\/locsshop.eu\/en\/shop\/klassiske-damesolbriller-lilla-transparent-moerkelilla-fade-glas\/\" \/>\n<meta property=\"og:site_name\" content=\"Locs Sunglasses - LOCS Supplier in EU\" \/>\n<meta property=\"article:modified_time\" content=\"2024-05-09T11:15:58+00:00\" \/>\n<meta property=\"og:image\" content=\"https:\/\/locsshop.eu\/wp-content\/uploads\/2023\/05\/23-054-PE.jpg\" \/>\n\t<meta property=\"og:image:width\" content=\"800\" \/>\n\t<meta property=\"og:image:height\" content=\"800\" \/>\n\t<meta property=\"og:image:type\" content=\"image\/jpeg\" \/>\n<meta name=\"twitter:card\" content=\"summary_large_image\" \/>\n<script type=\"application\/ld+json\" class=\"yoast-schema-graph\">{\"@context\":\"https:\/\/schema.org\",\"@graph\":[{\"@type\":\"WebPage\",\"@id\":\"https:\/\/locsshop.eu\/shop\/klassiske-damesolbriller-lilla-transparent-moerkelilla-fade-glas\/\",\"url\":\"https:\/\/locsshop.eu\/shop\/klassiske-damesolbriller-lilla-transparent-moerkelilla-fade-glas\/\",\"name\":\"Klassiske damesolbriller - Lilla transparent | M\u00f8rkelilla fade glas | K\u00f8b online her | LOCS\",\"isPartOf\":{\"@id\":\"https:\/\/locsshop.eu\/#website\"},\"primaryImageOfPage\":{\"@id\":\"https:\/\/locsshop.eu\/shop\/klassiske-damesolbriller-lilla-transparent-moerkelilla-fade-glas\/#primaryimage\"},\"image\":{\"@id\":\"https:\/\/locsshop.eu\/shop\/klassiske-damesolbriller-lilla-transparent-moerkelilla-fade-glas\/#primaryimage\"},\"thumbnailUrl\":\"https:\/\/locsshop.eu\/wp-content\/uploads\/2023\/05\/23-054-PE.jpg\",\"datePublished\":\"2023-05-09T11:29:41+00:00\",\"dateModified\":\"2024-05-09T11:15:58+00:00\",\"description\":\"K\u00f8b Klassiske damesolbriller - Lilla transparent | M\u00f8rkelilla fade glas her | EU's st\u00f8rste udvalg af LOCS solbriller | Vi sender fra EU - Ingen ekstra import udgifter\",\"breadcrumb\":{\"@id\":\"https:\/\/locsshop.eu\/shop\/klassiske-damesolbriller-lilla-transparent-moerkelilla-fade-glas\/#breadcrumb\"},\"inLanguage\":\"en-GB\",\"potentialAction\":[{\"@type\":\"ReadAction\",\"target\":[\"https:\/\/locsshop.eu\/shop\/klassiske-damesolbriller-lilla-transparent-moerkelilla-fade-glas\/\"]}]},{\"@type\":\"ImageObject\",\"inLanguage\":\"en-GB\",\"@id\":\"https:\/\/locsshop.eu\/shop\/klassiske-damesolbriller-lilla-transparent-moerkelilla-fade-glas\/#primaryimage\",\"url\":\"https:\/\/locsshop.eu\/wp-content\/uploads\/2023\/05\/23-054-PE.jpg\",\"contentUrl\":\"https:\/\/locsshop.eu\/wp-content\/uploads\/2023\/05\/23-054-PE.jpg\",\"width\":800,\"height\":800},{\"@type\":\"BreadcrumbList\",\"@id\":\"https:\/\/locsshop.eu\/shop\/klassiske-damesolbriller-lilla-transparent-moerkelilla-fade-glas\/#breadcrumb\",\"itemListElement\":[{\"@type\":\"ListItem\",\"position\":1,\"name\":\"Hjem\",\"item\":\"https:\/\/locsshop.eu\/\"},{\"@type\":\"ListItem\",\"position\":2,\"name\":\"Shop\",\"item\":\"https:\/\/locsshop.eu\/shop\/\"},{\"@type\":\"ListItem\",\"position\":3,\"name\":\"Klassiske damesolbriller &#8211; Lilla transparent | M\u00f8rkelilla fade glas\"}]},{\"@type\":\"WebSite\",\"@id\":\"https:\/\/locsshop.eu\/#website\",\"url\":\"https:\/\/locsshop.eu\/\",\"name\":\"Locs Sunglasses - LOCS Supplier in EU\",\"description\":\"We sell cheap LOCS Sunglasses\",\"publisher\":{\"@id\":\"https:\/\/locsshop.eu\/#organization\"},\"potentialAction\":[{\"@type\":\"SearchAction\",\"target\":{\"@type\":\"EntryPoint\",\"urlTemplate\":\"https:\/\/locsshop.eu\/?s={search_term_string}\"},\"query-input\":{\"@type\":\"PropertyValueSpecification\",\"valueRequired\":true,\"valueName\":\"search_term_string\"}}],\"inLanguage\":\"en-GB\"},{\"@type\":\"Organization\",\"@id\":\"https:\/\/locsshop.eu\/#organization\",\"name\":\"Locsshop.eu\",\"url\":\"https:\/\/locsshop.eu\/\",\"logo\":{\"@type\":\"ImageObject\",\"inLanguage\":\"en-GB\",\"@id\":\"https:\/\/locsshop.eu\/#\/schema\/logo\/image\/\",\"url\":\"https:\/\/locsshop.eu\/wp-content\/uploads\/2022\/02\/Locsshop-logo.png\",\"contentUrl\":\"https:\/\/locsshop.eu\/wp-content\/uploads\/2022\/02\/Locsshop-logo.png\",\"width\":930,\"height\":200,\"caption\":\"Locsshop.eu\"},\"image\":{\"@id\":\"https:\/\/locsshop.eu\/#\/schema\/logo\/image\/\"}}]}<\/script>\n<!-- \/ Yoast SEO plugin. -->","yoast_head_json":{"title":"Classic women&#039;s sunglasses - Purple transparent | Dark purple glass dish | Buy online here | LOCS","description":"Buy Classic women&#039;s sunglasses - Purple transparent | Dark purple dish glass here | The EU&#039;s largest selection of LOCS sunglasses | We ship from the EU - No extra import costs","robots":{"index":"index","follow":"follow","max-snippet":"max-snippet:-1","max-image-preview":"max-image-preview:large","max-video-preview":"max-video-preview:-1"},"canonical":"https:\/\/locsshop.eu\/en\/shop\/klassiske-damesolbriller-lilla-transparent-moerkelilla-fade-glas\/","og_locale":"en_GB","og_type":"article","og_title":"Klassiske damesolbriller - Lilla transparent | M\u00f8rkelilla fade glas | K\u00f8b online her | LOCS","og_description":"K\u00f8b Klassiske damesolbriller - Lilla transparent | M\u00f8rkelilla fade glas her | EU's st\u00f8rste udvalg af LOCS solbriller | Vi sender fra EU - Ingen ekstra import udgifter","og_url":"https:\/\/locsshop.eu\/en\/shop\/klassiske-damesolbriller-lilla-transparent-moerkelilla-fade-glas\/","og_site_name":"Locs Sunglasses - LOCS Supplier in EU","article_modified_time":"2024-05-09T11:15:58+00:00","og_image":[{"width":800,"height":800,"url":"https:\/\/locsshop.eu\/wp-content\/uploads\/2023\/05\/23-054-PE.jpg","type":"image\/jpeg"}],"twitter_card":"summary_large_image","schema":{"@context":"https:\/\/schema.org","@graph":[{"@type":"WebPage","@id":"https:\/\/locsshop.eu\/shop\/klassiske-damesolbriller-lilla-transparent-moerkelilla-fade-glas\/","url":"https:\/\/locsshop.eu\/shop\/klassiske-damesolbriller-lilla-transparent-moerkelilla-fade-glas\/","name":"Classic women&#039;s sunglasses - Purple transparent | Dark purple glass dish | Buy online here | LOCS","isPartOf":{"@id":"https:\/\/locsshop.eu\/#website"},"primaryImageOfPage":{"@id":"https:\/\/locsshop.eu\/shop\/klassiske-damesolbriller-lilla-transparent-moerkelilla-fade-glas\/#primaryimage"},"image":{"@id":"https:\/\/locsshop.eu\/shop\/klassiske-damesolbriller-lilla-transparent-moerkelilla-fade-glas\/#primaryimage"},"thumbnailUrl":"https:\/\/locsshop.eu\/wp-content\/uploads\/2023\/05\/23-054-PE.jpg","datePublished":"2023-05-09T11:29:41+00:00","dateModified":"2024-05-09T11:15:58+00:00","description":"Buy Classic women&#039;s sunglasses - Purple transparent | Dark purple dish glass here | The EU&#039;s largest selection of LOCS sunglasses | We ship from the EU - No extra import costs","breadcrumb":{"@id":"https:\/\/locsshop.eu\/shop\/klassiske-damesolbriller-lilla-transparent-moerkelilla-fade-glas\/#breadcrumb"},"inLanguage":"en-GB","potentialAction":[{"@type":"ReadAction","target":["https:\/\/locsshop.eu\/shop\/klassiske-damesolbriller-lilla-transparent-moerkelilla-fade-glas\/"]}]},{"@type":"ImageObject","inLanguage":"en-GB","@id":"https:\/\/locsshop.eu\/shop\/klassiske-damesolbriller-lilla-transparent-moerkelilla-fade-glas\/#primaryimage","url":"https:\/\/locsshop.eu\/wp-content\/uploads\/2023\/05\/23-054-PE.jpg","contentUrl":"https:\/\/locsshop.eu\/wp-content\/uploads\/2023\/05\/23-054-PE.jpg","width":800,"height":800},{"@type":"BreadcrumbList","@id":"https:\/\/locsshop.eu\/shop\/klassiske-damesolbriller-lilla-transparent-moerkelilla-fade-glas\/#breadcrumb","itemListElement":[{"@type":"ListItem","position":1,"name":"Hjem","item":"https:\/\/locsshop.eu\/"},{"@type":"ListItem","position":2,"name":"Shop","item":"https:\/\/locsshop.eu\/shop\/"},{"@type":"ListItem","position":3,"name":"Klassiske damesolbriller &#8211; Lilla transparent | M\u00f8rkelilla fade glas"}]},{"@type":"WebSite","@id":"https:\/\/locsshop.eu\/#website","url":"https:\/\/locsshop.eu\/","name":"Locs Sunglasses - LOCS Supplier in EU","description":"We sell cheap LOCS Sunglasses","publisher":{"@id":"https:\/\/locsshop.eu\/#organization"},"potentialAction":[{"@type":"SearchAction","target":{"@type":"EntryPoint","urlTemplate":"https:\/\/locsshop.eu\/?s={search_term_string}"},"query-input":{"@type":"PropertyValueSpecification","valueRequired":true,"valueName":"search_term_string"}}],"inLanguage":"en-GB"},{"@type":"Organization","@id":"https:\/\/locsshop.eu\/#organization","name":"Locsshop.eu","url":"https:\/\/locsshop.eu\/","logo":{"@type":"ImageObject","inLanguage":"en-GB","@id":"https:\/\/locsshop.eu\/#\/schema\/logo\/image\/","url":"https:\/\/locsshop.eu\/wp-content\/uploads\/2022\/02\/Locsshop-logo.png","contentUrl":"https:\/\/locsshop.eu\/wp-content\/uploads\/2022\/02\/Locsshop-logo.png","width":930,"height":200,"caption":"Locsshop.eu"},"image":{"@id":"https:\/\/locsshop.eu\/#\/schema\/logo\/image\/"}}]}},"_links":{"self":[{"href":"https:\/\/locsshop.eu\/en\/wp-json\/wp\/v2\/product\/10248","targetHints":{"allow":["GET"]}}],"collection":[{"href":"https:\/\/locsshop.eu\/en\/wp-json\/wp\/v2\/product"}],"about":[{"href":"https:\/\/locsshop.eu\/en\/wp-json\/wp\/v2\/types\/product"}],"replies":[{"embeddable":true,"href":"https:\/\/locsshop.eu\/en\/wp-json\/wp\/v2\/comments?post=10248"}],"wp:featuredmedia":[{"embeddable":true,"href":"https:\/\/locsshop.eu\/en\/wp-json\/wp\/v2\/media\/10249"}],"wp:attachment":[{"href":"https:\/\/locsshop.eu\/en\/wp-json\/wp\/v2\/media?parent=10248"}],"wp:term":[{"taxonomy":"product_brand","embeddable":true,"href":"https:\/\/locsshop.eu\/en\/wp-json\/wp\/v2\/product_brand?post=10248"},{"taxonomy":"product_cat","embeddable":true,"href":"https:\/\/locsshop.eu\/en\/wp-json\/wp\/v2\/product_cat?post=10248"},{"taxonomy":"product_tag","embeddable":true,"href":"https:\/\/locsshop.eu\/en\/wp-json\/wp\/v2\/product_tag?post=10248"}],"curies":[{"name":"wp","href":"https:\/\/api.w.org\/{rel}","templated":true}]}}