{"id":10689,"date":"2023-06-21T15:15:22","date_gmt":"2023-06-21T13:15:22","guid":{"rendered":"https:\/\/locsshop.eu\/shop\/baeredygtige-yellow-fade-aviator-solbriller-sunrise-guld-stel\/"},"modified":"2025-11-10T03:51:39","modified_gmt":"2025-11-10T02:51:39","slug":"baeredygtige-yellow-fade-aviator-solbriller-sunrise-guld-stel","status":"publish","type":"product","link":"https:\/\/locsshop.eu\/en\/shop\/baeredygtige-yellow-fade-aviator-solbriller-sunrise-guld-stel\/","title":{"rendered":"\ud83c\udf43Sustainable Yellow fade Aviator sunglasses | Sunrise \u2013 Gold frame"},"content":{"rendered":"<h2>Sustainable Yellow fade Aviator sunglasses | Sunrise \u2013 Gold frame<\/h2>\n<p>Beautiful Aviator sunglasses with bright yellow flat lenses<br \/>\nSuper good sunglasses for dim lighting, which makes them good to wear in the evening too.<br \/>\nThe sunglasses are suitable for both men and women and are super cool all year round.<\/p>\n<h4>Material frame: <strong>Metal<br \/>\n<\/strong>Material glass: <strong>Recycled Polyester<\/strong><\/h4>\n<p>&nbsp;<\/p>\n<h3 style=\"text-align: center\"><strong><em>\ud83c\udf43These are sustainable sunglasses<\/em><\/strong><\/h3>\n<table style=\"height: 226px;width: 100%;border-collapse: collapse;border-style: hidden;margin-left: auto;margin-right: auto\" border=\"1\">\n<caption>\u00a0<\/caption>\n<tbody>\n<tr style=\"height: 162px\" data-wp-editing=\"1\">\n<td style=\"width: 25%;height: 162px\"><img loading=\"lazy\" decoding=\"async\" class=\"alignnone size-full wp-image-12245 aligncenter\" style=\"margin-left: auto;margin-right: auto\" src=\"https:\/\/bazarsalg.dk\/wp-content\/uploads\/hand.png\" alt=\"\" width=\"80\" height=\"80\" \/><\/td>\n<td style=\"width: 25%;height: 162px\"><img loading=\"lazy\" decoding=\"async\" class=\"wp-image-12250 size-full aligncenter\" style=\"margin-left: auto;margin-right: auto\" src=\"https:\/\/bazarsalg.dk\/wp-content\/uploads\/bottles3.png\" alt=\"\" width=\"80\" height=\"80\" \/><\/td>\n<td style=\"width: 25%;height: 162px\"><img loading=\"lazy\" decoding=\"async\" class=\"size-full wp-image-12248 aligncenter\" style=\"margin-left: auto;margin-right: auto\" src=\"https:\/\/bazarsalg.dk\/wp-content\/uploads\/earth.png\" alt=\"\" width=\"80\" height=\"80\" \/><\/td>\n<\/tr>\n<tr style=\"height: 64px\">\n<td style=\"width: 25%;height: 64px;text-align: center\"><strong>Made from recycled polyester from sea and land<\/strong><\/td>\n<td style=\"width: 25%;height: 64px;text-align: center\">\n<p style=\"text-align: center\"><strong>Produced from renewable raw materials<\/strong><\/p>\n<\/td>\n<td style=\"width: 25%;height: 64px;text-align: center\">\n<p style=\"text-align: center\"><strong>Promotes sustainable development<\/strong><\/p>\n<\/td>\n<\/tr>\n<\/tbody>\n<\/table>\n<p><em>Sustainable sunglasses are sunglasses that are manufactured with a focus on environmental friendliness and social responsibility. This includes the use of recyclable materials, organic or biodegradable material as well as a production system that minimizes waste and uses less energy. Sustainable sunglasses are produced with the aim of reducing the negative environmental effects, and are functional for the wearer while being just as cool as regular manufactured sunglasses. They are ideal for those who want to make a choice that respects the planet and supports sustainable development.<\/em><\/p>\n<p>&nbsp;<\/p>\n<table style=\"width: 100%;border-collapse: collapse;border-style: dashed\" border=\"1\">\n<tbody>\n<tr>\n<td style=\"width: 100%\">\n<h2 style=\"text-align: center\"><strong>The size of the sunglasses<\/strong><\/h2>\n<\/td>\n<\/tr>\n<\/tbody>\n<\/table>\n<table style=\"width: 100%;border-collapse: collapse;border-style: hidden;margin-left: auto;margin-right: auto\" border=\"1\" cellspacing=\"20\" cellpadding=\"20\">\n<tbody>\n<tr>\n<td style=\"width: 33.3333%;text-align: center\"><strong><img decoding=\"async\" src=\"https:\/\/bazarsalg.dk\/wp-content\/uploads\/bredde.png\" \/><\/strong><\/td>\n<td style=\"width: 33.3333%;text-align: center\"><strong>Width<\/strong><\/td>\n<td style=\"width: 33.3333%;text-align: center\"><strong>13.6 cm.<\/strong><\/td>\n<\/tr>\n<tr>\n<td style=\"width: 33.3333%;text-align: center\"><strong><img decoding=\"async\" src=\"https:\/\/bazarsalg.dk\/wp-content\/uploads\/hoejde.png\" \/><\/strong><\/td>\n<td style=\"width: 33.3333%;text-align: center\"><strong>Height<\/strong><\/td>\n<td style=\"width: 33.3333%;text-align: center\"><strong>5.4 cm.<\/strong><\/td>\n<\/tr>\n<tr>\n<td style=\"width: 33.3333%;text-align: center\"><strong><img decoding=\"async\" src=\"https:\/\/bazarsalg.dk\/wp-content\/uploads\/stang.png\" \/><\/strong><\/td>\n<td style=\"width: 33.3333%;text-align: center\"><strong>Lens length<\/strong><\/td>\n<td style=\"width: 33.3333%;text-align: center\"><strong>13.3 cm.<\/strong><\/td>\n<\/tr>\n<tr>\n<td style=\"width: 33.3333%;text-align: center\"><strong><img decoding=\"async\" src=\"https:\/\/bazarsalg.dk\/wp-content\/uploads\/glas-bredde.png\" \/><\/strong><\/td>\n<td style=\"width: 33.3333%;text-align: center\"><strong>Glass Width<\/strong><\/td>\n<td style=\"width: 33.3333%;text-align: center\"><strong>5.8 cm.<\/strong><\/td>\n<\/tr>\n<tr>\n<td style=\"width: 33.3333%;text-align: center\"><strong><img decoding=\"async\" src=\"https:\/\/bazarsalg.dk\/wp-content\/uploads\/bredde-naese.png\" \/><\/strong><\/td>\n<td style=\"width: 33.3333%;text-align: center\"><strong>Space between glass<\/strong><\/td>\n<td style=\"width: 33.3333%;text-align: center\"><strong>1.7 cm.<\/strong><\/td>\n<\/tr>\n<\/tbody>\n<\/table>\n<p>&nbsp;<\/p>\n<p><strong>\u00a0<\/strong><\/p>\n<table style=\"width: 100%;border-collapse: collapse;border-style: hidden;margin-left: auto;margin-right: auto\" border=\"1\" cellspacing=\"50\" cellpadding=\"20\">\n<caption>\u00a0<\/caption>\n<caption>\u00a0<\/caption>\n<tbody>\n<tr>\n<td style=\"width: 25%;text-align: center\"><img decoding=\"async\" class=\"aligncenter\" src=\"https:\/\/bazarsalg.dk\/wp-content\/uploads\/UV.png\" \/><\/td>\n<td style=\"width: 25%;text-align: center\"><img decoding=\"async\" src=\"https:\/\/bazarsalg.dk\/wp-content\/uploads\/ce.png\" \/><\/td>\n<td style=\"width: 25%;text-align: center\"><img decoding=\"async\" src=\"https:\/\/bazarsalg.dk\/wp-content\/uploads\/box.png\" \/><\/td>\n<\/tr>\n<tr>\n<td style=\"width: 25%;text-align: center\"><strong>The sunglasses have UV400 protection<\/strong><\/p>\n<p>Blocks 99 to 100 percent of all UVA and UVB rays and protects your eyes from the sun&#039;s rays.<\/td>\n<td style=\"width: 25%;text-align: center\"><strong>CE Approved <\/strong><\/p>\n<p>The sunglasses meet all legal requirements in the EU, which ensures that your sunglasses are tested and approved.<\/td>\n<td style=\"width: 25%;text-align: center\"><strong>Sent in a cardboard box so they don&#039;t break <\/strong><\/p>\n<p>We always pack sunglasses securely so that they arrive in good condition.<\/td>\n<\/tr>\n<\/tbody>\n<\/table>","protected":false},"excerpt":{"rendered":"<p><img loading=\"lazy\" decoding=\"async\" class=\"alignnone size-full wp-image-11257\" src=\"https:\/\/bazarsalg.dk\/wp-content\/uploads\/Earth-Friendly.png\" alt=\"\" width=\"113\" height=\"148\" \/><br \/>\nCE Approved<br \/>\nUV400 Protection<\/p>","protected":false},"featured_media":10690,"comment_status":"open","ping_status":"closed","template":"","meta":{"om_disable_all_campaigns":false,"_monsterinsights_skip_tracking":false,"_monsterinsights_sitenote_active":false,"_monsterinsights_sitenote_note":"","_monsterinsights_sitenote_category":0},"product_brand":[],"product_cat":[1026,1029,1030,1025],"product_tag":[777,870,1374,1373],"class_list":{"0":"post-10689","1":"product","2":"type-product","3":"status-publish","4":"has-post-thumbnail","6":"product_cat-dame-solbriller","7":"product_cat-herre-solbriller","8":"product_cat-aviator","9":"product_cat-billige-solbriller","10":"product_tag-dkny","11":"product_tag-p693","12":"product_tag-s2405","13":"product_tag-sunrise","15":"first","16":"outofstock","17":"shipping-taxable","18":"purchasable","19":"product-type-simple"},"yoast_head":"<!-- This site is optimized with the Yoast SEO plugin v27.2 - https:\/\/yoast.com\/product\/yoast-seo-wordpress\/ -->\n<title>\ud83c\udf43B\u00e6redygtige Yellow fade Aviator solbriller | Sunrise - Guld stel | K\u00f8b online her | LOCS<\/title>\n<meta name=\"description\" content=\"K\u00f8b \ud83c\udf43B\u00e6redygtige Yellow fade Aviator solbriller | Sunrise - Guld stel her | EU&#039;s st\u00f8rste udvalg af LOCS solbriller | Vi sender fra EU - Ingen ekstra import udgifter\" \/>\n<meta name=\"robots\" content=\"index, follow, max-snippet:-1, max-image-preview:large, max-video-preview:-1\" \/>\n<link rel=\"canonical\" href=\"https:\/\/locsshop.eu\/en\/shop\/baeredygtige-yellow-fade-aviator-solbriller-sunrise-guld-stel\/\" \/>\n<meta property=\"og:locale\" content=\"en_GB\" \/>\n<meta property=\"og:type\" content=\"article\" \/>\n<meta property=\"og:title\" content=\"\ud83c\udf43B\u00e6redygtige Yellow fade Aviator solbriller | Sunrise - Guld stel | K\u00f8b online her | LOCS\" \/>\n<meta property=\"og:description\" content=\"K\u00f8b \ud83c\udf43B\u00e6redygtige Yellow fade Aviator solbriller | Sunrise - Guld stel her | EU&#039;s st\u00f8rste udvalg af LOCS solbriller | Vi sender fra EU - Ingen ekstra import udgifter\" \/>\n<meta property=\"og:url\" content=\"https:\/\/locsshop.eu\/en\/shop\/baeredygtige-yellow-fade-aviator-solbriller-sunrise-guld-stel\/\" \/>\n<meta property=\"og:site_name\" content=\"Locs Sunglasses - LOCS Supplier in EU\" \/>\n<meta property=\"article:modified_time\" content=\"2025-11-10T02:51:39+00:00\" \/>\n<meta property=\"og:image\" content=\"https:\/\/locsshop.eu\/wp-content\/uploads\/2023\/06\/2405_b.jpg\" \/>\n\t<meta property=\"og:image:width\" content=\"800\" \/>\n\t<meta property=\"og:image:height\" content=\"800\" \/>\n\t<meta property=\"og:image:type\" content=\"image\/jpeg\" \/>\n<meta name=\"twitter:card\" content=\"summary_large_image\" \/>\n<meta name=\"twitter:label1\" content=\"Estimated reading time\" \/>\n\t<meta name=\"twitter:data1\" content=\"1 minute\" \/>\n<script type=\"application\/ld+json\" class=\"yoast-schema-graph\">{\"@context\":\"https:\/\/schema.org\",\"@graph\":[{\"@type\":\"WebPage\",\"@id\":\"https:\/\/locsshop.eu\/shop\/baeredygtige-yellow-fade-aviator-solbriller-sunrise-guld-stel\/\",\"url\":\"https:\/\/locsshop.eu\/shop\/baeredygtige-yellow-fade-aviator-solbriller-sunrise-guld-stel\/\",\"name\":\"\ud83c\udf43B\u00e6redygtige Yellow fade Aviator solbriller | Sunrise - Guld stel | K\u00f8b online her | LOCS\",\"isPartOf\":{\"@id\":\"https:\/\/locsshop.eu\/#website\"},\"primaryImageOfPage\":{\"@id\":\"https:\/\/locsshop.eu\/shop\/baeredygtige-yellow-fade-aviator-solbriller-sunrise-guld-stel\/#primaryimage\"},\"image\":{\"@id\":\"https:\/\/locsshop.eu\/shop\/baeredygtige-yellow-fade-aviator-solbriller-sunrise-guld-stel\/#primaryimage\"},\"thumbnailUrl\":\"https:\/\/locsshop.eu\/wp-content\/uploads\/2023\/06\/2405_b.jpg\",\"datePublished\":\"2023-06-21T13:15:22+00:00\",\"dateModified\":\"2025-11-10T02:51:39+00:00\",\"description\":\"K\u00f8b \ud83c\udf43B\u00e6redygtige Yellow fade Aviator solbriller | Sunrise - Guld stel her | EU's st\u00f8rste udvalg af LOCS solbriller | Vi sender fra EU - Ingen ekstra import udgifter\",\"breadcrumb\":{\"@id\":\"https:\/\/locsshop.eu\/shop\/baeredygtige-yellow-fade-aviator-solbriller-sunrise-guld-stel\/#breadcrumb\"},\"inLanguage\":\"en-GB\",\"potentialAction\":[{\"@type\":\"ReadAction\",\"target\":[\"https:\/\/locsshop.eu\/shop\/baeredygtige-yellow-fade-aviator-solbriller-sunrise-guld-stel\/\"]}]},{\"@type\":\"ImageObject\",\"inLanguage\":\"en-GB\",\"@id\":\"https:\/\/locsshop.eu\/shop\/baeredygtige-yellow-fade-aviator-solbriller-sunrise-guld-stel\/#primaryimage\",\"url\":\"https:\/\/locsshop.eu\/wp-content\/uploads\/2023\/06\/2405_b.jpg\",\"contentUrl\":\"https:\/\/locsshop.eu\/wp-content\/uploads\/2023\/06\/2405_b.jpg\",\"width\":800,\"height\":800},{\"@type\":\"BreadcrumbList\",\"@id\":\"https:\/\/locsshop.eu\/shop\/baeredygtige-yellow-fade-aviator-solbriller-sunrise-guld-stel\/#breadcrumb\",\"itemListElement\":[{\"@type\":\"ListItem\",\"position\":1,\"name\":\"Hjem\",\"item\":\"https:\/\/locsshop.eu\/\"},{\"@type\":\"ListItem\",\"position\":2,\"name\":\"Shop\",\"item\":\"https:\/\/locsshop.eu\/shop\/\"},{\"@type\":\"ListItem\",\"position\":3,\"name\":\"\ud83c\udf43B\u00e6redygtige Yellow fade Aviator solbriller | Sunrise &#8211; Guld stel\"}]},{\"@type\":\"WebSite\",\"@id\":\"https:\/\/locsshop.eu\/#website\",\"url\":\"https:\/\/locsshop.eu\/\",\"name\":\"Locs Sunglasses - LOCS Supplier in EU\",\"description\":\"We sell cheap LOCS Sunglasses\",\"publisher\":{\"@id\":\"https:\/\/locsshop.eu\/#organization\"},\"potentialAction\":[{\"@type\":\"SearchAction\",\"target\":{\"@type\":\"EntryPoint\",\"urlTemplate\":\"https:\/\/locsshop.eu\/?s={search_term_string}\"},\"query-input\":{\"@type\":\"PropertyValueSpecification\",\"valueRequired\":true,\"valueName\":\"search_term_string\"}}],\"inLanguage\":\"en-GB\"},{\"@type\":\"Organization\",\"@id\":\"https:\/\/locsshop.eu\/#organization\",\"name\":\"Locsshop.eu\",\"url\":\"https:\/\/locsshop.eu\/\",\"logo\":{\"@type\":\"ImageObject\",\"inLanguage\":\"en-GB\",\"@id\":\"https:\/\/locsshop.eu\/#\/schema\/logo\/image\/\",\"url\":\"https:\/\/locsshop.eu\/wp-content\/uploads\/2022\/02\/Locsshop-logo.png\",\"contentUrl\":\"https:\/\/locsshop.eu\/wp-content\/uploads\/2022\/02\/Locsshop-logo.png\",\"width\":930,\"height\":200,\"caption\":\"Locsshop.eu\"},\"image\":{\"@id\":\"https:\/\/locsshop.eu\/#\/schema\/logo\/image\/\"}}]}<\/script>\n<!-- \/ Yoast SEO plugin. -->","yoast_head_json":{"title":"\ud83c\udf43Sustainable Yellow fade Aviator sunglasses | Sunrise - Gold frame | Buy online here | LOCS","description":"Buy \ud83c\udf43Sustainable Yellow fade Aviator sunglasses | Sunrise - Gold frame here | The EU&#039;s largest selection of LOCS sunglasses | We ship from the EU - No extra import costs","robots":{"index":"index","follow":"follow","max-snippet":"max-snippet:-1","max-image-preview":"max-image-preview:large","max-video-preview":"max-video-preview:-1"},"canonical":"https:\/\/locsshop.eu\/en\/shop\/baeredygtige-yellow-fade-aviator-solbriller-sunrise-guld-stel\/","og_locale":"en_GB","og_type":"article","og_title":"\ud83c\udf43B\u00e6redygtige Yellow fade Aviator solbriller | Sunrise - Guld stel | K\u00f8b online her | LOCS","og_description":"K\u00f8b \ud83c\udf43B\u00e6redygtige Yellow fade Aviator solbriller | Sunrise - Guld stel her | EU's st\u00f8rste udvalg af LOCS solbriller | Vi sender fra EU - Ingen ekstra import udgifter","og_url":"https:\/\/locsshop.eu\/en\/shop\/baeredygtige-yellow-fade-aviator-solbriller-sunrise-guld-stel\/","og_site_name":"Locs Sunglasses - LOCS Supplier in EU","article_modified_time":"2025-11-10T02:51:39+00:00","og_image":[{"width":800,"height":800,"url":"https:\/\/locsshop.eu\/wp-content\/uploads\/2023\/06\/2405_b.jpg","type":"image\/jpeg"}],"twitter_card":"summary_large_image","twitter_misc":{"Estimated reading time":"1 minute"},"schema":{"@context":"https:\/\/schema.org","@graph":[{"@type":"WebPage","@id":"https:\/\/locsshop.eu\/shop\/baeredygtige-yellow-fade-aviator-solbriller-sunrise-guld-stel\/","url":"https:\/\/locsshop.eu\/shop\/baeredygtige-yellow-fade-aviator-solbriller-sunrise-guld-stel\/","name":"\ud83c\udf43Sustainable Yellow fade Aviator sunglasses | Sunrise - Gold frame | Buy online here | LOCS","isPartOf":{"@id":"https:\/\/locsshop.eu\/#website"},"primaryImageOfPage":{"@id":"https:\/\/locsshop.eu\/shop\/baeredygtige-yellow-fade-aviator-solbriller-sunrise-guld-stel\/#primaryimage"},"image":{"@id":"https:\/\/locsshop.eu\/shop\/baeredygtige-yellow-fade-aviator-solbriller-sunrise-guld-stel\/#primaryimage"},"thumbnailUrl":"https:\/\/locsshop.eu\/wp-content\/uploads\/2023\/06\/2405_b.jpg","datePublished":"2023-06-21T13:15:22+00:00","dateModified":"2025-11-10T02:51:39+00:00","description":"Buy \ud83c\udf43Sustainable Yellow fade Aviator sunglasses | Sunrise - Gold frame here | The EU&#039;s largest selection of LOCS sunglasses | We ship from the EU - No extra import costs","breadcrumb":{"@id":"https:\/\/locsshop.eu\/shop\/baeredygtige-yellow-fade-aviator-solbriller-sunrise-guld-stel\/#breadcrumb"},"inLanguage":"en-GB","potentialAction":[{"@type":"ReadAction","target":["https:\/\/locsshop.eu\/shop\/baeredygtige-yellow-fade-aviator-solbriller-sunrise-guld-stel\/"]}]},{"@type":"ImageObject","inLanguage":"en-GB","@id":"https:\/\/locsshop.eu\/shop\/baeredygtige-yellow-fade-aviator-solbriller-sunrise-guld-stel\/#primaryimage","url":"https:\/\/locsshop.eu\/wp-content\/uploads\/2023\/06\/2405_b.jpg","contentUrl":"https:\/\/locsshop.eu\/wp-content\/uploads\/2023\/06\/2405_b.jpg","width":800,"height":800},{"@type":"BreadcrumbList","@id":"https:\/\/locsshop.eu\/shop\/baeredygtige-yellow-fade-aviator-solbriller-sunrise-guld-stel\/#breadcrumb","itemListElement":[{"@type":"ListItem","position":1,"name":"Hjem","item":"https:\/\/locsshop.eu\/"},{"@type":"ListItem","position":2,"name":"Shop","item":"https:\/\/locsshop.eu\/shop\/"},{"@type":"ListItem","position":3,"name":"\ud83c\udf43B\u00e6redygtige Yellow fade Aviator solbriller | Sunrise &#8211; Guld stel"}]},{"@type":"WebSite","@id":"https:\/\/locsshop.eu\/#website","url":"https:\/\/locsshop.eu\/","name":"Locs Sunglasses - LOCS Supplier in EU","description":"We sell cheap LOCS Sunglasses","publisher":{"@id":"https:\/\/locsshop.eu\/#organization"},"potentialAction":[{"@type":"SearchAction","target":{"@type":"EntryPoint","urlTemplate":"https:\/\/locsshop.eu\/?s={search_term_string}"},"query-input":{"@type":"PropertyValueSpecification","valueRequired":true,"valueName":"search_term_string"}}],"inLanguage":"en-GB"},{"@type":"Organization","@id":"https:\/\/locsshop.eu\/#organization","name":"Locsshop.eu","url":"https:\/\/locsshop.eu\/","logo":{"@type":"ImageObject","inLanguage":"en-GB","@id":"https:\/\/locsshop.eu\/#\/schema\/logo\/image\/","url":"https:\/\/locsshop.eu\/wp-content\/uploads\/2022\/02\/Locsshop-logo.png","contentUrl":"https:\/\/locsshop.eu\/wp-content\/uploads\/2022\/02\/Locsshop-logo.png","width":930,"height":200,"caption":"Locsshop.eu"},"image":{"@id":"https:\/\/locsshop.eu\/#\/schema\/logo\/image\/"}}]}},"_links":{"self":[{"href":"https:\/\/locsshop.eu\/en\/wp-json\/wp\/v2\/product\/10689","targetHints":{"allow":["GET"]}}],"collection":[{"href":"https:\/\/locsshop.eu\/en\/wp-json\/wp\/v2\/product"}],"about":[{"href":"https:\/\/locsshop.eu\/en\/wp-json\/wp\/v2\/types\/product"}],"replies":[{"embeddable":true,"href":"https:\/\/locsshop.eu\/en\/wp-json\/wp\/v2\/comments?post=10689"}],"wp:featuredmedia":[{"embeddable":true,"href":"https:\/\/locsshop.eu\/en\/wp-json\/wp\/v2\/media\/10690"}],"wp:attachment":[{"href":"https:\/\/locsshop.eu\/en\/wp-json\/wp\/v2\/media?parent=10689"}],"wp:term":[{"taxonomy":"product_brand","embeddable":true,"href":"https:\/\/locsshop.eu\/en\/wp-json\/wp\/v2\/product_brand?post=10689"},{"taxonomy":"product_cat","embeddable":true,"href":"https:\/\/locsshop.eu\/en\/wp-json\/wp\/v2\/product_cat?post=10689"},{"taxonomy":"product_tag","embeddable":true,"href":"https:\/\/locsshop.eu\/en\/wp-json\/wp\/v2\/product_tag?post=10689"}],"curies":[{"name":"wp","href":"https:\/\/api.w.org\/{rel}","templated":true}]}}