{"id":10981,"date":"2023-07-06T22:00:51","date_gmt":"2023-07-06T20:00:51","guid":{"rendered":"https:\/\/locsshop.eu\/da\/shop\/x-loop-solbriller-maple-creek-groenne-glas\/"},"modified":"2025-01-30T11:01:56","modified_gmt":"2025-01-30T10:01:56","slug":"x-loop-solbriller-maple-creek-groenne-glas","status":"publish","type":"product","link":"https:\/\/locsshop.eu\/en\/shop\/x-loop-solbriller-maple-creek-groenne-glas\/","title":{"rendered":"X-Loop Sunglasses \u2013 Maple Creek | Green glasses"},"content":{"rendered":"<h2><strong>Sporty matte black sunglasses with camouflage temples<\/strong><\/h2>\n<h4>Super cool sunglasses with matte surface, metal X-Loop logos, and camouflage bars.<\/h4>\n<h4>The sunglasses have rubber grips at the nose and at the end of the poles, which make the sunglasses comfortable to wear and that they are optimized to stay where they need to be, even when you are active.<br \/>\nThe sunglasses with their camouflage are perfect for hunters and others who move a lot in nature.<br \/>\nThey are also just super cool if you really like sporty sunglasses and camouflage.<\/h4>\n<p>Fits both men and women. Buy them before they sell out.<\/p>\n<h4><\/h4>\n<h4><img loading=\"lazy\" decoding=\"async\" class=\"alignnone wp-image-12490 size-full\" src=\"https:\/\/bazarsalg.dk\/wp-content\/uploads\/xloop_wholesale_sunglasses_logo.gif\" alt=\"\" width=\"150\" height=\"80\" \/><\/h4>\n<p>&nbsp;<\/p>\n<table style=\"width: 100%;border-collapse: collapse;border-style: dashed\" border=\"1\">\n<tbody>\n<tr>\n<td style=\"width: 100%\">\n<h2 style=\"text-align: center\"><strong>The size of the sunglasses<\/strong><\/h2>\n<\/td>\n<\/tr>\n<\/tbody>\n<\/table>\n<table style=\"width: 100%;border-collapse: collapse;border-style: hidden;margin-left: auto;margin-right: auto\" border=\"1\" cellspacing=\"20\" cellpadding=\"20\">\n<tbody>\n<tr>\n<td style=\"width: 33.3333%;text-align: center\"><strong><img decoding=\"async\" src=\"https:\/\/bazarsalg.dk\/wp-content\/uploads\/bredde.png\" \/><\/strong><\/td>\n<td style=\"width: 33.3333%;text-align: center\"><strong>Width<\/strong><\/td>\n<td style=\"width: 33.3333%;text-align: center\"><strong>13.2 cm.<\/strong><\/td>\n<\/tr>\n<tr>\n<td style=\"width: 33.3333%;text-align: center\"><strong><img decoding=\"async\" src=\"https:\/\/bazarsalg.dk\/wp-content\/uploads\/hoejde.png\" \/><\/strong><\/td>\n<td style=\"width: 33.3333%;text-align: center\"><strong>Height<\/strong><\/td>\n<td style=\"width: 33.3333%;text-align: center\"><strong>4.4 cm.<\/strong><\/td>\n<\/tr>\n<tr>\n<td style=\"width: 33.3333%;text-align: center\"><strong><img decoding=\"async\" src=\"https:\/\/bazarsalg.dk\/wp-content\/uploads\/stang.png\" \/><\/strong><\/td>\n<td style=\"width: 33.3333%;text-align: center\"><strong>Lens length<\/strong><\/td>\n<td style=\"width: 33.3333%;text-align: center\"><strong>14 cm.<\/strong><\/td>\n<\/tr>\n<tr>\n<td style=\"width: 33.3333%;text-align: center\"><strong><img decoding=\"async\" src=\"https:\/\/bazarsalg.dk\/wp-content\/uploads\/glas-bredde.png\" \/><\/strong><\/td>\n<td style=\"width: 33.3333%;text-align: center\"><strong>Glass Width<\/strong><\/td>\n<td style=\"width: 33.3333%;text-align: center\"><strong>6.7 cm.<\/strong><\/td>\n<\/tr>\n<tr>\n<td style=\"width: 33.3333%;text-align: center\"><strong><img decoding=\"async\" src=\"https:\/\/bazarsalg.dk\/wp-content\/uploads\/bredde-naese.png\" \/><\/strong><\/td>\n<td style=\"width: 33.3333%;text-align: center\"><strong>Space between glass<\/strong><\/td>\n<td style=\"width: 33.3333%;text-align: center\"><strong>1.8 cm.<\/strong><\/td>\n<\/tr>\n<\/tbody>\n<\/table>\n<p>&nbsp;<\/p>\n<h4><em>About X-Loop<\/em><\/h4>\n<p>X-Loop sunglasses are an exclusive brand of sports sunglasses. All X-Loop sunglasses are made of the highest quality plastics and metals. Many models of X Loop designrt sunglasses have wraparound frames and rubber, anti-slip nosepieces. X-Loop sunglasses are a popular choice for those who want both style and function. They provide a sleek and modern look, while providing maximum protection against harmful UV rays.<br \/>\nX-Loop sunglasses are perfect for outdoor activities such as fishing, skiing or sailing. The frame of the X-Loop sunglasses is made of light and durable materials that ensure long-term use and comfort. With different colors and designs, there is an X-Loop style to suit every personality and every need.<\/p>\n<table style=\"width: 100%;border-collapse: collapse;border-style: hidden;margin-left: auto;margin-right: auto\" border=\"1\" cellspacing=\"50\" cellpadding=\"20\">\n<caption>\u00a0<\/caption>\n<caption>\u00a0<\/caption>\n<tbody>\n<tr>\n<td style=\"width: 25%;text-align: center\"><img decoding=\"async\" class=\"aligncenter\" src=\"https:\/\/bazarsalg.dk\/wp-content\/uploads\/UV.png\" \/><\/td>\n<td style=\"width: 25%;text-align: center\"><img decoding=\"async\" src=\"https:\/\/bazarsalg.dk\/wp-content\/uploads\/ce.png\" \/><\/td>\n<td style=\"width: 25%;text-align: center\"><img decoding=\"async\" src=\"https:\/\/bazarsalg.dk\/wp-content\/uploads\/box.png\" \/><\/td>\n<\/tr>\n<tr>\n<td style=\"width: 25%;text-align: center\"><strong>The sunglasses have UV400 protection<\/strong><\/p>\n<p>Blocks 99 to 100 percent of all UVA and UVB rays and protects your eyes from the sun&#039;s rays.<\/td>\n<td style=\"width: 25%;text-align: center\"><strong>CE Approved <\/strong><\/p>\n<p>The sunglasses meet all legal requirements in the EU, which ensures that your sunglasses are tested and approved.<\/td>\n<td style=\"width: 25%;text-align: center\"><strong>Sent in a cardboard box so they don&#039;t break <\/strong><\/p>\n<p>We always pack sunglasses securely so that they arrive in good condition.<\/td>\n<\/tr>\n<\/tbody>\n<\/table>","protected":false},"excerpt":{"rendered":"<p><strong>X-LOOP \u2013 8X2575<\/strong><br \/>\n<img loading=\"lazy\" decoding=\"async\" class=\"alignnone size-full wp-image-12490\" src=\"https:\/\/bazarsalg.dk\/wp-content\/uploads\/xloop_wholesale_sunglasses_logo.gif\" alt=\"\" width=\"150\" height=\"80\" \/><br \/>\nUV400<br \/>\nCE Approved<\/p>","protected":false},"featured_media":10982,"comment_status":"open","ping_status":"closed","template":"","meta":{"om_disable_all_campaigns":false,"_monsterinsights_skip_tracking":false,"_monsterinsights_sitenote_active":false,"_monsterinsights_sitenote_note":"","_monsterinsights_sitenote_category":0},"product_brand":[],"product_cat":[1026,1029,1025,1046,1546,1049,1401],"product_tag":[1399,870,917,1400],"class_list":{"0":"post-10981","1":"product","2":"type-product","3":"status-publish","4":"has-post-thumbnail","6":"product_cat-dame-solbriller","7":"product_cat-herre-solbriller","8":"product_cat-billige-solbriller","9":"product_cat-cykelbriller","10":"product_cat-hurtigbriller","11":"product_cat-premium-solbriller","12":"product_cat-xloop","13":"product_tag-8x2575","14":"product_tag-p693","15":"product_tag-stel","16":"product_tag-x-loop","18":"first","19":"instock","20":"shipping-taxable","21":"purchasable","22":"product-type-simple"},"yoast_head":"<!-- This site is optimized with the Yoast SEO plugin v27.5 - https:\/\/yoast.com\/product\/yoast-seo-wordpress\/ -->\n<title>X-Loop Solbriller - Maple Creek | Gr\u00f8nne glas | K\u00f8b online her | LOCS<\/title>\n<meta name=\"description\" content=\"K\u00f8b X-Loop Solbriller - Maple Creek | Gr\u00f8nne glas her | EU&#039;s st\u00f8rste udvalg af LOCS solbriller | Vi sender fra EU - Ingen ekstra import udgifter\" \/>\n<meta name=\"robots\" content=\"index, follow, max-snippet:-1, max-image-preview:large, max-video-preview:-1\" \/>\n<link rel=\"canonical\" href=\"https:\/\/locsshop.eu\/en\/shop\/x-loop-solbriller-maple-creek-groenne-glas\/\" \/>\n<meta property=\"og:locale\" content=\"en_GB\" \/>\n<meta property=\"og:type\" content=\"article\" \/>\n<meta property=\"og:title\" content=\"X-Loop Solbriller - Maple Creek | Gr\u00f8nne glas | K\u00f8b online her | LOCS\" \/>\n<meta property=\"og:description\" content=\"K\u00f8b X-Loop Solbriller - Maple Creek | Gr\u00f8nne glas her | EU&#039;s st\u00f8rste udvalg af LOCS solbriller | Vi sender fra EU - Ingen ekstra import udgifter\" \/>\n<meta property=\"og:url\" content=\"https:\/\/locsshop.eu\/en\/shop\/x-loop-solbriller-maple-creek-groenne-glas\/\" \/>\n<meta property=\"og:site_name\" content=\"Locs Sunglasses - LOCS Supplier in EU\" \/>\n<meta property=\"article:modified_time\" content=\"2025-01-30T10:01:56+00:00\" \/>\n<meta property=\"og:image\" content=\"https:\/\/locsshop.eu\/wp-content\/uploads\/2023\/07\/8X25754.jpg\" \/>\n\t<meta property=\"og:image:width\" content=\"800\" \/>\n\t<meta property=\"og:image:height\" content=\"800\" \/>\n\t<meta property=\"og:image:type\" content=\"image\/jpeg\" \/>\n<meta name=\"twitter:card\" content=\"summary_large_image\" \/>\n<meta name=\"twitter:label1\" content=\"Estimated reading time\" \/>\n\t<meta name=\"twitter:data1\" content=\"2 minutes\" \/>\n<script type=\"application\/ld+json\" class=\"yoast-schema-graph\">{\"@context\":\"https:\\\/\\\/schema.org\",\"@graph\":[{\"@type\":\"WebPage\",\"@id\":\"https:\\\/\\\/locsshop.eu\\\/shop\\\/x-loop-solbriller-maple-creek-groenne-glas\\\/\",\"url\":\"https:\\\/\\\/locsshop.eu\\\/shop\\\/x-loop-solbriller-maple-creek-groenne-glas\\\/\",\"name\":\"X-Loop Solbriller - Maple Creek | Gr\u00f8nne glas | K\u00f8b online her | LOCS\",\"isPartOf\":{\"@id\":\"https:\\\/\\\/locsshop.eu\\\/#website\"},\"primaryImageOfPage\":{\"@id\":\"https:\\\/\\\/locsshop.eu\\\/shop\\\/x-loop-solbriller-maple-creek-groenne-glas\\\/#primaryimage\"},\"image\":{\"@id\":\"https:\\\/\\\/locsshop.eu\\\/shop\\\/x-loop-solbriller-maple-creek-groenne-glas\\\/#primaryimage\"},\"thumbnailUrl\":\"https:\\\/\\\/locsshop.eu\\\/wp-content\\\/uploads\\\/2023\\\/07\\\/8X25754.jpg\",\"datePublished\":\"2023-07-06T20:00:51+00:00\",\"dateModified\":\"2025-01-30T10:01:56+00:00\",\"description\":\"K\u00f8b X-Loop Solbriller - Maple Creek | Gr\u00f8nne glas her | EU's st\u00f8rste udvalg af LOCS solbriller | Vi sender fra EU - Ingen ekstra import udgifter\",\"breadcrumb\":{\"@id\":\"https:\\\/\\\/locsshop.eu\\\/shop\\\/x-loop-solbriller-maple-creek-groenne-glas\\\/#breadcrumb\"},\"inLanguage\":\"en-GB\",\"potentialAction\":[{\"@type\":\"ReadAction\",\"target\":[\"https:\\\/\\\/locsshop.eu\\\/shop\\\/x-loop-solbriller-maple-creek-groenne-glas\\\/\"]}]},{\"@type\":\"ImageObject\",\"inLanguage\":\"en-GB\",\"@id\":\"https:\\\/\\\/locsshop.eu\\\/shop\\\/x-loop-solbriller-maple-creek-groenne-glas\\\/#primaryimage\",\"url\":\"https:\\\/\\\/locsshop.eu\\\/wp-content\\\/uploads\\\/2023\\\/07\\\/8X25754.jpg\",\"contentUrl\":\"https:\\\/\\\/locsshop.eu\\\/wp-content\\\/uploads\\\/2023\\\/07\\\/8X25754.jpg\",\"width\":800,\"height\":800},{\"@type\":\"BreadcrumbList\",\"@id\":\"https:\\\/\\\/locsshop.eu\\\/shop\\\/x-loop-solbriller-maple-creek-groenne-glas\\\/#breadcrumb\",\"itemListElement\":[{\"@type\":\"ListItem\",\"position\":1,\"name\":\"Hjem\",\"item\":\"https:\\\/\\\/locsshop.eu\\\/\"},{\"@type\":\"ListItem\",\"position\":2,\"name\":\"Shop\",\"item\":\"https:\\\/\\\/locsshop.eu\\\/shop\\\/\"},{\"@type\":\"ListItem\",\"position\":3,\"name\":\"X-Loop Solbriller &#8211; Maple Creek | Gr\u00f8nne glas\"}]},{\"@type\":\"WebSite\",\"@id\":\"https:\\\/\\\/locsshop.eu\\\/#website\",\"url\":\"https:\\\/\\\/locsshop.eu\\\/\",\"name\":\"Locs Sunglasses - LOCS Supplier in EU\",\"description\":\"We sell cheap LOCS Sunglasses\",\"publisher\":{\"@id\":\"https:\\\/\\\/locsshop.eu\\\/#organization\"},\"potentialAction\":[{\"@type\":\"SearchAction\",\"target\":{\"@type\":\"EntryPoint\",\"urlTemplate\":\"https:\\\/\\\/locsshop.eu\\\/?s={search_term_string}\"},\"query-input\":{\"@type\":\"PropertyValueSpecification\",\"valueRequired\":true,\"valueName\":\"search_term_string\"}}],\"inLanguage\":\"en-GB\"},{\"@type\":\"Organization\",\"@id\":\"https:\\\/\\\/locsshop.eu\\\/#organization\",\"name\":\"Locsshop.eu\",\"url\":\"https:\\\/\\\/locsshop.eu\\\/\",\"logo\":{\"@type\":\"ImageObject\",\"inLanguage\":\"en-GB\",\"@id\":\"https:\\\/\\\/locsshop.eu\\\/#\\\/schema\\\/logo\\\/image\\\/\",\"url\":\"https:\\\/\\\/locsshop.eu\\\/wp-content\\\/uploads\\\/2022\\\/02\\\/Locsshop-logo.png\",\"contentUrl\":\"https:\\\/\\\/locsshop.eu\\\/wp-content\\\/uploads\\\/2022\\\/02\\\/Locsshop-logo.png\",\"width\":930,\"height\":200,\"caption\":\"Locsshop.eu\"},\"image\":{\"@id\":\"https:\\\/\\\/locsshop.eu\\\/#\\\/schema\\\/logo\\\/image\\\/\"}}]}<\/script>\n<!-- \/ Yoast SEO plugin. -->","yoast_head_json":{"title":"X-Loop Sunglasses - Maple Creek | Green glasses | Buy online here | LOCS","description":"Buy X-Loop Sunglasses - Maple Creek | Green glasses here | The EU&#039;s largest selection of LOCS sunglasses | We ship from the EU - No extra import costs","robots":{"index":"index","follow":"follow","max-snippet":"max-snippet:-1","max-image-preview":"max-image-preview:large","max-video-preview":"max-video-preview:-1"},"canonical":"https:\/\/locsshop.eu\/en\/shop\/x-loop-solbriller-maple-creek-groenne-glas\/","og_locale":"en_GB","og_type":"article","og_title":"X-Loop Solbriller - Maple Creek | Gr\u00f8nne glas | K\u00f8b online her | LOCS","og_description":"K\u00f8b X-Loop Solbriller - Maple Creek | Gr\u00f8nne glas her | EU's st\u00f8rste udvalg af LOCS solbriller | Vi sender fra EU - Ingen ekstra import udgifter","og_url":"https:\/\/locsshop.eu\/en\/shop\/x-loop-solbriller-maple-creek-groenne-glas\/","og_site_name":"Locs Sunglasses - LOCS Supplier in EU","article_modified_time":"2025-01-30T10:01:56+00:00","og_image":[{"width":800,"height":800,"url":"https:\/\/locsshop.eu\/wp-content\/uploads\/2023\/07\/8X25754.jpg","type":"image\/jpeg"}],"twitter_card":"summary_large_image","twitter_misc":{"Estimated reading time":"2 minutes"},"schema":{"@context":"https:\/\/schema.org","@graph":[{"@type":"WebPage","@id":"https:\/\/locsshop.eu\/shop\/x-loop-solbriller-maple-creek-groenne-glas\/","url":"https:\/\/locsshop.eu\/shop\/x-loop-solbriller-maple-creek-groenne-glas\/","name":"X-Loop Sunglasses - Maple Creek | Green glasses | Buy online here | LOCS","isPartOf":{"@id":"https:\/\/locsshop.eu\/#website"},"primaryImageOfPage":{"@id":"https:\/\/locsshop.eu\/shop\/x-loop-solbriller-maple-creek-groenne-glas\/#primaryimage"},"image":{"@id":"https:\/\/locsshop.eu\/shop\/x-loop-solbriller-maple-creek-groenne-glas\/#primaryimage"},"thumbnailUrl":"https:\/\/locsshop.eu\/wp-content\/uploads\/2023\/07\/8X25754.jpg","datePublished":"2023-07-06T20:00:51+00:00","dateModified":"2025-01-30T10:01:56+00:00","description":"Buy X-Loop Sunglasses - Maple Creek | Green glasses here | The EU&#039;s largest selection of LOCS sunglasses | We ship from the EU - No extra import costs","breadcrumb":{"@id":"https:\/\/locsshop.eu\/shop\/x-loop-solbriller-maple-creek-groenne-glas\/#breadcrumb"},"inLanguage":"en-GB","potentialAction":[{"@type":"ReadAction","target":["https:\/\/locsshop.eu\/shop\/x-loop-solbriller-maple-creek-groenne-glas\/"]}]},{"@type":"ImageObject","inLanguage":"en-GB","@id":"https:\/\/locsshop.eu\/shop\/x-loop-solbriller-maple-creek-groenne-glas\/#primaryimage","url":"https:\/\/locsshop.eu\/wp-content\/uploads\/2023\/07\/8X25754.jpg","contentUrl":"https:\/\/locsshop.eu\/wp-content\/uploads\/2023\/07\/8X25754.jpg","width":800,"height":800},{"@type":"BreadcrumbList","@id":"https:\/\/locsshop.eu\/shop\/x-loop-solbriller-maple-creek-groenne-glas\/#breadcrumb","itemListElement":[{"@type":"ListItem","position":1,"name":"Hjem","item":"https:\/\/locsshop.eu\/"},{"@type":"ListItem","position":2,"name":"Shop","item":"https:\/\/locsshop.eu\/shop\/"},{"@type":"ListItem","position":3,"name":"X-Loop Solbriller &#8211; Maple Creek | Gr\u00f8nne glas"}]},{"@type":"WebSite","@id":"https:\/\/locsshop.eu\/#website","url":"https:\/\/locsshop.eu\/","name":"Locs Sunglasses - LOCS Supplier in EU","description":"We sell cheap LOCS Sunglasses","publisher":{"@id":"https:\/\/locsshop.eu\/#organization"},"potentialAction":[{"@type":"SearchAction","target":{"@type":"EntryPoint","urlTemplate":"https:\/\/locsshop.eu\/?s={search_term_string}"},"query-input":{"@type":"PropertyValueSpecification","valueRequired":true,"valueName":"search_term_string"}}],"inLanguage":"en-GB"},{"@type":"Organization","@id":"https:\/\/locsshop.eu\/#organization","name":"Locsshop.eu","url":"https:\/\/locsshop.eu\/","logo":{"@type":"ImageObject","inLanguage":"en-GB","@id":"https:\/\/locsshop.eu\/#\/schema\/logo\/image\/","url":"https:\/\/locsshop.eu\/wp-content\/uploads\/2022\/02\/Locsshop-logo.png","contentUrl":"https:\/\/locsshop.eu\/wp-content\/uploads\/2022\/02\/Locsshop-logo.png","width":930,"height":200,"caption":"Locsshop.eu"},"image":{"@id":"https:\/\/locsshop.eu\/#\/schema\/logo\/image\/"}}]}},"_links":{"self":[{"href":"https:\/\/locsshop.eu\/en\/wp-json\/wp\/v2\/product\/10981","targetHints":{"allow":["GET"]}}],"collection":[{"href":"https:\/\/locsshop.eu\/en\/wp-json\/wp\/v2\/product"}],"about":[{"href":"https:\/\/locsshop.eu\/en\/wp-json\/wp\/v2\/types\/product"}],"replies":[{"embeddable":true,"href":"https:\/\/locsshop.eu\/en\/wp-json\/wp\/v2\/comments?post=10981"}],"wp:featuredmedia":[{"embeddable":true,"href":"https:\/\/locsshop.eu\/en\/wp-json\/wp\/v2\/media\/10982"}],"wp:attachment":[{"href":"https:\/\/locsshop.eu\/en\/wp-json\/wp\/v2\/media?parent=10981"}],"wp:term":[{"taxonomy":"product_brand","embeddable":true,"href":"https:\/\/locsshop.eu\/en\/wp-json\/wp\/v2\/product_brand?post=10981"},{"taxonomy":"product_cat","embeddable":true,"href":"https:\/\/locsshop.eu\/en\/wp-json\/wp\/v2\/product_cat?post=10981"},{"taxonomy":"product_tag","embeddable":true,"href":"https:\/\/locsshop.eu\/en\/wp-json\/wp\/v2\/product_tag?post=10981"}],"curies":[{"name":"wp","href":"https:\/\/api.w.org\/{rel}","templated":true}]}}