{"id":12195,"date":"2024-03-03T13:51:29","date_gmt":"2024-03-03T12:51:29","guid":{"rendered":"https:\/\/locsshop.eu\/da\/shop\/smukke-bamse-oereringe-guldbelagt-rustfrit-staal\/"},"modified":"2025-04-29T07:27:57","modified_gmt":"2025-04-29T05:27:57","slug":"smukke-bamse-oereringe-guldbelagt-rustfrit-staal","status":"publish","type":"product","link":"https:\/\/locsshop.eu\/en\/shop\/smukke-bamse-oereringe-guldbelagt-rustfrit-staal\/","title":{"rendered":"Beautiful teddy bear earrings | Gold plated stainless steel"},"content":{"rendered":"<h1><strong>FASHIONABLE EARRINGS IN STAINLESS STEEL COATED WITH 14 CARAT GOLD<\/strong><\/h1>\n<p>They are perfect for both elegant and everyday styles<\/p>\n<p>A beautiful set for any occasion.<\/p>\n<h4><strong>Dimensions: 1.3 cm x 1.1.<\/p>\n<p><\/strong><\/h4>\n<p><strong>Surgical steel is resistant to weather conditions, does not corrode, does not rust, and does not stain.<\/strong><\/p>\n<p>Our finger rings are designed to be versatile, making them the ideal accessory for both everyday wear and special moments. They are made of durable materials that ensure long-lasting shine and quality. Whether worn alone or in combination with other jewelry, this ring adds a touch of elegance to any outfit.<\/p>\n<p>Highlight your individuality and create a timeless style with these beautiful earrings, which are not only a piece of jewelry, but also an expression of your personal elegance<\/p>\n<p><strong>Our Jewelry<\/strong><\/p>\n<p><em>Welcome to our exclusive jewelry universe, where beauty meets purpose. Our jewelery selection is a treasure trove of unique and enchanting jewellery, created with passion and expertise. With a wide range of handcrafted jewellery, we offer an experience that combines aesthetics and quality in a unique way.<\/em><\/p>\n<p><em>Our collections are carefully selected to offer something for every taste and occasion. From timeless classics to trendy and contemporary designs, our jewelery selection reflects a beauty that endures through the changing trends of time. We understand that a piece of jewelery is not just an accessory, but a story of style, emotion and meaning.<\/em><\/p>\n<p><em>Our dedication to quality extends beyond the visual. We focus on high standard craftsmanship and materials, ensuring that each piece of jewelery is an investment in both beauty and durability.<\/em><\/p>\n<p><em>Explore our jewelry and immerse yourself in a world of elegance, where each item is carefully selected to add shine and beauty to your personal style<\/em><\/p>\n<p>&nbsp;<\/p>\n<p>&nbsp;<\/p>\n<p><strong>\u00a0<\/strong><\/p>\n<table style=\"width: 100%;border-collapse: collapse;border-style: hidden;margin-left: auto;margin-right: auto\" border=\"1\" cellspacing=\"50\" cellpadding=\"20\">\n<caption>\u00a0<\/caption>\n<caption>\u00a0<\/caption>\n<tbody>\n<tr>\n<td style=\"width: 25%;text-align: center\"><img loading=\"lazy\" decoding=\"async\" class=\"alignnone size-full wp-image-13135\" src=\"https:\/\/bazarsalg.dk\/wp-content\/uploads\/gave-80x80-1.png\" alt=\"\" width=\"80\" height=\"80\" \/><\/td>\n<td style=\"width: 25%;text-align: center\"><img decoding=\"async\" src=\"https:\/\/bazarsalg.dk\/wp-content\/uploads\/ce.png\" \/><\/td>\n<td style=\"width: 25%;text-align: center\"><img decoding=\"async\" src=\"https:\/\/bazarsalg.dk\/wp-content\/uploads\/box.png\" \/><\/td>\n<\/tr>\n<tr>\n<td style=\"width: 25%;text-align: center\"><strong><span style=\"color: #333333\">Supplied in a jewelery box or jewelery bag<\/span><\/strong><\/p>\n<p><span style=\"color: #333333\">When you buy jewelery from us, they are ready to be given to someone you care about, our jewelery is delivered in a nice jewelery bag or jewelery box.<\/span><\/td>\n<td style=\"width: 25%;text-align: center\"><strong><span style=\"color: #333333\">CE Approved <\/span><\/strong><\/p>\n<p><span style=\"color: #333333\">Our jewelery meets all legal requirements in the EU, which ensures that your jewelery is tested and approved.<\/span><\/td>\n<td style=\"width: 25%;text-align: center\"><strong><span style=\"color: #333333\">Sent in a cardboard box so that your jewelery does not break <\/span><\/strong><\/p>\n<p><span style=\"color: #333333\">We always pack your order securely so that it arrives safely.<\/span><\/td>\n<\/tr>\n<\/tbody>\n<\/table>","protected":false},"excerpt":{"rendered":"<p><strong>Beautiful teddy bear earrings | Gold plated stainless steel<\/strong><\/p>","protected":false},"featured_media":12193,"comment_status":"open","ping_status":"closed","template":"","meta":{"om_disable_all_campaigns":false,"_monsterinsights_skip_tracking":false,"_monsterinsights_sitenote_active":false,"_monsterinsights_sitenote_note":"","_monsterinsights_sitenote_category":0},"product_brand":[],"product_cat":[1530,1497],"product_tag":[652,654],"class_list":{"0":"post-12195","1":"product","2":"type-product","3":"status-publish","4":"has-post-thumbnail","6":"product_cat-oereringe","7":"product_cat-smykker","8":"product_tag-oereringe","9":"product_tag-smykker","11":"first","12":"instock","13":"sale","14":"shipping-taxable","15":"purchasable","16":"product-type-simple"},"yoast_head":"<!-- This site is optimized with the Yoast SEO plugin v27.2 - https:\/\/yoast.com\/product\/yoast-seo-wordpress\/ -->\n<title>Smukke bamse \u00f8reringe | Guldbelagt rustfrit st\u00e5l | K\u00f8b online her | LOCS<\/title>\n<meta name=\"description\" content=\"K\u00f8b Smukke bamse \u00f8reringe | Guldbelagt rustfrit st\u00e5l her | EU&#039;s st\u00f8rste udvalg af LOCS solbriller | Vi sender fra EU - Ingen ekstra import udgifter\" \/>\n<meta name=\"robots\" content=\"index, follow, max-snippet:-1, max-image-preview:large, max-video-preview:-1\" \/>\n<link rel=\"canonical\" href=\"https:\/\/locsshop.eu\/en\/shop\/smukke-bamse-oereringe-guldbelagt-rustfrit-staal\/\" \/>\n<meta property=\"og:locale\" content=\"en_GB\" \/>\n<meta property=\"og:type\" content=\"article\" \/>\n<meta property=\"og:title\" content=\"Smukke bamse \u00f8reringe | Guldbelagt rustfrit st\u00e5l | K\u00f8b online her | LOCS\" \/>\n<meta property=\"og:description\" content=\"K\u00f8b Smukke bamse \u00f8reringe | Guldbelagt rustfrit st\u00e5l her | EU&#039;s st\u00f8rste udvalg af LOCS solbriller | Vi sender fra EU - Ingen ekstra import udgifter\" \/>\n<meta property=\"og:url\" content=\"https:\/\/locsshop.eu\/en\/shop\/smukke-bamse-oereringe-guldbelagt-rustfrit-staal\/\" \/>\n<meta property=\"og:site_name\" content=\"Locs Sunglasses - LOCS Supplier in EU\" \/>\n<meta property=\"article:modified_time\" content=\"2025-04-29T05:27:57+00:00\" \/>\n<meta property=\"og:image\" content=\"https:\/\/locsshop.eu\/wp-content\/uploads\/2024\/03\/KST2945_2.jpg\" \/>\n\t<meta property=\"og:image:width\" content=\"800\" \/>\n\t<meta property=\"og:image:height\" content=\"800\" \/>\n\t<meta property=\"og:image:type\" content=\"image\/jpeg\" \/>\n<meta name=\"twitter:card\" content=\"summary_large_image\" \/>\n<meta name=\"twitter:label1\" content=\"Estimated reading time\" \/>\n\t<meta name=\"twitter:data1\" content=\"2 minutes\" \/>\n<script type=\"application\/ld+json\" class=\"yoast-schema-graph\">{\"@context\":\"https:\/\/schema.org\",\"@graph\":[{\"@type\":\"WebPage\",\"@id\":\"https:\/\/locsshop.eu\/shop\/smukke-bamse-oereringe-guldbelagt-rustfrit-staal\/\",\"url\":\"https:\/\/locsshop.eu\/shop\/smukke-bamse-oereringe-guldbelagt-rustfrit-staal\/\",\"name\":\"Smukke bamse \u00f8reringe | Guldbelagt rustfrit st\u00e5l | K\u00f8b online her | LOCS\",\"isPartOf\":{\"@id\":\"https:\/\/locsshop.eu\/#website\"},\"primaryImageOfPage\":{\"@id\":\"https:\/\/locsshop.eu\/shop\/smukke-bamse-oereringe-guldbelagt-rustfrit-staal\/#primaryimage\"},\"image\":{\"@id\":\"https:\/\/locsshop.eu\/shop\/smukke-bamse-oereringe-guldbelagt-rustfrit-staal\/#primaryimage\"},\"thumbnailUrl\":\"https:\/\/locsshop.eu\/wp-content\/uploads\/2024\/03\/KST2945_2.jpg\",\"datePublished\":\"2024-03-03T12:51:29+00:00\",\"dateModified\":\"2025-04-29T05:27:57+00:00\",\"description\":\"K\u00f8b Smukke bamse \u00f8reringe | Guldbelagt rustfrit st\u00e5l her | EU's st\u00f8rste udvalg af LOCS solbriller | Vi sender fra EU - Ingen ekstra import udgifter\",\"breadcrumb\":{\"@id\":\"https:\/\/locsshop.eu\/shop\/smukke-bamse-oereringe-guldbelagt-rustfrit-staal\/#breadcrumb\"},\"inLanguage\":\"en-GB\",\"potentialAction\":[{\"@type\":\"ReadAction\",\"target\":[\"https:\/\/locsshop.eu\/shop\/smukke-bamse-oereringe-guldbelagt-rustfrit-staal\/\"]}]},{\"@type\":\"ImageObject\",\"inLanguage\":\"en-GB\",\"@id\":\"https:\/\/locsshop.eu\/shop\/smukke-bamse-oereringe-guldbelagt-rustfrit-staal\/#primaryimage\",\"url\":\"https:\/\/locsshop.eu\/wp-content\/uploads\/2024\/03\/KST2945_2.jpg\",\"contentUrl\":\"https:\/\/locsshop.eu\/wp-content\/uploads\/2024\/03\/KST2945_2.jpg\",\"width\":800,\"height\":800},{\"@type\":\"BreadcrumbList\",\"@id\":\"https:\/\/locsshop.eu\/shop\/smukke-bamse-oereringe-guldbelagt-rustfrit-staal\/#breadcrumb\",\"itemListElement\":[{\"@type\":\"ListItem\",\"position\":1,\"name\":\"Hjem\",\"item\":\"https:\/\/locsshop.eu\/\"},{\"@type\":\"ListItem\",\"position\":2,\"name\":\"Shop\",\"item\":\"https:\/\/locsshop.eu\/shop\/\"},{\"@type\":\"ListItem\",\"position\":3,\"name\":\"Smukke bamse \u00f8reringe | Guldbelagt rustfrit st\u00e5l\"}]},{\"@type\":\"WebSite\",\"@id\":\"https:\/\/locsshop.eu\/#website\",\"url\":\"https:\/\/locsshop.eu\/\",\"name\":\"Locs Sunglasses - LOCS Supplier in EU\",\"description\":\"We sell cheap LOCS Sunglasses\",\"publisher\":{\"@id\":\"https:\/\/locsshop.eu\/#organization\"},\"potentialAction\":[{\"@type\":\"SearchAction\",\"target\":{\"@type\":\"EntryPoint\",\"urlTemplate\":\"https:\/\/locsshop.eu\/?s={search_term_string}\"},\"query-input\":{\"@type\":\"PropertyValueSpecification\",\"valueRequired\":true,\"valueName\":\"search_term_string\"}}],\"inLanguage\":\"en-GB\"},{\"@type\":\"Organization\",\"@id\":\"https:\/\/locsshop.eu\/#organization\",\"name\":\"Locsshop.eu\",\"url\":\"https:\/\/locsshop.eu\/\",\"logo\":{\"@type\":\"ImageObject\",\"inLanguage\":\"en-GB\",\"@id\":\"https:\/\/locsshop.eu\/#\/schema\/logo\/image\/\",\"url\":\"https:\/\/locsshop.eu\/wp-content\/uploads\/2022\/02\/Locsshop-logo.png\",\"contentUrl\":\"https:\/\/locsshop.eu\/wp-content\/uploads\/2022\/02\/Locsshop-logo.png\",\"width\":930,\"height\":200,\"caption\":\"Locsshop.eu\"},\"image\":{\"@id\":\"https:\/\/locsshop.eu\/#\/schema\/logo\/image\/\"}}]}<\/script>\n<!-- \/ Yoast SEO plugin. -->","yoast_head_json":{"title":"Beautiful teddy bear earrings | Gold plated stainless steel | Buy online here | LOCS","description":"Buy Beautiful star earrings | Gold plated stainless steel here | The EU&#039;s largest selection of LOCS sunglasses | We ship from the EU - No extra import costs","robots":{"index":"index","follow":"follow","max-snippet":"max-snippet:-1","max-image-preview":"max-image-preview:large","max-video-preview":"max-video-preview:-1"},"canonical":"https:\/\/locsshop.eu\/en\/shop\/smukke-bamse-oereringe-guldbelagt-rustfrit-staal\/","og_locale":"en_GB","og_type":"article","og_title":"Smukke bamse \u00f8reringe | Guldbelagt rustfrit st\u00e5l | K\u00f8b online her | LOCS","og_description":"K\u00f8b Smukke bamse \u00f8reringe | Guldbelagt rustfrit st\u00e5l her | EU's st\u00f8rste udvalg af LOCS solbriller | Vi sender fra EU - Ingen ekstra import udgifter","og_url":"https:\/\/locsshop.eu\/en\/shop\/smukke-bamse-oereringe-guldbelagt-rustfrit-staal\/","og_site_name":"Locs Sunglasses - LOCS Supplier in EU","article_modified_time":"2025-04-29T05:27:57+00:00","og_image":[{"width":800,"height":800,"url":"https:\/\/locsshop.eu\/wp-content\/uploads\/2024\/03\/KST2945_2.jpg","type":"image\/jpeg"}],"twitter_card":"summary_large_image","twitter_misc":{"Estimated reading time":"2 minutes"},"schema":{"@context":"https:\/\/schema.org","@graph":[{"@type":"WebPage","@id":"https:\/\/locsshop.eu\/shop\/smukke-bamse-oereringe-guldbelagt-rustfrit-staal\/","url":"https:\/\/locsshop.eu\/shop\/smukke-bamse-oereringe-guldbelagt-rustfrit-staal\/","name":"Beautiful teddy bear earrings | Gold plated stainless steel | Buy online here | LOCS","isPartOf":{"@id":"https:\/\/locsshop.eu\/#website"},"primaryImageOfPage":{"@id":"https:\/\/locsshop.eu\/shop\/smukke-bamse-oereringe-guldbelagt-rustfrit-staal\/#primaryimage"},"image":{"@id":"https:\/\/locsshop.eu\/shop\/smukke-bamse-oereringe-guldbelagt-rustfrit-staal\/#primaryimage"},"thumbnailUrl":"https:\/\/locsshop.eu\/wp-content\/uploads\/2024\/03\/KST2945_2.jpg","datePublished":"2024-03-03T12:51:29+00:00","dateModified":"2025-04-29T05:27:57+00:00","description":"Buy Beautiful star earrings | Gold plated stainless steel here | The EU&#039;s largest selection of LOCS sunglasses | We ship from the EU - No extra import costs","breadcrumb":{"@id":"https:\/\/locsshop.eu\/shop\/smukke-bamse-oereringe-guldbelagt-rustfrit-staal\/#breadcrumb"},"inLanguage":"en-GB","potentialAction":[{"@type":"ReadAction","target":["https:\/\/locsshop.eu\/shop\/smukke-bamse-oereringe-guldbelagt-rustfrit-staal\/"]}]},{"@type":"ImageObject","inLanguage":"en-GB","@id":"https:\/\/locsshop.eu\/shop\/smukke-bamse-oereringe-guldbelagt-rustfrit-staal\/#primaryimage","url":"https:\/\/locsshop.eu\/wp-content\/uploads\/2024\/03\/KST2945_2.jpg","contentUrl":"https:\/\/locsshop.eu\/wp-content\/uploads\/2024\/03\/KST2945_2.jpg","width":800,"height":800},{"@type":"BreadcrumbList","@id":"https:\/\/locsshop.eu\/shop\/smukke-bamse-oereringe-guldbelagt-rustfrit-staal\/#breadcrumb","itemListElement":[{"@type":"ListItem","position":1,"name":"Hjem","item":"https:\/\/locsshop.eu\/"},{"@type":"ListItem","position":2,"name":"Shop","item":"https:\/\/locsshop.eu\/shop\/"},{"@type":"ListItem","position":3,"name":"Smukke bamse \u00f8reringe | Guldbelagt rustfrit st\u00e5l"}]},{"@type":"WebSite","@id":"https:\/\/locsshop.eu\/#website","url":"https:\/\/locsshop.eu\/","name":"Locs Sunglasses - LOCS Supplier in EU","description":"We sell cheap LOCS Sunglasses","publisher":{"@id":"https:\/\/locsshop.eu\/#organization"},"potentialAction":[{"@type":"SearchAction","target":{"@type":"EntryPoint","urlTemplate":"https:\/\/locsshop.eu\/?s={search_term_string}"},"query-input":{"@type":"PropertyValueSpecification","valueRequired":true,"valueName":"search_term_string"}}],"inLanguage":"en-GB"},{"@type":"Organization","@id":"https:\/\/locsshop.eu\/#organization","name":"Locsshop.eu","url":"https:\/\/locsshop.eu\/","logo":{"@type":"ImageObject","inLanguage":"en-GB","@id":"https:\/\/locsshop.eu\/#\/schema\/logo\/image\/","url":"https:\/\/locsshop.eu\/wp-content\/uploads\/2022\/02\/Locsshop-logo.png","contentUrl":"https:\/\/locsshop.eu\/wp-content\/uploads\/2022\/02\/Locsshop-logo.png","width":930,"height":200,"caption":"Locsshop.eu"},"image":{"@id":"https:\/\/locsshop.eu\/#\/schema\/logo\/image\/"}}]}},"_links":{"self":[{"href":"https:\/\/locsshop.eu\/en\/wp-json\/wp\/v2\/product\/12195","targetHints":{"allow":["GET"]}}],"collection":[{"href":"https:\/\/locsshop.eu\/en\/wp-json\/wp\/v2\/product"}],"about":[{"href":"https:\/\/locsshop.eu\/en\/wp-json\/wp\/v2\/types\/product"}],"replies":[{"embeddable":true,"href":"https:\/\/locsshop.eu\/en\/wp-json\/wp\/v2\/comments?post=12195"}],"wp:featuredmedia":[{"embeddable":true,"href":"https:\/\/locsshop.eu\/en\/wp-json\/wp\/v2\/media\/12193"}],"wp:attachment":[{"href":"https:\/\/locsshop.eu\/en\/wp-json\/wp\/v2\/media?parent=12195"}],"wp:term":[{"taxonomy":"product_brand","embeddable":true,"href":"https:\/\/locsshop.eu\/en\/wp-json\/wp\/v2\/product_brand?post=12195"},{"taxonomy":"product_cat","embeddable":true,"href":"https:\/\/locsshop.eu\/en\/wp-json\/wp\/v2\/product_cat?post=12195"},{"taxonomy":"product_tag","embeddable":true,"href":"https:\/\/locsshop.eu\/en\/wp-json\/wp\/v2\/product_tag?post=12195"}],"curies":[{"name":"wp","href":"https:\/\/api.w.org\/{rel}","templated":true}]}}