{"id":12432,"date":"2024-03-23T14:26:25","date_gmt":"2024-03-23T13:26:25","guid":{"rendered":"https:\/\/locsshop.eu\/da\/shop\/firkantede-y2k-solbriller-med-moerke-fade-glas-og-guld-metal-stel-costa-brava\/"},"modified":"2025-02-12T09:15:58","modified_gmt":"2025-02-12T08:15:58","slug":"firkantede-y2k-solbriller-med-moerke-fade-glas-og-guld-metal-stel-costa-brava","status":"publish","type":"product","link":"https:\/\/locsshop.eu\/en\/shop\/firkantede-y2k-solbriller-med-moerke-fade-glas-og-guld-metal-stel-costa-brava\/","title":{"rendered":"Square Y2K Sunglasses with dark flat lenses and gold metal frame | Costa Brava"},"content":{"rendered":"<h3><strong>Be the biggest boss with these popular square Y2K sunglasses which are absolutely the highest fashion.<br \/>\nWith the beautiful gold frame and the beautiful details on the glasses and the frame, you will look like the coolest wherever you go.<br \/>\nSo hurry up to buy a pair before they sell out<\/strong><\/h3>\n<p>&nbsp;<\/p>\n<p><strong>Experience the Nostalgia with Y2K Sunglasses<\/strong><br \/>\nStep back into the iconic turn of the millennium with our Y2K sunglasses that fuse retro style with modern flair. These sunglasses pay homage to the futuristic design that defined the fashion era at the start of the 21st century.<\/p>\n<p><strong>Technological Avantgarde:<\/strong> With their unique design, these sunglasses embody millennial tech-inspired style. The sharp, futuristic aesthetic adds a touch of excitement to any outfit.<\/p>\n<p><strong>Protection and Style:<\/strong> In addition to their trendy look, Y2K sunglasses also offer optimal eye protection with their UV400 protective lenses that effectively shield from harmful sun rays while ensuring clarity and clarity of vision.<\/p>\n<p><strong>Universal Fit:<\/strong> Designed with comfort in mind, these sunglasses fit most face shapes and sizes. Their lightweight construction ensures they can be worn all day without discomfort.<\/p>\n<p><strong>Style Icon for Every Occasion:<\/strong> Whether for a festival, a city trip or as a statement accessory, Y2K sunglasses add a unique flair to any occasion and highlight your personal style with a touch of nostalgic cool.<\/p>\n<p><strong>Buy your Y2K sunglasses today and embrace the futuristic retro look that still has its place in today&#039;s fashion!<\/strong><\/p>\n<p>&nbsp;<\/p>\n<h4>Material: <strong>Metal and Polycarbonate<\/strong><\/h4>\n<h3>The sunglasses are super cool all year round and super trendy.<br \/>\nY2K Sunglasses \u2013 Vintage Sunglasses \u2013 Retro Sunglasses<\/h3>\n<p>&nbsp;<\/p>\n<p>&nbsp;<\/p>\n<table style=\"width: 100%;border-collapse: collapse;border-style: dashed\" border=\"1\">\n<tbody>\n<tr>\n<td style=\"width: 100%\">\n<h2 style=\"text-align: center\"><strong>The size of the sunglasses<\/strong><\/h2>\n<\/td>\n<\/tr>\n<\/tbody>\n<\/table>\n<table style=\"width: 100%;border-collapse: collapse;border-style: hidden;margin-left: auto;margin-right: auto\" border=\"1\" cellspacing=\"20\" cellpadding=\"20\">\n<tbody>\n<tr>\n<td style=\"width: 33.3333%;text-align: center\"><strong><img decoding=\"async\" src=\"https:\/\/bazarsalg.dk\/wp-content\/uploads\/bredde.png\" \/><\/strong><\/td>\n<td style=\"width: 33.3333%;text-align: center\"><strong>Width<\/strong><\/td>\n<td style=\"width: 33.3333%;text-align: center\"><strong>13.7 cm.<\/strong><\/td>\n<\/tr>\n<tr>\n<td style=\"width: 33.3333%;text-align: center\"><strong><img decoding=\"async\" src=\"https:\/\/bazarsalg.dk\/wp-content\/uploads\/hoejde.png\" \/><\/strong><\/td>\n<td style=\"width: 33.3333%;text-align: center\"><strong>Height<\/strong><\/td>\n<td style=\"width: 33.3333%;text-align: center\"><strong>3.8 cm.<\/strong><\/td>\n<\/tr>\n<tr>\n<td style=\"width: 33.3333%;text-align: center\"><strong><img decoding=\"async\" src=\"https:\/\/bazarsalg.dk\/wp-content\/uploads\/stang.png\" \/><\/strong><\/td>\n<td style=\"width: 33.3333%;text-align: center\"><strong>Lens length<\/strong><\/td>\n<td style=\"width: 33.3333%;text-align: center\"><strong>15.5 cm.<\/strong><\/td>\n<\/tr>\n<tr>\n<td style=\"width: 33.3333%;text-align: center\"><strong><img decoding=\"async\" src=\"https:\/\/bazarsalg.dk\/wp-content\/uploads\/glas-bredde.png\" \/><\/strong><\/td>\n<td style=\"width: 33.3333%;text-align: center\"><strong>Glass Width<\/strong><\/td>\n<td style=\"width: 33.3333%;text-align: center\"><strong>5.9 cm.<\/strong><\/td>\n<\/tr>\n<tr>\n<td style=\"width: 33.3333%;text-align: center\"><strong><img decoding=\"async\" src=\"https:\/\/bazarsalg.dk\/wp-content\/uploads\/bredde-naese.png\" \/><\/strong><\/td>\n<td style=\"width: 33.3333%;text-align: center\"><strong>Space between glass<\/strong><\/td>\n<td style=\"width: 33.3333%;text-align: center\"><strong>1.5 cm.<\/strong><\/td>\n<\/tr>\n<\/tbody>\n<\/table>\n<p>&nbsp;<\/p>\n<p><strong>\u00a0<\/strong><\/p>\n<table style=\"width: 100%;border-collapse: collapse;border-style: hidden;margin-left: auto;margin-right: auto\" border=\"1\" cellspacing=\"50\" cellpadding=\"20\">\n<caption>\u00a0<\/caption>\n<caption>\u00a0<\/caption>\n<tbody>\n<tr>\n<td style=\"width: 25%;text-align: center\"><img decoding=\"async\" class=\"aligncenter\" src=\"https:\/\/bazarsalg.dk\/wp-content\/uploads\/UV.png\" \/><\/td>\n<td style=\"width: 25%;text-align: center\"><img decoding=\"async\" src=\"https:\/\/bazarsalg.dk\/wp-content\/uploads\/ce.png\" \/><\/td>\n<td style=\"width: 25%;text-align: center\"><img decoding=\"async\" src=\"https:\/\/bazarsalg.dk\/wp-content\/uploads\/box.png\" \/><\/td>\n<\/tr>\n<tr>\n<td style=\"width: 25%;text-align: center\"><strong>The sunglasses have UV400 protection<\/strong><\/p>\n<p>Blocks 99 to 100 percent of all UVA and UVB rays and protects your eyes from the sun&#039;s rays.<\/td>\n<td style=\"width: 25%;text-align: center\"><strong>CE Approved <\/strong><\/p>\n<p>The sunglasses meet all legal requirements in the EU, which ensures that your sunglasses are tested and approved.<\/td>\n<td style=\"width: 25%;text-align: center\"><strong>Sent in a cardboard box so they don&#039;t break <\/strong><\/p>\n<p>We always pack sunglasses securely so that they arrive in good condition.<\/td>\n<\/tr>\n<\/tbody>\n<\/table>","protected":false},"excerpt":{"rendered":"<p><strong>Flat glass<\/strong><br \/>\n<strong>Gold colored metal frame<\/strong><br \/>\n<strong>For men and women<\/strong><\/p>\n<p><img loading=\"lazy\" decoding=\"async\" class=\"alignnone size-full wp-image-12899\" src=\"https:\/\/bazarsalg.dk\/wp-content\/uploads\/Y2K.jpg\" alt=\"\" width=\"200\" height=\"130\" \/><br \/>\nCE Approved<br \/>\nUV400 Protection<\/p>","protected":false},"featured_media":12427,"comment_status":"open","ping_status":"closed","template":"","meta":{"om_disable_all_campaigns":false,"_monsterinsights_skip_tracking":false,"_monsterinsights_sitenote_active":false,"_monsterinsights_sitenote_note":"","_monsterinsights_sitenote_category":0},"product_brand":[],"product_cat":[1026,1029,1025,1291,1292,1461],"product_tag":[870,1464],"class_list":{"0":"post-12432","1":"product","2":"type-product","3":"status-publish","4":"has-post-thumbnail","6":"product_cat-dame-solbriller","7":"product_cat-herre-solbriller","8":"product_cat-billige-solbriller","9":"product_cat-firkantede-dame-solbriller","10":"product_cat-firkantede-solbriller","11":"product_cat-y2k-retro-vintage-solbriller","12":"product_tag-p693","13":"product_tag-y2k","15":"first","16":"instock","17":"shipping-taxable","18":"purchasable","19":"product-type-simple"},"yoast_head":"<!-- This site is optimized with the Yoast SEO plugin v27.5 - https:\/\/yoast.com\/product\/yoast-seo-wordpress\/ -->\n<title>Firkantede Y2K Solbriller med m\u00f8rke fade glas og guld metal stel | Costa Brava | K\u00f8b online her | LOCS<\/title>\n<meta name=\"description\" content=\"K\u00f8b Firkantede Y2K Solbriller med m\u00f8rke fade glas og guld metal stel | Costa Brava her | EU&#039;s st\u00f8rste udvalg af LOCS solbriller | Vi sender fra EU - Ingen ekstra import udgifter\" \/>\n<meta name=\"robots\" content=\"index, follow, max-snippet:-1, max-image-preview:large, max-video-preview:-1\" \/>\n<link rel=\"canonical\" href=\"https:\/\/locsshop.eu\/en\/shop\/firkantede-y2k-solbriller-med-moerke-fade-glas-og-guld-metal-stel-costa-brava\/\" \/>\n<meta property=\"og:locale\" content=\"en_GB\" \/>\n<meta property=\"og:type\" content=\"article\" \/>\n<meta property=\"og:title\" content=\"Firkantede Y2K Solbriller med m\u00f8rke fade glas og guld metal stel | Costa Brava | K\u00f8b online her | LOCS\" \/>\n<meta property=\"og:description\" content=\"K\u00f8b Firkantede Y2K Solbriller med m\u00f8rke fade glas og guld metal stel | Costa Brava her | EU&#039;s st\u00f8rste udvalg af LOCS solbriller | Vi sender fra EU - Ingen ekstra import udgifter\" \/>\n<meta property=\"og:url\" content=\"https:\/\/locsshop.eu\/en\/shop\/firkantede-y2k-solbriller-med-moerke-fade-glas-og-guld-metal-stel-costa-brava\/\" \/>\n<meta property=\"og:site_name\" content=\"Locs Sunglasses - LOCS Supplier in EU\" \/>\n<meta property=\"article:modified_time\" content=\"2025-02-12T08:15:58+00:00\" \/>\n<meta property=\"og:image\" content=\"https:\/\/locsshop.eu\/wp-content\/uploads\/2024\/03\/2391_2.jpg\" \/>\n\t<meta property=\"og:image:width\" content=\"800\" \/>\n\t<meta property=\"og:image:height\" content=\"800\" \/>\n\t<meta property=\"og:image:type\" content=\"image\/jpeg\" \/>\n<meta name=\"twitter:card\" content=\"summary_large_image\" \/>\n<meta name=\"twitter:label1\" content=\"Estimated reading time\" \/>\n\t<meta name=\"twitter:data1\" content=\"2 minutes\" \/>\n<script type=\"application\/ld+json\" class=\"yoast-schema-graph\">{\"@context\":\"https:\\\/\\\/schema.org\",\"@graph\":[{\"@type\":\"WebPage\",\"@id\":\"https:\\\/\\\/locsshop.eu\\\/shop\\\/firkantede-y2k-solbriller-med-moerke-fade-glas-og-guld-metal-stel-costa-brava\\\/\",\"url\":\"https:\\\/\\\/locsshop.eu\\\/shop\\\/firkantede-y2k-solbriller-med-moerke-fade-glas-og-guld-metal-stel-costa-brava\\\/\",\"name\":\"Firkantede Y2K Solbriller med m\u00f8rke fade glas og guld metal stel | Costa Brava | K\u00f8b online her | LOCS\",\"isPartOf\":{\"@id\":\"https:\\\/\\\/locsshop.eu\\\/#website\"},\"primaryImageOfPage\":{\"@id\":\"https:\\\/\\\/locsshop.eu\\\/shop\\\/firkantede-y2k-solbriller-med-moerke-fade-glas-og-guld-metal-stel-costa-brava\\\/#primaryimage\"},\"image\":{\"@id\":\"https:\\\/\\\/locsshop.eu\\\/shop\\\/firkantede-y2k-solbriller-med-moerke-fade-glas-og-guld-metal-stel-costa-brava\\\/#primaryimage\"},\"thumbnailUrl\":\"https:\\\/\\\/locsshop.eu\\\/wp-content\\\/uploads\\\/2024\\\/03\\\/2391_2.jpg\",\"datePublished\":\"2024-03-23T13:26:25+00:00\",\"dateModified\":\"2025-02-12T08:15:58+00:00\",\"description\":\"K\u00f8b Firkantede Y2K Solbriller med m\u00f8rke fade glas og guld metal stel | Costa Brava her | EU's st\u00f8rste udvalg af LOCS solbriller | Vi sender fra EU - Ingen ekstra import udgifter\",\"breadcrumb\":{\"@id\":\"https:\\\/\\\/locsshop.eu\\\/shop\\\/firkantede-y2k-solbriller-med-moerke-fade-glas-og-guld-metal-stel-costa-brava\\\/#breadcrumb\"},\"inLanguage\":\"en-GB\",\"potentialAction\":[{\"@type\":\"ReadAction\",\"target\":[\"https:\\\/\\\/locsshop.eu\\\/shop\\\/firkantede-y2k-solbriller-med-moerke-fade-glas-og-guld-metal-stel-costa-brava\\\/\"]}]},{\"@type\":\"ImageObject\",\"inLanguage\":\"en-GB\",\"@id\":\"https:\\\/\\\/locsshop.eu\\\/shop\\\/firkantede-y2k-solbriller-med-moerke-fade-glas-og-guld-metal-stel-costa-brava\\\/#primaryimage\",\"url\":\"https:\\\/\\\/locsshop.eu\\\/wp-content\\\/uploads\\\/2024\\\/03\\\/2391_2.jpg\",\"contentUrl\":\"https:\\\/\\\/locsshop.eu\\\/wp-content\\\/uploads\\\/2024\\\/03\\\/2391_2.jpg\",\"width\":800,\"height\":800},{\"@type\":\"BreadcrumbList\",\"@id\":\"https:\\\/\\\/locsshop.eu\\\/shop\\\/firkantede-y2k-solbriller-med-moerke-fade-glas-og-guld-metal-stel-costa-brava\\\/#breadcrumb\",\"itemListElement\":[{\"@type\":\"ListItem\",\"position\":1,\"name\":\"Hjem\",\"item\":\"https:\\\/\\\/locsshop.eu\\\/\"},{\"@type\":\"ListItem\",\"position\":2,\"name\":\"Shop\",\"item\":\"https:\\\/\\\/locsshop.eu\\\/shop\\\/\"},{\"@type\":\"ListItem\",\"position\":3,\"name\":\"Firkantede Y2K Solbriller med m\u00f8rke fade glas og guld metal stel | Costa Brava\"}]},{\"@type\":\"WebSite\",\"@id\":\"https:\\\/\\\/locsshop.eu\\\/#website\",\"url\":\"https:\\\/\\\/locsshop.eu\\\/\",\"name\":\"Locs Sunglasses - LOCS Supplier in EU\",\"description\":\"We sell cheap LOCS Sunglasses\",\"publisher\":{\"@id\":\"https:\\\/\\\/locsshop.eu\\\/#organization\"},\"potentialAction\":[{\"@type\":\"SearchAction\",\"target\":{\"@type\":\"EntryPoint\",\"urlTemplate\":\"https:\\\/\\\/locsshop.eu\\\/?s={search_term_string}\"},\"query-input\":{\"@type\":\"PropertyValueSpecification\",\"valueRequired\":true,\"valueName\":\"search_term_string\"}}],\"inLanguage\":\"en-GB\"},{\"@type\":\"Organization\",\"@id\":\"https:\\\/\\\/locsshop.eu\\\/#organization\",\"name\":\"Locsshop.eu\",\"url\":\"https:\\\/\\\/locsshop.eu\\\/\",\"logo\":{\"@type\":\"ImageObject\",\"inLanguage\":\"en-GB\",\"@id\":\"https:\\\/\\\/locsshop.eu\\\/#\\\/schema\\\/logo\\\/image\\\/\",\"url\":\"https:\\\/\\\/locsshop.eu\\\/wp-content\\\/uploads\\\/2022\\\/02\\\/Locsshop-logo.png\",\"contentUrl\":\"https:\\\/\\\/locsshop.eu\\\/wp-content\\\/uploads\\\/2022\\\/02\\\/Locsshop-logo.png\",\"width\":930,\"height\":200,\"caption\":\"Locsshop.eu\"},\"image\":{\"@id\":\"https:\\\/\\\/locsshop.eu\\\/#\\\/schema\\\/logo\\\/image\\\/\"}}]}<\/script>\n<!-- \/ Yoast SEO plugin. -->","yoast_head_json":{"title":"Square Y2K Sunglasses with dark flat lenses and gold metal frame | Costa Brava | Buy online here | LOCS","description":"Buy Square Y2K Sunglasses with brown flat lenses and gold metal frame | Costa Brava here | The EU&#039;s largest selection of LOCS sunglasses | We ship from the EU - No extra import costs","robots":{"index":"index","follow":"follow","max-snippet":"max-snippet:-1","max-image-preview":"max-image-preview:large","max-video-preview":"max-video-preview:-1"},"canonical":"https:\/\/locsshop.eu\/en\/shop\/firkantede-y2k-solbriller-med-moerke-fade-glas-og-guld-metal-stel-costa-brava\/","og_locale":"en_GB","og_type":"article","og_title":"Firkantede Y2K Solbriller med m\u00f8rke fade glas og guld metal stel | Costa Brava | K\u00f8b online her | LOCS","og_description":"K\u00f8b Firkantede Y2K Solbriller med m\u00f8rke fade glas og guld metal stel | Costa Brava her | EU's st\u00f8rste udvalg af LOCS solbriller | Vi sender fra EU - Ingen ekstra import udgifter","og_url":"https:\/\/locsshop.eu\/en\/shop\/firkantede-y2k-solbriller-med-moerke-fade-glas-og-guld-metal-stel-costa-brava\/","og_site_name":"Locs Sunglasses - LOCS Supplier in EU","article_modified_time":"2025-02-12T08:15:58+00:00","og_image":[{"width":800,"height":800,"url":"https:\/\/locsshop.eu\/wp-content\/uploads\/2024\/03\/2391_2.jpg","type":"image\/jpeg"}],"twitter_card":"summary_large_image","twitter_misc":{"Estimated reading time":"2 minutes"},"schema":{"@context":"https:\/\/schema.org","@graph":[{"@type":"WebPage","@id":"https:\/\/locsshop.eu\/shop\/firkantede-y2k-solbriller-med-moerke-fade-glas-og-guld-metal-stel-costa-brava\/","url":"https:\/\/locsshop.eu\/shop\/firkantede-y2k-solbriller-med-moerke-fade-glas-og-guld-metal-stel-costa-brava\/","name":"Square Y2K Sunglasses with dark flat lenses and gold metal frame | Costa Brava | Buy online here | LOCS","isPartOf":{"@id":"https:\/\/locsshop.eu\/#website"},"primaryImageOfPage":{"@id":"https:\/\/locsshop.eu\/shop\/firkantede-y2k-solbriller-med-moerke-fade-glas-og-guld-metal-stel-costa-brava\/#primaryimage"},"image":{"@id":"https:\/\/locsshop.eu\/shop\/firkantede-y2k-solbriller-med-moerke-fade-glas-og-guld-metal-stel-costa-brava\/#primaryimage"},"thumbnailUrl":"https:\/\/locsshop.eu\/wp-content\/uploads\/2024\/03\/2391_2.jpg","datePublished":"2024-03-23T13:26:25+00:00","dateModified":"2025-02-12T08:15:58+00:00","description":"Buy Square Y2K Sunglasses with brown flat lenses and gold metal frame | Costa Brava here | The EU&#039;s largest selection of LOCS sunglasses | We ship from the EU - No extra import costs","breadcrumb":{"@id":"https:\/\/locsshop.eu\/shop\/firkantede-y2k-solbriller-med-moerke-fade-glas-og-guld-metal-stel-costa-brava\/#breadcrumb"},"inLanguage":"en-GB","potentialAction":[{"@type":"ReadAction","target":["https:\/\/locsshop.eu\/shop\/firkantede-y2k-solbriller-med-moerke-fade-glas-og-guld-metal-stel-costa-brava\/"]}]},{"@type":"ImageObject","inLanguage":"en-GB","@id":"https:\/\/locsshop.eu\/shop\/firkantede-y2k-solbriller-med-moerke-fade-glas-og-guld-metal-stel-costa-brava\/#primaryimage","url":"https:\/\/locsshop.eu\/wp-content\/uploads\/2024\/03\/2391_2.jpg","contentUrl":"https:\/\/locsshop.eu\/wp-content\/uploads\/2024\/03\/2391_2.jpg","width":800,"height":800},{"@type":"BreadcrumbList","@id":"https:\/\/locsshop.eu\/shop\/firkantede-y2k-solbriller-med-moerke-fade-glas-og-guld-metal-stel-costa-brava\/#breadcrumb","itemListElement":[{"@type":"ListItem","position":1,"name":"Hjem","item":"https:\/\/locsshop.eu\/"},{"@type":"ListItem","position":2,"name":"Shop","item":"https:\/\/locsshop.eu\/shop\/"},{"@type":"ListItem","position":3,"name":"Firkantede Y2K Solbriller med m\u00f8rke fade glas og guld metal stel | Costa Brava"}]},{"@type":"WebSite","@id":"https:\/\/locsshop.eu\/#website","url":"https:\/\/locsshop.eu\/","name":"Locs Sunglasses - LOCS Supplier in EU","description":"We sell cheap LOCS Sunglasses","publisher":{"@id":"https:\/\/locsshop.eu\/#organization"},"potentialAction":[{"@type":"SearchAction","target":{"@type":"EntryPoint","urlTemplate":"https:\/\/locsshop.eu\/?s={search_term_string}"},"query-input":{"@type":"PropertyValueSpecification","valueRequired":true,"valueName":"search_term_string"}}],"inLanguage":"en-GB"},{"@type":"Organization","@id":"https:\/\/locsshop.eu\/#organization","name":"Locsshop.eu","url":"https:\/\/locsshop.eu\/","logo":{"@type":"ImageObject","inLanguage":"en-GB","@id":"https:\/\/locsshop.eu\/#\/schema\/logo\/image\/","url":"https:\/\/locsshop.eu\/wp-content\/uploads\/2022\/02\/Locsshop-logo.png","contentUrl":"https:\/\/locsshop.eu\/wp-content\/uploads\/2022\/02\/Locsshop-logo.png","width":930,"height":200,"caption":"Locsshop.eu"},"image":{"@id":"https:\/\/locsshop.eu\/#\/schema\/logo\/image\/"}}]}},"_links":{"self":[{"href":"https:\/\/locsshop.eu\/en\/wp-json\/wp\/v2\/product\/12432","targetHints":{"allow":["GET"]}}],"collection":[{"href":"https:\/\/locsshop.eu\/en\/wp-json\/wp\/v2\/product"}],"about":[{"href":"https:\/\/locsshop.eu\/en\/wp-json\/wp\/v2\/types\/product"}],"replies":[{"embeddable":true,"href":"https:\/\/locsshop.eu\/en\/wp-json\/wp\/v2\/comments?post=12432"}],"wp:featuredmedia":[{"embeddable":true,"href":"https:\/\/locsshop.eu\/en\/wp-json\/wp\/v2\/media\/12427"}],"wp:attachment":[{"href":"https:\/\/locsshop.eu\/en\/wp-json\/wp\/v2\/media?parent=12432"}],"wp:term":[{"taxonomy":"product_brand","embeddable":true,"href":"https:\/\/locsshop.eu\/en\/wp-json\/wp\/v2\/product_brand?post=12432"},{"taxonomy":"product_cat","embeddable":true,"href":"https:\/\/locsshop.eu\/en\/wp-json\/wp\/v2\/product_cat?post=12432"},{"taxonomy":"product_tag","embeddable":true,"href":"https:\/\/locsshop.eu\/en\/wp-json\/wp\/v2\/product_tag?post=12432"}],"curies":[{"name":"wp","href":"https:\/\/api.w.org\/{rel}","templated":true}]}}