{"id":12989,"date":"2024-05-25T15:11:19","date_gmt":"2024-05-25T13:11:19","guid":{"rendered":"https:\/\/locsshop.eu\/shop\/hvide-sportssolbriller-hurtigbriller-med-sorte-prikker-og-blaagroent-spejlglas-forli\/"},"modified":"2025-08-02T21:44:02","modified_gmt":"2025-08-02T19:44:02","slug":"hvide-sportssolbriller-hurtigbriller-med-sorte-prikker-og-blaagroent-spejlglas-forli","status":"publish","type":"product","link":"https:\/\/locsshop.eu\/en\/shop\/hvide-sportssolbriller-hurtigbriller-med-sorte-prikker-og-blaagroent-spejlglas-forli\/","title":{"rendered":"White sports sunglasses \/ speed glasses with black dots and blue mirror glass | Forl\u00ec"},"content":{"rendered":"<h2><strong>Super cool sports sunglasses AKA. speed glasses in a mega cool design.<br \/>\nAbsolutely the highest fashion and the right sunglasses for the moment.<\/strong><\/h2>\n<p>&nbsp;<\/p>\n<p><strong>Optimum Performance With Our Sports Sunglasses - Perfect Vision, Wherever You Go!<\/strong><br \/>\nGet ready to take your performance to new heights with our top quality Sports Sunglasses. Whether you&#039;re a professional athlete, an avid exerciser or just love outdoor activities, our sunglasses are designed to deliver the ultimate combination of style, protection and performance.<\/p>\n<p><strong>Why Our Sports Sunglasses Stand Out:<\/strong><\/p>\n<ol>\n<li><strong>Advanced Protection:<\/strong> Protect your eyes from harmful UV rays, wind, dust and insects with our advanced sports sunglasses. We prioritize the safety and health of your eyes, so you can focus undisturbed on your performance.<\/li>\n<li><strong>Durable Construction:<\/strong> We understand the importance of durability when it comes to sports equipment. Our sunglasses are constructed with durable materials and a lightweight design that gives you comfort and reliability all day long.<\/li>\n<li><strong>Stylish Design:<\/strong> In addition to delivering top performance, our sports sunglasses are also designed to be stylish and modern. Regardless of your style and preference, we have sunglasses that match your personality and give you a sharp look during training or in your free time.<\/li>\n<\/ol>\n<p><strong>Why Choose Our Sports Sunglasses?<\/strong><\/p>\n<ul>\n<li><strong>Improved Vision:<\/strong> Optimize your performance with sharp vision and reduced glare.<\/li>\n<li><strong>Protection:<\/strong> Safety first \u2013 protect your eyes from the sun&#039;s harmful rays and external elements.<\/li>\n<li><strong>Comfort:<\/strong> Lightweight design and adjustable features ensure a comfortable fit throughout the day.<\/li>\n<li><strong>Style:<\/strong> Look cool with our stylish sports sunglasses to suit your active lifestyle.<\/li>\n<\/ul>\n<p>Take your training and outdoor adventures to the next level with our Sports Sunglasses. Experience the perfect combination of style, protection and performance and get ready to see the world in a whole new light!<\/p>\n<p>&nbsp;<\/p>\n<h4>Material: <strong>Plastic and Polycarbonate glass<\/strong><\/h4>\n<p>&nbsp;<\/p>\n<h3>The sunglasses are super cool all year round and super trendy.<br \/>\nGoggles \u2013 Bicycle Sunglasses \u2013 Sailing Glasses \u2013 Motorcycle Sunglasses<\/h3>\n<p>&nbsp;<\/p>\n<p>&nbsp;<\/p>\n<table style=\"width: 100%;border-collapse: collapse;border-style: dashed\" border=\"1\">\n<tbody>\n<tr>\n<td style=\"width: 100%\">\n<h2 style=\"text-align: center\"><strong>The size of the sunglasses<\/strong><\/h2>\n<\/td>\n<\/tr>\n<\/tbody>\n<\/table>\n<table style=\"width: 100%;border-collapse: collapse;border-style: hidden;margin-left: auto;margin-right: auto\" border=\"1\" cellspacing=\"20\" cellpadding=\"20\">\n<tbody>\n<tr>\n<td style=\"width: 33.3333%;text-align: center\"><strong><img decoding=\"async\" src=\"https:\/\/bazarsalg.dk\/wp-content\/uploads\/bredde.png\" \/><\/strong><\/td>\n<td style=\"width: 33.3333%;text-align: center\"><strong>Width<\/strong><\/td>\n<td style=\"width: 33.3333%;text-align: center\"><strong>14.3 cm.<\/strong><\/td>\n<\/tr>\n<tr>\n<td style=\"width: 33.3333%;text-align: center\"><strong><img decoding=\"async\" src=\"https:\/\/bazarsalg.dk\/wp-content\/uploads\/hoejde.png\" \/><\/strong><\/td>\n<td style=\"width: 33.3333%;text-align: center\"><strong>Height<\/strong><\/td>\n<td style=\"width: 33.3333%;text-align: center\"><strong>5 cm.<\/strong><\/td>\n<\/tr>\n<tr>\n<td style=\"width: 33.3333%;text-align: center\"><strong><img decoding=\"async\" src=\"https:\/\/bazarsalg.dk\/wp-content\/uploads\/stang.png\" \/><\/strong><\/td>\n<td style=\"width: 33.3333%;text-align: center\"><strong>Lens length<\/strong><\/td>\n<td style=\"width: 33.3333%;text-align: center\"><strong>12.7 cm.<\/strong><\/td>\n<\/tr>\n<tr>\n<td style=\"width: 33.3333%;text-align: center\"><strong><img decoding=\"async\" src=\"https:\/\/bazarsalg.dk\/wp-content\/uploads\/glas-bredde.png\" \/><\/strong><\/td>\n<td style=\"width: 33.3333%;text-align: center\"><strong>Glass Width<\/strong><\/td>\n<td style=\"width: 33.3333%;text-align: center\"><strong>13.6 cm.<\/strong><\/td>\n<\/tr>\n<tr>\n<td style=\"width: 33.3333%;text-align: center\"><strong><img decoding=\"async\" src=\"https:\/\/bazarsalg.dk\/wp-content\/uploads\/bredde-naese.png\" \/><\/strong><\/td>\n<td style=\"width: 33.3333%;text-align: center\"><strong>Space between glass<\/strong><\/td>\n<td style=\"width: 33.3333%;text-align: center\"><strong>- cm.<\/strong><\/td>\n<\/tr>\n<\/tbody>\n<\/table>\n<p>&nbsp;<\/p>\n<p><strong>\u00a0<\/strong><\/p>\n<table style=\"width: 100%;border-collapse: collapse;border-style: hidden;margin-left: auto;margin-right: auto\" border=\"1\" cellspacing=\"50\" cellpadding=\"20\">\n<caption>\u00a0<\/caption>\n<caption>\u00a0<\/caption>\n<tbody>\n<tr>\n<td style=\"width: 25%;text-align: center\"><img decoding=\"async\" class=\"aligncenter\" src=\"https:\/\/bazarsalg.dk\/wp-content\/uploads\/UV.png\" \/><\/td>\n<td style=\"width: 25%;text-align: center\"><img decoding=\"async\" src=\"https:\/\/bazarsalg.dk\/wp-content\/uploads\/ce.png\" \/><\/td>\n<td style=\"width: 25%;text-align: center\"><img decoding=\"async\" src=\"https:\/\/bazarsalg.dk\/wp-content\/uploads\/box.png\" \/><\/td>\n<\/tr>\n<tr>\n<td style=\"width: 25%;text-align: center\"><strong>The sunglasses have UV400 protection<\/strong><\/p>\n<p>Blocks 99 to 100 percent of all UVA and UVB rays and protects your eyes from the sun&#039;s rays.<\/td>\n<td style=\"width: 25%;text-align: center\"><strong>CE Approved <\/strong><\/p>\n<p>The sunglasses meet all legal requirements in the EU, which ensures that your sunglasses are tested and approved.<\/td>\n<td style=\"width: 25%;text-align: center\"><strong>Sent in a cardboard box so they don&#039;t break <\/strong><\/p>\n<p>We always pack sunglasses securely so that they arrive in good condition.<\/td>\n<\/tr>\n<\/tbody>\n<\/table>","protected":false},"excerpt":{"rendered":"<p><b>Mirror glass in shades of green and blue<br \/>\nGlossy frame with rubber on the bars for better grip<br \/>\nOne of the fastest pairs of Quick Glasses<br \/>\nPerfect for festivals and concerts<br \/>\nGood for sports<\/b><\/p>\n<p>&nbsp;<\/p>\n<p><em>CE Approved<\/em><br \/>\n<em>UV400 Protection<\/em><\/p>","protected":false},"featured_media":12988,"comment_status":"open","ping_status":"closed","template":"","meta":{"om_disable_all_campaigns":false,"_monsterinsights_skip_tracking":false,"_monsterinsights_sitenote_active":false,"_monsterinsights_sitenote_note":"","_monsterinsights_sitenote_category":0},"product_brand":[],"product_cat":[1026,1029,1025,1046,1546],"product_tag":[1547,1548,870],"class_list":{"0":"post-12989","1":"product","2":"type-product","3":"status-publish","4":"has-post-thumbnail","6":"product_cat-dame-solbriller","7":"product_cat-herre-solbriller","8":"product_cat-billige-solbriller","9":"product_cat-cykelbriller","10":"product_cat-hurtigbriller","11":"product_tag-cykelsolbriller","12":"product_tag-hurtigbriller","13":"product_tag-p693","15":"first","16":"outofstock","17":"sale","18":"shipping-taxable","19":"purchasable","20":"product-type-simple"},"yoast_head":"<!-- This site is optimized with the Yoast SEO plugin v27.5 - https:\/\/yoast.com\/product\/yoast-seo-wordpress\/ -->\n<title>Hvide sportssolbriller \/ hurtigbriller med sorte prikker og bl\u00e5gr\u00f8nt spejlglas | Forl\u00ec | K\u00f8b online her | LOCS<\/title>\n<meta name=\"description\" content=\"K\u00f8b Hvide sportssolbriller \/ hurtigbriller med sorte prikker og bl\u00e5gr\u00f8nt spejlglas | Forl\u00ec her | EU&#039;s st\u00f8rste udvalg af LOCS solbriller | Vi sender fra EU - Ingen ekstra import udgifter\" \/>\n<meta name=\"robots\" content=\"index, follow, max-snippet:-1, max-image-preview:large, max-video-preview:-1\" \/>\n<link rel=\"canonical\" href=\"https:\/\/locsshop.eu\/en\/shop\/hvide-sportssolbriller-hurtigbriller-med-sorte-prikker-og-blaagroent-spejlglas-forli\/\" \/>\n<meta property=\"og:locale\" content=\"en_GB\" \/>\n<meta property=\"og:type\" content=\"article\" \/>\n<meta property=\"og:title\" content=\"Hvide sportssolbriller \/ hurtigbriller med sorte prikker og bl\u00e5gr\u00f8nt spejlglas | Forl\u00ec | K\u00f8b online her | LOCS\" \/>\n<meta property=\"og:description\" content=\"K\u00f8b Hvide sportssolbriller \/ hurtigbriller med sorte prikker og bl\u00e5gr\u00f8nt spejlglas | Forl\u00ec her | EU&#039;s st\u00f8rste udvalg af LOCS solbriller | Vi sender fra EU - Ingen ekstra import udgifter\" \/>\n<meta property=\"og:url\" content=\"https:\/\/locsshop.eu\/en\/shop\/hvide-sportssolbriller-hurtigbriller-med-sorte-prikker-og-blaagroent-spejlglas-forli\/\" \/>\n<meta property=\"og:site_name\" content=\"Locs Sunglasses - LOCS Supplier in EU\" \/>\n<meta property=\"article:modified_time\" content=\"2025-08-02T19:44:02+00:00\" \/>\n<meta property=\"og:image\" content=\"https:\/\/locsshop.eu\/wp-content\/uploads\/2024\/05\/GL-B1320-14.jpg\" \/>\n\t<meta property=\"og:image:width\" content=\"800\" \/>\n\t<meta property=\"og:image:height\" content=\"800\" \/>\n\t<meta property=\"og:image:type\" content=\"image\/jpeg\" \/>\n<meta name=\"twitter:card\" content=\"summary_large_image\" \/>\n<meta name=\"twitter:label1\" content=\"Estimated reading time\" \/>\n\t<meta name=\"twitter:data1\" content=\"2 minutes\" \/>\n<script type=\"application\/ld+json\" class=\"yoast-schema-graph\">{\"@context\":\"https:\\\/\\\/schema.org\",\"@graph\":[{\"@type\":\"WebPage\",\"@id\":\"https:\\\/\\\/locsshop.eu\\\/shop\\\/hvide-sportssolbriller-hurtigbriller-med-sorte-prikker-og-blaagroent-spejlglas-forli\\\/\",\"url\":\"https:\\\/\\\/locsshop.eu\\\/shop\\\/hvide-sportssolbriller-hurtigbriller-med-sorte-prikker-og-blaagroent-spejlglas-forli\\\/\",\"name\":\"Hvide sportssolbriller \\\/ hurtigbriller med sorte prikker og bl\u00e5gr\u00f8nt spejlglas | Forl\u00ec | K\u00f8b online her | LOCS\",\"isPartOf\":{\"@id\":\"https:\\\/\\\/locsshop.eu\\\/#website\"},\"primaryImageOfPage\":{\"@id\":\"https:\\\/\\\/locsshop.eu\\\/shop\\\/hvide-sportssolbriller-hurtigbriller-med-sorte-prikker-og-blaagroent-spejlglas-forli\\\/#primaryimage\"},\"image\":{\"@id\":\"https:\\\/\\\/locsshop.eu\\\/shop\\\/hvide-sportssolbriller-hurtigbriller-med-sorte-prikker-og-blaagroent-spejlglas-forli\\\/#primaryimage\"},\"thumbnailUrl\":\"https:\\\/\\\/locsshop.eu\\\/wp-content\\\/uploads\\\/2024\\\/05\\\/GL-B1320-14.jpg\",\"datePublished\":\"2024-05-25T13:11:19+00:00\",\"dateModified\":\"2025-08-02T19:44:02+00:00\",\"description\":\"K\u00f8b Hvide sportssolbriller \\\/ hurtigbriller med sorte prikker og bl\u00e5gr\u00f8nt spejlglas | Forl\u00ec her | EU's st\u00f8rste udvalg af LOCS solbriller | Vi sender fra EU - Ingen ekstra import udgifter\",\"breadcrumb\":{\"@id\":\"https:\\\/\\\/locsshop.eu\\\/shop\\\/hvide-sportssolbriller-hurtigbriller-med-sorte-prikker-og-blaagroent-spejlglas-forli\\\/#breadcrumb\"},\"inLanguage\":\"en-GB\",\"potentialAction\":[{\"@type\":\"ReadAction\",\"target\":[\"https:\\\/\\\/locsshop.eu\\\/shop\\\/hvide-sportssolbriller-hurtigbriller-med-sorte-prikker-og-blaagroent-spejlglas-forli\\\/\"]}]},{\"@type\":\"ImageObject\",\"inLanguage\":\"en-GB\",\"@id\":\"https:\\\/\\\/locsshop.eu\\\/shop\\\/hvide-sportssolbriller-hurtigbriller-med-sorte-prikker-og-blaagroent-spejlglas-forli\\\/#primaryimage\",\"url\":\"https:\\\/\\\/locsshop.eu\\\/wp-content\\\/uploads\\\/2024\\\/05\\\/GL-B1320-14.jpg\",\"contentUrl\":\"https:\\\/\\\/locsshop.eu\\\/wp-content\\\/uploads\\\/2024\\\/05\\\/GL-B1320-14.jpg\",\"width\":800,\"height\":800},{\"@type\":\"BreadcrumbList\",\"@id\":\"https:\\\/\\\/locsshop.eu\\\/shop\\\/hvide-sportssolbriller-hurtigbriller-med-sorte-prikker-og-blaagroent-spejlglas-forli\\\/#breadcrumb\",\"itemListElement\":[{\"@type\":\"ListItem\",\"position\":1,\"name\":\"Hjem\",\"item\":\"https:\\\/\\\/locsshop.eu\\\/\"},{\"@type\":\"ListItem\",\"position\":2,\"name\":\"Shop\",\"item\":\"https:\\\/\\\/locsshop.eu\\\/shop\\\/\"},{\"@type\":\"ListItem\",\"position\":3,\"name\":\"Hvide sportssolbriller \\\/ hurtigbriller med sorte prikker og bl\u00e5gr\u00f8nt spejlglas | Forl\u00ec\"}]},{\"@type\":\"WebSite\",\"@id\":\"https:\\\/\\\/locsshop.eu\\\/#website\",\"url\":\"https:\\\/\\\/locsshop.eu\\\/\",\"name\":\"Locs Sunglasses - LOCS Supplier in EU\",\"description\":\"We sell cheap LOCS Sunglasses\",\"publisher\":{\"@id\":\"https:\\\/\\\/locsshop.eu\\\/#organization\"},\"potentialAction\":[{\"@type\":\"SearchAction\",\"target\":{\"@type\":\"EntryPoint\",\"urlTemplate\":\"https:\\\/\\\/locsshop.eu\\\/?s={search_term_string}\"},\"query-input\":{\"@type\":\"PropertyValueSpecification\",\"valueRequired\":true,\"valueName\":\"search_term_string\"}}],\"inLanguage\":\"en-GB\"},{\"@type\":\"Organization\",\"@id\":\"https:\\\/\\\/locsshop.eu\\\/#organization\",\"name\":\"Locsshop.eu\",\"url\":\"https:\\\/\\\/locsshop.eu\\\/\",\"logo\":{\"@type\":\"ImageObject\",\"inLanguage\":\"en-GB\",\"@id\":\"https:\\\/\\\/locsshop.eu\\\/#\\\/schema\\\/logo\\\/image\\\/\",\"url\":\"https:\\\/\\\/locsshop.eu\\\/wp-content\\\/uploads\\\/2022\\\/02\\\/Locsshop-logo.png\",\"contentUrl\":\"https:\\\/\\\/locsshop.eu\\\/wp-content\\\/uploads\\\/2022\\\/02\\\/Locsshop-logo.png\",\"width\":930,\"height\":200,\"caption\":\"Locsshop.eu\"},\"image\":{\"@id\":\"https:\\\/\\\/locsshop.eu\\\/#\\\/schema\\\/logo\\\/image\\\/\"}}]}<\/script>\n<!-- \/ Yoast SEO plugin. -->","yoast_head_json":{"title":"White sports sunglasses \/ speed glasses with black dots and blue-green mirror glass | Forl\u00ec | Buy online here | LOCS","description":"Buy White sports sunglasses \/ speed glasses with black dots and blue mirror glass | Forl\u00ec here | The EU&#039;s largest selection of LOCS sunglasses | We ship from the EU - No extra import costs","robots":{"index":"index","follow":"follow","max-snippet":"max-snippet:-1","max-image-preview":"max-image-preview:large","max-video-preview":"max-video-preview:-1"},"canonical":"https:\/\/locsshop.eu\/en\/shop\/hvide-sportssolbriller-hurtigbriller-med-sorte-prikker-og-blaagroent-spejlglas-forli\/","og_locale":"en_GB","og_type":"article","og_title":"Hvide sportssolbriller \/ hurtigbriller med sorte prikker og bl\u00e5gr\u00f8nt spejlglas | Forl\u00ec | K\u00f8b online her | LOCS","og_description":"K\u00f8b Hvide sportssolbriller \/ hurtigbriller med sorte prikker og bl\u00e5gr\u00f8nt spejlglas | Forl\u00ec her | EU's st\u00f8rste udvalg af LOCS solbriller | Vi sender fra EU - Ingen ekstra import udgifter","og_url":"https:\/\/locsshop.eu\/en\/shop\/hvide-sportssolbriller-hurtigbriller-med-sorte-prikker-og-blaagroent-spejlglas-forli\/","og_site_name":"Locs Sunglasses - LOCS Supplier in EU","article_modified_time":"2025-08-02T19:44:02+00:00","og_image":[{"width":800,"height":800,"url":"https:\/\/locsshop.eu\/wp-content\/uploads\/2024\/05\/GL-B1320-14.jpg","type":"image\/jpeg"}],"twitter_card":"summary_large_image","twitter_misc":{"Estimated reading time":"2 minutes"},"schema":{"@context":"https:\/\/schema.org","@graph":[{"@type":"WebPage","@id":"https:\/\/locsshop.eu\/shop\/hvide-sportssolbriller-hurtigbriller-med-sorte-prikker-og-blaagroent-spejlglas-forli\/","url":"https:\/\/locsshop.eu\/shop\/hvide-sportssolbriller-hurtigbriller-med-sorte-prikker-og-blaagroent-spejlglas-forli\/","name":"White sports sunglasses \/ speed glasses with black dots and blue-green mirror glass | Forl\u00ec | Buy online here | LOCS","isPartOf":{"@id":"https:\/\/locsshop.eu\/#website"},"primaryImageOfPage":{"@id":"https:\/\/locsshop.eu\/shop\/hvide-sportssolbriller-hurtigbriller-med-sorte-prikker-og-blaagroent-spejlglas-forli\/#primaryimage"},"image":{"@id":"https:\/\/locsshop.eu\/shop\/hvide-sportssolbriller-hurtigbriller-med-sorte-prikker-og-blaagroent-spejlglas-forli\/#primaryimage"},"thumbnailUrl":"https:\/\/locsshop.eu\/wp-content\/uploads\/2024\/05\/GL-B1320-14.jpg","datePublished":"2024-05-25T13:11:19+00:00","dateModified":"2025-08-02T19:44:02+00:00","description":"Buy White sports sunglasses \/ speed glasses with black dots and blue mirror glass | Forl\u00ec here | The EU&#039;s largest selection of LOCS sunglasses | We ship from the EU - No extra import costs","breadcrumb":{"@id":"https:\/\/locsshop.eu\/shop\/hvide-sportssolbriller-hurtigbriller-med-sorte-prikker-og-blaagroent-spejlglas-forli\/#breadcrumb"},"inLanguage":"en-GB","potentialAction":[{"@type":"ReadAction","target":["https:\/\/locsshop.eu\/shop\/hvide-sportssolbriller-hurtigbriller-med-sorte-prikker-og-blaagroent-spejlglas-forli\/"]}]},{"@type":"ImageObject","inLanguage":"en-GB","@id":"https:\/\/locsshop.eu\/shop\/hvide-sportssolbriller-hurtigbriller-med-sorte-prikker-og-blaagroent-spejlglas-forli\/#primaryimage","url":"https:\/\/locsshop.eu\/wp-content\/uploads\/2024\/05\/GL-B1320-14.jpg","contentUrl":"https:\/\/locsshop.eu\/wp-content\/uploads\/2024\/05\/GL-B1320-14.jpg","width":800,"height":800},{"@type":"BreadcrumbList","@id":"https:\/\/locsshop.eu\/shop\/hvide-sportssolbriller-hurtigbriller-med-sorte-prikker-og-blaagroent-spejlglas-forli\/#breadcrumb","itemListElement":[{"@type":"ListItem","position":1,"name":"Hjem","item":"https:\/\/locsshop.eu\/"},{"@type":"ListItem","position":2,"name":"Shop","item":"https:\/\/locsshop.eu\/shop\/"},{"@type":"ListItem","position":3,"name":"Hvide sportssolbriller \/ hurtigbriller med sorte prikker og bl\u00e5gr\u00f8nt spejlglas | Forl\u00ec"}]},{"@type":"WebSite","@id":"https:\/\/locsshop.eu\/#website","url":"https:\/\/locsshop.eu\/","name":"Locs Sunglasses - LOCS Supplier in EU","description":"We sell cheap LOCS Sunglasses","publisher":{"@id":"https:\/\/locsshop.eu\/#organization"},"potentialAction":[{"@type":"SearchAction","target":{"@type":"EntryPoint","urlTemplate":"https:\/\/locsshop.eu\/?s={search_term_string}"},"query-input":{"@type":"PropertyValueSpecification","valueRequired":true,"valueName":"search_term_string"}}],"inLanguage":"en-GB"},{"@type":"Organization","@id":"https:\/\/locsshop.eu\/#organization","name":"Locsshop.eu","url":"https:\/\/locsshop.eu\/","logo":{"@type":"ImageObject","inLanguage":"en-GB","@id":"https:\/\/locsshop.eu\/#\/schema\/logo\/image\/","url":"https:\/\/locsshop.eu\/wp-content\/uploads\/2022\/02\/Locsshop-logo.png","contentUrl":"https:\/\/locsshop.eu\/wp-content\/uploads\/2022\/02\/Locsshop-logo.png","width":930,"height":200,"caption":"Locsshop.eu"},"image":{"@id":"https:\/\/locsshop.eu\/#\/schema\/logo\/image\/"}}]}},"_links":{"self":[{"href":"https:\/\/locsshop.eu\/en\/wp-json\/wp\/v2\/product\/12989","targetHints":{"allow":["GET"]}}],"collection":[{"href":"https:\/\/locsshop.eu\/en\/wp-json\/wp\/v2\/product"}],"about":[{"href":"https:\/\/locsshop.eu\/en\/wp-json\/wp\/v2\/types\/product"}],"replies":[{"embeddable":true,"href":"https:\/\/locsshop.eu\/en\/wp-json\/wp\/v2\/comments?post=12989"}],"wp:featuredmedia":[{"embeddable":true,"href":"https:\/\/locsshop.eu\/en\/wp-json\/wp\/v2\/media\/12988"}],"wp:attachment":[{"href":"https:\/\/locsshop.eu\/en\/wp-json\/wp\/v2\/media?parent=12989"}],"wp:term":[{"taxonomy":"product_brand","embeddable":true,"href":"https:\/\/locsshop.eu\/en\/wp-json\/wp\/v2\/product_brand?post=12989"},{"taxonomy":"product_cat","embeddable":true,"href":"https:\/\/locsshop.eu\/en\/wp-json\/wp\/v2\/product_cat?post=12989"},{"taxonomy":"product_tag","embeddable":true,"href":"https:\/\/locsshop.eu\/en\/wp-json\/wp\/v2\/product_tag?post=12989"}],"curies":[{"name":"wp","href":"https:\/\/api.w.org\/{rel}","templated":true}]}}