{"id":13618,"date":"2025-01-16T21:25:46","date_gmt":"2025-01-16T20:25:46","guid":{"rendered":"https:\/\/locsshop.eu\/shop\/spy-marauder-skibriller-3100000000131-mat-lyseblaa-inkl-2-linser\/"},"modified":"2025-04-13T07:18:01","modified_gmt":"2025-04-13T05:18:01","slug":"spy-marauder-skibriller-3100000000131-mat-lyseblaa-inkl-2-linser","status":"publish","type":"product","link":"https:\/\/locsshop.eu\/en\/shop\/spy-marauder-skibriller-3100000000131-mat-lyseblaa-inkl-2-linser\/","title":{"rendered":"Spy+ Marauder ski goggles \u2013 3100000000131 | Matte light blue \u2013 Incl. 2 lenses"},"content":{"rendered":"<h2><strong>Spy+ Marauder ski goggles \u2013 3100000000131 | Matte light blue \u2013 Incl. 2 lenses<br \/>\nIncludes microfiber case bag that can hold both ski goggles and the extra lens.<\/strong><\/h2>\n<p>Super smart ski goggles for those who want ski goggles that are optimal in all weather conditions.<\/p>\n<h1><strong>Details about the ski goggles<\/strong><\/h1>\n<ul>\n<li style=\"list-style-type: none\">\n<ul>\n<li><strong>Super cool ski goggles from Spy+ with 2 lenses<\/strong>The light blue (Happy Blue) mirror reflex lens is a <strong>category 3 lens<\/strong> which is a<strong> Sunshine lens that provides the best light when there is sunshine on the slopes. <\/strong>Category 3 lenses filter 80-90% of incoming light.<strong><br \/>\n<\/strong>In addition, there is an almost transparent <strong>category 1 lens<\/strong> with a slightly pink mirror-reflective surface, for when the harsh snow sets in and the sun disappears, you need a bright lens that lets in as much light as possible.<br \/>\nCategory 1 lenses filter between 20 and 57% of the incident light.<\/li>\n<li>A Spy+ is attached <strong>Happy Boost Bronze Happy Blue Spectra Mirror<\/strong> lens and is included <strong>Happy LL Rose lens<\/strong> which filters 100% UV rays.<\/li>\n<li><strong>Microfiber case bag included<\/strong> so you can store your ski goggles and the extra lens gently. The case bag can also be used to gently clean the lens.<\/li>\n<li><strong>Spy+ Rise<\/strong>\u00a0The ventilation system offers optimal breathability.<\/li>\n<li><strong>Unisex<\/strong> model that fits both men and women<\/li>\n<li><strong>Anti-Fog lens<\/strong> \u2013 Reduces condensation forming inside the glasses when worn.<\/li>\n<li><strong>Interchangeable lenses <\/strong>with magnet and Spy+&#039;s Deadbolt locking mechanism.<\/li>\n<li><strong>OTG<\/strong> \u2013 Over the glasses ski goggles. (Designed so that you can wear glasses underneath.)<\/li>\n<li><strong>Double lenses<\/strong><\/li>\n<li><strong>Comes in a nice box<\/strong> with SPY+ Sticker and manuals.<\/li>\n<li>We <strong>guarantees<\/strong> that our ski goggles are <strong>100% genuine<\/strong>, purchased from our trusted supplier in the EU.<\/li>\n<\/ul>\n<\/li>\n<\/ul>\n<h3><img loading=\"lazy\" decoding=\"async\" class=\"alignnone size-full wp-image-14880\" src=\"https:\/\/bazarsalg.dk\/wp-content\/uploads\/marauder4.jpg\" alt=\"\" width=\"943\" height=\"181\" \/><\/h3>\n<h3><img loading=\"lazy\" decoding=\"async\" class=\"alignnone size-full wp-image-14878\" src=\"https:\/\/bazarsalg.dk\/wp-content\/uploads\/marauder.jpg\" alt=\"\" width=\"1340\" height=\"389\" \/><\/h3>\n<h3><img loading=\"lazy\" decoding=\"async\" class=\"alignnone size-full wp-image-14877\" src=\"https:\/\/bazarsalg.dk\/wp-content\/uploads\/marauder2.jpg\" alt=\"\" width=\"1315\" height=\"547\" \/><\/h3>\n<p><img loading=\"lazy\" decoding=\"async\" class=\"alignnone size-full wp-image-14879\" src=\"https:\/\/bazarsalg.dk\/wp-content\/uploads\/marauder3.jpg\" alt=\"\" width=\"1430\" height=\"416\" \/><\/p>\n<h3>___________________________________________________________________________________________________________________________________________<\/h3>\n<p>&nbsp;<\/p>\n<h3>Why You Should Wear Ski Goggles \u2013 And Why We&#039;re the Best Place to Shop<\/h3>\n<p>When you hit the slopes, it&#039;s important to protect your eyes from wind, snow and the harsh UV rays that reflect off the snow. Ski goggles are not just a stylish accessory \u2013 they are a necessity for every skier and snowboarder. But why are ski goggles so important, and why should you choose us for your next purchase?<\/p>\n<h3><\/h3>\n<p>&nbsp;<\/p>\n<h3>The Importance of Ski Goggles<\/h3>\n<ol>\n<li><strong>Protects Against Harmful UV Rays:<\/strong> Snow reflects up to 80% of the sun&#039;s UV rays, which can lead to snow blindness. Ski goggles with UV protection prevent this and protect your eyes effectively.<\/li>\n<li><strong>Improves Visibility:<\/strong> With the right set of ski goggles, you get better contrast and clarity, even in challenging weather conditions like fog or heavy snow, improving your safety on the slopes.<\/li>\n<li><strong>Shields Against Wind and Snow:<\/strong> Without ski goggles, cold air and snow can irritate your eyes and make it difficult to see. Ski goggles keep your eyes warm and dry.<\/li>\n<li><strong>Reduces reflection from the snow: <\/strong>When the sun shines, it hurts your eyes. When there is snow, it becomes even more problematic as the sun intensifies the glare and here the importance of ski goggles is very high, as they ensure that your eyes have a comfortable view and that it does not hurt your eyes.<\/li>\n<\/ol>\n<p>&nbsp;<\/p>\n<h3>Why Choose Us?<\/h3>\n<p>With <strong>us<\/strong> You will find a wide selection of high-quality ski goggles at prices that won&#039;t break the budget. We offer ski goggles with the latest technology, including anti-fog coating and adjustable straps for optimal comfort.<\/p>\n<ul>\n<li><strong>Quality at Affordable Prices:<\/strong> We carefully select our range to ensure that you get the best quality at the lowest price.<\/li>\n<li><strong>Fast Delivery:<\/strong> When you order from us, you can expect fast delivery, so you&#039;ll be ready for the slopes in no time.<\/li>\n<li><strong>Fantastic Customer Service:<\/strong> Our dedicated team is always ready to help you find the perfect ski goggles.<\/li>\n<\/ul>\n<p>Whether you are an experienced skier or new to the slopes, <strong>we<\/strong> the perfect pair of ski goggles for you. Protect your eyes and enjoy your winter adventure with your new ski goggles.<\/p>","protected":false},"excerpt":{"rendered":"<ul>\n<li>With wide adjustable elastic strap<\/li>\n<li>For Skiing and snowboarding<\/li>\n<li>Mirror reflex lenses<\/li>\n<li>Includes microfiber pouch<\/li>\n<li>2 Lenses included (Cat.1 and Cat 3)<\/li>\n<\/ul>","protected":false},"featured_media":13614,"comment_status":"open","ping_status":"closed","template":"","meta":{"om_disable_all_campaigns":false,"_monsterinsights_skip_tracking":false,"_monsterinsights_sitenote_active":false,"_monsterinsights_sitenote_note":"","_monsterinsights_sitenote_category":0},"product_brand":[],"product_cat":[1560],"product_tag":[1577,1559,1578],"class_list":{"0":"post-13618","1":"product","2":"type-product","3":"status-publish","4":"has-post-thumbnail","6":"product_cat-skibriller","7":"product_tag-marauder","8":"product_tag-skibriller","9":"product_tag-spy","11":"first","12":"instock","13":"sale","14":"purchasable","15":"product-type-simple"},"yoast_head":"<!-- This site is optimized with the Yoast SEO plugin v27.5 - https:\/\/yoast.com\/product\/yoast-seo-wordpress\/ -->\n<title>Spy+ Marauder skibriller - 3100000000131 | Mat lysebl\u00e5 - Inkl. 2 linser | K\u00f8b online her | LOCS<\/title>\n<meta name=\"description\" content=\"K\u00f8b Spy+ Marauder skibriller - 3100000000131 | Mat lysebl\u00e5 - Inkl. 2 linser her | EU&#039;s st\u00f8rste udvalg af LOCS solbriller | Vi sender fra EU - Ingen ekstra import udgifter\" \/>\n<meta name=\"robots\" content=\"index, follow, max-snippet:-1, max-image-preview:large, max-video-preview:-1\" \/>\n<link rel=\"canonical\" href=\"https:\/\/locsshop.eu\/en\/shop\/spy-marauder-skibriller-3100000000131-mat-lyseblaa-inkl-2-linser\/\" \/>\n<meta property=\"og:locale\" content=\"en_GB\" \/>\n<meta property=\"og:type\" content=\"article\" \/>\n<meta property=\"og:title\" content=\"Spy+ Marauder skibriller - 3100000000131 | Mat lysebl\u00e5 - Inkl. 2 linser | K\u00f8b online her | LOCS\" \/>\n<meta property=\"og:description\" content=\"K\u00f8b Spy+ Marauder skibriller - 3100000000131 | Mat lysebl\u00e5 - Inkl. 2 linser her | EU&#039;s st\u00f8rste udvalg af LOCS solbriller | Vi sender fra EU - Ingen ekstra import udgifter\" \/>\n<meta property=\"og:url\" content=\"https:\/\/locsshop.eu\/en\/shop\/spy-marauder-skibriller-3100000000131-mat-lyseblaa-inkl-2-linser\/\" \/>\n<meta property=\"og:site_name\" content=\"Locs Sunglasses - LOCS Supplier in EU\" \/>\n<meta property=\"article:modified_time\" content=\"2025-04-13T05:18:01+00:00\" \/>\n<meta property=\"og:image\" content=\"https:\/\/locsshop.eu\/wp-content\/uploads\/2025\/01\/Spy-Happy-blue.jpg\" \/>\n\t<meta property=\"og:image:width\" content=\"800\" \/>\n\t<meta property=\"og:image:height\" content=\"800\" \/>\n\t<meta property=\"og:image:type\" content=\"image\/jpeg\" \/>\n<meta name=\"twitter:card\" content=\"summary_large_image\" \/>\n<meta name=\"twitter:label1\" content=\"Estimated reading time\" \/>\n\t<meta name=\"twitter:data1\" content=\"3 minutes\" \/>\n<script type=\"application\/ld+json\" class=\"yoast-schema-graph\">{\"@context\":\"https:\\\/\\\/schema.org\",\"@graph\":[{\"@type\":\"WebPage\",\"@id\":\"https:\\\/\\\/locsshop.eu\\\/shop\\\/spy-marauder-skibriller-3100000000131-mat-lyseblaa-inkl-2-linser\\\/\",\"url\":\"https:\\\/\\\/locsshop.eu\\\/shop\\\/spy-marauder-skibriller-3100000000131-mat-lyseblaa-inkl-2-linser\\\/\",\"name\":\"Spy+ Marauder skibriller - 3100000000131 | Mat lysebl\u00e5 - Inkl. 2 linser | K\u00f8b online her | LOCS\",\"isPartOf\":{\"@id\":\"https:\\\/\\\/locsshop.eu\\\/#website\"},\"primaryImageOfPage\":{\"@id\":\"https:\\\/\\\/locsshop.eu\\\/shop\\\/spy-marauder-skibriller-3100000000131-mat-lyseblaa-inkl-2-linser\\\/#primaryimage\"},\"image\":{\"@id\":\"https:\\\/\\\/locsshop.eu\\\/shop\\\/spy-marauder-skibriller-3100000000131-mat-lyseblaa-inkl-2-linser\\\/#primaryimage\"},\"thumbnailUrl\":\"https:\\\/\\\/locsshop.eu\\\/wp-content\\\/uploads\\\/2025\\\/01\\\/Spy-Happy-blue.jpg\",\"datePublished\":\"2025-01-16T20:25:46+00:00\",\"dateModified\":\"2025-04-13T05:18:01+00:00\",\"description\":\"K\u00f8b Spy+ Marauder skibriller - 3100000000131 | Mat lysebl\u00e5 - Inkl. 2 linser her | EU's st\u00f8rste udvalg af LOCS solbriller | Vi sender fra EU - Ingen ekstra import udgifter\",\"breadcrumb\":{\"@id\":\"https:\\\/\\\/locsshop.eu\\\/shop\\\/spy-marauder-skibriller-3100000000131-mat-lyseblaa-inkl-2-linser\\\/#breadcrumb\"},\"inLanguage\":\"en-GB\",\"potentialAction\":[{\"@type\":\"ReadAction\",\"target\":[\"https:\\\/\\\/locsshop.eu\\\/shop\\\/spy-marauder-skibriller-3100000000131-mat-lyseblaa-inkl-2-linser\\\/\"]}]},{\"@type\":\"ImageObject\",\"inLanguage\":\"en-GB\",\"@id\":\"https:\\\/\\\/locsshop.eu\\\/shop\\\/spy-marauder-skibriller-3100000000131-mat-lyseblaa-inkl-2-linser\\\/#primaryimage\",\"url\":\"https:\\\/\\\/locsshop.eu\\\/wp-content\\\/uploads\\\/2025\\\/01\\\/Spy-Happy-blue.jpg\",\"contentUrl\":\"https:\\\/\\\/locsshop.eu\\\/wp-content\\\/uploads\\\/2025\\\/01\\\/Spy-Happy-blue.jpg\",\"width\":800,\"height\":800},{\"@type\":\"BreadcrumbList\",\"@id\":\"https:\\\/\\\/locsshop.eu\\\/shop\\\/spy-marauder-skibriller-3100000000131-mat-lyseblaa-inkl-2-linser\\\/#breadcrumb\",\"itemListElement\":[{\"@type\":\"ListItem\",\"position\":1,\"name\":\"Hjem\",\"item\":\"https:\\\/\\\/locsshop.eu\\\/\"},{\"@type\":\"ListItem\",\"position\":2,\"name\":\"Shop\",\"item\":\"https:\\\/\\\/locsshop.eu\\\/shop\\\/\"},{\"@type\":\"ListItem\",\"position\":3,\"name\":\"Spy+ Marauder skibriller &#8211; 3100000000131 | Mat lysebl\u00e5 &#8211; Inkl. 2 linser\"}]},{\"@type\":\"WebSite\",\"@id\":\"https:\\\/\\\/locsshop.eu\\\/#website\",\"url\":\"https:\\\/\\\/locsshop.eu\\\/\",\"name\":\"Locs Sunglasses - LOCS Supplier in EU\",\"description\":\"We sell cheap LOCS Sunglasses\",\"publisher\":{\"@id\":\"https:\\\/\\\/locsshop.eu\\\/#organization\"},\"potentialAction\":[{\"@type\":\"SearchAction\",\"target\":{\"@type\":\"EntryPoint\",\"urlTemplate\":\"https:\\\/\\\/locsshop.eu\\\/?s={search_term_string}\"},\"query-input\":{\"@type\":\"PropertyValueSpecification\",\"valueRequired\":true,\"valueName\":\"search_term_string\"}}],\"inLanguage\":\"en-GB\"},{\"@type\":\"Organization\",\"@id\":\"https:\\\/\\\/locsshop.eu\\\/#organization\",\"name\":\"Locsshop.eu\",\"url\":\"https:\\\/\\\/locsshop.eu\\\/\",\"logo\":{\"@type\":\"ImageObject\",\"inLanguage\":\"en-GB\",\"@id\":\"https:\\\/\\\/locsshop.eu\\\/#\\\/schema\\\/logo\\\/image\\\/\",\"url\":\"https:\\\/\\\/locsshop.eu\\\/wp-content\\\/uploads\\\/2022\\\/02\\\/Locsshop-logo.png\",\"contentUrl\":\"https:\\\/\\\/locsshop.eu\\\/wp-content\\\/uploads\\\/2022\\\/02\\\/Locsshop-logo.png\",\"width\":930,\"height\":200,\"caption\":\"Locsshop.eu\"},\"image\":{\"@id\":\"https:\\\/\\\/locsshop.eu\\\/#\\\/schema\\\/logo\\\/image\\\/\"}}]}<\/script>\n<!-- \/ Yoast SEO plugin. -->","yoast_head_json":{"title":"Spy+ Marauder ski goggles - 3100000000131 | Matte light blue - Incl. 2 lenses | Buy online here | LOCS","description":"Buy Spy+ Marauder ski goggles - 3100000000131 | Matte light blue - Incl. 2 lenses here | EU&#039;s largest selection of LOCS sunglasses | We ship from the EU - No additional import costs","robots":{"index":"index","follow":"follow","max-snippet":"max-snippet:-1","max-image-preview":"max-image-preview:large","max-video-preview":"max-video-preview:-1"},"canonical":"https:\/\/locsshop.eu\/en\/shop\/spy-marauder-skibriller-3100000000131-mat-lyseblaa-inkl-2-linser\/","og_locale":"en_GB","og_type":"article","og_title":"Spy+ Marauder skibriller - 3100000000131 | Mat lysebl\u00e5 - Inkl. 2 linser | K\u00f8b online her | LOCS","og_description":"K\u00f8b Spy+ Marauder skibriller - 3100000000131 | Mat lysebl\u00e5 - Inkl. 2 linser her | EU's st\u00f8rste udvalg af LOCS solbriller | Vi sender fra EU - Ingen ekstra import udgifter","og_url":"https:\/\/locsshop.eu\/en\/shop\/spy-marauder-skibriller-3100000000131-mat-lyseblaa-inkl-2-linser\/","og_site_name":"Locs Sunglasses - LOCS Supplier in EU","article_modified_time":"2025-04-13T05:18:01+00:00","og_image":[{"width":800,"height":800,"url":"https:\/\/locsshop.eu\/wp-content\/uploads\/2025\/01\/Spy-Happy-blue.jpg","type":"image\/jpeg"}],"twitter_card":"summary_large_image","twitter_misc":{"Estimated reading time":"3 minutes"},"schema":{"@context":"https:\/\/schema.org","@graph":[{"@type":"WebPage","@id":"https:\/\/locsshop.eu\/shop\/spy-marauder-skibriller-3100000000131-mat-lyseblaa-inkl-2-linser\/","url":"https:\/\/locsshop.eu\/shop\/spy-marauder-skibriller-3100000000131-mat-lyseblaa-inkl-2-linser\/","name":"Spy+ Marauder ski goggles - 3100000000131 | Matte light blue - Incl. 2 lenses | Buy online here | LOCS","isPartOf":{"@id":"https:\/\/locsshop.eu\/#website"},"primaryImageOfPage":{"@id":"https:\/\/locsshop.eu\/shop\/spy-marauder-skibriller-3100000000131-mat-lyseblaa-inkl-2-linser\/#primaryimage"},"image":{"@id":"https:\/\/locsshop.eu\/shop\/spy-marauder-skibriller-3100000000131-mat-lyseblaa-inkl-2-linser\/#primaryimage"},"thumbnailUrl":"https:\/\/locsshop.eu\/wp-content\/uploads\/2025\/01\/Spy-Happy-blue.jpg","datePublished":"2025-01-16T20:25:46+00:00","dateModified":"2025-04-13T05:18:01+00:00","description":"Buy Spy+ Marauder ski goggles - 3100000000131 | Matte light blue - Incl. 2 lenses here | EU&#039;s largest selection of LOCS sunglasses | We ship from the EU - No additional import costs","breadcrumb":{"@id":"https:\/\/locsshop.eu\/shop\/spy-marauder-skibriller-3100000000131-mat-lyseblaa-inkl-2-linser\/#breadcrumb"},"inLanguage":"en-GB","potentialAction":[{"@type":"ReadAction","target":["https:\/\/locsshop.eu\/shop\/spy-marauder-skibriller-3100000000131-mat-lyseblaa-inkl-2-linser\/"]}]},{"@type":"ImageObject","inLanguage":"en-GB","@id":"https:\/\/locsshop.eu\/shop\/spy-marauder-skibriller-3100000000131-mat-lyseblaa-inkl-2-linser\/#primaryimage","url":"https:\/\/locsshop.eu\/wp-content\/uploads\/2025\/01\/Spy-Happy-blue.jpg","contentUrl":"https:\/\/locsshop.eu\/wp-content\/uploads\/2025\/01\/Spy-Happy-blue.jpg","width":800,"height":800},{"@type":"BreadcrumbList","@id":"https:\/\/locsshop.eu\/shop\/spy-marauder-skibriller-3100000000131-mat-lyseblaa-inkl-2-linser\/#breadcrumb","itemListElement":[{"@type":"ListItem","position":1,"name":"Hjem","item":"https:\/\/locsshop.eu\/"},{"@type":"ListItem","position":2,"name":"Shop","item":"https:\/\/locsshop.eu\/shop\/"},{"@type":"ListItem","position":3,"name":"Spy+ Marauder skibriller &#8211; 3100000000131 | Mat lysebl\u00e5 &#8211; Inkl. 2 linser"}]},{"@type":"WebSite","@id":"https:\/\/locsshop.eu\/#website","url":"https:\/\/locsshop.eu\/","name":"Locs Sunglasses - LOCS Supplier in EU","description":"We sell cheap LOCS Sunglasses","publisher":{"@id":"https:\/\/locsshop.eu\/#organization"},"potentialAction":[{"@type":"SearchAction","target":{"@type":"EntryPoint","urlTemplate":"https:\/\/locsshop.eu\/?s={search_term_string}"},"query-input":{"@type":"PropertyValueSpecification","valueRequired":true,"valueName":"search_term_string"}}],"inLanguage":"en-GB"},{"@type":"Organization","@id":"https:\/\/locsshop.eu\/#organization","name":"Locsshop.eu","url":"https:\/\/locsshop.eu\/","logo":{"@type":"ImageObject","inLanguage":"en-GB","@id":"https:\/\/locsshop.eu\/#\/schema\/logo\/image\/","url":"https:\/\/locsshop.eu\/wp-content\/uploads\/2022\/02\/Locsshop-logo.png","contentUrl":"https:\/\/locsshop.eu\/wp-content\/uploads\/2022\/02\/Locsshop-logo.png","width":930,"height":200,"caption":"Locsshop.eu"},"image":{"@id":"https:\/\/locsshop.eu\/#\/schema\/logo\/image\/"}}]}},"_links":{"self":[{"href":"https:\/\/locsshop.eu\/en\/wp-json\/wp\/v2\/product\/13618","targetHints":{"allow":["GET"]}}],"collection":[{"href":"https:\/\/locsshop.eu\/en\/wp-json\/wp\/v2\/product"}],"about":[{"href":"https:\/\/locsshop.eu\/en\/wp-json\/wp\/v2\/types\/product"}],"replies":[{"embeddable":true,"href":"https:\/\/locsshop.eu\/en\/wp-json\/wp\/v2\/comments?post=13618"}],"wp:featuredmedia":[{"embeddable":true,"href":"https:\/\/locsshop.eu\/en\/wp-json\/wp\/v2\/media\/13614"}],"wp:attachment":[{"href":"https:\/\/locsshop.eu\/en\/wp-json\/wp\/v2\/media?parent=13618"}],"wp:term":[{"taxonomy":"product_brand","embeddable":true,"href":"https:\/\/locsshop.eu\/en\/wp-json\/wp\/v2\/product_brand?post=13618"},{"taxonomy":"product_cat","embeddable":true,"href":"https:\/\/locsshop.eu\/en\/wp-json\/wp\/v2\/product_cat?post=13618"},{"taxonomy":"product_tag","embeddable":true,"href":"https:\/\/locsshop.eu\/en\/wp-json\/wp\/v2\/product_tag?post=13618"}],"curies":[{"name":"wp","href":"https:\/\/api.w.org\/{rel}","templated":true}]}}