{"id":13861,"date":"2025-03-20T16:50:42","date_gmt":"2025-03-20T15:50:42","guid":{"rendered":"https:\/\/locsshop.eu\/shop\/blaa-fit-over-solbriller-monaco-moerke-glas\/"},"modified":"2025-04-13T07:01:28","modified_gmt":"2025-04-13T05:01:28","slug":"blaa-fit-over-solbriller-monaco-moerke-glas","status":"publish","type":"product","link":"https:\/\/locsshop.eu\/en\/shop\/blaa-fit-over-solbriller-monaco-moerke-glas\/","title":{"rendered":"Blue Fit-Over Sunglasses \u2013 Monaco | Dark Lenses"},"content":{"rendered":"<h2>Fit Over sunglasses you can wear outside your normal. glasses<\/h2>\n<p>If you wear glasses and want sunglasses that you can put on in addition to your glasses, you must buy a pair of fit-over sunglasses.<br \/>\nThese are with comfortable brown lenses<\/p>\n<p><strong>Fit over the glasses are designed so that you can wear them over your normal glasses.<br \/>\nUse the measurements below and see if they fit your glasses<\/strong><\/p>\n<p>Inner width: 13.9 cm.<br \/>\nInner height: 4 cm.<br \/>\nInner side length: 14.7 cm.<\/p>\n<p>Material frame: plastic<br \/>\nUV400 protection<\/p>\n<h3><strong>The sunglasses are polarized<br \/>\n<img loading=\"lazy\" decoding=\"async\" class=\"alignnone size-full wp-image-11712\" src=\"https:\/\/bazarsalg.dk\/wp-content\/uploads\/polarized-logo.jpg\" alt=\"\" width=\"200\" height=\"108\" \/><br \/>\n<\/strong><\/h3>\n<p><em>Polarized sunglasses are a popular type of sunglasses designed to reduce glare from reflective surfaces such as water, snow or road surfaces. This is achieved using a polarizing film that blocks light waves traveling on a specific axis. This reduces reflections and provides a clearer and more detailed view, especially in bright sunlight. It is a good idea to choose polarized sunglasses if you spend a lot of time outdoors, especially near water or on activities such as skiing or cycling.<\/em><\/p>","protected":false},"excerpt":{"rendered":"<ul>\n<li>Worn outside on your general. glasses<\/li>\n<li>Glossy surface<\/li>\n<li>Polarized lenses for optimal visibility<\/li>\n<\/ul>","protected":false},"featured_media":13860,"comment_status":"open","ping_status":"closed","template":"","meta":{"om_disable_all_campaigns":false,"_monsterinsights_skip_tracking":false,"_monsterinsights_sitenote_active":false,"_monsterinsights_sitenote_note":"","_monsterinsights_sitenote_category":0},"product_brand":[],"product_cat":[1026,1025,1032],"product_tag":[445,1297,1596,447,870],"class_list":{"0":"post-13861","1":"product","2":"type-product","3":"status-publish","4":"has-post-thumbnail","6":"product_cat-dame-solbriller","7":"product_cat-billige-solbriller","8":"product_cat-fit-over-solbriller","9":"product_tag-fit","10":"product_tag-fit-over","11":"product_tag-k2010","12":"product_tag-over","13":"product_tag-p693","15":"first","16":"instock","17":"shipping-taxable","18":"purchasable","19":"product-type-simple"},"yoast_head":"<!-- This site is optimized with the Yoast SEO plugin v27.5 - https:\/\/yoast.com\/product\/yoast-seo-wordpress\/ -->\n<title>Bl\u00e5 Fit-Over Solbriller - Monaco | M\u00f8rke glas | K\u00f8b online her | LOCS<\/title>\n<meta name=\"description\" content=\"K\u00f8b Bl\u00e5 Fit-Over Solbriller - Monaco | M\u00f8rke glas her | EU&#039;s st\u00f8rste udvalg af LOCS solbriller | Vi sender fra EU - Ingen ekstra import udgifter\" \/>\n<meta name=\"robots\" content=\"index, follow, max-snippet:-1, max-image-preview:large, max-video-preview:-1\" \/>\n<link rel=\"canonical\" href=\"https:\/\/locsshop.eu\/en\/shop\/blaa-fit-over-solbriller-monaco-moerke-glas\/\" \/>\n<meta property=\"og:locale\" content=\"en_GB\" \/>\n<meta property=\"og:type\" content=\"article\" \/>\n<meta property=\"og:title\" content=\"Bl\u00e5 Fit-Over Solbriller - Monaco | M\u00f8rke glas | K\u00f8b online her | LOCS\" \/>\n<meta property=\"og:description\" content=\"K\u00f8b Bl\u00e5 Fit-Over Solbriller - Monaco | M\u00f8rke glas her | EU&#039;s st\u00f8rste udvalg af LOCS solbriller | Vi sender fra EU - Ingen ekstra import udgifter\" \/>\n<meta property=\"og:url\" content=\"https:\/\/locsshop.eu\/en\/shop\/blaa-fit-over-solbriller-monaco-moerke-glas\/\" \/>\n<meta property=\"og:site_name\" content=\"Locs Sunglasses - LOCS Supplier in EU\" \/>\n<meta property=\"article:modified_time\" content=\"2025-04-13T05:01:28+00:00\" \/>\n<meta property=\"og:image\" content=\"https:\/\/locsshop.eu\/wp-content\/uploads\/2025\/03\/K2010-BE.jpg\" \/>\n\t<meta property=\"og:image:width\" content=\"800\" \/>\n\t<meta property=\"og:image:height\" content=\"800\" \/>\n\t<meta property=\"og:image:type\" content=\"image\/jpeg\" \/>\n<meta name=\"twitter:card\" content=\"summary_large_image\" \/>\n<meta name=\"twitter:label1\" content=\"Estimated reading time\" \/>\n\t<meta name=\"twitter:data1\" content=\"1 minute\" \/>\n<script type=\"application\/ld+json\" class=\"yoast-schema-graph\">{\"@context\":\"https:\\\/\\\/schema.org\",\"@graph\":[{\"@type\":\"WebPage\",\"@id\":\"https:\\\/\\\/locsshop.eu\\\/shop\\\/blaa-fit-over-solbriller-monaco-moerke-glas\\\/\",\"url\":\"https:\\\/\\\/locsshop.eu\\\/shop\\\/blaa-fit-over-solbriller-monaco-moerke-glas\\\/\",\"name\":\"Bl\u00e5 Fit-Over Solbriller - Monaco | M\u00f8rke glas | K\u00f8b online her | LOCS\",\"isPartOf\":{\"@id\":\"https:\\\/\\\/locsshop.eu\\\/#website\"},\"primaryImageOfPage\":{\"@id\":\"https:\\\/\\\/locsshop.eu\\\/shop\\\/blaa-fit-over-solbriller-monaco-moerke-glas\\\/#primaryimage\"},\"image\":{\"@id\":\"https:\\\/\\\/locsshop.eu\\\/shop\\\/blaa-fit-over-solbriller-monaco-moerke-glas\\\/#primaryimage\"},\"thumbnailUrl\":\"https:\\\/\\\/locsshop.eu\\\/wp-content\\\/uploads\\\/2025\\\/03\\\/K2010-BE.jpg\",\"datePublished\":\"2025-03-20T15:50:42+00:00\",\"dateModified\":\"2025-04-13T05:01:28+00:00\",\"description\":\"K\u00f8b Bl\u00e5 Fit-Over Solbriller - Monaco | M\u00f8rke glas her | EU's st\u00f8rste udvalg af LOCS solbriller | Vi sender fra EU - Ingen ekstra import udgifter\",\"breadcrumb\":{\"@id\":\"https:\\\/\\\/locsshop.eu\\\/shop\\\/blaa-fit-over-solbriller-monaco-moerke-glas\\\/#breadcrumb\"},\"inLanguage\":\"en-GB\",\"potentialAction\":[{\"@type\":\"ReadAction\",\"target\":[\"https:\\\/\\\/locsshop.eu\\\/shop\\\/blaa-fit-over-solbriller-monaco-moerke-glas\\\/\"]}]},{\"@type\":\"ImageObject\",\"inLanguage\":\"en-GB\",\"@id\":\"https:\\\/\\\/locsshop.eu\\\/shop\\\/blaa-fit-over-solbriller-monaco-moerke-glas\\\/#primaryimage\",\"url\":\"https:\\\/\\\/locsshop.eu\\\/wp-content\\\/uploads\\\/2025\\\/03\\\/K2010-BE.jpg\",\"contentUrl\":\"https:\\\/\\\/locsshop.eu\\\/wp-content\\\/uploads\\\/2025\\\/03\\\/K2010-BE.jpg\",\"width\":800,\"height\":800},{\"@type\":\"BreadcrumbList\",\"@id\":\"https:\\\/\\\/locsshop.eu\\\/shop\\\/blaa-fit-over-solbriller-monaco-moerke-glas\\\/#breadcrumb\",\"itemListElement\":[{\"@type\":\"ListItem\",\"position\":1,\"name\":\"Hjem\",\"item\":\"https:\\\/\\\/locsshop.eu\\\/\"},{\"@type\":\"ListItem\",\"position\":2,\"name\":\"Shop\",\"item\":\"https:\\\/\\\/locsshop.eu\\\/shop\\\/\"},{\"@type\":\"ListItem\",\"position\":3,\"name\":\"Bl\u00e5 Fit-Over Solbriller &#8211; Monaco | M\u00f8rke glas\"}]},{\"@type\":\"WebSite\",\"@id\":\"https:\\\/\\\/locsshop.eu\\\/#website\",\"url\":\"https:\\\/\\\/locsshop.eu\\\/\",\"name\":\"Locs Sunglasses - LOCS Supplier in EU\",\"description\":\"We sell cheap LOCS Sunglasses\",\"publisher\":{\"@id\":\"https:\\\/\\\/locsshop.eu\\\/#organization\"},\"potentialAction\":[{\"@type\":\"SearchAction\",\"target\":{\"@type\":\"EntryPoint\",\"urlTemplate\":\"https:\\\/\\\/locsshop.eu\\\/?s={search_term_string}\"},\"query-input\":{\"@type\":\"PropertyValueSpecification\",\"valueRequired\":true,\"valueName\":\"search_term_string\"}}],\"inLanguage\":\"en-GB\"},{\"@type\":\"Organization\",\"@id\":\"https:\\\/\\\/locsshop.eu\\\/#organization\",\"name\":\"Locsshop.eu\",\"url\":\"https:\\\/\\\/locsshop.eu\\\/\",\"logo\":{\"@type\":\"ImageObject\",\"inLanguage\":\"en-GB\",\"@id\":\"https:\\\/\\\/locsshop.eu\\\/#\\\/schema\\\/logo\\\/image\\\/\",\"url\":\"https:\\\/\\\/locsshop.eu\\\/wp-content\\\/uploads\\\/2022\\\/02\\\/Locsshop-logo.png\",\"contentUrl\":\"https:\\\/\\\/locsshop.eu\\\/wp-content\\\/uploads\\\/2022\\\/02\\\/Locsshop-logo.png\",\"width\":930,\"height\":200,\"caption\":\"Locsshop.eu\"},\"image\":{\"@id\":\"https:\\\/\\\/locsshop.eu\\\/#\\\/schema\\\/logo\\\/image\\\/\"}}]}<\/script>\n<!-- \/ Yoast SEO plugin. -->","yoast_head_json":{"title":"Blue Fit-Over Sunglasses - Monaco | Dark lenses | Buy online here | LOCS","description":"Buy Blue Fit-Over Sunglasses - Monaco | Dark lenses here | EU&#039;s largest selection of LOCS sunglasses | We ship from the EU - No additional import costs","robots":{"index":"index","follow":"follow","max-snippet":"max-snippet:-1","max-image-preview":"max-image-preview:large","max-video-preview":"max-video-preview:-1"},"canonical":"https:\/\/locsshop.eu\/en\/shop\/blaa-fit-over-solbriller-monaco-moerke-glas\/","og_locale":"en_GB","og_type":"article","og_title":"Bl\u00e5 Fit-Over Solbriller - Monaco | M\u00f8rke glas | K\u00f8b online her | LOCS","og_description":"K\u00f8b Bl\u00e5 Fit-Over Solbriller - Monaco | M\u00f8rke glas her | EU's st\u00f8rste udvalg af LOCS solbriller | Vi sender fra EU - Ingen ekstra import udgifter","og_url":"https:\/\/locsshop.eu\/en\/shop\/blaa-fit-over-solbriller-monaco-moerke-glas\/","og_site_name":"Locs Sunglasses - LOCS Supplier in EU","article_modified_time":"2025-04-13T05:01:28+00:00","og_image":[{"width":800,"height":800,"url":"https:\/\/locsshop.eu\/wp-content\/uploads\/2025\/03\/K2010-BE.jpg","type":"image\/jpeg"}],"twitter_card":"summary_large_image","twitter_misc":{"Estimated reading time":"1 minute"},"schema":{"@context":"https:\/\/schema.org","@graph":[{"@type":"WebPage","@id":"https:\/\/locsshop.eu\/shop\/blaa-fit-over-solbriller-monaco-moerke-glas\/","url":"https:\/\/locsshop.eu\/shop\/blaa-fit-over-solbriller-monaco-moerke-glas\/","name":"Blue Fit-Over Sunglasses - Monaco | Dark lenses | Buy online here | LOCS","isPartOf":{"@id":"https:\/\/locsshop.eu\/#website"},"primaryImageOfPage":{"@id":"https:\/\/locsshop.eu\/shop\/blaa-fit-over-solbriller-monaco-moerke-glas\/#primaryimage"},"image":{"@id":"https:\/\/locsshop.eu\/shop\/blaa-fit-over-solbriller-monaco-moerke-glas\/#primaryimage"},"thumbnailUrl":"https:\/\/locsshop.eu\/wp-content\/uploads\/2025\/03\/K2010-BE.jpg","datePublished":"2025-03-20T15:50:42+00:00","dateModified":"2025-04-13T05:01:28+00:00","description":"Buy Blue Fit-Over Sunglasses - Monaco | Dark lenses here | EU&#039;s largest selection of LOCS sunglasses | We ship from the EU - No additional import costs","breadcrumb":{"@id":"https:\/\/locsshop.eu\/shop\/blaa-fit-over-solbriller-monaco-moerke-glas\/#breadcrumb"},"inLanguage":"en-GB","potentialAction":[{"@type":"ReadAction","target":["https:\/\/locsshop.eu\/shop\/blaa-fit-over-solbriller-monaco-moerke-glas\/"]}]},{"@type":"ImageObject","inLanguage":"en-GB","@id":"https:\/\/locsshop.eu\/shop\/blaa-fit-over-solbriller-monaco-moerke-glas\/#primaryimage","url":"https:\/\/locsshop.eu\/wp-content\/uploads\/2025\/03\/K2010-BE.jpg","contentUrl":"https:\/\/locsshop.eu\/wp-content\/uploads\/2025\/03\/K2010-BE.jpg","width":800,"height":800},{"@type":"BreadcrumbList","@id":"https:\/\/locsshop.eu\/shop\/blaa-fit-over-solbriller-monaco-moerke-glas\/#breadcrumb","itemListElement":[{"@type":"ListItem","position":1,"name":"Hjem","item":"https:\/\/locsshop.eu\/"},{"@type":"ListItem","position":2,"name":"Shop","item":"https:\/\/locsshop.eu\/shop\/"},{"@type":"ListItem","position":3,"name":"Bl\u00e5 Fit-Over Solbriller &#8211; Monaco | M\u00f8rke glas"}]},{"@type":"WebSite","@id":"https:\/\/locsshop.eu\/#website","url":"https:\/\/locsshop.eu\/","name":"Locs Sunglasses - LOCS Supplier in EU","description":"We sell cheap LOCS Sunglasses","publisher":{"@id":"https:\/\/locsshop.eu\/#organization"},"potentialAction":[{"@type":"SearchAction","target":{"@type":"EntryPoint","urlTemplate":"https:\/\/locsshop.eu\/?s={search_term_string}"},"query-input":{"@type":"PropertyValueSpecification","valueRequired":true,"valueName":"search_term_string"}}],"inLanguage":"en-GB"},{"@type":"Organization","@id":"https:\/\/locsshop.eu\/#organization","name":"Locsshop.eu","url":"https:\/\/locsshop.eu\/","logo":{"@type":"ImageObject","inLanguage":"en-GB","@id":"https:\/\/locsshop.eu\/#\/schema\/logo\/image\/","url":"https:\/\/locsshop.eu\/wp-content\/uploads\/2022\/02\/Locsshop-logo.png","contentUrl":"https:\/\/locsshop.eu\/wp-content\/uploads\/2022\/02\/Locsshop-logo.png","width":930,"height":200,"caption":"Locsshop.eu"},"image":{"@id":"https:\/\/locsshop.eu\/#\/schema\/logo\/image\/"}}]}},"_links":{"self":[{"href":"https:\/\/locsshop.eu\/en\/wp-json\/wp\/v2\/product\/13861","targetHints":{"allow":["GET"]}}],"collection":[{"href":"https:\/\/locsshop.eu\/en\/wp-json\/wp\/v2\/product"}],"about":[{"href":"https:\/\/locsshop.eu\/en\/wp-json\/wp\/v2\/types\/product"}],"replies":[{"embeddable":true,"href":"https:\/\/locsshop.eu\/en\/wp-json\/wp\/v2\/comments?post=13861"}],"wp:featuredmedia":[{"embeddable":true,"href":"https:\/\/locsshop.eu\/en\/wp-json\/wp\/v2\/media\/13860"}],"wp:attachment":[{"href":"https:\/\/locsshop.eu\/en\/wp-json\/wp\/v2\/media?parent=13861"}],"wp:term":[{"taxonomy":"product_brand","embeddable":true,"href":"https:\/\/locsshop.eu\/en\/wp-json\/wp\/v2\/product_brand?post=13861"},{"taxonomy":"product_cat","embeddable":true,"href":"https:\/\/locsshop.eu\/en\/wp-json\/wp\/v2\/product_cat?post=13861"},{"taxonomy":"product_tag","embeddable":true,"href":"https:\/\/locsshop.eu\/en\/wp-json\/wp\/v2\/product_tag?post=13861"}],"curies":[{"name":"wp","href":"https:\/\/api.w.org\/{rel}","templated":true}]}}