{"id":14156,"date":"2025-07-04T11:04:58","date_gmt":"2025-07-04T09:04:58","guid":{"rendered":"https:\/\/locsshop.eu\/shop\/x-loop-solbriller-sporty-x-orange-stel-blaa-spejlglas\/"},"modified":"2025-07-04T22:28:28","modified_gmt":"2025-07-04T20:28:28","slug":"x-loop-solbriller-sporty-x-orange-stel-blaa-spejlglas","status":"publish","type":"product","link":"https:\/\/locsshop.eu\/en\/shop\/x-loop-solbriller-sporty-x-orange-stel-blaa-spejlglas\/","title":{"rendered":"X-Loop Sunglasses \u2013 Sporty-X | Orange Frame \u2013 Blue Mirror Lenses"},"content":{"rendered":"<h2><strong>Sports rubber-coated speed sunglasses for the optimal sports experience in the sun.<\/strong><\/h2>\n<h4>Super cool sunglasses with a matte rubber surface that feels comfortable, plus there are metal X-Loop logos on the temples.<\/h4>\n<p>The poles have soft movable ends that provide a good feel and comfortable fit.<br \/>\nThe nose tip is made of rubber so you get an optimal experience when wearing them. Especially when doing sports like running, cycling, sailing and all other sports. .<\/p>\n<p>Fantastic sunglasses for the price. Here you get an optimal sports sunglasses at a really good low price, compared to the big brands on the market.<\/p>\n<p>Fits both men and women. Buy them before they sell out.<\/p>\n<h4><\/h4>\n<h4><img loading=\"lazy\" decoding=\"async\" class=\"alignnone wp-image-12490 size-full\" src=\"https:\/\/bazarsalg.dk\/wp-content\/uploads\/xloop_wholesale_sunglasses_logo.gif\" alt=\"\" width=\"150\" height=\"80\" \/><\/h4>\n<p>&nbsp;<\/p>\n<table style=\"width: 100%;border-collapse: collapse;border-style: dashed\" border=\"1\">\n<tbody>\n<tr>\n<td style=\"width: 100%\">\n<h2 style=\"text-align: center\"><strong>The size of the sunglasses<\/strong><\/h2>\n<\/td>\n<\/tr>\n<\/tbody>\n<\/table>\n<table style=\"width: 100%;border-collapse: collapse;border-style: hidden;margin-left: auto;margin-right: auto\" border=\"1\" cellspacing=\"20\" cellpadding=\"20\">\n<tbody>\n<tr>\n<td style=\"width: 33.3333%;text-align: center\"><strong><img decoding=\"async\" src=\"https:\/\/bazarsalg.dk\/wp-content\/uploads\/bredde.png\" \/><\/strong><\/td>\n<td style=\"width: 33.3333%;text-align: center\"><strong>Inside width<\/strong><\/td>\n<td style=\"width: 33.3333%;text-align: center\"><strong>14.5 cm.<\/strong><\/td>\n<\/tr>\n<tr>\n<td style=\"width: 33.3333%;text-align: center\"><strong><img decoding=\"async\" src=\"https:\/\/bazarsalg.dk\/wp-content\/uploads\/hoejde.png\" \/><\/strong><\/td>\n<td style=\"width: 33.3333%;text-align: center\"><strong>Height<\/strong><\/td>\n<td style=\"width: 33.3333%;text-align: center\"><strong>6 cm.<\/strong><\/td>\n<\/tr>\n<tr>\n<td style=\"width: 33.3333%;text-align: center\"><strong><img decoding=\"async\" src=\"https:\/\/bazarsalg.dk\/wp-content\/uploads\/stang.png\" \/><\/strong><\/td>\n<td style=\"width: 33.3333%;text-align: center\"><strong>Side length<\/strong><\/td>\n<td style=\"width: 33.3333%;text-align: center\"><strong>12.5 cm.<\/strong><\/td>\n<\/tr>\n<tr>\n<td style=\"width: 33.3333%;text-align: center\"><strong><img decoding=\"async\" src=\"https:\/\/bazarsalg.dk\/wp-content\/uploads\/glas-bredde.png\" \/><\/strong><\/td>\n<td style=\"width: 33.3333%;text-align: center\"><strong>Glass Width<\/strong><\/td>\n<td style=\"width: 33.3333%;text-align: center\"><strong>14 cm.<\/strong><\/td>\n<\/tr>\n<tr>\n<td style=\"width: 33.3333%;text-align: center\"><strong><img decoding=\"async\" src=\"https:\/\/bazarsalg.dk\/wp-content\/uploads\/bredde-naese.png\" \/><\/strong><\/td>\n<td style=\"width: 33.3333%;text-align: center\"><strong>Space between glass<\/strong><\/td>\n<td style=\"width: 33.3333%;text-align: center\"><strong>- cm.<\/strong><\/td>\n<\/tr>\n<\/tbody>\n<\/table>\n<p>&nbsp;<\/p>\n<h4><em>About X-Loop<\/em><\/h4>\n<p>X-Loop sunglasses are an exclusive brand of sports sunglasses. All X-Loop sunglasses are made from the highest quality plastics and metals. Many models of X Loop designed sunglasses feature wraparound frames and rubber, anti-slip nose pads. X-Loop sunglasses are a popular choice for those who want both style and function. They provide a sleek and modern look while providing maximum protection from harmful UV rays.<br \/>\nX-Loop sunglasses are perfect for outdoor activities such as fishing, skiing or sailing. The frame of the X-Loop sunglasses is made of light and durable materials that ensure long-term use and comfort. With different colors and designs, there is an X-Loop style to suit every personality and every need.<\/p>\n<table style=\"width: 100%;border-collapse: collapse;border-style: hidden;margin-left: auto;margin-right: auto\" border=\"1\" cellspacing=\"50\" cellpadding=\"20\">\n<caption>\u00a0<\/caption>\n<caption>\u00a0<\/caption>\n<tbody>\n<tr>\n<td style=\"width: 25%;text-align: center\"><img decoding=\"async\" class=\"aligncenter\" src=\"https:\/\/bazarsalg.dk\/wp-content\/uploads\/UV.png\" \/><\/td>\n<td style=\"width: 25%;text-align: center\"><img decoding=\"async\" src=\"https:\/\/bazarsalg.dk\/wp-content\/uploads\/ce.png\" \/><\/td>\n<td style=\"width: 25%;text-align: center\"><img decoding=\"async\" src=\"https:\/\/bazarsalg.dk\/wp-content\/uploads\/box.png\" \/><\/td>\n<\/tr>\n<tr>\n<td style=\"width: 25%;text-align: center\"><strong>The sunglasses have UV400 protection<\/strong><\/p>\n<p>Blocks 99 to 100 percent of all UVA and UVB rays and protects your eyes from the sun&#039;s rays.<\/td>\n<td style=\"width: 25%;text-align: center\"><strong>CE Approved <\/strong><\/p>\n<p>The sunglasses meet all legal requirements in the EU, which ensures that your sunglasses are tested and approved.<\/td>\n<td style=\"width: 25%;text-align: center\"><strong>Sent in a cardboard box so they don&#039;t break <\/strong><\/p>\n<p>We always pack sunglasses securely so that they arrive in good condition.<\/td>\n<\/tr>\n<\/tbody>\n<\/table>","protected":false},"excerpt":{"rendered":"<p><strong>X-LOOP \u2013 8X3679<\/strong><br \/>\n<img loading=\"lazy\" decoding=\"async\" class=\"alignnone size-full wp-image-12490\" src=\"https:\/\/bazarsalg.dk\/wp-content\/uploads\/xloop_wholesale_sunglasses_logo.gif\" alt=\"\" width=\"150\" height=\"80\" \/><br \/>\nRubber ends on the bars \u2013 For better grip<br \/>\nRubber nose tip \u2013 Ensures they stay in place and feel more comfortable.<br \/>\nSoft rubber surface \u2013 Good when sweating<br \/>\nGreat sunglasses for all kinds of sports.<\/p>\n<p>UV400<br \/>\nCE Approved<\/p>","protected":false},"featured_media":14155,"comment_status":"open","ping_status":"closed","template":"","meta":{"om_disable_all_campaigns":false,"_monsterinsights_skip_tracking":false,"_monsterinsights_sitenote_active":false,"_monsterinsights_sitenote_note":"","_monsterinsights_sitenote_category":0},"product_brand":[],"product_cat":[1026,1029,1025,1046,1546,1049,1401],"product_tag":[1614,1548,870,559,1400],"class_list":{"0":"post-14156","1":"product","2":"type-product","3":"status-publish","4":"has-post-thumbnail","6":"product_cat-dame-solbriller","7":"product_cat-herre-solbriller","8":"product_cat-billige-solbriller","9":"product_cat-cykelbriller","10":"product_cat-hurtigbriller","11":"product_cat-premium-solbriller","12":"product_cat-xloop","13":"product_tag-8x3679","14":"product_tag-hurtigbriller","15":"product_tag-p693","16":"product_tag-sport","17":"product_tag-x-loop","19":"first","20":"instock","21":"shipping-taxable","22":"purchasable","23":"product-type-simple"},"yoast_head":"<!-- This site is optimized with the Yoast SEO plugin v27.5 - https:\/\/yoast.com\/product\/yoast-seo-wordpress\/ -->\n<title>X-Loop Solbriller - Sporty-X | Orange stel - Bl\u00e5 spejlglas | K\u00f8b online her | LOCS<\/title>\n<meta name=\"description\" content=\"K\u00f8b X-Loop Solbriller - Sporty-X | Orange stel - Bl\u00e5 spejlglas her | EU&#039;s st\u00f8rste udvalg af LOCS solbriller | Vi sender fra EU - Ingen ekstra import udgifter\" \/>\n<meta name=\"robots\" content=\"index, follow, max-snippet:-1, max-image-preview:large, max-video-preview:-1\" \/>\n<link rel=\"canonical\" href=\"https:\/\/locsshop.eu\/en\/shop\/x-loop-solbriller-sporty-x-orange-stel-blaa-spejlglas\/\" \/>\n<meta property=\"og:locale\" content=\"en_GB\" \/>\n<meta property=\"og:type\" content=\"article\" \/>\n<meta property=\"og:title\" content=\"X-Loop Solbriller - Sporty-X | Orange stel - Bl\u00e5 spejlglas | K\u00f8b online her | LOCS\" \/>\n<meta property=\"og:description\" content=\"K\u00f8b X-Loop Solbriller - Sporty-X | Orange stel - Bl\u00e5 spejlglas her | EU&#039;s st\u00f8rste udvalg af LOCS solbriller | Vi sender fra EU - Ingen ekstra import udgifter\" \/>\n<meta property=\"og:url\" content=\"https:\/\/locsshop.eu\/en\/shop\/x-loop-solbriller-sporty-x-orange-stel-blaa-spejlglas\/\" \/>\n<meta property=\"og:site_name\" content=\"Locs Sunglasses - LOCS Supplier in EU\" \/>\n<meta property=\"article:modified_time\" content=\"2025-07-04T20:28:28+00:00\" \/>\n<meta property=\"og:image\" content=\"https:\/\/locsshop.eu\/wp-content\/uploads\/2025\/07\/8X3679-OE.jpg\" \/>\n\t<meta property=\"og:image:width\" content=\"800\" \/>\n\t<meta property=\"og:image:height\" content=\"800\" \/>\n\t<meta property=\"og:image:type\" content=\"image\/jpeg\" \/>\n<meta name=\"twitter:card\" content=\"summary_large_image\" \/>\n<meta name=\"twitter:label1\" content=\"Estimated reading time\" \/>\n\t<meta name=\"twitter:data1\" content=\"2 minutes\" \/>\n<script type=\"application\/ld+json\" class=\"yoast-schema-graph\">{\"@context\":\"https:\\\/\\\/schema.org\",\"@graph\":[{\"@type\":\"WebPage\",\"@id\":\"https:\\\/\\\/locsshop.eu\\\/shop\\\/x-loop-solbriller-sporty-x-orange-stel-blaa-spejlglas\\\/\",\"url\":\"https:\\\/\\\/locsshop.eu\\\/shop\\\/x-loop-solbriller-sporty-x-orange-stel-blaa-spejlglas\\\/\",\"name\":\"X-Loop Solbriller - Sporty-X | Orange stel - Bl\u00e5 spejlglas | K\u00f8b online her | LOCS\",\"isPartOf\":{\"@id\":\"https:\\\/\\\/locsshop.eu\\\/#website\"},\"primaryImageOfPage\":{\"@id\":\"https:\\\/\\\/locsshop.eu\\\/shop\\\/x-loop-solbriller-sporty-x-orange-stel-blaa-spejlglas\\\/#primaryimage\"},\"image\":{\"@id\":\"https:\\\/\\\/locsshop.eu\\\/shop\\\/x-loop-solbriller-sporty-x-orange-stel-blaa-spejlglas\\\/#primaryimage\"},\"thumbnailUrl\":\"https:\\\/\\\/locsshop.eu\\\/wp-content\\\/uploads\\\/2025\\\/07\\\/8X3679-OE.jpg\",\"datePublished\":\"2025-07-04T09:04:58+00:00\",\"dateModified\":\"2025-07-04T20:28:28+00:00\",\"description\":\"K\u00f8b X-Loop Solbriller - Sporty-X | Orange stel - Bl\u00e5 spejlglas her | EU's st\u00f8rste udvalg af LOCS solbriller | Vi sender fra EU - Ingen ekstra import udgifter\",\"breadcrumb\":{\"@id\":\"https:\\\/\\\/locsshop.eu\\\/shop\\\/x-loop-solbriller-sporty-x-orange-stel-blaa-spejlglas\\\/#breadcrumb\"},\"inLanguage\":\"en-GB\",\"potentialAction\":[{\"@type\":\"ReadAction\",\"target\":[\"https:\\\/\\\/locsshop.eu\\\/shop\\\/x-loop-solbriller-sporty-x-orange-stel-blaa-spejlglas\\\/\"]}]},{\"@type\":\"ImageObject\",\"inLanguage\":\"en-GB\",\"@id\":\"https:\\\/\\\/locsshop.eu\\\/shop\\\/x-loop-solbriller-sporty-x-orange-stel-blaa-spejlglas\\\/#primaryimage\",\"url\":\"https:\\\/\\\/locsshop.eu\\\/wp-content\\\/uploads\\\/2025\\\/07\\\/8X3679-OE.jpg\",\"contentUrl\":\"https:\\\/\\\/locsshop.eu\\\/wp-content\\\/uploads\\\/2025\\\/07\\\/8X3679-OE.jpg\",\"width\":800,\"height\":800},{\"@type\":\"BreadcrumbList\",\"@id\":\"https:\\\/\\\/locsshop.eu\\\/shop\\\/x-loop-solbriller-sporty-x-orange-stel-blaa-spejlglas\\\/#breadcrumb\",\"itemListElement\":[{\"@type\":\"ListItem\",\"position\":1,\"name\":\"Hjem\",\"item\":\"https:\\\/\\\/locsshop.eu\\\/\"},{\"@type\":\"ListItem\",\"position\":2,\"name\":\"Shop\",\"item\":\"https:\\\/\\\/locsshop.eu\\\/shop\\\/\"},{\"@type\":\"ListItem\",\"position\":3,\"name\":\"X-Loop Solbriller &#8211; Sporty-X | Orange stel &#8211; Bl\u00e5 spejlglas\"}]},{\"@type\":\"WebSite\",\"@id\":\"https:\\\/\\\/locsshop.eu\\\/#website\",\"url\":\"https:\\\/\\\/locsshop.eu\\\/\",\"name\":\"Locs Sunglasses - LOCS Supplier in EU\",\"description\":\"We sell cheap LOCS Sunglasses\",\"publisher\":{\"@id\":\"https:\\\/\\\/locsshop.eu\\\/#organization\"},\"potentialAction\":[{\"@type\":\"SearchAction\",\"target\":{\"@type\":\"EntryPoint\",\"urlTemplate\":\"https:\\\/\\\/locsshop.eu\\\/?s={search_term_string}\"},\"query-input\":{\"@type\":\"PropertyValueSpecification\",\"valueRequired\":true,\"valueName\":\"search_term_string\"}}],\"inLanguage\":\"en-GB\"},{\"@type\":\"Organization\",\"@id\":\"https:\\\/\\\/locsshop.eu\\\/#organization\",\"name\":\"Locsshop.eu\",\"url\":\"https:\\\/\\\/locsshop.eu\\\/\",\"logo\":{\"@type\":\"ImageObject\",\"inLanguage\":\"en-GB\",\"@id\":\"https:\\\/\\\/locsshop.eu\\\/#\\\/schema\\\/logo\\\/image\\\/\",\"url\":\"https:\\\/\\\/locsshop.eu\\\/wp-content\\\/uploads\\\/2022\\\/02\\\/Locsshop-logo.png\",\"contentUrl\":\"https:\\\/\\\/locsshop.eu\\\/wp-content\\\/uploads\\\/2022\\\/02\\\/Locsshop-logo.png\",\"width\":930,\"height\":200,\"caption\":\"Locsshop.eu\"},\"image\":{\"@id\":\"https:\\\/\\\/locsshop.eu\\\/#\\\/schema\\\/logo\\\/image\\\/\"}}]}<\/script>\n<!-- \/ Yoast SEO plugin. -->","yoast_head_json":{"title":"X-Loop Sunglasses - Sporty-X | Orange frame - Blue mirrored lenses | Buy online here | LOCS","description":"Buy X-Loop Sunglasses - Sporty-X | Orange frame - Blue mirrored lenses here | EU&#039;s largest selection of LOCS sunglasses | We ship from the EU - No additional import costs","robots":{"index":"index","follow":"follow","max-snippet":"max-snippet:-1","max-image-preview":"max-image-preview:large","max-video-preview":"max-video-preview:-1"},"canonical":"https:\/\/locsshop.eu\/en\/shop\/x-loop-solbriller-sporty-x-orange-stel-blaa-spejlglas\/","og_locale":"en_GB","og_type":"article","og_title":"X-Loop Solbriller - Sporty-X | Orange stel - Bl\u00e5 spejlglas | K\u00f8b online her | LOCS","og_description":"K\u00f8b X-Loop Solbriller - Sporty-X | Orange stel - Bl\u00e5 spejlglas her | EU's st\u00f8rste udvalg af LOCS solbriller | Vi sender fra EU - Ingen ekstra import udgifter","og_url":"https:\/\/locsshop.eu\/en\/shop\/x-loop-solbriller-sporty-x-orange-stel-blaa-spejlglas\/","og_site_name":"Locs Sunglasses - LOCS Supplier in EU","article_modified_time":"2025-07-04T20:28:28+00:00","og_image":[{"width":800,"height":800,"url":"https:\/\/locsshop.eu\/wp-content\/uploads\/2025\/07\/8X3679-OE.jpg","type":"image\/jpeg"}],"twitter_card":"summary_large_image","twitter_misc":{"Estimated reading time":"2 minutes"},"schema":{"@context":"https:\/\/schema.org","@graph":[{"@type":"WebPage","@id":"https:\/\/locsshop.eu\/shop\/x-loop-solbriller-sporty-x-orange-stel-blaa-spejlglas\/","url":"https:\/\/locsshop.eu\/shop\/x-loop-solbriller-sporty-x-orange-stel-blaa-spejlglas\/","name":"X-Loop Sunglasses - Sporty-X | Orange frame - Blue mirrored lenses | Buy online here | LOCS","isPartOf":{"@id":"https:\/\/locsshop.eu\/#website"},"primaryImageOfPage":{"@id":"https:\/\/locsshop.eu\/shop\/x-loop-solbriller-sporty-x-orange-stel-blaa-spejlglas\/#primaryimage"},"image":{"@id":"https:\/\/locsshop.eu\/shop\/x-loop-solbriller-sporty-x-orange-stel-blaa-spejlglas\/#primaryimage"},"thumbnailUrl":"https:\/\/locsshop.eu\/wp-content\/uploads\/2025\/07\/8X3679-OE.jpg","datePublished":"2025-07-04T09:04:58+00:00","dateModified":"2025-07-04T20:28:28+00:00","description":"Buy X-Loop Sunglasses - Sporty-X | Orange frame - Blue mirrored lenses here | EU&#039;s largest selection of LOCS sunglasses | We ship from the EU - No additional import costs","breadcrumb":{"@id":"https:\/\/locsshop.eu\/shop\/x-loop-solbriller-sporty-x-orange-stel-blaa-spejlglas\/#breadcrumb"},"inLanguage":"en-GB","potentialAction":[{"@type":"ReadAction","target":["https:\/\/locsshop.eu\/shop\/x-loop-solbriller-sporty-x-orange-stel-blaa-spejlglas\/"]}]},{"@type":"ImageObject","inLanguage":"en-GB","@id":"https:\/\/locsshop.eu\/shop\/x-loop-solbriller-sporty-x-orange-stel-blaa-spejlglas\/#primaryimage","url":"https:\/\/locsshop.eu\/wp-content\/uploads\/2025\/07\/8X3679-OE.jpg","contentUrl":"https:\/\/locsshop.eu\/wp-content\/uploads\/2025\/07\/8X3679-OE.jpg","width":800,"height":800},{"@type":"BreadcrumbList","@id":"https:\/\/locsshop.eu\/shop\/x-loop-solbriller-sporty-x-orange-stel-blaa-spejlglas\/#breadcrumb","itemListElement":[{"@type":"ListItem","position":1,"name":"Hjem","item":"https:\/\/locsshop.eu\/"},{"@type":"ListItem","position":2,"name":"Shop","item":"https:\/\/locsshop.eu\/shop\/"},{"@type":"ListItem","position":3,"name":"X-Loop Solbriller &#8211; Sporty-X | Orange stel &#8211; Bl\u00e5 spejlglas"}]},{"@type":"WebSite","@id":"https:\/\/locsshop.eu\/#website","url":"https:\/\/locsshop.eu\/","name":"Locs Sunglasses - LOCS Supplier in EU","description":"We sell cheap LOCS Sunglasses","publisher":{"@id":"https:\/\/locsshop.eu\/#organization"},"potentialAction":[{"@type":"SearchAction","target":{"@type":"EntryPoint","urlTemplate":"https:\/\/locsshop.eu\/?s={search_term_string}"},"query-input":{"@type":"PropertyValueSpecification","valueRequired":true,"valueName":"search_term_string"}}],"inLanguage":"en-GB"},{"@type":"Organization","@id":"https:\/\/locsshop.eu\/#organization","name":"Locsshop.eu","url":"https:\/\/locsshop.eu\/","logo":{"@type":"ImageObject","inLanguage":"en-GB","@id":"https:\/\/locsshop.eu\/#\/schema\/logo\/image\/","url":"https:\/\/locsshop.eu\/wp-content\/uploads\/2022\/02\/Locsshop-logo.png","contentUrl":"https:\/\/locsshop.eu\/wp-content\/uploads\/2022\/02\/Locsshop-logo.png","width":930,"height":200,"caption":"Locsshop.eu"},"image":{"@id":"https:\/\/locsshop.eu\/#\/schema\/logo\/image\/"}}]}},"_links":{"self":[{"href":"https:\/\/locsshop.eu\/en\/wp-json\/wp\/v2\/product\/14156","targetHints":{"allow":["GET"]}}],"collection":[{"href":"https:\/\/locsshop.eu\/en\/wp-json\/wp\/v2\/product"}],"about":[{"href":"https:\/\/locsshop.eu\/en\/wp-json\/wp\/v2\/types\/product"}],"replies":[{"embeddable":true,"href":"https:\/\/locsshop.eu\/en\/wp-json\/wp\/v2\/comments?post=14156"}],"wp:featuredmedia":[{"embeddable":true,"href":"https:\/\/locsshop.eu\/en\/wp-json\/wp\/v2\/media\/14155"}],"wp:attachment":[{"href":"https:\/\/locsshop.eu\/en\/wp-json\/wp\/v2\/media?parent=14156"}],"wp:term":[{"taxonomy":"product_brand","embeddable":true,"href":"https:\/\/locsshop.eu\/en\/wp-json\/wp\/v2\/product_brand?post=14156"},{"taxonomy":"product_cat","embeddable":true,"href":"https:\/\/locsshop.eu\/en\/wp-json\/wp\/v2\/product_cat?post=14156"},{"taxonomy":"product_tag","embeddable":true,"href":"https:\/\/locsshop.eu\/en\/wp-json\/wp\/v2\/product_tag?post=14156"}],"curies":[{"name":"wp","href":"https:\/\/api.w.org\/{rel}","templated":true}]}}