{"id":14265,"date":"2025-07-05T14:41:01","date_gmt":"2025-07-05T12:41:01","guid":{"rendered":"https:\/\/locsshop.eu\/shop\/soelv-manhattan-millionaire-solbriller-archie-fade-glas-let-blaat-spejlglas\/"},"modified":"2025-12-01T22:35:08","modified_gmt":"2025-12-01T21:35:08","slug":"soelv-manhattan-millionaire-solbriller-archie-fade-glas-let-blaat-spejlglas","status":"publish","type":"product","link":"https:\/\/locsshop.eu\/en\/shop\/soelv-manhattan-millionaire-solbriller-archie-fade-glas-let-blaat-spejlglas\/","title":{"rendered":"Silver Manhattan Millionaire Sunglasses \u2013 Archie | Fade Lenses \u2013 Light Blue Mirror Lenses"},"content":{"rendered":"<h2><strong>Metal Millionaire sunglasses with matte lenses and blue mirror effect.<\/strong><\/h2>\n<h4>Super cool Millionaire sunglasses that will make you look like a millionaire everywhere you go.<br \/>\nThe beautiful details elevate the sunglasses to the highest level.<\/h4>\n<p>The temples are made of metal and the ends are made of plastic. The tinted glass is not very dark which makes this good for wearing indoors or in the evening.<\/p>\n<p>Fantastic sunglasses for the price. Here you get an optimal pair of sunglasses at a really good low price, compared to the big brands on the market.<\/p>\n<p>Fits both men and women. Buy them before they sell out.<\/p>\n<h4><\/h4>\n<h4><img loading=\"lazy\" decoding=\"async\" class=\"alignnone wp-image-15438 size-full\" src=\"https:\/\/bazarsalg.dk\/wp-content\/uploads\/Mahattan-Logo-medium.jpg\" alt=\"\" width=\"403\" height=\"70\" \/><\/h4>\n<p>&nbsp;<\/p>\n<table style=\"width: 100%;border-collapse: collapse;border-style: dashed\" border=\"1\">\n<tbody>\n<tr>\n<td style=\"width: 100%\">\n<h2 style=\"text-align: center\"><strong>The size of the sunglasses<\/strong><\/h2>\n<\/td>\n<\/tr>\n<\/tbody>\n<\/table>\n<table style=\"width: 100%;border-collapse: collapse;border-style: hidden;margin-left: auto;margin-right: auto\" border=\"1\" cellspacing=\"20\" cellpadding=\"20\">\n<tbody>\n<tr>\n<td style=\"width: 33.3333%;text-align: center\"><strong><img decoding=\"async\" src=\"https:\/\/bazarsalg.dk\/wp-content\/uploads\/bredde.png\" \/><\/strong><\/td>\n<td style=\"width: 33.3333%;text-align: center\"><strong>Inside width<\/strong><\/td>\n<td style=\"width: 33.3333%;text-align: center\"><strong>14.4 cm.<\/strong><\/td>\n<\/tr>\n<tr>\n<td style=\"width: 33.3333%;text-align: center\"><strong><img decoding=\"async\" src=\"https:\/\/bazarsalg.dk\/wp-content\/uploads\/hoejde.png\" \/><\/strong><\/td>\n<td style=\"width: 33.3333%;text-align: center\"><strong>Height<\/strong><\/td>\n<td style=\"width: 33.3333%;text-align: center\"><strong>5.3 cm.<\/strong><\/td>\n<\/tr>\n<tr>\n<td style=\"width: 33.3333%;text-align: center\"><strong><img decoding=\"async\" src=\"https:\/\/bazarsalg.dk\/wp-content\/uploads\/stang.png\" \/><\/strong><\/td>\n<td style=\"width: 33.3333%;text-align: center\"><strong>Side length<\/strong><\/td>\n<td style=\"width: 33.3333%;text-align: center\"><strong>14.6 cm.<\/strong><\/td>\n<\/tr>\n<tr>\n<td style=\"width: 33.3333%;text-align: center\"><strong><img decoding=\"async\" src=\"https:\/\/bazarsalg.dk\/wp-content\/uploads\/glas-bredde.png\" \/><\/strong><\/td>\n<td style=\"width: 33.3333%;text-align: center\"><strong>Glass Width<\/strong><\/td>\n<td style=\"width: 33.3333%;text-align: center\"><strong>6 cm.<\/strong><\/td>\n<\/tr>\n<tr>\n<td style=\"width: 33.3333%;text-align: center\"><strong><img decoding=\"async\" src=\"https:\/\/bazarsalg.dk\/wp-content\/uploads\/bredde-naese.png\" \/><\/strong><\/td>\n<td style=\"width: 33.3333%;text-align: center\"><strong>Space between glass<\/strong><\/td>\n<td style=\"width: 33.3333%;text-align: center\"><strong>1.6 cm.<\/strong><\/td>\n<\/tr>\n<\/tbody>\n<\/table>\n<p>&nbsp;<\/p>\n<h4><em>About Manhattan Sunglasses<\/em><\/h4>\n<p>The Manhattan Sunglasses collection is inspired by the urban and metropolitan fashion scene that you&#039;ll see from New York City to Paris. Whether you&#039;re wearing a 3-piece suit or casually dressed for a night on the town, Manhattan sunglasses are sophisticated enough and perfect for you, the urban-minded man or woman who wants stylish sunglasses with street cred without the designer price tag.<br \/>\nManhattan from the USA is a brand that captures the cool elegance of the big city with clean lines, practical features and an unsnobbish attitude. Whether you&#039;re looking for a model for driving through the city or a model for visiting the caf\u00e9, the brand delivers sunglasses with character \u2014 Designed to look like a millionaire in the city rhythm.<\/p>\n<table style=\"width: 100%;border-collapse: collapse;border-style: hidden;margin-left: auto;margin-right: auto\" border=\"1\" cellspacing=\"50\" cellpadding=\"20\">\n<caption>\u00a0<\/caption>\n<caption>\u00a0<\/caption>\n<tbody>\n<tr>\n<td style=\"width: 25%;text-align: center\"><img decoding=\"async\" class=\"aligncenter\" src=\"https:\/\/bazarsalg.dk\/wp-content\/uploads\/UV.png\" \/><\/td>\n<td style=\"width: 25%;text-align: center\"><img decoding=\"async\" src=\"https:\/\/bazarsalg.dk\/wp-content\/uploads\/ce.png\" \/><\/td>\n<td style=\"width: 25%;text-align: center\"><img decoding=\"async\" src=\"https:\/\/bazarsalg.dk\/wp-content\/uploads\/box.png\" \/><\/td>\n<\/tr>\n<tr>\n<td style=\"width: 25%;text-align: center\"><strong>The sunglasses have UV400 protection<\/strong><\/p>\n<p>Blocks 99 to 100 percent of all UVA and UVB rays and protects your eyes from the sun&#039;s rays.<\/td>\n<td style=\"width: 25%;text-align: center\"><strong>CE Approved <\/strong><\/p>\n<p>The sunglasses meet all legal requirements in the EU, which ensures that your sunglasses are tested and approved.<\/td>\n<td style=\"width: 25%;text-align: center\"><strong>Sent in a cardboard box so they don&#039;t break <\/strong><\/p>\n<p>We always pack sunglasses securely so that they arrive in good condition.<\/td>\n<\/tr>\n<\/tbody>\n<\/table>","protected":false},"excerpt":{"rendered":"<p><strong>Manhattan \u2013 8MH88072<\/strong><br \/>\n<img loading=\"lazy\" decoding=\"async\" class=\"alignnone wp-image-15439 size-full\" src=\"https:\/\/bazarsalg.dk\/wp-content\/uploads\/Mahattan-Logo-small.jpg\" alt=\"\" width=\"322\" height=\"56\" \/><\/p>\n<p>Silver metal frame<br \/>\nBlue mirror glass<br \/>\nMaterial: Metal and plastic<\/p>\n<p>UV400<br \/>\nCE Approved<\/p>","protected":false},"featured_media":14264,"comment_status":"open","ping_status":"closed","template":"","meta":{"om_disable_all_campaigns":false,"_monsterinsights_skip_tracking":false,"_monsterinsights_sitenote_active":false,"_monsterinsights_sitenote_note":"","_monsterinsights_sitenote_category":0},"product_brand":[],"product_cat":[1026,1029,1025,1627,1036,1049],"product_tag":[1631,743,1629,870],"class_list":{"0":"post-14265","1":"product","2":"type-product","3":"status-publish","4":"has-post-thumbnail","6":"product_cat-dame-solbriller","7":"product_cat-herre-solbriller","8":"product_cat-billige-solbriller","9":"product_cat-manhattan-solbriller","10":"product_cat-millionaire","11":"product_cat-premium-solbriller","12":"product_tag-8mh88072","13":"product_tag-frosty","14":"product_tag-manhattan","15":"product_tag-p693","17":"first","18":"outofstock","19":"sale","20":"shipping-taxable","21":"purchasable","22":"product-type-simple"},"yoast_head":"<!-- This site is optimized with the Yoast SEO plugin v27.2 - https:\/\/yoast.com\/product\/yoast-seo-wordpress\/ -->\n<title>S\u00f8lv Manhattan Millionaire Solbriller - Archie | Fade glas - Let bl\u00e5t spejlglas | K\u00f8b online her | LOCS<\/title>\n<meta name=\"description\" content=\"K\u00f8b S\u00f8lv Manhattan Millionaire Solbriller - Archie | Fade glas - Let bl\u00e5t spejlglas her | EU&#039;s st\u00f8rste udvalg af LOCS solbriller | Vi sender fra EU - Ingen ekstra import udgifter\" \/>\n<meta name=\"robots\" content=\"index, follow, max-snippet:-1, max-image-preview:large, max-video-preview:-1\" \/>\n<link rel=\"canonical\" href=\"https:\/\/locsshop.eu\/en\/shop\/soelv-manhattan-millionaire-solbriller-archie-fade-glas-let-blaat-spejlglas\/\" \/>\n<meta property=\"og:locale\" content=\"en_GB\" \/>\n<meta property=\"og:type\" content=\"article\" \/>\n<meta property=\"og:title\" content=\"S\u00f8lv Manhattan Millionaire Solbriller - Archie | Fade glas - Let bl\u00e5t spejlglas | K\u00f8b online her | LOCS\" \/>\n<meta property=\"og:description\" content=\"K\u00f8b S\u00f8lv Manhattan Millionaire Solbriller - Archie | Fade glas - Let bl\u00e5t spejlglas her | EU&#039;s st\u00f8rste udvalg af LOCS solbriller | Vi sender fra EU - Ingen ekstra import udgifter\" \/>\n<meta property=\"og:url\" content=\"https:\/\/locsshop.eu\/en\/shop\/soelv-manhattan-millionaire-solbriller-archie-fade-glas-let-blaat-spejlglas\/\" \/>\n<meta property=\"og:site_name\" content=\"Locs Sunglasses - LOCS Supplier in EU\" \/>\n<meta property=\"article:modified_time\" content=\"2025-12-01T21:35:08+00:00\" \/>\n<meta property=\"og:image\" content=\"https:\/\/locsshop.eu\/wp-content\/uploads\/2025\/07\/8MH88072-BEMR.jpg\" \/>\n\t<meta property=\"og:image:width\" content=\"800\" \/>\n\t<meta property=\"og:image:height\" content=\"800\" \/>\n\t<meta property=\"og:image:type\" content=\"image\/jpeg\" \/>\n<meta name=\"twitter:card\" content=\"summary_large_image\" \/>\n<meta name=\"twitter:label1\" content=\"Estimated reading time\" \/>\n\t<meta name=\"twitter:data1\" content=\"2 minutes\" \/>\n<script type=\"application\/ld+json\" class=\"yoast-schema-graph\">{\"@context\":\"https:\/\/schema.org\",\"@graph\":[{\"@type\":\"WebPage\",\"@id\":\"https:\/\/locsshop.eu\/shop\/soelv-manhattan-millionaire-solbriller-archie-fade-glas-let-blaat-spejlglas\/\",\"url\":\"https:\/\/locsshop.eu\/shop\/soelv-manhattan-millionaire-solbriller-archie-fade-glas-let-blaat-spejlglas\/\",\"name\":\"S\u00f8lv Manhattan Millionaire Solbriller - Archie | Fade glas - Let bl\u00e5t spejlglas | K\u00f8b online her | LOCS\",\"isPartOf\":{\"@id\":\"https:\/\/locsshop.eu\/#website\"},\"primaryImageOfPage\":{\"@id\":\"https:\/\/locsshop.eu\/shop\/soelv-manhattan-millionaire-solbriller-archie-fade-glas-let-blaat-spejlglas\/#primaryimage\"},\"image\":{\"@id\":\"https:\/\/locsshop.eu\/shop\/soelv-manhattan-millionaire-solbriller-archie-fade-glas-let-blaat-spejlglas\/#primaryimage\"},\"thumbnailUrl\":\"https:\/\/locsshop.eu\/wp-content\/uploads\/2025\/07\/8MH88072-BEMR.jpg\",\"datePublished\":\"2025-07-05T12:41:01+00:00\",\"dateModified\":\"2025-12-01T21:35:08+00:00\",\"description\":\"K\u00f8b S\u00f8lv Manhattan Millionaire Solbriller - Archie | Fade glas - Let bl\u00e5t spejlglas her | EU's st\u00f8rste udvalg af LOCS solbriller | Vi sender fra EU - Ingen ekstra import udgifter\",\"breadcrumb\":{\"@id\":\"https:\/\/locsshop.eu\/shop\/soelv-manhattan-millionaire-solbriller-archie-fade-glas-let-blaat-spejlglas\/#breadcrumb\"},\"inLanguage\":\"en-GB\",\"potentialAction\":[{\"@type\":\"ReadAction\",\"target\":[\"https:\/\/locsshop.eu\/shop\/soelv-manhattan-millionaire-solbriller-archie-fade-glas-let-blaat-spejlglas\/\"]}]},{\"@type\":\"ImageObject\",\"inLanguage\":\"en-GB\",\"@id\":\"https:\/\/locsshop.eu\/shop\/soelv-manhattan-millionaire-solbriller-archie-fade-glas-let-blaat-spejlglas\/#primaryimage\",\"url\":\"https:\/\/locsshop.eu\/wp-content\/uploads\/2025\/07\/8MH88072-BEMR.jpg\",\"contentUrl\":\"https:\/\/locsshop.eu\/wp-content\/uploads\/2025\/07\/8MH88072-BEMR.jpg\",\"width\":800,\"height\":800},{\"@type\":\"BreadcrumbList\",\"@id\":\"https:\/\/locsshop.eu\/shop\/soelv-manhattan-millionaire-solbriller-archie-fade-glas-let-blaat-spejlglas\/#breadcrumb\",\"itemListElement\":[{\"@type\":\"ListItem\",\"position\":1,\"name\":\"Hjem\",\"item\":\"https:\/\/locsshop.eu\/\"},{\"@type\":\"ListItem\",\"position\":2,\"name\":\"Shop\",\"item\":\"https:\/\/locsshop.eu\/shop\/\"},{\"@type\":\"ListItem\",\"position\":3,\"name\":\"S\u00f8lv Manhattan Millionaire Solbriller &#8211; Archie | Fade glas &#8211; Let bl\u00e5t spejlglas\"}]},{\"@type\":\"WebSite\",\"@id\":\"https:\/\/locsshop.eu\/#website\",\"url\":\"https:\/\/locsshop.eu\/\",\"name\":\"Locs Sunglasses - LOCS Supplier in EU\",\"description\":\"We sell cheap LOCS Sunglasses\",\"publisher\":{\"@id\":\"https:\/\/locsshop.eu\/#organization\"},\"potentialAction\":[{\"@type\":\"SearchAction\",\"target\":{\"@type\":\"EntryPoint\",\"urlTemplate\":\"https:\/\/locsshop.eu\/?s={search_term_string}\"},\"query-input\":{\"@type\":\"PropertyValueSpecification\",\"valueRequired\":true,\"valueName\":\"search_term_string\"}}],\"inLanguage\":\"en-GB\"},{\"@type\":\"Organization\",\"@id\":\"https:\/\/locsshop.eu\/#organization\",\"name\":\"Locsshop.eu\",\"url\":\"https:\/\/locsshop.eu\/\",\"logo\":{\"@type\":\"ImageObject\",\"inLanguage\":\"en-GB\",\"@id\":\"https:\/\/locsshop.eu\/#\/schema\/logo\/image\/\",\"url\":\"https:\/\/locsshop.eu\/wp-content\/uploads\/2022\/02\/Locsshop-logo.png\",\"contentUrl\":\"https:\/\/locsshop.eu\/wp-content\/uploads\/2022\/02\/Locsshop-logo.png\",\"width\":930,\"height\":200,\"caption\":\"Locsshop.eu\"},\"image\":{\"@id\":\"https:\/\/locsshop.eu\/#\/schema\/logo\/image\/\"}}]}<\/script>\n<!-- \/ Yoast SEO plugin. -->","yoast_head_json":{"title":"S\u00f8lv Manhattan Millionaire Solbriller - Archie | Fade glas - Let bl\u00e5t spejlglas | K\u00f8b online her | LOCS","description":"K\u00f8b S\u00f8lv Manhattan Millionaire Solbriller - Archie | Fade glas - Let bl\u00e5t spejlglas her | EU's st\u00f8rste udvalg af LOCS solbriller | Vi sender fra EU - Ingen ekstra import udgifter","robots":{"index":"index","follow":"follow","max-snippet":"max-snippet:-1","max-image-preview":"max-image-preview:large","max-video-preview":"max-video-preview:-1"},"canonical":"https:\/\/locsshop.eu\/en\/shop\/soelv-manhattan-millionaire-solbriller-archie-fade-glas-let-blaat-spejlglas\/","og_locale":"en_GB","og_type":"article","og_title":"S\u00f8lv Manhattan Millionaire Solbriller - Archie | Fade glas - Let bl\u00e5t spejlglas | K\u00f8b online her | LOCS","og_description":"K\u00f8b S\u00f8lv Manhattan Millionaire Solbriller - Archie | Fade glas - Let bl\u00e5t spejlglas her | EU's st\u00f8rste udvalg af LOCS solbriller | Vi sender fra EU - Ingen ekstra import udgifter","og_url":"https:\/\/locsshop.eu\/en\/shop\/soelv-manhattan-millionaire-solbriller-archie-fade-glas-let-blaat-spejlglas\/","og_site_name":"Locs Sunglasses - LOCS Supplier in EU","article_modified_time":"2025-12-01T21:35:08+00:00","og_image":[{"width":800,"height":800,"url":"https:\/\/locsshop.eu\/wp-content\/uploads\/2025\/07\/8MH88072-BEMR.jpg","type":"image\/jpeg"}],"twitter_card":"summary_large_image","twitter_misc":{"Estimated reading time":"2 minutes"},"schema":{"@context":"https:\/\/schema.org","@graph":[{"@type":"WebPage","@id":"https:\/\/locsshop.eu\/shop\/soelv-manhattan-millionaire-solbriller-archie-fade-glas-let-blaat-spejlglas\/","url":"https:\/\/locsshop.eu\/shop\/soelv-manhattan-millionaire-solbriller-archie-fade-glas-let-blaat-spejlglas\/","name":"S\u00f8lv Manhattan Millionaire Solbriller - Archie | Fade glas - Let bl\u00e5t spejlglas | K\u00f8b online her | LOCS","isPartOf":{"@id":"https:\/\/locsshop.eu\/#website"},"primaryImageOfPage":{"@id":"https:\/\/locsshop.eu\/shop\/soelv-manhattan-millionaire-solbriller-archie-fade-glas-let-blaat-spejlglas\/#primaryimage"},"image":{"@id":"https:\/\/locsshop.eu\/shop\/soelv-manhattan-millionaire-solbriller-archie-fade-glas-let-blaat-spejlglas\/#primaryimage"},"thumbnailUrl":"https:\/\/locsshop.eu\/wp-content\/uploads\/2025\/07\/8MH88072-BEMR.jpg","datePublished":"2025-07-05T12:41:01+00:00","dateModified":"2025-12-01T21:35:08+00:00","description":"K\u00f8b S\u00f8lv Manhattan Millionaire Solbriller - Archie | Fade glas - Let bl\u00e5t spejlglas her | EU's st\u00f8rste udvalg af LOCS solbriller | Vi sender fra EU - Ingen ekstra import udgifter","breadcrumb":{"@id":"https:\/\/locsshop.eu\/shop\/soelv-manhattan-millionaire-solbriller-archie-fade-glas-let-blaat-spejlglas\/#breadcrumb"},"inLanguage":"en-GB","potentialAction":[{"@type":"ReadAction","target":["https:\/\/locsshop.eu\/shop\/soelv-manhattan-millionaire-solbriller-archie-fade-glas-let-blaat-spejlglas\/"]}]},{"@type":"ImageObject","inLanguage":"en-GB","@id":"https:\/\/locsshop.eu\/shop\/soelv-manhattan-millionaire-solbriller-archie-fade-glas-let-blaat-spejlglas\/#primaryimage","url":"https:\/\/locsshop.eu\/wp-content\/uploads\/2025\/07\/8MH88072-BEMR.jpg","contentUrl":"https:\/\/locsshop.eu\/wp-content\/uploads\/2025\/07\/8MH88072-BEMR.jpg","width":800,"height":800},{"@type":"BreadcrumbList","@id":"https:\/\/locsshop.eu\/shop\/soelv-manhattan-millionaire-solbriller-archie-fade-glas-let-blaat-spejlglas\/#breadcrumb","itemListElement":[{"@type":"ListItem","position":1,"name":"Hjem","item":"https:\/\/locsshop.eu\/"},{"@type":"ListItem","position":2,"name":"Shop","item":"https:\/\/locsshop.eu\/shop\/"},{"@type":"ListItem","position":3,"name":"S\u00f8lv Manhattan Millionaire Solbriller &#8211; Archie | Fade glas &#8211; Let bl\u00e5t spejlglas"}]},{"@type":"WebSite","@id":"https:\/\/locsshop.eu\/#website","url":"https:\/\/locsshop.eu\/","name":"Locs Sunglasses - LOCS Supplier in EU","description":"We sell cheap LOCS Sunglasses","publisher":{"@id":"https:\/\/locsshop.eu\/#organization"},"potentialAction":[{"@type":"SearchAction","target":{"@type":"EntryPoint","urlTemplate":"https:\/\/locsshop.eu\/?s={search_term_string}"},"query-input":{"@type":"PropertyValueSpecification","valueRequired":true,"valueName":"search_term_string"}}],"inLanguage":"en-GB"},{"@type":"Organization","@id":"https:\/\/locsshop.eu\/#organization","name":"Locsshop.eu","url":"https:\/\/locsshop.eu\/","logo":{"@type":"ImageObject","inLanguage":"en-GB","@id":"https:\/\/locsshop.eu\/#\/schema\/logo\/image\/","url":"https:\/\/locsshop.eu\/wp-content\/uploads\/2022\/02\/Locsshop-logo.png","contentUrl":"https:\/\/locsshop.eu\/wp-content\/uploads\/2022\/02\/Locsshop-logo.png","width":930,"height":200,"caption":"Locsshop.eu"},"image":{"@id":"https:\/\/locsshop.eu\/#\/schema\/logo\/image\/"}}]}},"_links":{"self":[{"href":"https:\/\/locsshop.eu\/en\/wp-json\/wp\/v2\/product\/14265","targetHints":{"allow":["GET"]}}],"collection":[{"href":"https:\/\/locsshop.eu\/en\/wp-json\/wp\/v2\/product"}],"about":[{"href":"https:\/\/locsshop.eu\/en\/wp-json\/wp\/v2\/types\/product"}],"replies":[{"embeddable":true,"href":"https:\/\/locsshop.eu\/en\/wp-json\/wp\/v2\/comments?post=14265"}],"wp:featuredmedia":[{"embeddable":true,"href":"https:\/\/locsshop.eu\/en\/wp-json\/wp\/v2\/media\/14264"}],"wp:attachment":[{"href":"https:\/\/locsshop.eu\/en\/wp-json\/wp\/v2\/media?parent=14265"}],"wp:term":[{"taxonomy":"product_brand","embeddable":true,"href":"https:\/\/locsshop.eu\/en\/wp-json\/wp\/v2\/product_brand?post=14265"},{"taxonomy":"product_cat","embeddable":true,"href":"https:\/\/locsshop.eu\/en\/wp-json\/wp\/v2\/product_cat?post=14265"},{"taxonomy":"product_tag","embeddable":true,"href":"https:\/\/locsshop.eu\/en\/wp-json\/wp\/v2\/product_tag?post=14265"}],"curies":[{"name":"wp","href":"https:\/\/api.w.org\/{rel}","templated":true}]}}