{"id":7115,"date":"2019-05-01T14:36:20","date_gmt":"2019-05-01T12:36:20","guid":{"rendered":"https:\/\/locsshop.eu\/?post_type=product&#038;p=7115"},"modified":"2024-04-27T21:18:14","modified_gmt":"2024-04-27T19:18:14","slug":"pudseklud-og-etui-saet-graa-gpoint","status":"publish","type":"product","link":"https:\/\/locsshop.eu\/en\/shop\/pudseklud-og-etui-saet-graa-gpoint\/","title":{"rendered":"Cleaning cloth and case set - Gray G-Point"},"content":{"rendered":"<h2>Cleaning cloth and case set - Gray G-Point<\/h2>\n<h1>The set includes:<\/h1>\n<h1>1 piece. cleaning cloth<\/h1>\n<h1>1 piece. softcase case<\/h1>\n<p>&nbsp;<\/p>\n<h2>Gray G-Point Softcase Case<\/h2>\n<p>For glasses and sunglasses<\/p>\n<p>Good sunglasses bag to protect your glasses and sunglasses when you are not wearing them.<\/p>\n<p>You avoid scratches in the glasses when you pack them in this case.<br \/>\nSunglasses and eyeglasses are easily scratched and dusty when they are in a bag, a pocket, in the car, etc.<br \/>\nTherefore, we recommend that you always store them in a case.<\/p>\n<h2>Good polishing cloth for glasses and sunglasses<\/h2>\n<p>To clean your glasses and sunglasses, we strongly recommend that you clean them with a cleaning cloth like this.<\/p>\n<p>It is produced for this very purpose.<\/p>\n<p>If you clean your sunglasses or glasses in the clothes, with paper or other things you will most likely get scratches in the glasses.<br \/>\nTherefore, a cleaning cloth is really sensible to have on hand when your glasses have become cloudy.<\/p>","protected":false},"excerpt":{"rendered":"<p>Set with case and cleaning cloth.<\/p>\n<p>Gray G-point case<\/p>","protected":false},"featured_media":9505,"comment_status":"closed","ping_status":"closed","template":"","meta":{"om_disable_all_campaigns":false,"_monsterinsights_skip_tracking":false,"_monsterinsights_sitenote_active":false,"_monsterinsights_sitenote_note":"","_monsterinsights_sitenote_category":0},"product_brand":[],"product_cat":[1041],"product_tag":[938,939,739,940,941],"class_list":{"0":"post-7115","1":"product","2":"type-product","3":"status-publish","4":"has-post-thumbnail","6":"product_cat-etuier-tilbehoer","7":"product_tag-gpoint","8":"product_tag-klud","9":"product_tag-pudseklud","10":"product_tag-saet","11":"product_tag-softcase-be","13":"first","14":"outofstock","15":"shipping-taxable","16":"purchasable","17":"product-type-simple"},"yoast_head":"<!-- This site is optimized with the Yoast SEO plugin v27.5 - https:\/\/yoast.com\/product\/yoast-seo-wordpress\/ -->\n<title>Pudseklud og Etui s\u00e6t - Gr\u00e5 G-Point | K\u00f8b online her | LOCS<\/title>\n<meta name=\"description\" content=\"K\u00f8b Pudseklud og Etui s\u00e6t - Gr\u00e5 G-Point her | EU&#039;s st\u00f8rste udvalg af LOCS solbriller | Vi sender fra EU - Ingen ekstra import udgifter\" \/>\n<meta name=\"robots\" content=\"index, follow, max-snippet:-1, max-image-preview:large, max-video-preview:-1\" \/>\n<link rel=\"canonical\" href=\"https:\/\/locsshop.eu\/en\/shop\/pudseklud-og-etui-saet-graa-gpoint\/\" \/>\n<meta property=\"og:locale\" content=\"en_GB\" \/>\n<meta property=\"og:type\" content=\"article\" \/>\n<meta property=\"og:title\" content=\"Pudseklud og Etui s\u00e6t - Gr\u00e5 G-Point | K\u00f8b online her | LOCS\" \/>\n<meta property=\"og:description\" content=\"K\u00f8b Pudseklud og Etui s\u00e6t - Gr\u00e5 G-Point her | EU&#039;s st\u00f8rste udvalg af LOCS solbriller | Vi sender fra EU - Ingen ekstra import udgifter\" \/>\n<meta property=\"og:url\" content=\"https:\/\/locsshop.eu\/en\/shop\/pudseklud-og-etui-saet-graa-gpoint\/\" \/>\n<meta property=\"og:site_name\" content=\"Locs Sunglasses - LOCS Supplier in EU\" \/>\n<meta property=\"article:modified_time\" content=\"2024-04-27T19:18:14+00:00\" \/>\n<meta property=\"og:image\" content=\"https:\/\/locsshop.eu\/wp-content\/uploads\/2019\/05\/gpoint-graa-etui-pudseklud-1.jpg\" \/>\n\t<meta property=\"og:image:width\" content=\"800\" \/>\n\t<meta property=\"og:image:height\" content=\"800\" \/>\n\t<meta property=\"og:image:type\" content=\"image\/jpeg\" \/>\n<meta name=\"twitter:card\" content=\"summary_large_image\" \/>\n<meta name=\"twitter:label1\" content=\"Estimated reading time\" \/>\n\t<meta name=\"twitter:data1\" content=\"1 minute\" \/>\n<script type=\"application\/ld+json\" class=\"yoast-schema-graph\">{\"@context\":\"https:\\\/\\\/schema.org\",\"@graph\":[{\"@type\":\"WebPage\",\"@id\":\"https:\\\/\\\/locsshop.eu\\\/shop\\\/pudseklud-og-etui-saet-graa-gpoint\\\/\",\"url\":\"https:\\\/\\\/locsshop.eu\\\/shop\\\/pudseklud-og-etui-saet-graa-gpoint\\\/\",\"name\":\"Pudseklud og Etui s\u00e6t - Gr\u00e5 G-Point | K\u00f8b online her | LOCS\",\"isPartOf\":{\"@id\":\"https:\\\/\\\/locsshop.eu\\\/#website\"},\"primaryImageOfPage\":{\"@id\":\"https:\\\/\\\/locsshop.eu\\\/shop\\\/pudseklud-og-etui-saet-graa-gpoint\\\/#primaryimage\"},\"image\":{\"@id\":\"https:\\\/\\\/locsshop.eu\\\/shop\\\/pudseklud-og-etui-saet-graa-gpoint\\\/#primaryimage\"},\"thumbnailUrl\":\"https:\\\/\\\/locsshop.eu\\\/wp-content\\\/uploads\\\/2019\\\/05\\\/gpoint-graa-etui-pudseklud-1.jpg\",\"datePublished\":\"2019-05-01T12:36:20+00:00\",\"dateModified\":\"2024-04-27T19:18:14+00:00\",\"description\":\"K\u00f8b Pudseklud og Etui s\u00e6t - Gr\u00e5 G-Point her | EU's st\u00f8rste udvalg af LOCS solbriller | Vi sender fra EU - Ingen ekstra import udgifter\",\"breadcrumb\":{\"@id\":\"https:\\\/\\\/locsshop.eu\\\/shop\\\/pudseklud-og-etui-saet-graa-gpoint\\\/#breadcrumb\"},\"inLanguage\":\"en-GB\",\"potentialAction\":[{\"@type\":\"ReadAction\",\"target\":[\"https:\\\/\\\/locsshop.eu\\\/shop\\\/pudseklud-og-etui-saet-graa-gpoint\\\/\"]}]},{\"@type\":\"ImageObject\",\"inLanguage\":\"en-GB\",\"@id\":\"https:\\\/\\\/locsshop.eu\\\/shop\\\/pudseklud-og-etui-saet-graa-gpoint\\\/#primaryimage\",\"url\":\"https:\\\/\\\/locsshop.eu\\\/wp-content\\\/uploads\\\/2019\\\/05\\\/gpoint-graa-etui-pudseklud-1.jpg\",\"contentUrl\":\"https:\\\/\\\/locsshop.eu\\\/wp-content\\\/uploads\\\/2019\\\/05\\\/gpoint-graa-etui-pudseklud-1.jpg\",\"width\":800,\"height\":800},{\"@type\":\"BreadcrumbList\",\"@id\":\"https:\\\/\\\/locsshop.eu\\\/shop\\\/pudseklud-og-etui-saet-graa-gpoint\\\/#breadcrumb\",\"itemListElement\":[{\"@type\":\"ListItem\",\"position\":1,\"name\":\"Hjem\",\"item\":\"https:\\\/\\\/locsshop.eu\\\/\"},{\"@type\":\"ListItem\",\"position\":2,\"name\":\"Shop\",\"item\":\"https:\\\/\\\/locsshop.eu\\\/shop\\\/\"},{\"@type\":\"ListItem\",\"position\":3,\"name\":\"Pudseklud og Etui s\u00e6t &#8211; Gr\u00e5 G-Point\"}]},{\"@type\":\"WebSite\",\"@id\":\"https:\\\/\\\/locsshop.eu\\\/#website\",\"url\":\"https:\\\/\\\/locsshop.eu\\\/\",\"name\":\"Locs Sunglasses - LOCS Supplier in EU\",\"description\":\"We sell cheap LOCS Sunglasses\",\"publisher\":{\"@id\":\"https:\\\/\\\/locsshop.eu\\\/#organization\"},\"potentialAction\":[{\"@type\":\"SearchAction\",\"target\":{\"@type\":\"EntryPoint\",\"urlTemplate\":\"https:\\\/\\\/locsshop.eu\\\/?s={search_term_string}\"},\"query-input\":{\"@type\":\"PropertyValueSpecification\",\"valueRequired\":true,\"valueName\":\"search_term_string\"}}],\"inLanguage\":\"en-GB\"},{\"@type\":\"Organization\",\"@id\":\"https:\\\/\\\/locsshop.eu\\\/#organization\",\"name\":\"Locsshop.eu\",\"url\":\"https:\\\/\\\/locsshop.eu\\\/\",\"logo\":{\"@type\":\"ImageObject\",\"inLanguage\":\"en-GB\",\"@id\":\"https:\\\/\\\/locsshop.eu\\\/#\\\/schema\\\/logo\\\/image\\\/\",\"url\":\"https:\\\/\\\/locsshop.eu\\\/wp-content\\\/uploads\\\/2022\\\/02\\\/Locsshop-logo.png\",\"contentUrl\":\"https:\\\/\\\/locsshop.eu\\\/wp-content\\\/uploads\\\/2022\\\/02\\\/Locsshop-logo.png\",\"width\":930,\"height\":200,\"caption\":\"Locsshop.eu\"},\"image\":{\"@id\":\"https:\\\/\\\/locsshop.eu\\\/#\\\/schema\\\/logo\\\/image\\\/\"}}]}<\/script>\n<!-- \/ Yoast SEO plugin. -->","yoast_head_json":{"title":"Cleaning cloth and case set - Gray G-Point | Buy online here | LOCS","description":"Buy Cleaning cloth and case set - Gray G-Point here | The EU&#039;s largest selection of LOCS sunglasses | We ship from the EU - No extra import costs","robots":{"index":"index","follow":"follow","max-snippet":"max-snippet:-1","max-image-preview":"max-image-preview:large","max-video-preview":"max-video-preview:-1"},"canonical":"https:\/\/locsshop.eu\/en\/shop\/pudseklud-og-etui-saet-graa-gpoint\/","og_locale":"en_GB","og_type":"article","og_title":"Pudseklud og Etui s\u00e6t - Gr\u00e5 G-Point | K\u00f8b online her | LOCS","og_description":"K\u00f8b Pudseklud og Etui s\u00e6t - Gr\u00e5 G-Point her | EU's st\u00f8rste udvalg af LOCS solbriller | Vi sender fra EU - Ingen ekstra import udgifter","og_url":"https:\/\/locsshop.eu\/en\/shop\/pudseklud-og-etui-saet-graa-gpoint\/","og_site_name":"Locs Sunglasses - LOCS Supplier in EU","article_modified_time":"2024-04-27T19:18:14+00:00","og_image":[{"width":800,"height":800,"url":"https:\/\/locsshop.eu\/wp-content\/uploads\/2019\/05\/gpoint-graa-etui-pudseklud-1.jpg","type":"image\/jpeg"}],"twitter_card":"summary_large_image","twitter_misc":{"Estimated reading time":"1 minute"},"schema":{"@context":"https:\/\/schema.org","@graph":[{"@type":"WebPage","@id":"https:\/\/locsshop.eu\/shop\/pudseklud-og-etui-saet-graa-gpoint\/","url":"https:\/\/locsshop.eu\/shop\/pudseklud-og-etui-saet-graa-gpoint\/","name":"Cleaning cloth and case set - Gray G-Point | Buy online here | LOCS","isPartOf":{"@id":"https:\/\/locsshop.eu\/#website"},"primaryImageOfPage":{"@id":"https:\/\/locsshop.eu\/shop\/pudseklud-og-etui-saet-graa-gpoint\/#primaryimage"},"image":{"@id":"https:\/\/locsshop.eu\/shop\/pudseklud-og-etui-saet-graa-gpoint\/#primaryimage"},"thumbnailUrl":"https:\/\/locsshop.eu\/wp-content\/uploads\/2019\/05\/gpoint-graa-etui-pudseklud-1.jpg","datePublished":"2019-05-01T12:36:20+00:00","dateModified":"2024-04-27T19:18:14+00:00","description":"Buy Cleaning cloth and case set - Gray G-Point here | The EU&#039;s largest selection of LOCS sunglasses | We ship from the EU - No extra import costs","breadcrumb":{"@id":"https:\/\/locsshop.eu\/shop\/pudseklud-og-etui-saet-graa-gpoint\/#breadcrumb"},"inLanguage":"en-GB","potentialAction":[{"@type":"ReadAction","target":["https:\/\/locsshop.eu\/shop\/pudseklud-og-etui-saet-graa-gpoint\/"]}]},{"@type":"ImageObject","inLanguage":"en-GB","@id":"https:\/\/locsshop.eu\/shop\/pudseklud-og-etui-saet-graa-gpoint\/#primaryimage","url":"https:\/\/locsshop.eu\/wp-content\/uploads\/2019\/05\/gpoint-graa-etui-pudseklud-1.jpg","contentUrl":"https:\/\/locsshop.eu\/wp-content\/uploads\/2019\/05\/gpoint-graa-etui-pudseklud-1.jpg","width":800,"height":800},{"@type":"BreadcrumbList","@id":"https:\/\/locsshop.eu\/shop\/pudseklud-og-etui-saet-graa-gpoint\/#breadcrumb","itemListElement":[{"@type":"ListItem","position":1,"name":"Hjem","item":"https:\/\/locsshop.eu\/"},{"@type":"ListItem","position":2,"name":"Shop","item":"https:\/\/locsshop.eu\/shop\/"},{"@type":"ListItem","position":3,"name":"Pudseklud og Etui s\u00e6t &#8211; Gr\u00e5 G-Point"}]},{"@type":"WebSite","@id":"https:\/\/locsshop.eu\/#website","url":"https:\/\/locsshop.eu\/","name":"Locs Sunglasses - LOCS Supplier in EU","description":"We sell cheap LOCS Sunglasses","publisher":{"@id":"https:\/\/locsshop.eu\/#organization"},"potentialAction":[{"@type":"SearchAction","target":{"@type":"EntryPoint","urlTemplate":"https:\/\/locsshop.eu\/?s={search_term_string}"},"query-input":{"@type":"PropertyValueSpecification","valueRequired":true,"valueName":"search_term_string"}}],"inLanguage":"en-GB"},{"@type":"Organization","@id":"https:\/\/locsshop.eu\/#organization","name":"Locsshop.eu","url":"https:\/\/locsshop.eu\/","logo":{"@type":"ImageObject","inLanguage":"en-GB","@id":"https:\/\/locsshop.eu\/#\/schema\/logo\/image\/","url":"https:\/\/locsshop.eu\/wp-content\/uploads\/2022\/02\/Locsshop-logo.png","contentUrl":"https:\/\/locsshop.eu\/wp-content\/uploads\/2022\/02\/Locsshop-logo.png","width":930,"height":200,"caption":"Locsshop.eu"},"image":{"@id":"https:\/\/locsshop.eu\/#\/schema\/logo\/image\/"}}]}},"_links":{"self":[{"href":"https:\/\/locsshop.eu\/en\/wp-json\/wp\/v2\/product\/7115","targetHints":{"allow":["GET"]}}],"collection":[{"href":"https:\/\/locsshop.eu\/en\/wp-json\/wp\/v2\/product"}],"about":[{"href":"https:\/\/locsshop.eu\/en\/wp-json\/wp\/v2\/types\/product"}],"replies":[{"embeddable":true,"href":"https:\/\/locsshop.eu\/en\/wp-json\/wp\/v2\/comments?post=7115"}],"wp:featuredmedia":[{"embeddable":true,"href":"https:\/\/locsshop.eu\/en\/wp-json\/wp\/v2\/media\/9505"}],"wp:attachment":[{"href":"https:\/\/locsshop.eu\/en\/wp-json\/wp\/v2\/media?parent=7115"}],"wp:term":[{"taxonomy":"product_brand","embeddable":true,"href":"https:\/\/locsshop.eu\/en\/wp-json\/wp\/v2\/product_brand?post=7115"},{"taxonomy":"product_cat","embeddable":true,"href":"https:\/\/locsshop.eu\/en\/wp-json\/wp\/v2\/product_cat?post=7115"},{"taxonomy":"product_tag","embeddable":true,"href":"https:\/\/locsshop.eu\/en\/wp-json\/wp\/v2\/product_tag?post=7115"}],"curies":[{"name":"wp","href":"https:\/\/api.w.org\/{rel}","templated":true}]}}