{"id":7140,"date":"2019-05-01T12:09:58","date_gmt":"2019-05-01T10:09:58","guid":{"rendered":"https:\/\/locsshop.eu\/shop\/sort-brillesnor\/"},"modified":"2025-12-04T23:16:15","modified_gmt":"2025-12-04T22:16:15","slug":"sort-brillesnor","status":"publish","type":"product","link":"https:\/\/locsshop.eu\/en\/shop\/sort-brillesnor\/","title":{"rendered":"Black glasses cord"},"content":{"rendered":"<h1>Black glasses cord<\/h1>\n<p>63.5 cm. \u2013 But can grow to over 70 cm.<\/p>\n<p>Suitable for both glasses and sunglasses<\/p>\n<p>A sunglasses cord \/ glasses cord is a safe way to wear your sunglasses and glasses. It helps you prevent the loss of your sunglasses and glasses and also ensures that they do not fall off when you are out sailing, for example.<br \/>\nIt is also a practical accessory for the beach so that you don&#039;t get sand on your sunglasses or glasses, so you never have to worry about having to keep an eye on your sunglasses or glasses and at the same time it looks really cool when you have the cord on your sunglasses .<\/p>\n<p>The glasses string is easily mounted by inserting the clamping rubber rings at the end of the rod.<\/p>","protected":false},"excerpt":{"rendered":"<p>Black glasses cord<br \/>\nFor glasses and sunglasses<br \/>\n63.5 cm.<\/p>","protected":false},"featured_media":9606,"comment_status":"closed","ping_status":"closed","template":"","meta":{"om_disable_all_campaigns":false,"_monsterinsights_skip_tracking":false,"_monsterinsights_sitenote_active":false,"_monsterinsights_sitenote_note":"","_monsterinsights_sitenote_category":0},"product_brand":[],"product_cat":[1041],"product_tag":[572,573,574,461],"class_list":{"0":"post-7140","1":"product","2":"type-product","3":"status-publish","4":"has-post-thumbnail","6":"product_cat-etuier-tilbehoer","7":"product_tag-brillesnor","8":"product_tag-bs1234","9":"product_tag-snor","10":"product_tag-sort","12":"first","13":"instock","14":"shipping-taxable","15":"purchasable","16":"product-type-simple"},"yoast_head":"<!-- This site is optimized with the Yoast SEO plugin v27.5 - https:\/\/yoast.com\/product\/yoast-seo-wordpress\/ -->\n<title>Sort Brillesnor | K\u00f8b online her | LOCS<\/title>\n<meta name=\"description\" content=\"K\u00f8b Sort Brillesnor her | EU&#039;s st\u00f8rste udvalg af LOCS solbriller | Vi sender fra EU - Ingen ekstra import udgifter\" \/>\n<meta name=\"robots\" content=\"index, follow, max-snippet:-1, max-image-preview:large, max-video-preview:-1\" \/>\n<link rel=\"canonical\" href=\"https:\/\/locsshop.eu\/en\/shop\/sort-brillesnor\/\" \/>\n<meta property=\"og:locale\" content=\"en_GB\" \/>\n<meta property=\"og:type\" content=\"article\" \/>\n<meta property=\"og:title\" content=\"Sort Brillesnor | K\u00f8b online her | LOCS\" \/>\n<meta property=\"og:description\" content=\"K\u00f8b Sort Brillesnor her | EU&#039;s st\u00f8rste udvalg af LOCS solbriller | Vi sender fra EU - Ingen ekstra import udgifter\" \/>\n<meta property=\"og:url\" content=\"https:\/\/locsshop.eu\/en\/shop\/sort-brillesnor\/\" \/>\n<meta property=\"og:site_name\" content=\"Locs Sunglasses - LOCS Supplier in EU\" \/>\n<meta property=\"article:modified_time\" content=\"2025-12-04T22:16:15+00:00\" \/>\n<meta property=\"og:image\" content=\"https:\/\/locsshop.eu\/wp-content\/uploads\/2019\/05\/sort-brillesnor.jpg\" \/>\n\t<meta property=\"og:image:width\" content=\"800\" \/>\n\t<meta property=\"og:image:height\" content=\"800\" \/>\n\t<meta property=\"og:image:type\" content=\"image\/jpeg\" \/>\n<meta name=\"twitter:card\" content=\"summary_large_image\" \/>\n<meta name=\"twitter:label1\" content=\"Estimated reading time\" \/>\n\t<meta name=\"twitter:data1\" content=\"1 minute\" \/>\n<script type=\"application\/ld+json\" class=\"yoast-schema-graph\">{\"@context\":\"https:\\\/\\\/schema.org\",\"@graph\":[{\"@type\":\"WebPage\",\"@id\":\"https:\\\/\\\/locsshop.eu\\\/shop\\\/sort-brillesnor\\\/\",\"url\":\"https:\\\/\\\/locsshop.eu\\\/shop\\\/sort-brillesnor\\\/\",\"name\":\"Sort Brillesnor | K\u00f8b online her | LOCS\",\"isPartOf\":{\"@id\":\"https:\\\/\\\/locsshop.eu\\\/#website\"},\"primaryImageOfPage\":{\"@id\":\"https:\\\/\\\/locsshop.eu\\\/shop\\\/sort-brillesnor\\\/#primaryimage\"},\"image\":{\"@id\":\"https:\\\/\\\/locsshop.eu\\\/shop\\\/sort-brillesnor\\\/#primaryimage\"},\"thumbnailUrl\":\"https:\\\/\\\/locsshop.eu\\\/wp-content\\\/uploads\\\/2019\\\/05\\\/sort-brillesnor.jpg\",\"datePublished\":\"2019-05-01T10:09:58+00:00\",\"dateModified\":\"2025-12-04T22:16:15+00:00\",\"description\":\"K\u00f8b Sort Brillesnor her | EU's st\u00f8rste udvalg af LOCS solbriller | Vi sender fra EU - Ingen ekstra import udgifter\",\"breadcrumb\":{\"@id\":\"https:\\\/\\\/locsshop.eu\\\/shop\\\/sort-brillesnor\\\/#breadcrumb\"},\"inLanguage\":\"en-GB\",\"potentialAction\":[{\"@type\":\"ReadAction\",\"target\":[\"https:\\\/\\\/locsshop.eu\\\/shop\\\/sort-brillesnor\\\/\"]}]},{\"@type\":\"ImageObject\",\"inLanguage\":\"en-GB\",\"@id\":\"https:\\\/\\\/locsshop.eu\\\/shop\\\/sort-brillesnor\\\/#primaryimage\",\"url\":\"https:\\\/\\\/locsshop.eu\\\/wp-content\\\/uploads\\\/2019\\\/05\\\/sort-brillesnor.jpg\",\"contentUrl\":\"https:\\\/\\\/locsshop.eu\\\/wp-content\\\/uploads\\\/2019\\\/05\\\/sort-brillesnor.jpg\",\"width\":800,\"height\":800},{\"@type\":\"BreadcrumbList\",\"@id\":\"https:\\\/\\\/locsshop.eu\\\/shop\\\/sort-brillesnor\\\/#breadcrumb\",\"itemListElement\":[{\"@type\":\"ListItem\",\"position\":1,\"name\":\"Hjem\",\"item\":\"https:\\\/\\\/locsshop.eu\\\/\"},{\"@type\":\"ListItem\",\"position\":2,\"name\":\"Shop\",\"item\":\"https:\\\/\\\/locsshop.eu\\\/shop\\\/\"},{\"@type\":\"ListItem\",\"position\":3,\"name\":\"Sort Brillesnor\"}]},{\"@type\":\"WebSite\",\"@id\":\"https:\\\/\\\/locsshop.eu\\\/#website\",\"url\":\"https:\\\/\\\/locsshop.eu\\\/\",\"name\":\"Locs Sunglasses - LOCS Supplier in EU\",\"description\":\"We sell cheap LOCS Sunglasses\",\"publisher\":{\"@id\":\"https:\\\/\\\/locsshop.eu\\\/#organization\"},\"potentialAction\":[{\"@type\":\"SearchAction\",\"target\":{\"@type\":\"EntryPoint\",\"urlTemplate\":\"https:\\\/\\\/locsshop.eu\\\/?s={search_term_string}\"},\"query-input\":{\"@type\":\"PropertyValueSpecification\",\"valueRequired\":true,\"valueName\":\"search_term_string\"}}],\"inLanguage\":\"en-GB\"},{\"@type\":\"Organization\",\"@id\":\"https:\\\/\\\/locsshop.eu\\\/#organization\",\"name\":\"Locsshop.eu\",\"url\":\"https:\\\/\\\/locsshop.eu\\\/\",\"logo\":{\"@type\":\"ImageObject\",\"inLanguage\":\"en-GB\",\"@id\":\"https:\\\/\\\/locsshop.eu\\\/#\\\/schema\\\/logo\\\/image\\\/\",\"url\":\"https:\\\/\\\/locsshop.eu\\\/wp-content\\\/uploads\\\/2022\\\/02\\\/Locsshop-logo.png\",\"contentUrl\":\"https:\\\/\\\/locsshop.eu\\\/wp-content\\\/uploads\\\/2022\\\/02\\\/Locsshop-logo.png\",\"width\":930,\"height\":200,\"caption\":\"Locsshop.eu\"},\"image\":{\"@id\":\"https:\\\/\\\/locsshop.eu\\\/#\\\/schema\\\/logo\\\/image\\\/\"}}]}<\/script>\n<!-- \/ Yoast SEO plugin. -->","yoast_head_json":{"title":"Black Glasses Cord | Buy online here | LOCS","description":"Buy Black Glasses cord here | The EU&#039;s largest selection of LOCS sunglasses | We ship from the EU - No extra import costs","robots":{"index":"index","follow":"follow","max-snippet":"max-snippet:-1","max-image-preview":"max-image-preview:large","max-video-preview":"max-video-preview:-1"},"canonical":"https:\/\/locsshop.eu\/en\/shop\/sort-brillesnor\/","og_locale":"en_GB","og_type":"article","og_title":"Sort Brillesnor | K\u00f8b online her | LOCS","og_description":"K\u00f8b Sort Brillesnor her | EU's st\u00f8rste udvalg af LOCS solbriller | Vi sender fra EU - Ingen ekstra import udgifter","og_url":"https:\/\/locsshop.eu\/en\/shop\/sort-brillesnor\/","og_site_name":"Locs Sunglasses - LOCS Supplier in EU","article_modified_time":"2025-12-04T22:16:15+00:00","og_image":[{"width":800,"height":800,"url":"https:\/\/locsshop.eu\/wp-content\/uploads\/2019\/05\/sort-brillesnor.jpg","type":"image\/jpeg"}],"twitter_card":"summary_large_image","twitter_misc":{"Estimated reading time":"1 minute"},"schema":{"@context":"https:\/\/schema.org","@graph":[{"@type":"WebPage","@id":"https:\/\/locsshop.eu\/shop\/sort-brillesnor\/","url":"https:\/\/locsshop.eu\/shop\/sort-brillesnor\/","name":"Black Glasses Cord | Buy online here | LOCS","isPartOf":{"@id":"https:\/\/locsshop.eu\/#website"},"primaryImageOfPage":{"@id":"https:\/\/locsshop.eu\/shop\/sort-brillesnor\/#primaryimage"},"image":{"@id":"https:\/\/locsshop.eu\/shop\/sort-brillesnor\/#primaryimage"},"thumbnailUrl":"https:\/\/locsshop.eu\/wp-content\/uploads\/2019\/05\/sort-brillesnor.jpg","datePublished":"2019-05-01T10:09:58+00:00","dateModified":"2025-12-04T22:16:15+00:00","description":"Buy Black Glasses cord here | The EU&#039;s largest selection of LOCS sunglasses | We ship from the EU - No extra import costs","breadcrumb":{"@id":"https:\/\/locsshop.eu\/shop\/sort-brillesnor\/#breadcrumb"},"inLanguage":"en-GB","potentialAction":[{"@type":"ReadAction","target":["https:\/\/locsshop.eu\/shop\/sort-brillesnor\/"]}]},{"@type":"ImageObject","inLanguage":"en-GB","@id":"https:\/\/locsshop.eu\/shop\/sort-brillesnor\/#primaryimage","url":"https:\/\/locsshop.eu\/wp-content\/uploads\/2019\/05\/sort-brillesnor.jpg","contentUrl":"https:\/\/locsshop.eu\/wp-content\/uploads\/2019\/05\/sort-brillesnor.jpg","width":800,"height":800},{"@type":"BreadcrumbList","@id":"https:\/\/locsshop.eu\/shop\/sort-brillesnor\/#breadcrumb","itemListElement":[{"@type":"ListItem","position":1,"name":"Hjem","item":"https:\/\/locsshop.eu\/"},{"@type":"ListItem","position":2,"name":"Shop","item":"https:\/\/locsshop.eu\/shop\/"},{"@type":"ListItem","position":3,"name":"Sort Brillesnor"}]},{"@type":"WebSite","@id":"https:\/\/locsshop.eu\/#website","url":"https:\/\/locsshop.eu\/","name":"Locs Sunglasses - LOCS Supplier in EU","description":"We sell cheap LOCS Sunglasses","publisher":{"@id":"https:\/\/locsshop.eu\/#organization"},"potentialAction":[{"@type":"SearchAction","target":{"@type":"EntryPoint","urlTemplate":"https:\/\/locsshop.eu\/?s={search_term_string}"},"query-input":{"@type":"PropertyValueSpecification","valueRequired":true,"valueName":"search_term_string"}}],"inLanguage":"en-GB"},{"@type":"Organization","@id":"https:\/\/locsshop.eu\/#organization","name":"Locsshop.eu","url":"https:\/\/locsshop.eu\/","logo":{"@type":"ImageObject","inLanguage":"en-GB","@id":"https:\/\/locsshop.eu\/#\/schema\/logo\/image\/","url":"https:\/\/locsshop.eu\/wp-content\/uploads\/2022\/02\/Locsshop-logo.png","contentUrl":"https:\/\/locsshop.eu\/wp-content\/uploads\/2022\/02\/Locsshop-logo.png","width":930,"height":200,"caption":"Locsshop.eu"},"image":{"@id":"https:\/\/locsshop.eu\/#\/schema\/logo\/image\/"}}]}},"_links":{"self":[{"href":"https:\/\/locsshop.eu\/en\/wp-json\/wp\/v2\/product\/7140","targetHints":{"allow":["GET"]}}],"collection":[{"href":"https:\/\/locsshop.eu\/en\/wp-json\/wp\/v2\/product"}],"about":[{"href":"https:\/\/locsshop.eu\/en\/wp-json\/wp\/v2\/types\/product"}],"replies":[{"embeddable":true,"href":"https:\/\/locsshop.eu\/en\/wp-json\/wp\/v2\/comments?post=7140"}],"wp:featuredmedia":[{"embeddable":true,"href":"https:\/\/locsshop.eu\/en\/wp-json\/wp\/v2\/media\/9606"}],"wp:attachment":[{"href":"https:\/\/locsshop.eu\/en\/wp-json\/wp\/v2\/media?parent=7140"}],"wp:term":[{"taxonomy":"product_brand","embeddable":true,"href":"https:\/\/locsshop.eu\/en\/wp-json\/wp\/v2\/product_brand?post=7140"},{"taxonomy":"product_cat","embeddable":true,"href":"https:\/\/locsshop.eu\/en\/wp-json\/wp\/v2\/product_cat?post=7140"},{"taxonomy":"product_tag","embeddable":true,"href":"https:\/\/locsshop.eu\/en\/wp-json\/wp\/v2\/product_tag?post=7140"}],"curies":[{"name":"wp","href":"https:\/\/api.w.org\/{rel}","templated":true}]}}