{"id":8927,"date":"2022-08-29T13:04:42","date_gmt":"2022-08-29T11:04:42","guid":{"rendered":"https:\/\/locsshop.eu\/shop\/vaerktoejssaet-til-ure\/"},"modified":"2023-08-31T16:38:22","modified_gmt":"2023-08-31T14:38:22","slug":"vaerktoejssaet-til-ure","status":"publish","type":"product","link":"https:\/\/locsshop.eu\/en\/shop\/vaerktoejssaet-til-ure\/","title":{"rendered":"Tool kit for watches"},"content":{"rendered":"<h2>Repair kit for wristwatches<\/h2>\n<p>TOOL KIT FOR WATCH REPAIR AND BATTERY REPLACEMENT<\/p>\n<p>13 ELEMENTS \u2013 a set of special tools will work well for both minor and more complex repairs.<br \/>\nBEAUTIFUL CASE - each tool has its place in the included case, so you can easily keep everything in order.<br \/>\nFOR AMATEURS AND PROFESSIONALS - the kit is put together in such a way that it will be perfect for both amateur repairs at home and professional repairs in a watchmaker&#039;s workshop.<br \/>\nCOMPACT SIZE \u2013 the whole thing can be easily stored in a cupboard\/drawer and easily transported.<br \/>\nSPECIFICATION - dimensions (length \/ width \/ depth): 20\/10\/5 cm, weight: 510 g, in the set: adjustable wrench \/ rotary opener adjustable for screw bases, set of 18 tips for opener \/ rotary screwdriver, adjustable clamp (holder) for fastening watches, 3x punch for bracelets 0.70mm \/ 0.80mm \/ 1.00mm, precision tweezers with pointed tip, set of 3x flat screwdriver with replaceable blade, telescopic extractor, bracelet shortening device, breaking knife for watch case bottoms.<\/p>","protected":false},"excerpt":{"rendered":"<ul>\n<li><strong>Tool kit for repairing and replacing batteries on wristwatches.<\/strong><\/li>\n<li><strong>Tool for shortening the watch strap.<\/strong><\/li>\n<li><strong>Save lots of money on battery replacement.<\/strong><\/li>\n<\/ul>","protected":false},"featured_media":8928,"comment_status":"open","ping_status":"closed","template":"","meta":{"om_disable_all_campaigns":false,"_monsterinsights_skip_tracking":false,"_monsterinsights_sitenote_active":false,"_monsterinsights_sitenote_note":"","_monsterinsights_sitenote_category":0},"product_brand":[],"product_cat":[1041],"product_tag":[837,940,1102],"class_list":{"0":"post-8927","1":"product","2":"type-product","3":"status-publish","4":"has-post-thumbnail","6":"product_cat-etuier-tilbehoer","7":"product_tag-s1363","8":"product_tag-saet","9":"product_tag-vaerktoej","11":"first","12":"outofstock","13":"shipping-taxable","14":"purchasable","15":"product-type-simple"},"yoast_head":"<!-- This site is optimized with the Yoast SEO plugin v27.5 - https:\/\/yoast.com\/product\/yoast-seo-wordpress\/ -->\n<title>V\u00e6rkt\u00f8jss\u00e6t til ure | K\u00f8b online her | LOCS<\/title>\n<meta name=\"description\" content=\"K\u00f8b V\u00e6rkt\u00f8jss\u00e6t til ure her | EU&#039;s st\u00f8rste udvalg af LOCS solbriller | Vi sender fra EU - Ingen ekstra import udgifter\" \/>\n<meta name=\"robots\" content=\"index, follow, max-snippet:-1, max-image-preview:large, max-video-preview:-1\" \/>\n<link rel=\"canonical\" href=\"https:\/\/locsshop.eu\/en\/shop\/vaerktoejssaet-til-ure\/\" \/>\n<meta property=\"og:locale\" content=\"en_GB\" \/>\n<meta property=\"og:type\" content=\"article\" \/>\n<meta property=\"og:title\" content=\"V\u00e6rkt\u00f8jss\u00e6t til ure | K\u00f8b online her | LOCS\" \/>\n<meta property=\"og:description\" content=\"K\u00f8b V\u00e6rkt\u00f8jss\u00e6t til ure her | EU&#039;s st\u00f8rste udvalg af LOCS solbriller | Vi sender fra EU - Ingen ekstra import udgifter\" \/>\n<meta property=\"og:url\" content=\"https:\/\/locsshop.eu\/en\/shop\/vaerktoejssaet-til-ure\/\" \/>\n<meta property=\"og:site_name\" content=\"Locs Sunglasses - LOCS Supplier in EU\" \/>\n<meta property=\"article:modified_time\" content=\"2023-08-31T14:38:22+00:00\" \/>\n<meta property=\"og:image\" content=\"https:\/\/locsshop.eu\/wp-content\/uploads\/2022\/08\/eng_pl_Watchmaker-set-13-pieces-11401_22.jpg\" \/>\n\t<meta property=\"og:image:width\" content=\"800\" \/>\n\t<meta property=\"og:image:height\" content=\"800\" \/>\n\t<meta property=\"og:image:type\" content=\"image\/jpeg\" \/>\n<meta name=\"twitter:card\" content=\"summary_large_image\" \/>\n<meta name=\"twitter:label1\" content=\"Estimated reading time\" \/>\n\t<meta name=\"twitter:data1\" content=\"1 minute\" \/>\n<script type=\"application\/ld+json\" class=\"yoast-schema-graph\">{\"@context\":\"https:\\\/\\\/schema.org\",\"@graph\":[{\"@type\":\"WebPage\",\"@id\":\"https:\\\/\\\/locsshop.eu\\\/shop\\\/vaerktoejssaet-til-ure\\\/\",\"url\":\"https:\\\/\\\/locsshop.eu\\\/shop\\\/vaerktoejssaet-til-ure\\\/\",\"name\":\"V\u00e6rkt\u00f8jss\u00e6t til ure | K\u00f8b online her | LOCS\",\"isPartOf\":{\"@id\":\"https:\\\/\\\/locsshop.eu\\\/#website\"},\"primaryImageOfPage\":{\"@id\":\"https:\\\/\\\/locsshop.eu\\\/shop\\\/vaerktoejssaet-til-ure\\\/#primaryimage\"},\"image\":{\"@id\":\"https:\\\/\\\/locsshop.eu\\\/shop\\\/vaerktoejssaet-til-ure\\\/#primaryimage\"},\"thumbnailUrl\":\"https:\\\/\\\/locsshop.eu\\\/wp-content\\\/uploads\\\/2022\\\/08\\\/eng_pl_Watchmaker-set-13-pieces-11401_22.jpg\",\"datePublished\":\"2022-08-29T11:04:42+00:00\",\"dateModified\":\"2023-08-31T14:38:22+00:00\",\"description\":\"K\u00f8b V\u00e6rkt\u00f8jss\u00e6t til ure her | EU's st\u00f8rste udvalg af LOCS solbriller | Vi sender fra EU - Ingen ekstra import udgifter\",\"breadcrumb\":{\"@id\":\"https:\\\/\\\/locsshop.eu\\\/shop\\\/vaerktoejssaet-til-ure\\\/#breadcrumb\"},\"inLanguage\":\"en-GB\",\"potentialAction\":[{\"@type\":\"ReadAction\",\"target\":[\"https:\\\/\\\/locsshop.eu\\\/shop\\\/vaerktoejssaet-til-ure\\\/\"]}]},{\"@type\":\"ImageObject\",\"inLanguage\":\"en-GB\",\"@id\":\"https:\\\/\\\/locsshop.eu\\\/shop\\\/vaerktoejssaet-til-ure\\\/#primaryimage\",\"url\":\"https:\\\/\\\/locsshop.eu\\\/wp-content\\\/uploads\\\/2022\\\/08\\\/eng_pl_Watchmaker-set-13-pieces-11401_22.jpg\",\"contentUrl\":\"https:\\\/\\\/locsshop.eu\\\/wp-content\\\/uploads\\\/2022\\\/08\\\/eng_pl_Watchmaker-set-13-pieces-11401_22.jpg\",\"width\":800,\"height\":800},{\"@type\":\"BreadcrumbList\",\"@id\":\"https:\\\/\\\/locsshop.eu\\\/shop\\\/vaerktoejssaet-til-ure\\\/#breadcrumb\",\"itemListElement\":[{\"@type\":\"ListItem\",\"position\":1,\"name\":\"Hjem\",\"item\":\"https:\\\/\\\/locsshop.eu\\\/\"},{\"@type\":\"ListItem\",\"position\":2,\"name\":\"Shop\",\"item\":\"https:\\\/\\\/locsshop.eu\\\/shop\\\/\"},{\"@type\":\"ListItem\",\"position\":3,\"name\":\"V\u00e6rkt\u00f8jss\u00e6t til ure\"}]},{\"@type\":\"WebSite\",\"@id\":\"https:\\\/\\\/locsshop.eu\\\/#website\",\"url\":\"https:\\\/\\\/locsshop.eu\\\/\",\"name\":\"Locs Sunglasses - LOCS Supplier in EU\",\"description\":\"We sell cheap LOCS Sunglasses\",\"publisher\":{\"@id\":\"https:\\\/\\\/locsshop.eu\\\/#organization\"},\"potentialAction\":[{\"@type\":\"SearchAction\",\"target\":{\"@type\":\"EntryPoint\",\"urlTemplate\":\"https:\\\/\\\/locsshop.eu\\\/?s={search_term_string}\"},\"query-input\":{\"@type\":\"PropertyValueSpecification\",\"valueRequired\":true,\"valueName\":\"search_term_string\"}}],\"inLanguage\":\"en-GB\"},{\"@type\":\"Organization\",\"@id\":\"https:\\\/\\\/locsshop.eu\\\/#organization\",\"name\":\"Locsshop.eu\",\"url\":\"https:\\\/\\\/locsshop.eu\\\/\",\"logo\":{\"@type\":\"ImageObject\",\"inLanguage\":\"en-GB\",\"@id\":\"https:\\\/\\\/locsshop.eu\\\/#\\\/schema\\\/logo\\\/image\\\/\",\"url\":\"https:\\\/\\\/locsshop.eu\\\/wp-content\\\/uploads\\\/2022\\\/02\\\/Locsshop-logo.png\",\"contentUrl\":\"https:\\\/\\\/locsshop.eu\\\/wp-content\\\/uploads\\\/2022\\\/02\\\/Locsshop-logo.png\",\"width\":930,\"height\":200,\"caption\":\"Locsshop.eu\"},\"image\":{\"@id\":\"https:\\\/\\\/locsshop.eu\\\/#\\\/schema\\\/logo\\\/image\\\/\"}}]}<\/script>\n<!-- \/ Yoast SEO plugin. -->","yoast_head_json":{"title":"Tool Kit for Watches | Buy online here | LOCS","description":"Buy Tool sets for watches here | The EU&#039;s largest selection of LOCS sunglasses | We ship from the EU - No extra import costs","robots":{"index":"index","follow":"follow","max-snippet":"max-snippet:-1","max-image-preview":"max-image-preview:large","max-video-preview":"max-video-preview:-1"},"canonical":"https:\/\/locsshop.eu\/en\/shop\/vaerktoejssaet-til-ure\/","og_locale":"en_GB","og_type":"article","og_title":"V\u00e6rkt\u00f8jss\u00e6t til ure | K\u00f8b online her | LOCS","og_description":"K\u00f8b V\u00e6rkt\u00f8jss\u00e6t til ure her | EU's st\u00f8rste udvalg af LOCS solbriller | Vi sender fra EU - Ingen ekstra import udgifter","og_url":"https:\/\/locsshop.eu\/en\/shop\/vaerktoejssaet-til-ure\/","og_site_name":"Locs Sunglasses - LOCS Supplier in EU","article_modified_time":"2023-08-31T14:38:22+00:00","og_image":[{"width":800,"height":800,"url":"https:\/\/locsshop.eu\/wp-content\/uploads\/2022\/08\/eng_pl_Watchmaker-set-13-pieces-11401_22.jpg","type":"image\/jpeg"}],"twitter_card":"summary_large_image","twitter_misc":{"Estimated reading time":"1 minute"},"schema":{"@context":"https:\/\/schema.org","@graph":[{"@type":"WebPage","@id":"https:\/\/locsshop.eu\/shop\/vaerktoejssaet-til-ure\/","url":"https:\/\/locsshop.eu\/shop\/vaerktoejssaet-til-ure\/","name":"Tool Kit for Watches | Buy online here | LOCS","isPartOf":{"@id":"https:\/\/locsshop.eu\/#website"},"primaryImageOfPage":{"@id":"https:\/\/locsshop.eu\/shop\/vaerktoejssaet-til-ure\/#primaryimage"},"image":{"@id":"https:\/\/locsshop.eu\/shop\/vaerktoejssaet-til-ure\/#primaryimage"},"thumbnailUrl":"https:\/\/locsshop.eu\/wp-content\/uploads\/2022\/08\/eng_pl_Watchmaker-set-13-pieces-11401_22.jpg","datePublished":"2022-08-29T11:04:42+00:00","dateModified":"2023-08-31T14:38:22+00:00","description":"Buy Tool sets for watches here | The EU&#039;s largest selection of LOCS sunglasses | We ship from the EU - No extra import costs","breadcrumb":{"@id":"https:\/\/locsshop.eu\/shop\/vaerktoejssaet-til-ure\/#breadcrumb"},"inLanguage":"en-GB","potentialAction":[{"@type":"ReadAction","target":["https:\/\/locsshop.eu\/shop\/vaerktoejssaet-til-ure\/"]}]},{"@type":"ImageObject","inLanguage":"en-GB","@id":"https:\/\/locsshop.eu\/shop\/vaerktoejssaet-til-ure\/#primaryimage","url":"https:\/\/locsshop.eu\/wp-content\/uploads\/2022\/08\/eng_pl_Watchmaker-set-13-pieces-11401_22.jpg","contentUrl":"https:\/\/locsshop.eu\/wp-content\/uploads\/2022\/08\/eng_pl_Watchmaker-set-13-pieces-11401_22.jpg","width":800,"height":800},{"@type":"BreadcrumbList","@id":"https:\/\/locsshop.eu\/shop\/vaerktoejssaet-til-ure\/#breadcrumb","itemListElement":[{"@type":"ListItem","position":1,"name":"Hjem","item":"https:\/\/locsshop.eu\/"},{"@type":"ListItem","position":2,"name":"Shop","item":"https:\/\/locsshop.eu\/shop\/"},{"@type":"ListItem","position":3,"name":"V\u00e6rkt\u00f8jss\u00e6t til ure"}]},{"@type":"WebSite","@id":"https:\/\/locsshop.eu\/#website","url":"https:\/\/locsshop.eu\/","name":"Locs Sunglasses - LOCS Supplier in EU","description":"We sell cheap LOCS Sunglasses","publisher":{"@id":"https:\/\/locsshop.eu\/#organization"},"potentialAction":[{"@type":"SearchAction","target":{"@type":"EntryPoint","urlTemplate":"https:\/\/locsshop.eu\/?s={search_term_string}"},"query-input":{"@type":"PropertyValueSpecification","valueRequired":true,"valueName":"search_term_string"}}],"inLanguage":"en-GB"},{"@type":"Organization","@id":"https:\/\/locsshop.eu\/#organization","name":"Locsshop.eu","url":"https:\/\/locsshop.eu\/","logo":{"@type":"ImageObject","inLanguage":"en-GB","@id":"https:\/\/locsshop.eu\/#\/schema\/logo\/image\/","url":"https:\/\/locsshop.eu\/wp-content\/uploads\/2022\/02\/Locsshop-logo.png","contentUrl":"https:\/\/locsshop.eu\/wp-content\/uploads\/2022\/02\/Locsshop-logo.png","width":930,"height":200,"caption":"Locsshop.eu"},"image":{"@id":"https:\/\/locsshop.eu\/#\/schema\/logo\/image\/"}}]}},"_links":{"self":[{"href":"https:\/\/locsshop.eu\/en\/wp-json\/wp\/v2\/product\/8927","targetHints":{"allow":["GET"]}}],"collection":[{"href":"https:\/\/locsshop.eu\/en\/wp-json\/wp\/v2\/product"}],"about":[{"href":"https:\/\/locsshop.eu\/en\/wp-json\/wp\/v2\/types\/product"}],"replies":[{"embeddable":true,"href":"https:\/\/locsshop.eu\/en\/wp-json\/wp\/v2\/comments?post=8927"}],"wp:featuredmedia":[{"embeddable":true,"href":"https:\/\/locsshop.eu\/en\/wp-json\/wp\/v2\/media\/8928"}],"wp:attachment":[{"href":"https:\/\/locsshop.eu\/en\/wp-json\/wp\/v2\/media?parent=8927"}],"wp:term":[{"taxonomy":"product_brand","embeddable":true,"href":"https:\/\/locsshop.eu\/en\/wp-json\/wp\/v2\/product_brand?post=8927"},{"taxonomy":"product_cat","embeddable":true,"href":"https:\/\/locsshop.eu\/en\/wp-json\/wp\/v2\/product_cat?post=8927"},{"taxonomy":"product_tag","embeddable":true,"href":"https:\/\/locsshop.eu\/en\/wp-json\/wp\/v2\/product_tag?post=8927"}],"curies":[{"name":"wp","href":"https:\/\/api.w.org\/{rel}","templated":true}]}}