{"id":9046,"date":"2022-10-11T12:05:50","date_gmt":"2022-10-11T10:05:50","guid":{"rendered":"https:\/\/locsshop.eu\/shop\/locs-solbriller-chamaco\/"},"modified":"2025-07-24T15:44:03","modified_gmt":"2025-07-24T13:44:03","slug":"locs-solbriller-chamaco","status":"publish","type":"product","link":"https:\/\/locsshop.eu\/en\/shop\/locs-solbriller-chamaco\/","title":{"rendered":"Locs Sunglasses \u2013 Chamaco"},"content":{"rendered":"<h2><strong>Matte black Locs sunglasses with silver logos on the temples<\/strong><\/h2>\n<h4>Really cool narrow black sunglasses in a matte surface and with cool Locs logos.<\/h4>\n<h4>Locs Sunglasses is a popular American sunglasses brand known for its hardcore attitude. As one of the most sought-after sunglasses brands in the US and internationally, Locs has maintained its signature designs and fierce style over the years.<br \/>\nLocs sunglasses have cool logos, nice details and a style that is just a little tougher than others. Perfect for those of you who have a bit of an attitude.<\/h4>\n<p>&nbsp;<\/p>\n<h4><strong><em>Details:<br \/>\n<\/em><\/strong><br \/>\nInner width: 13 cm<br \/>\nHeight: 3.7 cm<br \/>\nRod length: 12.7 cm<br \/>\nSurface: Matt<\/h4>\n<h4>Material: Plastic<br \/>\nUV400 protection<br \/>\nCE approved<\/h4>\n<h4><img loading=\"lazy\" decoding=\"async\" class=\"alignnone wp-image-10637 size-thumbnail\" src=\"https:\/\/bazarsalg.dk\/wp-content\/uploads\/Locs-Logo-280x280.jpg\" alt=\"\" width=\"280\" height=\"280\" \/><\/h4>\n<h4><em>LOCS History<\/em><\/h4>\n<p><em>In the 1970s and 80s, Locs sunglasses were very popular among young people and defined the LA look. Influenced by the Latin American culture of Los Angeles and derived from the Spanish word \u201cloco\u201d (crazy), they were originally worn by cholos and later became popular among all gangsters in the LA area. Gang members referred to some of their more wild and active or indeed mentally disturbed members as &quot;loco&quot;. Later, the term and associated behavior became very popular with the Crips in particular and to a lesser extent with the Bloods. It was so common in Crip parlance that it was shortened to Loc and used as a suffix in some gang members&#039; names.<\/em><\/p>\n<p><em>in the 1990s, many of the biggest rappers also wore Locs sunglasses, for example Eazy E, Snoop Dogg and many other well-known rappers. So the sunglasses became well known and worn in many different American gangster movies.<\/em><\/p>\n<p><em>Today, Locs sunglasses are not only popular in California, but now also throughout the United States and the rest of the world. The brand now has a wider appeal across all consumer groups. One of the reasons for this popularity is the glorification of the LA Gangster profile through music, movies and of course the media. As gangster rappers were constantly in the media for negative press, they were seen wearing these hardcore glasses and the style quickly spread throughout the streets of Los Angeles! With the increasing popularity, it quickly helped them cross over into the mainstream and are now popular among famous artists and actors.<\/em><\/p>","protected":false},"excerpt":{"rendered":"<p><strong>LOCS \u2013 8LOC9003-MB<\/strong><br \/>\nBlack matt frame - Dark glasses<br \/>\nPlastic frame<br \/>\nUV400<br \/>\nCE Approved<\/p>\n<p><img loading=\"lazy\" decoding=\"async\" class=\"alignnone wp-image-10637\" src=\"https:\/\/bazarsalg.dk\/wp-content\/uploads\/Locs-Logo.jpg\" alt=\"\" width=\"200\" height=\"200\" \/><\/p>","protected":false},"featured_media":9047,"comment_status":"open","ping_status":"closed","template":"","meta":{"om_disable_all_campaigns":false,"_monsterinsights_skip_tracking":false,"_monsterinsights_sitenote_active":false,"_monsterinsights_sitenote_note":"","_monsterinsights_sitenote_category":0},"product_brand":[],"product_cat":[1101,1049],"product_tag":[1120,1100,870],"class_list":{"0":"post-9046","1":"product","2":"type-product","3":"status-publish","4":"has-post-thumbnail","6":"product_cat-locs-solbriller","7":"product_cat-premium-solbriller","8":"product_tag-8loc9003-mb","9":"product_tag-locs","10":"product_tag-p693","12":"first","13":"instock","14":"shipping-taxable","15":"purchasable","16":"product-type-simple"},"yoast_head":"<!-- This site is optimized with the Yoast SEO plugin v27.2 - https:\/\/yoast.com\/product\/yoast-seo-wordpress\/ -->\n<title>Locs Solbriller - Chamaco | K\u00f8b online her | LOCS<\/title>\n<meta name=\"description\" content=\"K\u00f8b Locs Solbriller - Chamaco her | EU&#039;s st\u00f8rste udvalg af LOCS solbriller | Vi sender fra EU - Ingen ekstra import udgifter\" \/>\n<meta name=\"robots\" content=\"index, follow, max-snippet:-1, max-image-preview:large, max-video-preview:-1\" \/>\n<link rel=\"canonical\" href=\"https:\/\/locsshop.eu\/en\/shop\/locs-solbriller-chamaco\/\" \/>\n<meta property=\"og:locale\" content=\"en_GB\" \/>\n<meta property=\"og:type\" content=\"article\" \/>\n<meta property=\"og:title\" content=\"Locs Solbriller - Chamaco | K\u00f8b online her | LOCS\" \/>\n<meta property=\"og:description\" content=\"K\u00f8b Locs Solbriller - Chamaco her | EU&#039;s st\u00f8rste udvalg af LOCS solbriller | Vi sender fra EU - Ingen ekstra import udgifter\" \/>\n<meta property=\"og:url\" content=\"https:\/\/locsshop.eu\/en\/shop\/locs-solbriller-chamaco\/\" \/>\n<meta property=\"og:site_name\" content=\"Locs Sunglasses - LOCS Supplier in EU\" \/>\n<meta property=\"article:modified_time\" content=\"2025-07-24T13:44:03+00:00\" \/>\n<meta property=\"og:image\" content=\"https:\/\/locsshop.eu\/wp-content\/uploads\/2022\/10\/8LOC90032.1.jpg\" \/>\n\t<meta property=\"og:image:width\" content=\"800\" \/>\n\t<meta property=\"og:image:height\" content=\"800\" \/>\n\t<meta property=\"og:image:type\" content=\"image\/jpeg\" \/>\n<meta name=\"twitter:card\" content=\"summary_large_image\" \/>\n<meta name=\"twitter:label1\" content=\"Estimated reading time\" \/>\n\t<meta name=\"twitter:data1\" content=\"2 minutes\" \/>\n<script type=\"application\/ld+json\" class=\"yoast-schema-graph\">{\"@context\":\"https:\/\/schema.org\",\"@graph\":[{\"@type\":\"WebPage\",\"@id\":\"https:\/\/locsshop.eu\/shop\/locs-solbriller-chamaco\/\",\"url\":\"https:\/\/locsshop.eu\/shop\/locs-solbriller-chamaco\/\",\"name\":\"Locs Solbriller - Chamaco | K\u00f8b online her | LOCS\",\"isPartOf\":{\"@id\":\"https:\/\/locsshop.eu\/#website\"},\"primaryImageOfPage\":{\"@id\":\"https:\/\/locsshop.eu\/shop\/locs-solbriller-chamaco\/#primaryimage\"},\"image\":{\"@id\":\"https:\/\/locsshop.eu\/shop\/locs-solbriller-chamaco\/#primaryimage\"},\"thumbnailUrl\":\"https:\/\/locsshop.eu\/wp-content\/uploads\/2022\/10\/8LOC90032.1.jpg\",\"datePublished\":\"2022-10-11T10:05:50+00:00\",\"dateModified\":\"2025-07-24T13:44:03+00:00\",\"description\":\"K\u00f8b Locs Solbriller - Chamaco her | EU's st\u00f8rste udvalg af LOCS solbriller | Vi sender fra EU - Ingen ekstra import udgifter\",\"breadcrumb\":{\"@id\":\"https:\/\/locsshop.eu\/shop\/locs-solbriller-chamaco\/#breadcrumb\"},\"inLanguage\":\"en-GB\",\"potentialAction\":[{\"@type\":\"ReadAction\",\"target\":[\"https:\/\/locsshop.eu\/shop\/locs-solbriller-chamaco\/\"]}]},{\"@type\":\"ImageObject\",\"inLanguage\":\"en-GB\",\"@id\":\"https:\/\/locsshop.eu\/shop\/locs-solbriller-chamaco\/#primaryimage\",\"url\":\"https:\/\/locsshop.eu\/wp-content\/uploads\/2022\/10\/8LOC90032.1.jpg\",\"contentUrl\":\"https:\/\/locsshop.eu\/wp-content\/uploads\/2022\/10\/8LOC90032.1.jpg\",\"width\":800,\"height\":800},{\"@type\":\"BreadcrumbList\",\"@id\":\"https:\/\/locsshop.eu\/shop\/locs-solbriller-chamaco\/#breadcrumb\",\"itemListElement\":[{\"@type\":\"ListItem\",\"position\":1,\"name\":\"Hjem\",\"item\":\"https:\/\/locsshop.eu\/\"},{\"@type\":\"ListItem\",\"position\":2,\"name\":\"Shop\",\"item\":\"https:\/\/locsshop.eu\/shop\/\"},{\"@type\":\"ListItem\",\"position\":3,\"name\":\"Locs Solbriller &#8211; Chamaco\"}]},{\"@type\":\"WebSite\",\"@id\":\"https:\/\/locsshop.eu\/#website\",\"url\":\"https:\/\/locsshop.eu\/\",\"name\":\"Locs Sunglasses - LOCS Supplier in EU\",\"description\":\"We sell cheap LOCS Sunglasses\",\"publisher\":{\"@id\":\"https:\/\/locsshop.eu\/#organization\"},\"potentialAction\":[{\"@type\":\"SearchAction\",\"target\":{\"@type\":\"EntryPoint\",\"urlTemplate\":\"https:\/\/locsshop.eu\/?s={search_term_string}\"},\"query-input\":{\"@type\":\"PropertyValueSpecification\",\"valueRequired\":true,\"valueName\":\"search_term_string\"}}],\"inLanguage\":\"en-GB\"},{\"@type\":\"Organization\",\"@id\":\"https:\/\/locsshop.eu\/#organization\",\"name\":\"Locsshop.eu\",\"url\":\"https:\/\/locsshop.eu\/\",\"logo\":{\"@type\":\"ImageObject\",\"inLanguage\":\"en-GB\",\"@id\":\"https:\/\/locsshop.eu\/#\/schema\/logo\/image\/\",\"url\":\"https:\/\/locsshop.eu\/wp-content\/uploads\/2022\/02\/Locsshop-logo.png\",\"contentUrl\":\"https:\/\/locsshop.eu\/wp-content\/uploads\/2022\/02\/Locsshop-logo.png\",\"width\":930,\"height\":200,\"caption\":\"Locsshop.eu\"},\"image\":{\"@id\":\"https:\/\/locsshop.eu\/#\/schema\/logo\/image\/\"}}]}<\/script>\n<!-- \/ Yoast SEO plugin. -->","yoast_head_json":{"title":"Locs Sunglasses - Chamaco | Buy online here | LOCS","description":"Buy Locs Sunglasses - Chamaco here | The EU&#039;s largest selection of LOCS sunglasses | We ship from the EU - No extra import costs","robots":{"index":"index","follow":"follow","max-snippet":"max-snippet:-1","max-image-preview":"max-image-preview:large","max-video-preview":"max-video-preview:-1"},"canonical":"https:\/\/locsshop.eu\/en\/shop\/locs-solbriller-chamaco\/","og_locale":"en_GB","og_type":"article","og_title":"Locs Solbriller - Chamaco | K\u00f8b online her | LOCS","og_description":"K\u00f8b Locs Solbriller - Chamaco her | EU's st\u00f8rste udvalg af LOCS solbriller | Vi sender fra EU - Ingen ekstra import udgifter","og_url":"https:\/\/locsshop.eu\/en\/shop\/locs-solbriller-chamaco\/","og_site_name":"Locs Sunglasses - LOCS Supplier in EU","article_modified_time":"2025-07-24T13:44:03+00:00","og_image":[{"width":800,"height":800,"url":"https:\/\/locsshop.eu\/wp-content\/uploads\/2022\/10\/8LOC90032.1.jpg","type":"image\/jpeg"}],"twitter_card":"summary_large_image","twitter_misc":{"Estimated reading time":"2 minutes"},"schema":{"@context":"https:\/\/schema.org","@graph":[{"@type":"WebPage","@id":"https:\/\/locsshop.eu\/shop\/locs-solbriller-chamaco\/","url":"https:\/\/locsshop.eu\/shop\/locs-solbriller-chamaco\/","name":"Locs Sunglasses - Chamaco | Buy online here | LOCS","isPartOf":{"@id":"https:\/\/locsshop.eu\/#website"},"primaryImageOfPage":{"@id":"https:\/\/locsshop.eu\/shop\/locs-solbriller-chamaco\/#primaryimage"},"image":{"@id":"https:\/\/locsshop.eu\/shop\/locs-solbriller-chamaco\/#primaryimage"},"thumbnailUrl":"https:\/\/locsshop.eu\/wp-content\/uploads\/2022\/10\/8LOC90032.1.jpg","datePublished":"2022-10-11T10:05:50+00:00","dateModified":"2025-07-24T13:44:03+00:00","description":"Buy Locs Sunglasses - Chamaco here | The EU&#039;s largest selection of LOCS sunglasses | We ship from the EU - No extra import costs","breadcrumb":{"@id":"https:\/\/locsshop.eu\/shop\/locs-solbriller-chamaco\/#breadcrumb"},"inLanguage":"en-GB","potentialAction":[{"@type":"ReadAction","target":["https:\/\/locsshop.eu\/shop\/locs-solbriller-chamaco\/"]}]},{"@type":"ImageObject","inLanguage":"en-GB","@id":"https:\/\/locsshop.eu\/shop\/locs-solbriller-chamaco\/#primaryimage","url":"https:\/\/locsshop.eu\/wp-content\/uploads\/2022\/10\/8LOC90032.1.jpg","contentUrl":"https:\/\/locsshop.eu\/wp-content\/uploads\/2022\/10\/8LOC90032.1.jpg","width":800,"height":800},{"@type":"BreadcrumbList","@id":"https:\/\/locsshop.eu\/shop\/locs-solbriller-chamaco\/#breadcrumb","itemListElement":[{"@type":"ListItem","position":1,"name":"Hjem","item":"https:\/\/locsshop.eu\/"},{"@type":"ListItem","position":2,"name":"Shop","item":"https:\/\/locsshop.eu\/shop\/"},{"@type":"ListItem","position":3,"name":"Locs Solbriller &#8211; Chamaco"}]},{"@type":"WebSite","@id":"https:\/\/locsshop.eu\/#website","url":"https:\/\/locsshop.eu\/","name":"Locs Sunglasses - LOCS Supplier in EU","description":"We sell cheap LOCS Sunglasses","publisher":{"@id":"https:\/\/locsshop.eu\/#organization"},"potentialAction":[{"@type":"SearchAction","target":{"@type":"EntryPoint","urlTemplate":"https:\/\/locsshop.eu\/?s={search_term_string}"},"query-input":{"@type":"PropertyValueSpecification","valueRequired":true,"valueName":"search_term_string"}}],"inLanguage":"en-GB"},{"@type":"Organization","@id":"https:\/\/locsshop.eu\/#organization","name":"Locsshop.eu","url":"https:\/\/locsshop.eu\/","logo":{"@type":"ImageObject","inLanguage":"en-GB","@id":"https:\/\/locsshop.eu\/#\/schema\/logo\/image\/","url":"https:\/\/locsshop.eu\/wp-content\/uploads\/2022\/02\/Locsshop-logo.png","contentUrl":"https:\/\/locsshop.eu\/wp-content\/uploads\/2022\/02\/Locsshop-logo.png","width":930,"height":200,"caption":"Locsshop.eu"},"image":{"@id":"https:\/\/locsshop.eu\/#\/schema\/logo\/image\/"}}]}},"_links":{"self":[{"href":"https:\/\/locsshop.eu\/en\/wp-json\/wp\/v2\/product\/9046","targetHints":{"allow":["GET"]}}],"collection":[{"href":"https:\/\/locsshop.eu\/en\/wp-json\/wp\/v2\/product"}],"about":[{"href":"https:\/\/locsshop.eu\/en\/wp-json\/wp\/v2\/types\/product"}],"replies":[{"embeddable":true,"href":"https:\/\/locsshop.eu\/en\/wp-json\/wp\/v2\/comments?post=9046"}],"wp:featuredmedia":[{"embeddable":true,"href":"https:\/\/locsshop.eu\/en\/wp-json\/wp\/v2\/media\/9047"}],"wp:attachment":[{"href":"https:\/\/locsshop.eu\/en\/wp-json\/wp\/v2\/media?parent=9046"}],"wp:term":[{"taxonomy":"product_brand","embeddable":true,"href":"https:\/\/locsshop.eu\/en\/wp-json\/wp\/v2\/product_brand?post=9046"},{"taxonomy":"product_cat","embeddable":true,"href":"https:\/\/locsshop.eu\/en\/wp-json\/wp\/v2\/product_cat?post=9046"},{"taxonomy":"product_tag","embeddable":true,"href":"https:\/\/locsshop.eu\/en\/wp-json\/wp\/v2\/product_tag?post=9046"}],"curies":[{"name":"wp","href":"https:\/\/api.w.org\/{rel}","templated":true}]}}