{"id":9465,"date":"2023-02-06T09:44:44","date_gmt":"2023-02-06T08:44:44","guid":{"rendered":"https:\/\/locsshop.eu\/shop\/choppers-solbriller-san-diego-blaa-spejlglas\/"},"modified":"2024-05-07T21:40:18","modified_gmt":"2024-05-07T19:40:18","slug":"choppers-solbriller-san-diego-blaa-spejlglas","status":"publish","type":"product","link":"https:\/\/locsshop.eu\/en\/shop\/choppers-solbriller-san-diego-blaa-spejlglas\/","title":{"rendered":"Choppers Sunglasses \u2013 San Diego | Blue mirror glass"},"content":{"rendered":"<h2><strong>Black Choppers sunglasses with nice blue mirrored lenses<\/strong><\/h2>\n<h4>Super raw sunglasses that radiate a lot of attitude. They are glossy black with blue mirror glass and have nice Chopper emblems on the bars.<br \/>\nThe bars also have nice blue details that complete the look. There are rubber nose pads that make them comfortable to wear for a longer period of time and make these sunglasses a really good bet for your new favorite sunglasses.<\/h4>\n<h4>Choppers Sunglasses is a popular American sunglasses brand that is primarily aimed at bikers and others who like the biker culture.<br \/>\nChopper&#039;s sunglasses have cool logos and emblems, nice details and a style that just matches your Harley 100%. Perfect for you who have a bit of attitude and who want to look ultra cool.<\/h4>\n<p>&nbsp;<\/p>\n<h4><strong><em>Details:<br \/>\n<\/em><\/strong><br \/>\nInner width: 12.9 cm<br \/>\nHeight: 4.2 cm<br \/>\nRod length: 13 cm<br \/>\nSurface: Glossy<\/h4>\n<h4>Material: Plastic and metal<br \/>\nUV400 protection<br \/>\nCE approved<\/h4>\n<h4><img loading=\"lazy\" decoding=\"async\" class=\"alignnone wp-image-11154 size-full\" src=\"https:\/\/bazarsalg.dk\/wp-content\/uploads\/Stor-choppers-logo-280x280-1.jpg\" alt=\"\" width=\"280\" height=\"280\" \/><\/h4>\n<h4><em>About Chopper&#039;s Sunglasses<\/em><\/h4>\n<p><strong><em>Sunglasses in biker style<\/em><\/strong><br \/>\n<em>Choppers Sunglasses have become very popular among motorcyclists and motorcycle enthusiasts all over the world and especially in the USA. It&#039;s easy to see why with their unique raw designs and original styles as well as their comfortable fit to match your Harley. Choppers Sunglasses come in many popular designs that are sure to catch everyone&#039;s attention. These Chopper sunglasses are guaranteed to be a hit with the aggressive styling among your friends and acquaintances who also like that style.<br \/>\nThey will match your motorcycle, American car or leather vest very well. Buy a pair before they sell out.<\/em><\/p>","protected":false},"excerpt":{"rendered":"<p><strong>Chopper \u2013 8CP6670<\/strong><br \/>\nBlack glossy frame with silver logos - Blue Mirror glass<br \/>\nBlue details on the bars<br \/>\nPlastic frame<br \/>\nUV400<br \/>\nCE Approved<\/p>\n<p><img loading=\"lazy\" decoding=\"async\" class=\"alignnone wp-image-11155 size-full\" src=\"https:\/\/bazarsalg.dk\/wp-content\/uploads\/Lille-choppers-logo-200x200-1.jpg\" alt=\"\" width=\"200\" height=\"200\" \/><\/p>","protected":false},"featured_media":9466,"comment_status":"open","ping_status":"closed","template":"","meta":{"om_disable_all_campaigns":false,"_monsterinsights_skip_tracking":false,"_monsterinsights_sitenote_active":false,"_monsterinsights_sitenote_note":"","_monsterinsights_sitenote_category":0},"product_brand":[],"product_cat":[1209,1049],"product_tag":[1212,1208,870],"class_list":{"0":"post-9465","1":"product","2":"type-product","3":"status-publish","4":"has-post-thumbnail","6":"product_cat-choppers-solbriller","7":"product_cat-premium-solbriller","8":"product_tag-8cp6670","9":"product_tag-choppers","10":"product_tag-p693","12":"first","13":"outofstock","14":"sale","15":"shipping-taxable","16":"purchasable","17":"product-type-simple"},"yoast_head":"<!-- This site is optimized with the Yoast SEO plugin v27.5 - https:\/\/yoast.com\/product\/yoast-seo-wordpress\/ -->\n<title>Choppers Solbriller - San Diego | Bl\u00e5 Spejlglas | K\u00f8b online her | LOCS<\/title>\n<meta name=\"description\" content=\"K\u00f8b Choppers Solbriller - San Diego | Bl\u00e5 Spejlglas her | EU&#039;s st\u00f8rste udvalg af LOCS solbriller | Vi sender fra EU - Ingen ekstra import udgifter\" \/>\n<meta name=\"robots\" content=\"index, follow, max-snippet:-1, max-image-preview:large, max-video-preview:-1\" \/>\n<link rel=\"canonical\" href=\"https:\/\/locsshop.eu\/en\/shop\/choppers-solbriller-san-diego-blaa-spejlglas\/\" \/>\n<meta property=\"og:locale\" content=\"en_GB\" \/>\n<meta property=\"og:type\" content=\"article\" \/>\n<meta property=\"og:title\" content=\"Choppers Solbriller - San Diego | Bl\u00e5 Spejlglas | K\u00f8b online her | LOCS\" \/>\n<meta property=\"og:description\" content=\"K\u00f8b Choppers Solbriller - San Diego | Bl\u00e5 Spejlglas her | EU&#039;s st\u00f8rste udvalg af LOCS solbriller | Vi sender fra EU - Ingen ekstra import udgifter\" \/>\n<meta property=\"og:url\" content=\"https:\/\/locsshop.eu\/en\/shop\/choppers-solbriller-san-diego-blaa-spejlglas\/\" \/>\n<meta property=\"og:site_name\" content=\"Locs Sunglasses - LOCS Supplier in EU\" \/>\n<meta property=\"article:modified_time\" content=\"2024-05-07T19:40:18+00:00\" \/>\n<meta property=\"og:image\" content=\"https:\/\/locsshop.eu\/wp-content\/uploads\/2023\/02\/8CP6670motorcyclesunglasses6.jpg\" \/>\n\t<meta property=\"og:image:width\" content=\"800\" \/>\n\t<meta property=\"og:image:height\" content=\"800\" \/>\n\t<meta property=\"og:image:type\" content=\"image\/jpeg\" \/>\n<meta name=\"twitter:card\" content=\"summary_large_image\" \/>\n<meta name=\"twitter:label1\" content=\"Estimated reading time\" \/>\n\t<meta name=\"twitter:data1\" content=\"1 minute\" \/>\n<script type=\"application\/ld+json\" class=\"yoast-schema-graph\">{\"@context\":\"https:\\\/\\\/schema.org\",\"@graph\":[{\"@type\":\"WebPage\",\"@id\":\"https:\\\/\\\/locsshop.eu\\\/shop\\\/choppers-solbriller-san-diego-blaa-spejlglas\\\/\",\"url\":\"https:\\\/\\\/locsshop.eu\\\/shop\\\/choppers-solbriller-san-diego-blaa-spejlglas\\\/\",\"name\":\"Choppers Solbriller - San Diego | Bl\u00e5 Spejlglas | K\u00f8b online her | LOCS\",\"isPartOf\":{\"@id\":\"https:\\\/\\\/locsshop.eu\\\/#website\"},\"primaryImageOfPage\":{\"@id\":\"https:\\\/\\\/locsshop.eu\\\/shop\\\/choppers-solbriller-san-diego-blaa-spejlglas\\\/#primaryimage\"},\"image\":{\"@id\":\"https:\\\/\\\/locsshop.eu\\\/shop\\\/choppers-solbriller-san-diego-blaa-spejlglas\\\/#primaryimage\"},\"thumbnailUrl\":\"https:\\\/\\\/locsshop.eu\\\/wp-content\\\/uploads\\\/2023\\\/02\\\/8CP6670motorcyclesunglasses6.jpg\",\"datePublished\":\"2023-02-06T08:44:44+00:00\",\"dateModified\":\"2024-05-07T19:40:18+00:00\",\"description\":\"K\u00f8b Choppers Solbriller - San Diego | Bl\u00e5 Spejlglas her | EU's st\u00f8rste udvalg af LOCS solbriller | Vi sender fra EU - Ingen ekstra import udgifter\",\"breadcrumb\":{\"@id\":\"https:\\\/\\\/locsshop.eu\\\/shop\\\/choppers-solbriller-san-diego-blaa-spejlglas\\\/#breadcrumb\"},\"inLanguage\":\"en-GB\",\"potentialAction\":[{\"@type\":\"ReadAction\",\"target\":[\"https:\\\/\\\/locsshop.eu\\\/shop\\\/choppers-solbriller-san-diego-blaa-spejlglas\\\/\"]}]},{\"@type\":\"ImageObject\",\"inLanguage\":\"en-GB\",\"@id\":\"https:\\\/\\\/locsshop.eu\\\/shop\\\/choppers-solbriller-san-diego-blaa-spejlglas\\\/#primaryimage\",\"url\":\"https:\\\/\\\/locsshop.eu\\\/wp-content\\\/uploads\\\/2023\\\/02\\\/8CP6670motorcyclesunglasses6.jpg\",\"contentUrl\":\"https:\\\/\\\/locsshop.eu\\\/wp-content\\\/uploads\\\/2023\\\/02\\\/8CP6670motorcyclesunglasses6.jpg\",\"width\":800,\"height\":800},{\"@type\":\"BreadcrumbList\",\"@id\":\"https:\\\/\\\/locsshop.eu\\\/shop\\\/choppers-solbriller-san-diego-blaa-spejlglas\\\/#breadcrumb\",\"itemListElement\":[{\"@type\":\"ListItem\",\"position\":1,\"name\":\"Hjem\",\"item\":\"https:\\\/\\\/locsshop.eu\\\/\"},{\"@type\":\"ListItem\",\"position\":2,\"name\":\"Shop\",\"item\":\"https:\\\/\\\/locsshop.eu\\\/shop\\\/\"},{\"@type\":\"ListItem\",\"position\":3,\"name\":\"Choppers Solbriller &#8211; San Diego | Bl\u00e5 Spejlglas\"}]},{\"@type\":\"WebSite\",\"@id\":\"https:\\\/\\\/locsshop.eu\\\/#website\",\"url\":\"https:\\\/\\\/locsshop.eu\\\/\",\"name\":\"Locs Sunglasses - LOCS Supplier in EU\",\"description\":\"We sell cheap LOCS Sunglasses\",\"publisher\":{\"@id\":\"https:\\\/\\\/locsshop.eu\\\/#organization\"},\"potentialAction\":[{\"@type\":\"SearchAction\",\"target\":{\"@type\":\"EntryPoint\",\"urlTemplate\":\"https:\\\/\\\/locsshop.eu\\\/?s={search_term_string}\"},\"query-input\":{\"@type\":\"PropertyValueSpecification\",\"valueRequired\":true,\"valueName\":\"search_term_string\"}}],\"inLanguage\":\"en-GB\"},{\"@type\":\"Organization\",\"@id\":\"https:\\\/\\\/locsshop.eu\\\/#organization\",\"name\":\"Locsshop.eu\",\"url\":\"https:\\\/\\\/locsshop.eu\\\/\",\"logo\":{\"@type\":\"ImageObject\",\"inLanguage\":\"en-GB\",\"@id\":\"https:\\\/\\\/locsshop.eu\\\/#\\\/schema\\\/logo\\\/image\\\/\",\"url\":\"https:\\\/\\\/locsshop.eu\\\/wp-content\\\/uploads\\\/2022\\\/02\\\/Locsshop-logo.png\",\"contentUrl\":\"https:\\\/\\\/locsshop.eu\\\/wp-content\\\/uploads\\\/2022\\\/02\\\/Locsshop-logo.png\",\"width\":930,\"height\":200,\"caption\":\"Locsshop.eu\"},\"image\":{\"@id\":\"https:\\\/\\\/locsshop.eu\\\/#\\\/schema\\\/logo\\\/image\\\/\"}}]}<\/script>\n<!-- \/ Yoast SEO plugin. -->","yoast_head_json":{"title":"Choppers Sunglasses - San Diego | Blue Mirror Glass | Buy online here | LOCS","description":"Buy Choppers Sunglasses - San Diego | Blue Mirror glass here | The EU&#039;s largest selection of LOCS sunglasses | We ship from the EU - No extra import costs","robots":{"index":"index","follow":"follow","max-snippet":"max-snippet:-1","max-image-preview":"max-image-preview:large","max-video-preview":"max-video-preview:-1"},"canonical":"https:\/\/locsshop.eu\/en\/shop\/choppers-solbriller-san-diego-blaa-spejlglas\/","og_locale":"en_GB","og_type":"article","og_title":"Choppers Solbriller - San Diego | Bl\u00e5 Spejlglas | K\u00f8b online her | LOCS","og_description":"K\u00f8b Choppers Solbriller - San Diego | Bl\u00e5 Spejlglas her | EU's st\u00f8rste udvalg af LOCS solbriller | Vi sender fra EU - Ingen ekstra import udgifter","og_url":"https:\/\/locsshop.eu\/en\/shop\/choppers-solbriller-san-diego-blaa-spejlglas\/","og_site_name":"Locs Sunglasses - LOCS Supplier in EU","article_modified_time":"2024-05-07T19:40:18+00:00","og_image":[{"width":800,"height":800,"url":"https:\/\/locsshop.eu\/wp-content\/uploads\/2023\/02\/8CP6670motorcyclesunglasses6.jpg","type":"image\/jpeg"}],"twitter_card":"summary_large_image","twitter_misc":{"Estimated reading time":"1 minute"},"schema":{"@context":"https:\/\/schema.org","@graph":[{"@type":"WebPage","@id":"https:\/\/locsshop.eu\/shop\/choppers-solbriller-san-diego-blaa-spejlglas\/","url":"https:\/\/locsshop.eu\/shop\/choppers-solbriller-san-diego-blaa-spejlglas\/","name":"Choppers Sunglasses - San Diego | Blue Mirror Glass | Buy online here | LOCS","isPartOf":{"@id":"https:\/\/locsshop.eu\/#website"},"primaryImageOfPage":{"@id":"https:\/\/locsshop.eu\/shop\/choppers-solbriller-san-diego-blaa-spejlglas\/#primaryimage"},"image":{"@id":"https:\/\/locsshop.eu\/shop\/choppers-solbriller-san-diego-blaa-spejlglas\/#primaryimage"},"thumbnailUrl":"https:\/\/locsshop.eu\/wp-content\/uploads\/2023\/02\/8CP6670motorcyclesunglasses6.jpg","datePublished":"2023-02-06T08:44:44+00:00","dateModified":"2024-05-07T19:40:18+00:00","description":"Buy Choppers Sunglasses - San Diego | Blue Mirror glass here | The EU&#039;s largest selection of LOCS sunglasses | We ship from the EU - No extra import costs","breadcrumb":{"@id":"https:\/\/locsshop.eu\/shop\/choppers-solbriller-san-diego-blaa-spejlglas\/#breadcrumb"},"inLanguage":"en-GB","potentialAction":[{"@type":"ReadAction","target":["https:\/\/locsshop.eu\/shop\/choppers-solbriller-san-diego-blaa-spejlglas\/"]}]},{"@type":"ImageObject","inLanguage":"en-GB","@id":"https:\/\/locsshop.eu\/shop\/choppers-solbriller-san-diego-blaa-spejlglas\/#primaryimage","url":"https:\/\/locsshop.eu\/wp-content\/uploads\/2023\/02\/8CP6670motorcyclesunglasses6.jpg","contentUrl":"https:\/\/locsshop.eu\/wp-content\/uploads\/2023\/02\/8CP6670motorcyclesunglasses6.jpg","width":800,"height":800},{"@type":"BreadcrumbList","@id":"https:\/\/locsshop.eu\/shop\/choppers-solbriller-san-diego-blaa-spejlglas\/#breadcrumb","itemListElement":[{"@type":"ListItem","position":1,"name":"Hjem","item":"https:\/\/locsshop.eu\/"},{"@type":"ListItem","position":2,"name":"Shop","item":"https:\/\/locsshop.eu\/shop\/"},{"@type":"ListItem","position":3,"name":"Choppers Solbriller &#8211; San Diego | Bl\u00e5 Spejlglas"}]},{"@type":"WebSite","@id":"https:\/\/locsshop.eu\/#website","url":"https:\/\/locsshop.eu\/","name":"Locs Sunglasses - LOCS Supplier in EU","description":"We sell cheap LOCS Sunglasses","publisher":{"@id":"https:\/\/locsshop.eu\/#organization"},"potentialAction":[{"@type":"SearchAction","target":{"@type":"EntryPoint","urlTemplate":"https:\/\/locsshop.eu\/?s={search_term_string}"},"query-input":{"@type":"PropertyValueSpecification","valueRequired":true,"valueName":"search_term_string"}}],"inLanguage":"en-GB"},{"@type":"Organization","@id":"https:\/\/locsshop.eu\/#organization","name":"Locsshop.eu","url":"https:\/\/locsshop.eu\/","logo":{"@type":"ImageObject","inLanguage":"en-GB","@id":"https:\/\/locsshop.eu\/#\/schema\/logo\/image\/","url":"https:\/\/locsshop.eu\/wp-content\/uploads\/2022\/02\/Locsshop-logo.png","contentUrl":"https:\/\/locsshop.eu\/wp-content\/uploads\/2022\/02\/Locsshop-logo.png","width":930,"height":200,"caption":"Locsshop.eu"},"image":{"@id":"https:\/\/locsshop.eu\/#\/schema\/logo\/image\/"}}]}},"_links":{"self":[{"href":"https:\/\/locsshop.eu\/en\/wp-json\/wp\/v2\/product\/9465","targetHints":{"allow":["GET"]}}],"collection":[{"href":"https:\/\/locsshop.eu\/en\/wp-json\/wp\/v2\/product"}],"about":[{"href":"https:\/\/locsshop.eu\/en\/wp-json\/wp\/v2\/types\/product"}],"replies":[{"embeddable":true,"href":"https:\/\/locsshop.eu\/en\/wp-json\/wp\/v2\/comments?post=9465"}],"wp:featuredmedia":[{"embeddable":true,"href":"https:\/\/locsshop.eu\/en\/wp-json\/wp\/v2\/media\/9466"}],"wp:attachment":[{"href":"https:\/\/locsshop.eu\/en\/wp-json\/wp\/v2\/media?parent=9465"}],"wp:term":[{"taxonomy":"product_brand","embeddable":true,"href":"https:\/\/locsshop.eu\/en\/wp-json\/wp\/v2\/product_brand?post=9465"},{"taxonomy":"product_cat","embeddable":true,"href":"https:\/\/locsshop.eu\/en\/wp-json\/wp\/v2\/product_cat?post=9465"},{"taxonomy":"product_tag","embeddable":true,"href":"https:\/\/locsshop.eu\/en\/wp-json\/wp\/v2\/product_tag?post=9465"}],"curies":[{"name":"wp","href":"https:\/\/api.w.org\/{rel}","templated":true}]}}