{"id":9567,"date":"2023-03-02T19:31:27","date_gmt":"2023-03-02T18:31:27","guid":{"rendered":"https:\/\/locsshop.eu\/shop\/graa-runde-handout-apparel-bambus-solbriller-brune-glas\/"},"modified":"2025-07-05T01:56:07","modified_gmt":"2025-07-04T23:56:07","slug":"graa-runde-handout-apparel-bambus-solbriller-brune-glas","status":"publish","type":"product","link":"https:\/\/locsshop.eu\/en\/shop\/graa-runde-handout-apparel-bambus-solbriller-brune-glas\/","title":{"rendered":"Gray Round Handout Apparel Bamboo Sunglasses | Brown glasses"},"content":{"rendered":"<h2><strong>Cool round gray bamboo sunglasses with red and turquoise stripe - Incl. Bamboo case<\/strong><\/h2>\n<h4>These round bamboo sunglasses have an elegant gray frame and brown lenses. The frame has beautiful stripes in red and turquoise colors. Perfect for any occasion, these stylish sunglasses are designed with comfort and durability in mind.<br \/>\nTheir light weight makes them easy to carry and their timeless shape adds a cool and stylish upgrade to your look. With 100 % UV protection, these sunglasses keep you safe from the sun&#039;s harmful rays.<br \/>\nThe sunglasses have flex rods for an optimally comfortable and perfect fit.<br \/>\nThe engraved Handout Apparel logos on the poles make the sunglasses look exclusive and with the heart logo you signal that you love our nature and have made a conscious choice to take care of it as best as possible, even if you are wearing nice sunglasses.<\/h4>\n<h4>A nice bamboo case is included with your new Handout Apparel Bamboo sunglasses, so you can take your bamboo sunglasses with you everywhere without them getting damaged.<\/p>\n<p><span data-text-color=\"secondary\"><strong>Please note that the sunglasses are unique and cut from different wood and therefore do not match the pictures 100% as the texture of the wood is different.<\/strong><\/span><br \/>\n<strong><br \/>\nWe recommend that you buy an additional case bag so that your new cool sunglasses do not get scratched when they are in the bamboo case.<\/strong><br \/>\n<strong>Find our cases under the accessories category, and purchase any additional also a cleaning cloth for optimal cleaning of the glasses.<\/strong><\/h4>\n<h4><\/h4>\n<p>&nbsp;<\/p>\n<h4><strong><em>Details:<br \/>\n<\/em><\/strong><br \/>\nInner width: 13.2 cm<br \/>\nHeight: 4.9 cm<br \/>\nRod length: 14.3 cm<\/h4>\n<p>Material: Bamboo<br \/>\nUV400 protection<\/p>\n<h4><img loading=\"lazy\" decoding=\"async\" class=\"alignnone wp-image-11258 size-full\" src=\"https:\/\/bazarsalg.dk\/wp-content\/uploads\/handout-apparel-logo-lille.jpg\" alt=\"\" width=\"320\" height=\"218\" \/><\/h4>\n<h4><em>About Handout Apparel bamboo sunglasses<\/em><\/h4>\n<p><strong><em>Sunglasses in sustainable materials<\/em><\/strong><br \/>\nBamboo sunglasses are a sustainable, fair and affordable alternative to plastic sunglasses.<br \/>\nBamboo sunglasses are becoming increasingly popular. They are stylish and lightweight, which makes them comfortable to wear for longer periods of time. They are naturally environmentally friendly because bamboo is a renewable resource. They also provide good sun protection and are surprisingly durable. Bamboo sunglasses are really unique and are available in many different shapes, sizes and colours. They are perfect for any outdoor activity, from a day at the beach to an afternoon stroll. The sturdy and fashionable frames make them the perfect accessory to complete any outfit. If you are looking for a pair of eco-friendly, stylish sunglasses, bamboo is the right solution for you.<\/p>","protected":false},"excerpt":{"rendered":"<p><strong>HANDOUT APPAREL \u2013 HA-5<\/strong><br \/>\nGray bamboo frame with engraved logos - Brown glasses<br \/>\nRed and turquoise details<br \/>\nFlex Bars \u2013 For optimal fit<br \/>\nLightweight material<br \/>\nBamboo case included<br \/>\nUV400 protection<\/p>\n<p><img loading=\"lazy\" decoding=\"async\" class=\"alignnone wp-image-11257 size-full\" src=\"https:\/\/bazarsalg.dk\/wp-content\/uploads\/Earth-Friendly.png\" alt=\"\" width=\"113\" height=\"148\" \/><\/p>","protected":false},"featured_media":9568,"comment_status":"open","ping_status":"closed","template":"","meta":{"om_disable_all_campaigns":false,"_monsterinsights_skip_tracking":false,"_monsterinsights_sitenote_active":false,"_monsterinsights_sitenote_note":"","_monsterinsights_sitenote_category":0},"product_brand":[],"product_cat":[1026,1029,1025,1227,1049,1038,1039],"product_tag":[1224,503,1231,1226],"class_list":{"0":"post-9567","1":"product","2":"type-product","3":"status-publish","4":"has-post-thumbnail","6":"product_cat-dame-solbriller","7":"product_cat-herre-solbriller","8":"product_cat-billige-solbriller","9":"product_cat-handout-apparel","10":"product_cat-premium-solbriller","11":"product_cat-runde-dame-solbriller","12":"product_cat-runde-herre-solbriller","13":"product_tag-apparel","14":"product_tag-bambus","15":"product_tag-ha-5","16":"product_tag-handout","18":"first","19":"instock","20":"shipping-taxable","21":"purchasable","22":"product-type-simple"},"yoast_head":"<!-- This site is optimized with the Yoast SEO plugin v27.5 - https:\/\/yoast.com\/product\/yoast-seo-wordpress\/ -->\n<title>Gr\u00e5 Runde Handout Apparel Bambus Solbriller | Brune glas | K\u00f8b online her | LOCS<\/title>\n<meta name=\"description\" content=\"K\u00f8b Gr\u00e5 Runde Handout Apparel Bambus Solbriller | Brune glas her | EU&#039;s st\u00f8rste udvalg af LOCS solbriller | Vi sender fra EU - Ingen ekstra import udgifter\" \/>\n<meta name=\"robots\" content=\"index, follow, max-snippet:-1, max-image-preview:large, max-video-preview:-1\" \/>\n<link rel=\"canonical\" href=\"https:\/\/locsshop.eu\/en\/shop\/graa-runde-handout-apparel-bambus-solbriller-brune-glas\/\" \/>\n<meta property=\"og:locale\" content=\"en_GB\" \/>\n<meta property=\"og:type\" content=\"article\" \/>\n<meta property=\"og:title\" content=\"Gr\u00e5 Runde Handout Apparel Bambus Solbriller | Brune glas | K\u00f8b online her | LOCS\" \/>\n<meta property=\"og:description\" content=\"K\u00f8b Gr\u00e5 Runde Handout Apparel Bambus Solbriller | Brune glas her | EU&#039;s st\u00f8rste udvalg af LOCS solbriller | Vi sender fra EU - Ingen ekstra import udgifter\" \/>\n<meta property=\"og:url\" content=\"https:\/\/locsshop.eu\/en\/shop\/graa-runde-handout-apparel-bambus-solbriller-brune-glas\/\" \/>\n<meta property=\"og:site_name\" content=\"Locs Sunglasses - LOCS Supplier in EU\" \/>\n<meta property=\"article:modified_time\" content=\"2025-07-04T23:56:07+00:00\" \/>\n<meta property=\"og:image\" content=\"https:\/\/locsshop.eu\/wp-content\/uploads\/2023\/03\/HA-5-Handout-Apparal-Black6.png\" \/>\n\t<meta property=\"og:image:width\" content=\"800\" \/>\n\t<meta property=\"og:image:height\" content=\"800\" \/>\n\t<meta property=\"og:image:type\" content=\"image\/png\" \/>\n<meta name=\"twitter:card\" content=\"summary_large_image\" \/>\n<meta name=\"twitter:label1\" content=\"Estimated reading time\" \/>\n\t<meta name=\"twitter:data1\" content=\"2 minutes\" \/>\n<script type=\"application\/ld+json\" class=\"yoast-schema-graph\">{\"@context\":\"https:\\\/\\\/schema.org\",\"@graph\":[{\"@type\":\"WebPage\",\"@id\":\"https:\\\/\\\/locsshop.eu\\\/shop\\\/graa-runde-handout-apparel-bambus-solbriller-brune-glas\\\/\",\"url\":\"https:\\\/\\\/locsshop.eu\\\/shop\\\/graa-runde-handout-apparel-bambus-solbriller-brune-glas\\\/\",\"name\":\"Gr\u00e5 Runde Handout Apparel Bambus Solbriller | Brune glas | K\u00f8b online her | LOCS\",\"isPartOf\":{\"@id\":\"https:\\\/\\\/locsshop.eu\\\/#website\"},\"primaryImageOfPage\":{\"@id\":\"https:\\\/\\\/locsshop.eu\\\/shop\\\/graa-runde-handout-apparel-bambus-solbriller-brune-glas\\\/#primaryimage\"},\"image\":{\"@id\":\"https:\\\/\\\/locsshop.eu\\\/shop\\\/graa-runde-handout-apparel-bambus-solbriller-brune-glas\\\/#primaryimage\"},\"thumbnailUrl\":\"https:\\\/\\\/locsshop.eu\\\/wp-content\\\/uploads\\\/2023\\\/03\\\/HA-5-Handout-Apparal-Black6.png\",\"datePublished\":\"2023-03-02T18:31:27+00:00\",\"dateModified\":\"2025-07-04T23:56:07+00:00\",\"description\":\"K\u00f8b Gr\u00e5 Runde Handout Apparel Bambus Solbriller | Brune glas her | EU's st\u00f8rste udvalg af LOCS solbriller | Vi sender fra EU - Ingen ekstra import udgifter\",\"breadcrumb\":{\"@id\":\"https:\\\/\\\/locsshop.eu\\\/shop\\\/graa-runde-handout-apparel-bambus-solbriller-brune-glas\\\/#breadcrumb\"},\"inLanguage\":\"en-GB\",\"potentialAction\":[{\"@type\":\"ReadAction\",\"target\":[\"https:\\\/\\\/locsshop.eu\\\/shop\\\/graa-runde-handout-apparel-bambus-solbriller-brune-glas\\\/\"]}]},{\"@type\":\"ImageObject\",\"inLanguage\":\"en-GB\",\"@id\":\"https:\\\/\\\/locsshop.eu\\\/shop\\\/graa-runde-handout-apparel-bambus-solbriller-brune-glas\\\/#primaryimage\",\"url\":\"https:\\\/\\\/locsshop.eu\\\/wp-content\\\/uploads\\\/2023\\\/03\\\/HA-5-Handout-Apparal-Black6.png\",\"contentUrl\":\"https:\\\/\\\/locsshop.eu\\\/wp-content\\\/uploads\\\/2023\\\/03\\\/HA-5-Handout-Apparal-Black6.png\",\"width\":800,\"height\":800},{\"@type\":\"BreadcrumbList\",\"@id\":\"https:\\\/\\\/locsshop.eu\\\/shop\\\/graa-runde-handout-apparel-bambus-solbriller-brune-glas\\\/#breadcrumb\",\"itemListElement\":[{\"@type\":\"ListItem\",\"position\":1,\"name\":\"Hjem\",\"item\":\"https:\\\/\\\/locsshop.eu\\\/\"},{\"@type\":\"ListItem\",\"position\":2,\"name\":\"Shop\",\"item\":\"https:\\\/\\\/locsshop.eu\\\/shop\\\/\"},{\"@type\":\"ListItem\",\"position\":3,\"name\":\"Gr\u00e5 Runde Handout Apparel Bambus Solbriller | Brune glas\"}]},{\"@type\":\"WebSite\",\"@id\":\"https:\\\/\\\/locsshop.eu\\\/#website\",\"url\":\"https:\\\/\\\/locsshop.eu\\\/\",\"name\":\"Locs Sunglasses - LOCS Supplier in EU\",\"description\":\"We sell cheap LOCS Sunglasses\",\"publisher\":{\"@id\":\"https:\\\/\\\/locsshop.eu\\\/#organization\"},\"potentialAction\":[{\"@type\":\"SearchAction\",\"target\":{\"@type\":\"EntryPoint\",\"urlTemplate\":\"https:\\\/\\\/locsshop.eu\\\/?s={search_term_string}\"},\"query-input\":{\"@type\":\"PropertyValueSpecification\",\"valueRequired\":true,\"valueName\":\"search_term_string\"}}],\"inLanguage\":\"en-GB\"},{\"@type\":\"Organization\",\"@id\":\"https:\\\/\\\/locsshop.eu\\\/#organization\",\"name\":\"Locsshop.eu\",\"url\":\"https:\\\/\\\/locsshop.eu\\\/\",\"logo\":{\"@type\":\"ImageObject\",\"inLanguage\":\"en-GB\",\"@id\":\"https:\\\/\\\/locsshop.eu\\\/#\\\/schema\\\/logo\\\/image\\\/\",\"url\":\"https:\\\/\\\/locsshop.eu\\\/wp-content\\\/uploads\\\/2022\\\/02\\\/Locsshop-logo.png\",\"contentUrl\":\"https:\\\/\\\/locsshop.eu\\\/wp-content\\\/uploads\\\/2022\\\/02\\\/Locsshop-logo.png\",\"width\":930,\"height\":200,\"caption\":\"Locsshop.eu\"},\"image\":{\"@id\":\"https:\\\/\\\/locsshop.eu\\\/#\\\/schema\\\/logo\\\/image\\\/\"}}]}<\/script>\n<!-- \/ Yoast SEO plugin. -->","yoast_head_json":{"title":"Gray Round Handout Apparel Bamboo Sunglasses | Brown glasses | Buy online here | LOCS","description":"Buy Gray Round Handout Apparel Bamboo Sunglasses | Brown glasses here | The EU&#039;s largest selection of LOCS sunglasses | We ship from the EU - No extra import costs","robots":{"index":"index","follow":"follow","max-snippet":"max-snippet:-1","max-image-preview":"max-image-preview:large","max-video-preview":"max-video-preview:-1"},"canonical":"https:\/\/locsshop.eu\/en\/shop\/graa-runde-handout-apparel-bambus-solbriller-brune-glas\/","og_locale":"en_GB","og_type":"article","og_title":"Gr\u00e5 Runde Handout Apparel Bambus Solbriller | Brune glas | K\u00f8b online her | LOCS","og_description":"K\u00f8b Gr\u00e5 Runde Handout Apparel Bambus Solbriller | Brune glas her | EU's st\u00f8rste udvalg af LOCS solbriller | Vi sender fra EU - Ingen ekstra import udgifter","og_url":"https:\/\/locsshop.eu\/en\/shop\/graa-runde-handout-apparel-bambus-solbriller-brune-glas\/","og_site_name":"Locs Sunglasses - LOCS Supplier in EU","article_modified_time":"2025-07-04T23:56:07+00:00","og_image":[{"width":800,"height":800,"url":"https:\/\/locsshop.eu\/wp-content\/uploads\/2023\/03\/HA-5-Handout-Apparal-Black6.png","type":"image\/png"}],"twitter_card":"summary_large_image","twitter_misc":{"Estimated reading time":"2 minutes"},"schema":{"@context":"https:\/\/schema.org","@graph":[{"@type":"WebPage","@id":"https:\/\/locsshop.eu\/shop\/graa-runde-handout-apparel-bambus-solbriller-brune-glas\/","url":"https:\/\/locsshop.eu\/shop\/graa-runde-handout-apparel-bambus-solbriller-brune-glas\/","name":"Gray Round Handout Apparel Bamboo Sunglasses | Brown glasses | Buy online here | LOCS","isPartOf":{"@id":"https:\/\/locsshop.eu\/#website"},"primaryImageOfPage":{"@id":"https:\/\/locsshop.eu\/shop\/graa-runde-handout-apparel-bambus-solbriller-brune-glas\/#primaryimage"},"image":{"@id":"https:\/\/locsshop.eu\/shop\/graa-runde-handout-apparel-bambus-solbriller-brune-glas\/#primaryimage"},"thumbnailUrl":"https:\/\/locsshop.eu\/wp-content\/uploads\/2023\/03\/HA-5-Handout-Apparal-Black6.png","datePublished":"2023-03-02T18:31:27+00:00","dateModified":"2025-07-04T23:56:07+00:00","description":"Buy Gray Round Handout Apparel Bamboo Sunglasses | Brown glasses here | The EU&#039;s largest selection of LOCS sunglasses | We ship from the EU - No extra import costs","breadcrumb":{"@id":"https:\/\/locsshop.eu\/shop\/graa-runde-handout-apparel-bambus-solbriller-brune-glas\/#breadcrumb"},"inLanguage":"en-GB","potentialAction":[{"@type":"ReadAction","target":["https:\/\/locsshop.eu\/shop\/graa-runde-handout-apparel-bambus-solbriller-brune-glas\/"]}]},{"@type":"ImageObject","inLanguage":"en-GB","@id":"https:\/\/locsshop.eu\/shop\/graa-runde-handout-apparel-bambus-solbriller-brune-glas\/#primaryimage","url":"https:\/\/locsshop.eu\/wp-content\/uploads\/2023\/03\/HA-5-Handout-Apparal-Black6.png","contentUrl":"https:\/\/locsshop.eu\/wp-content\/uploads\/2023\/03\/HA-5-Handout-Apparal-Black6.png","width":800,"height":800},{"@type":"BreadcrumbList","@id":"https:\/\/locsshop.eu\/shop\/graa-runde-handout-apparel-bambus-solbriller-brune-glas\/#breadcrumb","itemListElement":[{"@type":"ListItem","position":1,"name":"Hjem","item":"https:\/\/locsshop.eu\/"},{"@type":"ListItem","position":2,"name":"Shop","item":"https:\/\/locsshop.eu\/shop\/"},{"@type":"ListItem","position":3,"name":"Gr\u00e5 Runde Handout Apparel Bambus Solbriller | Brune glas"}]},{"@type":"WebSite","@id":"https:\/\/locsshop.eu\/#website","url":"https:\/\/locsshop.eu\/","name":"Locs Sunglasses - LOCS Supplier in EU","description":"We sell cheap LOCS Sunglasses","publisher":{"@id":"https:\/\/locsshop.eu\/#organization"},"potentialAction":[{"@type":"SearchAction","target":{"@type":"EntryPoint","urlTemplate":"https:\/\/locsshop.eu\/?s={search_term_string}"},"query-input":{"@type":"PropertyValueSpecification","valueRequired":true,"valueName":"search_term_string"}}],"inLanguage":"en-GB"},{"@type":"Organization","@id":"https:\/\/locsshop.eu\/#organization","name":"Locsshop.eu","url":"https:\/\/locsshop.eu\/","logo":{"@type":"ImageObject","inLanguage":"en-GB","@id":"https:\/\/locsshop.eu\/#\/schema\/logo\/image\/","url":"https:\/\/locsshop.eu\/wp-content\/uploads\/2022\/02\/Locsshop-logo.png","contentUrl":"https:\/\/locsshop.eu\/wp-content\/uploads\/2022\/02\/Locsshop-logo.png","width":930,"height":200,"caption":"Locsshop.eu"},"image":{"@id":"https:\/\/locsshop.eu\/#\/schema\/logo\/image\/"}}]}},"_links":{"self":[{"href":"https:\/\/locsshop.eu\/en\/wp-json\/wp\/v2\/product\/9567","targetHints":{"allow":["GET"]}}],"collection":[{"href":"https:\/\/locsshop.eu\/en\/wp-json\/wp\/v2\/product"}],"about":[{"href":"https:\/\/locsshop.eu\/en\/wp-json\/wp\/v2\/types\/product"}],"replies":[{"embeddable":true,"href":"https:\/\/locsshop.eu\/en\/wp-json\/wp\/v2\/comments?post=9567"}],"wp:featuredmedia":[{"embeddable":true,"href":"https:\/\/locsshop.eu\/en\/wp-json\/wp\/v2\/media\/9568"}],"wp:attachment":[{"href":"https:\/\/locsshop.eu\/en\/wp-json\/wp\/v2\/media?parent=9567"}],"wp:term":[{"taxonomy":"product_brand","embeddable":true,"href":"https:\/\/locsshop.eu\/en\/wp-json\/wp\/v2\/product_brand?post=9567"},{"taxonomy":"product_cat","embeddable":true,"href":"https:\/\/locsshop.eu\/en\/wp-json\/wp\/v2\/product_cat?post=9567"},{"taxonomy":"product_tag","embeddable":true,"href":"https:\/\/locsshop.eu\/en\/wp-json\/wp\/v2\/product_tag?post=9567"}],"curies":[{"name":"wp","href":"https:\/\/api.w.org\/{rel}","templated":true}]}}