{"id":9628,"date":"2023-03-09T14:30:04","date_gmt":"2023-03-09T13:30:04","guid":{"rendered":"https:\/\/locsshop.eu\/shop\/giselle-solbriller-paris-sort-og-guld-stel-med-guld-leopard-fade-glas\/"},"modified":"2025-01-29T17:24:02","modified_gmt":"2025-01-29T16:24:02","slug":"giselle-solbriller-paris-sort-og-guld-stel-med-guld-leopard-fade-glas","status":"publish","type":"product","link":"https:\/\/locsshop.eu\/en\/shop\/giselle-solbriller-paris-sort-og-guld-stel-med-guld-leopard-fade-glas\/","title":{"rendered":"Giselle Sunglasses \u2013 Paris | Black and gold frame with gold leopard \u2013 Fade glass"},"content":{"rendered":"<h2><strong>Gloss black Giselle sunglasses with gold on the edges and inside gold and black mix | Dish glass | Gold metal leopard badge<\/strong><\/h2>\n<h4>Beautiful black and gold mix women&#039;s sunglasses with comfortable dull lenses that fade so they are darkest at the top and slightly lighter at the bottom. This gives a really pleasant view.<br \/>\nThe sunglasses are decorated with a nice leopard head on each pole, which gives these sunglasses an exclusive look<\/h4>\n<h4>Giselle Sunglasses is an exclusive brand of designer sunglasses from the USA. Giselle Sunglasses have become very popular in the sunglasses industry due to their high quality, beautiful designs and popular variations.<br \/>\nThese beautiful sunglasses are perfect for the fashion-conscious lady who wants to look exclusive, without paying too much for an expensive designer brand.<\/h4>\n<p>&nbsp;<\/p>\n<h4><strong><em>Details:<br \/>\n<\/em><\/strong><br \/>\nInner width: 13.8 cm<br \/>\nHeight: 5.6 cm<br \/>\nRod length: 13.5 cm<br \/>\nSurface: Glossy<\/h4>\n<h4>Material: Plastic and metal<br \/>\nUV400 protection<br \/>\nCE approved<\/h4>\n<h4><img loading=\"lazy\" decoding=\"async\" class=\"alignnone wp-image-11361 size-full\" src=\"https:\/\/bazarsalg.dk\/wp-content\/uploads\/Giselle-Logo-stor.jpg\" alt=\"\" width=\"295\" height=\"130\" \/><\/h4>\n<h4><em>About Giselle Sunglasses<\/em><\/h4>\n<p><strong>Fashion Sunglasses \u2013 Mainly for women<\/strong><br \/>\n<em>Giselle sunglasses have become very popular over the years due to their unique styles and colors. The women&#039;s designer fashion brand appeals to women of all ages. They are made from high quality materials at a great price, ranging from classic aviatorer to modern popular styles. Whether a woman is looking for a Cat-Eye style, Aviator style or classic style, she will find exactly what she is looking for with Giselle Sunglasses.<br \/>\nSo if you want a pair of sunglasses that screams style and exclusivity without paying too much, buy a pair of Giselle sunglasses before they sell out.<\/em><\/p>","protected":false},"excerpt":{"rendered":"<p><strong>GISELLE \u2013 8GSL22358<\/strong><br \/>\nGlossy black on the outside<br \/>\nGold on the edges<br \/>\nGold and black mix color on the inside<br \/>\nFlat glass<br \/>\nGold colored metal leopard heads on the bars<br \/>\nPlastic frame<br \/>\nUV400<br \/>\nCE Approved<\/p>\n<p><img loading=\"lazy\" decoding=\"async\" class=\"alignnone wp-image-11362 size-full\" src=\"https:\/\/bazarsalg.dk\/wp-content\/uploads\/Giselle-Logo-lille.jpg\" alt=\"\" width=\"207\" height=\"91\" \/><\/p>","protected":false},"featured_media":9629,"comment_status":"open","ping_status":"closed","template":"","meta":{"om_disable_all_campaigns":false,"_monsterinsights_skip_tracking":false,"_monsterinsights_sitenote_active":false,"_monsterinsights_sitenote_note":"","_monsterinsights_sitenote_category":0},"product_brand":[],"product_cat":[1239,1049],"product_tag":[1237,436,1238,872,870],"class_list":{"0":"post-9628","1":"product","2":"type-product","3":"status-publish","4":"has-post-thumbnail","6":"product_cat-giselle-solbriller","7":"product_cat-premium-solbriller","8":"product_tag-8gsl22358","9":"product_tag-dame","10":"product_tag-giselle","11":"product_tag-p10037","12":"product_tag-p693","14":"first","15":"outofstock","16":"shipping-taxable","17":"purchasable","18":"product-type-simple"},"yoast_head":"<!-- This site is optimized with the Yoast SEO plugin v27.5 - https:\/\/yoast.com\/product\/yoast-seo-wordpress\/ -->\n<title>Giselle Solbriller - Paris | Sort og guld stel med guld leopard - Fade glas | K\u00f8b online her | LOCS<\/title>\n<meta name=\"description\" content=\"K\u00f8b Giselle Solbriller - Paris | Sort og guld stel med guld leopard - Fade glas her | EU&#039;s st\u00f8rste udvalg af LOCS solbriller | Vi sender fra EU - Ingen ekstra import udgifter\" \/>\n<meta name=\"robots\" content=\"index, follow, max-snippet:-1, max-image-preview:large, max-video-preview:-1\" \/>\n<link rel=\"canonical\" href=\"https:\/\/locsshop.eu\/en\/shop\/giselle-solbriller-paris-sort-og-guld-stel-med-guld-leopard-fade-glas\/\" \/>\n<meta property=\"og:locale\" content=\"en_GB\" \/>\n<meta property=\"og:type\" content=\"article\" \/>\n<meta property=\"og:title\" content=\"Giselle Solbriller - Paris | Sort og guld stel med guld leopard - Fade glas | K\u00f8b online her | LOCS\" \/>\n<meta property=\"og:description\" content=\"K\u00f8b Giselle Solbriller - Paris | Sort og guld stel med guld leopard - Fade glas her | EU&#039;s st\u00f8rste udvalg af LOCS solbriller | Vi sender fra EU - Ingen ekstra import udgifter\" \/>\n<meta property=\"og:url\" content=\"https:\/\/locsshop.eu\/en\/shop\/giselle-solbriller-paris-sort-og-guld-stel-med-guld-leopard-fade-glas\/\" \/>\n<meta property=\"og:site_name\" content=\"Locs Sunglasses - LOCS Supplier in EU\" \/>\n<meta property=\"article:modified_time\" content=\"2025-01-29T16:24:02+00:00\" \/>\n<meta property=\"og:image\" content=\"https:\/\/locsshop.eu\/wp-content\/uploads\/2023\/03\/8GSL22358-7-Giselle.jpg\" \/>\n\t<meta property=\"og:image:width\" content=\"800\" \/>\n\t<meta property=\"og:image:height\" content=\"800\" \/>\n\t<meta property=\"og:image:type\" content=\"image\/jpeg\" \/>\n<meta name=\"twitter:card\" content=\"summary_large_image\" \/>\n<meta name=\"twitter:label1\" content=\"Estimated reading time\" \/>\n\t<meta name=\"twitter:data1\" content=\"1 minute\" \/>\n<script type=\"application\/ld+json\" class=\"yoast-schema-graph\">{\"@context\":\"https:\\\/\\\/schema.org\",\"@graph\":[{\"@type\":\"WebPage\",\"@id\":\"https:\\\/\\\/locsshop.eu\\\/shop\\\/giselle-solbriller-paris-sort-og-guld-stel-med-guld-leopard-fade-glas\\\/\",\"url\":\"https:\\\/\\\/locsshop.eu\\\/shop\\\/giselle-solbriller-paris-sort-og-guld-stel-med-guld-leopard-fade-glas\\\/\",\"name\":\"Giselle Solbriller - Paris | Sort og guld stel med guld leopard - Fade glas | K\u00f8b online her | LOCS\",\"isPartOf\":{\"@id\":\"https:\\\/\\\/locsshop.eu\\\/#website\"},\"primaryImageOfPage\":{\"@id\":\"https:\\\/\\\/locsshop.eu\\\/shop\\\/giselle-solbriller-paris-sort-og-guld-stel-med-guld-leopard-fade-glas\\\/#primaryimage\"},\"image\":{\"@id\":\"https:\\\/\\\/locsshop.eu\\\/shop\\\/giselle-solbriller-paris-sort-og-guld-stel-med-guld-leopard-fade-glas\\\/#primaryimage\"},\"thumbnailUrl\":\"https:\\\/\\\/locsshop.eu\\\/wp-content\\\/uploads\\\/2023\\\/03\\\/8GSL22358-7-Giselle.jpg\",\"datePublished\":\"2023-03-09T13:30:04+00:00\",\"dateModified\":\"2025-01-29T16:24:02+00:00\",\"description\":\"K\u00f8b Giselle Solbriller - Paris | Sort og guld stel med guld leopard - Fade glas her | EU's st\u00f8rste udvalg af LOCS solbriller | Vi sender fra EU - Ingen ekstra import udgifter\",\"breadcrumb\":{\"@id\":\"https:\\\/\\\/locsshop.eu\\\/shop\\\/giselle-solbriller-paris-sort-og-guld-stel-med-guld-leopard-fade-glas\\\/#breadcrumb\"},\"inLanguage\":\"en-GB\",\"potentialAction\":[{\"@type\":\"ReadAction\",\"target\":[\"https:\\\/\\\/locsshop.eu\\\/shop\\\/giselle-solbriller-paris-sort-og-guld-stel-med-guld-leopard-fade-glas\\\/\"]}]},{\"@type\":\"ImageObject\",\"inLanguage\":\"en-GB\",\"@id\":\"https:\\\/\\\/locsshop.eu\\\/shop\\\/giselle-solbriller-paris-sort-og-guld-stel-med-guld-leopard-fade-glas\\\/#primaryimage\",\"url\":\"https:\\\/\\\/locsshop.eu\\\/wp-content\\\/uploads\\\/2023\\\/03\\\/8GSL22358-7-Giselle.jpg\",\"contentUrl\":\"https:\\\/\\\/locsshop.eu\\\/wp-content\\\/uploads\\\/2023\\\/03\\\/8GSL22358-7-Giselle.jpg\",\"width\":800,\"height\":800},{\"@type\":\"BreadcrumbList\",\"@id\":\"https:\\\/\\\/locsshop.eu\\\/shop\\\/giselle-solbriller-paris-sort-og-guld-stel-med-guld-leopard-fade-glas\\\/#breadcrumb\",\"itemListElement\":[{\"@type\":\"ListItem\",\"position\":1,\"name\":\"Hjem\",\"item\":\"https:\\\/\\\/locsshop.eu\\\/\"},{\"@type\":\"ListItem\",\"position\":2,\"name\":\"Shop\",\"item\":\"https:\\\/\\\/locsshop.eu\\\/shop\\\/\"},{\"@type\":\"ListItem\",\"position\":3,\"name\":\"Giselle Solbriller &#8211; Paris | Sort og guld stel med guld leopard &#8211; Fade glas\"}]},{\"@type\":\"WebSite\",\"@id\":\"https:\\\/\\\/locsshop.eu\\\/#website\",\"url\":\"https:\\\/\\\/locsshop.eu\\\/\",\"name\":\"Locs Sunglasses - LOCS Supplier in EU\",\"description\":\"We sell cheap LOCS Sunglasses\",\"publisher\":{\"@id\":\"https:\\\/\\\/locsshop.eu\\\/#organization\"},\"potentialAction\":[{\"@type\":\"SearchAction\",\"target\":{\"@type\":\"EntryPoint\",\"urlTemplate\":\"https:\\\/\\\/locsshop.eu\\\/?s={search_term_string}\"},\"query-input\":{\"@type\":\"PropertyValueSpecification\",\"valueRequired\":true,\"valueName\":\"search_term_string\"}}],\"inLanguage\":\"en-GB\"},{\"@type\":\"Organization\",\"@id\":\"https:\\\/\\\/locsshop.eu\\\/#organization\",\"name\":\"Locsshop.eu\",\"url\":\"https:\\\/\\\/locsshop.eu\\\/\",\"logo\":{\"@type\":\"ImageObject\",\"inLanguage\":\"en-GB\",\"@id\":\"https:\\\/\\\/locsshop.eu\\\/#\\\/schema\\\/logo\\\/image\\\/\",\"url\":\"https:\\\/\\\/locsshop.eu\\\/wp-content\\\/uploads\\\/2022\\\/02\\\/Locsshop-logo.png\",\"contentUrl\":\"https:\\\/\\\/locsshop.eu\\\/wp-content\\\/uploads\\\/2022\\\/02\\\/Locsshop-logo.png\",\"width\":930,\"height\":200,\"caption\":\"Locsshop.eu\"},\"image\":{\"@id\":\"https:\\\/\\\/locsshop.eu\\\/#\\\/schema\\\/logo\\\/image\\\/\"}}]}<\/script>\n<!-- \/ Yoast SEO plugin. -->","yoast_head_json":{"title":"Giselle Sunglasses - Paris | Black and gold frame with gold leopard - Fade glass | Buy online here | LOCS","description":"Buy Giselle Sunglasses - Paris | Black and gold frame with gold leopard - Fade glass here | The EU&#039;s largest selection of LOCS sunglasses | We ship from the EU - No extra import costs","robots":{"index":"index","follow":"follow","max-snippet":"max-snippet:-1","max-image-preview":"max-image-preview:large","max-video-preview":"max-video-preview:-1"},"canonical":"https:\/\/locsshop.eu\/en\/shop\/giselle-solbriller-paris-sort-og-guld-stel-med-guld-leopard-fade-glas\/","og_locale":"en_GB","og_type":"article","og_title":"Giselle Solbriller - Paris | Sort og guld stel med guld leopard - Fade glas | K\u00f8b online her | LOCS","og_description":"K\u00f8b Giselle Solbriller - Paris | Sort og guld stel med guld leopard - Fade glas her | EU's st\u00f8rste udvalg af LOCS solbriller | Vi sender fra EU - Ingen ekstra import udgifter","og_url":"https:\/\/locsshop.eu\/en\/shop\/giselle-solbriller-paris-sort-og-guld-stel-med-guld-leopard-fade-glas\/","og_site_name":"Locs Sunglasses - LOCS Supplier in EU","article_modified_time":"2025-01-29T16:24:02+00:00","og_image":[{"width":800,"height":800,"url":"https:\/\/locsshop.eu\/wp-content\/uploads\/2023\/03\/8GSL22358-7-Giselle.jpg","type":"image\/jpeg"}],"twitter_card":"summary_large_image","twitter_misc":{"Estimated reading time":"1 minute"},"schema":{"@context":"https:\/\/schema.org","@graph":[{"@type":"WebPage","@id":"https:\/\/locsshop.eu\/shop\/giselle-solbriller-paris-sort-og-guld-stel-med-guld-leopard-fade-glas\/","url":"https:\/\/locsshop.eu\/shop\/giselle-solbriller-paris-sort-og-guld-stel-med-guld-leopard-fade-glas\/","name":"Giselle Sunglasses - Paris | Black and gold frame with gold leopard - Fade glass | Buy online here | LOCS","isPartOf":{"@id":"https:\/\/locsshop.eu\/#website"},"primaryImageOfPage":{"@id":"https:\/\/locsshop.eu\/shop\/giselle-solbriller-paris-sort-og-guld-stel-med-guld-leopard-fade-glas\/#primaryimage"},"image":{"@id":"https:\/\/locsshop.eu\/shop\/giselle-solbriller-paris-sort-og-guld-stel-med-guld-leopard-fade-glas\/#primaryimage"},"thumbnailUrl":"https:\/\/locsshop.eu\/wp-content\/uploads\/2023\/03\/8GSL22358-7-Giselle.jpg","datePublished":"2023-03-09T13:30:04+00:00","dateModified":"2025-01-29T16:24:02+00:00","description":"Buy Giselle Sunglasses - Paris | Black and gold frame with gold leopard - Fade glass here | The EU&#039;s largest selection of LOCS sunglasses | We ship from the EU - No extra import costs","breadcrumb":{"@id":"https:\/\/locsshop.eu\/shop\/giselle-solbriller-paris-sort-og-guld-stel-med-guld-leopard-fade-glas\/#breadcrumb"},"inLanguage":"en-GB","potentialAction":[{"@type":"ReadAction","target":["https:\/\/locsshop.eu\/shop\/giselle-solbriller-paris-sort-og-guld-stel-med-guld-leopard-fade-glas\/"]}]},{"@type":"ImageObject","inLanguage":"en-GB","@id":"https:\/\/locsshop.eu\/shop\/giselle-solbriller-paris-sort-og-guld-stel-med-guld-leopard-fade-glas\/#primaryimage","url":"https:\/\/locsshop.eu\/wp-content\/uploads\/2023\/03\/8GSL22358-7-Giselle.jpg","contentUrl":"https:\/\/locsshop.eu\/wp-content\/uploads\/2023\/03\/8GSL22358-7-Giselle.jpg","width":800,"height":800},{"@type":"BreadcrumbList","@id":"https:\/\/locsshop.eu\/shop\/giselle-solbriller-paris-sort-og-guld-stel-med-guld-leopard-fade-glas\/#breadcrumb","itemListElement":[{"@type":"ListItem","position":1,"name":"Hjem","item":"https:\/\/locsshop.eu\/"},{"@type":"ListItem","position":2,"name":"Shop","item":"https:\/\/locsshop.eu\/shop\/"},{"@type":"ListItem","position":3,"name":"Giselle Solbriller &#8211; Paris | Sort og guld stel med guld leopard &#8211; Fade glas"}]},{"@type":"WebSite","@id":"https:\/\/locsshop.eu\/#website","url":"https:\/\/locsshop.eu\/","name":"Locs Sunglasses - LOCS Supplier in EU","description":"We sell cheap LOCS Sunglasses","publisher":{"@id":"https:\/\/locsshop.eu\/#organization"},"potentialAction":[{"@type":"SearchAction","target":{"@type":"EntryPoint","urlTemplate":"https:\/\/locsshop.eu\/?s={search_term_string}"},"query-input":{"@type":"PropertyValueSpecification","valueRequired":true,"valueName":"search_term_string"}}],"inLanguage":"en-GB"},{"@type":"Organization","@id":"https:\/\/locsshop.eu\/#organization","name":"Locsshop.eu","url":"https:\/\/locsshop.eu\/","logo":{"@type":"ImageObject","inLanguage":"en-GB","@id":"https:\/\/locsshop.eu\/#\/schema\/logo\/image\/","url":"https:\/\/locsshop.eu\/wp-content\/uploads\/2022\/02\/Locsshop-logo.png","contentUrl":"https:\/\/locsshop.eu\/wp-content\/uploads\/2022\/02\/Locsshop-logo.png","width":930,"height":200,"caption":"Locsshop.eu"},"image":{"@id":"https:\/\/locsshop.eu\/#\/schema\/logo\/image\/"}}]}},"_links":{"self":[{"href":"https:\/\/locsshop.eu\/en\/wp-json\/wp\/v2\/product\/9628","targetHints":{"allow":["GET"]}}],"collection":[{"href":"https:\/\/locsshop.eu\/en\/wp-json\/wp\/v2\/product"}],"about":[{"href":"https:\/\/locsshop.eu\/en\/wp-json\/wp\/v2\/types\/product"}],"replies":[{"embeddable":true,"href":"https:\/\/locsshop.eu\/en\/wp-json\/wp\/v2\/comments?post=9628"}],"wp:featuredmedia":[{"embeddable":true,"href":"https:\/\/locsshop.eu\/en\/wp-json\/wp\/v2\/media\/9629"}],"wp:attachment":[{"href":"https:\/\/locsshop.eu\/en\/wp-json\/wp\/v2\/media?parent=9628"}],"wp:term":[{"taxonomy":"product_brand","embeddable":true,"href":"https:\/\/locsshop.eu\/en\/wp-json\/wp\/v2\/product_brand?post=9628"},{"taxonomy":"product_cat","embeddable":true,"href":"https:\/\/locsshop.eu\/en\/wp-json\/wp\/v2\/product_cat?post=9628"},{"taxonomy":"product_tag","embeddable":true,"href":"https:\/\/locsshop.eu\/en\/wp-json\/wp\/v2\/product_tag?post=9628"}],"curies":[{"name":"wp","href":"https:\/\/api.w.org\/{rel}","templated":true}]}}