{"id":9638,"date":"2023-03-09T15:57:17","date_gmt":"2023-03-09T14:57:17","guid":{"rendered":"https:\/\/locsshop.eu\/shop\/beige-giselle-solbriller-toulouse\/"},"modified":"2025-01-30T10:37:26","modified_gmt":"2025-01-30T09:37:26","slug":"beige-giselle-solbriller-toulouse","status":"publish","type":"product","link":"https:\/\/locsshop.eu\/en\/shop\/beige-giselle-solbriller-toulouse\/","title":{"rendered":"Beige Giselle Sunglasses \u2013 Toulouse"},"content":{"rendered":"<h2><strong>Large beige Giselle sunglasses with beautiful leopard emblems | Brown glasses<\/strong><\/h2>\n<h4>Wild beige large ladies sunglasses with wide temples and gold colored metal leopard emblems.<br \/>\nThe sunglasses are quite large and heavy, which gives these sunglasses a very exclusive look<\/h4>\n<h4>Giselle Sunglasses is an exclusive brand of designer sunglasses from the USA. Giselle Sunglasses have become very popular in the sunglasses industry due to their high quality, beautiful designs and popular variations.<br \/>\nThese beautiful sunglasses are perfect for the fashion-conscious lady who wants to look exclusive, without paying too much for an expensive designer brand.<\/h4>\n<p>&nbsp;<\/p>\n<h4><strong><em>Details:<br \/>\n<\/em><\/strong><br \/>\nInner width: 14.2 cm<br \/>\nHeight: 6.2 cm<br \/>\nRod length: 14.7 cm<br \/>\nSurface: Glossy<\/h4>\n<h4>Material: Plastic and metal<br \/>\nUV400 protection<br \/>\nCE approved<\/h4>\n<h4><img loading=\"lazy\" decoding=\"async\" class=\"alignnone wp-image-11361 size-full\" src=\"https:\/\/bazarsalg.dk\/wp-content\/uploads\/Giselle-Logo-stor.jpg\" alt=\"\" width=\"295\" height=\"130\" \/><\/h4>\n<h4><em>About Giselle Sunglasses<\/em><\/h4>\n<p><strong>Fashion Sunglasses \u2013 Mainly for women<\/strong><br \/>\n<em>Giselle sunglasses have become very popular over the years due to their unique styles and colors. The women&#039;s designer fashion brand appeals to women of all ages. They are made from high quality materials at a great price, ranging from classic aviatorer to modern popular styles. Whether a woman is looking for a Cat-Eye style, Aviator style or classic style, she will find exactly what she is looking for with Giselle Sunglasses.<br \/>\nSo if you want a pair of sunglasses that screams style and exclusivity without paying too much, buy a pair of Giselle sunglasses before they sell out.<\/em><\/p>","protected":false},"excerpt":{"rendered":"<p><strong>GISELLE \u2013 8GSL22421<\/strong><br \/>\nGlossy beige frame<br \/>\nGold detail on the bars<br \/>\nGold leopard emblem on both bars<br \/>\nPlastic frame<br \/>\nUV400<br \/>\nCE Approved<\/p>\n<p><img loading=\"lazy\" decoding=\"async\" class=\"alignnone wp-image-11362 size-full\" src=\"https:\/\/bazarsalg.dk\/wp-content\/uploads\/Giselle-Logo-lille.jpg\" alt=\"\" width=\"207\" height=\"91\" \/><\/p>","protected":false},"featured_media":9639,"comment_status":"open","ping_status":"closed","template":"","meta":{"om_disable_all_campaigns":false,"_monsterinsights_skip_tracking":false,"_monsterinsights_sitenote_active":false,"_monsterinsights_sitenote_note":"","_monsterinsights_sitenote_category":0},"product_brand":[],"product_cat":[1026,1291,1239,1049],"product_tag":[1241,436,1238,870],"class_list":{"0":"post-9638","1":"product","2":"type-product","3":"status-publish","4":"has-post-thumbnail","6":"product_cat-dame-solbriller","7":"product_cat-firkantede-dame-solbriller","8":"product_cat-giselle-solbriller","9":"product_cat-premium-solbriller","10":"product_tag-8gsl22421","11":"product_tag-dame","12":"product_tag-giselle","13":"product_tag-p693","15":"first","16":"instock","17":"shipping-taxable","18":"purchasable","19":"product-type-simple"},"yoast_head":"<!-- This site is optimized with the Yoast SEO plugin v27.5 - https:\/\/yoast.com\/product\/yoast-seo-wordpress\/ -->\n<title>Beige Giselle Solbriller - Toulouse | K\u00f8b online her | LOCS<\/title>\n<meta name=\"description\" content=\"K\u00f8b Beige Giselle Solbriller - Toulouse her | EU&#039;s st\u00f8rste udvalg af LOCS solbriller | Vi sender fra EU - Ingen ekstra import udgifter\" \/>\n<meta name=\"robots\" content=\"index, follow, max-snippet:-1, max-image-preview:large, max-video-preview:-1\" \/>\n<link rel=\"canonical\" href=\"https:\/\/locsshop.eu\/en\/shop\/beige-giselle-solbriller-toulouse\/\" \/>\n<meta property=\"og:locale\" content=\"en_GB\" \/>\n<meta property=\"og:type\" content=\"article\" \/>\n<meta property=\"og:title\" content=\"Beige Giselle Solbriller - Toulouse | K\u00f8b online her | LOCS\" \/>\n<meta property=\"og:description\" content=\"K\u00f8b Beige Giselle Solbriller - Toulouse her | EU&#039;s st\u00f8rste udvalg af LOCS solbriller | Vi sender fra EU - Ingen ekstra import udgifter\" \/>\n<meta property=\"og:url\" content=\"https:\/\/locsshop.eu\/en\/shop\/beige-giselle-solbriller-toulouse\/\" \/>\n<meta property=\"og:site_name\" content=\"Locs Sunglasses - LOCS Supplier in EU\" \/>\n<meta property=\"article:modified_time\" content=\"2025-01-30T09:37:26+00:00\" \/>\n<meta property=\"og:image\" content=\"https:\/\/locsshop.eu\/wp-content\/uploads\/2023\/03\/8GSL22421-1-Giselle.jpg\" \/>\n\t<meta property=\"og:image:width\" content=\"800\" \/>\n\t<meta property=\"og:image:height\" content=\"800\" \/>\n\t<meta property=\"og:image:type\" content=\"image\/jpeg\" \/>\n<meta name=\"twitter:card\" content=\"summary_large_image\" \/>\n<meta name=\"twitter:label1\" content=\"Estimated reading time\" \/>\n\t<meta name=\"twitter:data1\" content=\"1 minute\" \/>\n<script type=\"application\/ld+json\" class=\"yoast-schema-graph\">{\"@context\":\"https:\\\/\\\/schema.org\",\"@graph\":[{\"@type\":\"WebPage\",\"@id\":\"https:\\\/\\\/locsshop.eu\\\/shop\\\/beige-giselle-solbriller-toulouse\\\/\",\"url\":\"https:\\\/\\\/locsshop.eu\\\/shop\\\/beige-giselle-solbriller-toulouse\\\/\",\"name\":\"Beige Giselle Solbriller - Toulouse | K\u00f8b online her | LOCS\",\"isPartOf\":{\"@id\":\"https:\\\/\\\/locsshop.eu\\\/#website\"},\"primaryImageOfPage\":{\"@id\":\"https:\\\/\\\/locsshop.eu\\\/shop\\\/beige-giselle-solbriller-toulouse\\\/#primaryimage\"},\"image\":{\"@id\":\"https:\\\/\\\/locsshop.eu\\\/shop\\\/beige-giselle-solbriller-toulouse\\\/#primaryimage\"},\"thumbnailUrl\":\"https:\\\/\\\/locsshop.eu\\\/wp-content\\\/uploads\\\/2023\\\/03\\\/8GSL22421-1-Giselle.jpg\",\"datePublished\":\"2023-03-09T14:57:17+00:00\",\"dateModified\":\"2025-01-30T09:37:26+00:00\",\"description\":\"K\u00f8b Beige Giselle Solbriller - Toulouse her | EU's st\u00f8rste udvalg af LOCS solbriller | Vi sender fra EU - Ingen ekstra import udgifter\",\"breadcrumb\":{\"@id\":\"https:\\\/\\\/locsshop.eu\\\/shop\\\/beige-giselle-solbriller-toulouse\\\/#breadcrumb\"},\"inLanguage\":\"en-GB\",\"potentialAction\":[{\"@type\":\"ReadAction\",\"target\":[\"https:\\\/\\\/locsshop.eu\\\/shop\\\/beige-giselle-solbriller-toulouse\\\/\"]}]},{\"@type\":\"ImageObject\",\"inLanguage\":\"en-GB\",\"@id\":\"https:\\\/\\\/locsshop.eu\\\/shop\\\/beige-giselle-solbriller-toulouse\\\/#primaryimage\",\"url\":\"https:\\\/\\\/locsshop.eu\\\/wp-content\\\/uploads\\\/2023\\\/03\\\/8GSL22421-1-Giselle.jpg\",\"contentUrl\":\"https:\\\/\\\/locsshop.eu\\\/wp-content\\\/uploads\\\/2023\\\/03\\\/8GSL22421-1-Giselle.jpg\",\"width\":800,\"height\":800},{\"@type\":\"BreadcrumbList\",\"@id\":\"https:\\\/\\\/locsshop.eu\\\/shop\\\/beige-giselle-solbriller-toulouse\\\/#breadcrumb\",\"itemListElement\":[{\"@type\":\"ListItem\",\"position\":1,\"name\":\"Hjem\",\"item\":\"https:\\\/\\\/locsshop.eu\\\/\"},{\"@type\":\"ListItem\",\"position\":2,\"name\":\"Shop\",\"item\":\"https:\\\/\\\/locsshop.eu\\\/shop\\\/\"},{\"@type\":\"ListItem\",\"position\":3,\"name\":\"Beige Giselle Solbriller &#8211; Toulouse\"}]},{\"@type\":\"WebSite\",\"@id\":\"https:\\\/\\\/locsshop.eu\\\/#website\",\"url\":\"https:\\\/\\\/locsshop.eu\\\/\",\"name\":\"Locs Sunglasses - LOCS Supplier in EU\",\"description\":\"We sell cheap LOCS Sunglasses\",\"publisher\":{\"@id\":\"https:\\\/\\\/locsshop.eu\\\/#organization\"},\"potentialAction\":[{\"@type\":\"SearchAction\",\"target\":{\"@type\":\"EntryPoint\",\"urlTemplate\":\"https:\\\/\\\/locsshop.eu\\\/?s={search_term_string}\"},\"query-input\":{\"@type\":\"PropertyValueSpecification\",\"valueRequired\":true,\"valueName\":\"search_term_string\"}}],\"inLanguage\":\"en-GB\"},{\"@type\":\"Organization\",\"@id\":\"https:\\\/\\\/locsshop.eu\\\/#organization\",\"name\":\"Locsshop.eu\",\"url\":\"https:\\\/\\\/locsshop.eu\\\/\",\"logo\":{\"@type\":\"ImageObject\",\"inLanguage\":\"en-GB\",\"@id\":\"https:\\\/\\\/locsshop.eu\\\/#\\\/schema\\\/logo\\\/image\\\/\",\"url\":\"https:\\\/\\\/locsshop.eu\\\/wp-content\\\/uploads\\\/2022\\\/02\\\/Locsshop-logo.png\",\"contentUrl\":\"https:\\\/\\\/locsshop.eu\\\/wp-content\\\/uploads\\\/2022\\\/02\\\/Locsshop-logo.png\",\"width\":930,\"height\":200,\"caption\":\"Locsshop.eu\"},\"image\":{\"@id\":\"https:\\\/\\\/locsshop.eu\\\/#\\\/schema\\\/logo\\\/image\\\/\"}}]}<\/script>\n<!-- \/ Yoast SEO plugin. -->","yoast_head_json":{"title":"Beige Giselle Sunglasses - Toulouse | Buy online here | LOCS","description":"Buy Beige Giselle Sunglasses - Toulouse here | The EU&#039;s largest selection of LOCS sunglasses | We ship from the EU - No extra import costs","robots":{"index":"index","follow":"follow","max-snippet":"max-snippet:-1","max-image-preview":"max-image-preview:large","max-video-preview":"max-video-preview:-1"},"canonical":"https:\/\/locsshop.eu\/en\/shop\/beige-giselle-solbriller-toulouse\/","og_locale":"en_GB","og_type":"article","og_title":"Beige Giselle Solbriller - Toulouse | K\u00f8b online her | LOCS","og_description":"K\u00f8b Beige Giselle Solbriller - Toulouse her | EU's st\u00f8rste udvalg af LOCS solbriller | Vi sender fra EU - Ingen ekstra import udgifter","og_url":"https:\/\/locsshop.eu\/en\/shop\/beige-giselle-solbriller-toulouse\/","og_site_name":"Locs Sunglasses - LOCS Supplier in EU","article_modified_time":"2025-01-30T09:37:26+00:00","og_image":[{"width":800,"height":800,"url":"https:\/\/locsshop.eu\/wp-content\/uploads\/2023\/03\/8GSL22421-1-Giselle.jpg","type":"image\/jpeg"}],"twitter_card":"summary_large_image","twitter_misc":{"Estimated reading time":"1 minute"},"schema":{"@context":"https:\/\/schema.org","@graph":[{"@type":"WebPage","@id":"https:\/\/locsshop.eu\/shop\/beige-giselle-solbriller-toulouse\/","url":"https:\/\/locsshop.eu\/shop\/beige-giselle-solbriller-toulouse\/","name":"Beige Giselle Sunglasses - Toulouse | Buy online here | LOCS","isPartOf":{"@id":"https:\/\/locsshop.eu\/#website"},"primaryImageOfPage":{"@id":"https:\/\/locsshop.eu\/shop\/beige-giselle-solbriller-toulouse\/#primaryimage"},"image":{"@id":"https:\/\/locsshop.eu\/shop\/beige-giselle-solbriller-toulouse\/#primaryimage"},"thumbnailUrl":"https:\/\/locsshop.eu\/wp-content\/uploads\/2023\/03\/8GSL22421-1-Giselle.jpg","datePublished":"2023-03-09T14:57:17+00:00","dateModified":"2025-01-30T09:37:26+00:00","description":"Buy Beige Giselle Sunglasses - Toulouse here | The EU&#039;s largest selection of LOCS sunglasses | We ship from the EU - No extra import costs","breadcrumb":{"@id":"https:\/\/locsshop.eu\/shop\/beige-giselle-solbriller-toulouse\/#breadcrumb"},"inLanguage":"en-GB","potentialAction":[{"@type":"ReadAction","target":["https:\/\/locsshop.eu\/shop\/beige-giselle-solbriller-toulouse\/"]}]},{"@type":"ImageObject","inLanguage":"en-GB","@id":"https:\/\/locsshop.eu\/shop\/beige-giselle-solbriller-toulouse\/#primaryimage","url":"https:\/\/locsshop.eu\/wp-content\/uploads\/2023\/03\/8GSL22421-1-Giselle.jpg","contentUrl":"https:\/\/locsshop.eu\/wp-content\/uploads\/2023\/03\/8GSL22421-1-Giselle.jpg","width":800,"height":800},{"@type":"BreadcrumbList","@id":"https:\/\/locsshop.eu\/shop\/beige-giselle-solbriller-toulouse\/#breadcrumb","itemListElement":[{"@type":"ListItem","position":1,"name":"Hjem","item":"https:\/\/locsshop.eu\/"},{"@type":"ListItem","position":2,"name":"Shop","item":"https:\/\/locsshop.eu\/shop\/"},{"@type":"ListItem","position":3,"name":"Beige Giselle Solbriller &#8211; Toulouse"}]},{"@type":"WebSite","@id":"https:\/\/locsshop.eu\/#website","url":"https:\/\/locsshop.eu\/","name":"Locs Sunglasses - LOCS Supplier in EU","description":"We sell cheap LOCS Sunglasses","publisher":{"@id":"https:\/\/locsshop.eu\/#organization"},"potentialAction":[{"@type":"SearchAction","target":{"@type":"EntryPoint","urlTemplate":"https:\/\/locsshop.eu\/?s={search_term_string}"},"query-input":{"@type":"PropertyValueSpecification","valueRequired":true,"valueName":"search_term_string"}}],"inLanguage":"en-GB"},{"@type":"Organization","@id":"https:\/\/locsshop.eu\/#organization","name":"Locsshop.eu","url":"https:\/\/locsshop.eu\/","logo":{"@type":"ImageObject","inLanguage":"en-GB","@id":"https:\/\/locsshop.eu\/#\/schema\/logo\/image\/","url":"https:\/\/locsshop.eu\/wp-content\/uploads\/2022\/02\/Locsshop-logo.png","contentUrl":"https:\/\/locsshop.eu\/wp-content\/uploads\/2022\/02\/Locsshop-logo.png","width":930,"height":200,"caption":"Locsshop.eu"},"image":{"@id":"https:\/\/locsshop.eu\/#\/schema\/logo\/image\/"}}]}},"_links":{"self":[{"href":"https:\/\/locsshop.eu\/en\/wp-json\/wp\/v2\/product\/9638","targetHints":{"allow":["GET"]}}],"collection":[{"href":"https:\/\/locsshop.eu\/en\/wp-json\/wp\/v2\/product"}],"about":[{"href":"https:\/\/locsshop.eu\/en\/wp-json\/wp\/v2\/types\/product"}],"replies":[{"embeddable":true,"href":"https:\/\/locsshop.eu\/en\/wp-json\/wp\/v2\/comments?post=9638"}],"wp:featuredmedia":[{"embeddable":true,"href":"https:\/\/locsshop.eu\/en\/wp-json\/wp\/v2\/media\/9639"}],"wp:attachment":[{"href":"https:\/\/locsshop.eu\/en\/wp-json\/wp\/v2\/media?parent=9638"}],"wp:term":[{"taxonomy":"product_brand","embeddable":true,"href":"https:\/\/locsshop.eu\/en\/wp-json\/wp\/v2\/product_brand?post=9638"},{"taxonomy":"product_cat","embeddable":true,"href":"https:\/\/locsshop.eu\/en\/wp-json\/wp\/v2\/product_cat?post=9638"},{"taxonomy":"product_tag","embeddable":true,"href":"https:\/\/locsshop.eu\/en\/wp-json\/wp\/v2\/product_tag?post=9638"}],"curies":[{"name":"wp","href":"https:\/\/api.w.org\/{rel}","templated":true}]}}