{"id":9674,"date":"2023-03-14T11:08:34","date_gmt":"2023-03-14T10:08:34","guid":{"rendered":"https:\/\/locsshop.eu\/shop\/aviator-koerebriller-solbriller-lopez\/"},"modified":"2025-11-27T07:41:15","modified_gmt":"2025-11-27T06:41:15","slug":"aviator-koerebriller-solbriller-lopez","status":"publish","type":"product","link":"https:\/\/locsshop.eu\/en\/shop\/aviator-koerebriller-solbriller-lopez\/","title":{"rendered":"Aviator Driving Glasses | Sunglasses \u2013 Lopez"},"content":{"rendered":"<h2>Cool Aviator Sunglasses \u2013 Amber driving glasses with Anti blue light filter<\/h2>\n<p>These black metal Aviator driving glasses have brown amber lenses that block blue light, giving you optimal vision when driving.<br \/>\nThe black matte frame with the cool details gives just the right retro Aviator look and is just super cool.<\/p>\n<p>Super driving glasses in good quality that can also be used in front of the screen as they are also anti blue light glasses.<br \/>\nThese beautiful vintage sunglasses can of course also be used as regular sunglasses as they also have a UV filter. The brown amber colored lenses give a really nice light and are pleasant to your eyes, so you can stay fresh all day.<\/p>\n<p>Rod length: 13.9cm.<br \/>\nInner width: 13.5cm.<br \/>\nHeight: 5.4cm.<\/p>\n<p>Material frame: Metal<br \/>\nSurface: Matt<br \/>\nUV400 protection<\/p>","protected":false},"excerpt":{"rendered":"<ul>\n<li>Reduces glare<\/li>\n<li>Optimizes visibility when driving<\/li>\n<li>Anti blue light filter<\/li>\n<li>Matte metal frame<\/li>\n<li>UV Protection<\/li>\n<\/ul>","protected":false},"featured_media":9675,"comment_status":"open","ping_status":"closed","template":"","meta":{"om_disable_all_campaigns":false,"_monsterinsights_skip_tracking":false,"_monsterinsights_sitenote_active":false,"_monsterinsights_sitenote_note":"","_monsterinsights_sitenote_category":0},"product_brand":[],"product_cat":[1026,1029,1051,1030,1025,1034],"product_tag":[700,777,1252,1247,1248,1249,1250,1251],"class_list":{"0":"post-9674","1":"product","2":"type-product","3":"status-publish","4":"has-post-thumbnail","6":"product_cat-dame-solbriller","7":"product_cat-herre-solbriller","8":"product_cat-skaermbriller-gaming-briller","9":"product_cat-aviator","10":"product_cat-billige-solbriller","11":"product_cat-natkoerebriller","12":"product_tag-anti-blaa-lys-briller","13":"product_tag-dkny","14":"product_tag-jb-5378","15":"product_tag-koerebriller","16":"product_tag-rav","17":"product_tag-retro","18":"product_tag-sports","19":"product_tag-vintage","21":"first","22":"instock","23":"shipping-taxable","24":"purchasable","25":"product-type-simple"},"yoast_head":"<!-- This site is optimized with the Yoast SEO plugin v27.5 - https:\/\/yoast.com\/product\/yoast-seo-wordpress\/ -->\n<title>Aviator K\u00f8rebriller | Solbriller - Lopez | K\u00f8b online her | LOCS<\/title>\n<meta name=\"description\" content=\"K\u00f8b Aviator K\u00f8rebriller | Solbriller - Lopez her | EU&#039;s st\u00f8rste udvalg af LOCS solbriller | Vi sender fra EU - Ingen ekstra import udgifter\" \/>\n<meta name=\"robots\" content=\"index, follow, max-snippet:-1, max-image-preview:large, max-video-preview:-1\" \/>\n<link rel=\"canonical\" href=\"https:\/\/locsshop.eu\/en\/shop\/aviator-koerebriller-solbriller-lopez\/\" \/>\n<meta property=\"og:locale\" content=\"en_GB\" \/>\n<meta property=\"og:type\" content=\"article\" \/>\n<meta property=\"og:title\" content=\"Aviator K\u00f8rebriller | Solbriller - Lopez | K\u00f8b online her | LOCS\" \/>\n<meta property=\"og:description\" content=\"K\u00f8b Aviator K\u00f8rebriller | Solbriller - Lopez her | EU&#039;s st\u00f8rste udvalg af LOCS solbriller | Vi sender fra EU - Ingen ekstra import udgifter\" \/>\n<meta property=\"og:url\" content=\"https:\/\/locsshop.eu\/en\/shop\/aviator-koerebriller-solbriller-lopez\/\" \/>\n<meta property=\"og:site_name\" content=\"Locs Sunglasses - LOCS Supplier in EU\" \/>\n<meta property=\"article:modified_time\" content=\"2025-11-27T06:41:15+00:00\" \/>\n<meta property=\"og:image\" content=\"https:\/\/locsshop.eu\/wp-content\/uploads\/2023\/03\/5378-aviator-vintage-sunglasses5.png\" \/>\n\t<meta property=\"og:image:width\" content=\"800\" \/>\n\t<meta property=\"og:image:height\" content=\"800\" \/>\n\t<meta property=\"og:image:type\" content=\"image\/png\" \/>\n<meta name=\"twitter:card\" content=\"summary_large_image\" \/>\n<meta name=\"twitter:label1\" content=\"Estimated reading time\" \/>\n\t<meta name=\"twitter:data1\" content=\"1 minute\" \/>\n<script type=\"application\/ld+json\" class=\"yoast-schema-graph\">{\"@context\":\"https:\\\/\\\/schema.org\",\"@graph\":[{\"@type\":\"WebPage\",\"@id\":\"https:\\\/\\\/locsshop.eu\\\/shop\\\/aviator-koerebriller-solbriller-lopez\\\/\",\"url\":\"https:\\\/\\\/locsshop.eu\\\/shop\\\/aviator-koerebriller-solbriller-lopez\\\/\",\"name\":\"Aviator K\u00f8rebriller | Solbriller - Lopez | K\u00f8b online her | LOCS\",\"isPartOf\":{\"@id\":\"https:\\\/\\\/locsshop.eu\\\/#website\"},\"primaryImageOfPage\":{\"@id\":\"https:\\\/\\\/locsshop.eu\\\/shop\\\/aviator-koerebriller-solbriller-lopez\\\/#primaryimage\"},\"image\":{\"@id\":\"https:\\\/\\\/locsshop.eu\\\/shop\\\/aviator-koerebriller-solbriller-lopez\\\/#primaryimage\"},\"thumbnailUrl\":\"https:\\\/\\\/locsshop.eu\\\/wp-content\\\/uploads\\\/2023\\\/03\\\/5378-aviator-vintage-sunglasses5.png\",\"datePublished\":\"2023-03-14T10:08:34+00:00\",\"dateModified\":\"2025-11-27T06:41:15+00:00\",\"description\":\"K\u00f8b Aviator K\u00f8rebriller | Solbriller - Lopez her | EU's st\u00f8rste udvalg af LOCS solbriller | Vi sender fra EU - Ingen ekstra import udgifter\",\"breadcrumb\":{\"@id\":\"https:\\\/\\\/locsshop.eu\\\/shop\\\/aviator-koerebriller-solbriller-lopez\\\/#breadcrumb\"},\"inLanguage\":\"en-GB\",\"potentialAction\":[{\"@type\":\"ReadAction\",\"target\":[\"https:\\\/\\\/locsshop.eu\\\/shop\\\/aviator-koerebriller-solbriller-lopez\\\/\"]}]},{\"@type\":\"ImageObject\",\"inLanguage\":\"en-GB\",\"@id\":\"https:\\\/\\\/locsshop.eu\\\/shop\\\/aviator-koerebriller-solbriller-lopez\\\/#primaryimage\",\"url\":\"https:\\\/\\\/locsshop.eu\\\/wp-content\\\/uploads\\\/2023\\\/03\\\/5378-aviator-vintage-sunglasses5.png\",\"contentUrl\":\"https:\\\/\\\/locsshop.eu\\\/wp-content\\\/uploads\\\/2023\\\/03\\\/5378-aviator-vintage-sunglasses5.png\",\"width\":800,\"height\":800},{\"@type\":\"BreadcrumbList\",\"@id\":\"https:\\\/\\\/locsshop.eu\\\/shop\\\/aviator-koerebriller-solbriller-lopez\\\/#breadcrumb\",\"itemListElement\":[{\"@type\":\"ListItem\",\"position\":1,\"name\":\"Hjem\",\"item\":\"https:\\\/\\\/locsshop.eu\\\/\"},{\"@type\":\"ListItem\",\"position\":2,\"name\":\"Shop\",\"item\":\"https:\\\/\\\/locsshop.eu\\\/shop\\\/\"},{\"@type\":\"ListItem\",\"position\":3,\"name\":\"Aviator K\u00f8rebriller | Solbriller &#8211; Lopez\"}]},{\"@type\":\"WebSite\",\"@id\":\"https:\\\/\\\/locsshop.eu\\\/#website\",\"url\":\"https:\\\/\\\/locsshop.eu\\\/\",\"name\":\"Locs Sunglasses - LOCS Supplier in EU\",\"description\":\"We sell cheap LOCS Sunglasses\",\"publisher\":{\"@id\":\"https:\\\/\\\/locsshop.eu\\\/#organization\"},\"potentialAction\":[{\"@type\":\"SearchAction\",\"target\":{\"@type\":\"EntryPoint\",\"urlTemplate\":\"https:\\\/\\\/locsshop.eu\\\/?s={search_term_string}\"},\"query-input\":{\"@type\":\"PropertyValueSpecification\",\"valueRequired\":true,\"valueName\":\"search_term_string\"}}],\"inLanguage\":\"en-GB\"},{\"@type\":\"Organization\",\"@id\":\"https:\\\/\\\/locsshop.eu\\\/#organization\",\"name\":\"Locsshop.eu\",\"url\":\"https:\\\/\\\/locsshop.eu\\\/\",\"logo\":{\"@type\":\"ImageObject\",\"inLanguage\":\"en-GB\",\"@id\":\"https:\\\/\\\/locsshop.eu\\\/#\\\/schema\\\/logo\\\/image\\\/\",\"url\":\"https:\\\/\\\/locsshop.eu\\\/wp-content\\\/uploads\\\/2022\\\/02\\\/Locsshop-logo.png\",\"contentUrl\":\"https:\\\/\\\/locsshop.eu\\\/wp-content\\\/uploads\\\/2022\\\/02\\\/Locsshop-logo.png\",\"width\":930,\"height\":200,\"caption\":\"Locsshop.eu\"},\"image\":{\"@id\":\"https:\\\/\\\/locsshop.eu\\\/#\\\/schema\\\/logo\\\/image\\\/\"}}]}<\/script>\n<!-- \/ Yoast SEO plugin. -->","yoast_head_json":{"title":"Aviator Driving Glasses | Sunglasses - Lopez | Buy online here | LOCS","description":"Buy Aviator Driving Glasses | Sunglasses - Lopez here | The EU&#039;s largest selection of LOCS sunglasses | We ship from the EU - No extra import costs","robots":{"index":"index","follow":"follow","max-snippet":"max-snippet:-1","max-image-preview":"max-image-preview:large","max-video-preview":"max-video-preview:-1"},"canonical":"https:\/\/locsshop.eu\/en\/shop\/aviator-koerebriller-solbriller-lopez\/","og_locale":"en_GB","og_type":"article","og_title":"Aviator K\u00f8rebriller | Solbriller - Lopez | K\u00f8b online her | LOCS","og_description":"K\u00f8b Aviator K\u00f8rebriller | Solbriller - Lopez her | EU's st\u00f8rste udvalg af LOCS solbriller | Vi sender fra EU - Ingen ekstra import udgifter","og_url":"https:\/\/locsshop.eu\/en\/shop\/aviator-koerebriller-solbriller-lopez\/","og_site_name":"Locs Sunglasses - LOCS Supplier in EU","article_modified_time":"2025-11-27T06:41:15+00:00","og_image":[{"width":800,"height":800,"url":"https:\/\/locsshop.eu\/wp-content\/uploads\/2023\/03\/5378-aviator-vintage-sunglasses5.png","type":"image\/png"}],"twitter_card":"summary_large_image","twitter_misc":{"Estimated reading time":"1 minute"},"schema":{"@context":"https:\/\/schema.org","@graph":[{"@type":"WebPage","@id":"https:\/\/locsshop.eu\/shop\/aviator-koerebriller-solbriller-lopez\/","url":"https:\/\/locsshop.eu\/shop\/aviator-koerebriller-solbriller-lopez\/","name":"Aviator Driving Glasses | Sunglasses - Lopez | Buy online here | LOCS","isPartOf":{"@id":"https:\/\/locsshop.eu\/#website"},"primaryImageOfPage":{"@id":"https:\/\/locsshop.eu\/shop\/aviator-koerebriller-solbriller-lopez\/#primaryimage"},"image":{"@id":"https:\/\/locsshop.eu\/shop\/aviator-koerebriller-solbriller-lopez\/#primaryimage"},"thumbnailUrl":"https:\/\/locsshop.eu\/wp-content\/uploads\/2023\/03\/5378-aviator-vintage-sunglasses5.png","datePublished":"2023-03-14T10:08:34+00:00","dateModified":"2025-11-27T06:41:15+00:00","description":"Buy Aviator Driving Glasses | Sunglasses - Lopez here | The EU&#039;s largest selection of LOCS sunglasses | We ship from the EU - No extra import costs","breadcrumb":{"@id":"https:\/\/locsshop.eu\/shop\/aviator-koerebriller-solbriller-lopez\/#breadcrumb"},"inLanguage":"en-GB","potentialAction":[{"@type":"ReadAction","target":["https:\/\/locsshop.eu\/shop\/aviator-koerebriller-solbriller-lopez\/"]}]},{"@type":"ImageObject","inLanguage":"en-GB","@id":"https:\/\/locsshop.eu\/shop\/aviator-koerebriller-solbriller-lopez\/#primaryimage","url":"https:\/\/locsshop.eu\/wp-content\/uploads\/2023\/03\/5378-aviator-vintage-sunglasses5.png","contentUrl":"https:\/\/locsshop.eu\/wp-content\/uploads\/2023\/03\/5378-aviator-vintage-sunglasses5.png","width":800,"height":800},{"@type":"BreadcrumbList","@id":"https:\/\/locsshop.eu\/shop\/aviator-koerebriller-solbriller-lopez\/#breadcrumb","itemListElement":[{"@type":"ListItem","position":1,"name":"Hjem","item":"https:\/\/locsshop.eu\/"},{"@type":"ListItem","position":2,"name":"Shop","item":"https:\/\/locsshop.eu\/shop\/"},{"@type":"ListItem","position":3,"name":"Aviator K\u00f8rebriller | Solbriller &#8211; Lopez"}]},{"@type":"WebSite","@id":"https:\/\/locsshop.eu\/#website","url":"https:\/\/locsshop.eu\/","name":"Locs Sunglasses - LOCS Supplier in EU","description":"We sell cheap LOCS Sunglasses","publisher":{"@id":"https:\/\/locsshop.eu\/#organization"},"potentialAction":[{"@type":"SearchAction","target":{"@type":"EntryPoint","urlTemplate":"https:\/\/locsshop.eu\/?s={search_term_string}"},"query-input":{"@type":"PropertyValueSpecification","valueRequired":true,"valueName":"search_term_string"}}],"inLanguage":"en-GB"},{"@type":"Organization","@id":"https:\/\/locsshop.eu\/#organization","name":"Locsshop.eu","url":"https:\/\/locsshop.eu\/","logo":{"@type":"ImageObject","inLanguage":"en-GB","@id":"https:\/\/locsshop.eu\/#\/schema\/logo\/image\/","url":"https:\/\/locsshop.eu\/wp-content\/uploads\/2022\/02\/Locsshop-logo.png","contentUrl":"https:\/\/locsshop.eu\/wp-content\/uploads\/2022\/02\/Locsshop-logo.png","width":930,"height":200,"caption":"Locsshop.eu"},"image":{"@id":"https:\/\/locsshop.eu\/#\/schema\/logo\/image\/"}}]}},"_links":{"self":[{"href":"https:\/\/locsshop.eu\/en\/wp-json\/wp\/v2\/product\/9674","targetHints":{"allow":["GET"]}}],"collection":[{"href":"https:\/\/locsshop.eu\/en\/wp-json\/wp\/v2\/product"}],"about":[{"href":"https:\/\/locsshop.eu\/en\/wp-json\/wp\/v2\/types\/product"}],"replies":[{"embeddable":true,"href":"https:\/\/locsshop.eu\/en\/wp-json\/wp\/v2\/comments?post=9674"}],"wp:featuredmedia":[{"embeddable":true,"href":"https:\/\/locsshop.eu\/en\/wp-json\/wp\/v2\/media\/9675"}],"wp:attachment":[{"href":"https:\/\/locsshop.eu\/en\/wp-json\/wp\/v2\/media?parent=9674"}],"wp:term":[{"taxonomy":"product_brand","embeddable":true,"href":"https:\/\/locsshop.eu\/en\/wp-json\/wp\/v2\/product_brand?post=9674"},{"taxonomy":"product_cat","embeddable":true,"href":"https:\/\/locsshop.eu\/en\/wp-json\/wp\/v2\/product_cat?post=9674"},{"taxonomy":"product_tag","embeddable":true,"href":"https:\/\/locsshop.eu\/en\/wp-json\/wp\/v2\/product_tag?post=9674"}],"curies":[{"name":"wp","href":"https:\/\/api.w.org\/{rel}","templated":true}]}}